{"id":17807,"date":"2022-05-19T15:47:19","date_gmt":"2022-05-19T15:47:19","guid":{"rendered":"https:\/\/arbrea-labs.com\/?post_type=product&#038;p=17807"},"modified":"2025-09-19T12:10:58","modified_gmt":"2025-09-19T10:10:58","slug":"arbrea-face-lite","status":"publish","type":"product","link":"https:\/\/arbrea-labs.com\/pt\/product\/arbrea-face-lite\/","title":{"rendered":"Arbrea Face LITE"},"content":{"rendered":"<p data-start=\"221\" data-end=\"621\">O Arbrea Face Lite traz o futuro das consultas de est\u00e9tica facial diretamente para seu iPhone ou iPad. Essa ferramenta leve e poderosa usa realidade aumentada de \u00faltima gera\u00e7\u00e3o para ajudar cirurgi\u00f5es e pacientes a explorar as possibilidades de tratamento de forma interativa, acess\u00edvel e envolvente. Sem a necessidade de hardware adicional, o Arbrea Face facilita a obten\u00e7\u00e3o de resultados profissionais a qualquer hora e em qualquer lugar.<\/p>\n<h2 data-start=\"623\" data-end=\"640\">Principais recursos<\/h2>\n<ul data-start=\"642\" data-end=\"1205\">\n<li data-start=\"642\" data-end=\"827\">\n<p data-start=\"644\" data-end=\"827\"><strong data-start=\"644\" data-end=\"675\">Compatibilidade com iPhone e iPad<\/strong><br data-start=\"675\" data-end=\"678\" \/>Projetado para funcionar perfeitamente em dispositivos m\u00f3veis, dando a voc\u00ea a liberdade de realizar consultas na cl\u00ednica, durante eventos ou at\u00e9 mesmo em tr\u00e2nsito.<\/p>\n<\/li>\n<li data-start=\"829\" data-end=\"1023\">\n<p data-start=\"831\" data-end=\"1023\"><strong data-start=\"831\" data-end=\"849\">Live Mirror AR<\/strong><br data-start=\"849\" data-end=\"852\" \/>Crie um efeito de \u201cespelho m\u00e1gico\u201d em tempo real em que os pacientes possam ver os poss\u00edveis resultados refletidos diretamente em seu pr\u00f3prio rosto, tornando a experi\u00eancia imersiva e impactante.<\/p>\n<\/li>\n<li data-start=\"1025\" data-end=\"1205\">\n<p data-start=\"1027\" data-end=\"1205\"><strong data-start=\"1027\" data-end=\"1044\">Modo de imagem AR<\/strong><br data-start=\"1044\" data-end=\"1047\" \/>Capture visualiza\u00e7\u00f5es realistas de realidade aumentada em imagens est\u00e1ticas, permitindo compara\u00e7\u00f5es claras lado a lado e f\u00e1cil comunica\u00e7\u00e3o de acompanhamento com os pacientes.<\/p>\n<\/li>\n<\/ul>\n<h2 data-start=\"853\" data-end=\"886\">Por que escolher o Arbrea Face Lite?<\/h2>\n<p data-start=\"1241\" data-end=\"1713\">Arbrea <a href=\"https:\/\/arbrea-labs.com\/pt\/rosto\/\">Rosto<\/a> Lite \u00e9 a solu\u00e7\u00e3o de n\u00edvel b\u00e1sico perfeita para cl\u00ednicas que desejam integrar <strong data-start=\"1329\" data-end=\"1376\">realidade aumentada em consultas faciais<\/strong>. Sua configura\u00e7\u00e3o compat\u00edvel com dispositivos m\u00f3veis o torna altamente adapt\u00e1vel, enquanto sua interface intuitiva garante que tanto os cirurgi\u00f5es quanto os pacientes possam se concentrar no que mais importa: visualizar os resultados com clareza e confian\u00e7a. Ao ajudar os pacientes a entender melhor suas op\u00e7\u00f5es, o Arbrea Face Lite oferece suporte a <strong data-start=\"1656\" data-end=\"1710\">confian\u00e7a, transpar\u00eancia e melhores taxas de convers\u00e3o<\/strong>.<\/p>","protected":false},"excerpt":{"rendered":"<p data-start=\"1234\" data-end=\"1314\"><strong data-start=\"1234\" data-end=\"1312\">A ferramenta de AR essencial para consultas faciais simples, envolventes e m\u00f3veis.<br \/>\n<\/strong><\/p>\n<ul>\n<li>Uso do iPhone e do iPad<\/li>\n<li>Live Mirror AR<\/li>\n<li>Modo de imagem AR<strong data-start=\"1234\" data-end=\"1312\"><br \/>\n<\/strong><\/li>\n<\/ul>","protected":false},"featured_media":53808,"template":"","meta":[],"product_brand":[],"product_cat":[255],"product_tag":[260,258,259],"class_list":{"0":"post-17807","1":"product","2":"type-product","3":"status-publish","4":"has-post-thumbnail","5":"product_cat-arbrea-face-tool","6":"product_tag-arbrea-face-advanced","7":"product_tag-arbrea-face-tool","8":"product_tag-face-simulator","10":"first","11":"instock","12":"taxable","13":"shipping-taxable","14":"purchasable","15":"product-type-variable-subscription"},"yoast_head":"<!-- This site is optimized with the Yoast SEO Premium plugin v27.3 (Yoast SEO v27.4) - https:\/\/yoast.com\/product\/yoast-seo-premium-wordpress\/ -->\n<title>Arbrea Face LITE - Arbrea Labs<\/title>\n<meta name=\"description\" content=\"Arbrea Face LITE: mobile AR tool for iPhone &amp; iPad with Live Mirror and AR Image Mode to enhance patient consultations and boost conversions\" \/>\n<meta name=\"robots\" content=\"index, follow, max-snippet:-1, max-image-preview:large, max-video-preview:-1\" \/>\n<link rel=\"canonical\" href=\"https:\/\/arbrea-labs.com\/pt\/produto\/arbrea-face-lite\/\" \/>\n<meta property=\"og:locale\" content=\"pt_BR\" \/>\n<meta property=\"og:type\" content=\"article\" \/>\n<meta property=\"og:title\" content=\"Arbrea Face LITE\" \/>\n<meta property=\"og:description\" content=\"Arbrea Face LITE: mobile AR tool for iPhone &amp; iPad with Live Mirror and AR Image Mode to enhance patient consultations and boost conversions\" \/>\n<meta property=\"og:url\" content=\"https:\/\/arbrea-labs.com\/pt\/produto\/arbrea-face-lite\/\" \/>\n<meta property=\"og:site_name\" content=\"Arbrea Labs\" \/>\n<meta property=\"article:publisher\" content=\"https:\/\/www.facebook.com\/arbrealabs\" \/>\n<meta property=\"article:modified_time\" content=\"2025-09-19T10:10:58+00:00\" \/>\n<meta property=\"og:image\" content=\"https:\/\/arbrea-labs.com\/wp-content\/uploads\/2022\/05\/9.png\" \/>\n\t<meta property=\"og:image:width\" content=\"1080\" \/>\n\t<meta property=\"og:image:height\" content=\"1080\" \/>\n\t<meta property=\"og:image:type\" content=\"image\/png\" \/>\n<meta name=\"twitter:card\" content=\"summary_large_image\" \/>\n<meta name=\"twitter:label1\" content=\"Est. tempo de leitura\" \/>\n\t<meta name=\"twitter:data1\" content=\"2 minutos\" \/>\n<script type=\"application\/ld+json\" class=\"yoast-schema-graph\">{\"@context\":\"https:\\\/\\\/schema.org\",\"@graph\":[{\"@type\":\"WebPage\",\"@id\":\"https:\\\/\\\/arbrea-labs.com\\\/product\\\/arbrea-face-lite\\\/\",\"url\":\"https:\\\/\\\/arbrea-labs.com\\\/product\\\/arbrea-face-lite\\\/\",\"name\":\"Arbrea Face LITE - Arbrea Labs\",\"isPartOf\":{\"@id\":\"https:\\\/\\\/arbrea-labs.com\\\/#website\"},\"primaryImageOfPage\":{\"@id\":\"https:\\\/\\\/arbrea-labs.com\\\/product\\\/arbrea-face-lite\\\/#primaryimage\"},\"image\":{\"@id\":\"https:\\\/\\\/arbrea-labs.com\\\/product\\\/arbrea-face-lite\\\/#primaryimage\"},\"thumbnailUrl\":\"https:\\\/\\\/arbrea-labs.com\\\/wp-content\\\/uploads\\\/2022\\\/05\\\/9.png\",\"datePublished\":\"2022-05-19T15:47:19+00:00\",\"dateModified\":\"2025-09-19T10:10:58+00:00\",\"description\":\"Arbrea Face LITE: mobile AR tool for iPhone & iPad with Live Mirror and AR Image Mode to enhance patient consultations and boost conversions\",\"breadcrumb\":{\"@id\":\"https:\\\/\\\/arbrea-labs.com\\\/product\\\/arbrea-face-lite\\\/#breadcrumb\"},\"inLanguage\":\"pt-BR\",\"potentialAction\":[{\"@type\":\"ReadAction\",\"target\":[\"https:\\\/\\\/arbrea-labs.com\\\/product\\\/arbrea-face-lite\\\/\"]}]},{\"@type\":\"ImageObject\",\"inLanguage\":\"pt-BR\",\"@id\":\"https:\\\/\\\/arbrea-labs.com\\\/product\\\/arbrea-face-lite\\\/#primaryimage\",\"url\":\"https:\\\/\\\/arbrea-labs.com\\\/wp-content\\\/uploads\\\/2022\\\/05\\\/9.png\",\"contentUrl\":\"https:\\\/\\\/arbrea-labs.com\\\/wp-content\\\/uploads\\\/2022\\\/05\\\/9.png\",\"width\":1080,\"height\":1080,\"caption\":\"Arbrea Face LITE\"},{\"@type\":\"BreadcrumbList\",\"@id\":\"https:\\\/\\\/arbrea-labs.com\\\/product\\\/arbrea-face-lite\\\/#breadcrumb\",\"itemListElement\":[{\"@type\":\"ListItem\",\"position\":1,\"name\":\"Home\",\"item\":\"https:\\\/\\\/arbrea-labs.com\\\/\"},{\"@type\":\"ListItem\",\"position\":2,\"name\":\"Shop\",\"item\":\"https:\\\/\\\/arbrea-labs.com\\\/shop\\\/\"},{\"@type\":\"ListItem\",\"position\":3,\"name\":\"Arbrea Face LITE\"}]},{\"@type\":\"WebSite\",\"@id\":\"https:\\\/\\\/arbrea-labs.com\\\/#website\",\"url\":\"https:\\\/\\\/arbrea-labs.com\\\/\",\"name\":\"Arbrea Labs\",\"description\":\"Augmented Reality &amp; 3D Solutions for Aesthetics\",\"publisher\":{\"@id\":\"https:\\\/\\\/arbrea-labs.com\\\/#organization\"},\"alternateName\":\"Arbrea\",\"potentialAction\":[{\"@type\":\"SearchAction\",\"target\":{\"@type\":\"EntryPoint\",\"urlTemplate\":\"https:\\\/\\\/arbrea-labs.com\\\/?s={search_term_string}\"},\"query-input\":{\"@type\":\"PropertyValueSpecification\",\"valueRequired\":true,\"valueName\":\"search_term_string\"}}],\"inLanguage\":\"pt-BR\"},{\"@type\":\"Organization\",\"@id\":\"https:\\\/\\\/arbrea-labs.com\\\/#organization\",\"name\":\"Arbrea Labs\",\"alternateName\":\"Arbrea\",\"url\":\"https:\\\/\\\/arbrea-labs.com\\\/\",\"logo\":{\"@type\":\"ImageObject\",\"inLanguage\":\"pt-BR\",\"@id\":\"https:\\\/\\\/arbrea-labs.com\\\/#\\\/schema\\\/logo\\\/image\\\/\",\"url\":\"https:\\\/\\\/arbrea-labs.com\\\/wp-content\\\/uploads\\\/2022\\\/01\\\/logo_arbrea_LABS-01-1-e1641392734450.png\",\"contentUrl\":\"https:\\\/\\\/arbrea-labs.com\\\/wp-content\\\/uploads\\\/2022\\\/01\\\/logo_arbrea_LABS-01-1-e1641392734450.png\",\"width\":2000,\"height\":750,\"caption\":\"Arbrea Labs\"},\"image\":{\"@id\":\"https:\\\/\\\/arbrea-labs.com\\\/#\\\/schema\\\/logo\\\/image\\\/\"},\"sameAs\":[\"https:\\\/\\\/www.facebook.com\\\/arbrealabs\",\"https:\\\/\\\/www.instagram.com\\\/arbrealabs\\\/\",\"https:\\\/\\\/www.linkedin.com\\\/company\\\/arbrea-labs-ag\\\/\",\"https:\\\/\\\/www.youtube.com\\\/channel\\\/UCbHN9gofXJv8rMAHcAguTcg\"],\"description\":\"Arbrea Labs leads the way in blending advanced AI technology with personalized healthcare. Our fast, simple and safe Augmented Reality & 3D simulators optimize consultations, saving time and enhancing patient education. Meanwhile, our AR-driven marketing booster enhances patient journeys, maximizing marketing ROI and fostering efficient lead generation. Join us as we shape the future of aesthetic healthcare.\",\"email\":\"info@arbrea-labs.com\",\"legalName\":\"Arbrea Labs AG\",\"foundingDate\":\"2018-03-04\",\"vatID\":\"CHE-292.633.177\",\"numberOfEmployees\":{\"@type\":\"QuantitativeValue\",\"minValue\":\"11\",\"maxValue\":\"50\"}}]}<\/script>\n<!-- \/ Yoast SEO Premium plugin. -->","yoast_head_json":{"title":"Arbrea Face LITE - Arbrea Labs","description":"Arbrea Face LITE: ferramenta de AR m\u00f3vel para iPhone e iPad com Live Mirror e AR Image Mode para aprimorar as consultas dos pacientes e aumentar as convers\u00f5es","robots":{"index":"index","follow":"follow","max-snippet":"max-snippet:-1","max-image-preview":"max-image-preview:large","max-video-preview":"max-video-preview:-1"},"canonical":"https:\/\/arbrea-labs.com\/pt\/produto\/arbrea-face-lite\/","og_locale":"pt_BR","og_type":"article","og_title":"Arbrea Face LITE","og_description":"Arbrea Face LITE: mobile AR tool for iPhone & iPad with Live Mirror and AR Image Mode to enhance patient consultations and boost conversions","og_url":"https:\/\/arbrea-labs.com\/pt\/produto\/arbrea-face-lite\/","og_site_name":"Arbrea Labs","article_publisher":"https:\/\/www.facebook.com\/arbrealabs","article_modified_time":"2025-09-19T10:10:58+00:00","og_image":[{"width":1080,"height":1080,"url":"https:\/\/arbrea-labs.com\/wp-content\/uploads\/2022\/05\/9.png","type":"image\/png"}],"twitter_card":"summary_large_image","twitter_misc":{"Est. tempo de leitura":"2 minutos"},"schema":{"@context":"https:\/\/schema.org","@graph":[{"@type":"WebPage","@id":"https:\/\/arbrea-labs.com\/product\/arbrea-face-lite\/","url":"https:\/\/arbrea-labs.com\/product\/arbrea-face-lite\/","name":"Arbrea Face LITE - Arbrea Labs","isPartOf":{"@id":"https:\/\/arbrea-labs.com\/#website"},"primaryImageOfPage":{"@id":"https:\/\/arbrea-labs.com\/product\/arbrea-face-lite\/#primaryimage"},"image":{"@id":"https:\/\/arbrea-labs.com\/product\/arbrea-face-lite\/#primaryimage"},"thumbnailUrl":"https:\/\/arbrea-labs.com\/wp-content\/uploads\/2022\/05\/9.png","datePublished":"2022-05-19T15:47:19+00:00","dateModified":"2025-09-19T10:10:58+00:00","description":"Arbrea Face LITE: ferramenta de AR m\u00f3vel para iPhone e iPad com Live Mirror e AR Image Mode para aprimorar as consultas dos pacientes e aumentar as convers\u00f5es","breadcrumb":{"@id":"https:\/\/arbrea-labs.com\/product\/arbrea-face-lite\/#breadcrumb"},"inLanguage":"pt-BR","potentialAction":[{"@type":"ReadAction","target":["https:\/\/arbrea-labs.com\/product\/arbrea-face-lite\/"]}]},{"@type":"ImageObject","inLanguage":"pt-BR","@id":"https:\/\/arbrea-labs.com\/product\/arbrea-face-lite\/#primaryimage","url":"https:\/\/arbrea-labs.com\/wp-content\/uploads\/2022\/05\/9.png","contentUrl":"https:\/\/arbrea-labs.com\/wp-content\/uploads\/2022\/05\/9.png","width":1080,"height":1080,"caption":"Arbrea Face LITE"},{"@type":"BreadcrumbList","@id":"https:\/\/arbrea-labs.com\/product\/arbrea-face-lite\/#breadcrumb","itemListElement":[{"@type":"ListItem","position":1,"name":"Home","item":"https:\/\/arbrea-labs.com\/"},{"@type":"ListItem","position":2,"name":"Shop","item":"https:\/\/arbrea-labs.com\/shop\/"},{"@type":"ListItem","position":3,"name":"Arbrea Face LITE"}]},{"@type":"WebSite","@id":"https:\/\/arbrea-labs.com\/#website","url":"https:\/\/arbrea-labs.com\/","name":"Laborat\u00f3rios Arbrea","description":"Solu\u00e7\u00f5es de Realidade Aumentada e 3D para Est\u00e9tica","publisher":{"@id":"https:\/\/arbrea-labs.com\/#organization"},"alternateName":"Arbrea","potentialAction":[{"@type":"SearchAction","target":{"@type":"EntryPoint","urlTemplate":"https:\/\/arbrea-labs.com\/?s={search_term_string}"},"query-input":{"@type":"PropertyValueSpecification","valueRequired":true,"valueName":"search_term_string"}}],"inLanguage":"pt-BR"},{"@type":"Organization","@id":"https:\/\/arbrea-labs.com\/#organization","name":"Laborat\u00f3rios Arbrea","alternateName":"Arbrea","url":"https:\/\/arbrea-labs.com\/","logo":{"@type":"ImageObject","inLanguage":"pt-BR","@id":"https:\/\/arbrea-labs.com\/#\/schema\/logo\/image\/","url":"https:\/\/arbrea-labs.com\/wp-content\/uploads\/2022\/01\/logo_arbrea_LABS-01-1-e1641392734450.png","contentUrl":"https:\/\/arbrea-labs.com\/wp-content\/uploads\/2022\/01\/logo_arbrea_LABS-01-1-e1641392734450.png","width":2000,"height":750,"caption":"Arbrea Labs"},"image":{"@id":"https:\/\/arbrea-labs.com\/#\/schema\/logo\/image\/"},"sameAs":["https:\/\/www.facebook.com\/arbrealabs","https:\/\/www.instagram.com\/arbrealabs\/","https:\/\/www.linkedin.com\/company\/arbrea-labs-ag\/","https:\/\/www.youtube.com\/channel\/UCbHN9gofXJv8rMAHcAguTcg"],"description":"A Arbrea Labs \u00e9 l\u00edder na combina\u00e7\u00e3o de tecnologia avan\u00e7ada de IA com cuidados de sa\u00fade personalizados. Nossos simuladores de Realidade Aumentada e 3D r\u00e1pidos, simples e seguros otimizam as consultas, economizando tempo e aprimorando a educa\u00e7\u00e3o do paciente. Enquanto isso, nosso impulsionador de marketing orientado por AR aprimora as jornadas dos pacientes, maximizando o ROI de marketing e promovendo a gera\u00e7\u00e3o eficiente de leads. Junte-se a n\u00f3s para moldar o futuro da sa\u00fade est\u00e9tica.","email":"info@arbrea-labs.com","legalName":"Arbrea Labs AG","foundingDate":"2018-03-04","vatID":"CHE-292.633.177","numberOfEmployees":{"@type":"QuantitativeValue","minValue":"11","maxValue":"50"}}]}},"_links":{"self":[{"href":"https:\/\/arbrea-labs.com\/pt\/wp-json\/wp\/v2\/product\/17807","targetHints":{"allow":["GET"]}}],"collection":[{"href":"https:\/\/arbrea-labs.com\/pt\/wp-json\/wp\/v2\/product"}],"about":[{"href":"https:\/\/arbrea-labs.com\/pt\/wp-json\/wp\/v2\/types\/product"}],"wp:featuredmedia":[{"embeddable":true,"href":"https:\/\/arbrea-labs.com\/pt\/wp-json\/wp\/v2\/media\/53808"}],"wp:attachment":[{"href":"https:\/\/arbrea-labs.com\/pt\/wp-json\/wp\/v2\/media?parent=17807"}],"wp:term":[{"taxonomy":"product_brand","embeddable":true,"href":"https:\/\/arbrea-labs.com\/pt\/wp-json\/wp\/v2\/product_brand?post=17807"},{"taxonomy":"product_cat","embeddable":true,"href":"https:\/\/arbrea-labs.com\/pt\/wp-json\/wp\/v2\/product_cat?post=17807"},{"taxonomy":"product_tag","embeddable":true,"href":"https:\/\/arbrea-labs.com\/pt\/wp-json\/wp\/v2\/product_tag?post=17807"}],"curies":[{"name":"wp","href":"https:\/\/api.w.org\/{rel}","templated":true}]}}