{"id":17795,"date":"2022-05-18T11:31:37","date_gmt":"2022-05-18T11:31:37","guid":{"rendered":"https:\/\/arbrea-labs.com\/?post_type=product&#038;p=17795"},"modified":"2025-09-19T10:59:13","modified_gmt":"2025-09-19T08:59:13","slug":"arbrea-breast-pro","status":"publish","type":"product","link":"https:\/\/arbrea-labs.com\/pt\/product\/arbrea-breast-pro\/","title":{"rendered":"Arbrea Breast PRO"},"content":{"rendered":"<p data-start=\"133\" data-end=\"181\"><strong data-start=\"133\" data-end=\"179\">Profissional. Completo. Orientado para a convers\u00e3o.<\/strong><\/p>\n<p data-start=\"183\" data-end=\"569\">O Arbrea Breast Pro \u00e9 a solu\u00e7\u00e3o definitiva para cirurgi\u00f5es que desejam combinar tecnologia 3D e AR avan\u00e7ada com ferramentas de envolvimento do paciente que impulsionam o crescimento da cl\u00ednica. Al\u00e9m do servi\u00e7o personalizado, das simula\u00e7\u00f5es precisas e do acesso completo ao cat\u00e1logo de implantes, o Arbrea Pro integra <strong data-start=\"455\" data-end=\"477\"><a href=\"https:\/\/arbrea-labs.com\/pt\/lindapp\/\">Lindapp<\/a> para mama<\/strong>, o aplicativo voltado para o paciente que ajuda a atrair leads qualificados e aumentar as taxas de convers\u00e3o.<\/p>\n<h2 data-start=\"571\" data-end=\"588\">Principais recursos<\/h2>\n<ul data-start=\"590\" data-end=\"1420\">\n<li data-start=\"590\" data-end=\"696\">\n<p data-start=\"592\" data-end=\"696\"><strong data-start=\"592\" data-end=\"616\">Servi\u00e7o personalizado<\/strong><br data-start=\"616\" data-end=\"619\" \/>Integra\u00e7\u00e3o e suporte dedicados para garantir o m\u00e1ximo valor para sua cl\u00ednica.<\/p>\n<\/li>\n<li data-start=\"698\" data-end=\"810\">\n<p data-start=\"700\" data-end=\"810\"><strong data-start=\"700\" data-end=\"737\">Simula\u00e7\u00e3o de aumento de seios em 3D<\/strong><br data-start=\"737\" data-end=\"740\" \/>Fornecer aos pacientes visualiza\u00e7\u00f5es realistas dos resultados do aumento.<\/p>\n<\/li>\n<li data-start=\"812\" data-end=\"928\">\n<p data-start=\"814\" data-end=\"928\"><strong data-start=\"814\" data-end=\"848\">Simula\u00e7\u00e3o de redu\u00e7\u00e3o de mama em 3D<\/strong><br data-start=\"848\" data-end=\"851\" \/>Mostre resultados de redu\u00e7\u00e3o precisos para ajudar os pacientes a tomar decis\u00f5es informadas.<\/p>\n<\/li>\n<li data-start=\"930\" data-end=\"1031\">\n<p data-start=\"932\" data-end=\"1031\"><strong data-start=\"932\" data-end=\"958\">Cat\u00e1logo completo de implantes<\/strong><br data-start=\"958\" data-end=\"961\" \/>Acesse todas as marcas de implantes do mercado para personalizar os planos de tratamento.<\/p>\n<\/li>\n<li data-start=\"1033\" data-end=\"1139\">\n<p data-start=\"1035\" data-end=\"1139\"><strong data-start=\"1035\" data-end=\"1056\">Realidade aumentada<\/strong><br data-start=\"1056\" data-end=\"1059\" \/>Envolva os pacientes com visualiza\u00e7\u00e3o de AR em tempo real para consultas imersivas.<\/p>\n<\/li>\n<li data-start=\"1141\" data-end=\"1258\">\n<p data-start=\"1143\" data-end=\"1258\"><strong data-start=\"1143\" data-end=\"1191\">Medi\u00e7\u00f5es autom\u00e1ticas e c\u00e1lculos de volume<\/strong><br data-start=\"1191\" data-end=\"1194\" \/>Economize tempo e melhore a precis\u00e3o com dados anat\u00f4micos instant\u00e2neos.<\/p>\n<\/li>\n<li data-start=\"1260\" data-end=\"1420\">\n<p data-start=\"1262\" data-end=\"1420\"><strong data-start=\"1262\" data-end=\"1300\">Lindapp for Breast (aplicativo para pacientes)<\/strong><br data-start=\"1300\" data-end=\"1303\" \/>Capture leads mais qualificados, estimule o interesse dos pacientes e aumente as convers\u00f5es com o aplicativo m\u00f3vel dedicado da Arbrea.<\/p>\n<\/li>\n<\/ul>\n<h2 data-start=\"1422\" data-end=\"1456\">Por que escolher o Arbrea Breast Pro?<\/h2>\n<p data-start=\"1457\" data-end=\"1755\">O Arbrea Breast Pro foi projetado para cl\u00ednicas que desejam <strong data-start=\"1509\" data-end=\"1567\">tecnologia de ponta e ferramentas de crescimento de neg\u00f3cios<\/strong>. Combinando simula\u00e7\u00f5es avan\u00e7adas com os recursos de envolvimento do paciente do Lindapp, esse plano ajuda os cirurgi\u00f5es a criar relacionamentos mais fortes, simplificar as consultas e aumentar as convers\u00f5es.<\/p>","protected":false},"excerpt":{"rendered":"<p><strong>A escolha profissional para cirurgi\u00f5es que desejam expandir sua pr\u00e1tica com inova\u00e7\u00e3o e envolvimento do paciente.<\/strong><\/p>\n<ul>\n<li>Servi\u00e7o personalizado<\/li>\n<li>Simula\u00e7\u00e3o de aumento de seios em 3D<\/li>\n<li>Simula\u00e7\u00e3o de redu\u00e7\u00e3o de mama em 3D<\/li>\n<li>Cat\u00e1logo completo de implantes (todas as marcas)<\/li>\n<li>Realidade aumentada<\/li>\n<li>Medi\u00e7\u00f5es anat\u00f4micas autom\u00e1ticas<\/li>\n<li>C\u00e1lculos de volume<\/li>\n<li>Lindapp for Breast - aplicativo de pacientes para gera\u00e7\u00e3o e convers\u00e3o de leads<\/li>\n<\/ul>","protected":false},"featured_media":53806,"template":"","meta":[],"product_brand":[],"product_cat":[247],"product_tag":[250,251],"class_list":{"0":"post-17795","1":"product","2":"type-product","3":"status-publish","4":"has-post-thumbnail","5":"product_cat-arbrea-breast-tool","6":"product_tag-arbrea-breast-tool","7":"product_tag-breast-simulator","9":"first","10":"instock","11":"taxable","12":"shipping-taxable","13":"purchasable","14":"product-type-variable-subscription"},"yoast_head":"<!-- This site is optimized with the Yoast SEO Premium plugin v27.3 (Yoast SEO v27.4) - https:\/\/yoast.com\/product\/yoast-seo-premium-wordpress\/ -->\n<title>Arbrea Breast PRO - Arbrea Labs<\/title>\n<meta name=\"description\" content=\"Arbrea Breast Pro: the complete 3D &amp; AR solution with full implant catalogue, personalized service, and Lindapp to capture more leads and boost conversions\" \/>\n<meta name=\"robots\" content=\"index, follow, max-snippet:-1, max-image-preview:large, max-video-preview:-1\" \/>\n<link rel=\"canonical\" href=\"https:\/\/arbrea-labs.com\/pt\/produto\/arbrea-breast-pro\/\" \/>\n<meta property=\"og:locale\" content=\"pt_BR\" \/>\n<meta property=\"og:type\" content=\"article\" \/>\n<meta property=\"og:title\" content=\"Arbrea Breast PRO\" \/>\n<meta property=\"og:description\" content=\"Arbrea Breast Pro: the complete 3D &amp; AR solution with full implant catalogue, personalized service, and Lindapp to capture more leads and boost conversions\" \/>\n<meta property=\"og:url\" content=\"https:\/\/arbrea-labs.com\/pt\/produto\/arbrea-breast-pro\/\" \/>\n<meta property=\"og:site_name\" content=\"Arbrea Labs\" \/>\n<meta property=\"article:publisher\" content=\"https:\/\/www.facebook.com\/arbrealabs\" \/>\n<meta property=\"article:modified_time\" content=\"2025-09-19T08:59:13+00:00\" \/>\n<meta property=\"og:image\" content=\"https:\/\/arbrea-labs.com\/wp-content\/uploads\/2022\/05\/7-1.png\" \/>\n\t<meta property=\"og:image:width\" content=\"1080\" \/>\n\t<meta property=\"og:image:height\" content=\"1080\" \/>\n\t<meta property=\"og:image:type\" content=\"image\/png\" \/>\n<meta name=\"twitter:card\" content=\"summary_large_image\" \/>\n<meta name=\"twitter:label1\" content=\"Est. tempo de leitura\" \/>\n\t<meta name=\"twitter:data1\" content=\"2 minutos\" \/>\n<script type=\"application\/ld+json\" class=\"yoast-schema-graph\">{\"@context\":\"https:\\\/\\\/schema.org\",\"@graph\":[{\"@type\":\"WebPage\",\"@id\":\"https:\\\/\\\/arbrea-labs.com\\\/product\\\/arbrea-breast-pro\\\/\",\"url\":\"https:\\\/\\\/arbrea-labs.com\\\/product\\\/arbrea-breast-pro\\\/\",\"name\":\"Arbrea Breast PRO - Arbrea Labs\",\"isPartOf\":{\"@id\":\"https:\\\/\\\/arbrea-labs.com\\\/#website\"},\"primaryImageOfPage\":{\"@id\":\"https:\\\/\\\/arbrea-labs.com\\\/product\\\/arbrea-breast-pro\\\/#primaryimage\"},\"image\":{\"@id\":\"https:\\\/\\\/arbrea-labs.com\\\/product\\\/arbrea-breast-pro\\\/#primaryimage\"},\"thumbnailUrl\":\"https:\\\/\\\/arbrea-labs.com\\\/wp-content\\\/uploads\\\/2022\\\/05\\\/7-1.png\",\"datePublished\":\"2022-05-18T11:31:37+00:00\",\"dateModified\":\"2025-09-19T08:59:13+00:00\",\"description\":\"Arbrea Breast Pro: the complete 3D & AR solution with full implant catalogue, personalized service, and Lindapp to capture more leads and boost conversions\",\"breadcrumb\":{\"@id\":\"https:\\\/\\\/arbrea-labs.com\\\/product\\\/arbrea-breast-pro\\\/#breadcrumb\"},\"inLanguage\":\"pt-BR\",\"potentialAction\":[{\"@type\":\"ReadAction\",\"target\":[\"https:\\\/\\\/arbrea-labs.com\\\/product\\\/arbrea-breast-pro\\\/\"]}]},{\"@type\":\"ImageObject\",\"inLanguage\":\"pt-BR\",\"@id\":\"https:\\\/\\\/arbrea-labs.com\\\/product\\\/arbrea-breast-pro\\\/#primaryimage\",\"url\":\"https:\\\/\\\/arbrea-labs.com\\\/wp-content\\\/uploads\\\/2022\\\/05\\\/7-1.png\",\"contentUrl\":\"https:\\\/\\\/arbrea-labs.com\\\/wp-content\\\/uploads\\\/2022\\\/05\\\/7-1.png\",\"width\":1080,\"height\":1080,\"caption\":\"Arbrea Breast Pro\"},{\"@type\":\"BreadcrumbList\",\"@id\":\"https:\\\/\\\/arbrea-labs.com\\\/product\\\/arbrea-breast-pro\\\/#breadcrumb\",\"itemListElement\":[{\"@type\":\"ListItem\",\"position\":1,\"name\":\"Home\",\"item\":\"https:\\\/\\\/arbrea-labs.com\\\/\"},{\"@type\":\"ListItem\",\"position\":2,\"name\":\"Shop\",\"item\":\"https:\\\/\\\/arbrea-labs.com\\\/shop\\\/\"},{\"@type\":\"ListItem\",\"position\":3,\"name\":\"Arbrea Breast PRO\"}]},{\"@type\":\"WebSite\",\"@id\":\"https:\\\/\\\/arbrea-labs.com\\\/#website\",\"url\":\"https:\\\/\\\/arbrea-labs.com\\\/\",\"name\":\"Arbrea Labs\",\"description\":\"Augmented Reality &amp; 3D Solutions for Aesthetics\",\"publisher\":{\"@id\":\"https:\\\/\\\/arbrea-labs.com\\\/#organization\"},\"alternateName\":\"Arbrea\",\"potentialAction\":[{\"@type\":\"SearchAction\",\"target\":{\"@type\":\"EntryPoint\",\"urlTemplate\":\"https:\\\/\\\/arbrea-labs.com\\\/?s={search_term_string}\"},\"query-input\":{\"@type\":\"PropertyValueSpecification\",\"valueRequired\":true,\"valueName\":\"search_term_string\"}}],\"inLanguage\":\"pt-BR\"},{\"@type\":\"Organization\",\"@id\":\"https:\\\/\\\/arbrea-labs.com\\\/#organization\",\"name\":\"Arbrea Labs\",\"alternateName\":\"Arbrea\",\"url\":\"https:\\\/\\\/arbrea-labs.com\\\/\",\"logo\":{\"@type\":\"ImageObject\",\"inLanguage\":\"pt-BR\",\"@id\":\"https:\\\/\\\/arbrea-labs.com\\\/#\\\/schema\\\/logo\\\/image\\\/\",\"url\":\"https:\\\/\\\/arbrea-labs.com\\\/wp-content\\\/uploads\\\/2022\\\/01\\\/logo_arbrea_LABS-01-1-e1641392734450.png\",\"contentUrl\":\"https:\\\/\\\/arbrea-labs.com\\\/wp-content\\\/uploads\\\/2022\\\/01\\\/logo_arbrea_LABS-01-1-e1641392734450.png\",\"width\":2000,\"height\":750,\"caption\":\"Arbrea Labs\"},\"image\":{\"@id\":\"https:\\\/\\\/arbrea-labs.com\\\/#\\\/schema\\\/logo\\\/image\\\/\"},\"sameAs\":[\"https:\\\/\\\/www.facebook.com\\\/arbrealabs\",\"https:\\\/\\\/www.instagram.com\\\/arbrealabs\\\/\",\"https:\\\/\\\/www.linkedin.com\\\/company\\\/arbrea-labs-ag\\\/\",\"https:\\\/\\\/www.youtube.com\\\/channel\\\/UCbHN9gofXJv8rMAHcAguTcg\"],\"description\":\"Arbrea Labs leads the way in blending advanced AI technology with personalized healthcare. Our fast, simple and safe Augmented Reality & 3D simulators optimize consultations, saving time and enhancing patient education. Meanwhile, our AR-driven marketing booster enhances patient journeys, maximizing marketing ROI and fostering efficient lead generation. Join us as we shape the future of aesthetic healthcare.\",\"email\":\"info@arbrea-labs.com\",\"legalName\":\"Arbrea Labs AG\",\"foundingDate\":\"2018-03-04\",\"vatID\":\"CHE-292.633.177\",\"numberOfEmployees\":{\"@type\":\"QuantitativeValue\",\"minValue\":\"11\",\"maxValue\":\"50\"}}]}<\/script>\n<!-- \/ Yoast SEO Premium plugin. -->","yoast_head_json":{"title":"Arbrea Breast PRO - Arbrea Labs","description":"Arbrea Breast Pro: a solu\u00e7\u00e3o completa de 3D e AR com cat\u00e1logo completo de implantes, servi\u00e7o personalizado e Lindapp para capturar mais leads e aumentar as convers\u00f5es","robots":{"index":"index","follow":"follow","max-snippet":"max-snippet:-1","max-image-preview":"max-image-preview:large","max-video-preview":"max-video-preview:-1"},"canonical":"https:\/\/arbrea-labs.com\/pt\/produto\/arbrea-breast-pro\/","og_locale":"pt_BR","og_type":"article","og_title":"Arbrea Breast PRO","og_description":"Arbrea Breast Pro: the complete 3D & AR solution with full implant catalogue, personalized service, and Lindapp to capture more leads and boost conversions","og_url":"https:\/\/arbrea-labs.com\/pt\/produto\/arbrea-breast-pro\/","og_site_name":"Arbrea Labs","article_publisher":"https:\/\/www.facebook.com\/arbrealabs","article_modified_time":"2025-09-19T08:59:13+00:00","og_image":[{"width":1080,"height":1080,"url":"https:\/\/arbrea-labs.com\/wp-content\/uploads\/2022\/05\/7-1.png","type":"image\/png"}],"twitter_card":"summary_large_image","twitter_misc":{"Est. tempo de leitura":"2 minutos"},"schema":{"@context":"https:\/\/schema.org","@graph":[{"@type":"WebPage","@id":"https:\/\/arbrea-labs.com\/product\/arbrea-breast-pro\/","url":"https:\/\/arbrea-labs.com\/product\/arbrea-breast-pro\/","name":"Arbrea Breast PRO - Arbrea Labs","isPartOf":{"@id":"https:\/\/arbrea-labs.com\/#website"},"primaryImageOfPage":{"@id":"https:\/\/arbrea-labs.com\/product\/arbrea-breast-pro\/#primaryimage"},"image":{"@id":"https:\/\/arbrea-labs.com\/product\/arbrea-breast-pro\/#primaryimage"},"thumbnailUrl":"https:\/\/arbrea-labs.com\/wp-content\/uploads\/2022\/05\/7-1.png","datePublished":"2022-05-18T11:31:37+00:00","dateModified":"2025-09-19T08:59:13+00:00","description":"Arbrea Breast Pro: a solu\u00e7\u00e3o completa de 3D e AR com cat\u00e1logo completo de implantes, servi\u00e7o personalizado e Lindapp para capturar mais leads e aumentar as convers\u00f5es","breadcrumb":{"@id":"https:\/\/arbrea-labs.com\/product\/arbrea-breast-pro\/#breadcrumb"},"inLanguage":"pt-BR","potentialAction":[{"@type":"ReadAction","target":["https:\/\/arbrea-labs.com\/product\/arbrea-breast-pro\/"]}]},{"@type":"ImageObject","inLanguage":"pt-BR","@id":"https:\/\/arbrea-labs.com\/product\/arbrea-breast-pro\/#primaryimage","url":"https:\/\/arbrea-labs.com\/wp-content\/uploads\/2022\/05\/7-1.png","contentUrl":"https:\/\/arbrea-labs.com\/wp-content\/uploads\/2022\/05\/7-1.png","width":1080,"height":1080,"caption":"Arbrea Breast Pro"},{"@type":"BreadcrumbList","@id":"https:\/\/arbrea-labs.com\/product\/arbrea-breast-pro\/#breadcrumb","itemListElement":[{"@type":"ListItem","position":1,"name":"Home","item":"https:\/\/arbrea-labs.com\/"},{"@type":"ListItem","position":2,"name":"Shop","item":"https:\/\/arbrea-labs.com\/shop\/"},{"@type":"ListItem","position":3,"name":"Arbrea Breast PRO"}]},{"@type":"WebSite","@id":"https:\/\/arbrea-labs.com\/#website","url":"https:\/\/arbrea-labs.com\/","name":"Laborat\u00f3rios Arbrea","description":"Solu\u00e7\u00f5es de Realidade Aumentada e 3D para Est\u00e9tica","publisher":{"@id":"https:\/\/arbrea-labs.com\/#organization"},"alternateName":"Arbrea","potentialAction":[{"@type":"SearchAction","target":{"@type":"EntryPoint","urlTemplate":"https:\/\/arbrea-labs.com\/?s={search_term_string}"},"query-input":{"@type":"PropertyValueSpecification","valueRequired":true,"valueName":"search_term_string"}}],"inLanguage":"pt-BR"},{"@type":"Organization","@id":"https:\/\/arbrea-labs.com\/#organization","name":"Laborat\u00f3rios Arbrea","alternateName":"Arbrea","url":"https:\/\/arbrea-labs.com\/","logo":{"@type":"ImageObject","inLanguage":"pt-BR","@id":"https:\/\/arbrea-labs.com\/#\/schema\/logo\/image\/","url":"https:\/\/arbrea-labs.com\/wp-content\/uploads\/2022\/01\/logo_arbrea_LABS-01-1-e1641392734450.png","contentUrl":"https:\/\/arbrea-labs.com\/wp-content\/uploads\/2022\/01\/logo_arbrea_LABS-01-1-e1641392734450.png","width":2000,"height":750,"caption":"Arbrea Labs"},"image":{"@id":"https:\/\/arbrea-labs.com\/#\/schema\/logo\/image\/"},"sameAs":["https:\/\/www.facebook.com\/arbrealabs","https:\/\/www.instagram.com\/arbrealabs\/","https:\/\/www.linkedin.com\/company\/arbrea-labs-ag\/","https:\/\/www.youtube.com\/channel\/UCbHN9gofXJv8rMAHcAguTcg"],"description":"A Arbrea Labs \u00e9 l\u00edder na combina\u00e7\u00e3o de tecnologia avan\u00e7ada de IA com cuidados de sa\u00fade personalizados. Nossos simuladores de Realidade Aumentada e 3D r\u00e1pidos, simples e seguros otimizam as consultas, economizando tempo e aprimorando a educa\u00e7\u00e3o do paciente. Enquanto isso, nosso impulsionador de marketing orientado por AR aprimora as jornadas dos pacientes, maximizando o ROI de marketing e promovendo a gera\u00e7\u00e3o eficiente de leads. Junte-se a n\u00f3s para moldar o futuro da sa\u00fade est\u00e9tica.","email":"info@arbrea-labs.com","legalName":"Arbrea Labs AG","foundingDate":"2018-03-04","vatID":"CHE-292.633.177","numberOfEmployees":{"@type":"QuantitativeValue","minValue":"11","maxValue":"50"}}]}},"_links":{"self":[{"href":"https:\/\/arbrea-labs.com\/pt\/wp-json\/wp\/v2\/product\/17795","targetHints":{"allow":["GET"]}}],"collection":[{"href":"https:\/\/arbrea-labs.com\/pt\/wp-json\/wp\/v2\/product"}],"about":[{"href":"https:\/\/arbrea-labs.com\/pt\/wp-json\/wp\/v2\/types\/product"}],"wp:featuredmedia":[{"embeddable":true,"href":"https:\/\/arbrea-labs.com\/pt\/wp-json\/wp\/v2\/media\/53806"}],"wp:attachment":[{"href":"https:\/\/arbrea-labs.com\/pt\/wp-json\/wp\/v2\/media?parent=17795"}],"wp:term":[{"taxonomy":"product_brand","embeddable":true,"href":"https:\/\/arbrea-labs.com\/pt\/wp-json\/wp\/v2\/product_brand?post=17795"},{"taxonomy":"product_cat","embeddable":true,"href":"https:\/\/arbrea-labs.com\/pt\/wp-json\/wp\/v2\/product_cat?post=17795"},{"taxonomy":"product_tag","embeddable":true,"href":"https:\/\/arbrea-labs.com\/pt\/wp-json\/wp\/v2\/product_tag?post=17795"}],"curies":[{"name":"wp","href":"https:\/\/api.w.org\/{rel}","templated":true}]}}