{"id":17766,"date":"2022-05-11T14:34:52","date_gmt":"2022-05-11T14:34:52","guid":{"rendered":"https:\/\/arbrea-labs.com\/?post_type=product&#038;p=17766"},"modified":"2025-09-19T10:49:39","modified_gmt":"2025-09-19T08:49:39","slug":"arbrea-breast-advanced","status":"publish","type":"product","link":"https:\/\/arbrea-labs.com\/pt\/product\/arbrea-breast-advanced\/","title":{"rendered":"Arbrea Breast ADVANCED"},"content":{"rendered":"<p data-start=\"181\" data-end=\"529\">O Arbrea Breast Advanced leva as consultas cir\u00fargicas a um novo patamar com realidade aumentada imersiva e servi\u00e7o totalmente personalizado. Combinando o poder das simula\u00e7\u00f5es em 3D para aumento e redu\u00e7\u00e3o com o cat\u00e1logo completo de implantes, ele oferece aos cirurgi\u00f5es uma solu\u00e7\u00e3o completa e de \u00faltima gera\u00e7\u00e3o para aumentar a confian\u00e7a da paciente e melhorar a tomada de decis\u00f5es.<\/p>\n<h2 data-start=\"531\" data-end=\"548\">Principais recursos<\/h2>\n<ul data-start=\"550\" data-end=\"1264\">\n<li data-start=\"550\" data-end=\"653\">\n<p data-start=\"552\" data-end=\"653\"><strong data-start=\"552\" data-end=\"576\">Servi\u00e7o personalizado<\/strong><br data-start=\"576\" data-end=\"579\" \/>Integra\u00e7\u00e3o personalizada e suporte dedicado para maximizar sua experi\u00eancia.<\/p>\n<\/li>\n<li data-start=\"655\" data-end=\"771\">\n<p data-start=\"657\" data-end=\"771\"><strong data-start=\"657\" data-end=\"694\">Simula\u00e7\u00e3o de aumento de seios em 3D<\/strong><br data-start=\"694\" data-end=\"697\" \/>Forne\u00e7a visualiza\u00e7\u00f5es realistas dos resultados do aumento em segundos.<\/p>\n<\/li>\n<li data-start=\"773\" data-end=\"878\">\n<p data-start=\"775\" data-end=\"878\"><strong data-start=\"775\" data-end=\"809\">Simula\u00e7\u00e3o de redu\u00e7\u00e3o de mama em 3D<\/strong><br data-start=\"809\" data-end=\"812\" \/>Mostrar aos pacientes possibilidades de redu\u00e7\u00e3o precisas e confi\u00e1veis.<\/p>\n<\/li>\n<li data-start=\"880\" data-end=\"1008\">\n<p data-start=\"882\" data-end=\"1008\"><strong data-start=\"882\" data-end=\"935\">Cat\u00e1logo completo de implantes (todas as marcas do mercado)<\/strong><br data-start=\"935\" data-end=\"938\" \/>Acesse toda a gama de implantes para personaliza\u00e7\u00e3o ilimitada.<\/p>\n<\/li>\n<li data-start=\"1010\" data-end=\"1125\">\n<p data-start=\"1012\" data-end=\"1125\"><strong data-start=\"1012\" data-end=\"1033\">Realidade aumentada<\/strong><br data-start=\"1033\" data-end=\"1036\" \/>Envolva os pacientes com a visualiza\u00e7\u00e3o de AR em tempo real para uma experi\u00eancia \u00fanica e interativa.<\/p>\n<\/li>\n<li data-start=\"1127\" data-end=\"1264\">\n<p data-start=\"1129\" data-end=\"1264\"><strong data-start=\"1129\" data-end=\"1177\">Medi\u00e7\u00f5es autom\u00e1ticas e c\u00e1lculos de volume<\/strong><br data-start=\"1177\" data-end=\"1180\" \/>Economize tempo com medi\u00e7\u00f5es anat\u00f4micas instant\u00e2neas e dados precisos sobre o volume da mama<\/p>\n<\/li>\n<\/ul>\n<h2 data-start=\"1266\" data-end=\"1305\">Por que escolher o Arbrea Breast Advanced?<\/h2>\n<p data-start=\"1306\" data-end=\"1656\">O Arbrea Breast Advanced \u00e9 o <strong data-start=\"1336\" data-end=\"1384\">escolha premium para cirurgi\u00f5es com vis\u00e3o de futuro<\/strong>. Com realidade aumentada, acesso total ao implante e servi\u00e7o personalizado, ele oferece inova\u00e7\u00e3o e envolvimento do paciente no mais alto n\u00edvel. Esse plano permite que as cl\u00ednicas diferenciem suas consultas, criem conex\u00f5es mais fortes com os pacientes e aumentem as taxas de convers\u00e3o.<\/p>","protected":false},"excerpt":{"rendered":"<p><strong>A solu\u00e7\u00e3o mais avan\u00e7ada para consultas imersivas e centradas no paciente.<\/strong><\/p>\n<ul>\n<li>Servi\u00e7o personalizado<\/li>\n<li>Simula\u00e7\u00e3o de aumento de seios em 3D<\/li>\n<li>Simula\u00e7\u00e3o de redu\u00e7\u00e3o de mama em 3D<\/li>\n<li>Cat\u00e1logo completo de implantes (todas as marcas)<\/li>\n<li>Realidade aumentada<\/li>\n<li>Medi\u00e7\u00f5es anat\u00f4micas autom\u00e1ticas<\/li>\n<li>C\u00e1lculos de volume<\/li>\n<\/ul>","protected":false},"featured_media":53804,"template":"","meta":[],"product_brand":[],"product_cat":[247],"product_tag":[],"class_list":{"0":"post-17766","1":"product","2":"type-product","3":"status-publish","4":"has-post-thumbnail","5":"product_cat-arbrea-breast-tool","7":"first","8":"instock","9":"taxable","10":"shipping-taxable","11":"purchasable","12":"product-type-variable-subscription"},"yoast_head":"<!-- This site is optimized with the Yoast SEO Premium plugin v27.3 (Yoast SEO v27.4) - https:\/\/yoast.com\/product\/yoast-seo-premium-wordpress\/ -->\n<title>Arbrea Breast ADVANCED - Arbrea Labs<\/title>\n<meta name=\"description\" content=\"Arbrea Breast Advanced: premium 3D and AR solution for augmentation and reduction, with full implant catalogue, personalized service, and precise measurements\" \/>\n<meta name=\"robots\" content=\"index, follow, max-snippet:-1, max-image-preview:large, max-video-preview:-1\" \/>\n<link rel=\"canonical\" href=\"https:\/\/arbrea-labs.com\/pt\/produto\/arbrea-breast-advanced\/\" \/>\n<meta property=\"og:locale\" content=\"pt_BR\" \/>\n<meta property=\"og:type\" content=\"article\" \/>\n<meta property=\"og:title\" content=\"Arbrea Breast ADVANCED\" \/>\n<meta property=\"og:description\" content=\"Arbrea Breast Advanced: premium 3D and AR solution for augmentation and reduction, with full implant catalogue, personalized service, and precise measurements\" \/>\n<meta property=\"og:url\" content=\"https:\/\/arbrea-labs.com\/pt\/produto\/arbrea-breast-advanced\/\" \/>\n<meta property=\"og:site_name\" content=\"Arbrea Labs\" \/>\n<meta property=\"article:publisher\" content=\"https:\/\/www.facebook.com\/arbrealabs\" \/>\n<meta property=\"article:modified_time\" content=\"2025-09-19T08:49:39+00:00\" \/>\n<meta property=\"og:image\" content=\"https:\/\/arbrea-labs.com\/wp-content\/uploads\/2022\/05\/5-1.png\" \/>\n\t<meta property=\"og:image:width\" content=\"1080\" \/>\n\t<meta property=\"og:image:height\" content=\"1080\" \/>\n\t<meta property=\"og:image:type\" content=\"image\/png\" \/>\n<meta name=\"twitter:card\" content=\"summary_large_image\" \/>\n<meta name=\"twitter:label1\" content=\"Est. tempo de leitura\" \/>\n\t<meta name=\"twitter:data1\" content=\"1 minuto\" \/>\n<script type=\"application\/ld+json\" class=\"yoast-schema-graph\">{\"@context\":\"https:\\\/\\\/schema.org\",\"@graph\":[{\"@type\":\"WebPage\",\"@id\":\"https:\\\/\\\/arbrea-labs.com\\\/product\\\/arbrea-breast-advanced\\\/\",\"url\":\"https:\\\/\\\/arbrea-labs.com\\\/product\\\/arbrea-breast-advanced\\\/\",\"name\":\"Arbrea Breast ADVANCED - Arbrea Labs\",\"isPartOf\":{\"@id\":\"https:\\\/\\\/arbrea-labs.com\\\/#website\"},\"primaryImageOfPage\":{\"@id\":\"https:\\\/\\\/arbrea-labs.com\\\/product\\\/arbrea-breast-advanced\\\/#primaryimage\"},\"image\":{\"@id\":\"https:\\\/\\\/arbrea-labs.com\\\/product\\\/arbrea-breast-advanced\\\/#primaryimage\"},\"thumbnailUrl\":\"https:\\\/\\\/arbrea-labs.com\\\/wp-content\\\/uploads\\\/2022\\\/05\\\/5-1.png\",\"datePublished\":\"2022-05-11T14:34:52+00:00\",\"dateModified\":\"2025-09-19T08:49:39+00:00\",\"description\":\"Arbrea Breast Advanced: premium 3D and AR solution for augmentation and reduction, with full implant catalogue, personalized service, and precise measurements\",\"breadcrumb\":{\"@id\":\"https:\\\/\\\/arbrea-labs.com\\\/product\\\/arbrea-breast-advanced\\\/#breadcrumb\"},\"inLanguage\":\"pt-BR\",\"potentialAction\":[{\"@type\":\"ReadAction\",\"target\":[\"https:\\\/\\\/arbrea-labs.com\\\/product\\\/arbrea-breast-advanced\\\/\"]}]},{\"@type\":\"ImageObject\",\"inLanguage\":\"pt-BR\",\"@id\":\"https:\\\/\\\/arbrea-labs.com\\\/product\\\/arbrea-breast-advanced\\\/#primaryimage\",\"url\":\"https:\\\/\\\/arbrea-labs.com\\\/wp-content\\\/uploads\\\/2022\\\/05\\\/5-1.png\",\"contentUrl\":\"https:\\\/\\\/arbrea-labs.com\\\/wp-content\\\/uploads\\\/2022\\\/05\\\/5-1.png\",\"width\":1080,\"height\":1080,\"caption\":\"Arbrea Breast Advanced\"},{\"@type\":\"BreadcrumbList\",\"@id\":\"https:\\\/\\\/arbrea-labs.com\\\/product\\\/arbrea-breast-advanced\\\/#breadcrumb\",\"itemListElement\":[{\"@type\":\"ListItem\",\"position\":1,\"name\":\"Home\",\"item\":\"https:\\\/\\\/arbrea-labs.com\\\/\"},{\"@type\":\"ListItem\",\"position\":2,\"name\":\"Shop\",\"item\":\"https:\\\/\\\/arbrea-labs.com\\\/shop\\\/\"},{\"@type\":\"ListItem\",\"position\":3,\"name\":\"Arbrea Breast ADVANCED\"}]},{\"@type\":\"WebSite\",\"@id\":\"https:\\\/\\\/arbrea-labs.com\\\/#website\",\"url\":\"https:\\\/\\\/arbrea-labs.com\\\/\",\"name\":\"Arbrea Labs\",\"description\":\"Augmented Reality &amp; 3D Solutions for Aesthetics\",\"publisher\":{\"@id\":\"https:\\\/\\\/arbrea-labs.com\\\/#organization\"},\"alternateName\":\"Arbrea\",\"potentialAction\":[{\"@type\":\"SearchAction\",\"target\":{\"@type\":\"EntryPoint\",\"urlTemplate\":\"https:\\\/\\\/arbrea-labs.com\\\/?s={search_term_string}\"},\"query-input\":{\"@type\":\"PropertyValueSpecification\",\"valueRequired\":true,\"valueName\":\"search_term_string\"}}],\"inLanguage\":\"pt-BR\"},{\"@type\":\"Organization\",\"@id\":\"https:\\\/\\\/arbrea-labs.com\\\/#organization\",\"name\":\"Arbrea Labs\",\"alternateName\":\"Arbrea\",\"url\":\"https:\\\/\\\/arbrea-labs.com\\\/\",\"logo\":{\"@type\":\"ImageObject\",\"inLanguage\":\"pt-BR\",\"@id\":\"https:\\\/\\\/arbrea-labs.com\\\/#\\\/schema\\\/logo\\\/image\\\/\",\"url\":\"https:\\\/\\\/arbrea-labs.com\\\/wp-content\\\/uploads\\\/2022\\\/01\\\/logo_arbrea_LABS-01-1-e1641392734450.png\",\"contentUrl\":\"https:\\\/\\\/arbrea-labs.com\\\/wp-content\\\/uploads\\\/2022\\\/01\\\/logo_arbrea_LABS-01-1-e1641392734450.png\",\"width\":2000,\"height\":750,\"caption\":\"Arbrea Labs\"},\"image\":{\"@id\":\"https:\\\/\\\/arbrea-labs.com\\\/#\\\/schema\\\/logo\\\/image\\\/\"},\"sameAs\":[\"https:\\\/\\\/www.facebook.com\\\/arbrealabs\",\"https:\\\/\\\/www.instagram.com\\\/arbrealabs\\\/\",\"https:\\\/\\\/www.linkedin.com\\\/company\\\/arbrea-labs-ag\\\/\",\"https:\\\/\\\/www.youtube.com\\\/channel\\\/UCbHN9gofXJv8rMAHcAguTcg\"],\"description\":\"Arbrea Labs leads the way in blending advanced AI technology with personalized healthcare. Our fast, simple and safe Augmented Reality & 3D simulators optimize consultations, saving time and enhancing patient education. Meanwhile, our AR-driven marketing booster enhances patient journeys, maximizing marketing ROI and fostering efficient lead generation. Join us as we shape the future of aesthetic healthcare.\",\"email\":\"info@arbrea-labs.com\",\"legalName\":\"Arbrea Labs AG\",\"foundingDate\":\"2018-03-04\",\"vatID\":\"CHE-292.633.177\",\"numberOfEmployees\":{\"@type\":\"QuantitativeValue\",\"minValue\":\"11\",\"maxValue\":\"50\"}}]}<\/script>\n<!-- \/ Yoast SEO Premium plugin. -->","yoast_head_json":{"title":"Arbrea Breast ADVANCED - Arbrea Labs","description":"Arbrea Breast Advanced: solu\u00e7\u00e3o premium em 3D e AR para aumento e redu\u00e7\u00e3o, com cat\u00e1logo completo de implantes, servi\u00e7o personalizado e medi\u00e7\u00f5es precisas","robots":{"index":"index","follow":"follow","max-snippet":"max-snippet:-1","max-image-preview":"max-image-preview:large","max-video-preview":"max-video-preview:-1"},"canonical":"https:\/\/arbrea-labs.com\/pt\/produto\/arbrea-breast-advanced\/","og_locale":"pt_BR","og_type":"article","og_title":"Arbrea Breast ADVANCED","og_description":"Arbrea Breast Advanced: premium 3D and AR solution for augmentation and reduction, with full implant catalogue, personalized service, and precise measurements","og_url":"https:\/\/arbrea-labs.com\/pt\/produto\/arbrea-breast-advanced\/","og_site_name":"Arbrea Labs","article_publisher":"https:\/\/www.facebook.com\/arbrealabs","article_modified_time":"2025-09-19T08:49:39+00:00","og_image":[{"width":1080,"height":1080,"url":"https:\/\/arbrea-labs.com\/wp-content\/uploads\/2022\/05\/5-1.png","type":"image\/png"}],"twitter_card":"summary_large_image","twitter_misc":{"Est. tempo de leitura":"1 minuto"},"schema":{"@context":"https:\/\/schema.org","@graph":[{"@type":"WebPage","@id":"https:\/\/arbrea-labs.com\/product\/arbrea-breast-advanced\/","url":"https:\/\/arbrea-labs.com\/product\/arbrea-breast-advanced\/","name":"Arbrea Breast ADVANCED - Arbrea Labs","isPartOf":{"@id":"https:\/\/arbrea-labs.com\/#website"},"primaryImageOfPage":{"@id":"https:\/\/arbrea-labs.com\/product\/arbrea-breast-advanced\/#primaryimage"},"image":{"@id":"https:\/\/arbrea-labs.com\/product\/arbrea-breast-advanced\/#primaryimage"},"thumbnailUrl":"https:\/\/arbrea-labs.com\/wp-content\/uploads\/2022\/05\/5-1.png","datePublished":"2022-05-11T14:34:52+00:00","dateModified":"2025-09-19T08:49:39+00:00","description":"Arbrea Breast Advanced: solu\u00e7\u00e3o premium em 3D e AR para aumento e redu\u00e7\u00e3o, com cat\u00e1logo completo de implantes, servi\u00e7o personalizado e medi\u00e7\u00f5es precisas","breadcrumb":{"@id":"https:\/\/arbrea-labs.com\/product\/arbrea-breast-advanced\/#breadcrumb"},"inLanguage":"pt-BR","potentialAction":[{"@type":"ReadAction","target":["https:\/\/arbrea-labs.com\/product\/arbrea-breast-advanced\/"]}]},{"@type":"ImageObject","inLanguage":"pt-BR","@id":"https:\/\/arbrea-labs.com\/product\/arbrea-breast-advanced\/#primaryimage","url":"https:\/\/arbrea-labs.com\/wp-content\/uploads\/2022\/05\/5-1.png","contentUrl":"https:\/\/arbrea-labs.com\/wp-content\/uploads\/2022\/05\/5-1.png","width":1080,"height":1080,"caption":"Arbrea Breast Advanced"},{"@type":"BreadcrumbList","@id":"https:\/\/arbrea-labs.com\/product\/arbrea-breast-advanced\/#breadcrumb","itemListElement":[{"@type":"ListItem","position":1,"name":"Home","item":"https:\/\/arbrea-labs.com\/"},{"@type":"ListItem","position":2,"name":"Shop","item":"https:\/\/arbrea-labs.com\/shop\/"},{"@type":"ListItem","position":3,"name":"Arbrea Breast ADVANCED"}]},{"@type":"WebSite","@id":"https:\/\/arbrea-labs.com\/#website","url":"https:\/\/arbrea-labs.com\/","name":"Laborat\u00f3rios Arbrea","description":"Solu\u00e7\u00f5es de Realidade Aumentada e 3D para Est\u00e9tica","publisher":{"@id":"https:\/\/arbrea-labs.com\/#organization"},"alternateName":"Arbrea","potentialAction":[{"@type":"SearchAction","target":{"@type":"EntryPoint","urlTemplate":"https:\/\/arbrea-labs.com\/?s={search_term_string}"},"query-input":{"@type":"PropertyValueSpecification","valueRequired":true,"valueName":"search_term_string"}}],"inLanguage":"pt-BR"},{"@type":"Organization","@id":"https:\/\/arbrea-labs.com\/#organization","name":"Laborat\u00f3rios Arbrea","alternateName":"Arbrea","url":"https:\/\/arbrea-labs.com\/","logo":{"@type":"ImageObject","inLanguage":"pt-BR","@id":"https:\/\/arbrea-labs.com\/#\/schema\/logo\/image\/","url":"https:\/\/arbrea-labs.com\/wp-content\/uploads\/2022\/01\/logo_arbrea_LABS-01-1-e1641392734450.png","contentUrl":"https:\/\/arbrea-labs.com\/wp-content\/uploads\/2022\/01\/logo_arbrea_LABS-01-1-e1641392734450.png","width":2000,"height":750,"caption":"Arbrea Labs"},"image":{"@id":"https:\/\/arbrea-labs.com\/#\/schema\/logo\/image\/"},"sameAs":["https:\/\/www.facebook.com\/arbrealabs","https:\/\/www.instagram.com\/arbrealabs\/","https:\/\/www.linkedin.com\/company\/arbrea-labs-ag\/","https:\/\/www.youtube.com\/channel\/UCbHN9gofXJv8rMAHcAguTcg"],"description":"A Arbrea Labs \u00e9 l\u00edder na combina\u00e7\u00e3o de tecnologia avan\u00e7ada de IA com cuidados de sa\u00fade personalizados. Nossos simuladores de Realidade Aumentada e 3D r\u00e1pidos, simples e seguros otimizam as consultas, economizando tempo e aprimorando a educa\u00e7\u00e3o do paciente. Enquanto isso, nosso impulsionador de marketing orientado por AR aprimora as jornadas dos pacientes, maximizando o ROI de marketing e promovendo a gera\u00e7\u00e3o eficiente de leads. Junte-se a n\u00f3s para moldar o futuro da sa\u00fade est\u00e9tica.","email":"info@arbrea-labs.com","legalName":"Arbrea Labs AG","foundingDate":"2018-03-04","vatID":"CHE-292.633.177","numberOfEmployees":{"@type":"QuantitativeValue","minValue":"11","maxValue":"50"}}]}},"_links":{"self":[{"href":"https:\/\/arbrea-labs.com\/pt\/wp-json\/wp\/v2\/product\/17766","targetHints":{"allow":["GET"]}}],"collection":[{"href":"https:\/\/arbrea-labs.com\/pt\/wp-json\/wp\/v2\/product"}],"about":[{"href":"https:\/\/arbrea-labs.com\/pt\/wp-json\/wp\/v2\/types\/product"}],"wp:featuredmedia":[{"embeddable":true,"href":"https:\/\/arbrea-labs.com\/pt\/wp-json\/wp\/v2\/media\/53804"}],"wp:attachment":[{"href":"https:\/\/arbrea-labs.com\/pt\/wp-json\/wp\/v2\/media?parent=17766"}],"wp:term":[{"taxonomy":"product_brand","embeddable":true,"href":"https:\/\/arbrea-labs.com\/pt\/wp-json\/wp\/v2\/product_brand?post=17766"},{"taxonomy":"product_cat","embeddable":true,"href":"https:\/\/arbrea-labs.com\/pt\/wp-json\/wp\/v2\/product_cat?post=17766"},{"taxonomy":"product_tag","embeddable":true,"href":"https:\/\/arbrea-labs.com\/pt\/wp-json\/wp\/v2\/product_tag?post=17766"}],"curies":[{"name":"wp","href":"https:\/\/api.w.org\/{rel}","templated":true}]}}