{"id":54319,"date":"2025-11-14T13:30:48","date_gmt":"2025-11-14T12:30:48","guid":{"rendered":"https:\/\/arbrea-labs.com\/?page_id=54319"},"modified":"2025-11-14T13:32:53","modified_gmt":"2025-11-14T12:32:53","slug":"especialista-em-marketing","status":"publish","type":"page","link":"https:\/\/arbrea-labs.com\/pt\/marketing-specialist\/","title":{"rendered":"Especialista em marketing"},"content":{"rendered":"<div id=\"fws_69d2b3b63100b\"  data-column-margin=\"default\" data-midnight=\"light\" data-top-percent=\"2%\" data-bottom-percent=\"2%\"  class=\"wpb_row vc_row-fluid vc_row full-width-section has-row-bg-color\"  style=\"padding-top: calc(100vw * 0.02); padding-bottom: calc(100vw * 0.02); --row-bg-color: #00020C;\"><div class=\"row-bg-wrap\" data-bg-animation=\"none\" data-bg-animation-delay=\"\" data-bg-overlay=\"true\"><div class=\"inner-wrap row-bg-layer using-image\" ><div class=\"row-bg viewport-desktop using-image using-bg-color lazyload\" style=\"background-image: url(https:\/\/arbrea-labs.com\/wp-includes\/images\/blank.gif);background-position: center center;background-repeat: no-repeat;background-color: #00020C;\" data-background-image=\"https:\/\/arbrea-labs.com\/wp-content\/uploads\/2022\/05\/Untitled-design-16.png\"><\/div><\/div><div class=\"row-bg-overlay row-bg-layer\" style=\"background-color:#0c0c0c;  opacity: 0.3; \"><\/div><\/div><div class=\"row_col_wrap_12 col span_12 light left\">\n\t<div  class=\"vc_col-sm-2 wpb_column column_container vc_column_container col no-extra-padding inherit_tablet inherit_phone\"  data-padding-pos=\"all\" data-has-bg-color=\"false\" data-bg-color=\"\" data-bg-opacity=\"1\" data-animation=\"\" data-delay=\"0\" >\n\t\t<div class=\"vc_column-inner\" >\n\t\t\t<div class=\"wpb_wrapper\">\n\t\t\t\t\n\t\t\t<\/div> \n\t\t<\/div>\n\t<\/div> \n\n\t<div  class=\"vc_col-sm-8 wpb_column column_container vc_column_container col centered-text has-animation no-extra-padding inherit_tablet inherit_phone\"  data-padding-pos=\"all\" data-has-bg-color=\"false\" data-bg-color=\"\" data-bg-opacity=\"1\" data-animation=\"zoom-out\" data-delay=\"0\" >\n\t\t<div class=\"vc_column-inner\" >\n\t\t\t<div class=\"wpb_wrapper\">\n\t\t\t\t<h4 style=\"font-size: 20px;color: rgba(255,255,255,0.7);line-height: 36px;text-align: center;font-family:Roboto;font-weight:500;font-style:normal\" class=\"vc_custom_heading vc_do_custom_heading vc_custom_1682714540573\" >Junte-se \u00e0 nossa equipe de cria\u00e7\u00e3o<\/h4><h1 style=\"font-size: 83px;line-height: 98px;text-align: center;font-family:Roboto;font-weight:400;font-style:normal\" class=\"vc_custom_heading vc_do_custom_heading vc_custom_1763123252097\" >Especialista em marketing<\/h1>\n\t\t\t<\/div> \n\t\t<\/div>\n\t<\/div> \n\n\t<div  class=\"vc_col-sm-2 wpb_column column_container vc_column_container col no-extra-padding inherit_tablet inherit_phone\"  data-padding-pos=\"all\" data-has-bg-color=\"false\" data-bg-color=\"\" data-bg-opacity=\"1\" data-animation=\"\" data-delay=\"0\" >\n\t\t<div class=\"vc_column-inner\" >\n\t\t\t<div class=\"wpb_wrapper\">\n\t\t\t\t\n\t\t\t<\/div> \n\t\t<\/div>\n\t<\/div> \n<\/div><\/div>\n\t\t<div id=\"fws_69d2b3b631440\"  data-column-margin=\"default\" data-midnight=\"dark\" data-top-percent=\"3%\"  class=\"wpb_row vc_row-fluid vc_row\"  style=\"padding-top: calc(100vw * 0.03); padding-bottom: 0px; \"><div class=\"row-bg-wrap\" data-bg-animation=\"none\" data-bg-animation-delay=\"\" data-bg-overlay=\"false\"><div class=\"inner-wrap row-bg-layer\" ><div class=\"row-bg viewport-desktop\"  style=\"\"><\/div><\/div><\/div><div class=\"row_col_wrap_12 col span_12 dark left\">\n\t<div  class=\"vc_col-sm-12 wpb_column column_container vc_column_container col no-extra-padding inherit_tablet inherit_phone\"  data-padding-pos=\"all\" data-has-bg-color=\"false\" data-bg-color=\"\" data-bg-opacity=\"1\" data-animation=\"\" data-delay=\"0\" >\n\t\t<div class=\"vc_column-inner\" >\n\t\t\t<div class=\"wpb_wrapper\">\n\t\t\t\t\n<div class=\"wpb_text_column wpb_content_element\" >\n\t<h2><\/h2>\n<div>\n<div class=\"p-rich_text_section\">\n<p><strong>Localiza\u00e7\u00e3o:<\/strong> Alb\u00e2nia - Remoto (de prefer\u00eancia em Tiran\u00eb ou Durres)<br aria-hidden=\"true\" \/><strong>Tipo<\/strong>: Tempo integral<\/p>\n<p><strong>Descri\u00e7\u00e3o do cargo:<\/strong><br aria-hidden=\"true\" \/>Como nosso novo especialista em marketing, voc\u00ea desempenhar\u00e1 um papel fundamental na forma\u00e7\u00e3o da presen\u00e7a global da Arbrea, desde a cria\u00e7\u00e3o de conte\u00fado e campanhas digitais at\u00e9 o gerenciamento do site e o design da marca.<br aria-hidden=\"true\" \/>Voc\u00ea trabalhar\u00e1 em estreita colabora\u00e7\u00e3o com as equipes Comercial e de Produtos para garantir que nossa mensagem seja consistente, impactante e alinhada com nossa miss\u00e3o de tornar a tecnologia avan\u00e7ada simples e bonita.<\/p>\n<p><strong>Principais responsabilidades<\/strong><\/p>\n<\/div>\n<ul class=\"p-rich_text_list p-rich_text_list__bullet p-rich_text_list--nested\" data-stringify-type=\"unordered-list\" data-list-tree=\"true\" data-indent=\"0\" data-border=\"0\">\n<li data-stringify-indent=\"0\" data-stringify-border=\"0\">Gerencie e atualize nosso site WordPress com conte\u00fado e recursos visuais novos e atraentes.<\/li>\n<li data-stringify-indent=\"0\" data-stringify-border=\"0\">Execute e otimize campanhas do Google Ads, acompanhe os resultados com o Google Tag Manager e o Google Analytics e d\u00ea suporte \u00e0 nossa estrat\u00e9gia de crescimento on-line.<\/li>\n<li data-stringify-indent=\"0\" data-stringify-border=\"0\">Aplique as pr\u00e1ticas recomendadas de SEO para melhorar a visibilidade e a gera\u00e7\u00e3o de leads.<\/li>\n<li data-stringify-indent=\"0\" data-stringify-border=\"0\">Crie conte\u00fado visual de alta qualidade (postagens em m\u00eddias sociais, apresenta\u00e7\u00f5es, an\u00fancios) usando o Canva e, de prefer\u00eancia, o Figma para materiais relacionados \u00e0 interface do usu\u00e1rio.<\/li>\n<li data-stringify-indent=\"0\" data-stringify-border=\"0\">Produzir e editar v\u00eddeos curtos para demonstra\u00e7\u00f5es de produtos, eventos e campanhas digitais.<\/li>\n<li data-stringify-indent=\"0\" data-stringify-border=\"0\">Colabore com nossa equipe internacional para desenvolver ideias criativas que se conectem com m\u00e9dicos, pacientes e parceiros em todos os mercados.<\/li>\n<li data-stringify-indent=\"0\" data-stringify-border=\"0\">Contribuir para a narrativa da marca e para a inova\u00e7\u00e3o na forma como a Arbrea comunica seu valor.<\/li>\n<\/ul>\n<div class=\"p-rich_text_section\"><strong>Seu perfil<br \/>\n<\/strong><br \/>\nHabilidades obrigat\u00f3rias:<\/div>\n<ul class=\"p-rich_text_list p-rich_text_list__bullet p-rich_text_list--nested\" data-stringify-type=\"unordered-list\" data-list-tree=\"true\" data-indent=\"0\" data-border=\"0\">\n<li data-stringify-indent=\"0\" data-stringify-border=\"0\">N\u00edvel nativo \/ ingl\u00eas profissional (falado e escrito). OBRIGAT\u00d3RIO, n\u00e3o se candidate de outra forma<\/li>\n<li data-stringify-indent=\"0\" data-stringify-border=\"0\">Experi\u00eancia com o WordPress (gerenciamento de conte\u00fado, atualiza\u00e7\u00f5es, plug-ins).<\/li>\n<li data-stringify-indent=\"0\" data-stringify-border=\"0\">Familiaridade com as ferramentas de marketing do Google - Ads, Tag Manager, Analytics.<\/li>\n<li data-stringify-indent=\"0\" data-stringify-border=\"0\">Profici\u00eancia em design gr\u00e1fico (Canva).<\/li>\n<li data-stringify-indent=\"0\" data-stringify-border=\"0\">Habilidades de edi\u00e7\u00e3o de v\u00eddeo (por exemplo, CapCut, Premiere ou similar).<\/li>\n<li data-stringify-indent=\"0\" data-stringify-border=\"0\">Conhecimento b\u00e1sico e m\u00e9dio de SEO.<\/li>\n<li data-stringify-indent=\"0\" data-stringify-border=\"0\">Uma mentalidade de startup - proativa, que aprende r\u00e1pido, pr\u00e1tica, adapt\u00e1vel e com vontade de crescer.<\/li>\n<\/ul>\n<div class=\"p-rich_text_section\">\u00c9 bom ter (uma grande vantagem):<\/div>\n<ul class=\"p-rich_text_list p-rich_text_list__bullet p-rich_text_list--nested\" data-stringify-type=\"unordered-list\" data-list-tree=\"true\" data-indent=\"0\" data-border=\"0\">\n<li data-stringify-indent=\"0\" data-stringify-border=\"0\">Conhecimento de espanhol e\/ou portugu\u00eas.<\/li>\n<li data-stringify-indent=\"0\" data-stringify-border=\"0\">Experi\u00eancia anterior com FIGMA e UI\/UX<\/li>\n<li data-stringify-indent=\"0\" data-stringify-border=\"0\">Conhecimento b\u00e1sico de UI\/UX.<\/li>\n<li data-stringify-indent=\"0\" data-stringify-border=\"0\">Experi\u00eancia anterior em ambientes de tecnologia da sa\u00fade, tecnologia m\u00e9dica ou SaaS.<\/li>\n<\/ul>\n<div class=\"p-rich_text_section\"><strong>\u00a0O que oferecemos<\/strong><\/div>\n<ul class=\"p-rich_text_list p-rich_text_list__bullet p-rich_text_list--nested\" data-stringify-type=\"unordered-list\" data-list-tree=\"true\" data-indent=\"0\" data-border=\"0\">\n<li data-stringify-indent=\"0\" data-stringify-border=\"0\">A oportunidade de moldar a estrat\u00e9gia de marketing de uma startup su\u00ed\u00e7a de r\u00e1pido crescimento.<\/li>\n<li data-stringify-indent=\"0\" data-stringify-border=\"0\">Um ambiente criativo e internacional, onde suas ideias s\u00e3o realmente importantes.<\/li>\n<li data-stringify-indent=\"0\" data-stringify-border=\"0\">Flexibilidade - op\u00e7\u00f5es de trabalho remoto e cultura voltada para resultados.<\/li>\n<li data-stringify-indent=\"0\" data-stringify-border=\"0\">Exposi\u00e7\u00e3o \u00e0 tecnologia de ponta no campo da est\u00e9tica m\u00e9dica.<\/li>\n<li data-stringify-indent=\"0\" data-stringify-border=\"0\">Oportunidades reais de crescimento na carreira em uma empresa global em expans\u00e3o.<\/li>\n<\/ul>\n<\/div>\n<\/div>\n\n\n\n\n\t\t\t<\/div> \n\t\t<\/div>\n\t<\/div> \n<\/div><\/div>\n\t\t<div id=\"fws_69d2b3b63180f\"  data-column-margin=\"default\" data-midnight=\"dark\"  class=\"wpb_row vc_row-fluid vc_row\"  style=\"padding-top: 0px; padding-bottom: 0px; \"><div class=\"row-bg-wrap\" data-bg-animation=\"none\" data-bg-animation-delay=\"\" data-bg-overlay=\"false\"><div class=\"inner-wrap row-bg-layer\" ><div class=\"row-bg viewport-desktop\"  style=\"\"><\/div><\/div><\/div><div class=\"row_col_wrap_12 col span_12 dark left\">\n\t<div  class=\"vc_col-sm-12 wpb_column column_container vc_column_container col no-extra-padding inherit_tablet inherit_phone\"  data-padding-pos=\"all\" data-has-bg-color=\"false\" data-bg-color=\"\" data-bg-opacity=\"1\" data-animation=\"\" data-delay=\"0\" >\n\t\t<div class=\"vc_column-inner\" >\n\t\t\t<div class=\"wpb_wrapper\">\n\t\t\t\t\n<div class=\"wpb_text_column wpb_content_element\" >\n\t<\/div>\n\n\n\n\n\t\t\t<\/div> \n\t\t<\/div>\n\t<\/div> \n<\/div><\/div>\n\t\t<div id=\"fws_69d2b3b631947\"  data-column-margin=\"default\" data-midnight=\"dark\"  class=\"wpb_row vc_row-fluid vc_row\"  style=\"padding-top: 0px; padding-bottom: 0px; \"><div class=\"row-bg-wrap\" data-bg-animation=\"none\" data-bg-animation-delay=\"\" data-bg-overlay=\"false\"><div class=\"inner-wrap row-bg-layer\" ><div class=\"row-bg viewport-desktop\"  style=\"\"><\/div><\/div><\/div><div class=\"row_col_wrap_12 col span_12 dark left\">\n\t<div  class=\"vc_col-sm-12 wpb_column column_container vc_column_container col no-extra-padding inherit_tablet inherit_phone\"  data-padding-pos=\"all\" data-has-bg-color=\"false\" data-bg-color=\"\" data-bg-opacity=\"1\" data-animation=\"\" data-delay=\"0\" >\n\t\t<div class=\"vc_column-inner\" >\n\t\t\t<div class=\"wpb_wrapper\">\n\t\t\t\t\n\t<div class=\"wpb_raw_code wpb_raw_html wpb_content_element\" >\n\t\t<div class=\"wpb_wrapper\">\n\t\t\t<div data-tf-live=\"01JD527Y3CFHBDBHN40JFPVY2E\"><\/div><script src=\"\/\/embed.typeform.com\/next\/embed.js\"><\/script>\n\t\t<\/div>\n\t<\/div>\n\n\t\t\t<\/div> \n\t\t<\/div>\n\t<\/div> \n<\/div><\/div><!-- \/wp:post-content -->","protected":false},"excerpt":{"rendered":"Junte-se \u00e0 nossa equipe criativaEspecialista em marketing Localiza\u00e7\u00e3o: Alb\u00e2nia - remoto (de prefer\u00eancia em Tiran\u00eb ou Durres)Tipo: Tempo integral Descri\u00e7\u00e3o do cargo:Como nosso novo especialista em marketing, voc\u00ea desempenhar\u00e1 um papel fundamental...","protected":false},"author":3,"featured_media":52833,"parent":0,"menu_order":0,"comment_status":"closed","ping_status":"closed","template":"","meta":{"footnotes":""},"class_list":["post-54319","page","type-page","status-publish","has-post-thumbnail"],"yoast_head":"<!-- This site is optimized with the Yoast SEO Premium plugin v27.3 (Yoast SEO v27.3) - https:\/\/yoast.com\/product\/yoast-seo-premium-wordpress\/ -->\n<title>Marketing Specialist - Arbrea Labs<\/title>\n<meta name=\"description\" content=\"Join our team as a marketing specialist and help shape our global presence through impactful content and digital campaigns.\" \/>\n<meta name=\"robots\" content=\"index, follow, max-snippet:-1, max-image-preview:large, max-video-preview:-1\" \/>\n<link rel=\"canonical\" href=\"https:\/\/arbrea-labs.com\/pt\/especialista-em-marketing\/\" \/>\n<meta property=\"og:locale\" content=\"pt_BR\" \/>\n<meta property=\"og:type\" content=\"article\" \/>\n<meta property=\"og:title\" content=\"Marketing Specialist\" \/>\n<meta property=\"og:description\" content=\"Join our team as a marketing specialist and help shape our global presence through impactful content and digital campaigns.\" \/>\n<meta property=\"og:url\" content=\"https:\/\/arbrea-labs.com\/pt\/especialista-em-marketing\/\" \/>\n<meta property=\"og:site_name\" content=\"Arbrea Labs\" \/>\n<meta property=\"article:publisher\" content=\"https:\/\/www.facebook.com\/arbrealabs\" \/>\n<meta property=\"article:modified_time\" content=\"2025-11-14T12:32:53+00:00\" \/>\n<meta property=\"og:image\" content=\"https:\/\/arbrea-labs.com\/wp-content\/uploads\/2025\/04\/jason-goodman-vbxyFxlgpjM-unsplash-scaled.jpg\" \/>\n\t<meta property=\"og:image:width\" content=\"2560\" \/>\n\t<meta property=\"og:image:height\" content=\"1707\" \/>\n\t<meta property=\"og:image:type\" content=\"image\/jpeg\" \/>\n<meta name=\"twitter:card\" content=\"summary_large_image\" \/>\n<meta name=\"twitter:label1\" content=\"Est. tempo de leitura\" \/>\n\t<meta name=\"twitter:data1\" content=\"2 minutos\" \/>\n<script type=\"application\/ld+json\" class=\"yoast-schema-graph\">{\"@context\":\"https:\\\/\\\/schema.org\",\"@graph\":[{\"@type\":\"WebPage\",\"@id\":\"https:\\\/\\\/arbrea-labs.com\\\/marketing-specialist\\\/\",\"url\":\"https:\\\/\\\/arbrea-labs.com\\\/marketing-specialist\\\/\",\"name\":\"Marketing Specialist - Arbrea Labs\",\"isPartOf\":{\"@id\":\"https:\\\/\\\/arbrea-labs.com\\\/#website\"},\"primaryImageOfPage\":{\"@id\":\"https:\\\/\\\/arbrea-labs.com\\\/marketing-specialist\\\/#primaryimage\"},\"image\":{\"@id\":\"https:\\\/\\\/arbrea-labs.com\\\/marketing-specialist\\\/#primaryimage\"},\"thumbnailUrl\":\"https:\\\/\\\/arbrea-labs.com\\\/wp-content\\\/uploads\\\/2025\\\/04\\\/jason-goodman-vbxyFxlgpjM-unsplash-scaled.jpg\",\"datePublished\":\"2025-11-14T12:30:48+00:00\",\"dateModified\":\"2025-11-14T12:32:53+00:00\",\"description\":\"Join our team as a marketing specialist and help shape our global presence through impactful content and digital campaigns.\",\"breadcrumb\":{\"@id\":\"https:\\\/\\\/arbrea-labs.com\\\/marketing-specialist\\\/#breadcrumb\"},\"inLanguage\":\"pt-BR\",\"potentialAction\":[{\"@type\":\"ReadAction\",\"target\":[\"https:\\\/\\\/arbrea-labs.com\\\/marketing-specialist\\\/\"]}]},{\"@type\":\"ImageObject\",\"inLanguage\":\"pt-BR\",\"@id\":\"https:\\\/\\\/arbrea-labs.com\\\/marketing-specialist\\\/#primaryimage\",\"url\":\"https:\\\/\\\/arbrea-labs.com\\\/wp-content\\\/uploads\\\/2025\\\/04\\\/jason-goodman-vbxyFxlgpjM-unsplash-scaled.jpg\",\"contentUrl\":\"https:\\\/\\\/arbrea-labs.com\\\/wp-content\\\/uploads\\\/2025\\\/04\\\/jason-goodman-vbxyFxlgpjM-unsplash-scaled.jpg\",\"width\":2560,\"height\":1707,\"caption\":\"marketing agency\"},{\"@type\":\"BreadcrumbList\",\"@id\":\"https:\\\/\\\/arbrea-labs.com\\\/marketing-specialist\\\/#breadcrumb\",\"itemListElement\":[{\"@type\":\"ListItem\",\"position\":1,\"name\":\"Home\",\"item\":\"https:\\\/\\\/arbrea-labs.com\\\/\"},{\"@type\":\"ListItem\",\"position\":2,\"name\":\"Marketing Specialist\"}]},{\"@type\":\"WebSite\",\"@id\":\"https:\\\/\\\/arbrea-labs.com\\\/#website\",\"url\":\"https:\\\/\\\/arbrea-labs.com\\\/\",\"name\":\"Arbrea Labs\",\"description\":\"Augmented Reality &amp; 3D Solutions for Aesthetics\",\"publisher\":{\"@id\":\"https:\\\/\\\/arbrea-labs.com\\\/#organization\"},\"alternateName\":\"Arbrea\",\"potentialAction\":[{\"@type\":\"SearchAction\",\"target\":{\"@type\":\"EntryPoint\",\"urlTemplate\":\"https:\\\/\\\/arbrea-labs.com\\\/?s={search_term_string}\"},\"query-input\":{\"@type\":\"PropertyValueSpecification\",\"valueRequired\":true,\"valueName\":\"search_term_string\"}}],\"inLanguage\":\"pt-BR\"},{\"@type\":\"Organization\",\"@id\":\"https:\\\/\\\/arbrea-labs.com\\\/#organization\",\"name\":\"Arbrea Labs\",\"alternateName\":\"Arbrea\",\"url\":\"https:\\\/\\\/arbrea-labs.com\\\/\",\"logo\":{\"@type\":\"ImageObject\",\"inLanguage\":\"pt-BR\",\"@id\":\"https:\\\/\\\/arbrea-labs.com\\\/#\\\/schema\\\/logo\\\/image\\\/\",\"url\":\"https:\\\/\\\/arbrea-labs.com\\\/wp-content\\\/uploads\\\/2022\\\/01\\\/logo_arbrea_LABS-01-1-e1641392734450.png\",\"contentUrl\":\"https:\\\/\\\/arbrea-labs.com\\\/wp-content\\\/uploads\\\/2022\\\/01\\\/logo_arbrea_LABS-01-1-e1641392734450.png\",\"width\":2000,\"height\":750,\"caption\":\"Arbrea Labs\"},\"image\":{\"@id\":\"https:\\\/\\\/arbrea-labs.com\\\/#\\\/schema\\\/logo\\\/image\\\/\"},\"sameAs\":[\"https:\\\/\\\/www.facebook.com\\\/arbrealabs\",\"https:\\\/\\\/www.instagram.com\\\/arbrealabs\\\/\",\"https:\\\/\\\/www.linkedin.com\\\/company\\\/arbrea-labs-ag\\\/\",\"https:\\\/\\\/www.youtube.com\\\/channel\\\/UCbHN9gofXJv8rMAHcAguTcg\"],\"description\":\"Arbrea Labs leads the way in blending advanced AI technology with personalized healthcare. Our fast, simple and safe Augmented Reality & 3D simulators optimize consultations, saving time and enhancing patient education. Meanwhile, our AR-driven marketing booster enhances patient journeys, maximizing marketing ROI and fostering efficient lead generation. Join us as we shape the future of aesthetic healthcare.\",\"email\":\"info@arbrea-labs.com\",\"legalName\":\"Arbrea Labs AG\",\"foundingDate\":\"2018-03-04\",\"vatID\":\"CHE-292.633.177\",\"numberOfEmployees\":{\"@type\":\"QuantitativeValue\",\"minValue\":\"11\",\"maxValue\":\"50\"}}]}<\/script>\n<!-- \/ Yoast SEO Premium plugin. -->","yoast_head_json":{"title":"Especialista em marketing - Arbrea Labs","description":"Junte-se \u00e0 nossa equipe como especialista em marketing e ajude a moldar nossa presen\u00e7a global por meio de conte\u00fado impactante e campanhas digitais.","robots":{"index":"index","follow":"follow","max-snippet":"max-snippet:-1","max-image-preview":"max-image-preview:large","max-video-preview":"max-video-preview:-1"},"canonical":"https:\/\/arbrea-labs.com\/pt\/especialista-em-marketing\/","og_locale":"pt_BR","og_type":"article","og_title":"Marketing Specialist","og_description":"Join our team as a marketing specialist and help shape our global presence through impactful content and digital campaigns.","og_url":"https:\/\/arbrea-labs.com\/pt\/especialista-em-marketing\/","og_site_name":"Arbrea Labs","article_publisher":"https:\/\/www.facebook.com\/arbrealabs","article_modified_time":"2025-11-14T12:32:53+00:00","og_image":[{"width":2560,"height":1707,"url":"https:\/\/arbrea-labs.com\/wp-content\/uploads\/2025\/04\/jason-goodman-vbxyFxlgpjM-unsplash-scaled.jpg","type":"image\/jpeg"}],"twitter_card":"summary_large_image","twitter_misc":{"Est. tempo de leitura":"2 minutos"},"schema":{"@context":"https:\/\/schema.org","@graph":[{"@type":"WebPage","@id":"https:\/\/arbrea-labs.com\/marketing-specialist\/","url":"https:\/\/arbrea-labs.com\/marketing-specialist\/","name":"Especialista em marketing - Arbrea Labs","isPartOf":{"@id":"https:\/\/arbrea-labs.com\/#website"},"primaryImageOfPage":{"@id":"https:\/\/arbrea-labs.com\/marketing-specialist\/#primaryimage"},"image":{"@id":"https:\/\/arbrea-labs.com\/marketing-specialist\/#primaryimage"},"thumbnailUrl":"https:\/\/arbrea-labs.com\/wp-content\/uploads\/2025\/04\/jason-goodman-vbxyFxlgpjM-unsplash-scaled.jpg","datePublished":"2025-11-14T12:30:48+00:00","dateModified":"2025-11-14T12:32:53+00:00","description":"Junte-se \u00e0 nossa equipe como especialista em marketing e ajude a moldar nossa presen\u00e7a global por meio de conte\u00fado impactante e campanhas digitais.","breadcrumb":{"@id":"https:\/\/arbrea-labs.com\/marketing-specialist\/#breadcrumb"},"inLanguage":"pt-BR","potentialAction":[{"@type":"ReadAction","target":["https:\/\/arbrea-labs.com\/marketing-specialist\/"]}]},{"@type":"ImageObject","inLanguage":"pt-BR","@id":"https:\/\/arbrea-labs.com\/marketing-specialist\/#primaryimage","url":"https:\/\/arbrea-labs.com\/wp-content\/uploads\/2025\/04\/jason-goodman-vbxyFxlgpjM-unsplash-scaled.jpg","contentUrl":"https:\/\/arbrea-labs.com\/wp-content\/uploads\/2025\/04\/jason-goodman-vbxyFxlgpjM-unsplash-scaled.jpg","width":2560,"height":1707,"caption":"marketing agency"},{"@type":"BreadcrumbList","@id":"https:\/\/arbrea-labs.com\/marketing-specialist\/#breadcrumb","itemListElement":[{"@type":"ListItem","position":1,"name":"Home","item":"https:\/\/arbrea-labs.com\/"},{"@type":"ListItem","position":2,"name":"Marketing Specialist"}]},{"@type":"WebSite","@id":"https:\/\/arbrea-labs.com\/#website","url":"https:\/\/arbrea-labs.com\/","name":"Laborat\u00f3rios Arbrea","description":"Solu\u00e7\u00f5es de Realidade Aumentada e 3D para Est\u00e9tica","publisher":{"@id":"https:\/\/arbrea-labs.com\/#organization"},"alternateName":"Arbrea","potentialAction":[{"@type":"SearchAction","target":{"@type":"EntryPoint","urlTemplate":"https:\/\/arbrea-labs.com\/?s={search_term_string}"},"query-input":{"@type":"PropertyValueSpecification","valueRequired":true,"valueName":"search_term_string"}}],"inLanguage":"pt-BR"},{"@type":"Organization","@id":"https:\/\/arbrea-labs.com\/#organization","name":"Laborat\u00f3rios Arbrea","alternateName":"Arbrea","url":"https:\/\/arbrea-labs.com\/","logo":{"@type":"ImageObject","inLanguage":"pt-BR","@id":"https:\/\/arbrea-labs.com\/#\/schema\/logo\/image\/","url":"https:\/\/arbrea-labs.com\/wp-content\/uploads\/2022\/01\/logo_arbrea_LABS-01-1-e1641392734450.png","contentUrl":"https:\/\/arbrea-labs.com\/wp-content\/uploads\/2022\/01\/logo_arbrea_LABS-01-1-e1641392734450.png","width":2000,"height":750,"caption":"Arbrea Labs"},"image":{"@id":"https:\/\/arbrea-labs.com\/#\/schema\/logo\/image\/"},"sameAs":["https:\/\/www.facebook.com\/arbrealabs","https:\/\/www.instagram.com\/arbrealabs\/","https:\/\/www.linkedin.com\/company\/arbrea-labs-ag\/","https:\/\/www.youtube.com\/channel\/UCbHN9gofXJv8rMAHcAguTcg"],"description":"A Arbrea Labs \u00e9 l\u00edder na combina\u00e7\u00e3o de tecnologia avan\u00e7ada de IA com cuidados de sa\u00fade personalizados. Nossos simuladores de Realidade Aumentada e 3D r\u00e1pidos, simples e seguros otimizam as consultas, economizando tempo e aprimorando a educa\u00e7\u00e3o do paciente. Enquanto isso, nosso impulsionador de marketing orientado por AR aprimora as jornadas dos pacientes, maximizando o ROI de marketing e promovendo a gera\u00e7\u00e3o eficiente de leads. Junte-se a n\u00f3s para moldar o futuro da sa\u00fade est\u00e9tica.","email":"info@arbrea-labs.com","legalName":"Arbrea Labs AG","foundingDate":"2018-03-04","vatID":"CHE-292.633.177","numberOfEmployees":{"@type":"QuantitativeValue","minValue":"11","maxValue":"50"}}]}},"_links":{"self":[{"href":"https:\/\/arbrea-labs.com\/pt\/wp-json\/wp\/v2\/pages\/54319","targetHints":{"allow":["GET"]}}],"collection":[{"href":"https:\/\/arbrea-labs.com\/pt\/wp-json\/wp\/v2\/pages"}],"about":[{"href":"https:\/\/arbrea-labs.com\/pt\/wp-json\/wp\/v2\/types\/page"}],"author":[{"embeddable":true,"href":"https:\/\/arbrea-labs.com\/pt\/wp-json\/wp\/v2\/users\/3"}],"replies":[{"embeddable":true,"href":"https:\/\/arbrea-labs.com\/pt\/wp-json\/wp\/v2\/comments?post=54319"}],"version-history":[{"count":0,"href":"https:\/\/arbrea-labs.com\/pt\/wp-json\/wp\/v2\/pages\/54319\/revisions"}],"wp:featuredmedia":[{"embeddable":true,"href":"https:\/\/arbrea-labs.com\/pt\/wp-json\/wp\/v2\/media\/52833"}],"wp:attachment":[{"href":"https:\/\/arbrea-labs.com\/pt\/wp-json\/wp\/v2\/media?parent=54319"}],"curies":[{"name":"wp","href":"https:\/\/api.w.org\/{rel}","templated":true}]}}