{"id":37436,"date":"2024-08-28T13:53:01","date_gmt":"2024-08-28T11:53:01","guid":{"rendered":"https:\/\/arbrea-labs.com\/cart\/"},"modified":"2024-08-28T13:53:01","modified_gmt":"2024-08-28T11:53:01","slug":"carrinho","status":"publish","type":"page","link":"https:\/\/arbrea-labs.com\/pt\/cart\/","title":{"rendered":"Carrinho"},"content":{"rendered":"<div data-block-name=\"woocommerce\/cart\" class=\"wp-block-woocommerce-cart alignwide is-loading\">\n<div data-block-name=\"woocommerce\/filled-cart-block\" class=\"wp-block-woocommerce-filled-cart-block\">\n<div data-block-name=\"woocommerce\/cart-items-block\" class=\"wp-block-woocommerce-cart-items-block\">\n<div data-block-name=\"woocommerce\/cart-line-items-block\" class=\"wp-block-woocommerce-cart-line-items-block\"><\/div>\n\n\n\n<div data-block-name=\"woocommerce\/cart-cross-sells-block\" class=\"wp-block-woocommerce-cart-cross-sells-block\">\n<h2 class=\"wp-block-heading has-large-font-size\">Voc\u00ea pode estar interessado em...<\/h2>\n\n\n\n<div data-block-name=\"woocommerce\/cart-cross-sells-products-block\" class=\"wp-block-woocommerce-cart-cross-sells-products-block\"><\/div>\n<\/div>\n<\/div>\n\n\n\n<div data-block-name=\"woocommerce\/cart-totals-block\" class=\"wp-block-woocommerce-cart-totals-block\">\n<div data-block-name=\"woocommerce\/cart-order-summary-block\" class=\"wp-block-woocommerce-cart-order-summary-block\">\n<div data-block-name=\"woocommerce\/cart-order-summary-heading-block\" class=\"wp-block-woocommerce-cart-order-summary-heading-block\"><\/div><div data-block-name=\"woocommerce\/cart-order-summary-coupon-form-block\" class=\"wp-block-woocommerce-cart-order-summary-coupon-form-block\"><\/div><div data-block-name=\"woocommerce\/cart-order-summary-totals-block\" class=\"wp-block-woocommerce-cart-order-summary-totals-block\">\n<div data-block-name=\"woocommerce\/cart-order-summary-subtotal-block\" class=\"wp-block-woocommerce-cart-order-summary-subtotal-block\"><\/div>\n<div data-block-name=\"woocommerce\/cart-order-summary-discount-block\" class=\"wp-block-woocommerce-cart-order-summary-discount-block\"><\/div>\n<div data-block-name=\"woocommerce\/cart-order-summary-fee-block\" class=\"wp-block-woocommerce-cart-order-summary-fee-block\"><\/div>\n<div data-block-name=\"woocommerce\/cart-order-summary-shipping-block\" class=\"wp-block-woocommerce-cart-order-summary-shipping-block\"><\/div>\n<div data-block-name=\"woocommerce\/cart-order-summary-taxes-block\" class=\"wp-block-woocommerce-cart-order-summary-taxes-block\"><\/div><\/div>\n<\/div>\n\n\n\n<div data-block-name=\"woocommerce\/cart-express-payment-block\" class=\"wp-block-woocommerce-cart-express-payment-block\"><\/div>\n\n\n\n<div data-block-name=\"woocommerce\/proceed-to-checkout-block\" class=\"wp-block-woocommerce-proceed-to-checkout-block\"><\/div>\n\n\n\n<div data-block-name=\"woocommerce\/cart-accepted-payment-methods-block\" class=\"wp-block-woocommerce-cart-accepted-payment-methods-block\"><\/div>\n<\/div>\n<\/div>\n\n\n\n<div data-block-name=\"woocommerce\/empty-cart-block\" class=\"wp-block-woocommerce-empty-cart-block\">\n<h2 class=\"wp-block-heading has-text-align-center with-empty-cart-icon wc-block-cart__empty-cart__title\">Seu carrinho est\u00e1 vazio no momento!<\/h2>\n\n\n\n<hr class=\"wp-block-separator has-alpha-channel-opacity is-style-dots\"\/>\n\n\n\n<h2 class=\"wp-block-heading has-text-align-center\">Novo na loja<\/h2>\n\n\n<div data-block-name=\"woocommerce\/product-new\" data-columns=\"4\" data-rows=\"1\" class=\"wc-block-grid wp-block-product-new wp-block-woocommerce-product-new wc-block-product-new has-4-columns\"><ul class=\"wc-block-grid__products\"><li class=\"wc-block-grid__product\">\n\t\t\t\t<a href=\"https:\/\/arbrea-labs.com\/pt\/product\/lindapp-pro\/\" class=\"wc-block-grid__product-link\">\n\t\t\t\t\t\n\t\t\t\t\t<div class=\"wc-block-grid__product-image\"><img fetchpriority=\"high\" decoding=\"async\" width=\"300\" height=\"300\" src=\"data:image\/gif;base64,R0lGODlhAQABAAAAACH5BAEKAAEALAAAAAABAAEAAAICTAEAOw==\" class=\"attachment-woocommerce_thumbnail size-woocommerce_thumbnail lazyload\" alt=\"Lindapp PRO\" sizes=\"(max-width: 300px) 100vw, 300px\" loading=\"eager\" data-src=\"https:\/\/arbrea-labs.com\/wp-content\/uploads\/2022\/05\/15-1-300x300.png\" data-srcset=\"https:\/\/arbrea-labs.com\/wp-content\/uploads\/2022\/05\/15-1-300x300.png 300w, https:\/\/arbrea-labs.com\/wp-content\/uploads\/2022\/05\/15-1-1024x1024.png 1024w, https:\/\/arbrea-labs.com\/wp-content\/uploads\/2022\/05\/15-1-150x150.png 150w, https:\/\/arbrea-labs.com\/wp-content\/uploads\/2022\/05\/15-1-768x768.png 768w, https:\/\/arbrea-labs.com\/wp-content\/uploads\/2022\/05\/15-1-12x12.png 12w, https:\/\/arbrea-labs.com\/wp-content\/uploads\/2022\/05\/15-1-360x360.png 360w, https:\/\/arbrea-labs.com\/wp-content\/uploads\/2022\/05\/15-1-140x140.png 140w, https:\/\/arbrea-labs.com\/wp-content\/uploads\/2022\/05\/15-1-100x100.png 100w, https:\/\/arbrea-labs.com\/wp-content\/uploads\/2022\/05\/15-1-500x500.png 500w, https:\/\/arbrea-labs.com\/wp-content\/uploads\/2022\/05\/15-1-350x350.png 350w, https:\/\/arbrea-labs.com\/wp-content\/uploads\/2022\/05\/15-1-1000x1000.png 1000w, https:\/\/arbrea-labs.com\/wp-content\/uploads\/2022\/05\/15-1-800x800.png 800w, https:\/\/arbrea-labs.com\/wp-content\/uploads\/2022\/05\/15-1-600x600.png 600w, https:\/\/arbrea-labs.com\/wp-content\/uploads\/2022\/05\/15-1.png 1080w\"><\/div>\n\t\t\t\t\t<div class=\"wc-block-grid__product-title\">Lindapp PRO<\/div>\n\t\t\t\t<\/a>\n\t\t\t\t<div class=\"wc-block-grid__product-price price\"><span class=\"from\">A partir de: <\/span><span class=\"woocommerce-Price-amount amount\"><span class=\"woocommerce-Price-currencySymbol\">&euro;<\/span>&nbsp;199.00<\/span> <span class=\"subscription-details\"> \/ m\u00eas<\/span><\/div>\n\t\t\t\t\n\t\t\t\t<div class=\"wp-block-button wc-block-grid__product-add-to-cart\"><a href=\"https:\/\/arbrea-labs.com\/pt\/product\/lindapp-pro\/\" aria-label=\"Selecione as op\u00e7\u00f5es para \u201cLindapp PRO\u201d\" data-quantity=\"1\" data-product_id=\"17822\" data-product_sku=\"\" data-price=\"199\" rel=\"nofollow\" class=\"wp-block-button__link  add_to_cart_button\" data-no-translation=\"\" data-trp-gettext=\"\" data-no-translation-aria-label=\"\">Ver op\u00e7\u00f5es<\/a><\/div>\n\t\t\t<\/li><li class=\"wc-block-grid__product\">\n\t\t\t\t<a href=\"https:\/\/arbrea-labs.com\/pt\/product\/lindapp-advanced\/\" class=\"wc-block-grid__product-link\">\n\t\t\t\t\t\n\t\t\t\t\t<div class=\"wc-block-grid__product-image\"><img decoding=\"async\" width=\"300\" height=\"300\" src=\"data:image\/gif;base64,R0lGODlhAQABAAAAACH5BAEKAAEALAAAAAABAAEAAAICTAEAOw==\" class=\"attachment-woocommerce_thumbnail size-woocommerce_thumbnail lazyload\" alt=\"Lindapp Advanced\" sizes=\"(max-width: 300px) 100vw, 300px\" loading=\"eager\" data-src=\"https:\/\/arbrea-labs.com\/wp-content\/uploads\/2022\/05\/13-300x300.png\" data-srcset=\"https:\/\/arbrea-labs.com\/wp-content\/uploads\/2022\/05\/13-300x300.png 300w, https:\/\/arbrea-labs.com\/wp-content\/uploads\/2022\/05\/13-1024x1024.png 1024w, https:\/\/arbrea-labs.com\/wp-content\/uploads\/2022\/05\/13-150x150.png 150w, https:\/\/arbrea-labs.com\/wp-content\/uploads\/2022\/05\/13-768x768.png 768w, https:\/\/arbrea-labs.com\/wp-content\/uploads\/2022\/05\/13-12x12.png 12w, https:\/\/arbrea-labs.com\/wp-content\/uploads\/2022\/05\/13-360x360.png 360w, https:\/\/arbrea-labs.com\/wp-content\/uploads\/2022\/05\/13-140x140.png 140w, https:\/\/arbrea-labs.com\/wp-content\/uploads\/2022\/05\/13-100x100.png 100w, https:\/\/arbrea-labs.com\/wp-content\/uploads\/2022\/05\/13-500x500.png 500w, https:\/\/arbrea-labs.com\/wp-content\/uploads\/2022\/05\/13-350x350.png 350w, https:\/\/arbrea-labs.com\/wp-content\/uploads\/2022\/05\/13-1000x1000.png 1000w, https:\/\/arbrea-labs.com\/wp-content\/uploads\/2022\/05\/13-800x800.png 800w, https:\/\/arbrea-labs.com\/wp-content\/uploads\/2022\/05\/13-600x600.png 600w, https:\/\/arbrea-labs.com\/wp-content\/uploads\/2022\/05\/13.png 1080w\"><\/div>\n\t\t\t\t\t<div class=\"wc-block-grid__product-title\">Lindapp AVAN\u00c7ADO<\/div>\n\t\t\t\t<\/a>\n\t\t\t\t<div class=\"wc-block-grid__product-price price\"><span class=\"from\">A partir de: <\/span><span class=\"woocommerce-Price-amount amount\"><span class=\"woocommerce-Price-currencySymbol\">&euro;<\/span>&nbsp;99.00<\/span> <span class=\"subscription-details\"> \/ m\u00eas<\/span><\/div>\n\t\t\t\t\n\t\t\t\t<div class=\"wp-block-button wc-block-grid__product-add-to-cart\"><a href=\"https:\/\/arbrea-labs.com\/pt\/product\/lindapp-advanced\/\" aria-label=\"Selecione as op\u00e7\u00f5es para \u201cLindapp ADVANCED\u201d\" data-quantity=\"1\" data-product_id=\"17817\" data-product_sku=\"\" data-price=\"99\" rel=\"nofollow\" class=\"wp-block-button__link  add_to_cart_button\" data-no-translation=\"\" data-trp-gettext=\"\" data-no-translation-aria-label=\"\">Ver op\u00e7\u00f5es<\/a><\/div>\n\t\t\t<\/li><li class=\"wc-block-grid__product\">\n\t\t\t\t<a href=\"https:\/\/arbrea-labs.com\/pt\/product\/arbrea-face-pro\/\" class=\"wc-block-grid__product-link\">\n\t\t\t\t\t\n\t\t\t\t\t<div class=\"wc-block-grid__product-image\"><img decoding=\"async\" width=\"300\" height=\"300\" src=\"data:image\/gif;base64,R0lGODlhAQABAAAAACH5BAEKAAEALAAAAAABAAEAAAICTAEAOw==\" class=\"attachment-woocommerce_thumbnail size-woocommerce_thumbnail lazyload\" alt=\"Arbrea Face PRO\" sizes=\"(max-width: 300px) 100vw, 300px\" loading=\"eager\" data-src=\"https:\/\/arbrea-labs.com\/wp-content\/uploads\/2022\/05\/11-300x300.png\" data-srcset=\"https:\/\/arbrea-labs.com\/wp-content\/uploads\/2022\/05\/11-300x300.png 300w, https:\/\/arbrea-labs.com\/wp-content\/uploads\/2022\/05\/11-1024x1024.png 1024w, https:\/\/arbrea-labs.com\/wp-content\/uploads\/2022\/05\/11-150x150.png 150w, https:\/\/arbrea-labs.com\/wp-content\/uploads\/2022\/05\/11-768x768.png 768w, https:\/\/arbrea-labs.com\/wp-content\/uploads\/2022\/05\/11-12x12.png 12w, https:\/\/arbrea-labs.com\/wp-content\/uploads\/2022\/05\/11-360x360.png 360w, https:\/\/arbrea-labs.com\/wp-content\/uploads\/2022\/05\/11-140x140.png 140w, https:\/\/arbrea-labs.com\/wp-content\/uploads\/2022\/05\/11-100x100.png 100w, https:\/\/arbrea-labs.com\/wp-content\/uploads\/2022\/05\/11-500x500.png 500w, https:\/\/arbrea-labs.com\/wp-content\/uploads\/2022\/05\/11-350x350.png 350w, https:\/\/arbrea-labs.com\/wp-content\/uploads\/2022\/05\/11-1000x1000.png 1000w, https:\/\/arbrea-labs.com\/wp-content\/uploads\/2022\/05\/11-800x800.png 800w, https:\/\/arbrea-labs.com\/wp-content\/uploads\/2022\/05\/11-600x600.png 600w, https:\/\/arbrea-labs.com\/wp-content\/uploads\/2022\/05\/11.png 1080w\"><\/div>\n\t\t\t\t\t<div class=\"wc-block-grid__product-title\">Arbrea Face PRO<\/div>\n\t\t\t\t<\/a>\n\t\t\t\t<div class=\"wc-block-grid__product-price price\"><span class=\"from\">A partir de: <\/span><span class=\"woocommerce-Price-amount amount\"><span class=\"woocommerce-Price-currencySymbol\">&euro;<\/span>&nbsp;199.00<\/span> <span class=\"subscription-details\"> \/ m\u00eas<\/span><\/div>\n\t\t\t\t\n\t\t\t\t<div class=\"wp-block-button wc-block-grid__product-add-to-cart\"><a href=\"https:\/\/arbrea-labs.com\/pt\/product\/arbrea-face-pro\/\" aria-label=\"Selecione as op\u00e7\u00f5es para \u201cArbrea Face PRO\u201d\" data-quantity=\"1\" data-product_id=\"17812\" data-product_sku=\"\" data-price=\"199\" rel=\"nofollow\" class=\"wp-block-button__link  add_to_cart_button\" data-no-translation=\"\" data-trp-gettext=\"\" data-no-translation-aria-label=\"\">Ver op\u00e7\u00f5es<\/a><\/div>\n\t\t\t<\/li><li class=\"wc-block-grid__product\">\n\t\t\t\t<a href=\"https:\/\/arbrea-labs.com\/pt\/product\/arbrea-face-lite\/\" class=\"wc-block-grid__product-link\">\n\t\t\t\t\t\n\t\t\t\t\t<div class=\"wc-block-grid__product-image\"><img decoding=\"async\" width=\"300\" height=\"300\" src=\"data:image\/gif;base64,R0lGODlhAQABAAAAACH5BAEKAAEALAAAAAABAAEAAAICTAEAOw==\" class=\"attachment-woocommerce_thumbnail size-woocommerce_thumbnail lazyload\" alt=\"Arbrea Face LITE\" sizes=\"(max-width: 300px) 100vw, 300px\" loading=\"eager\" data-src=\"https:\/\/arbrea-labs.com\/wp-content\/uploads\/2022\/05\/9-300x300.png\" data-srcset=\"https:\/\/arbrea-labs.com\/wp-content\/uploads\/2022\/05\/9-300x300.png 300w, https:\/\/arbrea-labs.com\/wp-content\/uploads\/2022\/05\/9-1024x1024.png 1024w, https:\/\/arbrea-labs.com\/wp-content\/uploads\/2022\/05\/9-150x150.png 150w, https:\/\/arbrea-labs.com\/wp-content\/uploads\/2022\/05\/9-768x768.png 768w, https:\/\/arbrea-labs.com\/wp-content\/uploads\/2022\/05\/9-12x12.png 12w, https:\/\/arbrea-labs.com\/wp-content\/uploads\/2022\/05\/9-360x360.png 360w, https:\/\/arbrea-labs.com\/wp-content\/uploads\/2022\/05\/9-140x140.png 140w, https:\/\/arbrea-labs.com\/wp-content\/uploads\/2022\/05\/9-100x100.png 100w, https:\/\/arbrea-labs.com\/wp-content\/uploads\/2022\/05\/9-500x500.png 500w, https:\/\/arbrea-labs.com\/wp-content\/uploads\/2022\/05\/9-350x350.png 350w, https:\/\/arbrea-labs.com\/wp-content\/uploads\/2022\/05\/9-1000x1000.png 1000w, https:\/\/arbrea-labs.com\/wp-content\/uploads\/2022\/05\/9-800x800.png 800w, https:\/\/arbrea-labs.com\/wp-content\/uploads\/2022\/05\/9-600x600.png 600w, https:\/\/arbrea-labs.com\/wp-content\/uploads\/2022\/05\/9.png 1080w\"><\/div>\n\t\t\t\t\t<div class=\"wc-block-grid__product-title\">Arbrea Face LITE<\/div>\n\t\t\t\t<\/a>\n\t\t\t\t<div class=\"wc-block-grid__product-price price\"><span class=\"from\">A partir de: <\/span><span class=\"woocommerce-Price-amount amount\"><span class=\"woocommerce-Price-currencySymbol\">&euro;<\/span>&nbsp;99.00<\/span> <span class=\"subscription-details\"> \/ m\u00eas<\/span><\/div>\n\t\t\t\t\n\t\t\t\t<div class=\"wp-block-button wc-block-grid__product-add-to-cart\"><a href=\"https:\/\/arbrea-labs.com\/pt\/product\/arbrea-face-lite\/\" aria-label=\"Selecione as op\u00e7\u00f5es para \u201cArbrea Face LITE\u201d\" data-quantity=\"1\" data-product_id=\"17807\" data-product_sku=\"\" data-price=\"99\" rel=\"nofollow\" class=\"wp-block-button__link  add_to_cart_button\" data-no-translation=\"\" data-trp-gettext=\"\" data-no-translation-aria-label=\"\">Ver op\u00e7\u00f5es<\/a><\/div>\n\t\t\t<\/li><\/ul><\/div><\/div>\n<\/div>","protected":false},"excerpt":{"rendered":"You may be interested in\u2026 Your cart is currently empty! New in store","protected":false},"author":1,"featured_media":0,"parent":0,"menu_order":0,"comment_status":"closed","ping_status":"closed","template":"","meta":{"footnotes":""},"class_list":["post-37436","page","type-page","status-publish"],"yoast_head":"<!-- This site is optimized with the Yoast SEO Premium plugin v27.3 (Yoast SEO v27.4) - https:\/\/yoast.com\/product\/yoast-seo-premium-wordpress\/ -->\n<title>Cart - Arbrea Labs<\/title>\n<meta name=\"robots\" content=\"index, follow, max-snippet:-1, max-image-preview:large, max-video-preview:-1\" \/>\n<link rel=\"canonical\" href=\"https:\/\/arbrea-labs.com\/pt\/carrinho\/\" \/>\n<meta property=\"og:locale\" content=\"pt_BR\" \/>\n<meta property=\"og:type\" content=\"article\" \/>\n<meta property=\"og:title\" content=\"Cart\" \/>\n<meta property=\"og:url\" content=\"https:\/\/arbrea-labs.com\/pt\/carrinho\/\" \/>\n<meta property=\"og:site_name\" content=\"Arbrea Labs\" \/>\n<meta property=\"article:publisher\" content=\"https:\/\/www.facebook.com\/arbrealabs\" \/>\n<meta name=\"twitter:card\" content=\"summary_large_image\" \/>\n<script type=\"application\/ld+json\" class=\"yoast-schema-graph\">{\"@context\":\"https:\\\/\\\/schema.org\",\"@graph\":[{\"@type\":\"WebPage\",\"@id\":\"https:\\\/\\\/arbrea-labs.com\\\/cart\\\/\",\"url\":\"https:\\\/\\\/arbrea-labs.com\\\/cart\\\/\",\"name\":\"Cart - Arbrea Labs\",\"isPartOf\":{\"@id\":\"https:\\\/\\\/arbrea-labs.com\\\/#website\"},\"datePublished\":\"2024-08-28T11:53:01+00:00\",\"breadcrumb\":{\"@id\":\"https:\\\/\\\/arbrea-labs.com\\\/cart\\\/#breadcrumb\"},\"inLanguage\":\"pt-BR\",\"potentialAction\":[{\"@type\":\"ReadAction\",\"target\":[\"https:\\\/\\\/arbrea-labs.com\\\/cart\\\/\"]}]},{\"@type\":\"BreadcrumbList\",\"@id\":\"https:\\\/\\\/arbrea-labs.com\\\/cart\\\/#breadcrumb\",\"itemListElement\":[{\"@type\":\"ListItem\",\"position\":1,\"name\":\"Home\",\"item\":\"https:\\\/\\\/arbrea-labs.com\\\/\"},{\"@type\":\"ListItem\",\"position\":2,\"name\":\"Cart\"}]},{\"@type\":\"WebSite\",\"@id\":\"https:\\\/\\\/arbrea-labs.com\\\/#website\",\"url\":\"https:\\\/\\\/arbrea-labs.com\\\/\",\"name\":\"Arbrea Labs\",\"description\":\"Augmented Reality &amp; 3D Solutions for Aesthetics\",\"publisher\":{\"@id\":\"https:\\\/\\\/arbrea-labs.com\\\/#organization\"},\"alternateName\":\"Arbrea\",\"potentialAction\":[{\"@type\":\"SearchAction\",\"target\":{\"@type\":\"EntryPoint\",\"urlTemplate\":\"https:\\\/\\\/arbrea-labs.com\\\/?s={search_term_string}\"},\"query-input\":{\"@type\":\"PropertyValueSpecification\",\"valueRequired\":true,\"valueName\":\"search_term_string\"}}],\"inLanguage\":\"pt-BR\"},{\"@type\":\"Organization\",\"@id\":\"https:\\\/\\\/arbrea-labs.com\\\/#organization\",\"name\":\"Arbrea Labs\",\"alternateName\":\"Arbrea\",\"url\":\"https:\\\/\\\/arbrea-labs.com\\\/\",\"logo\":{\"@type\":\"ImageObject\",\"inLanguage\":\"pt-BR\",\"@id\":\"https:\\\/\\\/arbrea-labs.com\\\/#\\\/schema\\\/logo\\\/image\\\/\",\"url\":\"https:\\\/\\\/arbrea-labs.com\\\/wp-content\\\/uploads\\\/2022\\\/01\\\/logo_arbrea_LABS-01-1-e1641392734450.png\",\"contentUrl\":\"https:\\\/\\\/arbrea-labs.com\\\/wp-content\\\/uploads\\\/2022\\\/01\\\/logo_arbrea_LABS-01-1-e1641392734450.png\",\"width\":2000,\"height\":750,\"caption\":\"Arbrea Labs\"},\"image\":{\"@id\":\"https:\\\/\\\/arbrea-labs.com\\\/#\\\/schema\\\/logo\\\/image\\\/\"},\"sameAs\":[\"https:\\\/\\\/www.facebook.com\\\/arbrealabs\",\"https:\\\/\\\/www.instagram.com\\\/arbrealabs\\\/\",\"https:\\\/\\\/www.linkedin.com\\\/company\\\/arbrea-labs-ag\\\/\",\"https:\\\/\\\/www.youtube.com\\\/channel\\\/UCbHN9gofXJv8rMAHcAguTcg\"],\"description\":\"Arbrea Labs leads the way in blending advanced AI technology with personalized healthcare. Our fast, simple and safe Augmented Reality & 3D simulators optimize consultations, saving time and enhancing patient education. Meanwhile, our AR-driven marketing booster enhances patient journeys, maximizing marketing ROI and fostering efficient lead generation. Join us as we shape the future of aesthetic healthcare.\",\"email\":\"info@arbrea-labs.com\",\"legalName\":\"Arbrea Labs AG\",\"foundingDate\":\"2018-03-04\",\"vatID\":\"CHE-292.633.177\",\"numberOfEmployees\":{\"@type\":\"QuantitativeValue\",\"minValue\":\"11\",\"maxValue\":\"50\"}}]}<\/script>\n<!-- \/ Yoast SEO Premium plugin. -->","yoast_head_json":{"title":"Carrinho - Arbrea Labs","robots":{"index":"index","follow":"follow","max-snippet":"max-snippet:-1","max-image-preview":"max-image-preview:large","max-video-preview":"max-video-preview:-1"},"canonical":"https:\/\/arbrea-labs.com\/pt\/carrinho\/","og_locale":"pt_BR","og_type":"article","og_title":"Cart","og_url":"https:\/\/arbrea-labs.com\/pt\/carrinho\/","og_site_name":"Arbrea Labs","article_publisher":"https:\/\/www.facebook.com\/arbrealabs","twitter_card":"summary_large_image","schema":{"@context":"https:\/\/schema.org","@graph":[{"@type":"WebPage","@id":"https:\/\/arbrea-labs.com\/cart\/","url":"https:\/\/arbrea-labs.com\/cart\/","name":"Carrinho - Arbrea Labs","isPartOf":{"@id":"https:\/\/arbrea-labs.com\/#website"},"datePublished":"2024-08-28T11:53:01+00:00","breadcrumb":{"@id":"https:\/\/arbrea-labs.com\/cart\/#breadcrumb"},"inLanguage":"pt-BR","potentialAction":[{"@type":"ReadAction","target":["https:\/\/arbrea-labs.com\/cart\/"]}]},{"@type":"BreadcrumbList","@id":"https:\/\/arbrea-labs.com\/cart\/#breadcrumb","itemListElement":[{"@type":"ListItem","position":1,"name":"Home","item":"https:\/\/arbrea-labs.com\/"},{"@type":"ListItem","position":2,"name":"Cart"}]},{"@type":"WebSite","@id":"https:\/\/arbrea-labs.com\/#website","url":"https:\/\/arbrea-labs.com\/","name":"Laborat\u00f3rios Arbrea","description":"Solu\u00e7\u00f5es de Realidade Aumentada e 3D para Est\u00e9tica","publisher":{"@id":"https:\/\/arbrea-labs.com\/#organization"},"alternateName":"Arbrea","potentialAction":[{"@type":"SearchAction","target":{"@type":"EntryPoint","urlTemplate":"https:\/\/arbrea-labs.com\/?s={search_term_string}"},"query-input":{"@type":"PropertyValueSpecification","valueRequired":true,"valueName":"search_term_string"}}],"inLanguage":"pt-BR"},{"@type":"Organization","@id":"https:\/\/arbrea-labs.com\/#organization","name":"Laborat\u00f3rios Arbrea","alternateName":"Arbrea","url":"https:\/\/arbrea-labs.com\/","logo":{"@type":"ImageObject","inLanguage":"pt-BR","@id":"https:\/\/arbrea-labs.com\/#\/schema\/logo\/image\/","url":"https:\/\/arbrea-labs.com\/wp-content\/uploads\/2022\/01\/logo_arbrea_LABS-01-1-e1641392734450.png","contentUrl":"https:\/\/arbrea-labs.com\/wp-content\/uploads\/2022\/01\/logo_arbrea_LABS-01-1-e1641392734450.png","width":2000,"height":750,"caption":"Arbrea Labs"},"image":{"@id":"https:\/\/arbrea-labs.com\/#\/schema\/logo\/image\/"},"sameAs":["https:\/\/www.facebook.com\/arbrealabs","https:\/\/www.instagram.com\/arbrealabs\/","https:\/\/www.linkedin.com\/company\/arbrea-labs-ag\/","https:\/\/www.youtube.com\/channel\/UCbHN9gofXJv8rMAHcAguTcg"],"description":"A Arbrea Labs \u00e9 l\u00edder na combina\u00e7\u00e3o de tecnologia avan\u00e7ada de IA com cuidados de sa\u00fade personalizados. Nossos simuladores de Realidade Aumentada e 3D r\u00e1pidos, simples e seguros otimizam as consultas, economizando tempo e aprimorando a educa\u00e7\u00e3o do paciente. Enquanto isso, nosso impulsionador de marketing orientado por AR aprimora as jornadas dos pacientes, maximizando o ROI de marketing e promovendo a gera\u00e7\u00e3o eficiente de leads. Junte-se a n\u00f3s para moldar o futuro da sa\u00fade est\u00e9tica.","email":"info@arbrea-labs.com","legalName":"Arbrea Labs AG","foundingDate":"2018-03-04","vatID":"CHE-292.633.177","numberOfEmployees":{"@type":"QuantitativeValue","minValue":"11","maxValue":"50"}}]}},"_links":{"self":[{"href":"https:\/\/arbrea-labs.com\/pt\/wp-json\/wp\/v2\/pages\/37436","targetHints":{"allow":["GET"]}}],"collection":[{"href":"https:\/\/arbrea-labs.com\/pt\/wp-json\/wp\/v2\/pages"}],"about":[{"href":"https:\/\/arbrea-labs.com\/pt\/wp-json\/wp\/v2\/types\/page"}],"author":[{"embeddable":true,"href":"https:\/\/arbrea-labs.com\/pt\/wp-json\/wp\/v2\/users\/1"}],"replies":[{"embeddable":true,"href":"https:\/\/arbrea-labs.com\/pt\/wp-json\/wp\/v2\/comments?post=37436"}],"version-history":[{"count":0,"href":"https:\/\/arbrea-labs.com\/pt\/wp-json\/wp\/v2\/pages\/37436\/revisions"}],"wp:attachment":[{"href":"https:\/\/arbrea-labs.com\/pt\/wp-json\/wp\/v2\/media?parent=37436"}],"curies":[{"name":"wp","href":"https:\/\/api.w.org\/{rel}","templated":true}]}}