{"id":34047,"date":"2022-05-26T10:35:43","date_gmt":"2022-05-26T08:35:43","guid":{"rendered":"https:\/\/arbrea-labs.com\/desenvolvedor-web-full-stack\/"},"modified":"2025-12-03T17:30:37","modified_gmt":"2025-12-03T16:30:37","slug":"desenvolvedor-web-full-stack","status":"publish","type":"page","link":"https:\/\/arbrea-labs.com\/pt\/full-stack-web-developer\/","title":{"rendered":"Desenvolvedor Full Stack"},"content":{"rendered":"<div id=\"fws_69d2b791c99cc\"  data-column-margin=\"default\" data-midnight=\"light\" data-top-percent=\"2%\" data-bottom-percent=\"2%\"  class=\"wpb_row vc_row-fluid vc_row full-width-section has-row-bg-color\"  style=\"padding-top: calc(100vw * 0.02); padding-bottom: calc(100vw * 0.02); --row-bg-color: #3452ff;\"><div class=\"row-bg-wrap\" data-bg-animation=\"none\" data-bg-animation-delay=\"\" data-bg-overlay=\"true\"><div class=\"inner-wrap row-bg-layer using-image\" ><div class=\"row-bg viewport-desktop using-image using-bg-color lazyload\" style=\"background-image: url(https:\/\/arbrea-labs.com\/wp-includes\/images\/blank.gif);background-position: center center;background-repeat: no-repeat;background-color: #3452ff;\" data-background-image=\"https:\/\/arbrea-labs.com\/wp-content\/uploads\/2024\/07\/2150062008.jpg\"><\/div><\/div><div class=\"row-bg-overlay row-bg-layer\" style=\"background-color:#0c0c0c;  opacity: 0.3; \"><\/div><\/div><div class=\"row_col_wrap_12 col span_12 light left\">\n\t<div  class=\"vc_col-sm-2 wpb_column column_container vc_column_container col no-extra-padding inherit_tablet inherit_phone\"  data-padding-pos=\"all\" data-has-bg-color=\"false\" data-bg-color=\"\" data-bg-opacity=\"1\" data-animation=\"\" data-delay=\"0\" >\n\t\t<div class=\"vc_column-inner\" >\n\t\t\t<div class=\"wpb_wrapper\">\n\t\t\t\t\n\t\t\t<\/div> \n\t\t<\/div>\n\t<\/div> \n\n\t<div  class=\"vc_col-sm-8 wpb_column column_container vc_column_container col centered-text has-animation no-extra-padding inherit_tablet inherit_phone\"  data-padding-pos=\"all\" data-has-bg-color=\"false\" data-bg-color=\"\" data-bg-opacity=\"1\" data-animation=\"zoom-out\" data-delay=\"0\" >\n\t\t<div class=\"vc_column-inner\" >\n\t\t\t<div class=\"wpb_wrapper\">\n\t\t\t\t<h4 style=\"font-size: 20px;color: rgba(255,255,255,0.7);line-height: 36px;text-align: center;font-family:Roboto;font-weight:500;font-style:normal\" class=\"vc_custom_heading vc_do_custom_heading vc_custom_1764670810358\" >Equipe t\u00e9cnica da Arbrea<\/h4><h1 style=\"font-size: 83px;line-height: 98px;text-align: center;font-family:Roboto;font-weight:400;font-style:normal\" class=\"vc_custom_heading vc_do_custom_heading vc_custom_1764670714755\" >Desenvolvedor Full Stack<\/h1>\n\t\t\t<\/div> \n\t\t<\/div>\n\t<\/div> \n\n\t<div  class=\"vc_col-sm-2 wpb_column column_container vc_column_container col no-extra-padding inherit_tablet inherit_phone\"  data-padding-pos=\"all\" data-has-bg-color=\"false\" data-bg-color=\"\" data-bg-opacity=\"1\" data-animation=\"\" data-delay=\"0\" >\n\t\t<div class=\"vc_column-inner\" >\n\t\t\t<div class=\"wpb_wrapper\">\n\t\t\t\t\n\t\t\t<\/div> \n\t\t<\/div>\n\t<\/div> \n<\/div><\/div>\n\t\t<div id=\"fws_69d2b791c9dea\"  data-column-margin=\"default\" data-midnight=\"dark\" data-top-percent=\"3%\"  class=\"wpb_row vc_row-fluid vc_row\"  style=\"padding-top: calc(100vw * 0.03); padding-bottom: 0px; \"><div class=\"row-bg-wrap\" data-bg-animation=\"none\" data-bg-animation-delay=\"\" data-bg-overlay=\"false\"><div class=\"inner-wrap row-bg-layer\" ><div class=\"row-bg viewport-desktop\"  style=\"\"><\/div><\/div><\/div><div class=\"row_col_wrap_12 col span_12 dark left\">\n\t<div  class=\"vc_col-sm-12 wpb_column column_container vc_column_container col no-extra-padding inherit_tablet inherit_phone\"  data-padding-pos=\"all\" data-has-bg-color=\"false\" data-bg-color=\"\" data-bg-opacity=\"1\" data-animation=\"\" data-delay=\"0\" >\n\t\t<div class=\"vc_column-inner\" >\n\t\t\t<div class=\"wpb_wrapper\">\n\t\t\t\t\n<div class=\"wpb_text_column wpb_content_element\" >\n\t<h3 data-start=\"0\" data-end=\"23\"><strong data-start=\"0\" data-end=\"23\">Descri\u00e7\u00e3o da empresa<\/strong><\/h3>\n<p data-start=\"25\" data-end=\"556\">A Arbrea Labs \u00e9 uma empresa spin-off da ETH, originada do Laborat\u00f3rio de Computa\u00e7\u00e3o Gr\u00e1fica da ETH Zurique. Somos uma equipe de especialistas em computa\u00e7\u00e3o gr\u00e1fica, vis\u00e3o e intelig\u00eancia artificial, desenvolvendo solu\u00e7\u00f5es de ponta para cirurgia est\u00e9tica. Nossas tarefas di\u00e1rias variam de reconstru\u00e7\u00e3o e rastreamento 3D a AR\/VR, com foco nos mais recentes avan\u00e7os em aprendizagem profunda, processamento de geometria e renderiza\u00e7\u00e3o aplicados a corpos humanos. N\u00f3s nos esfor\u00e7amos para criar tecnologia de ponta que aprimore a experi\u00eancia e a satisfa\u00e7\u00e3o do usu\u00e1rio.<\/p>\n<p data-start=\"558\" data-end=\"845\">Estamos procurando expandir nossa equipe com pessoas-chave que tenham um forte desejo de aprender e se envolver em um ambiente din\u00e2mico de start-up. Estamos interessados principalmente em candidatos em tempo integral, mas tamb\u00e9m estamos abertos a posi\u00e7\u00f5es de est\u00e1gio com a possibilidade de transi\u00e7\u00e3o para uma fun\u00e7\u00e3o permanente.<\/p>\n<hr data-start=\"847\" data-end=\"850\" \/>\n<h3 data-start=\"852\" data-end=\"871\"><strong data-start=\"852\" data-end=\"871\">Descri\u00e7\u00e3o do cargo<\/strong><\/h3>\n<p data-start=\"873\" data-end=\"1120\">Como um <strong data-start=\"878\" data-end=\"906\">Desenvolvedor Web Full Stack<\/strong> Na Arbrea Labs, voc\u00ea preencher\u00e1 a lacuna entre nossos aplicativos m\u00f3veis e os dados dos clientes, desempenhando um papel fundamental para permitir que nossos clientes e equipes internas acessem e interajam facilmente com informa\u00e7\u00f5es essenciais.<\/p>\n<p data-start=\"1122\" data-end=\"1299\">Voc\u00ea ter\u00e1 uma influ\u00eancia significativa na forma\u00e7\u00e3o do relacionamento paciente-cirurgi\u00e3o, dando a voc\u00ea e \u00e0 equipe a oportunidade de se tornar um l\u00edder global em tecnologia m\u00e9dica de AR\/VR.<\/p>\n<p data-start=\"1301\" data-end=\"1601\">Voc\u00ea trabalhar\u00e1 ao lado de membros da equipe amig\u00e1veis, apaixonados e descontra\u00eddos, que ficar\u00e3o mais do que felizes em oferecer orienta\u00e7\u00e3o e tomar uma cerveja (ou duas) depois do trabalho ou em eventos regulares da equipe. Oferecemos um ambiente de trabalho altamente flex\u00edvel, escrit\u00f3rios em um centro de tecnologia, sal\u00e1rios competitivos e planos de participa\u00e7\u00e3o dos funcion\u00e1rios.<\/p>\n<p data-start=\"1603\" data-end=\"1657\"><strong data-start=\"1603\" data-end=\"1616\">Localiza\u00e7\u00e3o:<\/strong> Tirana, Alb\u00e2nia<br data-start=\"1632\" data-end=\"1635\" \/><strong data-start=\"1635\" data-end=\"1657\">Remoto \/ Tempo integral<\/strong><\/p>\n<hr data-start=\"1659\" data-end=\"1662\" \/>\n<h3 data-start=\"1664\" data-end=\"1692\"><strong data-start=\"1668\" data-end=\"1692\">Principais responsabilidades<\/strong><\/h3>\n<ul data-start=\"1694\" data-end=\"2257\">\n<li data-start=\"1694\" data-end=\"1834\"><strong data-start=\"1696\" data-end=\"1723\">Projetar e desenvolver APIs<\/strong> para dar suporte aos aplicativos m\u00f3veis e \u00e0s interfaces da Web da Arbrea, garantindo integra\u00e7\u00e3o e funcionalidade perfeitas.<\/li>\n<li data-start=\"1835\" data-end=\"2033\"><strong data-start=\"1837\" data-end=\"1860\">Capacite outras equipes<\/strong> mantendo e aprimorando ferramentas internas, automatizando processos e otimizando pipelines para simplificar o gerenciamento de dados de clientes e apoiar os esfor\u00e7os de aquisi\u00e7\u00e3o de clientes.<\/li>\n<li data-start=\"2034\" data-end=\"2136\"><strong data-start=\"2036\" data-end=\"2081\">Supervisionar e otimizar a infraestrutura de nuvem<\/strong> para garantir confiabilidade, escalabilidade e desempenho.<\/li>\n<li data-start=\"2137\" data-end=\"2257\"><strong data-start=\"2139\" data-end=\"2177\">Implementar medidas de seguran\u00e7a robustas<\/strong> para proteger os dados dos clientes, mantendo altos padr\u00f5es de privacidade e seguran\u00e7a.<\/li>\n<\/ul>\n<hr data-start=\"2259\" data-end=\"2262\" \/>\n<h3 data-start=\"2264\" data-end=\"2289\"><strong data-start=\"2268\" data-end=\"2289\">Tecnologias essenciais<\/strong><\/h3>\n<ul data-start=\"2291\" data-end=\"2777\">\n<li data-start=\"2291\" data-end=\"2386\">Nossa principal infraestrutura \u00e9 constru\u00edda com <strong data-start=\"2331\" data-end=\"2342\">Node.js<\/strong>, <strong data-start=\"2344\" data-end=\"2358\">TypeScript<\/strong>e <strong data-start=\"2364\" data-end=\"2373\">NoSQL<\/strong> bancos de dados.<\/li>\n<li data-start=\"2387\" data-end=\"2490\">Algumas tarefas envolver\u00e3o <strong data-start=\"2413\" data-end=\"2420\">PHP<\/strong>, <strong data-start=\"2422\" data-end=\"2431\">MySQL<\/strong>e desenvolvimento de interfaces de usu\u00e1rio funcionais para a Web, com foco na usabilidade.<\/li>\n<li data-start=\"2491\" data-end=\"2608\">Voc\u00ea trabalhar\u00e1 com <strong data-start=\"2512\" data-end=\"2519\">Git<\/strong> e <strong data-start=\"2524\" data-end=\"2534\">Docker<\/strong> e deve ter um s\u00f3lido conhecimento dos fundamentos da computa\u00e7\u00e3o em nuvem.<\/li>\n<li data-start=\"2609\" data-end=\"2777\">Al\u00e9m disso, voc\u00ea pode ter a oportunidade de trabalhar com <strong data-start=\"2665\" data-end=\"2675\">Python<\/strong>, <strong data-start=\"2677\" data-end=\"2690\">GoogleSQL<\/strong>e estruturas modernas de JavaScript (por exemplo, <strong data-start=\"2732\" data-end=\"2741\">Reagir<\/strong>), embora elas n\u00e3o sejam obrigat\u00f3rias.<\/li>\n<\/ul>\n<p data-start=\"2779\" data-end=\"2984\">Embora nossa pilha principal defina grande parte do ambiente, n\u00f3s o capacitamos a selecionar as ferramentas certas para cada tarefa, oferecendo a flexibilidade de explorar e usar outras linguagens ou estruturas quando apropriado.<\/p>\n<hr data-start=\"2986\" data-end=\"2989\" \/>\n<h3 data-start=\"2991\" data-end=\"3021\"><strong data-start=\"2995\" data-end=\"3021\">O que estamos procurando<\/strong><\/h3>\n<p data-start=\"3023\" data-end=\"3207\">No mundo em constante evolu\u00e7\u00e3o da engenharia de software, sabemos que ningu\u00e9m pode dominar todas as estruturas ou linguagens. No entanto, esperamos que voc\u00ea aprenda rapidamente e tenha uma mentalidade cr\u00edtica e aberta.<\/p>\n<p data-start=\"3209\" data-end=\"3478\">Valorizamos os desenvolvedores que conseguem agir rapidamente, mas tamb\u00e9m entendem a import\u00e2ncia de construir com prop\u00f3sito. Incentivamos uma abordagem em que a velocidade \u00e9 equilibrada com a resolu\u00e7\u00e3o cuidadosa de problemas - voc\u00ea iterar\u00e1 rapidamente, mas sempre com uma considera\u00e7\u00e3o cuidadosa dos desafios subjacentes.<\/p>\n<p data-start=\"3480\" data-end=\"3699\">Nosso idioma de trabalho \u00e9 <strong data-start=\"3504\" data-end=\"3515\">Ingl\u00eas<\/strong>e esperamos que todos os candidatos sejam fluentes. Estamos buscando engenheiros que se dediquem \u00e0 solu\u00e7\u00e3o de problemas, ao aprendizado cont\u00ednuo e \u00e0 contribui\u00e7\u00e3o para um ambiente colaborativo e de ritmo acelerado.<\/p>\n<p data-start=\"3701\" data-end=\"3767\" data-is-last-node=\"\" data-is-only-node=\"\"><strong data-start=\"3701\" data-end=\"3767\" data-is-last-node=\"\">Se isso se parece com voc\u00ea, vamos construir algo fant\u00e1stico juntos!<\/strong><\/p>\n<div data-tf-live=\"01HHMF95H0H69J77FJZEC6SK4V\"><\/div>\n<p><script src=\"\/\/embed.typeform.com\/next\/embed.js\"><\/script><\/p>\n<\/div>\n\n\n\n\n\t\t\t<\/div> \n\t\t<\/div>\n\t<\/div> \n<\/div><\/div>","protected":false},"excerpt":{"rendered":"Arbrea Tech TeamDesenvolvedor full stack Descri\u00e7\u00e3o da empresa A Arbrea Labs \u00e9 uma empresa spin-off da ETH, originada do Laborat\u00f3rio de Computa\u00e7\u00e3o Gr\u00e1fica da ETH Zurich. N\u00f3s...","protected":false},"author":3,"featured_media":33712,"parent":0,"menu_order":0,"comment_status":"closed","ping_status":"closed","template":"","meta":{"footnotes":""},"class_list":["post-34047","page","type-page","status-publish","has-post-thumbnail"],"yoast_head":"<!-- This site is optimized with the Yoast SEO Premium plugin v27.3 (Yoast SEO v27.3) - https:\/\/yoast.com\/product\/yoast-seo-premium-wordpress\/ -->\n<title>Full Stack Developer Opportunities at Arbrea Tech<\/title>\n<meta name=\"description\" content=\"Become a Full Stack Developer at Arbrea Tech and engage in exciting projects involving AR\/AI.\" \/>\n<meta name=\"robots\" content=\"index, follow, max-snippet:-1, max-image-preview:large, max-video-preview:-1\" \/>\n<link rel=\"canonical\" href=\"https:\/\/arbrea-labs.com\/pt\/desenvolvedor-web-full-stack\/\" \/>\n<meta property=\"og:locale\" content=\"pt_BR\" \/>\n<meta property=\"og:type\" content=\"article\" \/>\n<meta property=\"og:title\" content=\"Full Stack Developer\" \/>\n<meta property=\"og:description\" content=\"Become a Full Stack Developer at Arbrea Tech and engage in exciting projects involving AR\/AI.\" \/>\n<meta property=\"og:url\" content=\"https:\/\/arbrea-labs.com\/pt\/desenvolvedor-web-full-stack\/\" \/>\n<meta property=\"og:site_name\" content=\"Arbrea Labs\" \/>\n<meta property=\"article:publisher\" content=\"https:\/\/www.facebook.com\/arbrealabs\" \/>\n<meta property=\"article:modified_time\" content=\"2025-12-03T16:30:37+00:00\" \/>\n<meta property=\"og:image\" content=\"https:\/\/arbrea-labs.com\/wp-content\/uploads\/2024\/07\/2150062008.jpg\" \/>\n\t<meta property=\"og:image:width\" content=\"1500\" \/>\n\t<meta property=\"og:image:height\" content=\"1000\" \/>\n\t<meta property=\"og:image:type\" content=\"image\/jpeg\" \/>\n<meta name=\"twitter:card\" content=\"summary_large_image\" \/>\n<meta name=\"twitter:label1\" content=\"Est. tempo de leitura\" \/>\n\t<meta name=\"twitter:data1\" content=\"3 minutos\" \/>\n<script type=\"application\/ld+json\" class=\"yoast-schema-graph\">{\"@context\":\"https:\\\/\\\/schema.org\",\"@graph\":[{\"@type\":\"WebPage\",\"@id\":\"https:\\\/\\\/arbrea-labs.com\\\/full-stack-web-developer\\\/\",\"url\":\"https:\\\/\\\/arbrea-labs.com\\\/full-stack-web-developer\\\/\",\"name\":\"Full Stack Developer Opportunities at Arbrea Tech\",\"isPartOf\":{\"@id\":\"https:\\\/\\\/arbrea-labs.com\\\/#website\"},\"primaryImageOfPage\":{\"@id\":\"https:\\\/\\\/arbrea-labs.com\\\/full-stack-web-developer\\\/#primaryimage\"},\"image\":{\"@id\":\"https:\\\/\\\/arbrea-labs.com\\\/full-stack-web-developer\\\/#primaryimage\"},\"thumbnailUrl\":\"https:\\\/\\\/arbrea-labs.com\\\/wp-content\\\/uploads\\\/2024\\\/07\\\/2150062008.jpg\",\"datePublished\":\"2022-05-26T08:35:43+00:00\",\"dateModified\":\"2025-12-03T16:30:37+00:00\",\"description\":\"Become a Full Stack Developer at Arbrea Tech and engage in exciting projects involving AR\\\/AI.\",\"breadcrumb\":{\"@id\":\"https:\\\/\\\/arbrea-labs.com\\\/full-stack-web-developer\\\/#breadcrumb\"},\"inLanguage\":\"pt-BR\",\"potentialAction\":[{\"@type\":\"ReadAction\",\"target\":[\"https:\\\/\\\/arbrea-labs.com\\\/full-stack-web-developer\\\/\"]}]},{\"@type\":\"ImageObject\",\"inLanguage\":\"pt-BR\",\"@id\":\"https:\\\/\\\/arbrea-labs.com\\\/full-stack-web-developer\\\/#primaryimage\",\"url\":\"https:\\\/\\\/arbrea-labs.com\\\/wp-content\\\/uploads\\\/2024\\\/07\\\/2150062008.jpg\",\"contentUrl\":\"https:\\\/\\\/arbrea-labs.com\\\/wp-content\\\/uploads\\\/2024\\\/07\\\/2150062008.jpg\",\"width\":1500,\"height\":1000},{\"@type\":\"BreadcrumbList\",\"@id\":\"https:\\\/\\\/arbrea-labs.com\\\/full-stack-web-developer\\\/#breadcrumb\",\"itemListElement\":[{\"@type\":\"ListItem\",\"position\":1,\"name\":\"Home\",\"item\":\"https:\\\/\\\/arbrea-labs.com\\\/\"},{\"@type\":\"ListItem\",\"position\":2,\"name\":\"Full Stack Developer\"}]},{\"@type\":\"WebSite\",\"@id\":\"https:\\\/\\\/arbrea-labs.com\\\/#website\",\"url\":\"https:\\\/\\\/arbrea-labs.com\\\/\",\"name\":\"Arbrea Labs\",\"description\":\"Augmented Reality &amp; 3D Solutions for Aesthetics\",\"publisher\":{\"@id\":\"https:\\\/\\\/arbrea-labs.com\\\/#organization\"},\"alternateName\":\"Arbrea\",\"potentialAction\":[{\"@type\":\"SearchAction\",\"target\":{\"@type\":\"EntryPoint\",\"urlTemplate\":\"https:\\\/\\\/arbrea-labs.com\\\/?s={search_term_string}\"},\"query-input\":{\"@type\":\"PropertyValueSpecification\",\"valueRequired\":true,\"valueName\":\"search_term_string\"}}],\"inLanguage\":\"pt-BR\"},{\"@type\":\"Organization\",\"@id\":\"https:\\\/\\\/arbrea-labs.com\\\/#organization\",\"name\":\"Arbrea Labs\",\"alternateName\":\"Arbrea\",\"url\":\"https:\\\/\\\/arbrea-labs.com\\\/\",\"logo\":{\"@type\":\"ImageObject\",\"inLanguage\":\"pt-BR\",\"@id\":\"https:\\\/\\\/arbrea-labs.com\\\/#\\\/schema\\\/logo\\\/image\\\/\",\"url\":\"https:\\\/\\\/arbrea-labs.com\\\/wp-content\\\/uploads\\\/2022\\\/01\\\/logo_arbrea_LABS-01-1-e1641392734450.png\",\"contentUrl\":\"https:\\\/\\\/arbrea-labs.com\\\/wp-content\\\/uploads\\\/2022\\\/01\\\/logo_arbrea_LABS-01-1-e1641392734450.png\",\"width\":2000,\"height\":750,\"caption\":\"Arbrea Labs\"},\"image\":{\"@id\":\"https:\\\/\\\/arbrea-labs.com\\\/#\\\/schema\\\/logo\\\/image\\\/\"},\"sameAs\":[\"https:\\\/\\\/www.facebook.com\\\/arbrealabs\",\"https:\\\/\\\/www.instagram.com\\\/arbrealabs\\\/\",\"https:\\\/\\\/www.linkedin.com\\\/company\\\/arbrea-labs-ag\\\/\",\"https:\\\/\\\/www.youtube.com\\\/channel\\\/UCbHN9gofXJv8rMAHcAguTcg\"],\"description\":\"Arbrea Labs leads the way in blending advanced AI technology with personalized healthcare. Our fast, simple and safe Augmented Reality & 3D simulators optimize consultations, saving time and enhancing patient education. Meanwhile, our AR-driven marketing booster enhances patient journeys, maximizing marketing ROI and fostering efficient lead generation. Join us as we shape the future of aesthetic healthcare.\",\"email\":\"info@arbrea-labs.com\",\"legalName\":\"Arbrea Labs AG\",\"foundingDate\":\"2018-03-04\",\"vatID\":\"CHE-292.633.177\",\"numberOfEmployees\":{\"@type\":\"QuantitativeValue\",\"minValue\":\"11\",\"maxValue\":\"50\"}}]}<\/script>\n<!-- \/ Yoast SEO Premium plugin. -->","yoast_head_json":{"title":"Oportunidades para desenvolvedores Full Stack na Arbrea Tech","description":"Torne-se um desenvolvedor Full Stack na Arbrea Tech e participe de projetos empolgantes envolvendo AR\/AI.","robots":{"index":"index","follow":"follow","max-snippet":"max-snippet:-1","max-image-preview":"max-image-preview:large","max-video-preview":"max-video-preview:-1"},"canonical":"https:\/\/arbrea-labs.com\/pt\/desenvolvedor-web-full-stack\/","og_locale":"pt_BR","og_type":"article","og_title":"Full Stack Developer","og_description":"Become a Full Stack Developer at Arbrea Tech and engage in exciting projects involving AR\/AI.","og_url":"https:\/\/arbrea-labs.com\/pt\/desenvolvedor-web-full-stack\/","og_site_name":"Arbrea Labs","article_publisher":"https:\/\/www.facebook.com\/arbrealabs","article_modified_time":"2025-12-03T16:30:37+00:00","og_image":[{"width":1500,"height":1000,"url":"https:\/\/arbrea-labs.com\/wp-content\/uploads\/2024\/07\/2150062008.jpg","type":"image\/jpeg"}],"twitter_card":"summary_large_image","twitter_misc":{"Est. tempo de leitura":"3 minutos"},"schema":{"@context":"https:\/\/schema.org","@graph":[{"@type":"WebPage","@id":"https:\/\/arbrea-labs.com\/full-stack-web-developer\/","url":"https:\/\/arbrea-labs.com\/full-stack-web-developer\/","name":"Oportunidades para desenvolvedores Full Stack na Arbrea Tech","isPartOf":{"@id":"https:\/\/arbrea-labs.com\/#website"},"primaryImageOfPage":{"@id":"https:\/\/arbrea-labs.com\/full-stack-web-developer\/#primaryimage"},"image":{"@id":"https:\/\/arbrea-labs.com\/full-stack-web-developer\/#primaryimage"},"thumbnailUrl":"https:\/\/arbrea-labs.com\/wp-content\/uploads\/2024\/07\/2150062008.jpg","datePublished":"2022-05-26T08:35:43+00:00","dateModified":"2025-12-03T16:30:37+00:00","description":"Torne-se um desenvolvedor Full Stack na Arbrea Tech e participe de projetos empolgantes envolvendo AR\/AI.","breadcrumb":{"@id":"https:\/\/arbrea-labs.com\/full-stack-web-developer\/#breadcrumb"},"inLanguage":"pt-BR","potentialAction":[{"@type":"ReadAction","target":["https:\/\/arbrea-labs.com\/full-stack-web-developer\/"]}]},{"@type":"ImageObject","inLanguage":"pt-BR","@id":"https:\/\/arbrea-labs.com\/full-stack-web-developer\/#primaryimage","url":"https:\/\/arbrea-labs.com\/wp-content\/uploads\/2024\/07\/2150062008.jpg","contentUrl":"https:\/\/arbrea-labs.com\/wp-content\/uploads\/2024\/07\/2150062008.jpg","width":1500,"height":1000},{"@type":"BreadcrumbList","@id":"https:\/\/arbrea-labs.com\/full-stack-web-developer\/#breadcrumb","itemListElement":[{"@type":"ListItem","position":1,"name":"Home","item":"https:\/\/arbrea-labs.com\/"},{"@type":"ListItem","position":2,"name":"Full Stack Developer"}]},{"@type":"WebSite","@id":"https:\/\/arbrea-labs.com\/#website","url":"https:\/\/arbrea-labs.com\/","name":"Laborat\u00f3rios Arbrea","description":"Solu\u00e7\u00f5es de Realidade Aumentada e 3D para Est\u00e9tica","publisher":{"@id":"https:\/\/arbrea-labs.com\/#organization"},"alternateName":"Arbrea","potentialAction":[{"@type":"SearchAction","target":{"@type":"EntryPoint","urlTemplate":"https:\/\/arbrea-labs.com\/?s={search_term_string}"},"query-input":{"@type":"PropertyValueSpecification","valueRequired":true,"valueName":"search_term_string"}}],"inLanguage":"pt-BR"},{"@type":"Organization","@id":"https:\/\/arbrea-labs.com\/#organization","name":"Laborat\u00f3rios Arbrea","alternateName":"Arbrea","url":"https:\/\/arbrea-labs.com\/","logo":{"@type":"ImageObject","inLanguage":"pt-BR","@id":"https:\/\/arbrea-labs.com\/#\/schema\/logo\/image\/","url":"https:\/\/arbrea-labs.com\/wp-content\/uploads\/2022\/01\/logo_arbrea_LABS-01-1-e1641392734450.png","contentUrl":"https:\/\/arbrea-labs.com\/wp-content\/uploads\/2022\/01\/logo_arbrea_LABS-01-1-e1641392734450.png","width":2000,"height":750,"caption":"Arbrea Labs"},"image":{"@id":"https:\/\/arbrea-labs.com\/#\/schema\/logo\/image\/"},"sameAs":["https:\/\/www.facebook.com\/arbrealabs","https:\/\/www.instagram.com\/arbrealabs\/","https:\/\/www.linkedin.com\/company\/arbrea-labs-ag\/","https:\/\/www.youtube.com\/channel\/UCbHN9gofXJv8rMAHcAguTcg"],"description":"A Arbrea Labs \u00e9 l\u00edder na combina\u00e7\u00e3o de tecnologia avan\u00e7ada de IA com cuidados de sa\u00fade personalizados. Nossos simuladores de Realidade Aumentada e 3D r\u00e1pidos, simples e seguros otimizam as consultas, economizando tempo e aprimorando a educa\u00e7\u00e3o do paciente. Enquanto isso, nosso impulsionador de marketing orientado por AR aprimora as jornadas dos pacientes, maximizando o ROI de marketing e promovendo a gera\u00e7\u00e3o eficiente de leads. Junte-se a n\u00f3s para moldar o futuro da sa\u00fade est\u00e9tica.","email":"info@arbrea-labs.com","legalName":"Arbrea Labs AG","foundingDate":"2018-03-04","vatID":"CHE-292.633.177","numberOfEmployees":{"@type":"QuantitativeValue","minValue":"11","maxValue":"50"}}]}},"_links":{"self":[{"href":"https:\/\/arbrea-labs.com\/pt\/wp-json\/wp\/v2\/pages\/34047","targetHints":{"allow":["GET"]}}],"collection":[{"href":"https:\/\/arbrea-labs.com\/pt\/wp-json\/wp\/v2\/pages"}],"about":[{"href":"https:\/\/arbrea-labs.com\/pt\/wp-json\/wp\/v2\/types\/page"}],"author":[{"embeddable":true,"href":"https:\/\/arbrea-labs.com\/pt\/wp-json\/wp\/v2\/users\/3"}],"replies":[{"embeddable":true,"href":"https:\/\/arbrea-labs.com\/pt\/wp-json\/wp\/v2\/comments?post=34047"}],"version-history":[{"count":0,"href":"https:\/\/arbrea-labs.com\/pt\/wp-json\/wp\/v2\/pages\/34047\/revisions"}],"wp:featuredmedia":[{"embeddable":true,"href":"https:\/\/arbrea-labs.com\/pt\/wp-json\/wp\/v2\/media\/33712"}],"wp:attachment":[{"href":"https:\/\/arbrea-labs.com\/pt\/wp-json\/wp\/v2\/media?parent=34047"}],"curies":[{"name":"wp","href":"https:\/\/api.w.org\/{rel}","templated":true}]}}