{"id":26823,"date":"2024-07-09T16:08:33","date_gmt":"2024-07-09T14:08:33","guid":{"rendered":"https:\/\/arbrea-labs.com\/?page_id=26823"},"modified":"2025-09-09T13:47:16","modified_gmt":"2025-09-09T11:47:16","slug":"contrato-de-usuario-da-arbrea","status":"publish","type":"page","link":"https:\/\/arbrea-labs.com\/pt\/arbrea-user-agreement\/","title":{"rendered":"acordo de usu\u00e1rio da arbrea"},"content":{"rendered":"<div id=\"fws_69df4248d8da7\"  data-column-margin=\"default\" data-midnight=\"dark\"  class=\"wpb_row vc_row-fluid vc_row\"  style=\"padding-top: 0px; padding-bottom: 0px; \"><div class=\"row-bg-wrap\" data-bg-animation=\"none\" data-bg-animation-delay=\"\" data-bg-overlay=\"false\"><div class=\"inner-wrap row-bg-layer\" ><div class=\"row-bg viewport-desktop\"  style=\"\"><\/div><\/div><\/div><div class=\"row_col_wrap_12 col span_12 dark left\">\n\t<div  class=\"vc_col-sm-12 wpb_column column_container vc_column_container col no-extra-padding inherit_tablet inherit_phone\"  data-padding-pos=\"all\" data-has-bg-color=\"false\" data-bg-color=\"\" data-bg-opacity=\"1\" data-animation=\"\" data-delay=\"0\" >\n\t\t<div class=\"vc_column-inner\" >\n\t\t\t<div class=\"wpb_wrapper\">\n\t\t\t\t\n<div class=\"wpb_text_column wpb_content_element\" >\n\t<h1>Arbrea Suite - Contrato de Servi\u00e7o do Usu\u00e1rio<\/h1>\n<p>Este Contrato de Servi\u00e7o ao Usu\u00e1rio (\u201cContrato\u201d) \u00e9 firmado entre <strong>Ferramentas Arbrea<\/strong> (\u201cProvedor de servi\u00e7os\u201d) e o <strong>Usu\u00e1rio<\/strong>(\u201cUsu\u00e1rio\u201d) que assina os servi\u00e7os fornecidos pelo Provedor de Servi\u00e7os por meio de sua plataforma de Software como Servi\u00e7o (\u201cSaaS\u201d) (\u201cServi\u00e7os\u201d). Ao assinar ou usar os Servi\u00e7os, o Usu\u00e1rio reconhece que leu, entendeu e concorda em estar legalmente vinculado a este Contrato.<\/p>\n<hr>\n<h3>1. Prazo da assinatura<\/h3>\n<p>1.1 O Usu\u00e1rio assina os Servi\u00e7os por um per\u00edodo m\u00ednimo de <strong>12 meses (365 dias)<\/strong>, A partir da data da primeira sess\u00e3o de treinamento de integra\u00e7\u00e3o. Essa condi\u00e7\u00e3o tamb\u00e9m \u00e9 v\u00e1lida para pagamentos mensais, que precisam ser considerados como uma \u201ccondi\u00e7\u00e3o de pagamento flex\u00edvel\u201d na assinatura anual, fornecida pela Arbrea Labs AG.<\/p>\n<p>1.2 Salvo comunica\u00e7\u00e3o em contr\u00e1rio, a assinatura ser\u00e1 <strong>renovar automaticamente<\/strong> para per\u00edodos subsequentes de 12 meses. As condi\u00e7\u00f5es de comunica\u00e7\u00e3o est\u00e3o estabelecidas neste contrato.<\/p>\n<p>1.3 Se o usu\u00e1rio n\u00e3o desejar renovar, dever\u00e1 enviar uma notifica\u00e7\u00e3o por escrito de <strong>n\u00e3o renova\u00e7\u00e3o pelo menos 15 dias antes da data de renova\u00e7\u00e3o por escrito (e-mail).<\/strong><\/p>\n<p>1.4 A aceita\u00e7\u00e3o deste Contrato ocorre no momento do pagamento, mesmo que o Usu\u00e1rio opte por parcelas mensais.<\/p>\n<hr>\n<h3>2. Pagamento e taxas<\/h3>\n<p>2.1 As taxas podem ser pagas antecipadamente para todo o per\u00edodo de assinatura de 12 meses ou mensalmente com cart\u00e3o de cr\u00e9dito.<\/p>\n<p>2.2 Independentemente do m\u00e9todo de pagamento, o compromisso m\u00ednimo continua sendo de 12 meses (365 dias).<\/p>\n<p>2.3 O Usu\u00e1rio \u00e9 respons\u00e1vel por todos os impostos aplic\u00e1veis.<\/p>\n<p>2.4 O Provedor de servi\u00e7os poder\u00e1 suspender ou restringir o acesso aos Servi\u00e7os em caso de atraso ou falta de pagamento.<\/p>\n<hr>\n<h3>3. Cancelamento e reembolsos<\/h3>\n<p>3.1 <strong>Pol\u00edtica padr\u00e3o para novos usu\u00e1rios<\/strong>:<\/p>\n<ul>\n<li>Um novo usu\u00e1rio pode cancelar sua assinatura em at\u00e9 30 dias ap\u00f3s o primeiro pagamento (se as condi\u00e7\u00f5es forem atendidas).<\/li>\n<li>Nesse caso, o Usu\u00e1rio ser\u00e1 reembolsado integralmente, exceto pelo custo do primeiro m\u00eas ou o valor equivalente aos primeiros 30 dias de assinatura.<\/li>\n<li>Ap\u00f3s esse per\u00edodo de 30 dias, n\u00e3o s\u00e3o permitidos cancelamentos ou reembolsos antes do final do per\u00edodo de assinatura.<\/li>\n<\/ul>\n<p>3.2 <strong>Renova\u00e7\u00f5es autom\u00e1ticas<\/strong>:<\/p>\n<ul>\n<li>As renova\u00e7\u00f5es s\u00e3o autom\u00e1ticas.<\/li>\n<li>Os usu\u00e1rios receber\u00e3o notifica\u00e7\u00f5es e lembretes por e-mail antes da renova\u00e7\u00e3o.<\/li>\n<li>Se o usu\u00e1rio n\u00e3o quiser continuar, dever\u00e1 solicitar a n\u00e3o-continua\u00e7\u00e3o <strong>pelo menos 15 dias antes da data de renova\u00e7\u00e3o<\/strong>.<\/li>\n<\/ul>\n<p>3.3 <strong>Reembolsos em renova\u00e7\u00f5es<\/strong>:<\/p>\n<ul>\n<li>As renova\u00e7\u00f5es s\u00e3o <strong>n\u00e3o eleg\u00edvel<\/strong> para a pol\u00edtica de reembolso de 30 dias.<\/li>\n<\/ul>\n<p>3.4 <strong>Escopo da pol\u00edtica de reembolso de 30 dias<\/strong>:<\/p>\n<ul>\n<li>A pol\u00edtica se aplica <strong>exclusivamente para novos usu\u00e1rios<\/strong>.<\/li>\n<li>Ele se destina aos casos em que os Servi\u00e7os n\u00e3o funcionam conforme prometido, <strong>n\u00e3o<\/strong> quando o usu\u00e1rio n\u00e3o consegue se adaptar \u00e0s ferramentas (ou \u00e0 equipe do usu\u00e1rio).<\/li>\n<li>Os contratos da Arbrea s\u00e3o sempre <strong>acordos anuais<\/strong>; O reembolso de 30 dias \u00e9 uma exce\u00e7\u00e3o apenas para novos usu\u00e1rios.<\/li>\n<\/ul>\n<p>3.5 <strong>Condi\u00e7\u00f5es para solicita\u00e7\u00f5es de reembolso por novos usu\u00e1rios<\/strong>:<br \/>\nPara se qualificar para um reembolso, o Usu\u00e1rio deve:<\/p>\n<ol>\n<li>Fornecer <strong>prova de problemas de uso<\/strong> onde as ferramentas n\u00e3o est\u00e3o funcionando (v\u00eddeos, capturas de tela ou evid\u00eancias equivalentes).<\/li>\n<li>Ter participado do programa de treinamento de integra\u00e7\u00e3o (3 sess\u00f5es ao vivo) e obtido o consequente <strong>Certifica\u00e7\u00e3o de n\u00edvel b\u00e1sico<\/strong> (o nome pode variar), <strong>ou,<\/strong> obteve o <strong>Certifica\u00e7\u00e3o de n\u00edvel b\u00e1sico <\/strong>por meio da Arbrea Online Academy (ritmo pr\u00f3prio).<\/li>\n<li>Ter conclu\u00eddo pelo menos <strong>3 capturas<\/strong> com as ferramentas.<\/li>\n<\/ol>\n<p>3.6 As solicita\u00e7\u00f5es de reembolso que n\u00e3o atenderem a essas condi\u00e7\u00f5es ser\u00e3o rejeitadas. Todas as tr\u00eas condi\u00e7\u00f5es precisar\u00e3o estar em vigor para o reembolso.<\/p>\n<hr>\n<h3>4. Obriga\u00e7\u00f5es do usu\u00e1rio<\/h3>\n<p>4.1 O Usu\u00e1rio dever\u00e1 usar os Servi\u00e7os somente para fins comerciais leg\u00edtimos e internos.<\/p>\n<p>4.2 O Usu\u00e1rio n\u00e3o dever\u00e1 usar os Servi\u00e7os para fins ilegais ou n\u00e3o autorizados.<\/p>\n<p>4.3 O Usu\u00e1rio n\u00e3o dever\u00e1 modificar, copiar, distribuir, transmitir, exibir, executar, reproduzir, publicar, licenciar, criar trabalhos derivados, transferir ou vender quaisquer informa\u00e7\u00f5es, software, produtos ou servi\u00e7os obtidos dos Servi\u00e7os.<\/p>\n<p>4.4 O usu\u00e1rio dever\u00e1 sempre utilizar um dispositivo compat\u00edvel, da lista de compat\u00edveis dispon\u00edvel 24\/7 no site da Arbrea. A utiliza\u00e7\u00e3o de dispositivos n\u00e3o compat\u00edveis n\u00e3o ser\u00e1 considerada coberta pelo suporte ao cliente da Arbrea.<\/p>\n<hr>\n<h3>5. Contrato de n\u00edvel de servi\u00e7o<\/h3>\n<p>5.1 O Provedor de Servi\u00e7os dever\u00e1 envidar esfor\u00e7os comercialmente razo\u00e1veis para manter a disponibilidade do servi\u00e7o <strong>24\/7<\/strong>, excluindo manuten\u00e7\u00e3o programada e de emerg\u00eancia.<\/p>\n<p>5.2 Se os n\u00edveis de servi\u00e7o n\u00e3o forem atendidos, o recurso exclusivo do Usu\u00e1rio ser\u00e1 um cr\u00e9dito contra futuras taxas de assinatura.<\/p>\n<hr>\n<h3>6. Confidencialidade<\/h3>\n<p>6.1 Ambas as partes concordam em manter a confidencialidade de todas as informa\u00e7\u00f5es n\u00e3o p\u00fablicas recebidas da outra parte.<\/p>\n<p>6.2 As informa\u00e7\u00f5es confidenciais n\u00e3o devem ser divulgadas a terceiros, a menos que exigido por lei.<\/p>\n<hr>\n<h3>7. Rescis\u00e3o<\/h3>\n<p>7.1 Qualquer uma das partes poder\u00e1 rescindir este Contrato se a outra parte violar materialmente suas obriga\u00e7\u00f5es e n\u00e3o sanar tal viola\u00e7\u00e3o no prazo de 30 dias ap\u00f3s a notifica\u00e7\u00e3o por escrito.<\/p>\n<hr>\n<h3>8. Lei Aplic\u00e1vel e Jurisdi\u00e7\u00e3o<\/h3>\n<p>8.1 Este Contrato ser\u00e1 regido pelas leis da jurisdi\u00e7\u00e3o onde o Provedor de Servi\u00e7os est\u00e1 estabelecido (Su\u00ed\u00e7a).<\/p>\n<p>8.2 Quaisquer disputas dever\u00e3o ser resolvidas exclusivamente nos tribunais dessa jurisdi\u00e7\u00e3o.<\/p>\n<hr>\n<h3>9. Contrato integral<\/h3>\n<p>9.1 Este Contrato constitui o entendimento integral entre o Provedor de Servi\u00e7os e o Usu\u00e1rio.<\/p>\n<p>9.2 Ele substitui todos os acordos, negocia\u00e7\u00f5es e comunica\u00e7\u00f5es anteriores, sejam eles escritos ou verbais.<\/p>\n<p>9.3 As altera\u00e7\u00f5es ou modifica\u00e7\u00f5es devem ser feitas por escrito e assinadas por ambas as partes.<\/p>\n<hr>\n<h3>10. Aceita\u00e7\u00e3o<\/h3>\n<p>Ao clicar em \u201cI Agree with the Terms\u201d (Concordo com os Termos) no aplicativo Surgeon, assinar este documento ou continuar a usar os Servi\u00e7os ap\u00f3s o primeiro pagamento, o Usu\u00e1rio confirma a aceita\u00e7\u00e3o deste Contrato.<\/p>\n<p>Se o Usu\u00e1rio n\u00e3o se opuser a este Contrato no prazo de 7 dias ap\u00f3s o recebimento, considera-se que ele aceitou seus termos.<\/p>\n<\/div>\n\n\n\n\n\t\t\t<\/div> \n\t\t<\/div>\n\t<\/div> \n<\/div><\/div>","protected":false},"excerpt":{"rendered":"Arbrea Suite \u2013 User Service Agreement This User Service Agreement (\u201cAgreement\u201d) is entered into between Arbrea Tools (\u201cService Provider\u201d) and the User(\u201cUser\u201d) who subscribes to...","protected":false},"author":1,"featured_media":0,"parent":0,"menu_order":0,"comment_status":"closed","ping_status":"closed","template":"","meta":{"footnotes":""},"class_list":["post-26823","page","type-page","status-publish"],"yoast_head":"<!-- This site is optimized with the Yoast SEO Premium plugin v27.3 (Yoast SEO v27.4) - https:\/\/yoast.com\/product\/yoast-seo-premium-wordpress\/ -->\n<title>Arbrea User Agreement - Arbrea Labs<\/title>\n<meta name=\"description\" content=\"Understand the Arbrea User Agreement and ensure you are aware of the subscription terms and conditions before starting.\" \/>\n<meta name=\"robots\" content=\"index, follow, max-snippet:-1, max-image-preview:large, max-video-preview:-1\" \/>\n<link rel=\"canonical\" href=\"https:\/\/arbrea-labs.com\/pt\/contrato-de-usuario-da-arbrea\/\" \/>\n<meta property=\"og:locale\" content=\"pt_BR\" \/>\n<meta property=\"og:type\" content=\"article\" \/>\n<meta property=\"og:title\" content=\"arbrea-user-agreement\" \/>\n<meta property=\"og:description\" content=\"Understand the Arbrea User Agreement and ensure you are aware of the subscription terms and conditions before starting.\" \/>\n<meta property=\"og:url\" content=\"https:\/\/arbrea-labs.com\/pt\/contrato-de-usuario-da-arbrea\/\" \/>\n<meta property=\"og:site_name\" content=\"Arbrea Labs\" \/>\n<meta property=\"article:publisher\" content=\"https:\/\/www.facebook.com\/arbrealabs\" \/>\n<meta property=\"article:modified_time\" content=\"2025-09-09T11:47:16+00:00\" \/>\n<meta name=\"twitter:card\" content=\"summary_large_image\" \/>\n<meta name=\"twitter:label1\" content=\"Est. tempo de leitura\" \/>\n\t<meta name=\"twitter:data1\" content=\"3 minutos\" \/>\n<script type=\"application\/ld+json\" class=\"yoast-schema-graph\">{\"@context\":\"https:\\\/\\\/schema.org\",\"@graph\":[{\"@type\":\"WebPage\",\"@id\":\"https:\\\/\\\/arbrea-labs.com\\\/arbrea-user-agreement\\\/\",\"url\":\"https:\\\/\\\/arbrea-labs.com\\\/arbrea-user-agreement\\\/\",\"name\":\"Arbrea User Agreement - Arbrea Labs\",\"isPartOf\":{\"@id\":\"https:\\\/\\\/arbrea-labs.com\\\/#website\"},\"datePublished\":\"2024-07-09T14:08:33+00:00\",\"dateModified\":\"2025-09-09T11:47:16+00:00\",\"description\":\"Understand the Arbrea User Agreement and ensure you are aware of the subscription terms and conditions before starting.\",\"breadcrumb\":{\"@id\":\"https:\\\/\\\/arbrea-labs.com\\\/arbrea-user-agreement\\\/#breadcrumb\"},\"inLanguage\":\"pt-BR\",\"potentialAction\":[{\"@type\":\"ReadAction\",\"target\":[\"https:\\\/\\\/arbrea-labs.com\\\/arbrea-user-agreement\\\/\"]}]},{\"@type\":\"BreadcrumbList\",\"@id\":\"https:\\\/\\\/arbrea-labs.com\\\/arbrea-user-agreement\\\/#breadcrumb\",\"itemListElement\":[{\"@type\":\"ListItem\",\"position\":1,\"name\":\"Home\",\"item\":\"https:\\\/\\\/arbrea-labs.com\\\/\"},{\"@type\":\"ListItem\",\"position\":2,\"name\":\"arbrea-user-agreement\"}]},{\"@type\":\"WebSite\",\"@id\":\"https:\\\/\\\/arbrea-labs.com\\\/#website\",\"url\":\"https:\\\/\\\/arbrea-labs.com\\\/\",\"name\":\"Arbrea Labs\",\"description\":\"Augmented Reality &amp; 3D Solutions for Aesthetics\",\"publisher\":{\"@id\":\"https:\\\/\\\/arbrea-labs.com\\\/#organization\"},\"alternateName\":\"Arbrea\",\"potentialAction\":[{\"@type\":\"SearchAction\",\"target\":{\"@type\":\"EntryPoint\",\"urlTemplate\":\"https:\\\/\\\/arbrea-labs.com\\\/?s={search_term_string}\"},\"query-input\":{\"@type\":\"PropertyValueSpecification\",\"valueRequired\":true,\"valueName\":\"search_term_string\"}}],\"inLanguage\":\"pt-BR\"},{\"@type\":\"Organization\",\"@id\":\"https:\\\/\\\/arbrea-labs.com\\\/#organization\",\"name\":\"Arbrea Labs\",\"alternateName\":\"Arbrea\",\"url\":\"https:\\\/\\\/arbrea-labs.com\\\/\",\"logo\":{\"@type\":\"ImageObject\",\"inLanguage\":\"pt-BR\",\"@id\":\"https:\\\/\\\/arbrea-labs.com\\\/#\\\/schema\\\/logo\\\/image\\\/\",\"url\":\"https:\\\/\\\/arbrea-labs.com\\\/wp-content\\\/uploads\\\/2022\\\/01\\\/logo_arbrea_LABS-01-1-e1641392734450.png\",\"contentUrl\":\"https:\\\/\\\/arbrea-labs.com\\\/wp-content\\\/uploads\\\/2022\\\/01\\\/logo_arbrea_LABS-01-1-e1641392734450.png\",\"width\":2000,\"height\":750,\"caption\":\"Arbrea Labs\"},\"image\":{\"@id\":\"https:\\\/\\\/arbrea-labs.com\\\/#\\\/schema\\\/logo\\\/image\\\/\"},\"sameAs\":[\"https:\\\/\\\/www.facebook.com\\\/arbrealabs\",\"https:\\\/\\\/www.instagram.com\\\/arbrealabs\\\/\",\"https:\\\/\\\/www.linkedin.com\\\/company\\\/arbrea-labs-ag\\\/\",\"https:\\\/\\\/www.youtube.com\\\/channel\\\/UCbHN9gofXJv8rMAHcAguTcg\"],\"description\":\"Arbrea Labs leads the way in blending advanced AI technology with personalized healthcare. Our fast, simple and safe Augmented Reality & 3D simulators optimize consultations, saving time and enhancing patient education. Meanwhile, our AR-driven marketing booster enhances patient journeys, maximizing marketing ROI and fostering efficient lead generation. Join us as we shape the future of aesthetic healthcare.\",\"email\":\"info@arbrea-labs.com\",\"legalName\":\"Arbrea Labs AG\",\"foundingDate\":\"2018-03-04\",\"vatID\":\"CHE-292.633.177\",\"numberOfEmployees\":{\"@type\":\"QuantitativeValue\",\"minValue\":\"11\",\"maxValue\":\"50\"}}]}<\/script>\n<!-- \/ Yoast SEO Premium plugin. -->","yoast_head_json":{"title":"Contrato de Usu\u00e1rio da Arbrea - Arbrea Labs","description":"Entenda o Contrato de Usu\u00e1rio da Arbrea e certifique-se de estar ciente dos termos e condi\u00e7\u00f5es da assinatura antes de come\u00e7ar.","robots":{"index":"index","follow":"follow","max-snippet":"max-snippet:-1","max-image-preview":"max-image-preview:large","max-video-preview":"max-video-preview:-1"},"canonical":"https:\/\/arbrea-labs.com\/pt\/contrato-de-usuario-da-arbrea\/","og_locale":"pt_BR","og_type":"article","og_title":"arbrea-user-agreement","og_description":"Understand the Arbrea User Agreement and ensure you are aware of the subscription terms and conditions before starting.","og_url":"https:\/\/arbrea-labs.com\/pt\/contrato-de-usuario-da-arbrea\/","og_site_name":"Arbrea Labs","article_publisher":"https:\/\/www.facebook.com\/arbrealabs","article_modified_time":"2025-09-09T11:47:16+00:00","twitter_card":"summary_large_image","twitter_misc":{"Est. tempo de leitura":"3 minutos"},"schema":{"@context":"https:\/\/schema.org","@graph":[{"@type":"WebPage","@id":"https:\/\/arbrea-labs.com\/arbrea-user-agreement\/","url":"https:\/\/arbrea-labs.com\/arbrea-user-agreement\/","name":"Contrato de Usu\u00e1rio da Arbrea - Arbrea Labs","isPartOf":{"@id":"https:\/\/arbrea-labs.com\/#website"},"datePublished":"2024-07-09T14:08:33+00:00","dateModified":"2025-09-09T11:47:16+00:00","description":"Entenda o Contrato de Usu\u00e1rio da Arbrea e certifique-se de estar ciente dos termos e condi\u00e7\u00f5es da assinatura antes de come\u00e7ar.","breadcrumb":{"@id":"https:\/\/arbrea-labs.com\/arbrea-user-agreement\/#breadcrumb"},"inLanguage":"pt-BR","potentialAction":[{"@type":"ReadAction","target":["https:\/\/arbrea-labs.com\/arbrea-user-agreement\/"]}]},{"@type":"BreadcrumbList","@id":"https:\/\/arbrea-labs.com\/arbrea-user-agreement\/#breadcrumb","itemListElement":[{"@type":"ListItem","position":1,"name":"Home","item":"https:\/\/arbrea-labs.com\/"},{"@type":"ListItem","position":2,"name":"arbrea-user-agreement"}]},{"@type":"WebSite","@id":"https:\/\/arbrea-labs.com\/#website","url":"https:\/\/arbrea-labs.com\/","name":"Laborat\u00f3rios Arbrea","description":"Solu\u00e7\u00f5es de Realidade Aumentada e 3D para Est\u00e9tica","publisher":{"@id":"https:\/\/arbrea-labs.com\/#organization"},"alternateName":"Arbrea","potentialAction":[{"@type":"SearchAction","target":{"@type":"EntryPoint","urlTemplate":"https:\/\/arbrea-labs.com\/?s={search_term_string}"},"query-input":{"@type":"PropertyValueSpecification","valueRequired":true,"valueName":"search_term_string"}}],"inLanguage":"pt-BR"},{"@type":"Organization","@id":"https:\/\/arbrea-labs.com\/#organization","name":"Laborat\u00f3rios Arbrea","alternateName":"Arbrea","url":"https:\/\/arbrea-labs.com\/","logo":{"@type":"ImageObject","inLanguage":"pt-BR","@id":"https:\/\/arbrea-labs.com\/#\/schema\/logo\/image\/","url":"https:\/\/arbrea-labs.com\/wp-content\/uploads\/2022\/01\/logo_arbrea_LABS-01-1-e1641392734450.png","contentUrl":"https:\/\/arbrea-labs.com\/wp-content\/uploads\/2022\/01\/logo_arbrea_LABS-01-1-e1641392734450.png","width":2000,"height":750,"caption":"Arbrea Labs"},"image":{"@id":"https:\/\/arbrea-labs.com\/#\/schema\/logo\/image\/"},"sameAs":["https:\/\/www.facebook.com\/arbrealabs","https:\/\/www.instagram.com\/arbrealabs\/","https:\/\/www.linkedin.com\/company\/arbrea-labs-ag\/","https:\/\/www.youtube.com\/channel\/UCbHN9gofXJv8rMAHcAguTcg"],"description":"A Arbrea Labs \u00e9 l\u00edder na combina\u00e7\u00e3o de tecnologia avan\u00e7ada de IA com cuidados de sa\u00fade personalizados. Nossos simuladores de Realidade Aumentada e 3D r\u00e1pidos, simples e seguros otimizam as consultas, economizando tempo e aprimorando a educa\u00e7\u00e3o do paciente. Enquanto isso, nosso impulsionador de marketing orientado por AR aprimora as jornadas dos pacientes, maximizando o ROI de marketing e promovendo a gera\u00e7\u00e3o eficiente de leads. Junte-se a n\u00f3s para moldar o futuro da sa\u00fade est\u00e9tica.","email":"info@arbrea-labs.com","legalName":"Arbrea Labs AG","foundingDate":"2018-03-04","vatID":"CHE-292.633.177","numberOfEmployees":{"@type":"QuantitativeValue","minValue":"11","maxValue":"50"}}]}},"_links":{"self":[{"href":"https:\/\/arbrea-labs.com\/pt\/wp-json\/wp\/v2\/pages\/26823","targetHints":{"allow":["GET"]}}],"collection":[{"href":"https:\/\/arbrea-labs.com\/pt\/wp-json\/wp\/v2\/pages"}],"about":[{"href":"https:\/\/arbrea-labs.com\/pt\/wp-json\/wp\/v2\/types\/page"}],"author":[{"embeddable":true,"href":"https:\/\/arbrea-labs.com\/pt\/wp-json\/wp\/v2\/users\/1"}],"replies":[{"embeddable":true,"href":"https:\/\/arbrea-labs.com\/pt\/wp-json\/wp\/v2\/comments?post=26823"}],"version-history":[{"count":0,"href":"https:\/\/arbrea-labs.com\/pt\/wp-json\/wp\/v2\/pages\/26823\/revisions"}],"wp:attachment":[{"href":"https:\/\/arbrea-labs.com\/pt\/wp-json\/wp\/v2\/media?parent=26823"}],"curies":[{"name":"wp","href":"https:\/\/api.w.org\/{rel}","templated":true}]}}