{"id":19509,"date":"2023-04-28T22:39:41","date_gmt":"2023-04-28T20:39:41","guid":{"rendered":"https:\/\/arbrea-labs.com\/?page_id=19509"},"modified":"2024-11-20T16:15:08","modified_gmt":"2024-11-20T15:15:08","slug":"gerente-junior-de-midia-social","status":"publish","type":"page","link":"https:\/\/arbrea-labs.com\/pt\/junior-social-media-manager\/","title":{"rendered":"Gerente de m\u00eddia social j\u00fanior"},"content":{"rendered":"<div id=\"fws_69d0c738073f1\"  data-column-margin=\"default\" data-midnight=\"light\" data-top-percent=\"2%\" data-bottom-percent=\"2%\"  class=\"wpb_row vc_row-fluid vc_row full-width-section has-row-bg-color\"  style=\"padding-top: calc(100vw * 0.02); padding-bottom: calc(100vw * 0.02); --row-bg-color: #3452ff;\"><div class=\"row-bg-wrap\" data-bg-animation=\"none\" data-bg-animation-delay=\"\" data-bg-overlay=\"true\"><div class=\"inner-wrap row-bg-layer using-image\" ><div class=\"row-bg viewport-desktop using-image using-bg-color lazyload\" style=\"background-image: url(https:\/\/arbrea-labs.com\/wp-includes\/images\/blank.gif);background-position: center center;background-repeat: no-repeat;background-color: #3452ff;\" data-background-image=\"https:\/\/arbrea-labs.com\/wp-content\/uploads\/2022\/05\/Untitled-design-16.png\"><\/div><\/div><div class=\"row-bg-overlay row-bg-layer\" style=\"background-color:#0c0c0c;  opacity: 0.3; \"><\/div><\/div><div class=\"row_col_wrap_12 col span_12 light left\">\n\t<div  class=\"vc_col-sm-2 wpb_column column_container vc_column_container col no-extra-padding inherit_tablet inherit_phone\"  data-padding-pos=\"all\" data-has-bg-color=\"false\" data-bg-color=\"\" data-bg-opacity=\"1\" data-animation=\"\" data-delay=\"0\" >\n\t\t<div class=\"vc_column-inner\" >\n\t\t\t<div class=\"wpb_wrapper\">\n\t\t\t\t\n\t\t\t<\/div> \n\t\t<\/div>\n\t<\/div> \n\n\t<div  class=\"vc_col-sm-8 wpb_column column_container vc_column_container col centered-text has-animation no-extra-padding inherit_tablet inherit_phone\"  data-padding-pos=\"all\" data-has-bg-color=\"false\" data-bg-color=\"\" data-bg-opacity=\"1\" data-animation=\"zoom-out\" data-delay=\"0\" >\n\t\t<div class=\"vc_column-inner\" >\n\t\t\t<div class=\"wpb_wrapper\">\n\t\t\t\t<h4 style=\"font-size: 20px;color: rgba(255,255,255,0.7);line-height: 36px;text-align: center;font-family:Roboto;font-weight:500;font-style:normal\" class=\"vc_custom_heading vc_do_custom_heading vc_custom_1682714540573\" >Junte-se \u00e0 nossa equipe de cria\u00e7\u00e3o<\/h4><h1 style=\"font-size: 83px;line-height: 98px;text-align: center;font-family:Roboto;font-weight:400;font-style:normal\" class=\"vc_custom_heading vc_do_custom_heading vc_custom_1682714504138\" >Gerente de m\u00eddia social j\u00fanior<\/h1>\n\t\t\t<\/div> \n\t\t<\/div>\n\t<\/div> \n\n\t<div  class=\"vc_col-sm-2 wpb_column column_container vc_column_container col no-extra-padding inherit_tablet inherit_phone\"  data-padding-pos=\"all\" data-has-bg-color=\"false\" data-bg-color=\"\" data-bg-opacity=\"1\" data-animation=\"\" data-delay=\"0\" >\n\t\t<div class=\"vc_column-inner\" >\n\t\t\t<div class=\"wpb_wrapper\">\n\t\t\t\t\n\t\t\t<\/div> \n\t\t<\/div>\n\t<\/div> \n<\/div><\/div>\n\t\t<div id=\"fws_69d0c738079d9\"  data-column-margin=\"default\" data-midnight=\"dark\" data-top-percent=\"3%\"  class=\"wpb_row vc_row-fluid vc_row\"  style=\"padding-top: calc(100vw * 0.03); padding-bottom: 0px; \"><div class=\"row-bg-wrap\" data-bg-animation=\"none\" data-bg-animation-delay=\"\" data-bg-overlay=\"false\"><div class=\"inner-wrap row-bg-layer\" ><div class=\"row-bg viewport-desktop\"  style=\"\"><\/div><\/div><\/div><div class=\"row_col_wrap_12 col span_12 dark left\">\n\t<div  class=\"vc_col-sm-12 wpb_column column_container vc_column_container col no-extra-padding inherit_tablet inherit_phone\"  data-padding-pos=\"all\" data-has-bg-color=\"false\" data-bg-color=\"\" data-bg-opacity=\"1\" data-animation=\"\" data-delay=\"0\" >\n\t\t<div class=\"vc_column-inner\" >\n\t\t\t<div class=\"wpb_wrapper\">\n\t\t\t\t\n<div class=\"wpb_text_column wpb_content_element\" >\n\t<h2><\/h2>\n<div>\n<p><strong>Quem somos n\u00f3s?<\/strong><\/p>\n<p>A Arbrea Labs \u00e9 uma startup su\u00ed\u00e7a e um spin-off do ETH Zurich (Instituto Federal Su\u00ed\u00e7o de Tecnologia). Estamos desenvolvendo tecnologia de ponta em IA e AR para a cria\u00e7\u00e3o de avatares humanos digitais a partir de dispositivos m\u00f3veis. Nosso foco tem sido a pr\u00e9-visualiza\u00e7\u00e3o de cirurgias mam\u00e1rias reconstrutivas e est\u00e9ticas. Temos orgulho de ter produzido ferramentas de Realidade Aumentada em tempo real para pr\u00e9-visualizar cirurgias est\u00e9ticas, pl\u00e1sticas e reconstrutivas e procedimentos n\u00e3o invasivos para cirurgi\u00f5es e pacientes. A Arbrea Labs \u00e9 composta por uma equipe din\u00e2mica e de r\u00e1pido crescimento, formada por engenheiros de P&amp;D, parceiros de vendas e profissionais de marketing digital.<\/p><\/div>\n<div class=\"p-rich_text_section\"><strong>Descri\u00e7\u00e3o do cargo:<\/strong><br \/>\nEstamos procurando um gerente de m\u00eddia social estrat\u00e9gico e criativo para se juntar \u00e0 nossa equipe de marketing. Como gerente de m\u00eddia social, voc\u00ea desenvolver\u00e1 e executar\u00e1 estrat\u00e9gias de m\u00eddia social em v\u00e1rias plataformas.<\/div>\n<div class=\"p-rich_text_section\">\n<p><strong>Responsabilidades:<\/strong><\/div>\n<ul class=\"p-rich_text_list p-rich_text_list__bullet\" data-stringify-type=\"unordered-list\" data-indent=\"0\" data-border=\"0\">\n<li data-stringify-indent=\"0\" data-stringify-border=\"0\">Desenvolva e implemente estrat\u00e9gias de m\u00eddia social para aumentar a conscientiza\u00e7\u00e3o e o envolvimento com a marca e direcionar o tr\u00e1fego do site.<\/li>\n<li data-stringify-indent=\"0\" data-stringify-border=\"0\">Crie e gerencie conte\u00fado para v\u00e1rias plataformas de m\u00eddia social, incluindo Facebook, Twitter, Instagram, LinkedIn e TikTok.<\/li>\n<li data-stringify-indent=\"0\" data-stringify-border=\"0\">Monitorar e analisar o desempenho da m\u00eddia social, fornecendo relat\u00f3rios regulares e insights para melhorar as campanhas de m\u00eddia social<\/li>\n<li data-stringify-indent=\"0\" data-stringify-border=\"0\">Colaborar com outras equipes para garantir a consist\u00eancia das mensagens e da marca em todos os canais<\/li>\n<li data-stringify-indent=\"0\" data-stringify-border=\"0\">Envolver-se com a comunidade on-line, respondendo a coment\u00e1rios e mensagens de maneira oportuna e profissional<\/li>\n<li data-stringify-indent=\"0\" data-stringify-border=\"0\">Mantenha-se atualizado com as tend\u00eancias e pr\u00e1ticas recomendadas de m\u00eddia social e recomende novas ideias para melhorar o desempenho da m\u00eddia social<\/li>\n<\/ul>\n<div class=\"p-rich_text_section\"><strong>Requisitos:<\/strong><\/div>\n<ul class=\"p-rich_text_list p-rich_text_list__bullet\" data-stringify-type=\"unordered-list\" data-indent=\"0\" data-border=\"0\">\n<li data-stringify-indent=\"0\" data-stringify-border=\"0\">Experi\u00eancia comprovada como gerente de m\u00eddia social ou fun\u00e7\u00e3o semelhante<\/li>\n<li aria-level=\"1\">Excelente comunica\u00e7\u00e3o escrita e oral em ingl\u00eas, forte senso visual e aten\u00e7\u00e3o aos detalhes.<\/li>\n<li data-stringify-indent=\"0\" data-stringify-border=\"0\">Conhecimento profundo de plataformas de m\u00eddia social, incluindo Facebook, Twitter, Instagram, LinkedIn e Tik Tok.<\/li>\n<li data-stringify-indent=\"0\" data-stringify-border=\"0\">Experi\u00eancia em criar e gerenciar campanhas de m\u00eddia social<\/li>\n<li data-stringify-indent=\"0\" data-stringify-border=\"0\">Capacidade de analisar dados e fornecer insights sobre o desempenho da m\u00eddia social<\/li>\n<li data-stringify-indent=\"0\" data-stringify-border=\"0\">Aten\u00e7\u00e3o aos detalhes e capacidade de realizar v\u00e1rias tarefas ao mesmo tempo<\/li>\n<li data-stringify-indent=\"0\" data-stringify-border=\"0\">Conhecimento do Canva, CapCut, Adobe Creative Suite ou outro software de design \u00e9 um diferencial.<\/li>\n<\/ul>\n<div class=\"p-rich_text_section\">Se estiver interessado nessa posi\u00e7\u00e3o, envie seu curr\u00edculo e carta de apresenta\u00e7\u00e3o. Aguardamos seu contato!<\/div>\n<p><strong>Benef\u00edcios do Arbrea Life<\/strong><\/p>\n<p>Tornar este mundo um lugar melhor \u00e9 um trabalho \u00e1rduo, por isso apoiamos nosso Dream Team com o seguinte:<\/p>\n<ul>\n<li>Desenvolvimento profissional ilimitado em uma das empresas que mais crescem em sua categoria<\/li>\n<li>Uma cultura de liberdade, responsabilidade e honestidade radical<\/li>\n<li>Um ambiente empresarial que incentiva a inova\u00e7\u00e3o<\/li>\n<li>Um ambiente global com colegas em todo o mundo<\/li>\n<li>Um ambiente de trabalho flex\u00edvel<\/li>\n<li>Pr\u00eamios extras ao atingir metas<\/li>\n<li>Posi\u00e7\u00e3o totalmente remota<\/li>\n<li>Reembolso para viagens ou visitas a clientes<\/li>\n<li>Condi\u00e7\u00f5es econ\u00f4micas extremamente competitivas<\/li>\n<li>Os dispositivos de TI mais recentes funcionam<\/li>\n<\/ul>\n<p><strong>Diversidade e Inclus\u00e3o<\/strong><\/p>\n<p>A diversidade e a inclus\u00e3o s\u00e3o importantes para n\u00f3s; estamos constantemente trabalhando para melhorar esses aspectos. Na Arbrea, n\u00e3o apenas aceitamos nossas diferen\u00e7as; n\u00f3s as apoiamos e celebramos totalmente. Temos o compromisso de oferecer oportunidades iguais de emprego, independentemente de ra\u00e7a, cor, ascend\u00eancia, religi\u00e3o, sexo, nacionalidade, orienta\u00e7\u00e3o sexual, idade, cidadania, estado civil, defici\u00eancia, g\u00eanero, identidade ou express\u00e3o de g\u00eanero.<\/p>\n<p><strong>Nosso Manifesto:<\/strong><\/p>\n<p>Acreditamos que a tecnologia \u00e9 um grande recurso para o mundo, mas ela deve ser r\u00e1pida, simples e segura de usar. Estamos trazendo esse conceito para o mercado de est\u00e9tica, oferecendo ferramentas das quais os pacientes e os profissionais podem se beneficiar plenamente, sem complica\u00e7\u00f5es. Tamb\u00e9m acreditamos que nada pode ser feito sem paix\u00e3o humana, honestidade, transpar\u00eancia e a mentalidade e a atitude certas, e estamos procurando candidatos que compartilhem nossos valores fundamentais.<\/p>\n<\/div>\n\n\n\n\n\t\t\t<\/div> \n\t\t<\/div>\n\t<\/div> \n<\/div><\/div>\n\t\t<div id=\"fws_69d0c73808022\"  data-column-margin=\"default\" data-midnight=\"dark\"  class=\"wpb_row vc_row-fluid vc_row\"  style=\"padding-top: 0px; padding-bottom: 0px; \"><div class=\"row-bg-wrap\" data-bg-animation=\"none\" data-bg-animation-delay=\"\" data-bg-overlay=\"false\"><div class=\"inner-wrap row-bg-layer\" ><div class=\"row-bg viewport-desktop\"  style=\"\"><\/div><\/div><\/div><div class=\"row_col_wrap_12 col span_12 dark left\">\n\t<div  class=\"vc_col-sm-12 wpb_column column_container vc_column_container col no-extra-padding inherit_tablet inherit_phone\"  data-padding-pos=\"all\" data-has-bg-color=\"false\" data-bg-color=\"\" data-bg-opacity=\"1\" data-animation=\"\" data-delay=\"0\" >\n\t\t<div class=\"vc_column-inner\" >\n\t\t\t<div class=\"wpb_wrapper\">\n\t\t\t\t\n<div class=\"wpb_text_column wpb_content_element\" >\n\t<\/div>\n\n\n\n\n\t\t\t<\/div> \n\t\t<\/div>\n\t<\/div> \n<\/div><\/div>\n\t\t<div id=\"fws_69d0c7380819e\"  data-column-margin=\"default\" data-midnight=\"dark\"  class=\"wpb_row vc_row-fluid vc_row\"  style=\"padding-top: 0px; padding-bottom: 0px; \"><div class=\"row-bg-wrap\" data-bg-animation=\"none\" data-bg-animation-delay=\"\" data-bg-overlay=\"false\"><div class=\"inner-wrap row-bg-layer\" ><div class=\"row-bg viewport-desktop\"  style=\"\"><\/div><\/div><\/div><div class=\"row_col_wrap_12 col span_12 dark left\">\n\t<div  class=\"vc_col-sm-12 wpb_column column_container vc_column_container col no-extra-padding inherit_tablet inherit_phone\"  data-padding-pos=\"all\" data-has-bg-color=\"false\" data-bg-color=\"\" data-bg-opacity=\"1\" data-animation=\"\" data-delay=\"0\" >\n\t\t<div class=\"vc_column-inner\" >\n\t\t\t<div class=\"wpb_wrapper\">\n\t\t\t\t\n\t<div class=\"wpb_raw_code wpb_raw_html wpb_content_element\" >\n\t\t<div class=\"wpb_wrapper\">\n\t\t\t<div data-tf-live=\"01JD527Y3CFHBDBHN40JFPVY2E\"><\/div><script src=\"\/\/embed.typeform.com\/next\/embed.js\"><\/script>\n\t\t<\/div>\n\t<\/div>\n\n\t\t\t<\/div> \n\t\t<\/div>\n\t<\/div> \n<\/div><\/div>\n<!-- \/wp:post-content -->","protected":false},"excerpt":{"rendered":"Junte-se \u00e0 nossa equipe criativaGerente de m\u00eddia social j\u00fanior Quem somos? A Arbrea Labs \u00e9 uma startup su\u00ed\u00e7a e um spin-off da ETH Zurich (Instituto Federal Su\u00ed\u00e7o de Zurique)...","protected":false},"author":3,"featured_media":0,"parent":0,"menu_order":0,"comment_status":"closed","ping_status":"closed","template":"","meta":{"footnotes":""},"class_list":["post-19509","page","type-page","status-publish"],"yoast_head":"<!-- This site is optimized with the Yoast SEO Premium plugin v27.3 (Yoast SEO v27.3) - https:\/\/yoast.com\/product\/yoast-seo-premium-wordpress\/ -->\n<title>Junior Social Media Manager - Arbrea Labs<\/title>\n<meta name=\"robots\" content=\"index, follow, max-snippet:-1, max-image-preview:large, max-video-preview:-1\" \/>\n<link rel=\"canonical\" href=\"https:\/\/arbrea-labs.com\/pt\/gerente-junior-de-midia-social\/\" \/>\n<meta property=\"og:locale\" content=\"pt_BR\" \/>\n<meta property=\"og:type\" content=\"article\" \/>\n<meta property=\"og:title\" content=\"Junior Social Media Manager\" \/>\n<meta property=\"og:url\" content=\"https:\/\/arbrea-labs.com\/pt\/gerente-junior-de-midia-social\/\" \/>\n<meta property=\"og:site_name\" content=\"Arbrea Labs\" \/>\n<meta property=\"article:publisher\" content=\"https:\/\/www.facebook.com\/arbrealabs\" \/>\n<meta property=\"article:modified_time\" content=\"2024-11-20T15:15:08+00:00\" \/>\n<meta name=\"twitter:card\" content=\"summary_large_image\" \/>\n<meta name=\"twitter:label1\" content=\"Est. tempo de leitura\" \/>\n\t<meta name=\"twitter:data1\" content=\"4 minutos\" \/>\n<script type=\"application\/ld+json\" class=\"yoast-schema-graph\">{\"@context\":\"https:\\\/\\\/schema.org\",\"@graph\":[{\"@type\":\"WebPage\",\"@id\":\"https:\\\/\\\/arbrea-labs.com\\\/junior-social-media-manager\\\/\",\"url\":\"https:\\\/\\\/arbrea-labs.com\\\/junior-social-media-manager\\\/\",\"name\":\"Junior Social Media Manager - Arbrea Labs\",\"isPartOf\":{\"@id\":\"https:\\\/\\\/arbrea-labs.com\\\/#website\"},\"datePublished\":\"2023-04-28T20:39:41+00:00\",\"dateModified\":\"2024-11-20T15:15:08+00:00\",\"breadcrumb\":{\"@id\":\"https:\\\/\\\/arbrea-labs.com\\\/junior-social-media-manager\\\/#breadcrumb\"},\"inLanguage\":\"pt-BR\",\"potentialAction\":[{\"@type\":\"ReadAction\",\"target\":[\"https:\\\/\\\/arbrea-labs.com\\\/junior-social-media-manager\\\/\"]}]},{\"@type\":\"BreadcrumbList\",\"@id\":\"https:\\\/\\\/arbrea-labs.com\\\/junior-social-media-manager\\\/#breadcrumb\",\"itemListElement\":[{\"@type\":\"ListItem\",\"position\":1,\"name\":\"Home\",\"item\":\"https:\\\/\\\/arbrea-labs.com\\\/\"},{\"@type\":\"ListItem\",\"position\":2,\"name\":\"Junior Social Media Manager\"}]},{\"@type\":\"WebSite\",\"@id\":\"https:\\\/\\\/arbrea-labs.com\\\/#website\",\"url\":\"https:\\\/\\\/arbrea-labs.com\\\/\",\"name\":\"Arbrea Labs\",\"description\":\"Augmented Reality &amp; 3D Solutions for Aesthetics\",\"publisher\":{\"@id\":\"https:\\\/\\\/arbrea-labs.com\\\/#organization\"},\"alternateName\":\"Arbrea\",\"potentialAction\":[{\"@type\":\"SearchAction\",\"target\":{\"@type\":\"EntryPoint\",\"urlTemplate\":\"https:\\\/\\\/arbrea-labs.com\\\/?s={search_term_string}\"},\"query-input\":{\"@type\":\"PropertyValueSpecification\",\"valueRequired\":true,\"valueName\":\"search_term_string\"}}],\"inLanguage\":\"pt-BR\"},{\"@type\":\"Organization\",\"@id\":\"https:\\\/\\\/arbrea-labs.com\\\/#organization\",\"name\":\"Arbrea Labs\",\"alternateName\":\"Arbrea\",\"url\":\"https:\\\/\\\/arbrea-labs.com\\\/\",\"logo\":{\"@type\":\"ImageObject\",\"inLanguage\":\"pt-BR\",\"@id\":\"https:\\\/\\\/arbrea-labs.com\\\/#\\\/schema\\\/logo\\\/image\\\/\",\"url\":\"https:\\\/\\\/arbrea-labs.com\\\/wp-content\\\/uploads\\\/2022\\\/01\\\/logo_arbrea_LABS-01-1-e1641392734450.png\",\"contentUrl\":\"https:\\\/\\\/arbrea-labs.com\\\/wp-content\\\/uploads\\\/2022\\\/01\\\/logo_arbrea_LABS-01-1-e1641392734450.png\",\"width\":2000,\"height\":750,\"caption\":\"Arbrea Labs\"},\"image\":{\"@id\":\"https:\\\/\\\/arbrea-labs.com\\\/#\\\/schema\\\/logo\\\/image\\\/\"},\"sameAs\":[\"https:\\\/\\\/www.facebook.com\\\/arbrealabs\",\"https:\\\/\\\/www.instagram.com\\\/arbrealabs\\\/\",\"https:\\\/\\\/www.linkedin.com\\\/company\\\/arbrea-labs-ag\\\/\",\"https:\\\/\\\/www.youtube.com\\\/channel\\\/UCbHN9gofXJv8rMAHcAguTcg\"],\"description\":\"Arbrea Labs leads the way in blending advanced AI technology with personalized healthcare. Our fast, simple and safe Augmented Reality & 3D simulators optimize consultations, saving time and enhancing patient education. Meanwhile, our AR-driven marketing booster enhances patient journeys, maximizing marketing ROI and fostering efficient lead generation. Join us as we shape the future of aesthetic healthcare.\",\"email\":\"info@arbrea-labs.com\",\"legalName\":\"Arbrea Labs AG\",\"foundingDate\":\"2018-03-04\",\"vatID\":\"CHE-292.633.177\",\"numberOfEmployees\":{\"@type\":\"QuantitativeValue\",\"minValue\":\"11\",\"maxValue\":\"50\"}}]}<\/script>\n<!-- \/ Yoast SEO Premium plugin. -->","yoast_head_json":{"title":"Gerente de m\u00eddia social j\u00fanior - Arbrea Labs","robots":{"index":"index","follow":"follow","max-snippet":"max-snippet:-1","max-image-preview":"max-image-preview:large","max-video-preview":"max-video-preview:-1"},"canonical":"https:\/\/arbrea-labs.com\/pt\/gerente-junior-de-midia-social\/","og_locale":"pt_BR","og_type":"article","og_title":"Junior Social Media Manager","og_url":"https:\/\/arbrea-labs.com\/pt\/gerente-junior-de-midia-social\/","og_site_name":"Arbrea Labs","article_publisher":"https:\/\/www.facebook.com\/arbrealabs","article_modified_time":"2024-11-20T15:15:08+00:00","twitter_card":"summary_large_image","twitter_misc":{"Est. tempo de leitura":"4 minutos"},"schema":{"@context":"https:\/\/schema.org","@graph":[{"@type":"WebPage","@id":"https:\/\/arbrea-labs.com\/junior-social-media-manager\/","url":"https:\/\/arbrea-labs.com\/junior-social-media-manager\/","name":"Gerente de m\u00eddia social j\u00fanior - Arbrea Labs","isPartOf":{"@id":"https:\/\/arbrea-labs.com\/#website"},"datePublished":"2023-04-28T20:39:41+00:00","dateModified":"2024-11-20T15:15:08+00:00","breadcrumb":{"@id":"https:\/\/arbrea-labs.com\/junior-social-media-manager\/#breadcrumb"},"inLanguage":"pt-BR","potentialAction":[{"@type":"ReadAction","target":["https:\/\/arbrea-labs.com\/junior-social-media-manager\/"]}]},{"@type":"BreadcrumbList","@id":"https:\/\/arbrea-labs.com\/junior-social-media-manager\/#breadcrumb","itemListElement":[{"@type":"ListItem","position":1,"name":"Home","item":"https:\/\/arbrea-labs.com\/"},{"@type":"ListItem","position":2,"name":"Junior Social Media Manager"}]},{"@type":"WebSite","@id":"https:\/\/arbrea-labs.com\/#website","url":"https:\/\/arbrea-labs.com\/","name":"Laborat\u00f3rios Arbrea","description":"Solu\u00e7\u00f5es de Realidade Aumentada e 3D para Est\u00e9tica","publisher":{"@id":"https:\/\/arbrea-labs.com\/#organization"},"alternateName":"Arbrea","potentialAction":[{"@type":"SearchAction","target":{"@type":"EntryPoint","urlTemplate":"https:\/\/arbrea-labs.com\/?s={search_term_string}"},"query-input":{"@type":"PropertyValueSpecification","valueRequired":true,"valueName":"search_term_string"}}],"inLanguage":"pt-BR"},{"@type":"Organization","@id":"https:\/\/arbrea-labs.com\/#organization","name":"Laborat\u00f3rios Arbrea","alternateName":"Arbrea","url":"https:\/\/arbrea-labs.com\/","logo":{"@type":"ImageObject","inLanguage":"pt-BR","@id":"https:\/\/arbrea-labs.com\/#\/schema\/logo\/image\/","url":"https:\/\/arbrea-labs.com\/wp-content\/uploads\/2022\/01\/logo_arbrea_LABS-01-1-e1641392734450.png","contentUrl":"https:\/\/arbrea-labs.com\/wp-content\/uploads\/2022\/01\/logo_arbrea_LABS-01-1-e1641392734450.png","width":2000,"height":750,"caption":"Arbrea Labs"},"image":{"@id":"https:\/\/arbrea-labs.com\/#\/schema\/logo\/image\/"},"sameAs":["https:\/\/www.facebook.com\/arbrealabs","https:\/\/www.instagram.com\/arbrealabs\/","https:\/\/www.linkedin.com\/company\/arbrea-labs-ag\/","https:\/\/www.youtube.com\/channel\/UCbHN9gofXJv8rMAHcAguTcg"],"description":"A Arbrea Labs \u00e9 l\u00edder na combina\u00e7\u00e3o de tecnologia avan\u00e7ada de IA com cuidados de sa\u00fade personalizados. Nossos simuladores de Realidade Aumentada e 3D r\u00e1pidos, simples e seguros otimizam as consultas, economizando tempo e aprimorando a educa\u00e7\u00e3o do paciente. Enquanto isso, nosso impulsionador de marketing orientado por AR aprimora as jornadas dos pacientes, maximizando o ROI de marketing e promovendo a gera\u00e7\u00e3o eficiente de leads. Junte-se a n\u00f3s para moldar o futuro da sa\u00fade est\u00e9tica.","email":"info@arbrea-labs.com","legalName":"Arbrea Labs AG","foundingDate":"2018-03-04","vatID":"CHE-292.633.177","numberOfEmployees":{"@type":"QuantitativeValue","minValue":"11","maxValue":"50"}}]}},"_links":{"self":[{"href":"https:\/\/arbrea-labs.com\/pt\/wp-json\/wp\/v2\/pages\/19509","targetHints":{"allow":["GET"]}}],"collection":[{"href":"https:\/\/arbrea-labs.com\/pt\/wp-json\/wp\/v2\/pages"}],"about":[{"href":"https:\/\/arbrea-labs.com\/pt\/wp-json\/wp\/v2\/types\/page"}],"author":[{"embeddable":true,"href":"https:\/\/arbrea-labs.com\/pt\/wp-json\/wp\/v2\/users\/3"}],"replies":[{"embeddable":true,"href":"https:\/\/arbrea-labs.com\/pt\/wp-json\/wp\/v2\/comments?post=19509"}],"version-history":[{"count":0,"href":"https:\/\/arbrea-labs.com\/pt\/wp-json\/wp\/v2\/pages\/19509\/revisions"}],"wp:attachment":[{"href":"https:\/\/arbrea-labs.com\/pt\/wp-json\/wp\/v2\/media?parent=19509"}],"curies":[{"name":"wp","href":"https:\/\/api.w.org\/{rel}","templated":true}]}}