{"id":18354,"date":"2022-09-15T07:29:52","date_gmt":"2022-09-15T07:29:52","guid":{"rendered":"https:\/\/arbrea-labs.com\/?page_id=18354"},"modified":"2026-04-03T06:57:39","modified_gmt":"2026-04-03T04:57:39","slug":"executivo-de-vendas","status":"publish","type":"page","link":"https:\/\/arbrea-labs.com\/pt\/sales-executive\/","title":{"rendered":"Executivo de vendas"},"content":{"rendered":"<div id=\"fws_69f3c04ed3652\"  data-column-margin=\"default\" data-midnight=\"light\" data-top-percent=\"2%\" data-bottom-percent=\"2%\"  class=\"wpb_row vc_row-fluid vc_row full-width-section\"  style=\"padding-top: calc(100vw * 0.02); padding-bottom: calc(100vw * 0.02); \"><div class=\"row-bg-wrap\" data-bg-animation=\"none\" data-bg-animation-delay=\"\" data-bg-overlay=\"true\"><div class=\"inner-wrap row-bg-layer using-image\" ><div class=\"row-bg viewport-desktop using-image lazyload\" style=\"background-image: url(https:\/\/arbrea-labs.com\/wp-includes\/images\/blank.gif);background-position: center center;background-repeat: no-repeat;\" data-background-image=\"https:\/\/arbrea-labs.com\/wp-content\/uploads\/2025\/02\/pexels-mikhail-nilov-6592684-scaled.jpg\"><\/div><\/div><div class=\"row-bg-overlay row-bg-layer\" style=\"background-color:#0c0c0c;  opacity: 0.3; \"><\/div><\/div><div class=\"row_col_wrap_12 col span_12 light left\">\n\t<div  class=\"vc_col-sm-2 wpb_column column_container vc_column_container col no-extra-padding inherit_tablet inherit_phone flex_gap_desktop_10px\"  data-padding-pos=\"all\" data-has-bg-color=\"false\" data-bg-color=\"\" data-bg-opacity=\"1\" data-animation=\"\" data-delay=\"0\" >\n\t\t<div class=\"vc_column-inner\" >\n\t\t\t<div class=\"wpb_wrapper\">\n\t\t\t\t\n\t\t\t<\/div> \n\t\t<\/div>\n\t<\/div> \n\n\t<div  class=\"vc_col-sm-8 wpb_column column_container vc_column_container col centered-text has-animation no-extra-padding inherit_tablet inherit_phone flex_gap_desktop_10px\"  data-padding-pos=\"all\" data-has-bg-color=\"false\" data-bg-color=\"\" data-bg-opacity=\"1\" data-animation=\"zoom-out\" data-delay=\"0\" >\n\t\t<div class=\"vc_column-inner\" >\n\t\t\t<div class=\"wpb_wrapper\">\n\t\t\t\t<h4 style=\"font-size: 20px;color: rgba(255,255,255,0.7);line-height: 36px;text-align: center;font-family:Roboto;font-weight:500;font-style:normal\" class=\"vc_custom_heading vc_do_custom_heading vc_custom_1739894927271\" >Junte-se \u00e0 nossa equipe de vendas<\/h4><h1 style=\"font-size: 83px;line-height: 98px;text-align: center;font-family:Roboto;font-weight:;font-style:\" class=\"vc_custom_heading vc_do_custom_heading vc_custom_1764670644637\" >Representante de desenvolvimento de vendas j\u00fanior<\/h1>\n\t\t\t<\/div> \n\t\t<\/div>\n\t<\/div> \n\n\t<div  class=\"vc_col-sm-2 wpb_column column_container vc_column_container col no-extra-padding inherit_tablet inherit_phone flex_gap_desktop_10px\"  data-padding-pos=\"all\" data-has-bg-color=\"false\" data-bg-color=\"\" data-bg-opacity=\"1\" data-animation=\"\" data-delay=\"0\" >\n\t\t<div class=\"vc_column-inner\" >\n\t\t\t<div class=\"wpb_wrapper\">\n\t\t\t\t\n\t\t\t<\/div> \n\t\t<\/div>\n\t<\/div> \n<\/div><\/div>\n\t\t<div id=\"fws_69f3c04ed3c79\"  data-column-margin=\"default\" data-midnight=\"dark\" data-top-percent=\"3%\"  class=\"wpb_row vc_row-fluid vc_row\"  style=\"padding-top: calc(100vw * 0.03); padding-bottom: 0px; \"><div class=\"row-bg-wrap\" data-bg-animation=\"none\" data-bg-animation-delay=\"\" data-bg-overlay=\"false\"><div class=\"inner-wrap row-bg-layer\" ><div class=\"row-bg viewport-desktop\"  style=\"\"><\/div><\/div><\/div><div class=\"row_col_wrap_12 col span_12 dark left\">\n\t<div  class=\"vc_col-sm-12 wpb_column column_container vc_column_container col no-extra-padding inherit_tablet inherit_phone flex_gap_desktop_10px\"  data-padding-pos=\"all\" data-has-bg-color=\"false\" data-bg-color=\"\" data-bg-opacity=\"1\" data-animation=\"\" data-delay=\"0\" >\n\t\t<div class=\"vc_column-inner\" >\n\t\t\t<div class=\"wpb_wrapper\">\n\t\t\t\t\n<div class=\"wpb_text_column wpb_content_element\" >\n\t<h2><\/h2>\n<p><strong>Estamos recrutando!<\/strong><\/p>\n<p><strong>Leia atentamente e siga o processo de inscri\u00e7\u00e3o com precis\u00e3o. N\u00e3o avaliaremos os candidatos que n\u00e3o seguirem o processo descrito com precis\u00e3o.<\/strong><\/p>\n<p><strong>Seu perfil n\u00e3o corresponde perfeitamente aos nossos requisitos? Se voc\u00ea sente que sua mentalidade corresponde, prove que estamos errados nos impressionando no processo!<\/strong><\/p>\n<p><strong>Quem somos n\u00f3s?<\/strong><\/p>\n<p>A Arbrea Labs \u00e9 uma startup su\u00ed\u00e7a e um spin-off do ETH Zurich (Instituto Federal Su\u00ed\u00e7o de Tecnologia). Estamos desenvolvendo tecnologia de ponta em IA e AR para cria\u00e7\u00f5es de avatares humanos digitais a partir de dispositivos m\u00f3veis. Nosso foco tem sido a pr\u00e9-visualiza\u00e7\u00e3o de cirurgias reconstrutivas e est\u00e9ticas de mama e temos orgulho de ter produzido ferramentas de realidade aumentada em tempo real para pr\u00e9-visualizar cirurgias est\u00e9ticas, pl\u00e1sticas e reconstrutivas e procedimentos n\u00e3o invasivos, tanto para cirurgi\u00f5es quanto para pacientes.<\/p>\n<p>A Arbrea Labs \u00e9 composta por uma equipe din\u00e2mica e de r\u00e1pido crescimento, formada por engenheiros de P&amp;D, parceiros de vendas e profissionais de marketing digital.<\/p>\n<p><strong>Nosso Manifesto:<\/strong><\/p>\n<p>Acreditamos que a tecnologia \u00e9 um ativo enorme para o mundo, mas deve ser r\u00e1pida, simples e segura de usar. Trazemos esse conceito para o Mercado Est\u00e9tico oferecendo ferramentas das quais pacientes e profissionais podem se beneficiar plenamente, sem complica\u00e7\u00f5es.<\/p>\n<p>N\u00f3s tamb\u00e9m acreditamos que nada pode ser feito sem paix\u00e3o humana, transpar\u00eancia honesta, a mentalidade e a atitude certas, e estamos procurando candidatos que compartilhem nossos valores fundamentais.<\/p>\n<p><strong>Nosso projeto:<\/strong><\/p>\n<p>No momento, estamos em pleno modo de expans\u00e3o, portanto, estamos procurando expandir nossa cobertura territorial e buscando os melhores profissionais de vendas para integrar nossa equipe e se tornarem figuras-chave na expans\u00e3o da Arbrea.<\/p>\n<p>Voc\u00ea ser\u00e1 um colaborador crucial na equipe de campo e participar\u00e1 dessa revolu\u00e7\u00e3o criando um novo mercado e mantendo seu portf\u00f3lio, sendo respons\u00e1vel pelo suporte ao cliente e direcionando seus esfor\u00e7os para ter o maior impacto geral nos resultados da empresa.<\/p>\n<p><strong>Seu desafio:&nbsp;<\/strong><\/p>\n<ul class=\"e1c45ffe _21bfc4c1\">\n<li>Estimular o crescimento das vendas e maximizar o volume e os lucros.<\/li>\n<li>Identificar novos embaixadores e KOLs (Key Opinion Leaders) na comunidade<\/li>\n<li>Acompanhar os objetivos de vendas relacionados aos KPIs estabelecidos<\/li>\n<li>Acompanhamento da estrat\u00e9gia da empresa em termos de vendas diretas, eventos e novas parcerias<\/li>\n<li>Revisar o escopo dos objetivos da \u00e1rea designada, analisar os resultados comerciais e realizar a\u00e7\u00f5es \u00e1geis.<\/li>\n<li>Busque oportunidades de neg\u00f3cios e crescimento organizando voc\u00ea e seu tempo de acordo com as diretrizes da empresa<\/li>\n<li>Monitorar, analisar e acompanhar continuamente o or\u00e7amento de vendas VS.<\/li>\n<li>Monitorar e avaliar o uso do cliente, fornecendo feedback e suporte regulares.<\/li>\n<li>Compartilhe exemplos bem-sucedidos, casos de neg\u00f3cios e novas atividades bem-sucedidas<\/li>\n<li>Tome a iniciativa de aprimorar o conhecimento do produto interagindo honestamente com seus clientes e oferecendo o melhor suporte poss\u00edvel<\/li>\n<li>Crie confian\u00e7a e sempre cumpra suas promessas<\/li>\n<li>Assegurar que os procedimentos, as pol\u00edticas, os requisitos legais e os padr\u00f5es \u00e9ticos sejam aplicados, para garantir que os ativos da empresa sejam protegidos.<\/li>\n<li>Fornecer suporte, integra\u00e7\u00e3o e treinamento de marketing aos clientes<\/li>\n<li>Atingir as metas em sua \u00e1rea, oferecer o melhor valor e manter o n\u00edvel de servi\u00e7o.<\/li>\n<\/ul>\n<p><strong>Voc\u00ea ser\u00e1 o m\u00e1ximo nesta fun\u00e7\u00e3o se:<\/strong><\/p>\n<ul class=\"e1c45ffe _21bfc4c1\">\n<li>Preocupar-se com nossa miss\u00e3o e v\u00ea-la como um problema \"pessoal\" a ser resolvido profissionalmente.<\/li>\n<li>Educa\u00e7\u00e3o b\u00e1sica obrigat\u00f3ria. Bacharelado - desejado, mas n\u00e3o obrigat\u00f3rio<\/li>\n<li>+2 anos de experi\u00eancia em posi\u00e7\u00e3o de Vendas (idealmente na Ind\u00fastria M\u00e9dica). Fortes habilidades anal\u00edticas<\/li>\n<li>Experi\u00eancia pr\u00e9via em Vendas e\/ou Marketing ser\u00e1 um diferencial desejado.<\/li>\n<li>Excelentes habilidades de negocia\u00e7\u00e3o e constru\u00e7\u00e3o de relacionamentos.<\/li>\n<li>Uma pessoa orientada para resultados e desempenho, com forte pensamento centrado no consumidor.<\/li>\n<li>Flexibilidade e adaptabilidade para operar em \u00e1reas cinzentas que ainda n\u00e3o foram atribu\u00eddas a um departamento espec\u00edfico.<\/li>\n<li><strong>Fluente em portugu\u00eas e ingl\u00eas avan\u00e7ado, ou fluente em ambos<\/strong><\/li>\n<li>Habilidades tecnol\u00f3gicas avan\u00e7adas com ferramentas b\u00e1sicas - um diferencial.<\/li>\n<li>Experi\u00eancia anterior no setor de cirurgia pl\u00e1stica - um grande diferencial<\/li>\n<li><strong>A mentalidade correta e uma boa vibra\u00e7\u00e3o - Obrigat\u00f3rio.<\/strong><\/li>\n<\/ul>\n<p><strong>Benef\u00edcios do Arbrea Life<\/strong><\/p>\n<p>Tornar este mundo um lugar melhor \u00e9 um trabalho \u00e1rduo, por isso apoiamos nosso Dream Team com:<\/p>\n<ul class=\"e1c45ffe _21bfc4c1\">\n<li>Desenvolvimento profissional ilimitado em uma das empresas de crescimento mais r\u00e1pido nesta categoria.<\/li>\n<li>Uma cultura de liberdade, responsabilidade e honestidade radical<\/li>\n<li>Um ambiente empresarial que incentiva a inova\u00e7\u00e3o<\/li>\n<li>Um ambiente global com colegas em todo o mundo<\/li>\n<li>Um ambiente de trabalho flex\u00edvel<\/li>\n<li>Pr\u00eamios extras ao atingir metas<\/li>\n<li>Posi\u00e7\u00e3o totalmente remota<\/li>\n<li>Reembolso para viagens ou visitas a clientes<\/li>\n<li>Condi\u00e7\u00f5es econ\u00f4micas extremamente competitivas<\/li>\n<li>Os mais recentes dispositivos de TI para trabalhar<\/li>\n<\/ul>\n<p><strong>Condi\u00e7\u00f5es salariais<\/strong><\/p>\n<ul class=\"e1c45ffe _21bfc4c1\">\n<li>Per\u00edodo probat\u00f3rio inicial de seis meses com um pacote de comiss\u00f5es e b\u00f4nus muito interessante.<\/li>\n<li>Ap\u00f3s seis meses Fix sal\u00e1rio mais b\u00f4nus, tudo discutido e acordado antes do in\u00edcio.<\/li>\n<li>Metas e benef\u00edcios mensais extras.<\/li>\n<li>Possibilidade de investimento em educa\u00e7\u00e3o e ESOP (em discuss\u00e3o).<\/li>\n<\/ul>\n<p><strong>Benef\u00edcios do Arbrea Life<\/strong><\/p>\n<p>Como se inscrever:<\/p>\n<ol class=\"e1c45ffe _653173c6\">\n<li>Leia esta postagem com calma e n\u00e3o se apresse.<\/li>\n<li>Clique no link e inscreva-se em nosso site<\/li>\n<\/ol>\n<p><strong>Declara\u00e7\u00e3o de Diversidade e Inclus\u00e3o<\/strong><\/p>\n<p>A diversidade e a inclus\u00e3o s\u00e3o importantes para n\u00f3s, e estamos constantemente trabalhando para melhorar esses aspectos. Na Arbrea, n\u00e3o apenas aceitamos nossas diferen\u00e7as, mas as apoiamos e celebramos totalmente.<\/p>\n<p>Temos o compromisso de oferecer oportunidades iguais de emprego, independentemente de ra\u00e7a, cor, ascend\u00eancia, religi\u00e3o, sexo, nacionalidade, orienta\u00e7\u00e3o sexual, idade, cidadania, estado civil, defici\u00eancia, g\u00eanero, identidade ou express\u00e3o de g\u00eanero.<\/p>\n<\/div>\n\n\n\n\n\t\t\t<\/div> \n\t\t<\/div>\n\t<\/div> \n<\/div><\/div>\n\t\t<div id=\"fws_69f3c04ed44cd\"  data-column-margin=\"default\" data-midnight=\"dark\"  class=\"wpb_row vc_row-fluid vc_row\"  style=\"padding-top: 0px; padding-bottom: 0px; \"><div class=\"row-bg-wrap\" data-bg-animation=\"none\" data-bg-animation-delay=\"\" data-bg-overlay=\"false\"><div class=\"inner-wrap row-bg-layer\" ><div class=\"row-bg viewport-desktop\"  style=\"\"><\/div><\/div><\/div><div class=\"row_col_wrap_12 col span_12 dark left\">\n\t<div  class=\"vc_col-sm-12 wpb_column column_container vc_column_container col no-extra-padding inherit_tablet inherit_phone flex_gap_desktop_10px\"  data-padding-pos=\"all\" data-has-bg-color=\"false\" data-bg-color=\"\" data-bg-opacity=\"1\" data-animation=\"\" data-delay=\"0\" >\n\t\t<div class=\"vc_column-inner\" >\n\t\t\t<div class=\"wpb_wrapper\">\n\t\t\t\t\n\t<div class=\"wpb_raw_code wpb_raw_html wpb_content_element\" >\n\t\t<div class=\"wpb_wrapper\">\n\t\t\t<div data-tf-live=\"01HHMF95H0H69J77FJZEC6SK4V\"><\/div><script src=\"\/\/embed.typeform.com\/next\/embed.js\"><\/script>\n\t\t<\/div>\n\t<\/div>\n\n\t\t\t<\/div> \n\t\t<\/div>\n\t<\/div> \n<\/div><\/div><!-- \/wp:post-content -->","protected":false},"excerpt":{"rendered":"Junte-se \u00e0 nossa equipe de vendasRepresentante j\u00fanior de desenvolvimento de vendas Estamos recrutando! Leia atentamente e siga o processo de inscri\u00e7\u00e3o com precis\u00e3o. N\u00e3o avaliaremos candidatos que...","protected":false},"author":1,"featured_media":0,"parent":0,"menu_order":0,"comment_status":"closed","ping_status":"closed","template":"","meta":{"footnotes":""},"class_list":["post-18354","page","type-page","status-publish"],"yoast_head":"<!-- This site is optimized with the Yoast SEO Premium plugin v27.3 (Yoast SEO v27.5) - https:\/\/yoast.com\/product\/yoast-seo-premium-wordpress\/ -->\n<title>Sales Executive: Join Our Exciting Team Today<\/title>\n<meta name=\"description\" content=\"Start your journey with Arbrea Labs as a Sales Executive. Help revolutionize the future of surgery with innovative technology.\" \/>\n<meta name=\"robots\" content=\"index, follow, max-snippet:-1, max-image-preview:large, max-video-preview:-1\" \/>\n<link rel=\"canonical\" href=\"https:\/\/arbrea-labs.com\/pt\/executivo-de-vendas\/\" \/>\n<meta property=\"og:locale\" content=\"pt_BR\" \/>\n<meta property=\"og:type\" content=\"article\" \/>\n<meta property=\"og:title\" content=\"Sales Executive\" \/>\n<meta property=\"og:description\" content=\"Start your journey with Arbrea Labs as a Sales Executive. Help revolutionize the future of surgery with innovative technology.\" \/>\n<meta property=\"og:url\" content=\"https:\/\/arbrea-labs.com\/pt\/executivo-de-vendas\/\" \/>\n<meta property=\"og:site_name\" content=\"Arbrea Labs\" \/>\n<meta property=\"article:publisher\" content=\"https:\/\/www.facebook.com\/arbrealabs\" \/>\n<meta property=\"article:modified_time\" content=\"2026-04-03T04:57:39+00:00\" \/>\n<meta name=\"twitter:card\" content=\"summary_large_image\" \/>\n<meta name=\"twitter:label1\" content=\"Est. tempo de leitura\" \/>\n\t<meta name=\"twitter:data1\" content=\"4 minutos\" \/>\n<script type=\"application\/ld+json\" class=\"yoast-schema-graph\">{\"@context\":\"https:\\\/\\\/schema.org\",\"@graph\":[{\"@type\":\"WebPage\",\"@id\":\"https:\\\/\\\/arbrea-labs.com\\\/sales-executive\\\/\",\"url\":\"https:\\\/\\\/arbrea-labs.com\\\/sales-executive\\\/\",\"name\":\"Sales Executive: Join Our Exciting Team Today\",\"isPartOf\":{\"@id\":\"https:\\\/\\\/arbrea-labs.com\\\/#website\"},\"datePublished\":\"2022-09-15T07:29:52+00:00\",\"dateModified\":\"2026-04-03T04:57:39+00:00\",\"description\":\"Start your journey with Arbrea Labs as a Sales Executive. Help revolutionize the future of surgery with innovative technology.\",\"breadcrumb\":{\"@id\":\"https:\\\/\\\/arbrea-labs.com\\\/sales-executive\\\/#breadcrumb\"},\"inLanguage\":\"pt-BR\",\"potentialAction\":[{\"@type\":\"ReadAction\",\"target\":[\"https:\\\/\\\/arbrea-labs.com\\\/sales-executive\\\/\"]}]},{\"@type\":\"BreadcrumbList\",\"@id\":\"https:\\\/\\\/arbrea-labs.com\\\/sales-executive\\\/#breadcrumb\",\"itemListElement\":[{\"@type\":\"ListItem\",\"position\":1,\"name\":\"Home\",\"item\":\"https:\\\/\\\/arbrea-labs.com\\\/\"},{\"@type\":\"ListItem\",\"position\":2,\"name\":\"Sales Executive\"}]},{\"@type\":\"WebSite\",\"@id\":\"https:\\\/\\\/arbrea-labs.com\\\/#website\",\"url\":\"https:\\\/\\\/arbrea-labs.com\\\/\",\"name\":\"Arbrea Labs\",\"description\":\"Augmented Reality &amp; 3D Solutions for Aesthetics\",\"publisher\":{\"@id\":\"https:\\\/\\\/arbrea-labs.com\\\/#organization\"},\"alternateName\":\"Arbrea\",\"potentialAction\":[{\"@type\":\"SearchAction\",\"target\":{\"@type\":\"EntryPoint\",\"urlTemplate\":\"https:\\\/\\\/arbrea-labs.com\\\/?s={search_term_string}\"},\"query-input\":{\"@type\":\"PropertyValueSpecification\",\"valueRequired\":true,\"valueName\":\"search_term_string\"}}],\"inLanguage\":\"pt-BR\"},{\"@type\":\"Organization\",\"@id\":\"https:\\\/\\\/arbrea-labs.com\\\/#organization\",\"name\":\"Arbrea Labs\",\"alternateName\":\"Arbrea\",\"url\":\"https:\\\/\\\/arbrea-labs.com\\\/\",\"logo\":{\"@type\":\"ImageObject\",\"inLanguage\":\"pt-BR\",\"@id\":\"https:\\\/\\\/arbrea-labs.com\\\/#\\\/schema\\\/logo\\\/image\\\/\",\"url\":\"https:\\\/\\\/arbrea-labs.com\\\/wp-content\\\/uploads\\\/2022\\\/01\\\/logo_arbrea_LABS-01-1-e1641392734450.png\",\"contentUrl\":\"https:\\\/\\\/arbrea-labs.com\\\/wp-content\\\/uploads\\\/2022\\\/01\\\/logo_arbrea_LABS-01-1-e1641392734450.png\",\"width\":2000,\"height\":750,\"caption\":\"Arbrea Labs\"},\"image\":{\"@id\":\"https:\\\/\\\/arbrea-labs.com\\\/#\\\/schema\\\/logo\\\/image\\\/\"},\"sameAs\":[\"https:\\\/\\\/www.facebook.com\\\/arbrealabs\",\"https:\\\/\\\/www.instagram.com\\\/arbrealabs\\\/\",\"https:\\\/\\\/www.linkedin.com\\\/company\\\/arbrea-labs-ag\\\/\",\"https:\\\/\\\/www.youtube.com\\\/channel\\\/UCbHN9gofXJv8rMAHcAguTcg\"],\"description\":\"Arbrea Labs leads the way in blending advanced AI technology with personalized healthcare. Our fast, simple and safe Augmented Reality & 3D simulators optimize consultations, saving time and enhancing patient education. Meanwhile, our AR-driven marketing booster enhances patient journeys, maximizing marketing ROI and fostering efficient lead generation. Join us as we shape the future of aesthetic healthcare.\",\"email\":\"info@arbrea-labs.com\",\"legalName\":\"Arbrea Labs AG\",\"foundingDate\":\"2018-03-04\",\"vatID\":\"CHE-292.633.177\",\"numberOfEmployees\":{\"@type\":\"QuantitativeValue\",\"minValue\":\"11\",\"maxValue\":\"50\"}}]}<\/script>\n<!-- \/ Yoast SEO Premium plugin. -->","yoast_head_json":{"title":"Executivo de Vendas: Junte-se \u00e0 Nossa Equipe Empolgante Hoje","description":"Comece sua jornada na Arbrea Labs como Executivo de Vendas. Ajude a revolucionar o futuro da cirurgia com tecnologia inovadora.","robots":{"index":"index","follow":"follow","max-snippet":"max-snippet:-1","max-image-preview":"max-image-preview:large","max-video-preview":"max-video-preview:-1"},"canonical":"https:\/\/arbrea-labs.com\/pt\/executivo-de-vendas\/","og_locale":"pt_BR","og_type":"article","og_title":"Sales Executive","og_description":"Start your journey with Arbrea Labs as a Sales Executive. Help revolutionize the future of surgery with innovative technology.","og_url":"https:\/\/arbrea-labs.com\/pt\/executivo-de-vendas\/","og_site_name":"Arbrea Labs","article_publisher":"https:\/\/www.facebook.com\/arbrealabs","article_modified_time":"2026-04-03T04:57:39+00:00","twitter_card":"summary_large_image","twitter_misc":{"Est. tempo de leitura":"4 minutos"},"schema":{"@context":"https:\/\/schema.org","@graph":[{"@type":"WebPage","@id":"https:\/\/arbrea-labs.com\/sales-executive\/","url":"https:\/\/arbrea-labs.com\/sales-executive\/","name":"Executivo de Vendas: Junte-se \u00e0 Nossa Equipe Empolgante Hoje","isPartOf":{"@id":"https:\/\/arbrea-labs.com\/#website"},"datePublished":"2022-09-15T07:29:52+00:00","dateModified":"2026-04-03T04:57:39+00:00","description":"Comece sua jornada na Arbrea Labs como Executivo de Vendas. Ajude a revolucionar o futuro da cirurgia com tecnologia inovadora.","breadcrumb":{"@id":"https:\/\/arbrea-labs.com\/sales-executive\/#breadcrumb"},"inLanguage":"pt-BR","potentialAction":[{"@type":"ReadAction","target":["https:\/\/arbrea-labs.com\/sales-executive\/"]}]},{"@type":"BreadcrumbList","@id":"https:\/\/arbrea-labs.com\/sales-executive\/#breadcrumb","itemListElement":[{"@type":"ListItem","position":1,"name":"Home","item":"https:\/\/arbrea-labs.com\/"},{"@type":"ListItem","position":2,"name":"Sales Executive"}]},{"@type":"WebSite","@id":"https:\/\/arbrea-labs.com\/#website","url":"https:\/\/arbrea-labs.com\/","name":"Laborat\u00f3rios Arbrea","description":"Solu\u00e7\u00f5es de Realidade Aumentada e 3D para Est\u00e9tica","publisher":{"@id":"https:\/\/arbrea-labs.com\/#organization"},"alternateName":"Arbrea","potentialAction":[{"@type":"SearchAction","target":{"@type":"EntryPoint","urlTemplate":"https:\/\/arbrea-labs.com\/?s={search_term_string}"},"query-input":{"@type":"PropertyValueSpecification","valueRequired":true,"valueName":"search_term_string"}}],"inLanguage":"pt-BR"},{"@type":"Organization","@id":"https:\/\/arbrea-labs.com\/#organization","name":"Laborat\u00f3rios Arbrea","alternateName":"Arbrea","url":"https:\/\/arbrea-labs.com\/","logo":{"@type":"ImageObject","inLanguage":"pt-BR","@id":"https:\/\/arbrea-labs.com\/#\/schema\/logo\/image\/","url":"https:\/\/arbrea-labs.com\/wp-content\/uploads\/2022\/01\/logo_arbrea_LABS-01-1-e1641392734450.png","contentUrl":"https:\/\/arbrea-labs.com\/wp-content\/uploads\/2022\/01\/logo_arbrea_LABS-01-1-e1641392734450.png","width":2000,"height":750,"caption":"Arbrea Labs"},"image":{"@id":"https:\/\/arbrea-labs.com\/#\/schema\/logo\/image\/"},"sameAs":["https:\/\/www.facebook.com\/arbrealabs","https:\/\/www.instagram.com\/arbrealabs\/","https:\/\/www.linkedin.com\/company\/arbrea-labs-ag\/","https:\/\/www.youtube.com\/channel\/UCbHN9gofXJv8rMAHcAguTcg"],"description":"A Arbrea Labs \u00e9 l\u00edder na combina\u00e7\u00e3o de tecnologia avan\u00e7ada de IA com cuidados de sa\u00fade personalizados. Nossos simuladores de Realidade Aumentada e 3D r\u00e1pidos, simples e seguros otimizam as consultas, economizando tempo e aprimorando a educa\u00e7\u00e3o do paciente. Enquanto isso, nosso impulsionador de marketing orientado por AR aprimora as jornadas dos pacientes, maximizando o ROI de marketing e promovendo a gera\u00e7\u00e3o eficiente de leads. Junte-se a n\u00f3s para moldar o futuro da sa\u00fade est\u00e9tica.","email":"info@arbrea-labs.com","legalName":"Arbrea Labs AG","foundingDate":"2018-03-04","vatID":"CHE-292.633.177","numberOfEmployees":{"@type":"QuantitativeValue","minValue":"11","maxValue":"50"}}]}},"_links":{"self":[{"href":"https:\/\/arbrea-labs.com\/pt\/wp-json\/wp\/v2\/pages\/18354","targetHints":{"allow":["GET"]}}],"collection":[{"href":"https:\/\/arbrea-labs.com\/pt\/wp-json\/wp\/v2\/pages"}],"about":[{"href":"https:\/\/arbrea-labs.com\/pt\/wp-json\/wp\/v2\/types\/page"}],"author":[{"embeddable":true,"href":"https:\/\/arbrea-labs.com\/pt\/wp-json\/wp\/v2\/users\/1"}],"replies":[{"embeddable":true,"href":"https:\/\/arbrea-labs.com\/pt\/wp-json\/wp\/v2\/comments?post=18354"}],"version-history":[{"count":2,"href":"https:\/\/arbrea-labs.com\/pt\/wp-json\/wp\/v2\/pages\/18354\/revisions"}],"predecessor-version":[{"id":55667,"href":"https:\/\/arbrea-labs.com\/pt\/wp-json\/wp\/v2\/pages\/18354\/revisions\/55667"}],"wp:attachment":[{"href":"https:\/\/arbrea-labs.com\/pt\/wp-json\/wp\/v2\/media?parent=18354"}],"curies":[{"name":"wp","href":"https:\/\/api.w.org\/{rel}","templated":true}]}}