{"id":17790,"date":"2022-05-18T11:29:15","date_gmt":"2022-05-18T11:29:15","guid":{"rendered":"https:\/\/arbrea-labs.com\/?post_type=product&#038;p=17790"},"modified":"2025-09-19T10:06:11","modified_gmt":"2025-09-19T08:06:11","slug":"arbrea-breast-lite","status":"publish","type":"product","link":"https:\/\/arbrea-labs.com\/it\/product\/arbrea-breast-lite\/","title":{"rendered":"Arbrea Breast LITE"},"content":{"rendered":"<p data-start=\"135\" data-end=\"492\">Arbrea Breast Lite \u00e8 la soluzione entry-level perfetta per i chirurghi che desiderano portare la simulazione 3D all'avanguardia nei loro consulti con velocit\u00e0 e semplicit\u00e0. Progettato per fornire strumenti essenziali mantenendo la qualit\u00e0 e l'affidabilit\u00e0 della tecnologia Arbrea, questo piano aiuta a migliorare l'esperienza del paziente e a supportare un processo decisionale informato.<\/p>\n<h2 data-start=\"494\" data-end=\"511\">Caratteristiche principali<\/h2>\n<ul data-start=\"513\" data-end=\"1176\">\n<li data-start=\"513\" data-end=\"698\">\n<p data-start=\"515\" data-end=\"698\"><strong data-start=\"515\" data-end=\"552\">Simulazione di aumento del seno in 3D<\/strong><br data-start=\"552\" data-end=\"555\" \/>Creare istantaneamente visualizzazioni 3D realistiche dei risultati potenziali, aiutando i pazienti a vedere e comprendere le loro possibilit\u00e0 di trasformazione.<\/p>\n<\/li>\n<li data-start=\"700\" data-end=\"871\">\n<p data-start=\"702\" data-end=\"871\"><strong data-start=\"702\" data-end=\"738\">Catalogo impianti (monomarca)<\/strong><br data-start=\"738\" data-end=\"741\" \/>Accesso a un catalogo di impianti curato, limitato a una marca a scelta del chirurgo, per garantire un flusso di lavoro mirato e semplificato.<\/p>\n<\/li>\n<li data-start=\"873\" data-end=\"1011\">\n<p data-start=\"875\" data-end=\"1011\"><strong data-start=\"875\" data-end=\"901\">Misure automatiche<\/strong><br data-start=\"901\" data-end=\"904\" \/>Risparmiate tempo con misurazioni anatomiche precise e automatizzate, riducendo il lavoro manuale e migliorando l'accuratezza.<\/p>\n<\/li>\n<li data-start=\"1013\" data-end=\"1176\">\n<p data-start=\"1015\" data-end=\"1176\"><strong data-start=\"1015\" data-end=\"1038\">Calcoli del volume<\/strong><br data-start=\"1038\" data-end=\"1041\" \/>Fornire alle pazienti misurazioni chiare e affidabili del volume del seno per supportare un processo di consultazione trasparente e affidabile.<\/p>\n<\/li>\n<\/ul>\n<h2 data-start=\"1178\" data-end=\"1213\">Perch\u00e9 scegliere Arbrea Breast Lite?<\/h2>\n<p data-start=\"1214\" data-end=\"1504\">Arbrea Breast Lite \u00e8 l'ideale per i chirurghi che desiderano un <strong data-start=\"1265\" data-end=\"1304\">Soluzione economica e semplificata<\/strong> senza compromettere la precisione tecnologica. Offrendo strumenti essenziali in una piattaforma intuitiva, Arbrea vi consente di migliorare le consultazioni, costruire la fiducia dei pazienti e aumentare i tassi di conversione.<\/p>","protected":false},"excerpt":{"rendered":"<p data-start=\"282\" data-end=\"376\">Tutti gli elementi essenziali di cui avete bisogno per elevare le vostre consultazioni con semplicit\u00e0 e precisione.<\/p>\n<ul>\n<li data-start=\"134\" data-end=\"171\">\n<p data-start=\"136\" data-end=\"171\">Simulazione di aumento del seno in 3D<\/p>\n<\/li>\n<li data-start=\"134\" data-end=\"171\">\n<p data-start=\"136\" data-end=\"171\">Catalogo impianti (marca singola a scelta)<\/p>\n<\/li>\n<li data-start=\"219\" data-end=\"256\">\n<p data-start=\"221\" data-end=\"256\">Misure anatomiche e di volume automatiche<\/p>\n<\/li>\n<\/ul>","protected":false},"featured_media":53800,"template":"","meta":[],"product_brand":[],"product_cat":[247],"product_tag":[248,251],"class_list":{"0":"post-17790","1":"product","2":"type-product","3":"status-publish","4":"has-post-thumbnail","5":"product_cat-arbrea-breast-tool","6":"product_tag-arbrea-breast","7":"product_tag-breast-simulator","9":"first","10":"instock","11":"taxable","12":"shipping-taxable","13":"purchasable","14":"product-type-variable-subscription"},"yoast_head":"<!-- This site is optimized with the Yoast SEO Premium plugin v27.3 (Yoast SEO v27.4) - https:\/\/yoast.com\/product\/yoast-seo-premium-wordpress\/ -->\n<title>Arbrea Breast LITE - Arbrea Labs<\/title>\n<meta name=\"description\" content=\"Arbrea Breast LITE is the starter plan to have a first approach to the Arbrea ecosystem. You can simulate breast augmentation in 3D mode.\" \/>\n<meta name=\"robots\" content=\"index, follow, max-snippet:-1, max-image-preview:large, max-video-preview:-1\" \/>\n<link rel=\"canonical\" href=\"https:\/\/arbrea-labs.com\/it\/prodotto\/arbrea-breast-lite\/\" \/>\n<meta property=\"og:locale\" content=\"it_IT\" \/>\n<meta property=\"og:type\" content=\"article\" \/>\n<meta property=\"og:title\" content=\"Arbrea Breast LITE\" \/>\n<meta property=\"og:description\" content=\"Arbrea Breast LITE is the starter plan to have a first approach to the Arbrea ecosystem. You can simulate breast augmentation in 3D mode.\" \/>\n<meta property=\"og:url\" content=\"https:\/\/arbrea-labs.com\/it\/prodotto\/arbrea-breast-lite\/\" \/>\n<meta property=\"og:site_name\" content=\"Arbrea Labs\" \/>\n<meta property=\"article:publisher\" content=\"https:\/\/www.facebook.com\/arbrealabs\" \/>\n<meta property=\"article:modified_time\" content=\"2025-09-19T08:06:11+00:00\" \/>\n<meta property=\"og:image\" content=\"https:\/\/arbrea-labs.com\/wp-content\/uploads\/2022\/05\/1.png\" \/>\n\t<meta property=\"og:image:width\" content=\"1080\" \/>\n\t<meta property=\"og:image:height\" content=\"1080\" \/>\n\t<meta property=\"og:image:type\" content=\"image\/png\" \/>\n<meta name=\"twitter:card\" content=\"summary_large_image\" \/>\n<meta name=\"twitter:label1\" content=\"Tempo di lettura stimato\" \/>\n\t<meta name=\"twitter:data1\" content=\"1 minuto\" \/>\n<script type=\"application\/ld+json\" class=\"yoast-schema-graph\">{\"@context\":\"https:\\\/\\\/schema.org\",\"@graph\":[{\"@type\":\"WebPage\",\"@id\":\"https:\\\/\\\/arbrea-labs.com\\\/product\\\/arbrea-breast-lite\\\/\",\"url\":\"https:\\\/\\\/arbrea-labs.com\\\/product\\\/arbrea-breast-lite\\\/\",\"name\":\"Arbrea Breast LITE - Arbrea Labs\",\"isPartOf\":{\"@id\":\"https:\\\/\\\/arbrea-labs.com\\\/#website\"},\"primaryImageOfPage\":{\"@id\":\"https:\\\/\\\/arbrea-labs.com\\\/product\\\/arbrea-breast-lite\\\/#primaryimage\"},\"image\":{\"@id\":\"https:\\\/\\\/arbrea-labs.com\\\/product\\\/arbrea-breast-lite\\\/#primaryimage\"},\"thumbnailUrl\":\"https:\\\/\\\/arbrea-labs.com\\\/wp-content\\\/uploads\\\/2022\\\/05\\\/1.png\",\"datePublished\":\"2022-05-18T11:29:15+00:00\",\"dateModified\":\"2025-09-19T08:06:11+00:00\",\"description\":\"Arbrea Breast LITE is the starter plan to have a first approach to the Arbrea ecosystem. You can simulate breast augmentation in 3D mode.\",\"breadcrumb\":{\"@id\":\"https:\\\/\\\/arbrea-labs.com\\\/product\\\/arbrea-breast-lite\\\/#breadcrumb\"},\"inLanguage\":\"it-IT\",\"potentialAction\":[{\"@type\":\"ReadAction\",\"target\":[\"https:\\\/\\\/arbrea-labs.com\\\/product\\\/arbrea-breast-lite\\\/\"]}]},{\"@type\":\"ImageObject\",\"inLanguage\":\"it-IT\",\"@id\":\"https:\\\/\\\/arbrea-labs.com\\\/product\\\/arbrea-breast-lite\\\/#primaryimage\",\"url\":\"https:\\\/\\\/arbrea-labs.com\\\/wp-content\\\/uploads\\\/2022\\\/05\\\/1.png\",\"contentUrl\":\"https:\\\/\\\/arbrea-labs.com\\\/wp-content\\\/uploads\\\/2022\\\/05\\\/1.png\",\"width\":1080,\"height\":1080,\"caption\":\"Arbrea Breast Lite\"},{\"@type\":\"BreadcrumbList\",\"@id\":\"https:\\\/\\\/arbrea-labs.com\\\/product\\\/arbrea-breast-lite\\\/#breadcrumb\",\"itemListElement\":[{\"@type\":\"ListItem\",\"position\":1,\"name\":\"Home\",\"item\":\"https:\\\/\\\/arbrea-labs.com\\\/\"},{\"@type\":\"ListItem\",\"position\":2,\"name\":\"Shop\",\"item\":\"https:\\\/\\\/arbrea-labs.com\\\/shop\\\/\"},{\"@type\":\"ListItem\",\"position\":3,\"name\":\"Arbrea Breast LITE\"}]},{\"@type\":\"WebSite\",\"@id\":\"https:\\\/\\\/arbrea-labs.com\\\/#website\",\"url\":\"https:\\\/\\\/arbrea-labs.com\\\/\",\"name\":\"Arbrea Labs\",\"description\":\"Augmented Reality &amp; 3D Solutions for Aesthetics\",\"publisher\":{\"@id\":\"https:\\\/\\\/arbrea-labs.com\\\/#organization\"},\"alternateName\":\"Arbrea\",\"potentialAction\":[{\"@type\":\"SearchAction\",\"target\":{\"@type\":\"EntryPoint\",\"urlTemplate\":\"https:\\\/\\\/arbrea-labs.com\\\/?s={search_term_string}\"},\"query-input\":{\"@type\":\"PropertyValueSpecification\",\"valueRequired\":true,\"valueName\":\"search_term_string\"}}],\"inLanguage\":\"it-IT\"},{\"@type\":\"Organization\",\"@id\":\"https:\\\/\\\/arbrea-labs.com\\\/#organization\",\"name\":\"Arbrea Labs\",\"alternateName\":\"Arbrea\",\"url\":\"https:\\\/\\\/arbrea-labs.com\\\/\",\"logo\":{\"@type\":\"ImageObject\",\"inLanguage\":\"it-IT\",\"@id\":\"https:\\\/\\\/arbrea-labs.com\\\/#\\\/schema\\\/logo\\\/image\\\/\",\"url\":\"https:\\\/\\\/arbrea-labs.com\\\/wp-content\\\/uploads\\\/2022\\\/01\\\/logo_arbrea_LABS-01-1-e1641392734450.png\",\"contentUrl\":\"https:\\\/\\\/arbrea-labs.com\\\/wp-content\\\/uploads\\\/2022\\\/01\\\/logo_arbrea_LABS-01-1-e1641392734450.png\",\"width\":2000,\"height\":750,\"caption\":\"Arbrea Labs\"},\"image\":{\"@id\":\"https:\\\/\\\/arbrea-labs.com\\\/#\\\/schema\\\/logo\\\/image\\\/\"},\"sameAs\":[\"https:\\\/\\\/www.facebook.com\\\/arbrealabs\",\"https:\\\/\\\/www.instagram.com\\\/arbrealabs\\\/\",\"https:\\\/\\\/www.linkedin.com\\\/company\\\/arbrea-labs-ag\\\/\",\"https:\\\/\\\/www.youtube.com\\\/channel\\\/UCbHN9gofXJv8rMAHcAguTcg\"],\"description\":\"Arbrea Labs leads the way in blending advanced AI technology with personalized healthcare. Our fast, simple and safe Augmented Reality & 3D simulators optimize consultations, saving time and enhancing patient education. Meanwhile, our AR-driven marketing booster enhances patient journeys, maximizing marketing ROI and fostering efficient lead generation. Join us as we shape the future of aesthetic healthcare.\",\"email\":\"info@arbrea-labs.com\",\"legalName\":\"Arbrea Labs AG\",\"foundingDate\":\"2018-03-04\",\"vatID\":\"CHE-292.633.177\",\"numberOfEmployees\":{\"@type\":\"QuantitativeValue\",\"minValue\":\"11\",\"maxValue\":\"50\"}}]}<\/script>\n<!-- \/ Yoast SEO Premium plugin. -->","yoast_head_json":{"title":"Arbrea Breast LITE - Arbrea Labs","description":"Arbrea Breast LITE \u00e8 lo starter plan per avere un primo approccio all'ecosistema Arbrea. \u00c8 possibile simulare l'aumento del seno in modalit\u00e0 3D.","robots":{"index":"index","follow":"follow","max-snippet":"max-snippet:-1","max-image-preview":"max-image-preview:large","max-video-preview":"max-video-preview:-1"},"canonical":"https:\/\/arbrea-labs.com\/it\/prodotto\/arbrea-breast-lite\/","og_locale":"it_IT","og_type":"article","og_title":"Arbrea Breast LITE","og_description":"Arbrea Breast LITE is the starter plan to have a first approach to the Arbrea ecosystem. You can simulate breast augmentation in 3D mode.","og_url":"https:\/\/arbrea-labs.com\/it\/prodotto\/arbrea-breast-lite\/","og_site_name":"Arbrea Labs","article_publisher":"https:\/\/www.facebook.com\/arbrealabs","article_modified_time":"2025-09-19T08:06:11+00:00","og_image":[{"width":1080,"height":1080,"url":"https:\/\/arbrea-labs.com\/wp-content\/uploads\/2022\/05\/1.png","type":"image\/png"}],"twitter_card":"summary_large_image","twitter_misc":{"Tempo di lettura stimato":"1 minuto"},"schema":{"@context":"https:\/\/schema.org","@graph":[{"@type":"WebPage","@id":"https:\/\/arbrea-labs.com\/product\/arbrea-breast-lite\/","url":"https:\/\/arbrea-labs.com\/product\/arbrea-breast-lite\/","name":"Arbrea Breast LITE - Arbrea Labs","isPartOf":{"@id":"https:\/\/arbrea-labs.com\/#website"},"primaryImageOfPage":{"@id":"https:\/\/arbrea-labs.com\/product\/arbrea-breast-lite\/#primaryimage"},"image":{"@id":"https:\/\/arbrea-labs.com\/product\/arbrea-breast-lite\/#primaryimage"},"thumbnailUrl":"https:\/\/arbrea-labs.com\/wp-content\/uploads\/2022\/05\/1.png","datePublished":"2022-05-18T11:29:15+00:00","dateModified":"2025-09-19T08:06:11+00:00","description":"Arbrea Breast LITE \u00e8 lo starter plan per avere un primo approccio all'ecosistema Arbrea. \u00c8 possibile simulare l'aumento del seno in modalit\u00e0 3D.","breadcrumb":{"@id":"https:\/\/arbrea-labs.com\/product\/arbrea-breast-lite\/#breadcrumb"},"inLanguage":"it-IT","potentialAction":[{"@type":"ReadAction","target":["https:\/\/arbrea-labs.com\/product\/arbrea-breast-lite\/"]}]},{"@type":"ImageObject","inLanguage":"it-IT","@id":"https:\/\/arbrea-labs.com\/product\/arbrea-breast-lite\/#primaryimage","url":"https:\/\/arbrea-labs.com\/wp-content\/uploads\/2022\/05\/1.png","contentUrl":"https:\/\/arbrea-labs.com\/wp-content\/uploads\/2022\/05\/1.png","width":1080,"height":1080,"caption":"Arbrea Breast Lite"},{"@type":"BreadcrumbList","@id":"https:\/\/arbrea-labs.com\/product\/arbrea-breast-lite\/#breadcrumb","itemListElement":[{"@type":"ListItem","position":1,"name":"Home","item":"https:\/\/arbrea-labs.com\/"},{"@type":"ListItem","position":2,"name":"Shop","item":"https:\/\/arbrea-labs.com\/shop\/"},{"@type":"ListItem","position":3,"name":"Arbrea Breast LITE"}]},{"@type":"WebSite","@id":"https:\/\/arbrea-labs.com\/#website","url":"https:\/\/arbrea-labs.com\/","name":"Laboratori Arbrea","description":"Soluzioni di realt\u00e0 aumentata e 3D per l'estetica","publisher":{"@id":"https:\/\/arbrea-labs.com\/#organization"},"alternateName":"Arbrea","potentialAction":[{"@type":"SearchAction","target":{"@type":"EntryPoint","urlTemplate":"https:\/\/arbrea-labs.com\/?s={search_term_string}"},"query-input":{"@type":"PropertyValueSpecification","valueRequired":true,"valueName":"search_term_string"}}],"inLanguage":"it-IT"},{"@type":"Organization","@id":"https:\/\/arbrea-labs.com\/#organization","name":"Laboratori Arbrea","alternateName":"Arbrea","url":"https:\/\/arbrea-labs.com\/","logo":{"@type":"ImageObject","inLanguage":"it-IT","@id":"https:\/\/arbrea-labs.com\/#\/schema\/logo\/image\/","url":"https:\/\/arbrea-labs.com\/wp-content\/uploads\/2022\/01\/logo_arbrea_LABS-01-1-e1641392734450.png","contentUrl":"https:\/\/arbrea-labs.com\/wp-content\/uploads\/2022\/01\/logo_arbrea_LABS-01-1-e1641392734450.png","width":2000,"height":750,"caption":"Arbrea Labs"},"image":{"@id":"https:\/\/arbrea-labs.com\/#\/schema\/logo\/image\/"},"sameAs":["https:\/\/www.facebook.com\/arbrealabs","https:\/\/www.instagram.com\/arbrealabs\/","https:\/\/www.linkedin.com\/company\/arbrea-labs-ag\/","https:\/\/www.youtube.com\/channel\/UCbHN9gofXJv8rMAHcAguTcg"],"description":"Arbrea Labs \u00e8 all'avanguardia nella fusione tra tecnologia AI avanzata e assistenza sanitaria personalizzata. I nostri simulatori di Realt\u00e0 Aumentata e 3D, veloci, semplici e sicuri, ottimizzano le consultazioni, facendo risparmiare tempo e migliorando l'educazione dei pazienti. Nel frattempo, il nostro marketing guidato dall'AR migliora il percorso del paziente, massimizzando il ROI del marketing e favorendo un'efficiente lead generation. Unitevi a noi nel plasmare il futuro dell'assistenza sanitaria estetica.","email":"info@arbrea-labs.com","legalName":"Arbrea Labs AG","foundingDate":"2018-03-04","vatID":"CHE-292.633.177","numberOfEmployees":{"@type":"QuantitativeValue","minValue":"11","maxValue":"50"}}]}},"_links":{"self":[{"href":"https:\/\/arbrea-labs.com\/it\/wp-json\/wp\/v2\/product\/17790","targetHints":{"allow":["GET"]}}],"collection":[{"href":"https:\/\/arbrea-labs.com\/it\/wp-json\/wp\/v2\/product"}],"about":[{"href":"https:\/\/arbrea-labs.com\/it\/wp-json\/wp\/v2\/types\/product"}],"wp:featuredmedia":[{"embeddable":true,"href":"https:\/\/arbrea-labs.com\/it\/wp-json\/wp\/v2\/media\/53800"}],"wp:attachment":[{"href":"https:\/\/arbrea-labs.com\/it\/wp-json\/wp\/v2\/media?parent=17790"}],"wp:term":[{"taxonomy":"product_brand","embeddable":true,"href":"https:\/\/arbrea-labs.com\/it\/wp-json\/wp\/v2\/product_brand?post=17790"},{"taxonomy":"product_cat","embeddable":true,"href":"https:\/\/arbrea-labs.com\/it\/wp-json\/wp\/v2\/product_cat?post=17790"},{"taxonomy":"product_tag","embeddable":true,"href":"https:\/\/arbrea-labs.com\/it\/wp-json\/wp\/v2\/product_tag?post=17790"}],"curies":[{"name":"wp","href":"https:\/\/api.w.org\/{rel}","templated":true}]}}