{"id":34047,"date":"2022-05-26T10:35:43","date_gmt":"2022-05-26T08:35:43","guid":{"rendered":"https:\/\/arbrea-labs.com\/desenvolvedor-web-full-stack\/"},"modified":"2025-12-03T17:30:37","modified_gmt":"2025-12-03T16:30:37","slug":"sviluppatore-web-full-stack","status":"publish","type":"page","link":"https:\/\/arbrea-labs.com\/it\/full-stack-web-developer\/","title":{"rendered":"Sviluppatore full stack"},"content":{"rendered":"<div id=\"fws_69d2b782009e8\"  data-column-margin=\"default\" data-midnight=\"light\" data-top-percent=\"2%\" data-bottom-percent=\"2%\"  class=\"wpb_row vc_row-fluid vc_row full-width-section has-row-bg-color\"  style=\"padding-top: calc(100vw * 0.02); padding-bottom: calc(100vw * 0.02); --row-bg-color: #3452ff;\"><div class=\"row-bg-wrap\" data-bg-animation=\"none\" data-bg-animation-delay=\"\" data-bg-overlay=\"true\"><div class=\"inner-wrap row-bg-layer using-image\" ><div class=\"row-bg viewport-desktop using-image using-bg-color lazyload\" style=\"background-image: url(https:\/\/arbrea-labs.com\/wp-includes\/images\/blank.gif);background-position: center center;background-repeat: no-repeat;background-color: #3452ff;\" data-background-image=\"https:\/\/arbrea-labs.com\/wp-content\/uploads\/2024\/07\/2150062008.jpg\"><\/div><\/div><div class=\"row-bg-overlay row-bg-layer\" style=\"background-color:#0c0c0c;  opacity: 0.3; \"><\/div><\/div><div class=\"row_col_wrap_12 col span_12 light left\">\n\t<div  class=\"vc_col-sm-2 wpb_column column_container vc_column_container col no-extra-padding inherit_tablet inherit_phone\"  data-padding-pos=\"all\" data-has-bg-color=\"false\" data-bg-color=\"\" data-bg-opacity=\"1\" data-animation=\"\" data-delay=\"0\" >\n\t\t<div class=\"vc_column-inner\" >\n\t\t\t<div class=\"wpb_wrapper\">\n\t\t\t\t\n\t\t\t<\/div> \n\t\t<\/div>\n\t<\/div> \n\n\t<div  class=\"vc_col-sm-8 wpb_column column_container vc_column_container col centered-text has-animation no-extra-padding inherit_tablet inherit_phone\"  data-padding-pos=\"all\" data-has-bg-color=\"false\" data-bg-color=\"\" data-bg-opacity=\"1\" data-animation=\"zoom-out\" data-delay=\"0\" >\n\t\t<div class=\"vc_column-inner\" >\n\t\t\t<div class=\"wpb_wrapper\">\n\t\t\t\t<h4 style=\"font-size: 20px;color: rgba(255,255,255,0.7);line-height: 36px;text-align: center;font-family:Roboto;font-weight:500;font-style:normal\" class=\"vc_custom_heading vc_do_custom_heading vc_custom_1764670810358\" >Team tecnico Arbrea<\/h4><h1 style=\"font-size: 83px;line-height: 98px;text-align: center;font-family:Roboto;font-weight:400;font-style:normal\" class=\"vc_custom_heading vc_do_custom_heading vc_custom_1764670714755\" >Sviluppatore full stack<\/h1>\n\t\t\t<\/div> \n\t\t<\/div>\n\t<\/div> \n\n\t<div  class=\"vc_col-sm-2 wpb_column column_container vc_column_container col no-extra-padding inherit_tablet inherit_phone\"  data-padding-pos=\"all\" data-has-bg-color=\"false\" data-bg-color=\"\" data-bg-opacity=\"1\" data-animation=\"\" data-delay=\"0\" >\n\t\t<div class=\"vc_column-inner\" >\n\t\t\t<div class=\"wpb_wrapper\">\n\t\t\t\t\n\t\t\t<\/div> \n\t\t<\/div>\n\t<\/div> \n<\/div><\/div>\n\t\t<div id=\"fws_69d2b78200ef2\"  data-column-margin=\"default\" data-midnight=\"dark\" data-top-percent=\"3%\"  class=\"wpb_row vc_row-fluid vc_row\"  style=\"padding-top: calc(100vw * 0.03); padding-bottom: 0px; \"><div class=\"row-bg-wrap\" data-bg-animation=\"none\" data-bg-animation-delay=\"\" data-bg-overlay=\"false\"><div class=\"inner-wrap row-bg-layer\" ><div class=\"row-bg viewport-desktop\"  style=\"\"><\/div><\/div><\/div><div class=\"row_col_wrap_12 col span_12 dark left\">\n\t<div  class=\"vc_col-sm-12 wpb_column column_container vc_column_container col no-extra-padding inherit_tablet inherit_phone\"  data-padding-pos=\"all\" data-has-bg-color=\"false\" data-bg-color=\"\" data-bg-opacity=\"1\" data-animation=\"\" data-delay=\"0\" >\n\t\t<div class=\"vc_column-inner\" >\n\t\t\t<div class=\"wpb_wrapper\">\n\t\t\t\t\n<div class=\"wpb_text_column wpb_content_element\" >\n\t<h3 data-start=\"0\" data-end=\"23\"><strong data-start=\"0\" data-end=\"23\">Descrizione dell'azienda<\/strong><\/h3>\n<p data-start=\"25\" data-end=\"556\">Arbrea Labs \u00e8 una societ\u00e0 spin-off dell'ETH, nata dal Laboratorio di Computer Grafica del Politecnico di Zurigo. Siamo un team di esperti in computer grafica, visione e intelligenza artificiale che sviluppa soluzioni all'avanguardia per la chirurgia estetica. Le nostre attivit\u00e0 quotidiane spaziano dalla ricostruzione e dal tracciamento 3D all'AR\/VR, concentrandosi sui pi\u00f9 recenti progressi nel Deep Learning, nell'elaborazione della geometria e nel rendering applicato ai corpi umani. Ci impegniamo a creare una tecnologia all'avanguardia che migliori l'esperienza e la soddisfazione dell'utente.<\/p>\n<p data-start=\"558\" data-end=\"845\">Stiamo cercando di ampliare il nostro team con persone chiave che abbiano un forte desiderio di imparare e di impegnarsi in un ambiente dinamico di start-up. Siamo principalmente interessati a candidati a tempo pieno, ma siamo anche aperti a posizioni di stage con la possibilit\u00e0 di passare a un ruolo permanente.<\/p>\n<hr data-start=\"847\" data-end=\"850\" \/>\n<h3 data-start=\"852\" data-end=\"871\"><strong data-start=\"852\" data-end=\"871\">Descrizione del lavoro<\/strong><\/h3>\n<p data-start=\"873\" data-end=\"1120\">Come <strong data-start=\"878\" data-end=\"906\">Sviluppatore web full stack<\/strong> presso gli Arbrea Labs, colmerete il divario tra le nostre applicazioni mobili e i dati dei clienti, svolgendo un ruolo chiave nel consentire ai nostri clienti e ai team interni di accedere e interagire senza soluzione di continuit\u00e0 con informazioni critiche.<\/p>\n<p data-start=\"1122\" data-end=\"1299\">Avrete un'influenza significativa nel plasmare il rapporto paziente-chirurgo, dando a voi e al team l'opportunit\u00e0 di diventare un leader globale nella tecnologia medica AR\/VR.<\/p>\n<p data-start=\"1301\" data-end=\"1601\">Lavorerete a fianco di membri del team amichevoli, appassionati e alla mano, che sono pi\u00f9 che felici di offrire una guida e di bere una birra (o due) dopo il lavoro o durante gli eventi periodici del team. Offriamo un ambiente di lavoro altamente flessibile, uffici in un polo tecnologico, stipendi competitivi e piani di partecipazione per i dipendenti.<\/p>\n<p data-start=\"1603\" data-end=\"1657\"><strong data-start=\"1603\" data-end=\"1616\">Posizione:<\/strong> Tirana, Albania<br data-start=\"1632\" data-end=\"1635\" \/><strong data-start=\"1635\" data-end=\"1657\">A distanza \/ a tempo pieno<\/strong><\/p>\n<hr data-start=\"1659\" data-end=\"1662\" \/>\n<h3 data-start=\"1664\" data-end=\"1692\"><strong data-start=\"1668\" data-end=\"1692\">Responsabilit\u00e0 principali<\/strong><\/h3>\n<ul data-start=\"1694\" data-end=\"2257\">\n<li data-start=\"1694\" data-end=\"1834\"><strong data-start=\"1696\" data-end=\"1723\">Progettazione e sviluppo di API<\/strong> per supportare le applicazioni mobili e le interfacce web di Arbrea, garantendo una perfetta integrazione e funzionalit\u00e0.<\/li>\n<li data-start=\"1835\" data-end=\"2033\"><strong data-start=\"1837\" data-end=\"1860\">Responsabilizzare gli altri team<\/strong> mantenendo e migliorando gli strumenti interni, automatizzando i processi e ottimizzando le pipeline per semplificare la gestione dei dati dei clienti e sostenere gli sforzi di acquisizione dei clienti.<\/li>\n<li data-start=\"2034\" data-end=\"2136\"><strong data-start=\"2036\" data-end=\"2081\">Supervisione e ottimizzazione dell'infrastruttura cloud<\/strong> per garantire affidabilit\u00e0, scalabilit\u00e0 e prestazioni.<\/li>\n<li data-start=\"2137\" data-end=\"2257\"><strong data-start=\"2139\" data-end=\"2177\">Implementare misure di sicurezza robuste<\/strong> per salvaguardare i dati dei clienti, mantenendo elevati standard di privacy e sicurezza.<\/li>\n<\/ul>\n<hr data-start=\"2259\" data-end=\"2262\" \/>\n<h3 data-start=\"2264\" data-end=\"2289\"><strong data-start=\"2268\" data-end=\"2289\">Tecnologie di base<\/strong><\/h3>\n<ul data-start=\"2291\" data-end=\"2777\">\n<li data-start=\"2291\" data-end=\"2386\">La nostra infrastruttura principale \u00e8 costruita con <strong data-start=\"2331\" data-end=\"2342\">Node.js<\/strong>, <strong data-start=\"2344\" data-end=\"2358\">TypeScript<\/strong>, e <strong data-start=\"2364\" data-end=\"2373\">NoSQL<\/strong> banche dati.<\/li>\n<li data-start=\"2387\" data-end=\"2490\">Alcuni compiti prevedono <strong data-start=\"2413\" data-end=\"2420\">PHP<\/strong>, <strong data-start=\"2422\" data-end=\"2431\">MySQL<\/strong>e lo sviluppo di interfacce web funzionali incentrate sull'usabilit\u00e0.<\/li>\n<li data-start=\"2491\" data-end=\"2608\">Lavorerete con <strong data-start=\"2512\" data-end=\"2519\">Git<\/strong> e <strong data-start=\"2524\" data-end=\"2534\">Docker<\/strong> e deve avere una forte conoscenza dei fondamenti del cloud computing.<\/li>\n<li data-start=\"2609\" data-end=\"2777\">Inoltre, si pu\u00f2 avere l'opportunit\u00e0 di lavorare con <strong data-start=\"2665\" data-end=\"2675\">Pitone<\/strong>, <strong data-start=\"2677\" data-end=\"2690\">GoogleSQL<\/strong>e i moderni framework JavaScript (ad es, <strong data-start=\"2732\" data-end=\"2741\">Reagire<\/strong>), anche se non sono obbligatori.<\/li>\n<\/ul>\n<p data-start=\"2779\" data-end=\"2984\">Sebbene il nostro stack principale definisca gran parte dell'ambiente, vi diamo la possibilit\u00e0 di selezionare gli strumenti giusti per ogni attivit\u00e0, offrendovi la flessibilit\u00e0 di esplorare e utilizzare altri linguaggi o framework quando \u00e8 opportuno.<\/p>\n<hr data-start=\"2986\" data-end=\"2989\" \/>\n<h3 data-start=\"2991\" data-end=\"3021\"><strong data-start=\"2995\" data-end=\"3021\">Cosa stiamo cercando<\/strong><\/h3>\n<p data-start=\"3023\" data-end=\"3207\">Nel mondo in continua evoluzione dell'ingegneria del software, sappiamo che nessuno pu\u00f2 padroneggiare ogni framework o linguaggio. Tuttavia, ci aspettiamo che impariate velocemente e che abbiate una mentalit\u00e0 critica e aperta.<\/p>\n<p data-start=\"3209\" data-end=\"3478\">Apprezziamo gli sviluppatori in grado di muoversi rapidamente, ma anche di comprendere l'importanza di costruire con uno scopo. Incoraggiamo un approccio in cui la velocit\u00e0 \u00e8 bilanciata da una ponderata risoluzione dei problemi.<\/p>\n<p data-start=\"3480\" data-end=\"3699\">La nostra lingua di lavoro \u00e8 <strong data-start=\"3504\" data-end=\"3515\">Inglese<\/strong>e ci aspettiamo che tutti i candidati siano fluenti. Cerchiamo ingegneri che amano la risoluzione dei problemi, l'apprendimento continuo e il contributo a un ambiente collaborativo e frenetico.<\/p>\n<p data-start=\"3701\" data-end=\"3767\" data-is-last-node=\"\" data-is-only-node=\"\"><strong data-start=\"3701\" data-end=\"3767\" data-is-last-node=\"\">Se questo vi assomiglia, costruiamo insieme qualcosa di grande!<\/strong><\/p>\n<div data-tf-live=\"01HHMF95H0H69J77FJZEC6SK4V\"><\/div>\n<p><script src=\"\/\/embed.typeform.com\/next\/embed.js\"><\/script><\/p>\n<\/div>\n\n\n\n\n\t\t\t<\/div> \n\t\t<\/div>\n\t<\/div> \n<\/div><\/div>","protected":false},"excerpt":{"rendered":"Arbrea Tech TeamSviluppatore full stack Descrizione dell'azienda Arbrea Labs \u00e8 una societ\u00e0 spin-off dell'ETH, nata dal Laboratorio di Computer Grafica del Politecnico di Zurigo. Noi...","protected":false},"author":3,"featured_media":33712,"parent":0,"menu_order":0,"comment_status":"closed","ping_status":"closed","template":"","meta":{"footnotes":""},"class_list":["post-34047","page","type-page","status-publish","has-post-thumbnail"],"yoast_head":"<!-- This site is optimized with the Yoast SEO Premium plugin v27.3 (Yoast SEO v27.3) - https:\/\/yoast.com\/product\/yoast-seo-premium-wordpress\/ -->\n<title>Full Stack Developer Opportunities at Arbrea Tech<\/title>\n<meta name=\"description\" content=\"Become a Full Stack Developer at Arbrea Tech and engage in exciting projects involving AR\/AI.\" \/>\n<meta name=\"robots\" content=\"index, follow, max-snippet:-1, max-image-preview:large, max-video-preview:-1\" \/>\n<link rel=\"canonical\" href=\"https:\/\/arbrea-labs.com\/it\/sviluppatore-web-full-stack\/\" \/>\n<meta property=\"og:locale\" content=\"it_IT\" \/>\n<meta property=\"og:type\" content=\"article\" \/>\n<meta property=\"og:title\" content=\"Full Stack Developer\" \/>\n<meta property=\"og:description\" content=\"Become a Full Stack Developer at Arbrea Tech and engage in exciting projects involving AR\/AI.\" \/>\n<meta property=\"og:url\" content=\"https:\/\/arbrea-labs.com\/it\/sviluppatore-web-full-stack\/\" \/>\n<meta property=\"og:site_name\" content=\"Arbrea Labs\" \/>\n<meta property=\"article:publisher\" content=\"https:\/\/www.facebook.com\/arbrealabs\" \/>\n<meta property=\"article:modified_time\" content=\"2025-12-03T16:30:37+00:00\" \/>\n<meta property=\"og:image\" content=\"https:\/\/arbrea-labs.com\/wp-content\/uploads\/2024\/07\/2150062008.jpg\" \/>\n\t<meta property=\"og:image:width\" content=\"1500\" \/>\n\t<meta property=\"og:image:height\" content=\"1000\" \/>\n\t<meta property=\"og:image:type\" content=\"image\/jpeg\" \/>\n<meta name=\"twitter:card\" content=\"summary_large_image\" \/>\n<meta name=\"twitter:label1\" content=\"Tempo di lettura stimato\" \/>\n\t<meta name=\"twitter:data1\" content=\"3 minuti\" \/>\n<script type=\"application\/ld+json\" class=\"yoast-schema-graph\">{\"@context\":\"https:\\\/\\\/schema.org\",\"@graph\":[{\"@type\":\"WebPage\",\"@id\":\"https:\\\/\\\/arbrea-labs.com\\\/full-stack-web-developer\\\/\",\"url\":\"https:\\\/\\\/arbrea-labs.com\\\/full-stack-web-developer\\\/\",\"name\":\"Full Stack Developer Opportunities at Arbrea Tech\",\"isPartOf\":{\"@id\":\"https:\\\/\\\/arbrea-labs.com\\\/#website\"},\"primaryImageOfPage\":{\"@id\":\"https:\\\/\\\/arbrea-labs.com\\\/full-stack-web-developer\\\/#primaryimage\"},\"image\":{\"@id\":\"https:\\\/\\\/arbrea-labs.com\\\/full-stack-web-developer\\\/#primaryimage\"},\"thumbnailUrl\":\"https:\\\/\\\/arbrea-labs.com\\\/wp-content\\\/uploads\\\/2024\\\/07\\\/2150062008.jpg\",\"datePublished\":\"2022-05-26T08:35:43+00:00\",\"dateModified\":\"2025-12-03T16:30:37+00:00\",\"description\":\"Become a Full Stack Developer at Arbrea Tech and engage in exciting projects involving AR\\\/AI.\",\"breadcrumb\":{\"@id\":\"https:\\\/\\\/arbrea-labs.com\\\/full-stack-web-developer\\\/#breadcrumb\"},\"inLanguage\":\"it-IT\",\"potentialAction\":[{\"@type\":\"ReadAction\",\"target\":[\"https:\\\/\\\/arbrea-labs.com\\\/full-stack-web-developer\\\/\"]}]},{\"@type\":\"ImageObject\",\"inLanguage\":\"it-IT\",\"@id\":\"https:\\\/\\\/arbrea-labs.com\\\/full-stack-web-developer\\\/#primaryimage\",\"url\":\"https:\\\/\\\/arbrea-labs.com\\\/wp-content\\\/uploads\\\/2024\\\/07\\\/2150062008.jpg\",\"contentUrl\":\"https:\\\/\\\/arbrea-labs.com\\\/wp-content\\\/uploads\\\/2024\\\/07\\\/2150062008.jpg\",\"width\":1500,\"height\":1000},{\"@type\":\"BreadcrumbList\",\"@id\":\"https:\\\/\\\/arbrea-labs.com\\\/full-stack-web-developer\\\/#breadcrumb\",\"itemListElement\":[{\"@type\":\"ListItem\",\"position\":1,\"name\":\"Home\",\"item\":\"https:\\\/\\\/arbrea-labs.com\\\/\"},{\"@type\":\"ListItem\",\"position\":2,\"name\":\"Full Stack Developer\"}]},{\"@type\":\"WebSite\",\"@id\":\"https:\\\/\\\/arbrea-labs.com\\\/#website\",\"url\":\"https:\\\/\\\/arbrea-labs.com\\\/\",\"name\":\"Arbrea Labs\",\"description\":\"Augmented Reality &amp; 3D Solutions for Aesthetics\",\"publisher\":{\"@id\":\"https:\\\/\\\/arbrea-labs.com\\\/#organization\"},\"alternateName\":\"Arbrea\",\"potentialAction\":[{\"@type\":\"SearchAction\",\"target\":{\"@type\":\"EntryPoint\",\"urlTemplate\":\"https:\\\/\\\/arbrea-labs.com\\\/?s={search_term_string}\"},\"query-input\":{\"@type\":\"PropertyValueSpecification\",\"valueRequired\":true,\"valueName\":\"search_term_string\"}}],\"inLanguage\":\"it-IT\"},{\"@type\":\"Organization\",\"@id\":\"https:\\\/\\\/arbrea-labs.com\\\/#organization\",\"name\":\"Arbrea Labs\",\"alternateName\":\"Arbrea\",\"url\":\"https:\\\/\\\/arbrea-labs.com\\\/\",\"logo\":{\"@type\":\"ImageObject\",\"inLanguage\":\"it-IT\",\"@id\":\"https:\\\/\\\/arbrea-labs.com\\\/#\\\/schema\\\/logo\\\/image\\\/\",\"url\":\"https:\\\/\\\/arbrea-labs.com\\\/wp-content\\\/uploads\\\/2022\\\/01\\\/logo_arbrea_LABS-01-1-e1641392734450.png\",\"contentUrl\":\"https:\\\/\\\/arbrea-labs.com\\\/wp-content\\\/uploads\\\/2022\\\/01\\\/logo_arbrea_LABS-01-1-e1641392734450.png\",\"width\":2000,\"height\":750,\"caption\":\"Arbrea Labs\"},\"image\":{\"@id\":\"https:\\\/\\\/arbrea-labs.com\\\/#\\\/schema\\\/logo\\\/image\\\/\"},\"sameAs\":[\"https:\\\/\\\/www.facebook.com\\\/arbrealabs\",\"https:\\\/\\\/www.instagram.com\\\/arbrealabs\\\/\",\"https:\\\/\\\/www.linkedin.com\\\/company\\\/arbrea-labs-ag\\\/\",\"https:\\\/\\\/www.youtube.com\\\/channel\\\/UCbHN9gofXJv8rMAHcAguTcg\"],\"description\":\"Arbrea Labs leads the way in blending advanced AI technology with personalized healthcare. Our fast, simple and safe Augmented Reality & 3D simulators optimize consultations, saving time and enhancing patient education. Meanwhile, our AR-driven marketing booster enhances patient journeys, maximizing marketing ROI and fostering efficient lead generation. Join us as we shape the future of aesthetic healthcare.\",\"email\":\"info@arbrea-labs.com\",\"legalName\":\"Arbrea Labs AG\",\"foundingDate\":\"2018-03-04\",\"vatID\":\"CHE-292.633.177\",\"numberOfEmployees\":{\"@type\":\"QuantitativeValue\",\"minValue\":\"11\",\"maxValue\":\"50\"}}]}<\/script>\n<!-- \/ Yoast SEO Premium plugin. -->","yoast_head_json":{"title":"Opportunit\u00e0 di sviluppo full stack presso Arbrea Tech","description":"Diventa uno sviluppatore Full Stack presso Arbrea Tech e impegnati in progetti entusiasmanti che riguardano l'AR\/AI.","robots":{"index":"index","follow":"follow","max-snippet":"max-snippet:-1","max-image-preview":"max-image-preview:large","max-video-preview":"max-video-preview:-1"},"canonical":"https:\/\/arbrea-labs.com\/it\/sviluppatore-web-full-stack\/","og_locale":"it_IT","og_type":"article","og_title":"Full Stack Developer","og_description":"Become a Full Stack Developer at Arbrea Tech and engage in exciting projects involving AR\/AI.","og_url":"https:\/\/arbrea-labs.com\/it\/sviluppatore-web-full-stack\/","og_site_name":"Arbrea Labs","article_publisher":"https:\/\/www.facebook.com\/arbrealabs","article_modified_time":"2025-12-03T16:30:37+00:00","og_image":[{"width":1500,"height":1000,"url":"https:\/\/arbrea-labs.com\/wp-content\/uploads\/2024\/07\/2150062008.jpg","type":"image\/jpeg"}],"twitter_card":"summary_large_image","twitter_misc":{"Tempo di lettura stimato":"3 minuti"},"schema":{"@context":"https:\/\/schema.org","@graph":[{"@type":"WebPage","@id":"https:\/\/arbrea-labs.com\/full-stack-web-developer\/","url":"https:\/\/arbrea-labs.com\/full-stack-web-developer\/","name":"Opportunit\u00e0 di sviluppo full stack presso Arbrea Tech","isPartOf":{"@id":"https:\/\/arbrea-labs.com\/#website"},"primaryImageOfPage":{"@id":"https:\/\/arbrea-labs.com\/full-stack-web-developer\/#primaryimage"},"image":{"@id":"https:\/\/arbrea-labs.com\/full-stack-web-developer\/#primaryimage"},"thumbnailUrl":"https:\/\/arbrea-labs.com\/wp-content\/uploads\/2024\/07\/2150062008.jpg","datePublished":"2022-05-26T08:35:43+00:00","dateModified":"2025-12-03T16:30:37+00:00","description":"Diventa uno sviluppatore Full Stack presso Arbrea Tech e impegnati in progetti entusiasmanti che riguardano l'AR\/AI.","breadcrumb":{"@id":"https:\/\/arbrea-labs.com\/full-stack-web-developer\/#breadcrumb"},"inLanguage":"it-IT","potentialAction":[{"@type":"ReadAction","target":["https:\/\/arbrea-labs.com\/full-stack-web-developer\/"]}]},{"@type":"ImageObject","inLanguage":"it-IT","@id":"https:\/\/arbrea-labs.com\/full-stack-web-developer\/#primaryimage","url":"https:\/\/arbrea-labs.com\/wp-content\/uploads\/2024\/07\/2150062008.jpg","contentUrl":"https:\/\/arbrea-labs.com\/wp-content\/uploads\/2024\/07\/2150062008.jpg","width":1500,"height":1000},{"@type":"BreadcrumbList","@id":"https:\/\/arbrea-labs.com\/full-stack-web-developer\/#breadcrumb","itemListElement":[{"@type":"ListItem","position":1,"name":"Home","item":"https:\/\/arbrea-labs.com\/"},{"@type":"ListItem","position":2,"name":"Full Stack Developer"}]},{"@type":"WebSite","@id":"https:\/\/arbrea-labs.com\/#website","url":"https:\/\/arbrea-labs.com\/","name":"Laboratori Arbrea","description":"Soluzioni di realt\u00e0 aumentata e 3D per l'estetica","publisher":{"@id":"https:\/\/arbrea-labs.com\/#organization"},"alternateName":"Arbrea","potentialAction":[{"@type":"SearchAction","target":{"@type":"EntryPoint","urlTemplate":"https:\/\/arbrea-labs.com\/?s={search_term_string}"},"query-input":{"@type":"PropertyValueSpecification","valueRequired":true,"valueName":"search_term_string"}}],"inLanguage":"it-IT"},{"@type":"Organization","@id":"https:\/\/arbrea-labs.com\/#organization","name":"Laboratori Arbrea","alternateName":"Arbrea","url":"https:\/\/arbrea-labs.com\/","logo":{"@type":"ImageObject","inLanguage":"it-IT","@id":"https:\/\/arbrea-labs.com\/#\/schema\/logo\/image\/","url":"https:\/\/arbrea-labs.com\/wp-content\/uploads\/2022\/01\/logo_arbrea_LABS-01-1-e1641392734450.png","contentUrl":"https:\/\/arbrea-labs.com\/wp-content\/uploads\/2022\/01\/logo_arbrea_LABS-01-1-e1641392734450.png","width":2000,"height":750,"caption":"Arbrea Labs"},"image":{"@id":"https:\/\/arbrea-labs.com\/#\/schema\/logo\/image\/"},"sameAs":["https:\/\/www.facebook.com\/arbrealabs","https:\/\/www.instagram.com\/arbrealabs\/","https:\/\/www.linkedin.com\/company\/arbrea-labs-ag\/","https:\/\/www.youtube.com\/channel\/UCbHN9gofXJv8rMAHcAguTcg"],"description":"Arbrea Labs \u00e8 all'avanguardia nella fusione tra tecnologia AI avanzata e assistenza sanitaria personalizzata. I nostri simulatori di Realt\u00e0 Aumentata e 3D, veloci, semplici e sicuri, ottimizzano le consultazioni, facendo risparmiare tempo e migliorando l'educazione dei pazienti. Nel frattempo, il nostro marketing guidato dall'AR migliora il percorso del paziente, massimizzando il ROI del marketing e favorendo un'efficiente lead generation. Unitevi a noi nel plasmare il futuro dell'assistenza sanitaria estetica.","email":"info@arbrea-labs.com","legalName":"Arbrea Labs AG","foundingDate":"2018-03-04","vatID":"CHE-292.633.177","numberOfEmployees":{"@type":"QuantitativeValue","minValue":"11","maxValue":"50"}}]}},"_links":{"self":[{"href":"https:\/\/arbrea-labs.com\/it\/wp-json\/wp\/v2\/pages\/34047","targetHints":{"allow":["GET"]}}],"collection":[{"href":"https:\/\/arbrea-labs.com\/it\/wp-json\/wp\/v2\/pages"}],"about":[{"href":"https:\/\/arbrea-labs.com\/it\/wp-json\/wp\/v2\/types\/page"}],"author":[{"embeddable":true,"href":"https:\/\/arbrea-labs.com\/it\/wp-json\/wp\/v2\/users\/3"}],"replies":[{"embeddable":true,"href":"https:\/\/arbrea-labs.com\/it\/wp-json\/wp\/v2\/comments?post=34047"}],"version-history":[{"count":0,"href":"https:\/\/arbrea-labs.com\/it\/wp-json\/wp\/v2\/pages\/34047\/revisions"}],"wp:featuredmedia":[{"embeddable":true,"href":"https:\/\/arbrea-labs.com\/it\/wp-json\/wp\/v2\/media\/33712"}],"wp:attachment":[{"href":"https:\/\/arbrea-labs.com\/it\/wp-json\/wp\/v2\/media?parent=34047"}],"curies":[{"name":"wp","href":"https:\/\/api.w.org\/{rel}","templated":true}]}}