{"id":19509,"date":"2023-04-28T22:39:41","date_gmt":"2023-04-28T20:39:41","guid":{"rendered":"https:\/\/arbrea-labs.com\/?page_id=19509"},"modified":"2024-11-20T16:15:08","modified_gmt":"2024-11-20T15:15:08","slug":"junior-social-media-manager","status":"publish","type":"page","link":"https:\/\/arbrea-labs.com\/it\/junior-social-media-manager\/","title":{"rendered":"Responsabile social media junior"},"content":{"rendered":"<div id=\"fws_69d0c73a701db\"  data-column-margin=\"default\" data-midnight=\"light\" data-top-percent=\"2%\" data-bottom-percent=\"2%\"  class=\"wpb_row vc_row-fluid vc_row full-width-section has-row-bg-color\"  style=\"padding-top: calc(100vw * 0.02); padding-bottom: calc(100vw * 0.02); --row-bg-color: #3452ff;\"><div class=\"row-bg-wrap\" data-bg-animation=\"none\" data-bg-animation-delay=\"\" data-bg-overlay=\"true\"><div class=\"inner-wrap row-bg-layer using-image\" ><div class=\"row-bg viewport-desktop using-image using-bg-color lazyload\" style=\"background-image: url(https:\/\/arbrea-labs.com\/wp-includes\/images\/blank.gif);background-position: center center;background-repeat: no-repeat;background-color: #3452ff;\" data-background-image=\"https:\/\/arbrea-labs.com\/wp-content\/uploads\/2022\/05\/Untitled-design-16.png\"><\/div><\/div><div class=\"row-bg-overlay row-bg-layer\" style=\"background-color:#0c0c0c;  opacity: 0.3; \"><\/div><\/div><div class=\"row_col_wrap_12 col span_12 light left\">\n\t<div  class=\"vc_col-sm-2 wpb_column column_container vc_column_container col no-extra-padding inherit_tablet inherit_phone\"  data-padding-pos=\"all\" data-has-bg-color=\"false\" data-bg-color=\"\" data-bg-opacity=\"1\" data-animation=\"\" data-delay=\"0\" >\n\t\t<div class=\"vc_column-inner\" >\n\t\t\t<div class=\"wpb_wrapper\">\n\t\t\t\t\n\t\t\t<\/div> \n\t\t<\/div>\n\t<\/div> \n\n\t<div  class=\"vc_col-sm-8 wpb_column column_container vc_column_container col centered-text has-animation no-extra-padding inherit_tablet inherit_phone\"  data-padding-pos=\"all\" data-has-bg-color=\"false\" data-bg-color=\"\" data-bg-opacity=\"1\" data-animation=\"zoom-out\" data-delay=\"0\" >\n\t\t<div class=\"vc_column-inner\" >\n\t\t\t<div class=\"wpb_wrapper\">\n\t\t\t\t<h4 style=\"font-size: 20px;color: rgba(255,255,255,0.7);line-height: 36px;text-align: center;font-family:Roboto;font-weight:500;font-style:normal\" class=\"vc_custom_heading vc_do_custom_heading vc_custom_1682714540573\" >Unisciti al nostro team creativo<\/h4><h1 style=\"font-size: 83px;line-height: 98px;text-align: center;font-family:Roboto;font-weight:400;font-style:normal\" class=\"vc_custom_heading vc_do_custom_heading vc_custom_1682714504138\" >Responsabile social media junior<\/h1>\n\t\t\t<\/div> \n\t\t<\/div>\n\t<\/div> \n\n\t<div  class=\"vc_col-sm-2 wpb_column column_container vc_column_container col no-extra-padding inherit_tablet inherit_phone\"  data-padding-pos=\"all\" data-has-bg-color=\"false\" data-bg-color=\"\" data-bg-opacity=\"1\" data-animation=\"\" data-delay=\"0\" >\n\t\t<div class=\"vc_column-inner\" >\n\t\t\t<div class=\"wpb_wrapper\">\n\t\t\t\t\n\t\t\t<\/div> \n\t\t<\/div>\n\t<\/div> \n<\/div><\/div>\n\t\t<div id=\"fws_69d0c73a707d9\"  data-column-margin=\"default\" data-midnight=\"dark\" data-top-percent=\"3%\"  class=\"wpb_row vc_row-fluid vc_row\"  style=\"padding-top: calc(100vw * 0.03); padding-bottom: 0px; \"><div class=\"row-bg-wrap\" data-bg-animation=\"none\" data-bg-animation-delay=\"\" data-bg-overlay=\"false\"><div class=\"inner-wrap row-bg-layer\" ><div class=\"row-bg viewport-desktop\"  style=\"\"><\/div><\/div><\/div><div class=\"row_col_wrap_12 col span_12 dark left\">\n\t<div  class=\"vc_col-sm-12 wpb_column column_container vc_column_container col no-extra-padding inherit_tablet inherit_phone\"  data-padding-pos=\"all\" data-has-bg-color=\"false\" data-bg-color=\"\" data-bg-opacity=\"1\" data-animation=\"\" data-delay=\"0\" >\n\t\t<div class=\"vc_column-inner\" >\n\t\t\t<div class=\"wpb_wrapper\">\n\t\t\t\t\n<div class=\"wpb_text_column wpb_content_element\" >\n\t<h2><\/h2>\n<div>\n<p><strong>Chi siamo?<\/strong><\/p>\n<p>Arbrea Labs \u00e8 una startup svizzera e uno spin-off del Politecnico federale di Zurigo (ETH). Stiamo sviluppando una tecnologia AI e AR all'avanguardia per la creazione di avatar umani digitali da dispositivi mobili. Il nostro obiettivo \u00e8 la pre-visualizzazione della chirurgia ricostruttiva ed estetica del seno. Abbiamo prodotto con orgoglio strumenti di realt\u00e0 aumentata in tempo reale per la pre-visualizzazione di interventi di chirurgia estetica, plastica e ricostruttiva e di procedure non invasive per chirurghi e pazienti. Arbrea Labs \u00e8 composta da un team dinamico e in rapida crescita, composto da validi ingegneri di R&amp;S, partner commerciali e digital marketer.<\/p><\/div>\n<div class=\"p-rich_text_section\"><strong>Descrizione del lavoro:<\/strong><br \/>\nStiamo cercando un Social Media Manager strategico e creativo da inserire nel nostro team di marketing. In qualit\u00e0 di Social Media Manager, dovrete sviluppare ed eseguire strategie di social media su varie piattaforme.<\/div>\n<div class=\"p-rich_text_section\">\n<p><strong>Responsabilit\u00e0:<\/strong><\/div>\n<ul class=\"p-rich_text_list p-rich_text_list__bullet\" data-stringify-type=\"unordered-list\" data-indent=\"0\" data-border=\"0\">\n<li data-stringify-indent=\"0\" data-stringify-border=\"0\">Sviluppare e implementare strategie di social media per aumentare la consapevolezza e l'impegno del marchio e per guidare il traffico del sito web.<\/li>\n<li data-stringify-indent=\"0\" data-stringify-border=\"0\">Creare e gestire contenuti per varie piattaforme di social media, tra cui Facebook, Twitter, Instagram, LinkedIn e TikTok.<\/li>\n<li data-stringify-indent=\"0\" data-stringify-border=\"0\">Monitorare e analizzare le prestazioni dei social media, fornendo regolarmente report e approfondimenti per migliorare le campagne sui social media.<\/li>\n<li data-stringify-indent=\"0\" data-stringify-border=\"0\">Collaborare con altri team per garantire la coerenza della messaggistica e del branding su tutti i canali.<\/li>\n<li data-stringify-indent=\"0\" data-stringify-border=\"0\">Impegnarsi con la comunit\u00e0 online, rispondendo ai commenti e ai messaggi in modo tempestivo e professionale.<\/li>\n<li data-stringify-indent=\"0\" data-stringify-border=\"0\">Rimanere aggiornati sulle tendenze e le best practice dei social media e consigliare nuove idee per migliorare le prestazioni dei social media.<\/li>\n<\/ul>\n<div class=\"p-rich_text_section\"><strong>Requisiti:<\/strong><\/div>\n<ul class=\"p-rich_text_list p-rich_text_list__bullet\" data-stringify-type=\"unordered-list\" data-indent=\"0\" data-border=\"0\">\n<li data-stringify-indent=\"0\" data-stringify-border=\"0\">Esperienza comprovata come social media manager o ruolo simile<\/li>\n<li aria-level=\"1\">Eccellente comunicazione scritta e orale in inglese, forte senso visivo e attenzione ai dettagli.<\/li>\n<li data-stringify-indent=\"0\" data-stringify-border=\"0\">Forte conoscenza delle piattaforme di social media, tra cui Facebook, Twitter, Instagram, LinkedIn e Tik Tok.<\/li>\n<li data-stringify-indent=\"0\" data-stringify-border=\"0\">Esperienza nella creazione e gestione di campagne sui social media<\/li>\n<li data-stringify-indent=\"0\" data-stringify-border=\"0\">Capacit\u00e0 di analizzare i dati e fornire approfondimenti sulle performance dei social media<\/li>\n<li data-stringify-indent=\"0\" data-stringify-border=\"0\">Attenzione ai dettagli e capacit\u00e0 di lavorare in multitasking<\/li>\n<li data-stringify-indent=\"0\" data-stringify-border=\"0\">La conoscenza di Canva, CapCut, Adobe Creative Suite o altri software di progettazione \u00e8 un plus.<\/li>\n<\/ul>\n<div class=\"p-rich_text_section\">Se siete interessati a questa posizione, vi preghiamo di inviare il vostro curriculum e la vostra lettera di presentazione. Saremo lieti di ascoltarvi!<\/div>\n<p><strong>Vantaggi di Arbrea Life<\/strong><\/p>\n<p>Rendere questo mondo un posto migliore \u00e8 un lavoro duro, perci\u00f2 sosteniamo il nostro Dream Team con quanto segue:<\/p>\n<ul>\n<li>Sviluppo professionale illimitato in una delle aziende a pi\u00f9 rapida crescita della sua categoria<\/li>\n<li>Una cultura della libert\u00e0, della responsabilit\u00e0 e dell'onest\u00e0 radicale<\/li>\n<li>Un ambiente imprenditoriale che incoraggia l'innovazione<\/li>\n<li>Un ambiente globale con colleghi in tutto il mondo<\/li>\n<li>Un ambiente di lavoro flessibile<\/li>\n<li>Premi extra al raggiungimento degli obiettivi<\/li>\n<li>Posizione remota completa<\/li>\n<li>Rimborso per viaggi o visite ai clienti<\/li>\n<li>Condizioni economiche estremamente competitive<\/li>\n<li>I dispositivi informatici pi\u00f9 recenti funzionano<\/li>\n<\/ul>\n<p><strong>Diversit\u00e0 e inclusione<\/strong><\/p>\n<p>La diversit\u00e0 e l'inclusione sono importanti per noi; lavoriamo costantemente per migliorare questi aspetti. In Arbrea non ci limitiamo ad accettare le nostre differenze, ma le sosteniamo e le celebriamo pienamente. Ci impegniamo a garantire pari opportunit\u00e0 di lavoro indipendentemente da razza, colore, origini, religione, sesso, origine nazionale, orientamento sessuale, et\u00e0, cittadinanza, stato civile, disabilit\u00e0, sesso, identit\u00e0 o espressione di genere.<\/p>\n<p><strong>Il nostro manifesto:<\/strong><\/p>\n<p>Crediamo che la tecnologia sia un'enorme risorsa per il mondo, ma che debba essere veloce, semplice e sicura da usare. Stiamo portando questo concetto nel mercato dell'estetica, offrendo strumenti di cui i pazienti e i professionisti possono beneficiare appieno e senza fretta. Crediamo inoltre che nulla possa essere fatto senza passione umana, onest\u00e0 trasparenza e la giusta mentalit\u00e0 e attitudine e siamo alla ricerca di candidati che condividano i nostri valori fondamentali.<\/p>\n<\/div>\n\n\n\n\n\t\t\t<\/div> \n\t\t<\/div>\n\t<\/div> \n<\/div><\/div>\n\t\t<div id=\"fws_69d0c73a70e73\"  data-column-margin=\"default\" data-midnight=\"dark\"  class=\"wpb_row vc_row-fluid vc_row\"  style=\"padding-top: 0px; padding-bottom: 0px; \"><div class=\"row-bg-wrap\" data-bg-animation=\"none\" data-bg-animation-delay=\"\" data-bg-overlay=\"false\"><div class=\"inner-wrap row-bg-layer\" ><div class=\"row-bg viewport-desktop\"  style=\"\"><\/div><\/div><\/div><div class=\"row_col_wrap_12 col span_12 dark left\">\n\t<div  class=\"vc_col-sm-12 wpb_column column_container vc_column_container col no-extra-padding inherit_tablet inherit_phone\"  data-padding-pos=\"all\" data-has-bg-color=\"false\" data-bg-color=\"\" data-bg-opacity=\"1\" data-animation=\"\" data-delay=\"0\" >\n\t\t<div class=\"vc_column-inner\" >\n\t\t\t<div class=\"wpb_wrapper\">\n\t\t\t\t\n<div class=\"wpb_text_column wpb_content_element\" >\n\t<\/div>\n\n\n\n\n\t\t\t<\/div> \n\t\t<\/div>\n\t<\/div> \n<\/div><\/div>\n\t\t<div id=\"fws_69d0c73a71052\"  data-column-margin=\"default\" data-midnight=\"dark\"  class=\"wpb_row vc_row-fluid vc_row\"  style=\"padding-top: 0px; padding-bottom: 0px; \"><div class=\"row-bg-wrap\" data-bg-animation=\"none\" data-bg-animation-delay=\"\" data-bg-overlay=\"false\"><div class=\"inner-wrap row-bg-layer\" ><div class=\"row-bg viewport-desktop\"  style=\"\"><\/div><\/div><\/div><div class=\"row_col_wrap_12 col span_12 dark left\">\n\t<div  class=\"vc_col-sm-12 wpb_column column_container vc_column_container col no-extra-padding inherit_tablet inherit_phone\"  data-padding-pos=\"all\" data-has-bg-color=\"false\" data-bg-color=\"\" data-bg-opacity=\"1\" data-animation=\"\" data-delay=\"0\" >\n\t\t<div class=\"vc_column-inner\" >\n\t\t\t<div class=\"wpb_wrapper\">\n\t\t\t\t\n\t<div class=\"wpb_raw_code wpb_raw_html wpb_content_element\" >\n\t\t<div class=\"wpb_wrapper\">\n\t\t\t<div data-tf-live=\"01JD527Y3CFHBDBHN40JFPVY2E\"><\/div><script src=\"\/\/embed.typeform.com\/next\/embed.js\"><\/script>\n\t\t<\/div>\n\t<\/div>\n\n\t\t\t<\/div> \n\t\t<\/div>\n\t<\/div> \n<\/div><\/div>\n<!-- \/wp:post-content -->","protected":false},"excerpt":{"rendered":"Unisciti al nostro team creativoJunior Social Media Manager Chi siamo? Arbrea Labs \u00e8 una startup svizzera e uno spin-off del Politecnico di Zurigo (Istituto Federale...","protected":false},"author":3,"featured_media":0,"parent":0,"menu_order":0,"comment_status":"closed","ping_status":"closed","template":"","meta":{"footnotes":""},"class_list":["post-19509","page","type-page","status-publish"],"yoast_head":"<!-- This site is optimized with the Yoast SEO Premium plugin v27.3 (Yoast SEO v27.3) - https:\/\/yoast.com\/product\/yoast-seo-premium-wordpress\/ -->\n<title>Junior Social Media Manager - Arbrea Labs<\/title>\n<meta name=\"robots\" content=\"index, follow, max-snippet:-1, max-image-preview:large, max-video-preview:-1\" \/>\n<link rel=\"canonical\" href=\"https:\/\/arbrea-labs.com\/it\/junior-social-media-manager\/\" \/>\n<meta property=\"og:locale\" content=\"it_IT\" \/>\n<meta property=\"og:type\" content=\"article\" \/>\n<meta property=\"og:title\" content=\"Junior Social Media Manager\" \/>\n<meta property=\"og:url\" content=\"https:\/\/arbrea-labs.com\/it\/junior-social-media-manager\/\" \/>\n<meta property=\"og:site_name\" content=\"Arbrea Labs\" \/>\n<meta property=\"article:publisher\" content=\"https:\/\/www.facebook.com\/arbrealabs\" \/>\n<meta property=\"article:modified_time\" content=\"2024-11-20T15:15:08+00:00\" \/>\n<meta name=\"twitter:card\" content=\"summary_large_image\" \/>\n<meta name=\"twitter:label1\" content=\"Tempo di lettura stimato\" \/>\n\t<meta name=\"twitter:data1\" content=\"4 minuti\" \/>\n<script type=\"application\/ld+json\" class=\"yoast-schema-graph\">{\"@context\":\"https:\\\/\\\/schema.org\",\"@graph\":[{\"@type\":\"WebPage\",\"@id\":\"https:\\\/\\\/arbrea-labs.com\\\/junior-social-media-manager\\\/\",\"url\":\"https:\\\/\\\/arbrea-labs.com\\\/junior-social-media-manager\\\/\",\"name\":\"Junior Social Media Manager - Arbrea Labs\",\"isPartOf\":{\"@id\":\"https:\\\/\\\/arbrea-labs.com\\\/#website\"},\"datePublished\":\"2023-04-28T20:39:41+00:00\",\"dateModified\":\"2024-11-20T15:15:08+00:00\",\"breadcrumb\":{\"@id\":\"https:\\\/\\\/arbrea-labs.com\\\/junior-social-media-manager\\\/#breadcrumb\"},\"inLanguage\":\"it-IT\",\"potentialAction\":[{\"@type\":\"ReadAction\",\"target\":[\"https:\\\/\\\/arbrea-labs.com\\\/junior-social-media-manager\\\/\"]}]},{\"@type\":\"BreadcrumbList\",\"@id\":\"https:\\\/\\\/arbrea-labs.com\\\/junior-social-media-manager\\\/#breadcrumb\",\"itemListElement\":[{\"@type\":\"ListItem\",\"position\":1,\"name\":\"Home\",\"item\":\"https:\\\/\\\/arbrea-labs.com\\\/\"},{\"@type\":\"ListItem\",\"position\":2,\"name\":\"Junior Social Media Manager\"}]},{\"@type\":\"WebSite\",\"@id\":\"https:\\\/\\\/arbrea-labs.com\\\/#website\",\"url\":\"https:\\\/\\\/arbrea-labs.com\\\/\",\"name\":\"Arbrea Labs\",\"description\":\"Augmented Reality &amp; 3D Solutions for Aesthetics\",\"publisher\":{\"@id\":\"https:\\\/\\\/arbrea-labs.com\\\/#organization\"},\"alternateName\":\"Arbrea\",\"potentialAction\":[{\"@type\":\"SearchAction\",\"target\":{\"@type\":\"EntryPoint\",\"urlTemplate\":\"https:\\\/\\\/arbrea-labs.com\\\/?s={search_term_string}\"},\"query-input\":{\"@type\":\"PropertyValueSpecification\",\"valueRequired\":true,\"valueName\":\"search_term_string\"}}],\"inLanguage\":\"it-IT\"},{\"@type\":\"Organization\",\"@id\":\"https:\\\/\\\/arbrea-labs.com\\\/#organization\",\"name\":\"Arbrea Labs\",\"alternateName\":\"Arbrea\",\"url\":\"https:\\\/\\\/arbrea-labs.com\\\/\",\"logo\":{\"@type\":\"ImageObject\",\"inLanguage\":\"it-IT\",\"@id\":\"https:\\\/\\\/arbrea-labs.com\\\/#\\\/schema\\\/logo\\\/image\\\/\",\"url\":\"https:\\\/\\\/arbrea-labs.com\\\/wp-content\\\/uploads\\\/2022\\\/01\\\/logo_arbrea_LABS-01-1-e1641392734450.png\",\"contentUrl\":\"https:\\\/\\\/arbrea-labs.com\\\/wp-content\\\/uploads\\\/2022\\\/01\\\/logo_arbrea_LABS-01-1-e1641392734450.png\",\"width\":2000,\"height\":750,\"caption\":\"Arbrea Labs\"},\"image\":{\"@id\":\"https:\\\/\\\/arbrea-labs.com\\\/#\\\/schema\\\/logo\\\/image\\\/\"},\"sameAs\":[\"https:\\\/\\\/www.facebook.com\\\/arbrealabs\",\"https:\\\/\\\/www.instagram.com\\\/arbrealabs\\\/\",\"https:\\\/\\\/www.linkedin.com\\\/company\\\/arbrea-labs-ag\\\/\",\"https:\\\/\\\/www.youtube.com\\\/channel\\\/UCbHN9gofXJv8rMAHcAguTcg\"],\"description\":\"Arbrea Labs leads the way in blending advanced AI technology with personalized healthcare. Our fast, simple and safe Augmented Reality & 3D simulators optimize consultations, saving time and enhancing patient education. Meanwhile, our AR-driven marketing booster enhances patient journeys, maximizing marketing ROI and fostering efficient lead generation. Join us as we shape the future of aesthetic healthcare.\",\"email\":\"info@arbrea-labs.com\",\"legalName\":\"Arbrea Labs AG\",\"foundingDate\":\"2018-03-04\",\"vatID\":\"CHE-292.633.177\",\"numberOfEmployees\":{\"@type\":\"QuantitativeValue\",\"minValue\":\"11\",\"maxValue\":\"50\"}}]}<\/script>\n<!-- \/ Yoast SEO Premium plugin. -->","yoast_head_json":{"title":"Junior Social Media Manager - Arbrea Labs","robots":{"index":"index","follow":"follow","max-snippet":"max-snippet:-1","max-image-preview":"max-image-preview:large","max-video-preview":"max-video-preview:-1"},"canonical":"https:\/\/arbrea-labs.com\/it\/junior-social-media-manager\/","og_locale":"it_IT","og_type":"article","og_title":"Junior Social Media Manager","og_url":"https:\/\/arbrea-labs.com\/it\/junior-social-media-manager\/","og_site_name":"Arbrea Labs","article_publisher":"https:\/\/www.facebook.com\/arbrealabs","article_modified_time":"2024-11-20T15:15:08+00:00","twitter_card":"summary_large_image","twitter_misc":{"Tempo di lettura stimato":"4 minuti"},"schema":{"@context":"https:\/\/schema.org","@graph":[{"@type":"WebPage","@id":"https:\/\/arbrea-labs.com\/junior-social-media-manager\/","url":"https:\/\/arbrea-labs.com\/junior-social-media-manager\/","name":"Junior Social Media Manager - Arbrea Labs","isPartOf":{"@id":"https:\/\/arbrea-labs.com\/#website"},"datePublished":"2023-04-28T20:39:41+00:00","dateModified":"2024-11-20T15:15:08+00:00","breadcrumb":{"@id":"https:\/\/arbrea-labs.com\/junior-social-media-manager\/#breadcrumb"},"inLanguage":"it-IT","potentialAction":[{"@type":"ReadAction","target":["https:\/\/arbrea-labs.com\/junior-social-media-manager\/"]}]},{"@type":"BreadcrumbList","@id":"https:\/\/arbrea-labs.com\/junior-social-media-manager\/#breadcrumb","itemListElement":[{"@type":"ListItem","position":1,"name":"Home","item":"https:\/\/arbrea-labs.com\/"},{"@type":"ListItem","position":2,"name":"Junior Social Media Manager"}]},{"@type":"WebSite","@id":"https:\/\/arbrea-labs.com\/#website","url":"https:\/\/arbrea-labs.com\/","name":"Laboratori Arbrea","description":"Soluzioni di realt\u00e0 aumentata e 3D per l'estetica","publisher":{"@id":"https:\/\/arbrea-labs.com\/#organization"},"alternateName":"Arbrea","potentialAction":[{"@type":"SearchAction","target":{"@type":"EntryPoint","urlTemplate":"https:\/\/arbrea-labs.com\/?s={search_term_string}"},"query-input":{"@type":"PropertyValueSpecification","valueRequired":true,"valueName":"search_term_string"}}],"inLanguage":"it-IT"},{"@type":"Organization","@id":"https:\/\/arbrea-labs.com\/#organization","name":"Laboratori Arbrea","alternateName":"Arbrea","url":"https:\/\/arbrea-labs.com\/","logo":{"@type":"ImageObject","inLanguage":"it-IT","@id":"https:\/\/arbrea-labs.com\/#\/schema\/logo\/image\/","url":"https:\/\/arbrea-labs.com\/wp-content\/uploads\/2022\/01\/logo_arbrea_LABS-01-1-e1641392734450.png","contentUrl":"https:\/\/arbrea-labs.com\/wp-content\/uploads\/2022\/01\/logo_arbrea_LABS-01-1-e1641392734450.png","width":2000,"height":750,"caption":"Arbrea Labs"},"image":{"@id":"https:\/\/arbrea-labs.com\/#\/schema\/logo\/image\/"},"sameAs":["https:\/\/www.facebook.com\/arbrealabs","https:\/\/www.instagram.com\/arbrealabs\/","https:\/\/www.linkedin.com\/company\/arbrea-labs-ag\/","https:\/\/www.youtube.com\/channel\/UCbHN9gofXJv8rMAHcAguTcg"],"description":"Arbrea Labs \u00e8 all'avanguardia nella fusione tra tecnologia AI avanzata e assistenza sanitaria personalizzata. I nostri simulatori di Realt\u00e0 Aumentata e 3D, veloci, semplici e sicuri, ottimizzano le consultazioni, facendo risparmiare tempo e migliorando l'educazione dei pazienti. Nel frattempo, il nostro marketing guidato dall'AR migliora il percorso del paziente, massimizzando il ROI del marketing e favorendo un'efficiente lead generation. Unitevi a noi nel plasmare il futuro dell'assistenza sanitaria estetica.","email":"info@arbrea-labs.com","legalName":"Arbrea Labs AG","foundingDate":"2018-03-04","vatID":"CHE-292.633.177","numberOfEmployees":{"@type":"QuantitativeValue","minValue":"11","maxValue":"50"}}]}},"_links":{"self":[{"href":"https:\/\/arbrea-labs.com\/it\/wp-json\/wp\/v2\/pages\/19509","targetHints":{"allow":["GET"]}}],"collection":[{"href":"https:\/\/arbrea-labs.com\/it\/wp-json\/wp\/v2\/pages"}],"about":[{"href":"https:\/\/arbrea-labs.com\/it\/wp-json\/wp\/v2\/types\/page"}],"author":[{"embeddable":true,"href":"https:\/\/arbrea-labs.com\/it\/wp-json\/wp\/v2\/users\/3"}],"replies":[{"embeddable":true,"href":"https:\/\/arbrea-labs.com\/it\/wp-json\/wp\/v2\/comments?post=19509"}],"version-history":[{"count":0,"href":"https:\/\/arbrea-labs.com\/it\/wp-json\/wp\/v2\/pages\/19509\/revisions"}],"wp:attachment":[{"href":"https:\/\/arbrea-labs.com\/it\/wp-json\/wp\/v2\/media?parent=19509"}],"curies":[{"name":"wp","href":"https:\/\/api.w.org\/{rel}","templated":true}]}}