{"id":18655,"date":"2022-11-09T08:28:12","date_gmt":"2022-11-09T08:28:12","guid":{"rendered":"https:\/\/arbrea-labs.com\/?page_id=18655"},"modified":"2024-07-17T19:32:38","modified_gmt":"2024-07-17T17:32:38","slug":"impronta","status":"publish","type":"page","link":"https:\/\/arbrea-labs.com\/it\/imprint\/","title":{"rendered":"Impronta"},"content":{"rendered":"<h3 class=\"wp-block-heading\" id=\"h-responsible-for-the-content\">RESPONSABILE DEL CONTENUTO<\/h3>\r\n\r\n\r\n\r\n<p>ARBREA LABS AG<br \/>Technoparkstrasse 1<br \/>8005 Zurigo<\/p>\r\n\r\n\r\n\r\n<p>Telefono: +41 78 203 33 38 <br \/>E-Mail:\u00a0support@arbrea-labs.com<\/p>\r\n\r\n\r\n\r\n<p><strong>1. Contenuto<\/strong><br \/>L'autore ha adottato tutte le misure ragionevoli per garantire che le informazioni contenute in queste pagine del sito web siano accurate e corrette al momento della stesura. Sebbene sia stata prestata la massima attenzione nella compilazione di queste informazioni, l'autore non sar\u00e0 ritenuto responsabile per eventuali perdite, danni o inconvenienti causati da imprecisioni o errori all'interno di queste pagine o sistemi. I documenti potrebbero contenere errori tipografici, errori di omissione, imprecisioni tecniche o editoriali. Tutte le offerte di questo sito web sono \"cos\u00ec come sono\", senza alcuna garanzia espressa o implicita di accuratezza o accessibilit\u00e0. L'autore si riserva il diritto di cambiare, rimuovere, modificare, aggiungere e controllare in ogni modo il contenuto dell'intero sito web in qualsiasi momento e senza preavviso.<br \/><br \/><strong>2. Collegamenti<\/strong><br \/>Questo sito web contiene link ad altri siti web pubblici e privati. Questi siti collegati non sono sotto il controllo dell'autore e l'autore non \u00e8 responsabile dei contenuti di alcun sito collegato o di alcun link contenuto in un sito collegato. L'autore fornisce questi link per comodit\u00e0 e l'inclusione di qualsiasi link non implica l'approvazione da parte dell'autore dei contenuti di questi siti. L'Autore non dichiara n\u00e9 avalla l'accuratezza o l'affidabilit\u00e0 dei contenuti pubblicati su qualsiasi Area interattiva, compresi, a titolo esemplificativo, i Libri degli ospiti, i Forum e le Mailing List, e l'affidamento su tali contenuti \u00e8 a rischio esclusivo dell'utente. Qualsiasi contenuto inserito in un'Area interattiva da parte degli utenti \u00e8 il punto di vista dell'utente che lo pubblica e non rappresenta il punto di vista dell'Autore.<br \/><br \/><strong>3. Copyright<\/strong><br \/>Questo sito web contiene informazioni, fotografie, clip audio e video, grafici, link e altro materiale protetto da copyright, marchi o altri diritti di propriet\u00e0 dell'autore o di terzi. Nessuno \u00e8 autorizzato a utilizzare, copiare, trasferire, riprodurre o distribuire qualsiasi parte del sito web, in tutto o in parte, compresi i relativi grafici, clip audio e video e testi senza l'autorizzazione scritta dell'autore.<br \/><br \/><strong>4. Clausola di esclusione della responsabilit\u00e0<\/strong><br \/>Nel caso in cui una qualsiasi disposizione della presente clausola di esclusione della responsabilit\u00e0, o la sua applicazione, diventi o venga dichiarata illegale, nulla o inapplicabile, il resto della presente clausola di esclusione della responsabilit\u00e0 rimarr\u00e0 in vigore a tutti gli effetti.<\/p>\r\n\r\n\r\n\r\n<p><strong>Google Analytics<\/strong><\/p>\r\n\r\n\r\n\r\n<p>Questo sito web utilizza Google Analytics, un servizio di analisi web fornito da Google, Inc. (\"Google\"). Google Analytics utilizza dei \"cookie\", file di testo che vengono depositati sul vostro computer per consentire al sito web di analizzare come gli utenti utilizzano il sito. Le informazioni generate dal cookie sull'utilizzo del sito web da parte dell'utente (compreso il suo indirizzo IP) verranno trasmesse e memorizzate da Google su server negli Stati Uniti e altrove. Google utilizzer\u00e0 queste informazioni allo scopo di valutare l'utilizzo del sito web da parte dell'utente, compilare report sulle attivit\u00e0 del sito web per gli operatori del sito web e fornire altri servizi relativi alle attivit\u00e0 del sito web e all'utilizzo di Internet. Google pu\u00f2 anche trasferire queste informazioni a terzi, ove ci\u00f2 sia imposto dalla legge o laddove tali terzi trattino le informazioni per conto di Google. Google non assocer\u00e0 il vostro indirizzo IP a nessun altro dato posseduto da Google. Potete rifiutarvi di usare i cookie selezionando l'impostazione appropriata sul vostro browser, ma tenete presente che in tal caso potreste non essere in grado di utilizzare tutte le funzionalit\u00e0 di questo sito web. Utilizzando il presente sito web, l'utente acconsente al trattamento dei propri dati da parte di Google per le modalit\u00e0 e i fini sopraindicati.<\/p>\r\n\r\n\r\n\r\n<p>&nbsp;<\/p>","protected":false},"excerpt":{"rendered":"<p>RESPONSABILE DEL CONTENUTO ARBREA LABS AGTechnoparkstrasse 18005 Z\u00fcrich Telefon: +41 78 203 33 38 E-Mail: support@arbrea-labs.com 1. ContenutoL'autore ha adottato tutte le misure ragionevoli per garantire...<\/p>","protected":false},"author":1,"featured_media":26528,"parent":0,"menu_order":0,"comment_status":"closed","ping_status":"closed","template":"","meta":{"footnotes":""},"class_list":["post-18655","page","type-page","status-publish","has-post-thumbnail"],"yoast_head":"<!-- This site is optimized with the Yoast SEO Premium plugin v27.3 (Yoast SEO v27.3) - https:\/\/yoast.com\/product\/yoast-seo-premium-wordpress\/ -->\n<title>Imprint - Arbrea Labs<\/title>\n<meta name=\"description\" content=\"Find essential information about Arbrea Labs, including company details, contact information, and legal disclosures. Visit our Imprint page for full transparency and compliance information.\" \/>\n<meta name=\"robots\" content=\"index, follow, max-snippet:-1, max-image-preview:large, max-video-preview:-1\" \/>\n<link rel=\"canonical\" href=\"https:\/\/arbrea-labs.com\/it\/impronta\/\" \/>\n<meta property=\"og:locale\" content=\"it_IT\" \/>\n<meta property=\"og:type\" content=\"article\" \/>\n<meta property=\"og:title\" content=\"Imprint\" \/>\n<meta property=\"og:description\" content=\"Find essential information about Arbrea Labs, including company details, contact information, and legal disclosures. Visit our Imprint page for full transparency and compliance information.\" \/>\n<meta property=\"og:url\" content=\"https:\/\/arbrea-labs.com\/it\/impronta\/\" \/>\n<meta property=\"og:site_name\" content=\"Arbrea Labs\" \/>\n<meta property=\"article:publisher\" content=\"https:\/\/www.facebook.com\/arbrealabs\" \/>\n<meta property=\"article:modified_time\" content=\"2024-07-17T17:32:38+00:00\" \/>\n<meta property=\"og:image\" content=\"https:\/\/arbrea-labs.com\/wp-content\/uploads\/2024\/05\/122-1-e1717143587141-878x1024.png\" \/>\n\t<meta property=\"og:image:width\" content=\"878\" \/>\n\t<meta property=\"og:image:height\" content=\"1024\" \/>\n\t<meta property=\"og:image:type\" content=\"image\/png\" \/>\n<meta name=\"twitter:card\" content=\"summary_large_image\" \/>\n<meta name=\"twitter:label1\" content=\"Tempo di lettura stimato\" \/>\n\t<meta name=\"twitter:data1\" content=\"3 minuti\" \/>\n<script type=\"application\/ld+json\" class=\"yoast-schema-graph\">{\"@context\":\"https:\\\/\\\/schema.org\",\"@graph\":[{\"@type\":\"WebPage\",\"@id\":\"https:\\\/\\\/arbrea-labs.com\\\/imprint\\\/\",\"url\":\"https:\\\/\\\/arbrea-labs.com\\\/imprint\\\/\",\"name\":\"Imprint - Arbrea Labs\",\"isPartOf\":{\"@id\":\"https:\\\/\\\/arbrea-labs.com\\\/#website\"},\"primaryImageOfPage\":{\"@id\":\"https:\\\/\\\/arbrea-labs.com\\\/imprint\\\/#primaryimage\"},\"image\":{\"@id\":\"https:\\\/\\\/arbrea-labs.com\\\/imprint\\\/#primaryimage\"},\"thumbnailUrl\":\"https:\\\/\\\/arbrea-labs.com\\\/wp-content\\\/uploads\\\/2024\\\/05\\\/122-1-e1717143587141.png\",\"datePublished\":\"2022-11-09T08:28:12+00:00\",\"dateModified\":\"2024-07-17T17:32:38+00:00\",\"description\":\"Find essential information about Arbrea Labs, including company details, contact information, and legal disclosures. Visit our Imprint page for full transparency and compliance information.\",\"breadcrumb\":{\"@id\":\"https:\\\/\\\/arbrea-labs.com\\\/imprint\\\/#breadcrumb\"},\"inLanguage\":\"it-IT\",\"potentialAction\":[{\"@type\":\"ReadAction\",\"target\":[\"https:\\\/\\\/arbrea-labs.com\\\/imprint\\\/\"]}]},{\"@type\":\"ImageObject\",\"inLanguage\":\"it-IT\",\"@id\":\"https:\\\/\\\/arbrea-labs.com\\\/imprint\\\/#primaryimage\",\"url\":\"https:\\\/\\\/arbrea-labs.com\\\/wp-content\\\/uploads\\\/2024\\\/05\\\/122-1-e1717143587141.png\",\"contentUrl\":\"https:\\\/\\\/arbrea-labs.com\\\/wp-content\\\/uploads\\\/2024\\\/05\\\/122-1-e1717143587141.png\",\"width\":1207,\"height\":1408,\"caption\":\"Lindapp lead generator\"},{\"@type\":\"BreadcrumbList\",\"@id\":\"https:\\\/\\\/arbrea-labs.com\\\/imprint\\\/#breadcrumb\",\"itemListElement\":[{\"@type\":\"ListItem\",\"position\":1,\"name\":\"Home\",\"item\":\"https:\\\/\\\/arbrea-labs.com\\\/\"},{\"@type\":\"ListItem\",\"position\":2,\"name\":\"Imprint\"}]},{\"@type\":\"WebSite\",\"@id\":\"https:\\\/\\\/arbrea-labs.com\\\/#website\",\"url\":\"https:\\\/\\\/arbrea-labs.com\\\/\",\"name\":\"Arbrea Labs\",\"description\":\"Augmented Reality &amp; 3D Solutions for Aesthetics\",\"publisher\":{\"@id\":\"https:\\\/\\\/arbrea-labs.com\\\/#organization\"},\"alternateName\":\"Arbrea\",\"potentialAction\":[{\"@type\":\"SearchAction\",\"target\":{\"@type\":\"EntryPoint\",\"urlTemplate\":\"https:\\\/\\\/arbrea-labs.com\\\/?s={search_term_string}\"},\"query-input\":{\"@type\":\"PropertyValueSpecification\",\"valueRequired\":true,\"valueName\":\"search_term_string\"}}],\"inLanguage\":\"it-IT\"},{\"@type\":\"Organization\",\"@id\":\"https:\\\/\\\/arbrea-labs.com\\\/#organization\",\"name\":\"Arbrea Labs\",\"alternateName\":\"Arbrea\",\"url\":\"https:\\\/\\\/arbrea-labs.com\\\/\",\"logo\":{\"@type\":\"ImageObject\",\"inLanguage\":\"it-IT\",\"@id\":\"https:\\\/\\\/arbrea-labs.com\\\/#\\\/schema\\\/logo\\\/image\\\/\",\"url\":\"https:\\\/\\\/arbrea-labs.com\\\/wp-content\\\/uploads\\\/2022\\\/01\\\/logo_arbrea_LABS-01-1-e1641392734450.png\",\"contentUrl\":\"https:\\\/\\\/arbrea-labs.com\\\/wp-content\\\/uploads\\\/2022\\\/01\\\/logo_arbrea_LABS-01-1-e1641392734450.png\",\"width\":2000,\"height\":750,\"caption\":\"Arbrea Labs\"},\"image\":{\"@id\":\"https:\\\/\\\/arbrea-labs.com\\\/#\\\/schema\\\/logo\\\/image\\\/\"},\"sameAs\":[\"https:\\\/\\\/www.facebook.com\\\/arbrealabs\",\"https:\\\/\\\/www.instagram.com\\\/arbrealabs\\\/\",\"https:\\\/\\\/www.linkedin.com\\\/company\\\/arbrea-labs-ag\\\/\",\"https:\\\/\\\/www.youtube.com\\\/channel\\\/UCbHN9gofXJv8rMAHcAguTcg\"],\"description\":\"Arbrea Labs leads the way in blending advanced AI technology with personalized healthcare. Our fast, simple and safe Augmented Reality & 3D simulators optimize consultations, saving time and enhancing patient education. Meanwhile, our AR-driven marketing booster enhances patient journeys, maximizing marketing ROI and fostering efficient lead generation. Join us as we shape the future of aesthetic healthcare.\",\"email\":\"info@arbrea-labs.com\",\"legalName\":\"Arbrea Labs AG\",\"foundingDate\":\"2018-03-04\",\"vatID\":\"CHE-292.633.177\",\"numberOfEmployees\":{\"@type\":\"QuantitativeValue\",\"minValue\":\"11\",\"maxValue\":\"50\"}}]}<\/script>\n<!-- \/ Yoast SEO Premium plugin. -->","yoast_head_json":{"title":"Impronta - Laboratori Arbrea","description":"Trova le informazioni essenziali su Arbrea Labs, compresi i dati aziendali, le informazioni di contatto e le informazioni legali. Visitate la nostra pagina Imprint per informazioni complete sulla trasparenza e la conformit\u00e0.","robots":{"index":"index","follow":"follow","max-snippet":"max-snippet:-1","max-image-preview":"max-image-preview:large","max-video-preview":"max-video-preview:-1"},"canonical":"https:\/\/arbrea-labs.com\/it\/impronta\/","og_locale":"it_IT","og_type":"article","og_title":"Imprint","og_description":"Find essential information about Arbrea Labs, including company details, contact information, and legal disclosures. Visit our Imprint page for full transparency and compliance information.","og_url":"https:\/\/arbrea-labs.com\/it\/impronta\/","og_site_name":"Arbrea Labs","article_publisher":"https:\/\/www.facebook.com\/arbrealabs","article_modified_time":"2024-07-17T17:32:38+00:00","og_image":[{"width":878,"height":1024,"url":"https:\/\/arbrea-labs.com\/wp-content\/uploads\/2024\/05\/122-1-e1717143587141-878x1024.png","type":"image\/png"}],"twitter_card":"summary_large_image","twitter_misc":{"Tempo di lettura stimato":"3 minuti"},"schema":{"@context":"https:\/\/schema.org","@graph":[{"@type":"WebPage","@id":"https:\/\/arbrea-labs.com\/imprint\/","url":"https:\/\/arbrea-labs.com\/imprint\/","name":"Impronta - Laboratori Arbrea","isPartOf":{"@id":"https:\/\/arbrea-labs.com\/#website"},"primaryImageOfPage":{"@id":"https:\/\/arbrea-labs.com\/imprint\/#primaryimage"},"image":{"@id":"https:\/\/arbrea-labs.com\/imprint\/#primaryimage"},"thumbnailUrl":"https:\/\/arbrea-labs.com\/wp-content\/uploads\/2024\/05\/122-1-e1717143587141.png","datePublished":"2022-11-09T08:28:12+00:00","dateModified":"2024-07-17T17:32:38+00:00","description":"Trova le informazioni essenziali su Arbrea Labs, compresi i dati aziendali, le informazioni di contatto e le informazioni legali. Visitate la nostra pagina Imprint per informazioni complete sulla trasparenza e la conformit\u00e0.","breadcrumb":{"@id":"https:\/\/arbrea-labs.com\/imprint\/#breadcrumb"},"inLanguage":"it-IT","potentialAction":[{"@type":"ReadAction","target":["https:\/\/arbrea-labs.com\/imprint\/"]}]},{"@type":"ImageObject","inLanguage":"it-IT","@id":"https:\/\/arbrea-labs.com\/imprint\/#primaryimage","url":"https:\/\/arbrea-labs.com\/wp-content\/uploads\/2024\/05\/122-1-e1717143587141.png","contentUrl":"https:\/\/arbrea-labs.com\/wp-content\/uploads\/2024\/05\/122-1-e1717143587141.png","width":1207,"height":1408,"caption":"Lindapp lead generator"},{"@type":"BreadcrumbList","@id":"https:\/\/arbrea-labs.com\/imprint\/#breadcrumb","itemListElement":[{"@type":"ListItem","position":1,"name":"Home","item":"https:\/\/arbrea-labs.com\/"},{"@type":"ListItem","position":2,"name":"Imprint"}]},{"@type":"WebSite","@id":"https:\/\/arbrea-labs.com\/#website","url":"https:\/\/arbrea-labs.com\/","name":"Laboratori Arbrea","description":"Soluzioni di realt\u00e0 aumentata e 3D per l'estetica","publisher":{"@id":"https:\/\/arbrea-labs.com\/#organization"},"alternateName":"Arbrea","potentialAction":[{"@type":"SearchAction","target":{"@type":"EntryPoint","urlTemplate":"https:\/\/arbrea-labs.com\/?s={search_term_string}"},"query-input":{"@type":"PropertyValueSpecification","valueRequired":true,"valueName":"search_term_string"}}],"inLanguage":"it-IT"},{"@type":"Organization","@id":"https:\/\/arbrea-labs.com\/#organization","name":"Laboratori Arbrea","alternateName":"Arbrea","url":"https:\/\/arbrea-labs.com\/","logo":{"@type":"ImageObject","inLanguage":"it-IT","@id":"https:\/\/arbrea-labs.com\/#\/schema\/logo\/image\/","url":"https:\/\/arbrea-labs.com\/wp-content\/uploads\/2022\/01\/logo_arbrea_LABS-01-1-e1641392734450.png","contentUrl":"https:\/\/arbrea-labs.com\/wp-content\/uploads\/2022\/01\/logo_arbrea_LABS-01-1-e1641392734450.png","width":2000,"height":750,"caption":"Arbrea Labs"},"image":{"@id":"https:\/\/arbrea-labs.com\/#\/schema\/logo\/image\/"},"sameAs":["https:\/\/www.facebook.com\/arbrealabs","https:\/\/www.instagram.com\/arbrealabs\/","https:\/\/www.linkedin.com\/company\/arbrea-labs-ag\/","https:\/\/www.youtube.com\/channel\/UCbHN9gofXJv8rMAHcAguTcg"],"description":"Arbrea Labs \u00e8 all'avanguardia nella fusione tra tecnologia AI avanzata e assistenza sanitaria personalizzata. I nostri simulatori di Realt\u00e0 Aumentata e 3D, veloci, semplici e sicuri, ottimizzano le consultazioni, facendo risparmiare tempo e migliorando l'educazione dei pazienti. Nel frattempo, il nostro marketing guidato dall'AR migliora il percorso del paziente, massimizzando il ROI del marketing e favorendo un'efficiente lead generation. Unitevi a noi nel plasmare il futuro dell'assistenza sanitaria estetica.","email":"info@arbrea-labs.com","legalName":"Arbrea Labs AG","foundingDate":"2018-03-04","vatID":"CHE-292.633.177","numberOfEmployees":{"@type":"QuantitativeValue","minValue":"11","maxValue":"50"}}]}},"_links":{"self":[{"href":"https:\/\/arbrea-labs.com\/it\/wp-json\/wp\/v2\/pages\/18655","targetHints":{"allow":["GET"]}}],"collection":[{"href":"https:\/\/arbrea-labs.com\/it\/wp-json\/wp\/v2\/pages"}],"about":[{"href":"https:\/\/arbrea-labs.com\/it\/wp-json\/wp\/v2\/types\/page"}],"author":[{"embeddable":true,"href":"https:\/\/arbrea-labs.com\/it\/wp-json\/wp\/v2\/users\/1"}],"replies":[{"embeddable":true,"href":"https:\/\/arbrea-labs.com\/it\/wp-json\/wp\/v2\/comments?post=18655"}],"version-history":[{"count":0,"href":"https:\/\/arbrea-labs.com\/it\/wp-json\/wp\/v2\/pages\/18655\/revisions"}],"wp:featuredmedia":[{"embeddable":true,"href":"https:\/\/arbrea-labs.com\/it\/wp-json\/wp\/v2\/media\/26528"}],"wp:attachment":[{"href":"https:\/\/arbrea-labs.com\/it\/wp-json\/wp\/v2\/media?parent=18655"}],"curies":[{"name":"wp","href":"https:\/\/api.w.org\/{rel}","templated":true}]}}