{"id":18354,"date":"2022-09-15T07:29:52","date_gmt":"2022-09-15T07:29:52","guid":{"rendered":"https:\/\/arbrea-labs.com\/?page_id=18354"},"modified":"2026-04-03T06:57:39","modified_gmt":"2026-04-03T04:57:39","slug":"direttore-vendite","status":"publish","type":"page","link":"https:\/\/arbrea-labs.com\/it\/sales-executive\/","title":{"rendered":"Direttore vendite"},"content":{"rendered":"<div id=\"fws_69fcbc3d3a241\"  data-column-margin=\"default\" data-midnight=\"light\" data-top-percent=\"2%\" data-bottom-percent=\"2%\"  class=\"wpb_row vc_row-fluid vc_row full-width-section\"  style=\"padding-top: calc(100vw * 0.02); padding-bottom: calc(100vw * 0.02); \"><div class=\"row-bg-wrap\" data-bg-animation=\"none\" data-bg-animation-delay=\"\" data-bg-overlay=\"true\"><div class=\"inner-wrap row-bg-layer using-image\" ><div class=\"row-bg viewport-desktop using-image lazyload\" style=\"background-image: url(https:\/\/arbrea-labs.com\/wp-includes\/images\/blank.gif);background-position: center center;background-repeat: no-repeat;\" data-background-image=\"https:\/\/arbrea-labs.com\/wp-content\/uploads\/2025\/02\/pexels-mikhail-nilov-6592684-scaled.jpg\"><\/div><\/div><div class=\"row-bg-overlay row-bg-layer\" style=\"background-color:#0c0c0c;  opacity: 0.3; \"><\/div><\/div><div class=\"row_col_wrap_12 col span_12 light left\">\n\t<div  class=\"vc_col-sm-2 wpb_column column_container vc_column_container col no-extra-padding inherit_tablet inherit_phone flex_gap_desktop_10px\"  data-padding-pos=\"all\" data-has-bg-color=\"false\" data-bg-color=\"\" data-bg-opacity=\"1\" data-animation=\"\" data-delay=\"0\" >\n\t\t<div class=\"vc_column-inner\" >\n\t\t\t<div class=\"wpb_wrapper\">\n\t\t\t\t\n\t\t\t<\/div> \n\t\t<\/div>\n\t<\/div> \n\n\t<div  class=\"vc_col-sm-8 wpb_column column_container vc_column_container col centered-text has-animation no-extra-padding inherit_tablet inherit_phone flex_gap_desktop_10px\"  data-padding-pos=\"all\" data-has-bg-color=\"false\" data-bg-color=\"\" data-bg-opacity=\"1\" data-animation=\"zoom-out\" data-delay=\"0\" >\n\t\t<div class=\"vc_column-inner\" >\n\t\t\t<div class=\"wpb_wrapper\">\n\t\t\t\t<h4 style=\"font-size: 20px;color: rgba(255,255,255,0.7);line-height: 36px;text-align: center;font-family:Roboto;font-weight:500;font-style:normal\" class=\"vc_custom_heading vc_do_custom_heading vc_custom_1739894927271\" >Unisciti al nostro team di vendita<\/h4><h1 style=\"font-size: 83px;line-height: 98px;text-align: center;font-family:Roboto;font-weight:;font-style:\" class=\"vc_custom_heading vc_do_custom_heading vc_custom_1764670644637\" >Rappresentante junior per lo sviluppo delle vendite<\/h1>\n\t\t\t<\/div> \n\t\t<\/div>\n\t<\/div> \n\n\t<div  class=\"vc_col-sm-2 wpb_column column_container vc_column_container col no-extra-padding inherit_tablet inherit_phone flex_gap_desktop_10px\"  data-padding-pos=\"all\" data-has-bg-color=\"false\" data-bg-color=\"\" data-bg-opacity=\"1\" data-animation=\"\" data-delay=\"0\" >\n\t\t<div class=\"vc_column-inner\" >\n\t\t\t<div class=\"wpb_wrapper\">\n\t\t\t\t\n\t\t\t<\/div> \n\t\t<\/div>\n\t<\/div> \n<\/div><\/div>\n\t\t<div id=\"fws_69fcbc3d3a865\"  data-column-margin=\"default\" data-midnight=\"dark\" data-top-percent=\"3%\"  class=\"wpb_row vc_row-fluid vc_row\"  style=\"padding-top: calc(100vw * 0.03); padding-bottom: 0px; \"><div class=\"row-bg-wrap\" data-bg-animation=\"none\" data-bg-animation-delay=\"\" data-bg-overlay=\"false\"><div class=\"inner-wrap row-bg-layer\" ><div class=\"row-bg viewport-desktop\"  style=\"\"><\/div><\/div><\/div><div class=\"row_col_wrap_12 col span_12 dark left\">\n\t<div  class=\"vc_col-sm-12 wpb_column column_container vc_column_container col no-extra-padding inherit_tablet inherit_phone flex_gap_desktop_10px\"  data-padding-pos=\"all\" data-has-bg-color=\"false\" data-bg-color=\"\" data-bg-opacity=\"1\" data-animation=\"\" data-delay=\"0\" >\n\t\t<div class=\"vc_column-inner\" >\n\t\t\t<div class=\"wpb_wrapper\">\n\t\t\t\t\n<div class=\"wpb_text_column wpb_content_element\" >\n\t<h2><\/h2>\n<p><strong>Stiamo reclutando!<\/strong><\/p>\n<p><strong>Si prega di leggere attentamente e di seguire con precisione la procedura di candidatura. Non valuteremo i candidati che non seguiranno con precisione la procedura descritta.<\/strong><\/p>\n<p><strong>Il tuo profilo non corrisponde perfettamente ai nostri requisiti? Se ritieni che la tua mentalit\u00e0 lo faccia, dimostraci il contrario stupendoci nel processo!<\/strong><\/p>\n<p><strong>Chi siamo?<\/strong><\/p>\n<p>Arbrea Labs \u00e8 una startup svizzera e uno spin-off del Politecnico federale di Zurigo (ETH). Stiamo sviluppando una tecnologia AI e AR all'avanguardia per la creazione di avatar umani digitali da dispositivi mobili. Ci siamo concentrati sulla pre-visualizzazione della chirurgia ricostruttiva ed estetica del seno e abbiamo prodotto con orgoglio strumenti di Realt\u00e0 Aumentata in tempo reale per pre-visualizzare interventi di chirurgia estetica, plastica e ricostruttiva e procedure non invasive, sia per i chirurghi che per i pazienti.<\/p>\n<p>Arbrea Labs comprende un team dinamico e in rapida crescita, composto da validi ingegneri di ricerca e sviluppo, partner commerciali e digital marketer.<\/p>\n<p><strong>Il nostro manifesto:<\/strong><\/p>\n<p>Crediamo che la tecnologia sia una risorsa enorme per il mondo, ma deve essere veloce, semplice e sicura da usare. Portiamo questo concetto nel mercato estetico offrendo strumenti da cui sia i pazienti che i professionisti possono trarre pieno beneficio senza complicazioni.<\/p>\n<p>Crediamo anche che nulla possa essere fatto senza passione umana, trasparenza onesta, la giusta mentalit\u00e0 e atteggiamento e stiamo cercando candidati che condividano i nostri valori fondamentali.<\/p>\n<p><strong>Il nostro progetto:<\/strong><\/p>\n<p>Attualmente siamo in piena fase di espansione, quindi stiamo cercando di ampliare la nostra copertura territoriale e di trovare i migliori professionisti delle vendite per integrare il nostro team e diventare figure chiave nell'espansione di Arbrea.<\/p>\n<p>Sarete un elemento cruciale del team sul campo e prenderete parte a questa rivoluzione creando un nuovo mercato e mantenendo il vostro portafoglio, essendo responsabili dell'assistenza ai clienti e dirigendo i vostri sforzi al fine di avere il massimo impatto complessivo sui risultati dell'azienda.<\/p>\n<p><strong>La vostra sfida:&nbsp;<\/strong><\/p>\n<ul class=\"e1c45ffe _21bfc4c1\">\n<li>Stimolare la crescita delle vendite e massimizzare il volume e i profitti.<\/li>\n<li>Identificare nuovi ambasciatori aziendali e KOL nella community<\/li>\n<li>Tracciare gli obiettivi di vendita relativi ai KPI stabiliti<\/li>\n<li>Seguito della strategia aziendale in termini di vendite dirette, eventi e nuove partnership<\/li>\n<li>Rivedere la portata degli obiettivi dell'area assegnata, analizzare i risultati di business e realizzare azioni agili.<\/li>\n<li>Perseguire opportunit\u00e0 di business e crescita organizzando te stesso e il tuo tempo secondo le linee guida aziendali<\/li>\n<li>Monitorare, analizzare e seguire costantemente le vendite rispetto al budget.<\/li>\n<li>Monitorare e valutare l'utilizzo del cliente fornendo regolarmente feedback e supporto.<\/li>\n<li>Condividere esempi di successo, casi aziendali e nuove attivit\u00e0 di successo.<\/li>\n<li>Prendete l'iniziativa di migliorare la conoscenza dei prodotti interagendo onestamente con i vostri clienti e fornendo la migliore assistenza possibile.<\/li>\n<li>Creare fiducia e mantenere sempre le promesse<\/li>\n<li>Assicurare l'applicazione delle procedure, delle politiche, dei requisiti legali e degli standard etici, per garantire la protezione del patrimonio aziendale.<\/li>\n<li>Fornire supporto, formazione onboarding e marketing ai clienti<\/li>\n<li>Raggiungere gli obiettivi nella propria area e fornire il miglior valore e mantenere il livello di servizio.<\/li>\n<\/ul>\n<p><strong>Questo ruolo \u00e8 perfetto se:<\/strong><\/p>\n<ul class=\"e1c45ffe _21bfc4c1\">\n<li>Avere a cuore la nostra missione e vederla come un problema \"personale\" da risolvere professionalmente.<\/li>\n<li>Istruzione di base obbligatoria. Laurea triennale - desiderata, non obbligatoria<\/li>\n<li>+2 anni di esperienza in una posizione di Vendita (idealmente nel settore Medico). Forti capacit\u00e0 analitiche<\/li>\n<li>Precedente esperienza nel settore Vendite e\/o Marketing sar\u00e0 un plus gradito.<\/li>\n<li>Ottime capacit\u00e0 di negoziazione e di costruzione di relazioni.<\/li>\n<li>Una persona orientata ai risultati e alle prestazioni con una forte mentalit\u00e0 incentrata sul consumatore.<\/li>\n<li>Flessibilit\u00e0 e adattabilit\u00e0 per operare in aree grigie che non sono ancora state assegnate a un particolare dipartimento.<\/li>\n<li><strong>Fluente in portoghese e inglese avanzato, o completamente fluente in entrambi<\/strong><\/li>\n<li>Competenze tecnologiche avanzate con strumenti di base - un plus.<\/li>\n<li>L'esperienza precedente nel settore della chirurgia plastica \u00e8 un enorme vantaggio.<\/li>\n<li><strong>La giusta mentalit\u00e0 e una buona atmosfera - Obbligatorio.<\/strong><\/li>\n<\/ul>\n<p><strong>Vantaggi di Arbrea Life<\/strong><\/p>\n<p>Rendere questo mondo un posto migliore \u00e8 un lavoro duro, perci\u00f2 sosteniamo il nostro Dream Team con:<\/p>\n<ul class=\"e1c45ffe _21bfc4c1\">\n<li>Sviluppo professionale illimitato in una delle aziende in pi\u00f9 rapida crescita in questa categoria.<\/li>\n<li>Una cultura della libert\u00e0, della responsabilit\u00e0 e dell'onest\u00e0 radicale<\/li>\n<li>Un ambiente imprenditoriale che incoraggia l'innovazione<\/li>\n<li>Un ambiente globale con colleghi in tutto il mondo<\/li>\n<li>Un ambiente di lavoro flessibile<\/li>\n<li>Premi extra al raggiungimento degli obiettivi<\/li>\n<li>Posizione remota completa<\/li>\n<li>Rimborso per viaggi o visite ai clienti<\/li>\n<li>Condizioni economiche estremamente competitive<\/li>\n<li>I pi\u00f9 recenti dispositivi informatici per lavorare<\/li>\n<\/ul>\n<p><strong>Condizioni salariali<\/strong><\/p>\n<ul class=\"e1c45ffe _21bfc4c1\">\n<li>Periodo di prova iniziale di sei mesi con un pacchetto di commissioni e bonus molto interessante.<\/li>\n<li>Dopo sei mesi stipendio fisso pi\u00f9 bonus, tutto discusso e concordato prima dell'inizio.<\/li>\n<li>Obiettivi e benefici mensili extra.<\/li>\n<li>Possibilit\u00e0 di investimenti per l'istruzione e ESOP (da discutere).<\/li>\n<\/ul>\n<p><strong>Vantaggi di Arbrea Life<\/strong><\/p>\n<p>Come candidarsi:<\/p>\n<ol class=\"e1c45ffe _653173c6\">\n<li>Leggete questo post con calma e non abbiate fretta.<\/li>\n<li>Clicca sul link e fai domanda sul nostro sito web<\/li>\n<\/ol>\n<p><strong>Dichiarazione sulla diversit\u00e0 e l'inclusione<\/strong><\/p>\n<p>La diversit\u00e0 e l'inclusione sono importanti per noi e lavoriamo costantemente per migliorare questi aspetti. In Arbrea non ci limitiamo ad accettare le nostre differenze, ma le sosteniamo e le celebriamo pienamente.<\/p>\n<p>Ci impegniamo a garantire pari opportunit\u00e0 di lavoro indipendentemente da razza, colore, origini, religione, sesso, origine nazionale, orientamento sessuale, et\u00e0, cittadinanza, stato civile, disabilit\u00e0, sesso, identit\u00e0 o espressione di genere.<\/p>\n<\/div>\n\n\n\n\n\t\t\t<\/div> \n\t\t<\/div>\n\t<\/div> \n<\/div><\/div>\n\t\t<div id=\"fws_69fcbc3d3b061\"  data-column-margin=\"default\" data-midnight=\"dark\"  class=\"wpb_row vc_row-fluid vc_row\"  style=\"padding-top: 0px; padding-bottom: 0px; \"><div class=\"row-bg-wrap\" data-bg-animation=\"none\" data-bg-animation-delay=\"\" data-bg-overlay=\"false\"><div class=\"inner-wrap row-bg-layer\" ><div class=\"row-bg viewport-desktop\"  style=\"\"><\/div><\/div><\/div><div class=\"row_col_wrap_12 col span_12 dark left\">\n\t<div  class=\"vc_col-sm-12 wpb_column column_container vc_column_container col no-extra-padding inherit_tablet inherit_phone flex_gap_desktop_10px\"  data-padding-pos=\"all\" data-has-bg-color=\"false\" data-bg-color=\"\" data-bg-opacity=\"1\" data-animation=\"\" data-delay=\"0\" >\n\t\t<div class=\"vc_column-inner\" >\n\t\t\t<div class=\"wpb_wrapper\">\n\t\t\t\t\n\t<div class=\"wpb_raw_code wpb_raw_html wpb_content_element\" >\n\t\t<div class=\"wpb_wrapper\">\n\t\t\t<div data-tf-live=\"01HHMF95H0H69J77FJZEC6SK4V\"><\/div><script src=\"\/\/embed.typeform.com\/next\/embed.js\"><\/script>\n\t\t<\/div>\n\t<\/div>\n\n\t\t\t<\/div> \n\t\t<\/div>\n\t<\/div> \n<\/div><\/div><!-- \/wp:post-content -->","protected":false},"excerpt":{"rendered":"Unisciti al nostro team di venditaJunior Sales Development Representative Stiamo reclutando! Si prega di leggere attentamente e di seguire con precisione il processo di candidatura. Non valuteremo i candidati che...","protected":false},"author":1,"featured_media":0,"parent":0,"menu_order":0,"comment_status":"closed","ping_status":"closed","template":"","meta":{"footnotes":""},"class_list":["post-18354","page","type-page","status-publish"],"yoast_head":"<!-- This site is optimized with the Yoast SEO Premium plugin v27.3 (Yoast SEO v27.5) - https:\/\/yoast.com\/product\/yoast-seo-premium-wordpress\/ -->\n<title>Sales Executive: Join Our Exciting Team Today<\/title>\n<meta name=\"description\" content=\"Start your journey with Arbrea Labs as a Sales Executive. Help revolutionize the future of surgery with innovative technology.\" \/>\n<meta name=\"robots\" content=\"index, follow, max-snippet:-1, max-image-preview:large, max-video-preview:-1\" \/>\n<link rel=\"canonical\" href=\"https:\/\/arbrea-labs.com\/it\/direttore-vendite\/\" \/>\n<meta property=\"og:locale\" content=\"it_IT\" \/>\n<meta property=\"og:type\" content=\"article\" \/>\n<meta property=\"og:title\" content=\"Sales Executive\" \/>\n<meta property=\"og:description\" content=\"Start your journey with Arbrea Labs as a Sales Executive. Help revolutionize the future of surgery with innovative technology.\" \/>\n<meta property=\"og:url\" content=\"https:\/\/arbrea-labs.com\/it\/direttore-vendite\/\" \/>\n<meta property=\"og:site_name\" content=\"Arbrea Labs\" \/>\n<meta property=\"article:publisher\" content=\"https:\/\/www.facebook.com\/arbrealabs\" \/>\n<meta property=\"article:modified_time\" content=\"2026-04-03T04:57:39+00:00\" \/>\n<meta name=\"twitter:card\" content=\"summary_large_image\" \/>\n<meta name=\"twitter:label1\" content=\"Tempo di lettura stimato\" \/>\n\t<meta name=\"twitter:data1\" content=\"4 minuti\" \/>\n<script type=\"application\/ld+json\" class=\"yoast-schema-graph\">{\"@context\":\"https:\\\/\\\/schema.org\",\"@graph\":[{\"@type\":\"WebPage\",\"@id\":\"https:\\\/\\\/arbrea-labs.com\\\/sales-executive\\\/\",\"url\":\"https:\\\/\\\/arbrea-labs.com\\\/sales-executive\\\/\",\"name\":\"Sales Executive: Join Our Exciting Team Today\",\"isPartOf\":{\"@id\":\"https:\\\/\\\/arbrea-labs.com\\\/#website\"},\"datePublished\":\"2022-09-15T07:29:52+00:00\",\"dateModified\":\"2026-04-03T04:57:39+00:00\",\"description\":\"Start your journey with Arbrea Labs as a Sales Executive. Help revolutionize the future of surgery with innovative technology.\",\"breadcrumb\":{\"@id\":\"https:\\\/\\\/arbrea-labs.com\\\/sales-executive\\\/#breadcrumb\"},\"inLanguage\":\"it-IT\",\"potentialAction\":[{\"@type\":\"ReadAction\",\"target\":[\"https:\\\/\\\/arbrea-labs.com\\\/sales-executive\\\/\"]}]},{\"@type\":\"BreadcrumbList\",\"@id\":\"https:\\\/\\\/arbrea-labs.com\\\/sales-executive\\\/#breadcrumb\",\"itemListElement\":[{\"@type\":\"ListItem\",\"position\":1,\"name\":\"Home\",\"item\":\"https:\\\/\\\/arbrea-labs.com\\\/\"},{\"@type\":\"ListItem\",\"position\":2,\"name\":\"Sales Executive\"}]},{\"@type\":\"WebSite\",\"@id\":\"https:\\\/\\\/arbrea-labs.com\\\/#website\",\"url\":\"https:\\\/\\\/arbrea-labs.com\\\/\",\"name\":\"Arbrea Labs\",\"description\":\"Augmented Reality &amp; 3D Solutions for Aesthetics\",\"publisher\":{\"@id\":\"https:\\\/\\\/arbrea-labs.com\\\/#organization\"},\"alternateName\":\"Arbrea\",\"potentialAction\":[{\"@type\":\"SearchAction\",\"target\":{\"@type\":\"EntryPoint\",\"urlTemplate\":\"https:\\\/\\\/arbrea-labs.com\\\/?s={search_term_string}\"},\"query-input\":{\"@type\":\"PropertyValueSpecification\",\"valueRequired\":true,\"valueName\":\"search_term_string\"}}],\"inLanguage\":\"it-IT\"},{\"@type\":\"Organization\",\"@id\":\"https:\\\/\\\/arbrea-labs.com\\\/#organization\",\"name\":\"Arbrea Labs\",\"alternateName\":\"Arbrea\",\"url\":\"https:\\\/\\\/arbrea-labs.com\\\/\",\"logo\":{\"@type\":\"ImageObject\",\"inLanguage\":\"it-IT\",\"@id\":\"https:\\\/\\\/arbrea-labs.com\\\/#\\\/schema\\\/logo\\\/image\\\/\",\"url\":\"https:\\\/\\\/arbrea-labs.com\\\/wp-content\\\/uploads\\\/2022\\\/01\\\/logo_arbrea_LABS-01-1-e1641392734450.png\",\"contentUrl\":\"https:\\\/\\\/arbrea-labs.com\\\/wp-content\\\/uploads\\\/2022\\\/01\\\/logo_arbrea_LABS-01-1-e1641392734450.png\",\"width\":2000,\"height\":750,\"caption\":\"Arbrea Labs\"},\"image\":{\"@id\":\"https:\\\/\\\/arbrea-labs.com\\\/#\\\/schema\\\/logo\\\/image\\\/\"},\"sameAs\":[\"https:\\\/\\\/www.facebook.com\\\/arbrealabs\",\"https:\\\/\\\/www.instagram.com\\\/arbrealabs\\\/\",\"https:\\\/\\\/www.linkedin.com\\\/company\\\/arbrea-labs-ag\\\/\",\"https:\\\/\\\/www.youtube.com\\\/channel\\\/UCbHN9gofXJv8rMAHcAguTcg\"],\"description\":\"Arbrea Labs leads the way in blending advanced AI technology with personalized healthcare. Our fast, simple and safe Augmented Reality & 3D simulators optimize consultations, saving time and enhancing patient education. Meanwhile, our AR-driven marketing booster enhances patient journeys, maximizing marketing ROI and fostering efficient lead generation. Join us as we shape the future of aesthetic healthcare.\",\"email\":\"info@arbrea-labs.com\",\"legalName\":\"Arbrea Labs AG\",\"foundingDate\":\"2018-03-04\",\"vatID\":\"CHE-292.633.177\",\"numberOfEmployees\":{\"@type\":\"QuantitativeValue\",\"minValue\":\"11\",\"maxValue\":\"50\"}}]}<\/script>\n<!-- \/ Yoast SEO Premium plugin. -->","yoast_head_json":{"title":"Sales Executive: Unisciti alla Nostra Entusiasmante Squadra Oggi","description":"Inizia il tuo viaggio con Arbrea Labs come Sales Executive. Aiuta a rivoluzionare il futuro della chirurgia con tecnologie innovative.","robots":{"index":"index","follow":"follow","max-snippet":"max-snippet:-1","max-image-preview":"max-image-preview:large","max-video-preview":"max-video-preview:-1"},"canonical":"https:\/\/arbrea-labs.com\/it\/direttore-vendite\/","og_locale":"it_IT","og_type":"article","og_title":"Sales Executive","og_description":"Start your journey with Arbrea Labs as a Sales Executive. Help revolutionize the future of surgery with innovative technology.","og_url":"https:\/\/arbrea-labs.com\/it\/direttore-vendite\/","og_site_name":"Arbrea Labs","article_publisher":"https:\/\/www.facebook.com\/arbrealabs","article_modified_time":"2026-04-03T04:57:39+00:00","twitter_card":"summary_large_image","twitter_misc":{"Tempo di lettura stimato":"4 minuti"},"schema":{"@context":"https:\/\/schema.org","@graph":[{"@type":"WebPage","@id":"https:\/\/arbrea-labs.com\/sales-executive\/","url":"https:\/\/arbrea-labs.com\/sales-executive\/","name":"Sales Executive: Unisciti alla Nostra Entusiasmante Squadra Oggi","isPartOf":{"@id":"https:\/\/arbrea-labs.com\/#website"},"datePublished":"2022-09-15T07:29:52+00:00","dateModified":"2026-04-03T04:57:39+00:00","description":"Inizia il tuo viaggio con Arbrea Labs come Sales Executive. Aiuta a rivoluzionare il futuro della chirurgia con tecnologie innovative.","breadcrumb":{"@id":"https:\/\/arbrea-labs.com\/sales-executive\/#breadcrumb"},"inLanguage":"it-IT","potentialAction":[{"@type":"ReadAction","target":["https:\/\/arbrea-labs.com\/sales-executive\/"]}]},{"@type":"BreadcrumbList","@id":"https:\/\/arbrea-labs.com\/sales-executive\/#breadcrumb","itemListElement":[{"@type":"ListItem","position":1,"name":"Home","item":"https:\/\/arbrea-labs.com\/"},{"@type":"ListItem","position":2,"name":"Sales Executive"}]},{"@type":"WebSite","@id":"https:\/\/arbrea-labs.com\/#website","url":"https:\/\/arbrea-labs.com\/","name":"Laboratori Arbrea","description":"Soluzioni di realt\u00e0 aumentata e 3D per l'estetica","publisher":{"@id":"https:\/\/arbrea-labs.com\/#organization"},"alternateName":"Arbrea","potentialAction":[{"@type":"SearchAction","target":{"@type":"EntryPoint","urlTemplate":"https:\/\/arbrea-labs.com\/?s={search_term_string}"},"query-input":{"@type":"PropertyValueSpecification","valueRequired":true,"valueName":"search_term_string"}}],"inLanguage":"it-IT"},{"@type":"Organization","@id":"https:\/\/arbrea-labs.com\/#organization","name":"Laboratori Arbrea","alternateName":"Arbrea","url":"https:\/\/arbrea-labs.com\/","logo":{"@type":"ImageObject","inLanguage":"it-IT","@id":"https:\/\/arbrea-labs.com\/#\/schema\/logo\/image\/","url":"https:\/\/arbrea-labs.com\/wp-content\/uploads\/2022\/01\/logo_arbrea_LABS-01-1-e1641392734450.png","contentUrl":"https:\/\/arbrea-labs.com\/wp-content\/uploads\/2022\/01\/logo_arbrea_LABS-01-1-e1641392734450.png","width":2000,"height":750,"caption":"Arbrea Labs"},"image":{"@id":"https:\/\/arbrea-labs.com\/#\/schema\/logo\/image\/"},"sameAs":["https:\/\/www.facebook.com\/arbrealabs","https:\/\/www.instagram.com\/arbrealabs\/","https:\/\/www.linkedin.com\/company\/arbrea-labs-ag\/","https:\/\/www.youtube.com\/channel\/UCbHN9gofXJv8rMAHcAguTcg"],"description":"Arbrea Labs \u00e8 all'avanguardia nella fusione tra tecnologia AI avanzata e assistenza sanitaria personalizzata. I nostri simulatori di Realt\u00e0 Aumentata e 3D, veloci, semplici e sicuri, ottimizzano le consultazioni, facendo risparmiare tempo e migliorando l'educazione dei pazienti. Nel frattempo, il nostro marketing guidato dall'AR migliora il percorso del paziente, massimizzando il ROI del marketing e favorendo un'efficiente lead generation. Unitevi a noi nel plasmare il futuro dell'assistenza sanitaria estetica.","email":"info@arbrea-labs.com","legalName":"Arbrea Labs AG","foundingDate":"2018-03-04","vatID":"CHE-292.633.177","numberOfEmployees":{"@type":"QuantitativeValue","minValue":"11","maxValue":"50"}}]}},"_links":{"self":[{"href":"https:\/\/arbrea-labs.com\/it\/wp-json\/wp\/v2\/pages\/18354","targetHints":{"allow":["GET"]}}],"collection":[{"href":"https:\/\/arbrea-labs.com\/it\/wp-json\/wp\/v2\/pages"}],"about":[{"href":"https:\/\/arbrea-labs.com\/it\/wp-json\/wp\/v2\/types\/page"}],"author":[{"embeddable":true,"href":"https:\/\/arbrea-labs.com\/it\/wp-json\/wp\/v2\/users\/1"}],"replies":[{"embeddable":true,"href":"https:\/\/arbrea-labs.com\/it\/wp-json\/wp\/v2\/comments?post=18354"}],"version-history":[{"count":2,"href":"https:\/\/arbrea-labs.com\/it\/wp-json\/wp\/v2\/pages\/18354\/revisions"}],"predecessor-version":[{"id":55667,"href":"https:\/\/arbrea-labs.com\/it\/wp-json\/wp\/v2\/pages\/18354\/revisions\/55667"}],"wp:attachment":[{"href":"https:\/\/arbrea-labs.com\/it\/wp-json\/wp\/v2\/media?parent=18354"}],"curies":[{"name":"wp","href":"https:\/\/api.w.org\/{rel}","templated":true}]}}