{"id":17812,"date":"2022-05-19T15:55:06","date_gmt":"2022-05-19T15:55:06","guid":{"rendered":"https:\/\/arbrea-labs.com\/?post_type=product&#038;p=17812"},"modified":"2025-09-19T12:53:24","modified_gmt":"2025-09-19T10:53:24","slug":"arbrea-face-pro","status":"publish","type":"product","link":"https:\/\/arbrea-labs.com\/es\/product\/arbrea-face-pro\/","title":{"rendered":"Arbrea Rostro PRO"},"content":{"rendered":"<p data-start=\"175\" data-end=\"662\">Arbrea Face Pro es la soluci\u00f3n m\u00e1s avanzada para consultas faciales, que combina tecnolog\u00eda 3D, simulaciones basadas en IA y asistencia de primera calidad para ofrecer resultados extraordinarios. Dise\u00f1ada para iPhone y iPad, se integra a la perfecci\u00f3n con <strong data-start=\"395\" data-end=\"406\">Lindapp<\/strong> para atraer clientes potenciales cualificados y mejorar la participaci\u00f3n de los pacientes. Con servicios exclusivos como un kit de medios a medida y asistencia personalizada, Arbrea Face Pro permite a las cl\u00ednicas destacar a la vez que ofrecen consultas precisas, interactivas y orientadas a la conversi\u00f3n.<\/p>\n<h2 data-start=\"664\" data-end=\"681\">Caracter\u00edsticas principales<\/h2>\n<ul data-start=\"683\" data-end=\"1808\">\n<li data-start=\"683\" data-end=\"786\">\n<p data-start=\"685\" data-end=\"786\"><strong data-start=\"685\" data-end=\"701\">Medidas<\/strong><br data-start=\"701\" data-end=\"704\" \/>Mediciones faciales autom\u00e1ticas y precisas para una planificaci\u00f3n exacta del tratamiento.<\/p>\n<\/li>\n<li data-start=\"788\" data-end=\"896\">\n<p data-start=\"790\" data-end=\"896\"><strong data-start=\"790\" data-end=\"801\">IA facial<\/strong><br data-start=\"801\" data-end=\"804\" \/>Algoritmos inteligentes de IA para analizar, mejorar y optimizar los resultados de los tratamientos faciales.<\/p>\n<\/li>\n<li data-start=\"898\" data-end=\"1016\">\n<p data-start=\"900\" data-end=\"1016\"><strong data-start=\"900\" data-end=\"916\">Uso del iPhone<\/strong><br data-start=\"916\" data-end=\"919\" \/>Flexibilidad para ejecutar todas las funciones directamente desde el iPhone, lo que garantiza la comodidad y la movilidad.<\/p>\n<\/li>\n<li data-start=\"1018\" data-end=\"1153\">\n<p data-start=\"1020\" data-end=\"1153\"><strong data-start=\"1020\" data-end=\"1042\">Dossier de prensa a medida<\/strong><br data-start=\"1042\" data-end=\"1045\" \/>Materiales de comunicaci\u00f3n personalizados y dise\u00f1ados profesionalmente para mejorar la imagen de marca y la comunicaci\u00f3n de su cl\u00ednica.<\/p>\n<\/li>\n<li data-start=\"1155\" data-end=\"1275\">\n<p data-start=\"1157\" data-end=\"1275\"><strong data-start=\"1157\" data-end=\"1176\">Asistencia Premium<\/strong><br data-start=\"1176\" data-end=\"1179\" \/>Incorporaci\u00f3n prioritaria y asistencia experta continua para garantizar la mejor experiencia posible.<\/p>\n<\/li>\n<li data-start=\"1277\" data-end=\"1428\">\n<p data-start=\"1279\" data-end=\"1428\"><strong data-start=\"1279\" data-end=\"1302\">Integraci\u00f3n de Lindapp<\/strong><br data-start=\"1302\" data-end=\"1305\" \/>Con\u00e9ctese directamente con la aplicaci\u00f3n para pacientes de Arbrea para captar clientes potenciales cualificados, fomentar el inter\u00e9s de los pacientes y aumentar las conversiones.<\/p>\n<\/li>\n<li data-start=\"1430\" data-end=\"1558\">\n<p data-start=\"1432\" data-end=\"1558\"><strong data-start=\"1432\" data-end=\"1443\">Modo 3D<\/strong><br data-start=\"1443\" data-end=\"1446\" \/>Proporciona visualizaciones realistas en 3D de las transformaciones faciales, ofreciendo a los pacientes una vista previa clara y fiable.<\/p>\n<\/li>\n<li data-start=\"1560\" data-end=\"1677\">\n<p data-start=\"1562\" data-end=\"1677\"><strong data-start=\"1562\" data-end=\"1580\">Live Mirror AR<\/strong><br data-start=\"1580\" data-end=\"1583\" \/>Espejo de realidad aumentada en tiempo real para que los pacientes puedan visualizar los posibles resultados al instante.<\/p>\n<\/li>\n<li data-start=\"1679\" data-end=\"1808\">\n<p data-start=\"1681\" data-end=\"1808\"><strong data-start=\"1681\" data-end=\"1698\">Modo de imagen AR<\/strong><br data-start=\"1698\" data-end=\"1701\" \/>Aplique previsualizaciones de realidad aumentada en im\u00e1genes est\u00e1ticas para crear atractivas visualizaciones del antes y el despu\u00e9s.<\/p>\n<\/li>\n<\/ul>\n<h2 data-start=\"1810\" data-end=\"1842\">\u00bfPor qu\u00e9 elegir Arbrea Face Pro?<\/h2>\n<p data-start=\"1843\" data-end=\"2261\">Arbrea Face Pro est\u00e1 dise\u00f1ado para cl\u00ednicas que desean <strong data-start=\"1893\" data-end=\"1971\">lo mejor en tecnolog\u00eda, participaci\u00f3n de los pacientes y herramientas de crecimiento empresarial<\/strong>. Con Face AI, simulaciones en 3D, funciones de RA e integraci\u00f3n de Lindapp, va m\u00e1s all\u00e1 de la consulta para convertirse en un motor de crecimiento para su consulta. A\u00f1ada soporte premium y un kit de medios personalizado, y Arbrea Face Pro se convertir\u00e1 no solo en una herramienta cl\u00ednica, sino tambi\u00e9n en un activo estrat\u00e9gico para su \u00e9xito.<\/p>","protected":false},"excerpt":{"rendered":"<p><strong>La elecci\u00f3n profesional para las cl\u00ednicas dispuestas a combinar la tecnolog\u00eda punta con la participaci\u00f3n y el crecimiento de los pacientes.<\/strong><\/p>\n<ul>\n<li>Mediciones autom\u00e1ticas<\/li>\n<li>Herramienta de IA facial<\/li>\n<li>Uso del iPhone<\/li>\n<li>Dossier de prensa a medida<\/li>\n<li>Asistencia Premium<\/li>\n<li>Lindapp for Face - Aplicaci\u00f3n para pacientes para la generaci\u00f3n y conversi\u00f3n de clientes potenciales<\/li>\n<li>Modo 3D<\/li>\n<li>Live Mirror AR<\/li>\n<li>Modo de imagen AR<\/li>\n<\/ul>","protected":false},"featured_media":53810,"template":"","meta":[],"product_brand":[],"product_cat":[255],"product_tag":[],"class_list":{"0":"post-17812","1":"product","2":"type-product","3":"status-publish","4":"has-post-thumbnail","5":"product_cat-arbrea-face-tool","7":"first","8":"instock","9":"taxable","10":"shipping-taxable","11":"purchasable","12":"product-type-variable-subscription"},"yoast_head":"<!-- This site is optimized with the Yoast SEO Premium plugin v27.3 (Yoast SEO v27.4) - https:\/\/yoast.com\/product\/yoast-seo-premium-wordpress\/ -->\n<title>Arbrea Face PRO - Arbrea Labs<\/title>\n<meta name=\"description\" content=\"Arbrea Face PRO is an all-in-one AR &amp; 3D solution when when we talk about planning surgical or nonsurgical face procedures.\" \/>\n<meta name=\"robots\" content=\"index, follow, max-snippet:-1, max-image-preview:large, max-video-preview:-1\" \/>\n<link rel=\"canonical\" href=\"https:\/\/arbrea-labs.com\/es\/producto\/arbrea-face-pro\/\" \/>\n<meta property=\"og:locale\" content=\"es_ES\" \/>\n<meta property=\"og:type\" content=\"article\" \/>\n<meta property=\"og:title\" content=\"Arbrea Face PRO\" \/>\n<meta property=\"og:description\" content=\"Arbrea Face PRO is an all-in-one AR &amp; 3D solution when when we talk about planning surgical or nonsurgical face procedures.\" \/>\n<meta property=\"og:url\" content=\"https:\/\/arbrea-labs.com\/es\/producto\/arbrea-face-pro\/\" \/>\n<meta property=\"og:site_name\" content=\"Arbrea Labs\" \/>\n<meta property=\"article:publisher\" content=\"https:\/\/www.facebook.com\/arbrealabs\" \/>\n<meta property=\"article:modified_time\" content=\"2025-09-19T10:53:24+00:00\" \/>\n<meta property=\"og:image\" content=\"https:\/\/arbrea-labs.com\/wp-content\/uploads\/2022\/05\/11.png\" \/>\n\t<meta property=\"og:image:width\" content=\"1080\" \/>\n\t<meta property=\"og:image:height\" content=\"1080\" \/>\n\t<meta property=\"og:image:type\" content=\"image\/png\" \/>\n<meta name=\"twitter:card\" content=\"summary_large_image\" \/>\n<meta name=\"twitter:label1\" content=\"Tiempo de lectura\" \/>\n\t<meta name=\"twitter:data1\" content=\"2 minutos\" \/>\n<script type=\"application\/ld+json\" class=\"yoast-schema-graph\">{\"@context\":\"https:\\\/\\\/schema.org\",\"@graph\":[{\"@type\":\"WebPage\",\"@id\":\"https:\\\/\\\/arbrea-labs.com\\\/product\\\/arbrea-face-pro\\\/\",\"url\":\"https:\\\/\\\/arbrea-labs.com\\\/product\\\/arbrea-face-pro\\\/\",\"name\":\"Arbrea Face PRO - Arbrea Labs\",\"isPartOf\":{\"@id\":\"https:\\\/\\\/arbrea-labs.com\\\/#website\"},\"primaryImageOfPage\":{\"@id\":\"https:\\\/\\\/arbrea-labs.com\\\/product\\\/arbrea-face-pro\\\/#primaryimage\"},\"image\":{\"@id\":\"https:\\\/\\\/arbrea-labs.com\\\/product\\\/arbrea-face-pro\\\/#primaryimage\"},\"thumbnailUrl\":\"https:\\\/\\\/arbrea-labs.com\\\/wp-content\\\/uploads\\\/2022\\\/05\\\/11.png\",\"datePublished\":\"2022-05-19T15:55:06+00:00\",\"dateModified\":\"2025-09-19T10:53:24+00:00\",\"description\":\"Arbrea Face PRO is an all-in-one AR & 3D solution when when we talk about planning surgical or nonsurgical face procedures.\",\"breadcrumb\":{\"@id\":\"https:\\\/\\\/arbrea-labs.com\\\/product\\\/arbrea-face-pro\\\/#breadcrumb\"},\"inLanguage\":\"es\",\"potentialAction\":[{\"@type\":\"ReadAction\",\"target\":[\"https:\\\/\\\/arbrea-labs.com\\\/product\\\/arbrea-face-pro\\\/\"]}]},{\"@type\":\"ImageObject\",\"inLanguage\":\"es\",\"@id\":\"https:\\\/\\\/arbrea-labs.com\\\/product\\\/arbrea-face-pro\\\/#primaryimage\",\"url\":\"https:\\\/\\\/arbrea-labs.com\\\/wp-content\\\/uploads\\\/2022\\\/05\\\/11.png\",\"contentUrl\":\"https:\\\/\\\/arbrea-labs.com\\\/wp-content\\\/uploads\\\/2022\\\/05\\\/11.png\",\"width\":1080,\"height\":1080,\"caption\":\"Arbrea Face PRO\"},{\"@type\":\"BreadcrumbList\",\"@id\":\"https:\\\/\\\/arbrea-labs.com\\\/product\\\/arbrea-face-pro\\\/#breadcrumb\",\"itemListElement\":[{\"@type\":\"ListItem\",\"position\":1,\"name\":\"Home\",\"item\":\"https:\\\/\\\/arbrea-labs.com\\\/\"},{\"@type\":\"ListItem\",\"position\":2,\"name\":\"Shop\",\"item\":\"https:\\\/\\\/arbrea-labs.com\\\/shop\\\/\"},{\"@type\":\"ListItem\",\"position\":3,\"name\":\"Arbrea Face PRO\"}]},{\"@type\":\"WebSite\",\"@id\":\"https:\\\/\\\/arbrea-labs.com\\\/#website\",\"url\":\"https:\\\/\\\/arbrea-labs.com\\\/\",\"name\":\"Arbrea Labs\",\"description\":\"Augmented Reality &amp; 3D Solutions for Aesthetics\",\"publisher\":{\"@id\":\"https:\\\/\\\/arbrea-labs.com\\\/#organization\"},\"alternateName\":\"Arbrea\",\"potentialAction\":[{\"@type\":\"SearchAction\",\"target\":{\"@type\":\"EntryPoint\",\"urlTemplate\":\"https:\\\/\\\/arbrea-labs.com\\\/?s={search_term_string}\"},\"query-input\":{\"@type\":\"PropertyValueSpecification\",\"valueRequired\":true,\"valueName\":\"search_term_string\"}}],\"inLanguage\":\"es\"},{\"@type\":\"Organization\",\"@id\":\"https:\\\/\\\/arbrea-labs.com\\\/#organization\",\"name\":\"Arbrea Labs\",\"alternateName\":\"Arbrea\",\"url\":\"https:\\\/\\\/arbrea-labs.com\\\/\",\"logo\":{\"@type\":\"ImageObject\",\"inLanguage\":\"es\",\"@id\":\"https:\\\/\\\/arbrea-labs.com\\\/#\\\/schema\\\/logo\\\/image\\\/\",\"url\":\"https:\\\/\\\/arbrea-labs.com\\\/wp-content\\\/uploads\\\/2022\\\/01\\\/logo_arbrea_LABS-01-1-e1641392734450.png\",\"contentUrl\":\"https:\\\/\\\/arbrea-labs.com\\\/wp-content\\\/uploads\\\/2022\\\/01\\\/logo_arbrea_LABS-01-1-e1641392734450.png\",\"width\":2000,\"height\":750,\"caption\":\"Arbrea Labs\"},\"image\":{\"@id\":\"https:\\\/\\\/arbrea-labs.com\\\/#\\\/schema\\\/logo\\\/image\\\/\"},\"sameAs\":[\"https:\\\/\\\/www.facebook.com\\\/arbrealabs\",\"https:\\\/\\\/www.instagram.com\\\/arbrealabs\\\/\",\"https:\\\/\\\/www.linkedin.com\\\/company\\\/arbrea-labs-ag\\\/\",\"https:\\\/\\\/www.youtube.com\\\/channel\\\/UCbHN9gofXJv8rMAHcAguTcg\"],\"description\":\"Arbrea Labs leads the way in blending advanced AI technology with personalized healthcare. Our fast, simple and safe Augmented Reality & 3D simulators optimize consultations, saving time and enhancing patient education. Meanwhile, our AR-driven marketing booster enhances patient journeys, maximizing marketing ROI and fostering efficient lead generation. Join us as we shape the future of aesthetic healthcare.\",\"email\":\"info@arbrea-labs.com\",\"legalName\":\"Arbrea Labs AG\",\"foundingDate\":\"2018-03-04\",\"vatID\":\"CHE-292.633.177\",\"numberOfEmployees\":{\"@type\":\"QuantitativeValue\",\"minValue\":\"11\",\"maxValue\":\"50\"}}]}<\/script>\n<!-- \/ Yoast SEO Premium plugin. -->","yoast_head_json":{"title":"Arbrea Rostro PRO - Laboratorios Arbrea","description":"Arbrea Face PRO es una soluci\u00f3n AR &amp; 3D todo en uno cuando hablamos de planificar procedimientos faciales quir\u00fargicos o no quir\u00fargicos.","robots":{"index":"index","follow":"follow","max-snippet":"max-snippet:-1","max-image-preview":"max-image-preview:large","max-video-preview":"max-video-preview:-1"},"canonical":"https:\/\/arbrea-labs.com\/es\/producto\/arbrea-face-pro\/","og_locale":"es_ES","og_type":"article","og_title":"Arbrea Face PRO","og_description":"Arbrea Face PRO is an all-in-one AR & 3D solution when when we talk about planning surgical or nonsurgical face procedures.","og_url":"https:\/\/arbrea-labs.com\/es\/producto\/arbrea-face-pro\/","og_site_name":"Arbrea Labs","article_publisher":"https:\/\/www.facebook.com\/arbrealabs","article_modified_time":"2025-09-19T10:53:24+00:00","og_image":[{"width":1080,"height":1080,"url":"https:\/\/arbrea-labs.com\/wp-content\/uploads\/2022\/05\/11.png","type":"image\/png"}],"twitter_card":"summary_large_image","twitter_misc":{"Tiempo de lectura":"2 minutos"},"schema":{"@context":"https:\/\/schema.org","@graph":[{"@type":"WebPage","@id":"https:\/\/arbrea-labs.com\/product\/arbrea-face-pro\/","url":"https:\/\/arbrea-labs.com\/product\/arbrea-face-pro\/","name":"Arbrea Rostro PRO - Laboratorios Arbrea","isPartOf":{"@id":"https:\/\/arbrea-labs.com\/#website"},"primaryImageOfPage":{"@id":"https:\/\/arbrea-labs.com\/product\/arbrea-face-pro\/#primaryimage"},"image":{"@id":"https:\/\/arbrea-labs.com\/product\/arbrea-face-pro\/#primaryimage"},"thumbnailUrl":"https:\/\/arbrea-labs.com\/wp-content\/uploads\/2022\/05\/11.png","datePublished":"2022-05-19T15:55:06+00:00","dateModified":"2025-09-19T10:53:24+00:00","description":"Arbrea Face PRO es una soluci\u00f3n AR &amp; 3D todo en uno cuando hablamos de planificar procedimientos faciales quir\u00fargicos o no quir\u00fargicos.","breadcrumb":{"@id":"https:\/\/arbrea-labs.com\/product\/arbrea-face-pro\/#breadcrumb"},"inLanguage":"es","potentialAction":[{"@type":"ReadAction","target":["https:\/\/arbrea-labs.com\/product\/arbrea-face-pro\/"]}]},{"@type":"ImageObject","inLanguage":"es","@id":"https:\/\/arbrea-labs.com\/product\/arbrea-face-pro\/#primaryimage","url":"https:\/\/arbrea-labs.com\/wp-content\/uploads\/2022\/05\/11.png","contentUrl":"https:\/\/arbrea-labs.com\/wp-content\/uploads\/2022\/05\/11.png","width":1080,"height":1080,"caption":"Arbrea Face PRO"},{"@type":"BreadcrumbList","@id":"https:\/\/arbrea-labs.com\/product\/arbrea-face-pro\/#breadcrumb","itemListElement":[{"@type":"ListItem","position":1,"name":"Home","item":"https:\/\/arbrea-labs.com\/"},{"@type":"ListItem","position":2,"name":"Shop","item":"https:\/\/arbrea-labs.com\/shop\/"},{"@type":"ListItem","position":3,"name":"Arbrea Face PRO"}]},{"@type":"WebSite","@id":"https:\/\/arbrea-labs.com\/#website","url":"https:\/\/arbrea-labs.com\/","name":"Laboratorios Arbrea","description":"Realidad aumentada y soluciones 3D para est\u00e9tica","publisher":{"@id":"https:\/\/arbrea-labs.com\/#organization"},"alternateName":"Arbrea","potentialAction":[{"@type":"SearchAction","target":{"@type":"EntryPoint","urlTemplate":"https:\/\/arbrea-labs.com\/?s={search_term_string}"},"query-input":{"@type":"PropertyValueSpecification","valueRequired":true,"valueName":"search_term_string"}}],"inLanguage":"es"},{"@type":"Organization","@id":"https:\/\/arbrea-labs.com\/#organization","name":"Laboratorios Arbrea","alternateName":"Arbrea","url":"https:\/\/arbrea-labs.com\/","logo":{"@type":"ImageObject","inLanguage":"es","@id":"https:\/\/arbrea-labs.com\/#\/schema\/logo\/image\/","url":"https:\/\/arbrea-labs.com\/wp-content\/uploads\/2022\/01\/logo_arbrea_LABS-01-1-e1641392734450.png","contentUrl":"https:\/\/arbrea-labs.com\/wp-content\/uploads\/2022\/01\/logo_arbrea_LABS-01-1-e1641392734450.png","width":2000,"height":750,"caption":"Arbrea Labs"},"image":{"@id":"https:\/\/arbrea-labs.com\/#\/schema\/logo\/image\/"},"sameAs":["https:\/\/www.facebook.com\/arbrealabs","https:\/\/www.instagram.com\/arbrealabs\/","https:\/\/www.linkedin.com\/company\/arbrea-labs-ag\/","https:\/\/www.youtube.com\/channel\/UCbHN9gofXJv8rMAHcAguTcg"],"description":"Arbrea Labs lidera la combinaci\u00f3n de tecnolog\u00eda avanzada de IA con atenci\u00f3n sanitaria personalizada. Nuestros simuladores 3D y de realidad aumentada, r\u00e1pidos, sencillos y seguros, optimizan las consultas, ahorran tiempo y mejoran la educaci\u00f3n del paciente. Al mismo tiempo, nuestro potenciador de marketing basado en realidad aumentada mejora la experiencia del paciente, maximizando el retorno de la inversi\u00f3n en marketing y fomentando la generaci\u00f3n eficiente de clientes potenciales. \u00danase a nosotros para dar forma al futuro de la atenci\u00f3n sanitaria est\u00e9tica.","email":"info@arbrea-labs.com","legalName":"Arbrea Labs AG","foundingDate":"2018-03-04","vatID":"CHE-292.633.177","numberOfEmployees":{"@type":"QuantitativeValue","minValue":"11","maxValue":"50"}}]}},"_links":{"self":[{"href":"https:\/\/arbrea-labs.com\/es\/wp-json\/wp\/v2\/product\/17812","targetHints":{"allow":["GET"]}}],"collection":[{"href":"https:\/\/arbrea-labs.com\/es\/wp-json\/wp\/v2\/product"}],"about":[{"href":"https:\/\/arbrea-labs.com\/es\/wp-json\/wp\/v2\/types\/product"}],"wp:featuredmedia":[{"embeddable":true,"href":"https:\/\/arbrea-labs.com\/es\/wp-json\/wp\/v2\/media\/53810"}],"wp:attachment":[{"href":"https:\/\/arbrea-labs.com\/es\/wp-json\/wp\/v2\/media?parent=17812"}],"wp:term":[{"taxonomy":"product_brand","embeddable":true,"href":"https:\/\/arbrea-labs.com\/es\/wp-json\/wp\/v2\/product_brand?post=17812"},{"taxonomy":"product_cat","embeddable":true,"href":"https:\/\/arbrea-labs.com\/es\/wp-json\/wp\/v2\/product_cat?post=17812"},{"taxonomy":"product_tag","embeddable":true,"href":"https:\/\/arbrea-labs.com\/es\/wp-json\/wp\/v2\/product_tag?post=17812"}],"curies":[{"name":"wp","href":"https:\/\/api.w.org\/{rel}","templated":true}]}}