{"id":17807,"date":"2022-05-19T15:47:19","date_gmt":"2022-05-19T15:47:19","guid":{"rendered":"https:\/\/arbrea-labs.com\/?post_type=product&#038;p=17807"},"modified":"2025-09-19T12:10:58","modified_gmt":"2025-09-19T10:10:58","slug":"arbrea-face-lite","status":"publish","type":"product","link":"https:\/\/arbrea-labs.com\/es\/product\/arbrea-face-lite\/","title":{"rendered":"Arbrea Rostro LITE"},"content":{"rendered":"<p data-start=\"221\" data-end=\"621\">Arbrea Face Lite lleva el futuro de las consultas de est\u00e9tica facial directamente a su iPhone o iPad. Esta herramienta ligera pero potente utiliza la realidad aumentada de vanguardia para ayudar a los cirujanos y pacientes a explorar las posibilidades de tratamiento de una manera interactiva, accesible y atractiva. Sin necesidad de hardware adicional, Arbrea Face facilita la obtenci\u00f3n de resultados profesionales en cualquier momento y lugar.<\/p>\n<h2 data-start=\"623\" data-end=\"640\">Caracter\u00edsticas principales<\/h2>\n<ul data-start=\"642\" data-end=\"1205\">\n<li data-start=\"642\" data-end=\"827\">\n<p data-start=\"644\" data-end=\"827\"><strong data-start=\"644\" data-end=\"675\">Compatibilidad con iPhone y iPad<\/strong><br data-start=\"675\" data-end=\"678\" \/>Dise\u00f1ado para funcionar sin problemas en dispositivos m\u00f3viles, le ofrece la libertad de realizar consultas en la cl\u00ednica, durante eventos o incluso sobre la marcha.<\/p>\n<\/li>\n<li data-start=\"829\" data-end=\"1023\">\n<p data-start=\"831\" data-end=\"1023\"><strong data-start=\"831\" data-end=\"849\">Live Mirror AR<\/strong><br data-start=\"849\" data-end=\"852\" \/>Cree un efecto de \u201cespejo m\u00e1gico\u201d en tiempo real en el que los pacientes puedan ver los posibles resultados reflejados directamente en su propia cara, haciendo que la experiencia sea envolvente e impactante.<\/p>\n<\/li>\n<li data-start=\"1025\" data-end=\"1205\">\n<p data-start=\"1027\" data-end=\"1205\"><strong data-start=\"1027\" data-end=\"1044\">Modo de imagen AR<\/strong><br data-start=\"1044\" data-end=\"1047\" \/>Capture previsualizaciones realistas de realidad aumentada en im\u00e1genes est\u00e1ticas, lo que permite realizar comparaciones claras en paralelo y facilitar la comunicaci\u00f3n de seguimiento con los pacientes.<\/p>\n<\/li>\n<\/ul>\n<h2 data-start=\"853\" data-end=\"886\">\u00bfPor qu\u00e9 elegir Arbrea Rostro Lite?<\/h2>\n<p data-start=\"1241\" data-end=\"1713\">Arbrea <a href=\"https:\/\/arbrea-labs.com\/es\/cara\/\">Cara<\/a> Lite es la soluci\u00f3n b\u00e1sica perfecta para las cl\u00ednicas que desean integrar <strong data-start=\"1329\" data-end=\"1376\">realidad aumentada en las consultas faciales<\/strong>. Su configuraci\u00f3n m\u00f3vil lo hace muy adaptable, mientras que su interfaz intuitiva garantiza que tanto cirujanos como pacientes puedan centrarse en lo que m\u00e1s importa: visualizar los resultados con claridad y confianza. Al ayudar a los pacientes a comprender mejor sus opciones, Arbrea Face Lite es compatible con <strong data-start=\"1656\" data-end=\"1710\">confianza, transparencia y mejores \u00edndices de conversi\u00f3n<\/strong>.<\/p>","protected":false},"excerpt":{"rendered":"<p data-start=\"1234\" data-end=\"1314\"><strong data-start=\"1234\" data-end=\"1312\">La herramienta de RA esencial para consultas faciales sencillas, atractivas y m\u00f3viles.<br \/>\n<\/strong><\/p>\n<ul>\n<li>Uso del iPhone y el iPad<\/li>\n<li>Live Mirror AR<\/li>\n<li>Modo de imagen AR<strong data-start=\"1234\" data-end=\"1312\"><br \/>\n<\/strong><\/li>\n<\/ul>","protected":false},"featured_media":53808,"template":"","meta":[],"product_brand":[],"product_cat":[255],"product_tag":[260,258,259],"class_list":{"0":"post-17807","1":"product","2":"type-product","3":"status-publish","4":"has-post-thumbnail","5":"product_cat-arbrea-face-tool","6":"product_tag-arbrea-face-advanced","7":"product_tag-arbrea-face-tool","8":"product_tag-face-simulator","10":"first","11":"instock","12":"taxable","13":"shipping-taxable","14":"purchasable","15":"product-type-variable-subscription"},"yoast_head":"<!-- This site is optimized with the Yoast SEO Premium plugin v27.3 (Yoast SEO v27.4) - https:\/\/yoast.com\/product\/yoast-seo-premium-wordpress\/ -->\n<title>Arbrea Face LITE - Arbrea Labs<\/title>\n<meta name=\"description\" content=\"Arbrea Face LITE: mobile AR tool for iPhone &amp; iPad with Live Mirror and AR Image Mode to enhance patient consultations and boost conversions\" \/>\n<meta name=\"robots\" content=\"index, follow, max-snippet:-1, max-image-preview:large, max-video-preview:-1\" \/>\n<link rel=\"canonical\" href=\"https:\/\/arbrea-labs.com\/es\/producto\/arbrea-face-lite\/\" \/>\n<meta property=\"og:locale\" content=\"es_ES\" \/>\n<meta property=\"og:type\" content=\"article\" \/>\n<meta property=\"og:title\" content=\"Arbrea Face LITE\" \/>\n<meta property=\"og:description\" content=\"Arbrea Face LITE: mobile AR tool for iPhone &amp; iPad with Live Mirror and AR Image Mode to enhance patient consultations and boost conversions\" \/>\n<meta property=\"og:url\" content=\"https:\/\/arbrea-labs.com\/es\/producto\/arbrea-face-lite\/\" \/>\n<meta property=\"og:site_name\" content=\"Arbrea Labs\" \/>\n<meta property=\"article:publisher\" content=\"https:\/\/www.facebook.com\/arbrealabs\" \/>\n<meta property=\"article:modified_time\" content=\"2025-09-19T10:10:58+00:00\" \/>\n<meta property=\"og:image\" content=\"https:\/\/arbrea-labs.com\/wp-content\/uploads\/2022\/05\/9.png\" \/>\n\t<meta property=\"og:image:width\" content=\"1080\" \/>\n\t<meta property=\"og:image:height\" content=\"1080\" \/>\n\t<meta property=\"og:image:type\" content=\"image\/png\" \/>\n<meta name=\"twitter:card\" content=\"summary_large_image\" \/>\n<meta name=\"twitter:label1\" content=\"Tiempo de lectura\" \/>\n\t<meta name=\"twitter:data1\" content=\"2 minutos\" \/>\n<script type=\"application\/ld+json\" class=\"yoast-schema-graph\">{\"@context\":\"https:\\\/\\\/schema.org\",\"@graph\":[{\"@type\":\"WebPage\",\"@id\":\"https:\\\/\\\/arbrea-labs.com\\\/product\\\/arbrea-face-lite\\\/\",\"url\":\"https:\\\/\\\/arbrea-labs.com\\\/product\\\/arbrea-face-lite\\\/\",\"name\":\"Arbrea Face LITE - Arbrea Labs\",\"isPartOf\":{\"@id\":\"https:\\\/\\\/arbrea-labs.com\\\/#website\"},\"primaryImageOfPage\":{\"@id\":\"https:\\\/\\\/arbrea-labs.com\\\/product\\\/arbrea-face-lite\\\/#primaryimage\"},\"image\":{\"@id\":\"https:\\\/\\\/arbrea-labs.com\\\/product\\\/arbrea-face-lite\\\/#primaryimage\"},\"thumbnailUrl\":\"https:\\\/\\\/arbrea-labs.com\\\/wp-content\\\/uploads\\\/2022\\\/05\\\/9.png\",\"datePublished\":\"2022-05-19T15:47:19+00:00\",\"dateModified\":\"2025-09-19T10:10:58+00:00\",\"description\":\"Arbrea Face LITE: mobile AR tool for iPhone & iPad with Live Mirror and AR Image Mode to enhance patient consultations and boost conversions\",\"breadcrumb\":{\"@id\":\"https:\\\/\\\/arbrea-labs.com\\\/product\\\/arbrea-face-lite\\\/#breadcrumb\"},\"inLanguage\":\"es\",\"potentialAction\":[{\"@type\":\"ReadAction\",\"target\":[\"https:\\\/\\\/arbrea-labs.com\\\/product\\\/arbrea-face-lite\\\/\"]}]},{\"@type\":\"ImageObject\",\"inLanguage\":\"es\",\"@id\":\"https:\\\/\\\/arbrea-labs.com\\\/product\\\/arbrea-face-lite\\\/#primaryimage\",\"url\":\"https:\\\/\\\/arbrea-labs.com\\\/wp-content\\\/uploads\\\/2022\\\/05\\\/9.png\",\"contentUrl\":\"https:\\\/\\\/arbrea-labs.com\\\/wp-content\\\/uploads\\\/2022\\\/05\\\/9.png\",\"width\":1080,\"height\":1080,\"caption\":\"Arbrea Face LITE\"},{\"@type\":\"BreadcrumbList\",\"@id\":\"https:\\\/\\\/arbrea-labs.com\\\/product\\\/arbrea-face-lite\\\/#breadcrumb\",\"itemListElement\":[{\"@type\":\"ListItem\",\"position\":1,\"name\":\"Home\",\"item\":\"https:\\\/\\\/arbrea-labs.com\\\/\"},{\"@type\":\"ListItem\",\"position\":2,\"name\":\"Shop\",\"item\":\"https:\\\/\\\/arbrea-labs.com\\\/shop\\\/\"},{\"@type\":\"ListItem\",\"position\":3,\"name\":\"Arbrea Face LITE\"}]},{\"@type\":\"WebSite\",\"@id\":\"https:\\\/\\\/arbrea-labs.com\\\/#website\",\"url\":\"https:\\\/\\\/arbrea-labs.com\\\/\",\"name\":\"Arbrea Labs\",\"description\":\"Augmented Reality &amp; 3D Solutions for Aesthetics\",\"publisher\":{\"@id\":\"https:\\\/\\\/arbrea-labs.com\\\/#organization\"},\"alternateName\":\"Arbrea\",\"potentialAction\":[{\"@type\":\"SearchAction\",\"target\":{\"@type\":\"EntryPoint\",\"urlTemplate\":\"https:\\\/\\\/arbrea-labs.com\\\/?s={search_term_string}\"},\"query-input\":{\"@type\":\"PropertyValueSpecification\",\"valueRequired\":true,\"valueName\":\"search_term_string\"}}],\"inLanguage\":\"es\"},{\"@type\":\"Organization\",\"@id\":\"https:\\\/\\\/arbrea-labs.com\\\/#organization\",\"name\":\"Arbrea Labs\",\"alternateName\":\"Arbrea\",\"url\":\"https:\\\/\\\/arbrea-labs.com\\\/\",\"logo\":{\"@type\":\"ImageObject\",\"inLanguage\":\"es\",\"@id\":\"https:\\\/\\\/arbrea-labs.com\\\/#\\\/schema\\\/logo\\\/image\\\/\",\"url\":\"https:\\\/\\\/arbrea-labs.com\\\/wp-content\\\/uploads\\\/2022\\\/01\\\/logo_arbrea_LABS-01-1-e1641392734450.png\",\"contentUrl\":\"https:\\\/\\\/arbrea-labs.com\\\/wp-content\\\/uploads\\\/2022\\\/01\\\/logo_arbrea_LABS-01-1-e1641392734450.png\",\"width\":2000,\"height\":750,\"caption\":\"Arbrea Labs\"},\"image\":{\"@id\":\"https:\\\/\\\/arbrea-labs.com\\\/#\\\/schema\\\/logo\\\/image\\\/\"},\"sameAs\":[\"https:\\\/\\\/www.facebook.com\\\/arbrealabs\",\"https:\\\/\\\/www.instagram.com\\\/arbrealabs\\\/\",\"https:\\\/\\\/www.linkedin.com\\\/company\\\/arbrea-labs-ag\\\/\",\"https:\\\/\\\/www.youtube.com\\\/channel\\\/UCbHN9gofXJv8rMAHcAguTcg\"],\"description\":\"Arbrea Labs leads the way in blending advanced AI technology with personalized healthcare. Our fast, simple and safe Augmented Reality & 3D simulators optimize consultations, saving time and enhancing patient education. Meanwhile, our AR-driven marketing booster enhances patient journeys, maximizing marketing ROI and fostering efficient lead generation. Join us as we shape the future of aesthetic healthcare.\",\"email\":\"info@arbrea-labs.com\",\"legalName\":\"Arbrea Labs AG\",\"foundingDate\":\"2018-03-04\",\"vatID\":\"CHE-292.633.177\",\"numberOfEmployees\":{\"@type\":\"QuantitativeValue\",\"minValue\":\"11\",\"maxValue\":\"50\"}}]}<\/script>\n<!-- \/ Yoast SEO Premium plugin. -->","yoast_head_json":{"title":"Arbrea Rostro LITE - Laboratorios Arbrea","description":"Arbrea Face LITE: herramienta m\u00f3vil de realidad aumentada para iPhone y iPad con Live Mirror y AR Image Mode para mejorar las consultas de los pacientes y aumentar las conversiones.","robots":{"index":"index","follow":"follow","max-snippet":"max-snippet:-1","max-image-preview":"max-image-preview:large","max-video-preview":"max-video-preview:-1"},"canonical":"https:\/\/arbrea-labs.com\/es\/producto\/arbrea-face-lite\/","og_locale":"es_ES","og_type":"article","og_title":"Arbrea Face LITE","og_description":"Arbrea Face LITE: mobile AR tool for iPhone & iPad with Live Mirror and AR Image Mode to enhance patient consultations and boost conversions","og_url":"https:\/\/arbrea-labs.com\/es\/producto\/arbrea-face-lite\/","og_site_name":"Arbrea Labs","article_publisher":"https:\/\/www.facebook.com\/arbrealabs","article_modified_time":"2025-09-19T10:10:58+00:00","og_image":[{"width":1080,"height":1080,"url":"https:\/\/arbrea-labs.com\/wp-content\/uploads\/2022\/05\/9.png","type":"image\/png"}],"twitter_card":"summary_large_image","twitter_misc":{"Tiempo de lectura":"2 minutos"},"schema":{"@context":"https:\/\/schema.org","@graph":[{"@type":"WebPage","@id":"https:\/\/arbrea-labs.com\/product\/arbrea-face-lite\/","url":"https:\/\/arbrea-labs.com\/product\/arbrea-face-lite\/","name":"Arbrea Rostro LITE - Laboratorios Arbrea","isPartOf":{"@id":"https:\/\/arbrea-labs.com\/#website"},"primaryImageOfPage":{"@id":"https:\/\/arbrea-labs.com\/product\/arbrea-face-lite\/#primaryimage"},"image":{"@id":"https:\/\/arbrea-labs.com\/product\/arbrea-face-lite\/#primaryimage"},"thumbnailUrl":"https:\/\/arbrea-labs.com\/wp-content\/uploads\/2022\/05\/9.png","datePublished":"2022-05-19T15:47:19+00:00","dateModified":"2025-09-19T10:10:58+00:00","description":"Arbrea Face LITE: herramienta m\u00f3vil de realidad aumentada para iPhone y iPad con Live Mirror y AR Image Mode para mejorar las consultas de los pacientes y aumentar las conversiones.","breadcrumb":{"@id":"https:\/\/arbrea-labs.com\/product\/arbrea-face-lite\/#breadcrumb"},"inLanguage":"es","potentialAction":[{"@type":"ReadAction","target":["https:\/\/arbrea-labs.com\/product\/arbrea-face-lite\/"]}]},{"@type":"ImageObject","inLanguage":"es","@id":"https:\/\/arbrea-labs.com\/product\/arbrea-face-lite\/#primaryimage","url":"https:\/\/arbrea-labs.com\/wp-content\/uploads\/2022\/05\/9.png","contentUrl":"https:\/\/arbrea-labs.com\/wp-content\/uploads\/2022\/05\/9.png","width":1080,"height":1080,"caption":"Arbrea Face LITE"},{"@type":"BreadcrumbList","@id":"https:\/\/arbrea-labs.com\/product\/arbrea-face-lite\/#breadcrumb","itemListElement":[{"@type":"ListItem","position":1,"name":"Home","item":"https:\/\/arbrea-labs.com\/"},{"@type":"ListItem","position":2,"name":"Shop","item":"https:\/\/arbrea-labs.com\/shop\/"},{"@type":"ListItem","position":3,"name":"Arbrea Face LITE"}]},{"@type":"WebSite","@id":"https:\/\/arbrea-labs.com\/#website","url":"https:\/\/arbrea-labs.com\/","name":"Laboratorios Arbrea","description":"Realidad aumentada y soluciones 3D para est\u00e9tica","publisher":{"@id":"https:\/\/arbrea-labs.com\/#organization"},"alternateName":"Arbrea","potentialAction":[{"@type":"SearchAction","target":{"@type":"EntryPoint","urlTemplate":"https:\/\/arbrea-labs.com\/?s={search_term_string}"},"query-input":{"@type":"PropertyValueSpecification","valueRequired":true,"valueName":"search_term_string"}}],"inLanguage":"es"},{"@type":"Organization","@id":"https:\/\/arbrea-labs.com\/#organization","name":"Laboratorios Arbrea","alternateName":"Arbrea","url":"https:\/\/arbrea-labs.com\/","logo":{"@type":"ImageObject","inLanguage":"es","@id":"https:\/\/arbrea-labs.com\/#\/schema\/logo\/image\/","url":"https:\/\/arbrea-labs.com\/wp-content\/uploads\/2022\/01\/logo_arbrea_LABS-01-1-e1641392734450.png","contentUrl":"https:\/\/arbrea-labs.com\/wp-content\/uploads\/2022\/01\/logo_arbrea_LABS-01-1-e1641392734450.png","width":2000,"height":750,"caption":"Arbrea Labs"},"image":{"@id":"https:\/\/arbrea-labs.com\/#\/schema\/logo\/image\/"},"sameAs":["https:\/\/www.facebook.com\/arbrealabs","https:\/\/www.instagram.com\/arbrealabs\/","https:\/\/www.linkedin.com\/company\/arbrea-labs-ag\/","https:\/\/www.youtube.com\/channel\/UCbHN9gofXJv8rMAHcAguTcg"],"description":"Arbrea Labs lidera la combinaci\u00f3n de tecnolog\u00eda avanzada de IA con atenci\u00f3n sanitaria personalizada. Nuestros simuladores 3D y de realidad aumentada, r\u00e1pidos, sencillos y seguros, optimizan las consultas, ahorran tiempo y mejoran la educaci\u00f3n del paciente. Al mismo tiempo, nuestro potenciador de marketing basado en realidad aumentada mejora la experiencia del paciente, maximizando el retorno de la inversi\u00f3n en marketing y fomentando la generaci\u00f3n eficiente de clientes potenciales. \u00danase a nosotros para dar forma al futuro de la atenci\u00f3n sanitaria est\u00e9tica.","email":"info@arbrea-labs.com","legalName":"Arbrea Labs AG","foundingDate":"2018-03-04","vatID":"CHE-292.633.177","numberOfEmployees":{"@type":"QuantitativeValue","minValue":"11","maxValue":"50"}}]}},"_links":{"self":[{"href":"https:\/\/arbrea-labs.com\/es\/wp-json\/wp\/v2\/product\/17807","targetHints":{"allow":["GET"]}}],"collection":[{"href":"https:\/\/arbrea-labs.com\/es\/wp-json\/wp\/v2\/product"}],"about":[{"href":"https:\/\/arbrea-labs.com\/es\/wp-json\/wp\/v2\/types\/product"}],"wp:featuredmedia":[{"embeddable":true,"href":"https:\/\/arbrea-labs.com\/es\/wp-json\/wp\/v2\/media\/53808"}],"wp:attachment":[{"href":"https:\/\/arbrea-labs.com\/es\/wp-json\/wp\/v2\/media?parent=17807"}],"wp:term":[{"taxonomy":"product_brand","embeddable":true,"href":"https:\/\/arbrea-labs.com\/es\/wp-json\/wp\/v2\/product_brand?post=17807"},{"taxonomy":"product_cat","embeddable":true,"href":"https:\/\/arbrea-labs.com\/es\/wp-json\/wp\/v2\/product_cat?post=17807"},{"taxonomy":"product_tag","embeddable":true,"href":"https:\/\/arbrea-labs.com\/es\/wp-json\/wp\/v2\/product_tag?post=17807"}],"curies":[{"name":"wp","href":"https:\/\/api.w.org\/{rel}","templated":true}]}}