{"id":17766,"date":"2022-05-11T14:34:52","date_gmt":"2022-05-11T14:34:52","guid":{"rendered":"https:\/\/arbrea-labs.com\/?post_type=product&#038;p=17766"},"modified":"2025-09-19T10:49:39","modified_gmt":"2025-09-19T08:49:39","slug":"arbrea-mama-avanzada","status":"publish","type":"product","link":"https:\/\/arbrea-labs.com\/es\/product\/arbrea-breast-advanced\/","title":{"rendered":"Pecho Arbrea AVANZADO"},"content":{"rendered":"<p data-start=\"181\" data-end=\"529\">Arbrea Breast Advanced lleva las consultas quir\u00fargicas al siguiente nivel con realidad aumentada inmersiva y un servicio totalmente personalizado. Combinando el poder de las simulaciones 3D tanto para aumento como para reducci\u00f3n con el cat\u00e1logo completo de implantes, ofrece a los cirujanos una soluci\u00f3n completa y vanguardista para generar confianza en el paciente y mejorar la toma de decisiones.<\/p>\n<h2 data-start=\"531\" data-end=\"548\">Caracter\u00edsticas principales<\/h2>\n<ul data-start=\"550\" data-end=\"1264\">\n<li data-start=\"550\" data-end=\"653\">\n<p data-start=\"552\" data-end=\"653\"><strong data-start=\"552\" data-end=\"576\">Servicio personalizado<\/strong><br data-start=\"576\" data-end=\"579\" \/>Incorporaci\u00f3n personalizada y asistencia dedicada para maximizar su experiencia.<\/p>\n<\/li>\n<li data-start=\"655\" data-end=\"771\">\n<p data-start=\"657\" data-end=\"771\"><strong data-start=\"657\" data-end=\"694\">Simulaci\u00f3n de aumento mamario en 3D<\/strong><br data-start=\"694\" data-end=\"697\" \/>Ofrezca visualizaciones realistas de los resultados del aumento en cuesti\u00f3n de segundos.<\/p>\n<\/li>\n<li data-start=\"773\" data-end=\"878\">\n<p data-start=\"775\" data-end=\"878\"><strong data-start=\"775\" data-end=\"809\">Simulaci\u00f3n de reducci\u00f3n mamaria en 3D<\/strong><br data-start=\"809\" data-end=\"812\" \/>Mostrar a los pacientes posibilidades de reducci\u00f3n precisas y fiables.<\/p>\n<\/li>\n<li data-start=\"880\" data-end=\"1008\">\n<p data-start=\"882\" data-end=\"1008\"><strong data-start=\"882\" data-end=\"935\">Cat\u00e1logo completo de implantes (todas las marcas del mercado)<\/strong><br data-start=\"935\" data-end=\"938\" \/>Acceda a toda la gama de implantes para una personalizaci\u00f3n ilimitada.<\/p>\n<\/li>\n<li data-start=\"1010\" data-end=\"1125\">\n<p data-start=\"1012\" data-end=\"1125\"><strong data-start=\"1012\" data-end=\"1033\">Realidad aumentada<\/strong><br data-start=\"1033\" data-end=\"1036\" \/>Atraiga a los pacientes con visualizaci\u00f3n de realidad aumentada en tiempo real para una experiencia \u00fanica e interactiva.<\/p>\n<\/li>\n<li data-start=\"1127\" data-end=\"1264\">\n<p data-start=\"1129\" data-end=\"1264\"><strong data-start=\"1129\" data-end=\"1177\">Mediciones y c\u00e1lculos de volumen autom\u00e1ticos<\/strong><br data-start=\"1177\" data-end=\"1180\" \/>Ahorre tiempo con mediciones anat\u00f3micas instant\u00e1neas y datos precisos del volumen mamario<\/p>\n<\/li>\n<\/ul>\n<h2 data-start=\"1266\" data-end=\"1305\">\u00bfPor qu\u00e9 elegir Arbrea Breast Advanced?<\/h2>\n<p data-start=\"1306\" data-end=\"1656\">Arbrea Breast Advanced es el <strong data-start=\"1336\" data-end=\"1384\">la mejor opci\u00f3n para los cirujanos con visi\u00f3n de futuro<\/strong>. Con realidad aumentada, acceso total a implantes y servicio personalizado, ofrece innovaci\u00f3n y compromiso con el paciente al m\u00e1s alto nivel. Este plan permite a las cl\u00ednicas diferenciar sus consultas, crear conexiones m\u00e1s s\u00f3lidas con los pacientes y aumentar las tasas de conversi\u00f3n.<\/p>","protected":false},"excerpt":{"rendered":"<p><strong>La soluci\u00f3n m\u00e1s avanzada para consultas inmersivas centradas en el paciente.<\/strong><\/p>\n<ul>\n<li>Servicio personalizado<\/li>\n<li>Simulaci\u00f3n de aumento mamario en 3D<\/li>\n<li>Simulaci\u00f3n de reducci\u00f3n mamaria en 3D<\/li>\n<li>Cat\u00e1logo completo de implantes (todas las marcas)<\/li>\n<li>Realidad aumentada<\/li>\n<li>Mediciones anat\u00f3micas autom\u00e1ticas<\/li>\n<li>C\u00e1lculos de volumen<\/li>\n<\/ul>","protected":false},"featured_media":53804,"template":"","meta":[],"product_brand":[],"product_cat":[247],"product_tag":[],"class_list":{"0":"post-17766","1":"product","2":"type-product","3":"status-publish","4":"has-post-thumbnail","5":"product_cat-arbrea-breast-tool","7":"first","8":"instock","9":"taxable","10":"shipping-taxable","11":"purchasable","12":"product-type-variable-subscription"},"yoast_head":"<!-- This site is optimized with the Yoast SEO Premium plugin v27.3 (Yoast SEO v27.4) - https:\/\/yoast.com\/product\/yoast-seo-premium-wordpress\/ -->\n<title>Arbrea Breast ADVANCED - Arbrea Labs<\/title>\n<meta name=\"description\" content=\"Arbrea Breast Advanced: premium 3D and AR solution for augmentation and reduction, with full implant catalogue, personalized service, and precise measurements\" \/>\n<meta name=\"robots\" content=\"index, follow, max-snippet:-1, max-image-preview:large, max-video-preview:-1\" \/>\n<link rel=\"canonical\" href=\"https:\/\/arbrea-labs.com\/es\/producto\/arbrea-mama-avanzada\/\" \/>\n<meta property=\"og:locale\" content=\"es_ES\" \/>\n<meta property=\"og:type\" content=\"article\" \/>\n<meta property=\"og:title\" content=\"Arbrea Breast ADVANCED\" \/>\n<meta property=\"og:description\" content=\"Arbrea Breast Advanced: premium 3D and AR solution for augmentation and reduction, with full implant catalogue, personalized service, and precise measurements\" \/>\n<meta property=\"og:url\" content=\"https:\/\/arbrea-labs.com\/es\/producto\/arbrea-mama-avanzada\/\" \/>\n<meta property=\"og:site_name\" content=\"Arbrea Labs\" \/>\n<meta property=\"article:publisher\" content=\"https:\/\/www.facebook.com\/arbrealabs\" \/>\n<meta property=\"article:modified_time\" content=\"2025-09-19T08:49:39+00:00\" \/>\n<meta property=\"og:image\" content=\"https:\/\/arbrea-labs.com\/wp-content\/uploads\/2022\/05\/5-1.png\" \/>\n\t<meta property=\"og:image:width\" content=\"1080\" \/>\n\t<meta property=\"og:image:height\" content=\"1080\" \/>\n\t<meta property=\"og:image:type\" content=\"image\/png\" \/>\n<meta name=\"twitter:card\" content=\"summary_large_image\" \/>\n<meta name=\"twitter:label1\" content=\"Tiempo de lectura\" \/>\n\t<meta name=\"twitter:data1\" content=\"1 minuto\" \/>\n<script type=\"application\/ld+json\" class=\"yoast-schema-graph\">{\"@context\":\"https:\\\/\\\/schema.org\",\"@graph\":[{\"@type\":\"WebPage\",\"@id\":\"https:\\\/\\\/arbrea-labs.com\\\/product\\\/arbrea-breast-advanced\\\/\",\"url\":\"https:\\\/\\\/arbrea-labs.com\\\/product\\\/arbrea-breast-advanced\\\/\",\"name\":\"Arbrea Breast ADVANCED - Arbrea Labs\",\"isPartOf\":{\"@id\":\"https:\\\/\\\/arbrea-labs.com\\\/#website\"},\"primaryImageOfPage\":{\"@id\":\"https:\\\/\\\/arbrea-labs.com\\\/product\\\/arbrea-breast-advanced\\\/#primaryimage\"},\"image\":{\"@id\":\"https:\\\/\\\/arbrea-labs.com\\\/product\\\/arbrea-breast-advanced\\\/#primaryimage\"},\"thumbnailUrl\":\"https:\\\/\\\/arbrea-labs.com\\\/wp-content\\\/uploads\\\/2022\\\/05\\\/5-1.png\",\"datePublished\":\"2022-05-11T14:34:52+00:00\",\"dateModified\":\"2025-09-19T08:49:39+00:00\",\"description\":\"Arbrea Breast Advanced: premium 3D and AR solution for augmentation and reduction, with full implant catalogue, personalized service, and precise measurements\",\"breadcrumb\":{\"@id\":\"https:\\\/\\\/arbrea-labs.com\\\/product\\\/arbrea-breast-advanced\\\/#breadcrumb\"},\"inLanguage\":\"es\",\"potentialAction\":[{\"@type\":\"ReadAction\",\"target\":[\"https:\\\/\\\/arbrea-labs.com\\\/product\\\/arbrea-breast-advanced\\\/\"]}]},{\"@type\":\"ImageObject\",\"inLanguage\":\"es\",\"@id\":\"https:\\\/\\\/arbrea-labs.com\\\/product\\\/arbrea-breast-advanced\\\/#primaryimage\",\"url\":\"https:\\\/\\\/arbrea-labs.com\\\/wp-content\\\/uploads\\\/2022\\\/05\\\/5-1.png\",\"contentUrl\":\"https:\\\/\\\/arbrea-labs.com\\\/wp-content\\\/uploads\\\/2022\\\/05\\\/5-1.png\",\"width\":1080,\"height\":1080,\"caption\":\"Arbrea Breast Advanced\"},{\"@type\":\"BreadcrumbList\",\"@id\":\"https:\\\/\\\/arbrea-labs.com\\\/product\\\/arbrea-breast-advanced\\\/#breadcrumb\",\"itemListElement\":[{\"@type\":\"ListItem\",\"position\":1,\"name\":\"Home\",\"item\":\"https:\\\/\\\/arbrea-labs.com\\\/\"},{\"@type\":\"ListItem\",\"position\":2,\"name\":\"Shop\",\"item\":\"https:\\\/\\\/arbrea-labs.com\\\/shop\\\/\"},{\"@type\":\"ListItem\",\"position\":3,\"name\":\"Arbrea Breast ADVANCED\"}]},{\"@type\":\"WebSite\",\"@id\":\"https:\\\/\\\/arbrea-labs.com\\\/#website\",\"url\":\"https:\\\/\\\/arbrea-labs.com\\\/\",\"name\":\"Arbrea Labs\",\"description\":\"Augmented Reality &amp; 3D Solutions for Aesthetics\",\"publisher\":{\"@id\":\"https:\\\/\\\/arbrea-labs.com\\\/#organization\"},\"alternateName\":\"Arbrea\",\"potentialAction\":[{\"@type\":\"SearchAction\",\"target\":{\"@type\":\"EntryPoint\",\"urlTemplate\":\"https:\\\/\\\/arbrea-labs.com\\\/?s={search_term_string}\"},\"query-input\":{\"@type\":\"PropertyValueSpecification\",\"valueRequired\":true,\"valueName\":\"search_term_string\"}}],\"inLanguage\":\"es\"},{\"@type\":\"Organization\",\"@id\":\"https:\\\/\\\/arbrea-labs.com\\\/#organization\",\"name\":\"Arbrea Labs\",\"alternateName\":\"Arbrea\",\"url\":\"https:\\\/\\\/arbrea-labs.com\\\/\",\"logo\":{\"@type\":\"ImageObject\",\"inLanguage\":\"es\",\"@id\":\"https:\\\/\\\/arbrea-labs.com\\\/#\\\/schema\\\/logo\\\/image\\\/\",\"url\":\"https:\\\/\\\/arbrea-labs.com\\\/wp-content\\\/uploads\\\/2022\\\/01\\\/logo_arbrea_LABS-01-1-e1641392734450.png\",\"contentUrl\":\"https:\\\/\\\/arbrea-labs.com\\\/wp-content\\\/uploads\\\/2022\\\/01\\\/logo_arbrea_LABS-01-1-e1641392734450.png\",\"width\":2000,\"height\":750,\"caption\":\"Arbrea Labs\"},\"image\":{\"@id\":\"https:\\\/\\\/arbrea-labs.com\\\/#\\\/schema\\\/logo\\\/image\\\/\"},\"sameAs\":[\"https:\\\/\\\/www.facebook.com\\\/arbrealabs\",\"https:\\\/\\\/www.instagram.com\\\/arbrealabs\\\/\",\"https:\\\/\\\/www.linkedin.com\\\/company\\\/arbrea-labs-ag\\\/\",\"https:\\\/\\\/www.youtube.com\\\/channel\\\/UCbHN9gofXJv8rMAHcAguTcg\"],\"description\":\"Arbrea Labs leads the way in blending advanced AI technology with personalized healthcare. Our fast, simple and safe Augmented Reality & 3D simulators optimize consultations, saving time and enhancing patient education. Meanwhile, our AR-driven marketing booster enhances patient journeys, maximizing marketing ROI and fostering efficient lead generation. Join us as we shape the future of aesthetic healthcare.\",\"email\":\"info@arbrea-labs.com\",\"legalName\":\"Arbrea Labs AG\",\"foundingDate\":\"2018-03-04\",\"vatID\":\"CHE-292.633.177\",\"numberOfEmployees\":{\"@type\":\"QuantitativeValue\",\"minValue\":\"11\",\"maxValue\":\"50\"}}]}<\/script>\n<!-- \/ Yoast SEO Premium plugin. -->","yoast_head_json":{"title":"Arbrea Breast ADVANCED - Laboratorios Arbrea","description":"Arbrea Breast Advanced: soluci\u00f3n premium 3D y AR para aumento y reducci\u00f3n, con cat\u00e1logo completo de implantes, servicio personalizado y medidas precisas.","robots":{"index":"index","follow":"follow","max-snippet":"max-snippet:-1","max-image-preview":"max-image-preview:large","max-video-preview":"max-video-preview:-1"},"canonical":"https:\/\/arbrea-labs.com\/es\/producto\/arbrea-mama-avanzada\/","og_locale":"es_ES","og_type":"article","og_title":"Arbrea Breast ADVANCED","og_description":"Arbrea Breast Advanced: premium 3D and AR solution for augmentation and reduction, with full implant catalogue, personalized service, and precise measurements","og_url":"https:\/\/arbrea-labs.com\/es\/producto\/arbrea-mama-avanzada\/","og_site_name":"Arbrea Labs","article_publisher":"https:\/\/www.facebook.com\/arbrealabs","article_modified_time":"2025-09-19T08:49:39+00:00","og_image":[{"width":1080,"height":1080,"url":"https:\/\/arbrea-labs.com\/wp-content\/uploads\/2022\/05\/5-1.png","type":"image\/png"}],"twitter_card":"summary_large_image","twitter_misc":{"Tiempo de lectura":"1 minuto"},"schema":{"@context":"https:\/\/schema.org","@graph":[{"@type":"WebPage","@id":"https:\/\/arbrea-labs.com\/product\/arbrea-breast-advanced\/","url":"https:\/\/arbrea-labs.com\/product\/arbrea-breast-advanced\/","name":"Arbrea Breast ADVANCED - Laboratorios Arbrea","isPartOf":{"@id":"https:\/\/arbrea-labs.com\/#website"},"primaryImageOfPage":{"@id":"https:\/\/arbrea-labs.com\/product\/arbrea-breast-advanced\/#primaryimage"},"image":{"@id":"https:\/\/arbrea-labs.com\/product\/arbrea-breast-advanced\/#primaryimage"},"thumbnailUrl":"https:\/\/arbrea-labs.com\/wp-content\/uploads\/2022\/05\/5-1.png","datePublished":"2022-05-11T14:34:52+00:00","dateModified":"2025-09-19T08:49:39+00:00","description":"Arbrea Breast Advanced: soluci\u00f3n premium 3D y AR para aumento y reducci\u00f3n, con cat\u00e1logo completo de implantes, servicio personalizado y medidas precisas.","breadcrumb":{"@id":"https:\/\/arbrea-labs.com\/product\/arbrea-breast-advanced\/#breadcrumb"},"inLanguage":"es","potentialAction":[{"@type":"ReadAction","target":["https:\/\/arbrea-labs.com\/product\/arbrea-breast-advanced\/"]}]},{"@type":"ImageObject","inLanguage":"es","@id":"https:\/\/arbrea-labs.com\/product\/arbrea-breast-advanced\/#primaryimage","url":"https:\/\/arbrea-labs.com\/wp-content\/uploads\/2022\/05\/5-1.png","contentUrl":"https:\/\/arbrea-labs.com\/wp-content\/uploads\/2022\/05\/5-1.png","width":1080,"height":1080,"caption":"Arbrea Breast Advanced"},{"@type":"BreadcrumbList","@id":"https:\/\/arbrea-labs.com\/product\/arbrea-breast-advanced\/#breadcrumb","itemListElement":[{"@type":"ListItem","position":1,"name":"Home","item":"https:\/\/arbrea-labs.com\/"},{"@type":"ListItem","position":2,"name":"Shop","item":"https:\/\/arbrea-labs.com\/shop\/"},{"@type":"ListItem","position":3,"name":"Arbrea Breast ADVANCED"}]},{"@type":"WebSite","@id":"https:\/\/arbrea-labs.com\/#website","url":"https:\/\/arbrea-labs.com\/","name":"Laboratorios Arbrea","description":"Realidad aumentada y soluciones 3D para est\u00e9tica","publisher":{"@id":"https:\/\/arbrea-labs.com\/#organization"},"alternateName":"Arbrea","potentialAction":[{"@type":"SearchAction","target":{"@type":"EntryPoint","urlTemplate":"https:\/\/arbrea-labs.com\/?s={search_term_string}"},"query-input":{"@type":"PropertyValueSpecification","valueRequired":true,"valueName":"search_term_string"}}],"inLanguage":"es"},{"@type":"Organization","@id":"https:\/\/arbrea-labs.com\/#organization","name":"Laboratorios Arbrea","alternateName":"Arbrea","url":"https:\/\/arbrea-labs.com\/","logo":{"@type":"ImageObject","inLanguage":"es","@id":"https:\/\/arbrea-labs.com\/#\/schema\/logo\/image\/","url":"https:\/\/arbrea-labs.com\/wp-content\/uploads\/2022\/01\/logo_arbrea_LABS-01-1-e1641392734450.png","contentUrl":"https:\/\/arbrea-labs.com\/wp-content\/uploads\/2022\/01\/logo_arbrea_LABS-01-1-e1641392734450.png","width":2000,"height":750,"caption":"Arbrea Labs"},"image":{"@id":"https:\/\/arbrea-labs.com\/#\/schema\/logo\/image\/"},"sameAs":["https:\/\/www.facebook.com\/arbrealabs","https:\/\/www.instagram.com\/arbrealabs\/","https:\/\/www.linkedin.com\/company\/arbrea-labs-ag\/","https:\/\/www.youtube.com\/channel\/UCbHN9gofXJv8rMAHcAguTcg"],"description":"Arbrea Labs lidera la combinaci\u00f3n de tecnolog\u00eda avanzada de IA con atenci\u00f3n sanitaria personalizada. Nuestros simuladores 3D y de realidad aumentada, r\u00e1pidos, sencillos y seguros, optimizan las consultas, ahorran tiempo y mejoran la educaci\u00f3n del paciente. Al mismo tiempo, nuestro potenciador de marketing basado en realidad aumentada mejora la experiencia del paciente, maximizando el retorno de la inversi\u00f3n en marketing y fomentando la generaci\u00f3n eficiente de clientes potenciales. \u00danase a nosotros para dar forma al futuro de la atenci\u00f3n sanitaria est\u00e9tica.","email":"info@arbrea-labs.com","legalName":"Arbrea Labs AG","foundingDate":"2018-03-04","vatID":"CHE-292.633.177","numberOfEmployees":{"@type":"QuantitativeValue","minValue":"11","maxValue":"50"}}]}},"_links":{"self":[{"href":"https:\/\/arbrea-labs.com\/es\/wp-json\/wp\/v2\/product\/17766","targetHints":{"allow":["GET"]}}],"collection":[{"href":"https:\/\/arbrea-labs.com\/es\/wp-json\/wp\/v2\/product"}],"about":[{"href":"https:\/\/arbrea-labs.com\/es\/wp-json\/wp\/v2\/types\/product"}],"wp:featuredmedia":[{"embeddable":true,"href":"https:\/\/arbrea-labs.com\/es\/wp-json\/wp\/v2\/media\/53804"}],"wp:attachment":[{"href":"https:\/\/arbrea-labs.com\/es\/wp-json\/wp\/v2\/media?parent=17766"}],"wp:term":[{"taxonomy":"product_brand","embeddable":true,"href":"https:\/\/arbrea-labs.com\/es\/wp-json\/wp\/v2\/product_brand?post=17766"},{"taxonomy":"product_cat","embeddable":true,"href":"https:\/\/arbrea-labs.com\/es\/wp-json\/wp\/v2\/product_cat?post=17766"},{"taxonomy":"product_tag","embeddable":true,"href":"https:\/\/arbrea-labs.com\/es\/wp-json\/wp\/v2\/product_tag?post=17766"}],"curies":[{"name":"wp","href":"https:\/\/api.w.org\/{rel}","templated":true}]}}