{"id":9966,"date":"2022-02-02T13:31:39","date_gmt":"2022-02-02T13:31:39","guid":{"rendered":"https:\/\/arbrea-labs.com\/?page_id=9966"},"modified":"2026-02-11T12:09:07","modified_gmt":"2026-02-11T11:09:07","slug":"reserve-una-demostracion","status":"publish","type":"page","link":"https:\/\/arbrea-labs.com\/es\/book-a-demo\/","title":{"rendered":"Reservar una demostraci\u00f3n"},"content":{"rendered":"<div id=\"fws_69db5b995e29c\"  data-column-margin=\"none\" data-midnight=\"dark\" data-bottom-percent=\"1%\"  class=\"wpb_row vc_row-fluid vc_row full-width-content vc_row-o-equal-height vc_row-flex vc_row-o-content-middle  nectar-overflow-hidden\"  style=\"padding-top: 0px; padding-bottom: calc(100vw * 0.01); \"><div class=\"row-bg-wrap\" data-bg-animation=\"none\" data-bg-animation-delay=\"\" data-bg-overlay=\"false\"><div class=\"inner-wrap row-bg-layer\" ><div class=\"row-bg viewport-desktop\"  style=\"\"><\/div><\/div><\/div><div class=\"row_col_wrap_12 col span_12 dark center\">\n\t<div style=\" color: #6f2791;\" class=\"vc_col-sm-12 wpb_column column_container vc_column_container col force-desktop-text-align-left force-phone-text-align-center left_padding_desktop_7vw top_padding_desktop_4vw right_padding_desktop_7vw bottom_padding_desktop_6vw\" data-cfc=\"true\"  data-padding-pos=\"all\" data-has-bg-color=\"false\" data-bg-color=\"\" data-bg-opacity=\"1\" data-animation=\"\" data-delay=\"0\" >\n\t\t<div class=\"vc_column-inner\" >\n\t\t\t<div class=\"wpb_wrapper\">\n\t\t\t\t<div id=\"fws_69db5b995e554\" data-midnight=\"\" data-column-margin=\"none\" class=\"wpb_row vc_row-fluid vc_row inner_row  right_padding_10pct top_padding_tablet_8pct top_padding_phone_5pct right_padding_phone_5pct left_padding_phone_5pct\"  style=\"padding-top: 5%; \"><div class=\"row-bg-wrap\"> <div class=\"row-bg\" ><\/div> <\/div><div class=\"row_col_wrap_12_inner col span_12  left\">\n\t<div  class=\"vc_col-sm-12 wpb_column column_container vc_column_container col child_column centered-text no-extra-padding force-phone-text-align-center el_spacing_0px inherit_tablet inherit_phone\"   data-padding-pos=\"all\" data-has-bg-color=\"false\" data-bg-color=\"\" data-bg-opacity=\"1\" data-animation=\"\" data-delay=\"0\" >\n\t\t<div class=\"vc_column-inner\" >\n\t\t<div class=\"wpb_wrapper\">\n\t\t\t\n\t<div class=\"wpb_raw_code wpb_raw_html wpb_content_element\" >\n\t\t<div class=\"wpb_wrapper\">\n\t\t\t<div data-tf-widget=\"ldoq7Z7P\" data-tf-opacity=\"100\" data-tf-iframe-props=\"title=Book a demo Form\" data-tf-transitive-search-params data-tf-disable-scroll data-tf-auto-resize data-tf-medium=\"snippet\" style=\"width:100%;height:500px;\"><\/div><script src=\"\/\/embed.typeform.com\/next\/embed.js\"><\/script>\n\t\t<\/div>\n\t<\/div>\n\n\t\t<\/div> \n\t<\/div>\n\t<\/div> \n<\/div><\/div>\n\t\t\t<\/div> \n\t\t<\/div>\n\t<\/div> \n<\/div><\/div>\n\t\t<div id=\"testimonials\"  data-column-margin=\"default\" data-midnight=\"dark\" data-top-percent=\"3%\" data-bottom-percent=\"3%\"  class=\"wpb_row vc_row-fluid vc_row full-width-content has-row-bg-color vc_row-o-equal-height vc_row-flex vc_row-o-content-top\"  style=\"padding-top: calc(100vw * 0.03); padding-bottom: calc(100vw * 0.03); --row-bg-color: #f4f4f4;\"><div class=\"row-bg-wrap\" data-bg-animation=\"none\" data-bg-animation-delay=\"\" data-bg-overlay=\"false\"><div class=\"inner-wrap row-bg-layer\" ><div class=\"row-bg viewport-desktop using-bg-color\"  style=\"background-color: #f4f4f4; \"><\/div><\/div><\/div><div class=\"row_col_wrap_12 col span_12 dark left\">\n\t<div style=\"margin-top: 30px; margin-bottom: 30px; \" class=\"vc_col-sm-12 wpb_column column_container vc_column_container col no-extra-padding inherit_tablet inherit_phone\"  data-padding-pos=\"all\" data-has-bg-color=\"false\" data-bg-color=\"\" data-bg-opacity=\"1\" data-animation=\"\" data-delay=\"0\" >\n\t\t<div class=\"vc_column-inner\" >\n\t\t\t<div class=\"wpb_wrapper\">\n\t\t\t\t<div class=\"nectar-carousel-flickity-fixed-content\" data-alignment=\"default\" data-control-color=\"default\"> <div class=\"nectar-carousel-fixed-content\"><\/p>\n<h2>Por qu\u00e9 eligen Arbrea<\/h2>\n<p>Vea por qu\u00e9 los profesionales sanitarios conf\u00edan en Arbrea Suite<div><a class=\"nectar-button large regular accent-color regular-button has-icon\" href=\"https:\/\/calendly.com\/gui-arbrea\/guiherme?month=2024-04\"  data-color-override=\"false\" data-hover-color-override=\"false\" data-hover-text-color-override=\"#fff\"><span>Conozca a un experto de Arbrea<\/span> <i class=\"icon-button-arrow\"><\/i><\/a><\/div><\/div><div class=\"nectar-flickity not-initialized nectar-carousel\" data-centered-cells=\"false\" data-pause-on-hover=\"\" data-touch-icon-color=\"default\" data-control-color=\"default\" data-overflow=\"hidden\" data-r-bottom-total=\"\" data-drag-scale=\"\" data-wrap=\"wrap\" data-spacing=\"default\" data-controls=\"default\" data-pagination-alignment=\"default\" data-adaptive-height=\"\" data-border-radius=\"10px\" data-column-border=\"true\" data-column-padding=\"50px\" data-format=\"fixed_text_content_fullwidth\" data-autoplay=\"true\" data-autoplay-dur=\"7000\" data-control-style=\"material_pagination\" data-desktop-columns=\"3\" data-small-desktop-columns=\"2\" data-tablet-columns=\"1\" data-phone-columns=\"1\" data-column-color=\"#ffffff\"><div class=\"flickity-viewport\"> <div class=\"flickity-slider\"><div class=\"cell\"><div class=\"inner-wrap-outer\"><div class=\"inner-wrap\" style=\"background-color: #ffffff;\"><blockquote class=\"nectar_single_testimonial\" tabindex=\"0\" data-color=\"\" data-style=\"basic\"><div class=\"inner\"> <p>\"\u00a1Uso el software de Arbrea y estoy realmente muy satisfecho! Muy f\u00e1cil de aprender y utilizar s\u00f3lo con tu iPhone y sin conexi\u00f3n a Internet!\" <\/p><div role=\"presentation\" data-shadow=\"\" class=\"image-icon\" style=\"background-image: url(https:\/\/arbrea-labs.com\/wp-content\/uploads\/2024\/04\/Untitled-design-57-300x300.png);\"><\/div><span class=\"wrap\"><span>Dr. Aquiles Chantes<\/span><span class=\"title\">Cirujano pl\u00e1stico<\/span><\/span><\/div><\/blockquote><\/div><\/div><\/div><div class=\"cell\"><div class=\"inner-wrap-outer\"><div class=\"inner-wrap\" style=\"background-color: #ffffff;\"><blockquote class=\"nectar_single_testimonial\" tabindex=\"0\" data-color=\"\" data-style=\"basic\"><div class=\"inner\"> <p>\"La mejor inversi\u00f3n, y a mis pacientes les encanta ver las im\u00e1genes en 3D.<br \/>\nMuy recomendable para mejorar la atenci\u00f3n y el compromiso de los pacientes\". <\/p><div role=\"presentation\" data-shadow=\"\" class=\"image-icon\" style=\"background-image: url(https:\/\/arbrea-labs.com\/wp-content\/uploads\/2024\/03\/5-300x300.png);\"><\/div><span class=\"wrap\"><span>Dra. Elsa Raskin<\/span><span class=\"title\">Cirujano pl\u00e1stico<\/span><\/span><\/div><\/blockquote><\/div><\/div><\/div><div class=\"cell\"><div class=\"inner-wrap-outer\"><div class=\"inner-wrap\" style=\"background-color: #ffffff;\"><blockquote class=\"nectar_single_testimonial\" tabindex=\"0\" data-color=\"\" data-style=\"basic\"><div class=\"inner\"> <p>\"En Cosmetic Surgery Z\u00fcrich utilizamos Arbrea Suite y es absolutamente genial. F\u00e1cil de usar y resultados muy realistas. A nuestros pacientes les encanta\". <\/p><div role=\"presentation\" data-shadow=\"true\" class=\"image-icon\" style=\"background-image: url(https:\/\/arbrea-labs.com\/wp-content\/uploads\/2024\/03\/4-300x300.png);\"><\/div><span class=\"wrap\"><span>Dra. Annemarie Nijboer<\/span><span class=\"title\">Cirujano pl\u00e1stico<\/span><\/span><\/div><\/blockquote><\/div><\/div><\/div><div class=\"cell\"><div class=\"inner-wrap-outer\"><div class=\"inner-wrap\" style=\"background-color: #ffffff;\"><blockquote class=\"nectar_single_testimonial\" tabindex=\"0\" data-color=\"\" data-style=\"basic\"><div class=\"inner\"> <p>\"La ventaja de utilizar Arbrea es que la paciente se compara consigo misma y puede entender mejor lo que le gustar\u00eda ser\". <\/p><div role=\"presentation\" data-shadow=\"\" class=\"image-icon\" style=\"background-image: url(https:\/\/arbrea-labs.com\/wp-content\/uploads\/2024\/04\/WhatsApp-Image-2021-11-17-at-15.20.42-200x300.jpeg);\"><\/div><span class=\"wrap\"><span>Dra. Jerusa Vieira<\/span><span class=\"title\">Especialista en Armonizaci\u00f3n Orofacial<\/span><\/span><\/div><\/blockquote><\/div><\/div><\/div><\/div><\/div><\/div><\/div>\n\t\t\t<\/div> \n\t\t<\/div>\n\t<\/div> \n<\/div><\/div>\n\t\t<div id=\"fws_69db5b996007c\"  data-column-margin=\"default\" data-midnight=\"dark\"  class=\"wpb_row vc_row-fluid vc_row full-width-content vc_row-o-equal-height vc_row-flex vc_row-o-content-top\"  style=\"padding-top: 0px; padding-bottom: 1px; \"><div class=\"row-bg-wrap\" data-bg-animation=\"none\" data-bg-animation-delay=\"\" data-bg-overlay=\"false\"><div class=\"inner-wrap row-bg-layer\" ><div class=\"row-bg viewport-desktop\"  style=\"\"><\/div><\/div><\/div><div class=\"row_col_wrap_12 col span_12 dark left\">\n\t<div  class=\"vc_col-sm-12 wpb_column column_container vc_column_container col no-extra-padding inherit_tablet inherit_phone\"  data-padding-pos=\"all\" data-has-bg-color=\"false\" data-bg-color=\"\" data-bg-opacity=\"1\" data-animation=\"\" data-delay=\"0\" >\n\t\t<div class=\"vc_column-inner\" >\n\t\t\t<div class=\"wpb_wrapper\">\n\t\t\t\t\n<div class=\"wpb_text_column wpb_content_element  vc_custom_1504236254794\" >\n\t<\/div>\n\n\n\n\n\t\t\t<\/div> \n\t\t<\/div>\n\t<\/div> \n<\/div><\/div>","protected":false},"excerpt":{"rendered":"Por qu\u00e9 eligen Arbrea Vea por qu\u00e9 los profesionales sanitarios conf\u00edan en Arbrea SuiteConozca a un experto de Arbrea \u201c\u00a1Uso el software de Arbrea y estoy realmente muy satisfecho! Muy...","protected":false},"author":1,"featured_media":26286,"parent":0,"menu_order":0,"comment_status":"closed","ping_status":"closed","template":"","meta":{"footnotes":""},"class_list":["post-9966","page","type-page","status-publish","has-post-thumbnail"],"yoast_head":"<!-- This site is optimized with the Yoast SEO Premium plugin v27.3 (Yoast SEO v27.3) - https:\/\/yoast.com\/product\/yoast-seo-premium-wordpress\/ -->\n<title>See Our Simulator in Action: Book a Demo<\/title>\n<meta name=\"description\" content=\"Get a firsthand experience of our simulators by booking a demo. See how it can help you achieve your goals.\" \/>\n<meta name=\"robots\" content=\"index, follow, max-snippet:-1, max-image-preview:large, max-video-preview:-1\" \/>\n<link rel=\"canonical\" href=\"https:\/\/arbrea-labs.com\/es\/reserve-una-demostracion\/\" \/>\n<meta property=\"og:locale\" content=\"es_ES\" \/>\n<meta property=\"og:type\" content=\"article\" \/>\n<meta property=\"og:title\" content=\"Book a demo\" \/>\n<meta property=\"og:description\" content=\"Get a firsthand experience of our simulators by booking a demo. See how it can help you achieve your goals.\" \/>\n<meta property=\"og:url\" content=\"https:\/\/arbrea-labs.com\/es\/reserve-una-demostracion\/\" \/>\n<meta property=\"og:site_name\" content=\"Arbrea Labs\" \/>\n<meta property=\"article:publisher\" content=\"https:\/\/www.facebook.com\/arbrealabs\" \/>\n<meta property=\"article:modified_time\" content=\"2026-02-11T11:09:07+00:00\" \/>\n<meta property=\"og:image\" content=\"https:\/\/arbrea-labs.com\/wp-content\/uploads\/2024\/03\/Minimalist-Tablet-and-Smartphone-Composition-on-Transparent-Background-1024x729.png\" \/>\n\t<meta property=\"og:image:width\" content=\"1024\" \/>\n\t<meta property=\"og:image:height\" content=\"729\" \/>\n\t<meta property=\"og:image:type\" content=\"image\/png\" \/>\n<meta name=\"twitter:card\" content=\"summary_large_image\" \/>\n<meta name=\"twitter:label1\" content=\"Tiempo de lectura\" \/>\n\t<meta name=\"twitter:data1\" content=\"4 minutos\" \/>\n<script type=\"application\/ld+json\" class=\"yoast-schema-graph\">{\"@context\":\"https:\\\/\\\/schema.org\",\"@graph\":[{\"@type\":\"WebPage\",\"@id\":\"https:\\\/\\\/arbrea-labs.com\\\/book-a-demo\\\/\",\"url\":\"https:\\\/\\\/arbrea-labs.com\\\/book-a-demo\\\/\",\"name\":\"See Our Simulator in Action: Book a Demo\",\"isPartOf\":{\"@id\":\"https:\\\/\\\/arbrea-labs.com\\\/#website\"},\"primaryImageOfPage\":{\"@id\":\"https:\\\/\\\/arbrea-labs.com\\\/book-a-demo\\\/#primaryimage\"},\"image\":{\"@id\":\"https:\\\/\\\/arbrea-labs.com\\\/book-a-demo\\\/#primaryimage\"},\"thumbnailUrl\":\"https:\\\/\\\/arbrea-labs.com\\\/wp-content\\\/uploads\\\/2024\\\/03\\\/Minimalist-Tablet-and-Smartphone-Composition-on-Transparent-Background.png\",\"datePublished\":\"2022-02-02T13:31:39+00:00\",\"dateModified\":\"2026-02-11T11:09:07+00:00\",\"description\":\"Get a firsthand experience of our simulators by booking a demo. See how it can help you achieve your goals.\",\"breadcrumb\":{\"@id\":\"https:\\\/\\\/arbrea-labs.com\\\/book-a-demo\\\/#breadcrumb\"},\"inLanguage\":\"es\",\"potentialAction\":[{\"@type\":\"ReadAction\",\"target\":[\"https:\\\/\\\/arbrea-labs.com\\\/book-a-demo\\\/\"]}]},{\"@type\":\"ImageObject\",\"inLanguage\":\"es\",\"@id\":\"https:\\\/\\\/arbrea-labs.com\\\/book-a-demo\\\/#primaryimage\",\"url\":\"https:\\\/\\\/arbrea-labs.com\\\/wp-content\\\/uploads\\\/2024\\\/03\\\/Minimalist-Tablet-and-Smartphone-Composition-on-Transparent-Background.png\",\"contentUrl\":\"https:\\\/\\\/arbrea-labs.com\\\/wp-content\\\/uploads\\\/2024\\\/03\\\/Minimalist-Tablet-and-Smartphone-Composition-on-Transparent-Background.png\",\"width\":2560,\"height\":1824,\"caption\":\"Arbrea Labs Book a demo\"},{\"@type\":\"BreadcrumbList\",\"@id\":\"https:\\\/\\\/arbrea-labs.com\\\/book-a-demo\\\/#breadcrumb\",\"itemListElement\":[{\"@type\":\"ListItem\",\"position\":1,\"name\":\"Home\",\"item\":\"https:\\\/\\\/arbrea-labs.com\\\/\"},{\"@type\":\"ListItem\",\"position\":2,\"name\":\"Book a demo\"}]},{\"@type\":\"WebSite\",\"@id\":\"https:\\\/\\\/arbrea-labs.com\\\/#website\",\"url\":\"https:\\\/\\\/arbrea-labs.com\\\/\",\"name\":\"Arbrea Labs\",\"description\":\"Augmented Reality &amp; 3D Solutions for Aesthetics\",\"publisher\":{\"@id\":\"https:\\\/\\\/arbrea-labs.com\\\/#organization\"},\"alternateName\":\"Arbrea\",\"potentialAction\":[{\"@type\":\"SearchAction\",\"target\":{\"@type\":\"EntryPoint\",\"urlTemplate\":\"https:\\\/\\\/arbrea-labs.com\\\/?s={search_term_string}\"},\"query-input\":{\"@type\":\"PropertyValueSpecification\",\"valueRequired\":true,\"valueName\":\"search_term_string\"}}],\"inLanguage\":\"es\"},{\"@type\":\"Organization\",\"@id\":\"https:\\\/\\\/arbrea-labs.com\\\/#organization\",\"name\":\"Arbrea Labs\",\"alternateName\":\"Arbrea\",\"url\":\"https:\\\/\\\/arbrea-labs.com\\\/\",\"logo\":{\"@type\":\"ImageObject\",\"inLanguage\":\"es\",\"@id\":\"https:\\\/\\\/arbrea-labs.com\\\/#\\\/schema\\\/logo\\\/image\\\/\",\"url\":\"https:\\\/\\\/arbrea-labs.com\\\/wp-content\\\/uploads\\\/2022\\\/01\\\/logo_arbrea_LABS-01-1-e1641392734450.png\",\"contentUrl\":\"https:\\\/\\\/arbrea-labs.com\\\/wp-content\\\/uploads\\\/2022\\\/01\\\/logo_arbrea_LABS-01-1-e1641392734450.png\",\"width\":2000,\"height\":750,\"caption\":\"Arbrea Labs\"},\"image\":{\"@id\":\"https:\\\/\\\/arbrea-labs.com\\\/#\\\/schema\\\/logo\\\/image\\\/\"},\"sameAs\":[\"https:\\\/\\\/www.facebook.com\\\/arbrealabs\",\"https:\\\/\\\/www.instagram.com\\\/arbrealabs\\\/\",\"https:\\\/\\\/www.linkedin.com\\\/company\\\/arbrea-labs-ag\\\/\",\"https:\\\/\\\/www.youtube.com\\\/channel\\\/UCbHN9gofXJv8rMAHcAguTcg\"],\"description\":\"Arbrea Labs leads the way in blending advanced AI technology with personalized healthcare. Our fast, simple and safe Augmented Reality & 3D simulators optimize consultations, saving time and enhancing patient education. Meanwhile, our AR-driven marketing booster enhances patient journeys, maximizing marketing ROI and fostering efficient lead generation. Join us as we shape the future of aesthetic healthcare.\",\"email\":\"info@arbrea-labs.com\",\"legalName\":\"Arbrea Labs AG\",\"foundingDate\":\"2018-03-04\",\"vatID\":\"CHE-292.633.177\",\"numberOfEmployees\":{\"@type\":\"QuantitativeValue\",\"minValue\":\"11\",\"maxValue\":\"50\"}}]}<\/script>\n<!-- \/ Yoast SEO Premium plugin. -->","yoast_head_json":{"title":"Vea nuestro simulador en acci\u00f3n: Reserve una demostraci\u00f3n","description":"Obtenga una experiencia de primera mano de nuestros simuladores reservando una demostraci\u00f3n. Compruebe c\u00f3mo pueden ayudarle a alcanzar sus objetivos.","robots":{"index":"index","follow":"follow","max-snippet":"max-snippet:-1","max-image-preview":"max-image-preview:large","max-video-preview":"max-video-preview:-1"},"canonical":"https:\/\/arbrea-labs.com\/es\/reserve-una-demostracion\/","og_locale":"es_ES","og_type":"article","og_title":"Book a demo","og_description":"Get a firsthand experience of our simulators by booking a demo. See how it can help you achieve your goals.","og_url":"https:\/\/arbrea-labs.com\/es\/reserve-una-demostracion\/","og_site_name":"Arbrea Labs","article_publisher":"https:\/\/www.facebook.com\/arbrealabs","article_modified_time":"2026-02-11T11:09:07+00:00","og_image":[{"width":1024,"height":729,"url":"https:\/\/arbrea-labs.com\/wp-content\/uploads\/2024\/03\/Minimalist-Tablet-and-Smartphone-Composition-on-Transparent-Background-1024x729.png","type":"image\/png"}],"twitter_card":"summary_large_image","twitter_misc":{"Tiempo de lectura":"4 minutos"},"schema":{"@context":"https:\/\/schema.org","@graph":[{"@type":"WebPage","@id":"https:\/\/arbrea-labs.com\/book-a-demo\/","url":"https:\/\/arbrea-labs.com\/book-a-demo\/","name":"Vea nuestro simulador en acci\u00f3n: Reserve una demostraci\u00f3n","isPartOf":{"@id":"https:\/\/arbrea-labs.com\/#website"},"primaryImageOfPage":{"@id":"https:\/\/arbrea-labs.com\/book-a-demo\/#primaryimage"},"image":{"@id":"https:\/\/arbrea-labs.com\/book-a-demo\/#primaryimage"},"thumbnailUrl":"https:\/\/arbrea-labs.com\/wp-content\/uploads\/2024\/03\/Minimalist-Tablet-and-Smartphone-Composition-on-Transparent-Background.png","datePublished":"2022-02-02T13:31:39+00:00","dateModified":"2026-02-11T11:09:07+00:00","description":"Obtenga una experiencia de primera mano de nuestros simuladores reservando una demostraci\u00f3n. Compruebe c\u00f3mo pueden ayudarle a alcanzar sus objetivos.","breadcrumb":{"@id":"https:\/\/arbrea-labs.com\/book-a-demo\/#breadcrumb"},"inLanguage":"es","potentialAction":[{"@type":"ReadAction","target":["https:\/\/arbrea-labs.com\/book-a-demo\/"]}]},{"@type":"ImageObject","inLanguage":"es","@id":"https:\/\/arbrea-labs.com\/book-a-demo\/#primaryimage","url":"https:\/\/arbrea-labs.com\/wp-content\/uploads\/2024\/03\/Minimalist-Tablet-and-Smartphone-Composition-on-Transparent-Background.png","contentUrl":"https:\/\/arbrea-labs.com\/wp-content\/uploads\/2024\/03\/Minimalist-Tablet-and-Smartphone-Composition-on-Transparent-Background.png","width":2560,"height":1824,"caption":"Arbrea Labs Book a demo"},{"@type":"BreadcrumbList","@id":"https:\/\/arbrea-labs.com\/book-a-demo\/#breadcrumb","itemListElement":[{"@type":"ListItem","position":1,"name":"Home","item":"https:\/\/arbrea-labs.com\/"},{"@type":"ListItem","position":2,"name":"Book a demo"}]},{"@type":"WebSite","@id":"https:\/\/arbrea-labs.com\/#website","url":"https:\/\/arbrea-labs.com\/","name":"Laboratorios Arbrea","description":"Realidad aumentada y soluciones 3D para est\u00e9tica","publisher":{"@id":"https:\/\/arbrea-labs.com\/#organization"},"alternateName":"Arbrea","potentialAction":[{"@type":"SearchAction","target":{"@type":"EntryPoint","urlTemplate":"https:\/\/arbrea-labs.com\/?s={search_term_string}"},"query-input":{"@type":"PropertyValueSpecification","valueRequired":true,"valueName":"search_term_string"}}],"inLanguage":"es"},{"@type":"Organization","@id":"https:\/\/arbrea-labs.com\/#organization","name":"Laboratorios Arbrea","alternateName":"Arbrea","url":"https:\/\/arbrea-labs.com\/","logo":{"@type":"ImageObject","inLanguage":"es","@id":"https:\/\/arbrea-labs.com\/#\/schema\/logo\/image\/","url":"https:\/\/arbrea-labs.com\/wp-content\/uploads\/2022\/01\/logo_arbrea_LABS-01-1-e1641392734450.png","contentUrl":"https:\/\/arbrea-labs.com\/wp-content\/uploads\/2022\/01\/logo_arbrea_LABS-01-1-e1641392734450.png","width":2000,"height":750,"caption":"Arbrea Labs"},"image":{"@id":"https:\/\/arbrea-labs.com\/#\/schema\/logo\/image\/"},"sameAs":["https:\/\/www.facebook.com\/arbrealabs","https:\/\/www.instagram.com\/arbrealabs\/","https:\/\/www.linkedin.com\/company\/arbrea-labs-ag\/","https:\/\/www.youtube.com\/channel\/UCbHN9gofXJv8rMAHcAguTcg"],"description":"Arbrea Labs lidera la combinaci\u00f3n de tecnolog\u00eda avanzada de IA con atenci\u00f3n sanitaria personalizada. Nuestros simuladores 3D y de realidad aumentada, r\u00e1pidos, sencillos y seguros, optimizan las consultas, ahorran tiempo y mejoran la educaci\u00f3n del paciente. Al mismo tiempo, nuestro potenciador de marketing basado en realidad aumentada mejora la experiencia del paciente, maximizando el retorno de la inversi\u00f3n en marketing y fomentando la generaci\u00f3n eficiente de clientes potenciales. \u00danase a nosotros para dar forma al futuro de la atenci\u00f3n sanitaria est\u00e9tica.","email":"info@arbrea-labs.com","legalName":"Arbrea Labs AG","foundingDate":"2018-03-04","vatID":"CHE-292.633.177","numberOfEmployees":{"@type":"QuantitativeValue","minValue":"11","maxValue":"50"}}]}},"_links":{"self":[{"href":"https:\/\/arbrea-labs.com\/es\/wp-json\/wp\/v2\/pages\/9966","targetHints":{"allow":["GET"]}}],"collection":[{"href":"https:\/\/arbrea-labs.com\/es\/wp-json\/wp\/v2\/pages"}],"about":[{"href":"https:\/\/arbrea-labs.com\/es\/wp-json\/wp\/v2\/types\/page"}],"author":[{"embeddable":true,"href":"https:\/\/arbrea-labs.com\/es\/wp-json\/wp\/v2\/users\/1"}],"replies":[{"embeddable":true,"href":"https:\/\/arbrea-labs.com\/es\/wp-json\/wp\/v2\/comments?post=9966"}],"version-history":[{"count":0,"href":"https:\/\/arbrea-labs.com\/es\/wp-json\/wp\/v2\/pages\/9966\/revisions"}],"wp:featuredmedia":[{"embeddable":true,"href":"https:\/\/arbrea-labs.com\/es\/wp-json\/wp\/v2\/media\/26286"}],"wp:attachment":[{"href":"https:\/\/arbrea-labs.com\/es\/wp-json\/wp\/v2\/media?parent=9966"}],"curies":[{"name":"wp","href":"https:\/\/api.w.org\/{rel}","templated":true}]}}