{"id":54319,"date":"2025-11-14T13:30:48","date_gmt":"2025-11-14T12:30:48","guid":{"rendered":"https:\/\/arbrea-labs.com\/?page_id=54319"},"modified":"2025-11-14T13:32:53","modified_gmt":"2025-11-14T12:32:53","slug":"especialista-en-marketing","status":"publish","type":"page","link":"https:\/\/arbrea-labs.com\/es\/marketing-specialist\/","title":{"rendered":"Especialista en marketing"},"content":{"rendered":"<div id=\"fws_69d29d1c0b1d3\"  data-column-margin=\"default\" data-midnight=\"light\" data-top-percent=\"2%\" data-bottom-percent=\"2%\"  class=\"wpb_row vc_row-fluid vc_row full-width-section has-row-bg-color\"  style=\"padding-top: calc(100vw * 0.02); padding-bottom: calc(100vw * 0.02); --row-bg-color: #00020C;\"><div class=\"row-bg-wrap\" data-bg-animation=\"none\" data-bg-animation-delay=\"\" data-bg-overlay=\"true\"><div class=\"inner-wrap row-bg-layer using-image\" ><div class=\"row-bg viewport-desktop using-image using-bg-color lazyload\" style=\"background-image: url(https:\/\/arbrea-labs.com\/wp-includes\/images\/blank.gif);background-position: center center;background-repeat: no-repeat;background-color: #00020C;\" data-background-image=\"https:\/\/arbrea-labs.com\/wp-content\/uploads\/2022\/05\/Untitled-design-16.png\"><\/div><\/div><div class=\"row-bg-overlay row-bg-layer\" style=\"background-color:#0c0c0c;  opacity: 0.3; \"><\/div><\/div><div class=\"row_col_wrap_12 col span_12 light left\">\n\t<div  class=\"vc_col-sm-2 wpb_column column_container vc_column_container col no-extra-padding inherit_tablet inherit_phone\"  data-padding-pos=\"all\" data-has-bg-color=\"false\" data-bg-color=\"\" data-bg-opacity=\"1\" data-animation=\"\" data-delay=\"0\" >\n\t\t<div class=\"vc_column-inner\" >\n\t\t\t<div class=\"wpb_wrapper\">\n\t\t\t\t\n\t\t\t<\/div> \n\t\t<\/div>\n\t<\/div> \n\n\t<div  class=\"vc_col-sm-8 wpb_column column_container vc_column_container col centered-text has-animation no-extra-padding inherit_tablet inherit_phone\"  data-padding-pos=\"all\" data-has-bg-color=\"false\" data-bg-color=\"\" data-bg-opacity=\"1\" data-animation=\"zoom-out\" data-delay=\"0\" >\n\t\t<div class=\"vc_column-inner\" >\n\t\t\t<div class=\"wpb_wrapper\">\n\t\t\t\t<h4 style=\"font-size: 20px;color: rgba(255,255,255,0.7);line-height: 36px;text-align: center;font-family:Roboto;font-weight:500;font-style:normal\" class=\"vc_custom_heading vc_do_custom_heading vc_custom_1682714540573\" >\u00danete a nuestro equipo creativo<\/h4><h1 style=\"font-size: 83px;line-height: 98px;text-align: center;font-family:Roboto;font-weight:400;font-style:normal\" class=\"vc_custom_heading vc_do_custom_heading vc_custom_1763123252097\" >Especialista en marketing<\/h1>\n\t\t\t<\/div> \n\t\t<\/div>\n\t<\/div> \n\n\t<div  class=\"vc_col-sm-2 wpb_column column_container vc_column_container col no-extra-padding inherit_tablet inherit_phone\"  data-padding-pos=\"all\" data-has-bg-color=\"false\" data-bg-color=\"\" data-bg-opacity=\"1\" data-animation=\"\" data-delay=\"0\" >\n\t\t<div class=\"vc_column-inner\" >\n\t\t\t<div class=\"wpb_wrapper\">\n\t\t\t\t\n\t\t\t<\/div> \n\t\t<\/div>\n\t<\/div> \n<\/div><\/div>\n\t\t<div id=\"fws_69d29d1c0b5a0\"  data-column-margin=\"default\" data-midnight=\"dark\" data-top-percent=\"3%\"  class=\"wpb_row vc_row-fluid vc_row\"  style=\"padding-top: calc(100vw * 0.03); padding-bottom: 0px; \"><div class=\"row-bg-wrap\" data-bg-animation=\"none\" data-bg-animation-delay=\"\" data-bg-overlay=\"false\"><div class=\"inner-wrap row-bg-layer\" ><div class=\"row-bg viewport-desktop\"  style=\"\"><\/div><\/div><\/div><div class=\"row_col_wrap_12 col span_12 dark left\">\n\t<div  class=\"vc_col-sm-12 wpb_column column_container vc_column_container col no-extra-padding inherit_tablet inherit_phone\"  data-padding-pos=\"all\" data-has-bg-color=\"false\" data-bg-color=\"\" data-bg-opacity=\"1\" data-animation=\"\" data-delay=\"0\" >\n\t\t<div class=\"vc_column-inner\" >\n\t\t\t<div class=\"wpb_wrapper\">\n\t\t\t\t\n<div class=\"wpb_text_column wpb_content_element\" >\n\t<h2><\/h2>\n<div>\n<div class=\"p-rich_text_section\">\n<p><strong>Ubicaci\u00f3n:<\/strong> Albania - A distancia (idealmente Tiran\u00eb o Durres)<br aria-hidden=\"true\" \/><strong>Tipo<\/strong>: A tiempo completo<\/p>\n<p><strong>Descripci\u00f3n del puesto:<\/strong><br aria-hidden=\"true\" \/>Como nuevo especialista en marketing, desempe\u00f1ar\u00e1s un papel clave en la configuraci\u00f3n de la presencia global de Arbrea, desde la creaci\u00f3n de contenidos y campa\u00f1as digitales hasta la gesti\u00f3n de sitios web y el dise\u00f1o de marca.<br aria-hidden=\"true\" \/>Trabajar\u00e1 en estrecha colaboraci\u00f3n con los equipos comerciales y de productos para garantizar que nuestro mensaje sea coherente, impactante y est\u00e9 en consonancia con nuestra misi\u00f3n de hacer que la tecnolog\u00eda avanzada sea sencilla y atractiva.<\/p>\n<p><strong>Responsabilidades principales<\/strong><\/p>\n<\/div>\n<ul class=\"p-rich_text_list p-rich_text_list__bullet p-rich_text_list--nested\" data-stringify-type=\"unordered-list\" data-list-tree=\"true\" data-indent=\"0\" data-border=\"0\">\n<li data-stringify-indent=\"0\" data-stringify-border=\"0\">Gestionar y actualizar nuestro sitio web WordPress con contenidos y elementos visuales frescos y atractivos.<\/li>\n<li data-stringify-indent=\"0\" data-stringify-border=\"0\">Ejecute y optimice campa\u00f1as de Google Ads, realice un seguimiento de los resultados con Google Tag Manager y Google Analytics, y apoye nuestra estrategia de crecimiento en l\u00ednea.<\/li>\n<li data-stringify-indent=\"0\" data-stringify-border=\"0\">Aplicar las mejores pr\u00e1cticas de SEO para mejorar la visibilidad y la generaci\u00f3n de clientes potenciales.<\/li>\n<li data-stringify-indent=\"0\" data-stringify-border=\"0\">Crear contenidos visuales de alta calidad (publicaciones en redes sociales, presentaciones, anuncios) con Canva e, idealmente, con Figma para materiales relacionados con la interfaz de usuario.<\/li>\n<li data-stringify-indent=\"0\" data-stringify-border=\"0\">Producci\u00f3n y edici\u00f3n de v\u00eddeos cortos para demostraciones de productos, eventos y campa\u00f1as digitales.<\/li>\n<li data-stringify-indent=\"0\" data-stringify-border=\"0\">Colabore con nuestro equipo internacional para desarrollar ideas creativas que conecten con m\u00e9dicos, pacientes y socios de todos los mercados.<\/li>\n<li data-stringify-indent=\"0\" data-stringify-border=\"0\">Contribuir a la narraci\u00f3n de la marca y a la innovaci\u00f3n en la forma en que Arbrea comunica su valor.<\/li>\n<\/ul>\n<div class=\"p-rich_text_section\"><strong>Su perfil<br \/>\n<\/strong><br \/>\nHabilidades imprescindibles:<\/div>\n<ul class=\"p-rich_text_list p-rich_text_list__bullet p-rich_text_list--nested\" data-stringify-type=\"unordered-list\" data-list-tree=\"true\" data-indent=\"0\" data-border=\"0\">\n<li data-stringify-indent=\"0\" data-stringify-border=\"0\">Nivel nativo \/ Ingl\u00e9s profesional (hablado y escrito). OBLIGATORIO, no aplicar en caso contrario<\/li>\n<li data-stringify-indent=\"0\" data-stringify-border=\"0\">Experiencia con WordPress (gesti\u00f3n de contenidos, actualizaciones, plugins).<\/li>\n<li data-stringify-indent=\"0\" data-stringify-border=\"0\">Familiaridad con las herramientas de marketing de Google: Ads, Tag Manager, Analytics.<\/li>\n<li data-stringify-indent=\"0\" data-stringify-border=\"0\">Conocimientos de dise\u00f1o gr\u00e1fico (Canva).<\/li>\n<li data-stringify-indent=\"0\" data-stringify-border=\"0\">Conocimientos de edici\u00f3n de v\u00eddeo (por ejemplo, CapCut, Premiere o similares).<\/li>\n<li data-stringify-indent=\"0\" data-stringify-border=\"0\">Conocimientos b\u00e1sicos-medios de SEO.<\/li>\n<li data-stringify-indent=\"0\" data-stringify-border=\"0\">Una mentalidad de startup: proactiva, que aprende r\u00e1pido, pr\u00e1ctica, adaptable y con ganas de crecer.<\/li>\n<\/ul>\n<div class=\"p-rich_text_section\">Agradable de tener (una gran ventaja):<\/div>\n<ul class=\"p-rich_text_list p-rich_text_list__bullet p-rich_text_list--nested\" data-stringify-type=\"unordered-list\" data-list-tree=\"true\" data-indent=\"0\" data-border=\"0\">\n<li data-stringify-indent=\"0\" data-stringify-border=\"0\">Conocimientos de espa\u00f1ol y\/o portugu\u00e9s.<\/li>\n<li data-stringify-indent=\"0\" data-stringify-border=\"0\">Experiencia previa con FIGMA y UI\/UX<\/li>\n<li data-stringify-indent=\"0\" data-stringify-border=\"0\">Conocimientos b\u00e1sicos de UI\/UX.<\/li>\n<li data-stringify-indent=\"0\" data-stringify-border=\"0\">Experiencia previa en entornos de tecnolog\u00eda sanitaria, tecnolog\u00eda m\u00e9dica o SaaS.<\/li>\n<\/ul>\n<div class=\"p-rich_text_section\"><strong>\u00a0Qu\u00e9 ofrecemos<\/strong><\/div>\n<ul class=\"p-rich_text_list p-rich_text_list__bullet p-rich_text_list--nested\" data-stringify-type=\"unordered-list\" data-list-tree=\"true\" data-indent=\"0\" data-border=\"0\">\n<li data-stringify-indent=\"0\" data-stringify-border=\"0\">La oportunidad de dar forma a la estrategia de marketing de una startup suiza de r\u00e1pido crecimiento.<\/li>\n<li data-stringify-indent=\"0\" data-stringify-border=\"0\">Un entorno creativo e internacional, donde tus ideas importan de verdad.<\/li>\n<li data-stringify-indent=\"0\" data-stringify-border=\"0\">Flexibilidad: opciones de trabajo a distancia y cultura orientada a los resultados.<\/li>\n<li data-stringify-indent=\"0\" data-stringify-border=\"0\">Exposici\u00f3n a la tecnolog\u00eda punta en el campo de la est\u00e9tica m\u00e9dica.<\/li>\n<li data-stringify-indent=\"0\" data-stringify-border=\"0\">Oportunidades reales de crecimiento profesional en una empresa global en expansi\u00f3n.<\/li>\n<\/ul>\n<\/div>\n<\/div>\n\n\n\n\n\t\t\t<\/div> \n\t\t<\/div>\n\t<\/div> \n<\/div><\/div>\n\t\t<div id=\"fws_69d29d1c0b9a4\"  data-column-margin=\"default\" data-midnight=\"dark\"  class=\"wpb_row vc_row-fluid vc_row\"  style=\"padding-top: 0px; padding-bottom: 0px; \"><div class=\"row-bg-wrap\" data-bg-animation=\"none\" data-bg-animation-delay=\"\" data-bg-overlay=\"false\"><div class=\"inner-wrap row-bg-layer\" ><div class=\"row-bg viewport-desktop\"  style=\"\"><\/div><\/div><\/div><div class=\"row_col_wrap_12 col span_12 dark left\">\n\t<div  class=\"vc_col-sm-12 wpb_column column_container vc_column_container col no-extra-padding inherit_tablet inherit_phone\"  data-padding-pos=\"all\" data-has-bg-color=\"false\" data-bg-color=\"\" data-bg-opacity=\"1\" data-animation=\"\" data-delay=\"0\" >\n\t\t<div class=\"vc_column-inner\" >\n\t\t\t<div class=\"wpb_wrapper\">\n\t\t\t\t\n<div class=\"wpb_text_column wpb_content_element\" >\n\t<\/div>\n\n\n\n\n\t\t\t<\/div> \n\t\t<\/div>\n\t<\/div> \n<\/div><\/div>\n\t\t<div id=\"fws_69d29d1c0baf3\"  data-column-margin=\"default\" data-midnight=\"dark\"  class=\"wpb_row vc_row-fluid vc_row\"  style=\"padding-top: 0px; padding-bottom: 0px; \"><div class=\"row-bg-wrap\" data-bg-animation=\"none\" data-bg-animation-delay=\"\" data-bg-overlay=\"false\"><div class=\"inner-wrap row-bg-layer\" ><div class=\"row-bg viewport-desktop\"  style=\"\"><\/div><\/div><\/div><div class=\"row_col_wrap_12 col span_12 dark left\">\n\t<div  class=\"vc_col-sm-12 wpb_column column_container vc_column_container col no-extra-padding inherit_tablet inherit_phone\"  data-padding-pos=\"all\" data-has-bg-color=\"false\" data-bg-color=\"\" data-bg-opacity=\"1\" data-animation=\"\" data-delay=\"0\" >\n\t\t<div class=\"vc_column-inner\" >\n\t\t\t<div class=\"wpb_wrapper\">\n\t\t\t\t\n\t<div class=\"wpb_raw_code wpb_raw_html wpb_content_element\" >\n\t\t<div class=\"wpb_wrapper\">\n\t\t\t<div data-tf-live=\"01JD527Y3CFHBDBHN40JFPVY2E\"><\/div><script src=\"\/\/embed.typeform.com\/next\/embed.js\"><\/script>\n\t\t<\/div>\n\t<\/div>\n\n\t\t\t<\/div> \n\t\t<\/div>\n\t<\/div> \n<\/div><\/div><!-- \/wp:post-content -->","protected":false},"excerpt":{"rendered":"\u00danete a nuestro equipo creativoEspecialista en marketing Localizaci\u00f3n: Albania - Remoto (Idealmente Tiran\u00eb o Durres)Tipo: Jornada completa Descripci\u00f3n del puesto:Como nuevo Especialista en Marketing, desempe\u00f1ar\u00e1s un papel clave...","protected":false},"author":3,"featured_media":52833,"parent":0,"menu_order":0,"comment_status":"closed","ping_status":"closed","template":"","meta":{"footnotes":""},"class_list":["post-54319","page","type-page","status-publish","has-post-thumbnail"],"yoast_head":"<!-- This site is optimized with the Yoast SEO Premium plugin v27.3 (Yoast SEO v27.3) - https:\/\/yoast.com\/product\/yoast-seo-premium-wordpress\/ -->\n<title>Marketing Specialist - Arbrea Labs<\/title>\n<meta name=\"description\" content=\"Join our team as a marketing specialist and help shape our global presence through impactful content and digital campaigns.\" \/>\n<meta name=\"robots\" content=\"index, follow, max-snippet:-1, max-image-preview:large, max-video-preview:-1\" \/>\n<link rel=\"canonical\" href=\"https:\/\/arbrea-labs.com\/es\/especialista-en-marketing\/\" \/>\n<meta property=\"og:locale\" content=\"es_ES\" \/>\n<meta property=\"og:type\" content=\"article\" \/>\n<meta property=\"og:title\" content=\"Marketing Specialist\" \/>\n<meta property=\"og:description\" content=\"Join our team as a marketing specialist and help shape our global presence through impactful content and digital campaigns.\" \/>\n<meta property=\"og:url\" content=\"https:\/\/arbrea-labs.com\/es\/especialista-en-marketing\/\" \/>\n<meta property=\"og:site_name\" content=\"Arbrea Labs\" \/>\n<meta property=\"article:publisher\" content=\"https:\/\/www.facebook.com\/arbrealabs\" \/>\n<meta property=\"article:modified_time\" content=\"2025-11-14T12:32:53+00:00\" \/>\n<meta property=\"og:image\" content=\"https:\/\/arbrea-labs.com\/wp-content\/uploads\/2025\/04\/jason-goodman-vbxyFxlgpjM-unsplash-scaled.jpg\" \/>\n\t<meta property=\"og:image:width\" content=\"2560\" \/>\n\t<meta property=\"og:image:height\" content=\"1707\" \/>\n\t<meta property=\"og:image:type\" content=\"image\/jpeg\" \/>\n<meta name=\"twitter:card\" content=\"summary_large_image\" \/>\n<meta name=\"twitter:label1\" content=\"Tiempo de lectura\" \/>\n\t<meta name=\"twitter:data1\" content=\"2 minutos\" \/>\n<script type=\"application\/ld+json\" class=\"yoast-schema-graph\">{\"@context\":\"https:\\\/\\\/schema.org\",\"@graph\":[{\"@type\":\"WebPage\",\"@id\":\"https:\\\/\\\/arbrea-labs.com\\\/marketing-specialist\\\/\",\"url\":\"https:\\\/\\\/arbrea-labs.com\\\/marketing-specialist\\\/\",\"name\":\"Marketing Specialist - Arbrea Labs\",\"isPartOf\":{\"@id\":\"https:\\\/\\\/arbrea-labs.com\\\/#website\"},\"primaryImageOfPage\":{\"@id\":\"https:\\\/\\\/arbrea-labs.com\\\/marketing-specialist\\\/#primaryimage\"},\"image\":{\"@id\":\"https:\\\/\\\/arbrea-labs.com\\\/marketing-specialist\\\/#primaryimage\"},\"thumbnailUrl\":\"https:\\\/\\\/arbrea-labs.com\\\/wp-content\\\/uploads\\\/2025\\\/04\\\/jason-goodman-vbxyFxlgpjM-unsplash-scaled.jpg\",\"datePublished\":\"2025-11-14T12:30:48+00:00\",\"dateModified\":\"2025-11-14T12:32:53+00:00\",\"description\":\"Join our team as a marketing specialist and help shape our global presence through impactful content and digital campaigns.\",\"breadcrumb\":{\"@id\":\"https:\\\/\\\/arbrea-labs.com\\\/marketing-specialist\\\/#breadcrumb\"},\"inLanguage\":\"es\",\"potentialAction\":[{\"@type\":\"ReadAction\",\"target\":[\"https:\\\/\\\/arbrea-labs.com\\\/marketing-specialist\\\/\"]}]},{\"@type\":\"ImageObject\",\"inLanguage\":\"es\",\"@id\":\"https:\\\/\\\/arbrea-labs.com\\\/marketing-specialist\\\/#primaryimage\",\"url\":\"https:\\\/\\\/arbrea-labs.com\\\/wp-content\\\/uploads\\\/2025\\\/04\\\/jason-goodman-vbxyFxlgpjM-unsplash-scaled.jpg\",\"contentUrl\":\"https:\\\/\\\/arbrea-labs.com\\\/wp-content\\\/uploads\\\/2025\\\/04\\\/jason-goodman-vbxyFxlgpjM-unsplash-scaled.jpg\",\"width\":2560,\"height\":1707,\"caption\":\"marketing agency\"},{\"@type\":\"BreadcrumbList\",\"@id\":\"https:\\\/\\\/arbrea-labs.com\\\/marketing-specialist\\\/#breadcrumb\",\"itemListElement\":[{\"@type\":\"ListItem\",\"position\":1,\"name\":\"Home\",\"item\":\"https:\\\/\\\/arbrea-labs.com\\\/\"},{\"@type\":\"ListItem\",\"position\":2,\"name\":\"Marketing Specialist\"}]},{\"@type\":\"WebSite\",\"@id\":\"https:\\\/\\\/arbrea-labs.com\\\/#website\",\"url\":\"https:\\\/\\\/arbrea-labs.com\\\/\",\"name\":\"Arbrea Labs\",\"description\":\"Augmented Reality &amp; 3D Solutions for Aesthetics\",\"publisher\":{\"@id\":\"https:\\\/\\\/arbrea-labs.com\\\/#organization\"},\"alternateName\":\"Arbrea\",\"potentialAction\":[{\"@type\":\"SearchAction\",\"target\":{\"@type\":\"EntryPoint\",\"urlTemplate\":\"https:\\\/\\\/arbrea-labs.com\\\/?s={search_term_string}\"},\"query-input\":{\"@type\":\"PropertyValueSpecification\",\"valueRequired\":true,\"valueName\":\"search_term_string\"}}],\"inLanguage\":\"es\"},{\"@type\":\"Organization\",\"@id\":\"https:\\\/\\\/arbrea-labs.com\\\/#organization\",\"name\":\"Arbrea Labs\",\"alternateName\":\"Arbrea\",\"url\":\"https:\\\/\\\/arbrea-labs.com\\\/\",\"logo\":{\"@type\":\"ImageObject\",\"inLanguage\":\"es\",\"@id\":\"https:\\\/\\\/arbrea-labs.com\\\/#\\\/schema\\\/logo\\\/image\\\/\",\"url\":\"https:\\\/\\\/arbrea-labs.com\\\/wp-content\\\/uploads\\\/2022\\\/01\\\/logo_arbrea_LABS-01-1-e1641392734450.png\",\"contentUrl\":\"https:\\\/\\\/arbrea-labs.com\\\/wp-content\\\/uploads\\\/2022\\\/01\\\/logo_arbrea_LABS-01-1-e1641392734450.png\",\"width\":2000,\"height\":750,\"caption\":\"Arbrea Labs\"},\"image\":{\"@id\":\"https:\\\/\\\/arbrea-labs.com\\\/#\\\/schema\\\/logo\\\/image\\\/\"},\"sameAs\":[\"https:\\\/\\\/www.facebook.com\\\/arbrealabs\",\"https:\\\/\\\/www.instagram.com\\\/arbrealabs\\\/\",\"https:\\\/\\\/www.linkedin.com\\\/company\\\/arbrea-labs-ag\\\/\",\"https:\\\/\\\/www.youtube.com\\\/channel\\\/UCbHN9gofXJv8rMAHcAguTcg\"],\"description\":\"Arbrea Labs leads the way in blending advanced AI technology with personalized healthcare. Our fast, simple and safe Augmented Reality & 3D simulators optimize consultations, saving time and enhancing patient education. Meanwhile, our AR-driven marketing booster enhances patient journeys, maximizing marketing ROI and fostering efficient lead generation. Join us as we shape the future of aesthetic healthcare.\",\"email\":\"info@arbrea-labs.com\",\"legalName\":\"Arbrea Labs AG\",\"foundingDate\":\"2018-03-04\",\"vatID\":\"CHE-292.633.177\",\"numberOfEmployees\":{\"@type\":\"QuantitativeValue\",\"minValue\":\"11\",\"maxValue\":\"50\"}}]}<\/script>\n<!-- \/ Yoast SEO Premium plugin. -->","yoast_head_json":{"title":"Especialista en marketing - Arbrea Labs","description":"\u00danase a nuestro equipo como especialista en marketing y ayude a dar forma a nuestra presencia mundial a trav\u00e9s de contenidos impactantes y campa\u00f1as digitales.","robots":{"index":"index","follow":"follow","max-snippet":"max-snippet:-1","max-image-preview":"max-image-preview:large","max-video-preview":"max-video-preview:-1"},"canonical":"https:\/\/arbrea-labs.com\/es\/especialista-en-marketing\/","og_locale":"es_ES","og_type":"article","og_title":"Marketing Specialist","og_description":"Join our team as a marketing specialist and help shape our global presence through impactful content and digital campaigns.","og_url":"https:\/\/arbrea-labs.com\/es\/especialista-en-marketing\/","og_site_name":"Arbrea Labs","article_publisher":"https:\/\/www.facebook.com\/arbrealabs","article_modified_time":"2025-11-14T12:32:53+00:00","og_image":[{"width":2560,"height":1707,"url":"https:\/\/arbrea-labs.com\/wp-content\/uploads\/2025\/04\/jason-goodman-vbxyFxlgpjM-unsplash-scaled.jpg","type":"image\/jpeg"}],"twitter_card":"summary_large_image","twitter_misc":{"Tiempo de lectura":"2 minutos"},"schema":{"@context":"https:\/\/schema.org","@graph":[{"@type":"WebPage","@id":"https:\/\/arbrea-labs.com\/marketing-specialist\/","url":"https:\/\/arbrea-labs.com\/marketing-specialist\/","name":"Especialista en marketing - Arbrea Labs","isPartOf":{"@id":"https:\/\/arbrea-labs.com\/#website"},"primaryImageOfPage":{"@id":"https:\/\/arbrea-labs.com\/marketing-specialist\/#primaryimage"},"image":{"@id":"https:\/\/arbrea-labs.com\/marketing-specialist\/#primaryimage"},"thumbnailUrl":"https:\/\/arbrea-labs.com\/wp-content\/uploads\/2025\/04\/jason-goodman-vbxyFxlgpjM-unsplash-scaled.jpg","datePublished":"2025-11-14T12:30:48+00:00","dateModified":"2025-11-14T12:32:53+00:00","description":"\u00danase a nuestro equipo como especialista en marketing y ayude a dar forma a nuestra presencia mundial a trav\u00e9s de contenidos impactantes y campa\u00f1as digitales.","breadcrumb":{"@id":"https:\/\/arbrea-labs.com\/marketing-specialist\/#breadcrumb"},"inLanguage":"es","potentialAction":[{"@type":"ReadAction","target":["https:\/\/arbrea-labs.com\/marketing-specialist\/"]}]},{"@type":"ImageObject","inLanguage":"es","@id":"https:\/\/arbrea-labs.com\/marketing-specialist\/#primaryimage","url":"https:\/\/arbrea-labs.com\/wp-content\/uploads\/2025\/04\/jason-goodman-vbxyFxlgpjM-unsplash-scaled.jpg","contentUrl":"https:\/\/arbrea-labs.com\/wp-content\/uploads\/2025\/04\/jason-goodman-vbxyFxlgpjM-unsplash-scaled.jpg","width":2560,"height":1707,"caption":"marketing agency"},{"@type":"BreadcrumbList","@id":"https:\/\/arbrea-labs.com\/marketing-specialist\/#breadcrumb","itemListElement":[{"@type":"ListItem","position":1,"name":"Home","item":"https:\/\/arbrea-labs.com\/"},{"@type":"ListItem","position":2,"name":"Marketing Specialist"}]},{"@type":"WebSite","@id":"https:\/\/arbrea-labs.com\/#website","url":"https:\/\/arbrea-labs.com\/","name":"Laboratorios Arbrea","description":"Realidad aumentada y soluciones 3D para est\u00e9tica","publisher":{"@id":"https:\/\/arbrea-labs.com\/#organization"},"alternateName":"Arbrea","potentialAction":[{"@type":"SearchAction","target":{"@type":"EntryPoint","urlTemplate":"https:\/\/arbrea-labs.com\/?s={search_term_string}"},"query-input":{"@type":"PropertyValueSpecification","valueRequired":true,"valueName":"search_term_string"}}],"inLanguage":"es"},{"@type":"Organization","@id":"https:\/\/arbrea-labs.com\/#organization","name":"Laboratorios Arbrea","alternateName":"Arbrea","url":"https:\/\/arbrea-labs.com\/","logo":{"@type":"ImageObject","inLanguage":"es","@id":"https:\/\/arbrea-labs.com\/#\/schema\/logo\/image\/","url":"https:\/\/arbrea-labs.com\/wp-content\/uploads\/2022\/01\/logo_arbrea_LABS-01-1-e1641392734450.png","contentUrl":"https:\/\/arbrea-labs.com\/wp-content\/uploads\/2022\/01\/logo_arbrea_LABS-01-1-e1641392734450.png","width":2000,"height":750,"caption":"Arbrea Labs"},"image":{"@id":"https:\/\/arbrea-labs.com\/#\/schema\/logo\/image\/"},"sameAs":["https:\/\/www.facebook.com\/arbrealabs","https:\/\/www.instagram.com\/arbrealabs\/","https:\/\/www.linkedin.com\/company\/arbrea-labs-ag\/","https:\/\/www.youtube.com\/channel\/UCbHN9gofXJv8rMAHcAguTcg"],"description":"Arbrea Labs lidera la combinaci\u00f3n de tecnolog\u00eda avanzada de IA con atenci\u00f3n sanitaria personalizada. Nuestros simuladores 3D y de realidad aumentada, r\u00e1pidos, sencillos y seguros, optimizan las consultas, ahorran tiempo y mejoran la educaci\u00f3n del paciente. Al mismo tiempo, nuestro potenciador de marketing basado en realidad aumentada mejora la experiencia del paciente, maximizando el retorno de la inversi\u00f3n en marketing y fomentando la generaci\u00f3n eficiente de clientes potenciales. \u00danase a nosotros para dar forma al futuro de la atenci\u00f3n sanitaria est\u00e9tica.","email":"info@arbrea-labs.com","legalName":"Arbrea Labs AG","foundingDate":"2018-03-04","vatID":"CHE-292.633.177","numberOfEmployees":{"@type":"QuantitativeValue","minValue":"11","maxValue":"50"}}]}},"_links":{"self":[{"href":"https:\/\/arbrea-labs.com\/es\/wp-json\/wp\/v2\/pages\/54319","targetHints":{"allow":["GET"]}}],"collection":[{"href":"https:\/\/arbrea-labs.com\/es\/wp-json\/wp\/v2\/pages"}],"about":[{"href":"https:\/\/arbrea-labs.com\/es\/wp-json\/wp\/v2\/types\/page"}],"author":[{"embeddable":true,"href":"https:\/\/arbrea-labs.com\/es\/wp-json\/wp\/v2\/users\/3"}],"replies":[{"embeddable":true,"href":"https:\/\/arbrea-labs.com\/es\/wp-json\/wp\/v2\/comments?post=54319"}],"version-history":[{"count":0,"href":"https:\/\/arbrea-labs.com\/es\/wp-json\/wp\/v2\/pages\/54319\/revisions"}],"wp:featuredmedia":[{"embeddable":true,"href":"https:\/\/arbrea-labs.com\/es\/wp-json\/wp\/v2\/media\/52833"}],"wp:attachment":[{"href":"https:\/\/arbrea-labs.com\/es\/wp-json\/wp\/v2\/media?parent=54319"}],"curies":[{"name":"wp","href":"https:\/\/api.w.org\/{rel}","templated":true}]}}