{"id":34047,"date":"2022-05-26T10:35:43","date_gmt":"2022-05-26T08:35:43","guid":{"rendered":"https:\/\/arbrea-labs.com\/desenvolvedor-web-full-stack\/"},"modified":"2025-12-03T17:30:37","modified_gmt":"2025-12-03T16:30:37","slug":"desarrollador-web-full-stack","status":"publish","type":"page","link":"https:\/\/arbrea-labs.com\/es\/full-stack-web-developer\/","title":{"rendered":"Desarrollador Full Stack"},"content":{"rendered":"<div id=\"fws_69d29ffd909ae\"  data-column-margin=\"default\" data-midnight=\"light\" data-top-percent=\"2%\" data-bottom-percent=\"2%\"  class=\"wpb_row vc_row-fluid vc_row full-width-section has-row-bg-color\"  style=\"padding-top: calc(100vw * 0.02); padding-bottom: calc(100vw * 0.02); --row-bg-color: #3452ff;\"><div class=\"row-bg-wrap\" data-bg-animation=\"none\" data-bg-animation-delay=\"\" data-bg-overlay=\"true\"><div class=\"inner-wrap row-bg-layer using-image\" ><div class=\"row-bg viewport-desktop using-image using-bg-color lazyload\" style=\"background-image: url(https:\/\/arbrea-labs.com\/wp-includes\/images\/blank.gif);background-position: center center;background-repeat: no-repeat;background-color: #3452ff;\" data-background-image=\"https:\/\/arbrea-labs.com\/wp-content\/uploads\/2024\/07\/2150062008.jpg\"><\/div><\/div><div class=\"row-bg-overlay row-bg-layer\" style=\"background-color:#0c0c0c;  opacity: 0.3; \"><\/div><\/div><div class=\"row_col_wrap_12 col span_12 light left\">\n\t<div  class=\"vc_col-sm-2 wpb_column column_container vc_column_container col no-extra-padding inherit_tablet inherit_phone\"  data-padding-pos=\"all\" data-has-bg-color=\"false\" data-bg-color=\"\" data-bg-opacity=\"1\" data-animation=\"\" data-delay=\"0\" >\n\t\t<div class=\"vc_column-inner\" >\n\t\t\t<div class=\"wpb_wrapper\">\n\t\t\t\t\n\t\t\t<\/div> \n\t\t<\/div>\n\t<\/div> \n\n\t<div  class=\"vc_col-sm-8 wpb_column column_container vc_column_container col centered-text has-animation no-extra-padding inherit_tablet inherit_phone\"  data-padding-pos=\"all\" data-has-bg-color=\"false\" data-bg-color=\"\" data-bg-opacity=\"1\" data-animation=\"zoom-out\" data-delay=\"0\" >\n\t\t<div class=\"vc_column-inner\" >\n\t\t\t<div class=\"wpb_wrapper\">\n\t\t\t\t<h4 style=\"font-size: 20px;color: rgba(255,255,255,0.7);line-height: 36px;text-align: center;font-family:Roboto;font-weight:500;font-style:normal\" class=\"vc_custom_heading vc_do_custom_heading vc_custom_1764670810358\" >Equipo t\u00e9cnico de Arbrea<\/h4><h1 style=\"font-size: 83px;line-height: 98px;text-align: center;font-family:Roboto;font-weight:400;font-style:normal\" class=\"vc_custom_heading vc_do_custom_heading vc_custom_1764670714755\" >Desarrollador Full Stack<\/h1>\n\t\t\t<\/div> \n\t\t<\/div>\n\t<\/div> \n\n\t<div  class=\"vc_col-sm-2 wpb_column column_container vc_column_container col no-extra-padding inherit_tablet inherit_phone\"  data-padding-pos=\"all\" data-has-bg-color=\"false\" data-bg-color=\"\" data-bg-opacity=\"1\" data-animation=\"\" data-delay=\"0\" >\n\t\t<div class=\"vc_column-inner\" >\n\t\t\t<div class=\"wpb_wrapper\">\n\t\t\t\t\n\t\t\t<\/div> \n\t\t<\/div>\n\t<\/div> \n<\/div><\/div>\n\t\t<div id=\"fws_69d29ffd90e5c\"  data-column-margin=\"default\" data-midnight=\"dark\" data-top-percent=\"3%\"  class=\"wpb_row vc_row-fluid vc_row\"  style=\"padding-top: calc(100vw * 0.03); padding-bottom: 0px; \"><div class=\"row-bg-wrap\" data-bg-animation=\"none\" data-bg-animation-delay=\"\" data-bg-overlay=\"false\"><div class=\"inner-wrap row-bg-layer\" ><div class=\"row-bg viewport-desktop\"  style=\"\"><\/div><\/div><\/div><div class=\"row_col_wrap_12 col span_12 dark left\">\n\t<div  class=\"vc_col-sm-12 wpb_column column_container vc_column_container col no-extra-padding inherit_tablet inherit_phone\"  data-padding-pos=\"all\" data-has-bg-color=\"false\" data-bg-color=\"\" data-bg-opacity=\"1\" data-animation=\"\" data-delay=\"0\" >\n\t\t<div class=\"vc_column-inner\" >\n\t\t\t<div class=\"wpb_wrapper\">\n\t\t\t\t\n<div class=\"wpb_text_column wpb_content_element\" >\n\t<h3 data-start=\"0\" data-end=\"23\"><strong data-start=\"0\" data-end=\"23\">Descripci\u00f3n de la empresa<\/strong><\/h3>\n<p data-start=\"25\" data-end=\"556\">Arbrea Labs es una empresa derivada de la ETH, que tiene su origen en el Laboratorio de Inform\u00e1tica Gr\u00e1fica de la ETH de Z\u00farich. Somos un equipo de expertos en gr\u00e1ficos por ordenador, visi\u00f3n e inteligencia artificial, que desarrollamos soluciones de vanguardia para la cirug\u00eda est\u00e9tica. Nuestras tareas diarias van desde la reconstrucci\u00f3n 3D y el seguimiento hasta AR\/VR, centr\u00e1ndonos en los \u00faltimos avances en Deep Learning, Geometry Processing y Rendering aplicados a cuerpos humanos. Nos esforzamos por crear tecnolog\u00eda de vanguardia que mejore la experiencia y la satisfacci\u00f3n del usuario.<\/p>\n<p data-start=\"558\" data-end=\"845\">Estamos buscando ampliar nuestro equipo con personas clave que tengan un fuerte deseo de aprender y participar en un entorno din\u00e1mico de puesta en marcha. Estamos interesados principalmente en candidatos a tiempo completo, pero tambi\u00e9n estamos abiertos a puestos de pr\u00e1cticas con posibilidad de transici\u00f3n a un puesto permanente.<\/p>\n<hr data-start=\"847\" data-end=\"850\" \/>\n<h3 data-start=\"852\" data-end=\"871\"><strong data-start=\"852\" data-end=\"871\">Descripci\u00f3n del puesto<\/strong><\/h3>\n<p data-start=\"873\" data-end=\"1120\">Como <strong data-start=\"878\" data-end=\"906\">Desarrollador Web Full Stack<\/strong> en Arbrea Labs, tender\u00e1s un puente entre nuestras aplicaciones m\u00f3viles y los datos de los clientes, desempe\u00f1ando un papel clave para que nuestros clientes y equipos internos puedan acceder e interactuar sin problemas con informaci\u00f3n cr\u00edtica.<\/p>\n<p data-start=\"1122\" data-end=\"1299\">Usted tendr\u00e1 una influencia significativa en la configuraci\u00f3n de la relaci\u00f3n paciente-cirujano, d\u00e1ndole a usted y al equipo la oportunidad de convertirse en un l\u00edder mundial en tecnolog\u00eda m\u00e9dica AR\/VR.<\/p>\n<p data-start=\"1301\" data-end=\"1601\">Trabajar\u00e1s con miembros del equipo amables, apasionados y desenfadados que estar\u00e1n encantados de ofrecerte orientaci\u00f3n y de tomarse una cerveza (o dos) despu\u00e9s del trabajo o en los eventos habituales del equipo. Ofrecemos un entorno de trabajo muy flexible, oficinas en un centro tecnol\u00f3gico, salarios competitivos y planes de participaci\u00f3n de los empleados.<\/p>\n<p data-start=\"1603\" data-end=\"1657\"><strong data-start=\"1603\" data-end=\"1616\">Ubicaci\u00f3n:<\/strong> Tirana, Albania<br data-start=\"1632\" data-end=\"1635\" \/><strong data-start=\"1635\" data-end=\"1657\">A distancia \/ A tiempo completo<\/strong><\/p>\n<hr data-start=\"1659\" data-end=\"1662\" \/>\n<h3 data-start=\"1664\" data-end=\"1692\"><strong data-start=\"1668\" data-end=\"1692\">Responsabilidades clave<\/strong><\/h3>\n<ul data-start=\"1694\" data-end=\"2257\">\n<li data-start=\"1694\" data-end=\"1834\"><strong data-start=\"1696\" data-end=\"1723\">Dise\u00f1o y desarrollo de API<\/strong> para dar soporte a las aplicaciones m\u00f3viles e interfaces web de Arbrea, garantizando una integraci\u00f3n y funcionalidad perfectas.<\/li>\n<li data-start=\"1835\" data-end=\"2033\"><strong data-start=\"1837\" data-end=\"1860\">Capacitar a otros equipos<\/strong> mediante el mantenimiento y la mejora de las herramientas internas, la automatizaci\u00f3n de los procesos y la optimizaci\u00f3n de las canalizaciones para agilizar la gesti\u00f3n de los datos de los clientes y respaldar los esfuerzos de captaci\u00f3n de clientes.<\/li>\n<li data-start=\"2034\" data-end=\"2136\"><strong data-start=\"2036\" data-end=\"2081\">Supervisar y optimizar la infraestructura de nube<\/strong> para garantizar la fiabilidad, la escalabilidad y el rendimiento.<\/li>\n<li data-start=\"2137\" data-end=\"2257\"><strong data-start=\"2139\" data-end=\"2177\">Implantar medidas de seguridad s\u00f3lidas<\/strong> para salvaguardar los datos de los clientes, manteniendo altos niveles de privacidad y seguridad.<\/li>\n<\/ul>\n<hr data-start=\"2259\" data-end=\"2262\" \/>\n<h3 data-start=\"2264\" data-end=\"2289\"><strong data-start=\"2268\" data-end=\"2289\">Tecnolog\u00edas b\u00e1sicas<\/strong><\/h3>\n<ul data-start=\"2291\" data-end=\"2777\">\n<li data-start=\"2291\" data-end=\"2386\">Nuestra infraestructura principal est\u00e1 construida con <strong data-start=\"2331\" data-end=\"2342\">Node.js<\/strong>, <strong data-start=\"2344\" data-end=\"2358\">TypeScript<\/strong>y <strong data-start=\"2364\" data-end=\"2373\">NoSQL<\/strong> bases de datos.<\/li>\n<li data-start=\"2387\" data-end=\"2490\">Algunas tareas implicar\u00e1n <strong data-start=\"2413\" data-end=\"2420\">PHP<\/strong>, <strong data-start=\"2422\" data-end=\"2431\">MySQL<\/strong>y desarrollo de interfaces de usuario web funcionales centradas en la usabilidad.<\/li>\n<li data-start=\"2491\" data-end=\"2608\">Trabajar\u00e1 con <strong data-start=\"2512\" data-end=\"2519\">Git<\/strong> y <strong data-start=\"2524\" data-end=\"2534\">Docker<\/strong> y debe tener un s\u00f3lido conocimiento de los fundamentos de la computaci\u00f3n en nube.<\/li>\n<li data-start=\"2609\" data-end=\"2777\">Adem\u00e1s, puede tener la oportunidad de trabajar con <strong data-start=\"2665\" data-end=\"2675\">Python<\/strong>, <strong data-start=\"2677\" data-end=\"2690\">GoogleSQL<\/strong>y frameworks de JavaScript modernos (por ejemplo, <strong data-start=\"2732\" data-end=\"2741\">Reaccione<\/strong>), aunque no son obligatorios.<\/li>\n<\/ul>\n<p data-start=\"2779\" data-end=\"2984\">Aunque nuestra pila principal define gran parte del entorno, te damos la posibilidad de seleccionar las herramientas adecuadas para cada tarea, proporcion\u00e1ndote la flexibilidad necesaria para explorar y utilizar otros lenguajes o marcos de trabajo cuando sea oportuno.<\/p>\n<hr data-start=\"2986\" data-end=\"2989\" \/>\n<h3 data-start=\"2991\" data-end=\"3021\"><strong data-start=\"2995\" data-end=\"3021\">Qu\u00e9 buscamos<\/strong><\/h3>\n<p data-start=\"3023\" data-end=\"3207\">En el mundo en constante evoluci\u00f3n de la ingenier\u00eda de software, sabemos que nadie puede dominar todos los marcos o lenguajes. Sin embargo, esperamos que aprendas r\u00e1pido y tengas una mentalidad cr\u00edtica y abierta.<\/p>\n<p data-start=\"3209\" data-end=\"3478\">Valoramos a los desarrolladores que pueden moverse con rapidez, pero que tambi\u00e9n entienden la importancia de construir con un prop\u00f3sito. Fomentamos un enfoque en el que la velocidad se equilibra con la resoluci\u00f3n reflexiva de problemas: iterar\u00e1s r\u00e1pidamente, pero siempre teniendo en cuenta los retos subyacentes.<\/p>\n<p data-start=\"3480\" data-end=\"3699\">Nuestra lengua de trabajo es <strong data-start=\"3504\" data-end=\"3515\">Ingl\u00e9s<\/strong>y esperamos que todos los candidatos lo dominen. Buscamos ingenieros que disfruten con la resoluci\u00f3n de problemas, el aprendizaje continuo y la contribuci\u00f3n a un entorno de colaboraci\u00f3n din\u00e1mico.<\/p>\n<p data-start=\"3701\" data-end=\"3767\" data-is-last-node=\"\" data-is-only-node=\"\"><strong data-start=\"3701\" data-end=\"3767\" data-is-last-node=\"\">Si esto suena a ti, \u00a1construyamos algo grande juntos!<\/strong><\/p>\n<div data-tf-live=\"01HHMF95H0H69J77FJZEC6SK4V\"><\/div>\n<p><script src=\"\/\/embed.typeform.com\/next\/embed.js\"><\/script><\/p>\n<\/div>\n\n\n\n\n\t\t\t<\/div> \n\t\t<\/div>\n\t<\/div> \n<\/div><\/div>","protected":false},"excerpt":{"rendered":"Arbrea Tech TeamFull Stack Developer Company Description Arbrea Labs es una empresa spin-off de ETH, originada en el Laboratorio de Inform\u00e1tica Gr\u00e1fica de ETH Zurich. Nos...","protected":false},"author":3,"featured_media":33712,"parent":0,"menu_order":0,"comment_status":"closed","ping_status":"closed","template":"","meta":{"footnotes":""},"class_list":["post-34047","page","type-page","status-publish","has-post-thumbnail"],"yoast_head":"<!-- This site is optimized with the Yoast SEO Premium plugin v27.3 (Yoast SEO v27.3) - https:\/\/yoast.com\/product\/yoast-seo-premium-wordpress\/ -->\n<title>Full Stack Developer Opportunities at Arbrea Tech<\/title>\n<meta name=\"description\" content=\"Become a Full Stack Developer at Arbrea Tech and engage in exciting projects involving AR\/AI.\" \/>\n<meta name=\"robots\" content=\"index, follow, max-snippet:-1, max-image-preview:large, max-video-preview:-1\" \/>\n<link rel=\"canonical\" href=\"https:\/\/arbrea-labs.com\/es\/desarrollador-web-full-stack\/\" \/>\n<meta property=\"og:locale\" content=\"es_ES\" \/>\n<meta property=\"og:type\" content=\"article\" \/>\n<meta property=\"og:title\" content=\"Full Stack Developer\" \/>\n<meta property=\"og:description\" content=\"Become a Full Stack Developer at Arbrea Tech and engage in exciting projects involving AR\/AI.\" \/>\n<meta property=\"og:url\" content=\"https:\/\/arbrea-labs.com\/es\/desarrollador-web-full-stack\/\" \/>\n<meta property=\"og:site_name\" content=\"Arbrea Labs\" \/>\n<meta property=\"article:publisher\" content=\"https:\/\/www.facebook.com\/arbrealabs\" \/>\n<meta property=\"article:modified_time\" content=\"2025-12-03T16:30:37+00:00\" \/>\n<meta property=\"og:image\" content=\"https:\/\/arbrea-labs.com\/wp-content\/uploads\/2024\/07\/2150062008.jpg\" \/>\n\t<meta property=\"og:image:width\" content=\"1500\" \/>\n\t<meta property=\"og:image:height\" content=\"1000\" \/>\n\t<meta property=\"og:image:type\" content=\"image\/jpeg\" \/>\n<meta name=\"twitter:card\" content=\"summary_large_image\" \/>\n<meta name=\"twitter:label1\" content=\"Tiempo de lectura\" \/>\n\t<meta name=\"twitter:data1\" content=\"3 minutos\" \/>\n<script type=\"application\/ld+json\" class=\"yoast-schema-graph\">{\"@context\":\"https:\\\/\\\/schema.org\",\"@graph\":[{\"@type\":\"WebPage\",\"@id\":\"https:\\\/\\\/arbrea-labs.com\\\/full-stack-web-developer\\\/\",\"url\":\"https:\\\/\\\/arbrea-labs.com\\\/full-stack-web-developer\\\/\",\"name\":\"Full Stack Developer Opportunities at Arbrea Tech\",\"isPartOf\":{\"@id\":\"https:\\\/\\\/arbrea-labs.com\\\/#website\"},\"primaryImageOfPage\":{\"@id\":\"https:\\\/\\\/arbrea-labs.com\\\/full-stack-web-developer\\\/#primaryimage\"},\"image\":{\"@id\":\"https:\\\/\\\/arbrea-labs.com\\\/full-stack-web-developer\\\/#primaryimage\"},\"thumbnailUrl\":\"https:\\\/\\\/arbrea-labs.com\\\/wp-content\\\/uploads\\\/2024\\\/07\\\/2150062008.jpg\",\"datePublished\":\"2022-05-26T08:35:43+00:00\",\"dateModified\":\"2025-12-03T16:30:37+00:00\",\"description\":\"Become a Full Stack Developer at Arbrea Tech and engage in exciting projects involving AR\\\/AI.\",\"breadcrumb\":{\"@id\":\"https:\\\/\\\/arbrea-labs.com\\\/full-stack-web-developer\\\/#breadcrumb\"},\"inLanguage\":\"es\",\"potentialAction\":[{\"@type\":\"ReadAction\",\"target\":[\"https:\\\/\\\/arbrea-labs.com\\\/full-stack-web-developer\\\/\"]}]},{\"@type\":\"ImageObject\",\"inLanguage\":\"es\",\"@id\":\"https:\\\/\\\/arbrea-labs.com\\\/full-stack-web-developer\\\/#primaryimage\",\"url\":\"https:\\\/\\\/arbrea-labs.com\\\/wp-content\\\/uploads\\\/2024\\\/07\\\/2150062008.jpg\",\"contentUrl\":\"https:\\\/\\\/arbrea-labs.com\\\/wp-content\\\/uploads\\\/2024\\\/07\\\/2150062008.jpg\",\"width\":1500,\"height\":1000},{\"@type\":\"BreadcrumbList\",\"@id\":\"https:\\\/\\\/arbrea-labs.com\\\/full-stack-web-developer\\\/#breadcrumb\",\"itemListElement\":[{\"@type\":\"ListItem\",\"position\":1,\"name\":\"Home\",\"item\":\"https:\\\/\\\/arbrea-labs.com\\\/\"},{\"@type\":\"ListItem\",\"position\":2,\"name\":\"Full Stack Developer\"}]},{\"@type\":\"WebSite\",\"@id\":\"https:\\\/\\\/arbrea-labs.com\\\/#website\",\"url\":\"https:\\\/\\\/arbrea-labs.com\\\/\",\"name\":\"Arbrea Labs\",\"description\":\"Augmented Reality &amp; 3D Solutions for Aesthetics\",\"publisher\":{\"@id\":\"https:\\\/\\\/arbrea-labs.com\\\/#organization\"},\"alternateName\":\"Arbrea\",\"potentialAction\":[{\"@type\":\"SearchAction\",\"target\":{\"@type\":\"EntryPoint\",\"urlTemplate\":\"https:\\\/\\\/arbrea-labs.com\\\/?s={search_term_string}\"},\"query-input\":{\"@type\":\"PropertyValueSpecification\",\"valueRequired\":true,\"valueName\":\"search_term_string\"}}],\"inLanguage\":\"es\"},{\"@type\":\"Organization\",\"@id\":\"https:\\\/\\\/arbrea-labs.com\\\/#organization\",\"name\":\"Arbrea Labs\",\"alternateName\":\"Arbrea\",\"url\":\"https:\\\/\\\/arbrea-labs.com\\\/\",\"logo\":{\"@type\":\"ImageObject\",\"inLanguage\":\"es\",\"@id\":\"https:\\\/\\\/arbrea-labs.com\\\/#\\\/schema\\\/logo\\\/image\\\/\",\"url\":\"https:\\\/\\\/arbrea-labs.com\\\/wp-content\\\/uploads\\\/2022\\\/01\\\/logo_arbrea_LABS-01-1-e1641392734450.png\",\"contentUrl\":\"https:\\\/\\\/arbrea-labs.com\\\/wp-content\\\/uploads\\\/2022\\\/01\\\/logo_arbrea_LABS-01-1-e1641392734450.png\",\"width\":2000,\"height\":750,\"caption\":\"Arbrea Labs\"},\"image\":{\"@id\":\"https:\\\/\\\/arbrea-labs.com\\\/#\\\/schema\\\/logo\\\/image\\\/\"},\"sameAs\":[\"https:\\\/\\\/www.facebook.com\\\/arbrealabs\",\"https:\\\/\\\/www.instagram.com\\\/arbrealabs\\\/\",\"https:\\\/\\\/www.linkedin.com\\\/company\\\/arbrea-labs-ag\\\/\",\"https:\\\/\\\/www.youtube.com\\\/channel\\\/UCbHN9gofXJv8rMAHcAguTcg\"],\"description\":\"Arbrea Labs leads the way in blending advanced AI technology with personalized healthcare. Our fast, simple and safe Augmented Reality & 3D simulators optimize consultations, saving time and enhancing patient education. Meanwhile, our AR-driven marketing booster enhances patient journeys, maximizing marketing ROI and fostering efficient lead generation. Join us as we shape the future of aesthetic healthcare.\",\"email\":\"info@arbrea-labs.com\",\"legalName\":\"Arbrea Labs AG\",\"foundingDate\":\"2018-03-04\",\"vatID\":\"CHE-292.633.177\",\"numberOfEmployees\":{\"@type\":\"QuantitativeValue\",\"minValue\":\"11\",\"maxValue\":\"50\"}}]}<\/script>\n<!-- \/ Yoast SEO Premium plugin. -->","yoast_head_json":{"title":"Oportunidades para desarrolladores Full Stack en Arbrea Tech","description":"Convi\u00e9rtete en un desarrollador Full Stack en Arbrea Tech y participa en emocionantes proyectos relacionados con AR\/AI.","robots":{"index":"index","follow":"follow","max-snippet":"max-snippet:-1","max-image-preview":"max-image-preview:large","max-video-preview":"max-video-preview:-1"},"canonical":"https:\/\/arbrea-labs.com\/es\/desarrollador-web-full-stack\/","og_locale":"es_ES","og_type":"article","og_title":"Full Stack Developer","og_description":"Become a Full Stack Developer at Arbrea Tech and engage in exciting projects involving AR\/AI.","og_url":"https:\/\/arbrea-labs.com\/es\/desarrollador-web-full-stack\/","og_site_name":"Arbrea Labs","article_publisher":"https:\/\/www.facebook.com\/arbrealabs","article_modified_time":"2025-12-03T16:30:37+00:00","og_image":[{"width":1500,"height":1000,"url":"https:\/\/arbrea-labs.com\/wp-content\/uploads\/2024\/07\/2150062008.jpg","type":"image\/jpeg"}],"twitter_card":"summary_large_image","twitter_misc":{"Tiempo de lectura":"3 minutos"},"schema":{"@context":"https:\/\/schema.org","@graph":[{"@type":"WebPage","@id":"https:\/\/arbrea-labs.com\/full-stack-web-developer\/","url":"https:\/\/arbrea-labs.com\/full-stack-web-developer\/","name":"Oportunidades para desarrolladores Full Stack en Arbrea Tech","isPartOf":{"@id":"https:\/\/arbrea-labs.com\/#website"},"primaryImageOfPage":{"@id":"https:\/\/arbrea-labs.com\/full-stack-web-developer\/#primaryimage"},"image":{"@id":"https:\/\/arbrea-labs.com\/full-stack-web-developer\/#primaryimage"},"thumbnailUrl":"https:\/\/arbrea-labs.com\/wp-content\/uploads\/2024\/07\/2150062008.jpg","datePublished":"2022-05-26T08:35:43+00:00","dateModified":"2025-12-03T16:30:37+00:00","description":"Convi\u00e9rtete en un desarrollador Full Stack en Arbrea Tech y participa en emocionantes proyectos relacionados con AR\/AI.","breadcrumb":{"@id":"https:\/\/arbrea-labs.com\/full-stack-web-developer\/#breadcrumb"},"inLanguage":"es","potentialAction":[{"@type":"ReadAction","target":["https:\/\/arbrea-labs.com\/full-stack-web-developer\/"]}]},{"@type":"ImageObject","inLanguage":"es","@id":"https:\/\/arbrea-labs.com\/full-stack-web-developer\/#primaryimage","url":"https:\/\/arbrea-labs.com\/wp-content\/uploads\/2024\/07\/2150062008.jpg","contentUrl":"https:\/\/arbrea-labs.com\/wp-content\/uploads\/2024\/07\/2150062008.jpg","width":1500,"height":1000},{"@type":"BreadcrumbList","@id":"https:\/\/arbrea-labs.com\/full-stack-web-developer\/#breadcrumb","itemListElement":[{"@type":"ListItem","position":1,"name":"Home","item":"https:\/\/arbrea-labs.com\/"},{"@type":"ListItem","position":2,"name":"Full Stack Developer"}]},{"@type":"WebSite","@id":"https:\/\/arbrea-labs.com\/#website","url":"https:\/\/arbrea-labs.com\/","name":"Laboratorios Arbrea","description":"Realidad aumentada y soluciones 3D para est\u00e9tica","publisher":{"@id":"https:\/\/arbrea-labs.com\/#organization"},"alternateName":"Arbrea","potentialAction":[{"@type":"SearchAction","target":{"@type":"EntryPoint","urlTemplate":"https:\/\/arbrea-labs.com\/?s={search_term_string}"},"query-input":{"@type":"PropertyValueSpecification","valueRequired":true,"valueName":"search_term_string"}}],"inLanguage":"es"},{"@type":"Organization","@id":"https:\/\/arbrea-labs.com\/#organization","name":"Laboratorios Arbrea","alternateName":"Arbrea","url":"https:\/\/arbrea-labs.com\/","logo":{"@type":"ImageObject","inLanguage":"es","@id":"https:\/\/arbrea-labs.com\/#\/schema\/logo\/image\/","url":"https:\/\/arbrea-labs.com\/wp-content\/uploads\/2022\/01\/logo_arbrea_LABS-01-1-e1641392734450.png","contentUrl":"https:\/\/arbrea-labs.com\/wp-content\/uploads\/2022\/01\/logo_arbrea_LABS-01-1-e1641392734450.png","width":2000,"height":750,"caption":"Arbrea Labs"},"image":{"@id":"https:\/\/arbrea-labs.com\/#\/schema\/logo\/image\/"},"sameAs":["https:\/\/www.facebook.com\/arbrealabs","https:\/\/www.instagram.com\/arbrealabs\/","https:\/\/www.linkedin.com\/company\/arbrea-labs-ag\/","https:\/\/www.youtube.com\/channel\/UCbHN9gofXJv8rMAHcAguTcg"],"description":"Arbrea Labs lidera la combinaci\u00f3n de tecnolog\u00eda avanzada de IA con atenci\u00f3n sanitaria personalizada. Nuestros simuladores 3D y de realidad aumentada, r\u00e1pidos, sencillos y seguros, optimizan las consultas, ahorran tiempo y mejoran la educaci\u00f3n del paciente. Al mismo tiempo, nuestro potenciador de marketing basado en realidad aumentada mejora la experiencia del paciente, maximizando el retorno de la inversi\u00f3n en marketing y fomentando la generaci\u00f3n eficiente de clientes potenciales. \u00danase a nosotros para dar forma al futuro de la atenci\u00f3n sanitaria est\u00e9tica.","email":"info@arbrea-labs.com","legalName":"Arbrea Labs AG","foundingDate":"2018-03-04","vatID":"CHE-292.633.177","numberOfEmployees":{"@type":"QuantitativeValue","minValue":"11","maxValue":"50"}}]}},"_links":{"self":[{"href":"https:\/\/arbrea-labs.com\/es\/wp-json\/wp\/v2\/pages\/34047","targetHints":{"allow":["GET"]}}],"collection":[{"href":"https:\/\/arbrea-labs.com\/es\/wp-json\/wp\/v2\/pages"}],"about":[{"href":"https:\/\/arbrea-labs.com\/es\/wp-json\/wp\/v2\/types\/page"}],"author":[{"embeddable":true,"href":"https:\/\/arbrea-labs.com\/es\/wp-json\/wp\/v2\/users\/3"}],"replies":[{"embeddable":true,"href":"https:\/\/arbrea-labs.com\/es\/wp-json\/wp\/v2\/comments?post=34047"}],"version-history":[{"count":0,"href":"https:\/\/arbrea-labs.com\/es\/wp-json\/wp\/v2\/pages\/34047\/revisions"}],"wp:featuredmedia":[{"embeddable":true,"href":"https:\/\/arbrea-labs.com\/es\/wp-json\/wp\/v2\/media\/33712"}],"wp:attachment":[{"href":"https:\/\/arbrea-labs.com\/es\/wp-json\/wp\/v2\/media?parent=34047"}],"curies":[{"name":"wp","href":"https:\/\/api.w.org\/{rel}","templated":true}]}}