{"id":19509,"date":"2023-04-28T22:39:41","date_gmt":"2023-04-28T20:39:41","guid":{"rendered":"https:\/\/arbrea-labs.com\/?page_id=19509"},"modified":"2024-11-20T16:15:08","modified_gmt":"2024-11-20T15:15:08","slug":"gestor-junior-de-redes-sociales","status":"publish","type":"page","link":"https:\/\/arbrea-labs.com\/es\/junior-social-media-manager\/","title":{"rendered":"Gestor junior de redes sociales"},"content":{"rendered":"<div id=\"fws_69f1c21313118\"  data-column-margin=\"default\" data-midnight=\"light\" data-top-percent=\"2%\" data-bottom-percent=\"2%\"  class=\"wpb_row vc_row-fluid vc_row full-width-section has-row-bg-color\"  style=\"padding-top: calc(100vw * 0.02); padding-bottom: calc(100vw * 0.02); --row-bg-color: #3452ff;\"><div class=\"row-bg-wrap\" data-bg-animation=\"none\" data-bg-animation-delay=\"\" data-bg-overlay=\"true\"><div class=\"inner-wrap row-bg-layer using-image\" ><div class=\"row-bg viewport-desktop using-image using-bg-color lazyload\" style=\"background-image: url(https:\/\/arbrea-labs.com\/wp-includes\/images\/blank.gif);background-position: center center;background-repeat: no-repeat;background-color: #3452ff;\" data-background-image=\"https:\/\/arbrea-labs.com\/wp-content\/uploads\/2022\/05\/Untitled-design-16.png\"><\/div><\/div><div class=\"row-bg-overlay row-bg-layer\" style=\"background-color:#0c0c0c;  opacity: 0.3; \"><\/div><\/div><div class=\"row_col_wrap_12 col span_12 light left\">\n\t<div  class=\"vc_col-sm-2 wpb_column column_container vc_column_container col no-extra-padding inherit_tablet inherit_phone\"  data-padding-pos=\"all\" data-has-bg-color=\"false\" data-bg-color=\"\" data-bg-opacity=\"1\" data-animation=\"\" data-delay=\"0\" >\n\t\t<div class=\"vc_column-inner\" >\n\t\t\t<div class=\"wpb_wrapper\">\n\t\t\t\t\n\t\t\t<\/div> \n\t\t<\/div>\n\t<\/div> \n\n\t<div  class=\"vc_col-sm-8 wpb_column column_container vc_column_container col centered-text has-animation no-extra-padding inherit_tablet inherit_phone\"  data-padding-pos=\"all\" data-has-bg-color=\"false\" data-bg-color=\"\" data-bg-opacity=\"1\" data-animation=\"zoom-out\" data-delay=\"0\" >\n\t\t<div class=\"vc_column-inner\" >\n\t\t\t<div class=\"wpb_wrapper\">\n\t\t\t\t<h4 style=\"font-size: 20px;color: rgba(255,255,255,0.7);line-height: 36px;text-align: center;font-family:Roboto;font-weight:500;font-style:normal\" class=\"vc_custom_heading vc_do_custom_heading vc_custom_1682714540573\" >\u00danete a nuestro equipo creativo<\/h4><h1 style=\"font-size: 83px;line-height: 98px;text-align: center;font-family:Roboto;font-weight:400;font-style:normal\" class=\"vc_custom_heading vc_do_custom_heading vc_custom_1682714504138\" >Gestor junior de redes sociales<\/h1>\n\t\t\t<\/div> \n\t\t<\/div>\n\t<\/div> \n\n\t<div  class=\"vc_col-sm-2 wpb_column column_container vc_column_container col no-extra-padding inherit_tablet inherit_phone\"  data-padding-pos=\"all\" data-has-bg-color=\"false\" data-bg-color=\"\" data-bg-opacity=\"1\" data-animation=\"\" data-delay=\"0\" >\n\t\t<div class=\"vc_column-inner\" >\n\t\t\t<div class=\"wpb_wrapper\">\n\t\t\t\t\n\t\t\t<\/div> \n\t\t<\/div>\n\t<\/div> \n<\/div><\/div>\n\t\t<div id=\"fws_69f1c21313661\"  data-column-margin=\"default\" data-midnight=\"dark\" data-top-percent=\"3%\"  class=\"wpb_row vc_row-fluid vc_row\"  style=\"padding-top: calc(100vw * 0.03); padding-bottom: 0px; \"><div class=\"row-bg-wrap\" data-bg-animation=\"none\" data-bg-animation-delay=\"\" data-bg-overlay=\"false\"><div class=\"inner-wrap row-bg-layer\" ><div class=\"row-bg viewport-desktop\"  style=\"\"><\/div><\/div><\/div><div class=\"row_col_wrap_12 col span_12 dark left\">\n\t<div  class=\"vc_col-sm-12 wpb_column column_container vc_column_container col no-extra-padding inherit_tablet inherit_phone\"  data-padding-pos=\"all\" data-has-bg-color=\"false\" data-bg-color=\"\" data-bg-opacity=\"1\" data-animation=\"\" data-delay=\"0\" >\n\t\t<div class=\"vc_column-inner\" >\n\t\t\t<div class=\"wpb_wrapper\">\n\t\t\t\t\n<div class=\"wpb_text_column wpb_content_element\" >\n\t<h2><\/h2>\n<div>\n<p><strong>\u00bfQui\u00e9nes somos?<\/strong><\/p>\n<p>Arbrea Labs es una startup suiza y una spin-off de la ETH de Z\u00farich (Escuela Polit\u00e9cnica Federal de Suiza). Desarrollamos tecnolog\u00eda puntera de IA y RA para la creaci\u00f3n de avatares humanos digitales desde dispositivos m\u00f3viles. Nos hemos centrado en la previsualizaci\u00f3n de la cirug\u00eda reconstructiva y est\u00e9tica de la mama. Hemos producido con orgullo herramientas de Realidad Aumentada en tiempo real para pre-visualizar cirug\u00edas est\u00e9ticas, pl\u00e1sticas y reconstructivas y procedimientos no invasivos tanto para cirujanos como para pacientes. Arbrea Labs cuenta con un equipo din\u00e1mico y en r\u00e1pido crecimiento formado por ingenieros de I+D, socios comerciales y expertos en marketing digital.<\/p><\/div>\n<div class=\"p-rich_text_section\"><strong>Descripci\u00f3n del puesto:<\/strong><br \/>\nBuscamos un gestor de redes sociales estrat\u00e9gico y creativo para unirse a nuestro equipo de marketing. Como gestor de redes sociales, desarrollar\u00e1s y ejecutar\u00e1s estrategias de redes sociales en varias plataformas.<\/div>\n<div class=\"p-rich_text_section\">\n<p><strong>Responsabilidades:<\/strong><\/div>\n<ul class=\"p-rich_text_list p-rich_text_list__bullet\" data-stringify-type=\"unordered-list\" data-indent=\"0\" data-border=\"0\">\n<li data-stringify-indent=\"0\" data-stringify-border=\"0\">Desarrollar y aplicar estrategias en las redes sociales para aumentar la notoriedad y la participaci\u00f3n de la marca e impulsar el tr\u00e1fico del sitio web.<\/li>\n<li data-stringify-indent=\"0\" data-stringify-border=\"0\">Crear y gestionar contenidos para diversas plataformas de medios sociales, como Facebook, Twitter, Instagram, LinkedIn y TikTok.<\/li>\n<li data-stringify-indent=\"0\" data-stringify-border=\"0\">Supervisar y analizar el rendimiento de las redes sociales, proporcionando informes peri\u00f3dicos y perspectivas para mejorar las campa\u00f1as en las redes sociales.<\/li>\n<li data-stringify-indent=\"0\" data-stringify-border=\"0\">Colaborar con otros equipos para garantizar la coherencia del mensaje y la marca en todos los canales.<\/li>\n<li data-stringify-indent=\"0\" data-stringify-border=\"0\">Participar con la comunidad en l\u00ednea, respondiendo a los comentarios y mensajes de manera oportuna y profesional.<\/li>\n<li data-stringify-indent=\"0\" data-stringify-border=\"0\">Estar al d\u00eda de las tendencias y las mejores pr\u00e1cticas de las redes sociales y recomendar nuevas ideas para mejorar el rendimiento de las redes sociales.<\/li>\n<\/ul>\n<div class=\"p-rich_text_section\"><strong>Requisitos:<\/strong><\/div>\n<ul class=\"p-rich_text_list p-rich_text_list__bullet\" data-stringify-type=\"unordered-list\" data-indent=\"0\" data-border=\"0\">\n<li data-stringify-indent=\"0\" data-stringify-border=\"0\">Experiencia demostrada como gestor de redes sociales o puesto similar<\/li>\n<li aria-level=\"1\">Excelente comunicaci\u00f3n oral y escrita en ingl\u00e9s, gran sentido visual y atenci\u00f3n al detalle.<\/li>\n<li data-stringify-indent=\"0\" data-stringify-border=\"0\">Conocimiento profundo de las plataformas de redes sociales, como Facebook, Twitter, Instagram, LinkedIn y Tik Tok.<\/li>\n<li data-stringify-indent=\"0\" data-stringify-border=\"0\">Experiencia en la creaci\u00f3n y gesti\u00f3n de campa\u00f1as en las redes sociales<\/li>\n<li data-stringify-indent=\"0\" data-stringify-border=\"0\">Capacidad para analizar datos y proporcionar informaci\u00f3n sobre el rendimiento de las redes sociales.<\/li>\n<li data-stringify-indent=\"0\" data-stringify-border=\"0\">Atenci\u00f3n al detalle y capacidad multitarea<\/li>\n<li data-stringify-indent=\"0\" data-stringify-border=\"0\">Se valorar\u00e1n los conocimientos de Canva, CapCut, Adobe Creative Suite u otros programas de dise\u00f1o.<\/li>\n<\/ul>\n<div class=\"p-rich_text_section\">Si est\u00e1 interesado en este puesto, env\u00edenos su curr\u00edculum y una carta de presentaci\u00f3n. Estaremos encantados de conocerle.<\/div>\n<p><strong>Beneficios de Arbrea Life<\/strong><\/p>\n<p>Hacer de este mundo un lugar mejor es un trabajo duro, por eso apoyamos a nuestro Dream Team con lo siguiente:<\/p>\n<ul>\n<li>Desarrollo profesional sin l\u00edmites en una de las empresas de mayor crecimiento de su categor\u00eda<\/li>\n<li>Una cultura de libertad, responsabilidad y honestidad radical<\/li>\n<li>Un entorno empresarial que fomenta la innovaci\u00f3n<\/li>\n<li>Un entorno global con colegas en todo el planeta<\/li>\n<li>Un entorno de trabajo flexible<\/li>\n<li>Premios adicionales por alcanzar objetivos<\/li>\n<li>Puesto totalmente remoto<\/li>\n<li>Reembolso de viajes o visitas a clientes<\/li>\n<li>Condiciones econ\u00f3micas extremadamente competitivas<\/li>\n<li>Los \u00faltimos dispositivos inform\u00e1ticos funcionan<\/li>\n<\/ul>\n<p><strong>Diversidad e inclusi\u00f3n<\/strong><\/p>\n<p>La diversidad y la inclusi\u00f3n son importantes para nosotros; trabajamos constantemente para mejorar estos aspectos. En Arbrea no s\u00f3lo aceptamos nuestras diferencias, sino que las apoyamos y celebramos plenamente. Estamos comprometidos con la igualdad de oportunidades en el empleo, independientemente de la raza, el color, la ascendencia, la religi\u00f3n, el sexo, la nacionalidad, la orientaci\u00f3n sexual, la edad, la ciudadan\u00eda, el estado civil, la discapacidad, el g\u00e9nero o la identidad o expresi\u00f3n de g\u00e9nero.<\/p>\n<p><strong>Nuestro Manifiesto:<\/strong><\/p>\n<p>Creemos que la tecnolog\u00eda es un gran activo para el mundo, pero debe ser r\u00e1pida, sencilla y segura de usar. Llevamos este concepto al mercado de la est\u00e9tica ofreciendo herramientas de las que pacientes y profesionales pueden beneficiarse plenamente sin prisas. Tambi\u00e9n creemos que nada puede hacerse sin pasi\u00f3n humana, honestidad, transparencia y la mentalidad y actitud adecuadas, y buscamos candidatos que compartan nuestros valores fundamentales.<\/p>\n<\/div>\n\n\n\n\n\t\t\t<\/div> \n\t\t<\/div>\n\t<\/div> \n<\/div><\/div>\n\t\t<div id=\"fws_69f1c21313b85\"  data-column-margin=\"default\" data-midnight=\"dark\"  class=\"wpb_row vc_row-fluid vc_row\"  style=\"padding-top: 0px; padding-bottom: 0px; \"><div class=\"row-bg-wrap\" data-bg-animation=\"none\" data-bg-animation-delay=\"\" data-bg-overlay=\"false\"><div class=\"inner-wrap row-bg-layer\" ><div class=\"row-bg viewport-desktop\"  style=\"\"><\/div><\/div><\/div><div class=\"row_col_wrap_12 col span_12 dark left\">\n\t<div  class=\"vc_col-sm-12 wpb_column column_container vc_column_container col no-extra-padding inherit_tablet inherit_phone\"  data-padding-pos=\"all\" data-has-bg-color=\"false\" data-bg-color=\"\" data-bg-opacity=\"1\" data-animation=\"\" data-delay=\"0\" >\n\t\t<div class=\"vc_column-inner\" >\n\t\t\t<div class=\"wpb_wrapper\">\n\t\t\t\t\n<div class=\"wpb_text_column wpb_content_element\" >\n\t<\/div>\n\n\n\n\n\t\t\t<\/div> \n\t\t<\/div>\n\t<\/div> \n<\/div><\/div>\n\t\t<div id=\"fws_69f1c21313d1e\"  data-column-margin=\"default\" data-midnight=\"dark\"  class=\"wpb_row vc_row-fluid vc_row\"  style=\"padding-top: 0px; padding-bottom: 0px; \"><div class=\"row-bg-wrap\" data-bg-animation=\"none\" data-bg-animation-delay=\"\" data-bg-overlay=\"false\"><div class=\"inner-wrap row-bg-layer\" ><div class=\"row-bg viewport-desktop\"  style=\"\"><\/div><\/div><\/div><div class=\"row_col_wrap_12 col span_12 dark left\">\n\t<div  class=\"vc_col-sm-12 wpb_column column_container vc_column_container col no-extra-padding inherit_tablet inherit_phone\"  data-padding-pos=\"all\" data-has-bg-color=\"false\" data-bg-color=\"\" data-bg-opacity=\"1\" data-animation=\"\" data-delay=\"0\" >\n\t\t<div class=\"vc_column-inner\" >\n\t\t\t<div class=\"wpb_wrapper\">\n\t\t\t\t\n\t<div class=\"wpb_raw_code wpb_raw_html wpb_content_element\" >\n\t\t<div class=\"wpb_wrapper\">\n\t\t\t<div data-tf-live=\"01JD527Y3CFHBDBHN40JFPVY2E\"><\/div><script src=\"\/\/embed.typeform.com\/next\/embed.js\"><\/script>\n\t\t<\/div>\n\t<\/div>\n\n\t\t\t<\/div> \n\t\t<\/div>\n\t<\/div> \n<\/div><\/div>\n<!-- \/wp:post-content -->","protected":false},"excerpt":{"rendered":"\u00danete a nuestro equipo creativoJunior Social Media Manager \u00bfQui\u00e9nes somos? Arbrea Labs es una startup suiza y una spin-off de ETH Zurich (Instituto Federal Suizo...","protected":false},"author":3,"featured_media":0,"parent":0,"menu_order":0,"comment_status":"closed","ping_status":"closed","template":"","meta":{"footnotes":""},"class_list":["post-19509","page","type-page","status-publish"],"yoast_head":"<!-- This site is optimized with the Yoast SEO Premium plugin v27.3 (Yoast SEO v27.5) - https:\/\/yoast.com\/product\/yoast-seo-premium-wordpress\/ -->\n<title>Junior Social Media Manager - Arbrea Labs<\/title>\n<meta name=\"robots\" content=\"index, follow, max-snippet:-1, max-image-preview:large, max-video-preview:-1\" \/>\n<link rel=\"canonical\" href=\"https:\/\/arbrea-labs.com\/es\/gestor-junior-de-redes-sociales\/\" \/>\n<meta property=\"og:locale\" content=\"es_ES\" \/>\n<meta property=\"og:type\" content=\"article\" \/>\n<meta property=\"og:title\" content=\"Junior Social Media Manager\" \/>\n<meta property=\"og:url\" content=\"https:\/\/arbrea-labs.com\/es\/gestor-junior-de-redes-sociales\/\" \/>\n<meta property=\"og:site_name\" content=\"Arbrea Labs\" \/>\n<meta property=\"article:publisher\" content=\"https:\/\/www.facebook.com\/arbrealabs\" \/>\n<meta property=\"article:modified_time\" content=\"2024-11-20T15:15:08+00:00\" \/>\n<meta name=\"twitter:card\" content=\"summary_large_image\" \/>\n<meta name=\"twitter:label1\" content=\"Tiempo de lectura\" \/>\n\t<meta name=\"twitter:data1\" content=\"4 minutos\" \/>\n<script type=\"application\/ld+json\" class=\"yoast-schema-graph\">{\"@context\":\"https:\\\/\\\/schema.org\",\"@graph\":[{\"@type\":\"WebPage\",\"@id\":\"https:\\\/\\\/arbrea-labs.com\\\/junior-social-media-manager\\\/\",\"url\":\"https:\\\/\\\/arbrea-labs.com\\\/junior-social-media-manager\\\/\",\"name\":\"Junior Social Media Manager - Arbrea Labs\",\"isPartOf\":{\"@id\":\"https:\\\/\\\/arbrea-labs.com\\\/#website\"},\"datePublished\":\"2023-04-28T20:39:41+00:00\",\"dateModified\":\"2024-11-20T15:15:08+00:00\",\"breadcrumb\":{\"@id\":\"https:\\\/\\\/arbrea-labs.com\\\/junior-social-media-manager\\\/#breadcrumb\"},\"inLanguage\":\"es\",\"potentialAction\":[{\"@type\":\"ReadAction\",\"target\":[\"https:\\\/\\\/arbrea-labs.com\\\/junior-social-media-manager\\\/\"]}]},{\"@type\":\"BreadcrumbList\",\"@id\":\"https:\\\/\\\/arbrea-labs.com\\\/junior-social-media-manager\\\/#breadcrumb\",\"itemListElement\":[{\"@type\":\"ListItem\",\"position\":1,\"name\":\"Home\",\"item\":\"https:\\\/\\\/arbrea-labs.com\\\/\"},{\"@type\":\"ListItem\",\"position\":2,\"name\":\"Junior Social Media Manager\"}]},{\"@type\":\"WebSite\",\"@id\":\"https:\\\/\\\/arbrea-labs.com\\\/#website\",\"url\":\"https:\\\/\\\/arbrea-labs.com\\\/\",\"name\":\"Arbrea Labs\",\"description\":\"Augmented Reality &amp; 3D Solutions for Aesthetics\",\"publisher\":{\"@id\":\"https:\\\/\\\/arbrea-labs.com\\\/#organization\"},\"alternateName\":\"Arbrea\",\"potentialAction\":[{\"@type\":\"SearchAction\",\"target\":{\"@type\":\"EntryPoint\",\"urlTemplate\":\"https:\\\/\\\/arbrea-labs.com\\\/?s={search_term_string}\"},\"query-input\":{\"@type\":\"PropertyValueSpecification\",\"valueRequired\":true,\"valueName\":\"search_term_string\"}}],\"inLanguage\":\"es\"},{\"@type\":\"Organization\",\"@id\":\"https:\\\/\\\/arbrea-labs.com\\\/#organization\",\"name\":\"Arbrea Labs\",\"alternateName\":\"Arbrea\",\"url\":\"https:\\\/\\\/arbrea-labs.com\\\/\",\"logo\":{\"@type\":\"ImageObject\",\"inLanguage\":\"es\",\"@id\":\"https:\\\/\\\/arbrea-labs.com\\\/#\\\/schema\\\/logo\\\/image\\\/\",\"url\":\"https:\\\/\\\/arbrea-labs.com\\\/wp-content\\\/uploads\\\/2022\\\/01\\\/logo_arbrea_LABS-01-1-e1641392734450.png\",\"contentUrl\":\"https:\\\/\\\/arbrea-labs.com\\\/wp-content\\\/uploads\\\/2022\\\/01\\\/logo_arbrea_LABS-01-1-e1641392734450.png\",\"width\":2000,\"height\":750,\"caption\":\"Arbrea Labs\"},\"image\":{\"@id\":\"https:\\\/\\\/arbrea-labs.com\\\/#\\\/schema\\\/logo\\\/image\\\/\"},\"sameAs\":[\"https:\\\/\\\/www.facebook.com\\\/arbrealabs\",\"https:\\\/\\\/www.instagram.com\\\/arbrealabs\\\/\",\"https:\\\/\\\/www.linkedin.com\\\/company\\\/arbrea-labs-ag\\\/\",\"https:\\\/\\\/www.youtube.com\\\/channel\\\/UCbHN9gofXJv8rMAHcAguTcg\"],\"description\":\"Arbrea Labs leads the way in blending advanced AI technology with personalized healthcare. Our fast, simple and safe Augmented Reality & 3D simulators optimize consultations, saving time and enhancing patient education. Meanwhile, our AR-driven marketing booster enhances patient journeys, maximizing marketing ROI and fostering efficient lead generation. Join us as we shape the future of aesthetic healthcare.\",\"email\":\"info@arbrea-labs.com\",\"legalName\":\"Arbrea Labs AG\",\"foundingDate\":\"2018-03-04\",\"vatID\":\"CHE-292.633.177\",\"numberOfEmployees\":{\"@type\":\"QuantitativeValue\",\"minValue\":\"11\",\"maxValue\":\"50\"}}]}<\/script>\n<!-- \/ Yoast SEO Premium plugin. -->","yoast_head_json":{"title":"Gestor junior de redes sociales - Arbrea Labs","robots":{"index":"index","follow":"follow","max-snippet":"max-snippet:-1","max-image-preview":"max-image-preview:large","max-video-preview":"max-video-preview:-1"},"canonical":"https:\/\/arbrea-labs.com\/es\/gestor-junior-de-redes-sociales\/","og_locale":"es_ES","og_type":"article","og_title":"Junior Social Media Manager","og_url":"https:\/\/arbrea-labs.com\/es\/gestor-junior-de-redes-sociales\/","og_site_name":"Arbrea Labs","article_publisher":"https:\/\/www.facebook.com\/arbrealabs","article_modified_time":"2024-11-20T15:15:08+00:00","twitter_card":"summary_large_image","twitter_misc":{"Tiempo de lectura":"4 minutos"},"schema":{"@context":"https:\/\/schema.org","@graph":[{"@type":"WebPage","@id":"https:\/\/arbrea-labs.com\/junior-social-media-manager\/","url":"https:\/\/arbrea-labs.com\/junior-social-media-manager\/","name":"Gestor junior de redes sociales - Arbrea Labs","isPartOf":{"@id":"https:\/\/arbrea-labs.com\/#website"},"datePublished":"2023-04-28T20:39:41+00:00","dateModified":"2024-11-20T15:15:08+00:00","breadcrumb":{"@id":"https:\/\/arbrea-labs.com\/junior-social-media-manager\/#breadcrumb"},"inLanguage":"es","potentialAction":[{"@type":"ReadAction","target":["https:\/\/arbrea-labs.com\/junior-social-media-manager\/"]}]},{"@type":"BreadcrumbList","@id":"https:\/\/arbrea-labs.com\/junior-social-media-manager\/#breadcrumb","itemListElement":[{"@type":"ListItem","position":1,"name":"Home","item":"https:\/\/arbrea-labs.com\/"},{"@type":"ListItem","position":2,"name":"Junior Social Media Manager"}]},{"@type":"WebSite","@id":"https:\/\/arbrea-labs.com\/#website","url":"https:\/\/arbrea-labs.com\/","name":"Laboratorios Arbrea","description":"Realidad aumentada y soluciones 3D para est\u00e9tica","publisher":{"@id":"https:\/\/arbrea-labs.com\/#organization"},"alternateName":"Arbrea","potentialAction":[{"@type":"SearchAction","target":{"@type":"EntryPoint","urlTemplate":"https:\/\/arbrea-labs.com\/?s={search_term_string}"},"query-input":{"@type":"PropertyValueSpecification","valueRequired":true,"valueName":"search_term_string"}}],"inLanguage":"es"},{"@type":"Organization","@id":"https:\/\/arbrea-labs.com\/#organization","name":"Laboratorios Arbrea","alternateName":"Arbrea","url":"https:\/\/arbrea-labs.com\/","logo":{"@type":"ImageObject","inLanguage":"es","@id":"https:\/\/arbrea-labs.com\/#\/schema\/logo\/image\/","url":"https:\/\/arbrea-labs.com\/wp-content\/uploads\/2022\/01\/logo_arbrea_LABS-01-1-e1641392734450.png","contentUrl":"https:\/\/arbrea-labs.com\/wp-content\/uploads\/2022\/01\/logo_arbrea_LABS-01-1-e1641392734450.png","width":2000,"height":750,"caption":"Arbrea Labs"},"image":{"@id":"https:\/\/arbrea-labs.com\/#\/schema\/logo\/image\/"},"sameAs":["https:\/\/www.facebook.com\/arbrealabs","https:\/\/www.instagram.com\/arbrealabs\/","https:\/\/www.linkedin.com\/company\/arbrea-labs-ag\/","https:\/\/www.youtube.com\/channel\/UCbHN9gofXJv8rMAHcAguTcg"],"description":"Arbrea Labs lidera la combinaci\u00f3n de tecnolog\u00eda avanzada de IA con atenci\u00f3n sanitaria personalizada. Nuestros simuladores 3D y de realidad aumentada, r\u00e1pidos, sencillos y seguros, optimizan las consultas, ahorran tiempo y mejoran la educaci\u00f3n del paciente. Al mismo tiempo, nuestro potenciador de marketing basado en realidad aumentada mejora la experiencia del paciente, maximizando el retorno de la inversi\u00f3n en marketing y fomentando la generaci\u00f3n eficiente de clientes potenciales. \u00danase a nosotros para dar forma al futuro de la atenci\u00f3n sanitaria est\u00e9tica.","email":"info@arbrea-labs.com","legalName":"Arbrea Labs AG","foundingDate":"2018-03-04","vatID":"CHE-292.633.177","numberOfEmployees":{"@type":"QuantitativeValue","minValue":"11","maxValue":"50"}}]}},"_links":{"self":[{"href":"https:\/\/arbrea-labs.com\/es\/wp-json\/wp\/v2\/pages\/19509","targetHints":{"allow":["GET"]}}],"collection":[{"href":"https:\/\/arbrea-labs.com\/es\/wp-json\/wp\/v2\/pages"}],"about":[{"href":"https:\/\/arbrea-labs.com\/es\/wp-json\/wp\/v2\/types\/page"}],"author":[{"embeddable":true,"href":"https:\/\/arbrea-labs.com\/es\/wp-json\/wp\/v2\/users\/3"}],"replies":[{"embeddable":true,"href":"https:\/\/arbrea-labs.com\/es\/wp-json\/wp\/v2\/comments?post=19509"}],"version-history":[{"count":0,"href":"https:\/\/arbrea-labs.com\/es\/wp-json\/wp\/v2\/pages\/19509\/revisions"}],"wp:attachment":[{"href":"https:\/\/arbrea-labs.com\/es\/wp-json\/wp\/v2\/media?parent=19509"}],"curies":[{"name":"wp","href":"https:\/\/api.w.org\/{rel}","templated":true}]}}