{"id":18655,"date":"2022-11-09T08:28:12","date_gmt":"2022-11-09T08:28:12","guid":{"rendered":"https:\/\/arbrea-labs.com\/?page_id=18655"},"modified":"2024-07-17T19:32:38","modified_gmt":"2024-07-17T17:32:38","slug":"imprimir","status":"publish","type":"page","link":"https:\/\/arbrea-labs.com\/es\/imprint\/","title":{"rendered":"Pie de imprenta"},"content":{"rendered":"<h3 class=\"wp-block-heading\" id=\"h-responsible-for-the-content\">RESPONSABLE DEL CONTENIDO<\/h3>\r\n\r\n\r\n\r\n<p>ARBREA LABS AG<br \/>Technoparkstrasse 1<br \/>8005 Z\u00farich<\/p>\r\n\r\n\r\n\r\n<p>Tel\u00e9fono +41 78 203 33 38 <br \/>E-Mail:\u00a0support@arbrea-labs.com<\/p>\r\n\r\n\r\n\r\n<p><strong>1. Contenido<\/strong><br \/>El autor ha tomado todas las medidas razonables para garantizar que la informaci\u00f3n contenida en estas p\u00e1ginas web sea exacta y correcta en el momento de su redacci\u00f3n. Aunque se ha puesto el m\u00e1ximo cuidado en la recopilaci\u00f3n de esta informaci\u00f3n, el autor no se hace responsable de ninguna p\u00e9rdida, da\u00f1o o inconveniente causado como resultado de cualquier inexactitud o error en estas p\u00e1ginas o sistemas. Los documentos podr\u00edan incluir errores tipogr\u00e1ficos, errores de omisi\u00f3n, inexactitudes t\u00e9cnicas o editoriales. Todas las ofertas de este sitio web son \"tal cual\", sin garant\u00eda expresa o impl\u00edcita de exactitud o accesibilidad. El autor se reserva el derecho de cambiar, eliminar, editar, a\u00f1adir y controlar de todas las formas posibles el contenido de todo el sitio web en cualquier momento y sin previo aviso.<br \/><br \/><strong>2. Enlaces<\/strong><br \/>Este sitio web contiene enlaces a otros sitios web p\u00fablicos y privados. Estos sitios enlazados no est\u00e1n bajo el control del autor y \u00e9ste no es responsable de los contenidos de ning\u00fan sitio enlazado ni de ning\u00fan enlace contenido en un sitio enlazado. El autor proporciona estos enlaces para su comodidad, y la inclusi\u00f3n de cualquier enlace no implica la aprobaci\u00f3n por parte del autor del contenido de estos sitios. El Autor no representa ni respalda la exactitud o fiabilidad de cualquier contenido publicado en cualquier \u00c1rea Interactiva, incluyendo pero no limitado a Libros de Visitas, Foros y Listas de Correo, y la confianza en dicho contenido ser\u00e1 por cuenta y riesgo del usuario. Cualquier contenido publicado en cualquier \u00c1rea Interactiva por los usuarios son las opiniones del usuario que publica la declaraci\u00f3n, y no representan las opiniones del Autor.<br \/><br \/><strong>3. Copyright<\/strong><br \/>Este Sitio Web contiene informaci\u00f3n, fotograf\u00edas, clips de audio y v\u00eddeo, gr\u00e1ficos, enlaces y otros materiales que est\u00e1n protegidos por derechos de autor, marcas registradas u otros derechos de propiedad del Autor o de terceros. Ninguna persona est\u00e1 autorizada a utilizar, copiar, transferir, reproducir o distribuir cualquier parte del sitio web en su totalidad o en parte, incluidos los gr\u00e1ficos, clips de audio y v\u00eddeo y textos relacionados sin el permiso por escrito del autor.<br \/><br \/><strong>4. Cl\u00e1usula de divisibilidad<\/strong><br \/>En el caso de que cualquier disposici\u00f3n de esta Exenci\u00f3n de Responsabilidad, o la aplicaci\u00f3n de la misma, se convierta o sea declarada ilegal, nula o inaplicable, el resto de esta Exenci\u00f3n de Responsabilidad permanecer\u00e1 en pleno vigor y efecto.<\/p>\r\n\r\n\r\n\r\n<p><strong>Google Analytics<\/strong><\/p>\r\n\r\n\r\n\r\n<p>Este sitio web utiliza Google Analytics, un servicio anal\u00edtico de web prestado por Google, Inc. (\"Google\"). Google Analytics utiliza \"cookies\", que son archivos de texto ubicados en su ordenador, para ayudar al website a analizar el uso que hacen los usuarios del sitio web. La informaci\u00f3n que genera la cookie acerca de su uso del website (incluyendo su direcci\u00f3n IP) ser\u00e1 directamente transmitida y archivada por Google en los servidores de Estados Unidos. Google usar\u00e1 esta informaci\u00f3n por cuenta nuestra con el prop\u00f3sito de seguir la pista de su uso del website, recopilando informes de la actividad del website y prestando otros servicios relacionados con la actividad del website y el uso de Internet. Google podr\u00e1 transmitir dicha informaci\u00f3n a terceros cuando as\u00ed se lo requiera la legislaci\u00f3n, o cuando dichos terceros procesen la informaci\u00f3n por cuenta de Google. Google no asociar\u00e1 su direcci\u00f3n IP con ning\u00fan otro dato del que disponga Google. Puede Usted rechazar el tratamiento de los datos o la informaci\u00f3n rechazando el uso de cookies mediante la selecci\u00f3n de la configuraci\u00f3n apropiada de su navegador, sin embargo, debe Usted saber que si lo hace puede ser que no pueda usar la plena funcionabilidad de este website. Al utilizar este website Usted consiente el tratamiento de informaci\u00f3n acerca de Usted por Google en la forma y para los fines arriba indicados.<\/p>\r\n\r\n\r\n\r\n<p>&nbsp;<\/p>","protected":false},"excerpt":{"rendered":"<p>RESPONSABLE DEL CONTENIDO ARBREA LABS AGTechnoparkstrasse 18005 Z\u00fcrich Telefon: +41 78 203 33 38 E-Mail: support@arbrea-labs.com 1. ContenidoEl autor ha tomado todas las medidas razonables para garantizar...<\/p>","protected":false},"author":1,"featured_media":26528,"parent":0,"menu_order":0,"comment_status":"closed","ping_status":"closed","template":"","meta":{"footnotes":""},"class_list":["post-18655","page","type-page","status-publish","has-post-thumbnail"],"yoast_head":"<!-- This site is optimized with the Yoast SEO Premium plugin v27.3 (Yoast SEO v27.5) - https:\/\/yoast.com\/product\/yoast-seo-premium-wordpress\/ -->\n<title>Imprint - Arbrea Labs<\/title>\n<meta name=\"description\" content=\"Find essential information about Arbrea Labs, including company details, contact information, and legal disclosures. Visit our Imprint page for full transparency and compliance information.\" \/>\n<meta name=\"robots\" content=\"index, follow, max-snippet:-1, max-image-preview:large, max-video-preview:-1\" \/>\n<link rel=\"canonical\" href=\"https:\/\/arbrea-labs.com\/es\/imprimir\/\" \/>\n<meta property=\"og:locale\" content=\"es_ES\" \/>\n<meta property=\"og:type\" content=\"article\" \/>\n<meta property=\"og:title\" content=\"Imprint\" \/>\n<meta property=\"og:description\" content=\"Find essential information about Arbrea Labs, including company details, contact information, and legal disclosures. Visit our Imprint page for full transparency and compliance information.\" \/>\n<meta property=\"og:url\" content=\"https:\/\/arbrea-labs.com\/es\/imprimir\/\" \/>\n<meta property=\"og:site_name\" content=\"Arbrea Labs\" \/>\n<meta property=\"article:publisher\" content=\"https:\/\/www.facebook.com\/arbrealabs\" \/>\n<meta property=\"article:modified_time\" content=\"2024-07-17T17:32:38+00:00\" \/>\n<meta property=\"og:image\" content=\"https:\/\/arbrea-labs.com\/wp-content\/uploads\/2024\/05\/122-1-e1717143587141-878x1024.png\" \/>\n\t<meta property=\"og:image:width\" content=\"878\" \/>\n\t<meta property=\"og:image:height\" content=\"1024\" \/>\n\t<meta property=\"og:image:type\" content=\"image\/png\" \/>\n<meta name=\"twitter:card\" content=\"summary_large_image\" \/>\n<meta name=\"twitter:label1\" content=\"Tiempo de lectura\" \/>\n\t<meta name=\"twitter:data1\" content=\"3 minutos\" \/>\n<script type=\"application\/ld+json\" class=\"yoast-schema-graph\">{\"@context\":\"https:\\\/\\\/schema.org\",\"@graph\":[{\"@type\":\"WebPage\",\"@id\":\"https:\\\/\\\/arbrea-labs.com\\\/imprint\\\/\",\"url\":\"https:\\\/\\\/arbrea-labs.com\\\/imprint\\\/\",\"name\":\"Imprint - Arbrea Labs\",\"isPartOf\":{\"@id\":\"https:\\\/\\\/arbrea-labs.com\\\/#website\"},\"primaryImageOfPage\":{\"@id\":\"https:\\\/\\\/arbrea-labs.com\\\/imprint\\\/#primaryimage\"},\"image\":{\"@id\":\"https:\\\/\\\/arbrea-labs.com\\\/imprint\\\/#primaryimage\"},\"thumbnailUrl\":\"https:\\\/\\\/arbrea-labs.com\\\/wp-content\\\/uploads\\\/2024\\\/05\\\/122-1-e1717143587141.png\",\"datePublished\":\"2022-11-09T08:28:12+00:00\",\"dateModified\":\"2024-07-17T17:32:38+00:00\",\"description\":\"Find essential information about Arbrea Labs, including company details, contact information, and legal disclosures. Visit our Imprint page for full transparency and compliance information.\",\"breadcrumb\":{\"@id\":\"https:\\\/\\\/arbrea-labs.com\\\/imprint\\\/#breadcrumb\"},\"inLanguage\":\"es\",\"potentialAction\":[{\"@type\":\"ReadAction\",\"target\":[\"https:\\\/\\\/arbrea-labs.com\\\/imprint\\\/\"]}]},{\"@type\":\"ImageObject\",\"inLanguage\":\"es\",\"@id\":\"https:\\\/\\\/arbrea-labs.com\\\/imprint\\\/#primaryimage\",\"url\":\"https:\\\/\\\/arbrea-labs.com\\\/wp-content\\\/uploads\\\/2024\\\/05\\\/122-1-e1717143587141.png\",\"contentUrl\":\"https:\\\/\\\/arbrea-labs.com\\\/wp-content\\\/uploads\\\/2024\\\/05\\\/122-1-e1717143587141.png\",\"width\":1207,\"height\":1408,\"caption\":\"Lindapp lead generator\"},{\"@type\":\"BreadcrumbList\",\"@id\":\"https:\\\/\\\/arbrea-labs.com\\\/imprint\\\/#breadcrumb\",\"itemListElement\":[{\"@type\":\"ListItem\",\"position\":1,\"name\":\"Home\",\"item\":\"https:\\\/\\\/arbrea-labs.com\\\/\"},{\"@type\":\"ListItem\",\"position\":2,\"name\":\"Imprint\"}]},{\"@type\":\"WebSite\",\"@id\":\"https:\\\/\\\/arbrea-labs.com\\\/#website\",\"url\":\"https:\\\/\\\/arbrea-labs.com\\\/\",\"name\":\"Arbrea Labs\",\"description\":\"Augmented Reality &amp; 3D Solutions for Aesthetics\",\"publisher\":{\"@id\":\"https:\\\/\\\/arbrea-labs.com\\\/#organization\"},\"alternateName\":\"Arbrea\",\"potentialAction\":[{\"@type\":\"SearchAction\",\"target\":{\"@type\":\"EntryPoint\",\"urlTemplate\":\"https:\\\/\\\/arbrea-labs.com\\\/?s={search_term_string}\"},\"query-input\":{\"@type\":\"PropertyValueSpecification\",\"valueRequired\":true,\"valueName\":\"search_term_string\"}}],\"inLanguage\":\"es\"},{\"@type\":\"Organization\",\"@id\":\"https:\\\/\\\/arbrea-labs.com\\\/#organization\",\"name\":\"Arbrea Labs\",\"alternateName\":\"Arbrea\",\"url\":\"https:\\\/\\\/arbrea-labs.com\\\/\",\"logo\":{\"@type\":\"ImageObject\",\"inLanguage\":\"es\",\"@id\":\"https:\\\/\\\/arbrea-labs.com\\\/#\\\/schema\\\/logo\\\/image\\\/\",\"url\":\"https:\\\/\\\/arbrea-labs.com\\\/wp-content\\\/uploads\\\/2022\\\/01\\\/logo_arbrea_LABS-01-1-e1641392734450.png\",\"contentUrl\":\"https:\\\/\\\/arbrea-labs.com\\\/wp-content\\\/uploads\\\/2022\\\/01\\\/logo_arbrea_LABS-01-1-e1641392734450.png\",\"width\":2000,\"height\":750,\"caption\":\"Arbrea Labs\"},\"image\":{\"@id\":\"https:\\\/\\\/arbrea-labs.com\\\/#\\\/schema\\\/logo\\\/image\\\/\"},\"sameAs\":[\"https:\\\/\\\/www.facebook.com\\\/arbrealabs\",\"https:\\\/\\\/www.instagram.com\\\/arbrealabs\\\/\",\"https:\\\/\\\/www.linkedin.com\\\/company\\\/arbrea-labs-ag\\\/\",\"https:\\\/\\\/www.youtube.com\\\/channel\\\/UCbHN9gofXJv8rMAHcAguTcg\"],\"description\":\"Arbrea Labs leads the way in blending advanced AI technology with personalized healthcare. Our fast, simple and safe Augmented Reality & 3D simulators optimize consultations, saving time and enhancing patient education. Meanwhile, our AR-driven marketing booster enhances patient journeys, maximizing marketing ROI and fostering efficient lead generation. Join us as we shape the future of aesthetic healthcare.\",\"email\":\"info@arbrea-labs.com\",\"legalName\":\"Arbrea Labs AG\",\"foundingDate\":\"2018-03-04\",\"vatID\":\"CHE-292.633.177\",\"numberOfEmployees\":{\"@type\":\"QuantitativeValue\",\"minValue\":\"11\",\"maxValue\":\"50\"}}]}<\/script>\n<!-- \/ Yoast SEO Premium plugin. -->","yoast_head_json":{"title":"Pie de imprenta - Arbrea Labs","description":"Obtenga informaci\u00f3n esencial sobre Arbrea Labs, incluidos los datos de la empresa, la informaci\u00f3n de contacto y la informaci\u00f3n legal. Visite nuestra p\u00e1gina Pie de imprenta para obtener informaci\u00f3n completa sobre transparencia y cumplimiento.","robots":{"index":"index","follow":"follow","max-snippet":"max-snippet:-1","max-image-preview":"max-image-preview:large","max-video-preview":"max-video-preview:-1"},"canonical":"https:\/\/arbrea-labs.com\/es\/imprimir\/","og_locale":"es_ES","og_type":"article","og_title":"Imprint","og_description":"Find essential information about Arbrea Labs, including company details, contact information, and legal disclosures. Visit our Imprint page for full transparency and compliance information.","og_url":"https:\/\/arbrea-labs.com\/es\/imprimir\/","og_site_name":"Arbrea Labs","article_publisher":"https:\/\/www.facebook.com\/arbrealabs","article_modified_time":"2024-07-17T17:32:38+00:00","og_image":[{"width":878,"height":1024,"url":"https:\/\/arbrea-labs.com\/wp-content\/uploads\/2024\/05\/122-1-e1717143587141-878x1024.png","type":"image\/png"}],"twitter_card":"summary_large_image","twitter_misc":{"Tiempo de lectura":"3 minutos"},"schema":{"@context":"https:\/\/schema.org","@graph":[{"@type":"WebPage","@id":"https:\/\/arbrea-labs.com\/imprint\/","url":"https:\/\/arbrea-labs.com\/imprint\/","name":"Pie de imprenta - Arbrea Labs","isPartOf":{"@id":"https:\/\/arbrea-labs.com\/#website"},"primaryImageOfPage":{"@id":"https:\/\/arbrea-labs.com\/imprint\/#primaryimage"},"image":{"@id":"https:\/\/arbrea-labs.com\/imprint\/#primaryimage"},"thumbnailUrl":"https:\/\/arbrea-labs.com\/wp-content\/uploads\/2024\/05\/122-1-e1717143587141.png","datePublished":"2022-11-09T08:28:12+00:00","dateModified":"2024-07-17T17:32:38+00:00","description":"Obtenga informaci\u00f3n esencial sobre Arbrea Labs, incluidos los datos de la empresa, la informaci\u00f3n de contacto y la informaci\u00f3n legal. Visite nuestra p\u00e1gina Pie de imprenta para obtener informaci\u00f3n completa sobre transparencia y cumplimiento.","breadcrumb":{"@id":"https:\/\/arbrea-labs.com\/imprint\/#breadcrumb"},"inLanguage":"es","potentialAction":[{"@type":"ReadAction","target":["https:\/\/arbrea-labs.com\/imprint\/"]}]},{"@type":"ImageObject","inLanguage":"es","@id":"https:\/\/arbrea-labs.com\/imprint\/#primaryimage","url":"https:\/\/arbrea-labs.com\/wp-content\/uploads\/2024\/05\/122-1-e1717143587141.png","contentUrl":"https:\/\/arbrea-labs.com\/wp-content\/uploads\/2024\/05\/122-1-e1717143587141.png","width":1207,"height":1408,"caption":"Lindapp lead generator"},{"@type":"BreadcrumbList","@id":"https:\/\/arbrea-labs.com\/imprint\/#breadcrumb","itemListElement":[{"@type":"ListItem","position":1,"name":"Home","item":"https:\/\/arbrea-labs.com\/"},{"@type":"ListItem","position":2,"name":"Imprint"}]},{"@type":"WebSite","@id":"https:\/\/arbrea-labs.com\/#website","url":"https:\/\/arbrea-labs.com\/","name":"Laboratorios Arbrea","description":"Realidad aumentada y soluciones 3D para est\u00e9tica","publisher":{"@id":"https:\/\/arbrea-labs.com\/#organization"},"alternateName":"Arbrea","potentialAction":[{"@type":"SearchAction","target":{"@type":"EntryPoint","urlTemplate":"https:\/\/arbrea-labs.com\/?s={search_term_string}"},"query-input":{"@type":"PropertyValueSpecification","valueRequired":true,"valueName":"search_term_string"}}],"inLanguage":"es"},{"@type":"Organization","@id":"https:\/\/arbrea-labs.com\/#organization","name":"Laboratorios Arbrea","alternateName":"Arbrea","url":"https:\/\/arbrea-labs.com\/","logo":{"@type":"ImageObject","inLanguage":"es","@id":"https:\/\/arbrea-labs.com\/#\/schema\/logo\/image\/","url":"https:\/\/arbrea-labs.com\/wp-content\/uploads\/2022\/01\/logo_arbrea_LABS-01-1-e1641392734450.png","contentUrl":"https:\/\/arbrea-labs.com\/wp-content\/uploads\/2022\/01\/logo_arbrea_LABS-01-1-e1641392734450.png","width":2000,"height":750,"caption":"Arbrea Labs"},"image":{"@id":"https:\/\/arbrea-labs.com\/#\/schema\/logo\/image\/"},"sameAs":["https:\/\/www.facebook.com\/arbrealabs","https:\/\/www.instagram.com\/arbrealabs\/","https:\/\/www.linkedin.com\/company\/arbrea-labs-ag\/","https:\/\/www.youtube.com\/channel\/UCbHN9gofXJv8rMAHcAguTcg"],"description":"Arbrea Labs lidera la combinaci\u00f3n de tecnolog\u00eda avanzada de IA con atenci\u00f3n sanitaria personalizada. Nuestros simuladores 3D y de realidad aumentada, r\u00e1pidos, sencillos y seguros, optimizan las consultas, ahorran tiempo y mejoran la educaci\u00f3n del paciente. Al mismo tiempo, nuestro potenciador de marketing basado en realidad aumentada mejora la experiencia del paciente, maximizando el retorno de la inversi\u00f3n en marketing y fomentando la generaci\u00f3n eficiente de clientes potenciales. \u00danase a nosotros para dar forma al futuro de la atenci\u00f3n sanitaria est\u00e9tica.","email":"info@arbrea-labs.com","legalName":"Arbrea Labs AG","foundingDate":"2018-03-04","vatID":"CHE-292.633.177","numberOfEmployees":{"@type":"QuantitativeValue","minValue":"11","maxValue":"50"}}]}},"_links":{"self":[{"href":"https:\/\/arbrea-labs.com\/es\/wp-json\/wp\/v2\/pages\/18655","targetHints":{"allow":["GET"]}}],"collection":[{"href":"https:\/\/arbrea-labs.com\/es\/wp-json\/wp\/v2\/pages"}],"about":[{"href":"https:\/\/arbrea-labs.com\/es\/wp-json\/wp\/v2\/types\/page"}],"author":[{"embeddable":true,"href":"https:\/\/arbrea-labs.com\/es\/wp-json\/wp\/v2\/users\/1"}],"replies":[{"embeddable":true,"href":"https:\/\/arbrea-labs.com\/es\/wp-json\/wp\/v2\/comments?post=18655"}],"version-history":[{"count":0,"href":"https:\/\/arbrea-labs.com\/es\/wp-json\/wp\/v2\/pages\/18655\/revisions"}],"wp:featuredmedia":[{"embeddable":true,"href":"https:\/\/arbrea-labs.com\/es\/wp-json\/wp\/v2\/media\/26528"}],"wp:attachment":[{"href":"https:\/\/arbrea-labs.com\/es\/wp-json\/wp\/v2\/media?parent=18655"}],"curies":[{"name":"wp","href":"https:\/\/api.w.org\/{rel}","templated":true}]}}