{"id":18354,"date":"2022-09-15T07:29:52","date_gmt":"2022-09-15T07:29:52","guid":{"rendered":"https:\/\/arbrea-labs.com\/?page_id=18354"},"modified":"2026-04-03T06:57:39","modified_gmt":"2026-04-03T04:57:39","slug":"ejecutivo-de-ventas","status":"publish","type":"page","link":"https:\/\/arbrea-labs.com\/es\/sales-executive\/","title":{"rendered":"Ejecutivo de ventas"},"content":{"rendered":"<div id=\"fws_69d2c4a660a20\"  data-column-margin=\"default\" data-midnight=\"light\" data-top-percent=\"2%\" data-bottom-percent=\"2%\"  class=\"wpb_row vc_row-fluid vc_row full-width-section\"  style=\"padding-top: calc(100vw * 0.02); padding-bottom: calc(100vw * 0.02); \"><div class=\"row-bg-wrap\" data-bg-animation=\"none\" data-bg-animation-delay=\"\" data-bg-overlay=\"true\"><div class=\"inner-wrap row-bg-layer using-image\" ><div class=\"row-bg viewport-desktop using-image lazyload\" style=\"background-image: url(https:\/\/arbrea-labs.com\/wp-includes\/images\/blank.gif);background-position: center center;background-repeat: no-repeat;\" data-background-image=\"https:\/\/arbrea-labs.com\/wp-content\/uploads\/2025\/02\/pexels-mikhail-nilov-6592684-scaled.jpg\"><\/div><\/div><div class=\"row-bg-overlay row-bg-layer\" style=\"background-color:#0c0c0c;  opacity: 0.3; \"><\/div><\/div><div class=\"row_col_wrap_12 col span_12 light left\">\n\t<div  class=\"vc_col-sm-2 wpb_column column_container vc_column_container col no-extra-padding inherit_tablet inherit_phone flex_gap_desktop_10px\"  data-padding-pos=\"all\" data-has-bg-color=\"false\" data-bg-color=\"\" data-bg-opacity=\"1\" data-animation=\"\" data-delay=\"0\" >\n\t\t<div class=\"vc_column-inner\" >\n\t\t\t<div class=\"wpb_wrapper\">\n\t\t\t\t\n\t\t\t<\/div> \n\t\t<\/div>\n\t<\/div> \n\n\t<div  class=\"vc_col-sm-8 wpb_column column_container vc_column_container col centered-text has-animation no-extra-padding inherit_tablet inherit_phone flex_gap_desktop_10px\"  data-padding-pos=\"all\" data-has-bg-color=\"false\" data-bg-color=\"\" data-bg-opacity=\"1\" data-animation=\"zoom-out\" data-delay=\"0\" >\n\t\t<div class=\"vc_column-inner\" >\n\t\t\t<div class=\"wpb_wrapper\">\n\t\t\t\t<h4 style=\"font-size: 20px;color: rgba(255,255,255,0.7);line-height: 36px;text-align: center;font-family:Roboto;font-weight:500;font-style:normal\" class=\"vc_custom_heading vc_do_custom_heading vc_custom_1739894927271\" >\u00danase a nuestro equipo de ventas<\/h4><h1 style=\"font-size: 83px;line-height: 98px;text-align: center;font-family:Roboto;font-weight:;font-style:\" class=\"vc_custom_heading vc_do_custom_heading vc_custom_1764670644637\" >Representante junior de desarrollo de ventas<\/h1>\n\t\t\t<\/div> \n\t\t<\/div>\n\t<\/div> \n\n\t<div  class=\"vc_col-sm-2 wpb_column column_container vc_column_container col no-extra-padding inherit_tablet inherit_phone flex_gap_desktop_10px\"  data-padding-pos=\"all\" data-has-bg-color=\"false\" data-bg-color=\"\" data-bg-opacity=\"1\" data-animation=\"\" data-delay=\"0\" >\n\t\t<div class=\"vc_column-inner\" >\n\t\t\t<div class=\"wpb_wrapper\">\n\t\t\t\t\n\t\t\t<\/div> \n\t\t<\/div>\n\t<\/div> \n<\/div><\/div>\n\t\t<div id=\"fws_69d2c4a661008\"  data-column-margin=\"default\" data-midnight=\"dark\" data-top-percent=\"3%\"  class=\"wpb_row vc_row-fluid vc_row\"  style=\"padding-top: calc(100vw * 0.03); padding-bottom: 0px; \"><div class=\"row-bg-wrap\" data-bg-animation=\"none\" data-bg-animation-delay=\"\" data-bg-overlay=\"false\"><div class=\"inner-wrap row-bg-layer\" ><div class=\"row-bg viewport-desktop\"  style=\"\"><\/div><\/div><\/div><div class=\"row_col_wrap_12 col span_12 dark left\">\n\t<div  class=\"vc_col-sm-12 wpb_column column_container vc_column_container col no-extra-padding inherit_tablet inherit_phone flex_gap_desktop_10px\"  data-padding-pos=\"all\" data-has-bg-color=\"false\" data-bg-color=\"\" data-bg-opacity=\"1\" data-animation=\"\" data-delay=\"0\" >\n\t\t<div class=\"vc_column-inner\" >\n\t\t\t<div class=\"wpb_wrapper\">\n\t\t\t\t\n<div class=\"wpb_text_column wpb_content_element\" >\n\t<h2><\/h2>\n<p><strong>\u00a1Estamos reclutando!<\/strong><\/p>\n<p><strong>Por favor, lea atentamente y siga con precisi\u00f3n el proceso de solicitud. No evaluaremos a los candidatos que no sigan con precisi\u00f3n el proceso descrito.<\/strong><\/p>\n<p><strong>Your profile does not match our requirements perfectly? If you feel your mindset does, please prove us wrong by astonishing us in the process!<\/strong><\/p>\n<p><strong>\u00bfQui\u00e9nes somos?<\/strong><\/p>\n<p>Arbrea Labs es una startup suiza y una spin-off de ETH Zurich (Instituto Federal Suizo de Tecnolog\u00eda). Desarrollamos tecnolog\u00eda puntera de IA y RA para la creaci\u00f3n de avatares humanos digitales desde dispositivos m\u00f3viles. Nos hemos centrado en la previsualizaci\u00f3n de la cirug\u00eda reconstructiva y est\u00e9tica de la mama y hemos producido con orgullo herramientas de realidad aumentada en tiempo real para previsualizar cirug\u00edas est\u00e9ticas, pl\u00e1sticas y reconstructivas y procedimientos no invasivos, tanto para cirujanos como para pacientes.<\/p>\n<p>Arbrea Labs est\u00e1 formado por un equipo din\u00e1mico de ingenieros de I+D, socios comerciales y expertos en marketing digital.<\/p>\n<p><strong>Nuestro Manifiesto:<\/strong><\/p>\n<p>We believe technology is a huge asset for the world but it must be fast, simple and safe to use. We are bringing this concept to the Aesthetic Market by offering tools both patients and professionals can fully benefit from with no hassle.<\/p>\n<p>We also believe nothing can be done without human passion, honest transparency, the right mindset and attitude and we are looking for candidates that share our core values.<\/p>\n<p><strong>Nuestro proyecto:<\/strong><\/p>\n<p>Actualmente nos encontramos en pleno proceso de expansi\u00f3n, por lo que buscamos ampliar nuestra cobertura territorial y buscamos a los mejores profesionales de la venta para que se integren en nuestro equipo y se conviertan en figuras clave en la expansi\u00f3n de Arbrea.<\/p>\n<p>Ser\u00e1 un miembro crucial del equipo de campo y participar\u00e1 en esta revoluci\u00f3n creando un nuevo mercado y manteniendo su cartera, siendo responsable de la atenci\u00f3n al cliente y dirigiendo sus esfuerzos para tener el mayor impacto global en los resultados de la empresa.<\/p>\n<p><strong>Su reto:&nbsp;<\/strong><\/p>\n<ul class=\"e1c45ffe _21bfc4c1\">\n<li>Estimular el crecimiento de las ventas y maximizar el volumen y los beneficios.<\/li>\n<li>Identify new company ambassadors and KOLs in the community<\/li>\n<li>Seguimiento de los objetivos de ventas relacionados con los KPI establecidos<\/li>\n<li>Follow up on the company&#8217;s strategy in terms of direct sales, events and new partnerships<\/li>\n<li>Revisar el alcance de los objetivos del \u00e1rea asignada, analizar los resultados de negocio y llevar a cabo acciones \u00e1giles.<\/li>\n<li>Pursue business opportunities and growth by organising yourself and your time under the company guidelines<\/li>\n<li>Supervisar, analizar y hacer un seguimiento continuo de las ventas en comparaci\u00f3n con el presupuesto.<\/li>\n<li>Supervisar y evaluar el uso que hacen los clientes ofreci\u00e9ndoles informaci\u00f3n y apoyo con regularidad.<\/li>\n<li>Compartir ejemplos de \u00e9xito, casos empresariales y nuevas actividades exitosas.<\/li>\n<li>Tome la iniciativa para mejorar el conocimiento de los productos interactuando honestamente con sus clientes y prest\u00e1ndoles la mejor asistencia posible.<\/li>\n<li>Genere confianza y mantenga siempre sus promesas<\/li>\n<li>Velar por la aplicaci\u00f3n de los procedimientos, pol\u00edticas, requisitos legales y normas \u00e9ticas, para garantizar la protecci\u00f3n de los activos de la empresa.<\/li>\n<li>Proporcionar a los clientes asistencia, incorporaci\u00f3n y formaci\u00f3n en marketing.<\/li>\n<li>Alcanzar los objetivos de su zona y ofrecer el mejor valor y mantener el nivel de servicio.<\/li>\n<\/ul>\n<p><strong>Te encantar\u00e1 este puesto si:<\/strong><\/p>\n<ul class=\"e1c45ffe _21bfc4c1\">\n<li>Preocuparse por nuestra misi\u00f3n y verla como un problema \"personal\" que hay que resolver profesionalmente.<\/li>\n<li>Educaci\u00f3n b\u00e1sica obligatoria. Licenciatura - deseada, no obligatoria<\/li>\n<li>+2 years of experience in a Sales position (ideally in the Medical Industry). Strong analytical skills<\/li>\n<li>Previous experience in Sales and or Marketing will be a plus desired.<\/li>\n<li>Excelentes dotes de negociaci\u00f3n y creaci\u00f3n de relaciones.<\/li>\n<li>Una persona orientada a los resultados y al rendimiento con un fuerte pensamiento centrado en el consumidor.<\/li>\n<li>Flexibilidad y adaptabilidad para operar en zonas grises que a\u00fan no se han asignado a un departamento concreto.<\/li>\n<li><strong>Fluent in Portuguese and advanced English, or fully fluent in both<\/strong><\/li>\n<li>Conocimientos avanzados de tecnolog\u00eda con herramientas b\u00e1sicas: una ventaja.<\/li>\n<li>Experiencia previa en el sector de la cirug\u00eda pl\u00e1stica: una gran ventaja.<\/li>\n<li><strong>Una mentalidad correcta y buenas vibraciones - Obligatorio.<\/strong><\/li>\n<\/ul>\n<p><strong>Beneficios de Arbrea Life<\/strong><\/p>\n<p>Hacer de este mundo un lugar mejor es un trabajo duro, por eso apoyamos a nuestro Dream Team con:<\/p>\n<ul class=\"e1c45ffe _21bfc4c1\">\n<li>Limitless professional development in one of the fastest-growing companies in this category.<\/li>\n<li>Una cultura de libertad, responsabilidad y honestidad radical<\/li>\n<li>Un entorno empresarial que fomenta la innovaci\u00f3n<\/li>\n<li>A global environment with colleagues across the entire globe<\/li>\n<li>Un entorno de trabajo flexible<\/li>\n<li>Premios adicionales por alcanzar objetivos<\/li>\n<li>Puesto totalmente remoto<\/li>\n<li>Reembolso de viajes o visitas a clientes<\/li>\n<li>Condiciones econ\u00f3micas extremadamente competitivas<\/li>\n<li>Los \u00faltimos dispositivos inform\u00e1ticos para trabajar<\/li>\n<\/ul>\n<p><strong>Condiciones salariales<\/strong><\/p>\n<ul class=\"e1c45ffe _21bfc4c1\">\n<li>Periodo de prueba inicial de seis meses con un paquete de comisiones y bonificaciones muy interesante.<\/li>\n<li>After six months Fix salary plus bonus, all discussed and agreed upon before the start.<\/li>\n<li>Objetivos y beneficios mensuales adicionales.<\/li>\n<li>Posibilidad de inversi\u00f3n en educaci\u00f3n y ESOP (a debate).<\/li>\n<\/ul>\n<p><strong>Beneficios de Arbrea Life<\/strong><\/p>\n<p>C\u00f3mo solicitarlo:<\/p>\n<ol class=\"e1c45ffe _653173c6\">\n<li>Lee este post con calma y no te precipites.<\/li>\n<li>Haga clic en el enlace y presente su candidatura en nuestro sitio web<\/li>\n<\/ol>\n<p><strong>Declaraci\u00f3n sobre diversidad e inclusi\u00f3n<\/strong><\/p>\n<p>La diversidad y la inclusi\u00f3n son importantes para nosotros, y trabajamos constantemente para mejorar estos aspectos. En Arbrea no solo aceptamos nuestras diferencias, sino que las apoyamos y celebramos plenamente.<\/p>\n<p>Estamos comprometidos con la igualdad de oportunidades en el empleo, independientemente de la raza, el color, la ascendencia, la religi\u00f3n, el sexo, la nacionalidad, la orientaci\u00f3n sexual, la edad, la ciudadan\u00eda, el estado civil, la discapacidad, el sexo o la identidad o expresi\u00f3n de g\u00e9nero.<\/p>\n<\/div>\n\n\n\n\n\t\t\t<\/div> \n\t\t<\/div>\n\t<\/div> \n<\/div><\/div>\n\t\t<div id=\"fws_69d2c4a6617b4\"  data-column-margin=\"default\" data-midnight=\"dark\"  class=\"wpb_row vc_row-fluid vc_row\"  style=\"padding-top: 0px; padding-bottom: 0px; \"><div class=\"row-bg-wrap\" data-bg-animation=\"none\" data-bg-animation-delay=\"\" data-bg-overlay=\"false\"><div class=\"inner-wrap row-bg-layer\" ><div class=\"row-bg viewport-desktop\"  style=\"\"><\/div><\/div><\/div><div class=\"row_col_wrap_12 col span_12 dark left\">\n\t<div  class=\"vc_col-sm-12 wpb_column column_container vc_column_container col no-extra-padding inherit_tablet inherit_phone flex_gap_desktop_10px\"  data-padding-pos=\"all\" data-has-bg-color=\"false\" data-bg-color=\"\" data-bg-opacity=\"1\" data-animation=\"\" data-delay=\"0\" >\n\t\t<div class=\"vc_column-inner\" >\n\t\t\t<div class=\"wpb_wrapper\">\n\t\t\t\t\n\t<div class=\"wpb_raw_code wpb_raw_html wpb_content_element\" >\n\t\t<div class=\"wpb_wrapper\">\n\t\t\t<div data-tf-live=\"01HHMF95H0H69J77FJZEC6SK4V\"><\/div><script src=\"\/\/embed.typeform.com\/next\/embed.js\"><\/script>\n\t\t<\/div>\n\t<\/div>\n\n\t\t\t<\/div> \n\t\t<\/div>\n\t<\/div> \n<\/div><\/div><!-- \/wp:post-content -->","protected":false},"excerpt":{"rendered":"\u00danete a nuestro equipo de ventasRepresentante de desarrollo de ventas junior \u00a1Estamos reclutando! Por favor, lea atentamente y siga con precisi\u00f3n el proceso de solicitud. No evaluaremos a los candidatos que...","protected":false},"author":1,"featured_media":0,"parent":0,"menu_order":0,"comment_status":"closed","ping_status":"closed","template":"","meta":{"footnotes":""},"class_list":["post-18354","page","type-page","status-publish"],"yoast_head":"<!-- This site is optimized with the Yoast SEO Premium plugin v27.3 (Yoast SEO v27.3) - https:\/\/yoast.com\/product\/yoast-seo-premium-wordpress\/ -->\n<title>Sales Executive: Join Our Exciting Team Today<\/title>\n<meta name=\"description\" content=\"Start your journey with Arbrea Labs as a Sales Executive. Help revolutionize the future of surgery with innovative technology.\" \/>\n<meta name=\"robots\" content=\"index, follow, max-snippet:-1, max-image-preview:large, max-video-preview:-1\" \/>\n<link rel=\"canonical\" href=\"https:\/\/arbrea-labs.com\/es\/ejecutivo-de-ventas\/\" \/>\n<meta property=\"og:locale\" content=\"es_ES\" \/>\n<meta property=\"og:type\" content=\"article\" \/>\n<meta property=\"og:title\" content=\"Sales Executive\" \/>\n<meta property=\"og:description\" content=\"Start your journey with Arbrea Labs as a Sales Executive. Help revolutionize the future of surgery with innovative technology.\" \/>\n<meta property=\"og:url\" content=\"https:\/\/arbrea-labs.com\/es\/ejecutivo-de-ventas\/\" \/>\n<meta property=\"og:site_name\" content=\"Arbrea Labs\" \/>\n<meta property=\"article:publisher\" content=\"https:\/\/www.facebook.com\/arbrealabs\" \/>\n<meta property=\"article:modified_time\" content=\"2026-04-03T04:57:39+00:00\" \/>\n<meta name=\"twitter:card\" content=\"summary_large_image\" \/>\n<meta name=\"twitter:label1\" content=\"Tiempo de lectura\" \/>\n\t<meta name=\"twitter:data1\" content=\"4 minutos\" \/>\n<script type=\"application\/ld+json\" class=\"yoast-schema-graph\">{\"@context\":\"https:\\\/\\\/schema.org\",\"@graph\":[{\"@type\":\"WebPage\",\"@id\":\"https:\\\/\\\/arbrea-labs.com\\\/sales-executive\\\/\",\"url\":\"https:\\\/\\\/arbrea-labs.com\\\/sales-executive\\\/\",\"name\":\"Sales Executive: Join Our Exciting Team Today\",\"isPartOf\":{\"@id\":\"https:\\\/\\\/arbrea-labs.com\\\/#website\"},\"datePublished\":\"2022-09-15T07:29:52+00:00\",\"dateModified\":\"2026-04-03T04:57:39+00:00\",\"description\":\"Start your journey with Arbrea Labs as a Sales Executive. Help revolutionize the future of surgery with innovative technology.\",\"breadcrumb\":{\"@id\":\"https:\\\/\\\/arbrea-labs.com\\\/sales-executive\\\/#breadcrumb\"},\"inLanguage\":\"es\",\"potentialAction\":[{\"@type\":\"ReadAction\",\"target\":[\"https:\\\/\\\/arbrea-labs.com\\\/sales-executive\\\/\"]}]},{\"@type\":\"BreadcrumbList\",\"@id\":\"https:\\\/\\\/arbrea-labs.com\\\/sales-executive\\\/#breadcrumb\",\"itemListElement\":[{\"@type\":\"ListItem\",\"position\":1,\"name\":\"Home\",\"item\":\"https:\\\/\\\/arbrea-labs.com\\\/\"},{\"@type\":\"ListItem\",\"position\":2,\"name\":\"Sales Executive\"}]},{\"@type\":\"WebSite\",\"@id\":\"https:\\\/\\\/arbrea-labs.com\\\/#website\",\"url\":\"https:\\\/\\\/arbrea-labs.com\\\/\",\"name\":\"Arbrea Labs\",\"description\":\"Augmented Reality &amp; 3D Solutions for Aesthetics\",\"publisher\":{\"@id\":\"https:\\\/\\\/arbrea-labs.com\\\/#organization\"},\"alternateName\":\"Arbrea\",\"potentialAction\":[{\"@type\":\"SearchAction\",\"target\":{\"@type\":\"EntryPoint\",\"urlTemplate\":\"https:\\\/\\\/arbrea-labs.com\\\/?s={search_term_string}\"},\"query-input\":{\"@type\":\"PropertyValueSpecification\",\"valueRequired\":true,\"valueName\":\"search_term_string\"}}],\"inLanguage\":\"es\"},{\"@type\":\"Organization\",\"@id\":\"https:\\\/\\\/arbrea-labs.com\\\/#organization\",\"name\":\"Arbrea Labs\",\"alternateName\":\"Arbrea\",\"url\":\"https:\\\/\\\/arbrea-labs.com\\\/\",\"logo\":{\"@type\":\"ImageObject\",\"inLanguage\":\"es\",\"@id\":\"https:\\\/\\\/arbrea-labs.com\\\/#\\\/schema\\\/logo\\\/image\\\/\",\"url\":\"https:\\\/\\\/arbrea-labs.com\\\/wp-content\\\/uploads\\\/2022\\\/01\\\/logo_arbrea_LABS-01-1-e1641392734450.png\",\"contentUrl\":\"https:\\\/\\\/arbrea-labs.com\\\/wp-content\\\/uploads\\\/2022\\\/01\\\/logo_arbrea_LABS-01-1-e1641392734450.png\",\"width\":2000,\"height\":750,\"caption\":\"Arbrea Labs\"},\"image\":{\"@id\":\"https:\\\/\\\/arbrea-labs.com\\\/#\\\/schema\\\/logo\\\/image\\\/\"},\"sameAs\":[\"https:\\\/\\\/www.facebook.com\\\/arbrealabs\",\"https:\\\/\\\/www.instagram.com\\\/arbrealabs\\\/\",\"https:\\\/\\\/www.linkedin.com\\\/company\\\/arbrea-labs-ag\\\/\",\"https:\\\/\\\/www.youtube.com\\\/channel\\\/UCbHN9gofXJv8rMAHcAguTcg\"],\"description\":\"Arbrea Labs leads the way in blending advanced AI technology with personalized healthcare. Our fast, simple and safe Augmented Reality & 3D simulators optimize consultations, saving time and enhancing patient education. Meanwhile, our AR-driven marketing booster enhances patient journeys, maximizing marketing ROI and fostering efficient lead generation. Join us as we shape the future of aesthetic healthcare.\",\"email\":\"info@arbrea-labs.com\",\"legalName\":\"Arbrea Labs AG\",\"foundingDate\":\"2018-03-04\",\"vatID\":\"CHE-292.633.177\",\"numberOfEmployees\":{\"@type\":\"QuantitativeValue\",\"minValue\":\"11\",\"maxValue\":\"50\"}}]}<\/script>\n<!-- \/ Yoast SEO Premium plugin. -->","yoast_head_json":{"title":"Sales Executive: Join Our Exciting Team Today","description":"Start your journey with Arbrea Labs as a Sales Executive. Help revolutionize the future of surgery with innovative technology.","robots":{"index":"index","follow":"follow","max-snippet":"max-snippet:-1","max-image-preview":"max-image-preview:large","max-video-preview":"max-video-preview:-1"},"canonical":"https:\/\/arbrea-labs.com\/es\/ejecutivo-de-ventas\/","og_locale":"es_ES","og_type":"article","og_title":"Sales Executive","og_description":"Start your journey with Arbrea Labs as a Sales Executive. Help revolutionize the future of surgery with innovative technology.","og_url":"https:\/\/arbrea-labs.com\/es\/ejecutivo-de-ventas\/","og_site_name":"Arbrea Labs","article_publisher":"https:\/\/www.facebook.com\/arbrealabs","article_modified_time":"2026-04-03T04:57:39+00:00","twitter_card":"summary_large_image","twitter_misc":{"Tiempo de lectura":"4 minutos"},"schema":{"@context":"https:\/\/schema.org","@graph":[{"@type":"WebPage","@id":"https:\/\/arbrea-labs.com\/sales-executive\/","url":"https:\/\/arbrea-labs.com\/sales-executive\/","name":"Sales Executive: Join Our Exciting Team Today","isPartOf":{"@id":"https:\/\/arbrea-labs.com\/#website"},"datePublished":"2022-09-15T07:29:52+00:00","dateModified":"2026-04-03T04:57:39+00:00","description":"Start your journey with Arbrea Labs as a Sales Executive. Help revolutionize the future of surgery with innovative technology.","breadcrumb":{"@id":"https:\/\/arbrea-labs.com\/sales-executive\/#breadcrumb"},"inLanguage":"es","potentialAction":[{"@type":"ReadAction","target":["https:\/\/arbrea-labs.com\/sales-executive\/"]}]},{"@type":"BreadcrumbList","@id":"https:\/\/arbrea-labs.com\/sales-executive\/#breadcrumb","itemListElement":[{"@type":"ListItem","position":1,"name":"Home","item":"https:\/\/arbrea-labs.com\/"},{"@type":"ListItem","position":2,"name":"Sales Executive"}]},{"@type":"WebSite","@id":"https:\/\/arbrea-labs.com\/#website","url":"https:\/\/arbrea-labs.com\/","name":"Laboratorios Arbrea","description":"Realidad aumentada y soluciones 3D para est\u00e9tica","publisher":{"@id":"https:\/\/arbrea-labs.com\/#organization"},"alternateName":"Arbrea","potentialAction":[{"@type":"SearchAction","target":{"@type":"EntryPoint","urlTemplate":"https:\/\/arbrea-labs.com\/?s={search_term_string}"},"query-input":{"@type":"PropertyValueSpecification","valueRequired":true,"valueName":"search_term_string"}}],"inLanguage":"es"},{"@type":"Organization","@id":"https:\/\/arbrea-labs.com\/#organization","name":"Laboratorios Arbrea","alternateName":"Arbrea","url":"https:\/\/arbrea-labs.com\/","logo":{"@type":"ImageObject","inLanguage":"es","@id":"https:\/\/arbrea-labs.com\/#\/schema\/logo\/image\/","url":"https:\/\/arbrea-labs.com\/wp-content\/uploads\/2022\/01\/logo_arbrea_LABS-01-1-e1641392734450.png","contentUrl":"https:\/\/arbrea-labs.com\/wp-content\/uploads\/2022\/01\/logo_arbrea_LABS-01-1-e1641392734450.png","width":2000,"height":750,"caption":"Arbrea Labs"},"image":{"@id":"https:\/\/arbrea-labs.com\/#\/schema\/logo\/image\/"},"sameAs":["https:\/\/www.facebook.com\/arbrealabs","https:\/\/www.instagram.com\/arbrealabs\/","https:\/\/www.linkedin.com\/company\/arbrea-labs-ag\/","https:\/\/www.youtube.com\/channel\/UCbHN9gofXJv8rMAHcAguTcg"],"description":"Arbrea Labs lidera la combinaci\u00f3n de tecnolog\u00eda avanzada de IA con atenci\u00f3n sanitaria personalizada. Nuestros simuladores 3D y de realidad aumentada, r\u00e1pidos, sencillos y seguros, optimizan las consultas, ahorran tiempo y mejoran la educaci\u00f3n del paciente. Al mismo tiempo, nuestro potenciador de marketing basado en realidad aumentada mejora la experiencia del paciente, maximizando el retorno de la inversi\u00f3n en marketing y fomentando la generaci\u00f3n eficiente de clientes potenciales. \u00danase a nosotros para dar forma al futuro de la atenci\u00f3n sanitaria est\u00e9tica.","email":"info@arbrea-labs.com","legalName":"Arbrea Labs AG","foundingDate":"2018-03-04","vatID":"CHE-292.633.177","numberOfEmployees":{"@type":"QuantitativeValue","minValue":"11","maxValue":"50"}}]}},"_links":{"self":[{"href":"https:\/\/arbrea-labs.com\/es\/wp-json\/wp\/v2\/pages\/18354","targetHints":{"allow":["GET"]}}],"collection":[{"href":"https:\/\/arbrea-labs.com\/es\/wp-json\/wp\/v2\/pages"}],"about":[{"href":"https:\/\/arbrea-labs.com\/es\/wp-json\/wp\/v2\/types\/page"}],"author":[{"embeddable":true,"href":"https:\/\/arbrea-labs.com\/es\/wp-json\/wp\/v2\/users\/1"}],"replies":[{"embeddable":true,"href":"https:\/\/arbrea-labs.com\/es\/wp-json\/wp\/v2\/comments?post=18354"}],"version-history":[{"count":2,"href":"https:\/\/arbrea-labs.com\/es\/wp-json\/wp\/v2\/pages\/18354\/revisions"}],"predecessor-version":[{"id":55667,"href":"https:\/\/arbrea-labs.com\/es\/wp-json\/wp\/v2\/pages\/18354\/revisions\/55667"}],"wp:attachment":[{"href":"https:\/\/arbrea-labs.com\/es\/wp-json\/wp\/v2\/media?parent=18354"}],"curies":[{"name":"wp","href":"https:\/\/api.w.org\/{rel}","templated":true}]}}