{"id":18191,"date":"2022-09-07T09:01:45","date_gmt":"2022-09-07T09:01:45","guid":{"rendered":"https:\/\/arbrea-labs.com\/?page_id=18191"},"modified":"2025-03-18T11:03:09","modified_gmt":"2025-03-18T10:03:09","slug":"semestre-de-licenciatura-tesis-de-master","status":"publish","type":"page","link":"https:\/\/arbrea-labs.com\/es\/bachelor-semester-master-thesis\/","title":{"rendered":"Deep Learning \/ Computer Vision \/ 3D Graphics Intern"},"content":{"rendered":"<div id=\"fws_69d2d9bfa453c\"  data-column-margin=\"default\" data-midnight=\"light\" data-top-percent=\"2%\" data-bottom-percent=\"2%\"  class=\"wpb_row vc_row-fluid vc_row full-width-section\"  style=\"padding-top: calc(100vw * 0.02); padding-bottom: calc(100vw * 0.02); \"><div class=\"row-bg-wrap\" data-bg-animation=\"none\" data-bg-animation-delay=\"\" data-bg-overlay=\"true\"><div class=\"inner-wrap row-bg-layer using-image\" ><div class=\"row-bg viewport-desktop using-image lazyload\" style=\"background-image: url(https:\/\/arbrea-labs.com\/wp-includes\/images\/blank.gif);background-position: center center;background-repeat: no-repeat;\" data-background-image=\"https:\/\/arbrea-labs.com\/wp-content\/uploads\/2025\/02\/pexels-olia-danilevich-4974915-scaled.jpg\"><\/div><\/div><div class=\"row-bg-overlay row-bg-layer\" style=\"background-color:#0c0c0c;  opacity: 0.3; \"><\/div><\/div><div class=\"row_col_wrap_12 col span_12 light left\">\n\t<div  class=\"vc_col-sm-2 wpb_column column_container vc_column_container col no-extra-padding inherit_tablet inherit_phone\"  data-padding-pos=\"all\" data-has-bg-color=\"false\" data-bg-color=\"\" data-bg-opacity=\"1\" data-animation=\"\" data-delay=\"0\" >\n\t\t<div class=\"vc_column-inner\" >\n\t\t\t<div class=\"wpb_wrapper\">\n\t\t\t\t\n\t\t\t<\/div> \n\t\t<\/div>\n\t<\/div> \n\n\t<div  class=\"vc_col-sm-8 wpb_column column_container vc_column_container col centered-text has-animation no-extra-padding inherit_tablet inherit_phone\"  data-padding-pos=\"all\" data-has-bg-color=\"false\" data-bg-color=\"\" data-bg-opacity=\"1\" data-animation=\"zoom-out\" data-delay=\"0\" >\n\t\t<div class=\"vc_column-inner\" >\n\t\t\t<div class=\"wpb_wrapper\">\n\t\t\t\t<h4 style=\"font-size: 20px;color: rgba(255,255,255,0.7);line-height: 36px;text-align: center;font-family:Roboto;font-weight:500;font-style:normal\" class=\"vc_custom_heading vc_do_custom_heading vc_custom_1653550682768\" >Realidad aumentada para el cuerpo humano<\/h4><h1 style=\"font-size: 83px;line-height: 98px;text-align: center;font-family:Roboto;font-weight:400;font-style:normal\" class=\"vc_custom_heading vc_do_custom_heading vc_custom_1663143512480\" >Deep Learning \/ Computer Vision \/ 3D Graphics Intern<\/h1>\n\t\t\t<\/div> \n\t\t<\/div>\n\t<\/div> \n\n\t<div  class=\"vc_col-sm-2 wpb_column column_container vc_column_container col no-extra-padding inherit_tablet inherit_phone\"  data-padding-pos=\"all\" data-has-bg-color=\"false\" data-bg-color=\"\" data-bg-opacity=\"1\" data-animation=\"\" data-delay=\"0\" >\n\t\t<div class=\"vc_column-inner\" >\n\t\t\t<div class=\"wpb_wrapper\">\n\t\t\t\t\n\t\t\t<\/div> \n\t\t<\/div>\n\t<\/div> \n<\/div><\/div>\n\t\t<div id=\"fws_69d2d9bfa4ae8\"  data-column-margin=\"default\" data-midnight=\"dark\" data-top-percent=\"3%\"  class=\"wpb_row vc_row-fluid vc_row\"  style=\"padding-top: calc(100vw * 0.03); padding-bottom: 0px; \"><div class=\"row-bg-wrap\" data-bg-animation=\"none\" data-bg-animation-delay=\"\" data-bg-overlay=\"false\"><div class=\"inner-wrap row-bg-layer\" ><div class=\"row-bg viewport-desktop\"  style=\"\"><\/div><\/div><\/div><div class=\"row_col_wrap_12 col span_12 dark left\">\n\t<div  class=\"vc_col-sm-12 wpb_column column_container vc_column_container col no-extra-padding inherit_tablet inherit_phone\"  data-padding-pos=\"all\" data-has-bg-color=\"false\" data-bg-color=\"\" data-bg-opacity=\"1\" data-animation=\"\" data-delay=\"0\" >\n\t\t<div class=\"vc_column-inner\" >\n\t\t\t<div class=\"wpb_wrapper\">\n\t\t\t\t\n<div class=\"wpb_text_column wpb_content_element\" >\n\t<h2 class=\"wp-block-heading\"><\/h2>\n<h3><strong>Introducci\u00f3n<\/strong><\/h3>\n<p>Arbrea Labs es una empresa derivada del Laboratorio de Inform\u00e1tica Gr\u00e1fica de la ETH,\u00a0<a href=\"https:\/\/inf.ethz.ch\/department\/spin-offs\/spin-offs-list.html\">ETH Z\u00farich<\/a> y cuenta con colaboraciones con empresas l\u00edderes en tecnolog\u00eda m\u00e9dica. En estrecha colaboraci\u00f3n con nuestros <strong>I+D <\/strong>le permitir\u00e1 formar parte de un grupo din\u00e1mico y con visi\u00f3n de futuro que persigue el dif\u00edcil objetivo de construir el primer\u00a0<strong>Metaverso m\u00e9dico<\/strong>. Nuestra <strong>AR&amp;3D<\/strong> Los simuladores de cirug\u00eda han cambiado por completo la forma en que pacientes y m\u00e9dicos interact\u00faan durante las consultas m\u00e9dicas, aumentando la satisfacci\u00f3n de los pacientes y cambiando las reglas del juego de la medicina est\u00e9tica y la cirug\u00eda pl\u00e1stica.<\/p>\n<h3 class=\"wp-block-heading\">Descripci\u00f3n de la tarea<br \/><\/h3>\n<p>Como parte de tu tesis, podr\u00edas abordar diferentes tareas o centrarte \u00fanicamente en una tarea espec\u00edfica que va desde la Reconstrucci\u00f3n y Seguimiento 3D a AR\/VR hasta los \u00faltimos trabajos en Deep Learning, Neural Fitting &amp; Rendering y Simulaciones F\u00edsicas aplicadas a cuerpos humanos. Desarrollar\u00e1s aplicaciones de \u00faltima generaci\u00f3n <strong>Realidad aumentada<\/strong> soluciones y<strong> Avatar digital <\/strong>algoritmos para el nicho de la cirug\u00eda cosm\u00e9tica, reconstructiva y est\u00e9tica.<\/p>\n<p>En funci\u00f3n de su formaci\u00f3n, haremos lo siguiente <strong>Adapte su tesis a sus intereses y conocimientos.<\/strong> Se prestar\u00e1 especial atenci\u00f3n a <strong>Aprendizaje profundo <\/strong>m\u00e9todos, de modo que sean adecuados para dispositivos port\u00e1tiles m\u00e1s peque\u00f1os, por ejemplo smartphones o iPads.<\/p>\n<h3>Conocimientos necesarios<\/h3>\n<ul>\n<li>Conocimientos de inform\u00e1tica visual<\/li>\n<li>Deseable experiencia en Deep Learning<\/li>\n<li>Se valorar\u00e1 la experiencia en desarrollo e integraci\u00f3n de aplicaciones.<\/li>\n<\/ul>\n<h3>Observaciones<\/h3>\n<p>La tesis concluir\u00e1 con un informe escrito y una presentaci\u00f3n oral. La tesis ser\u00e1 dirigida por el profesor Markus Gross y supervisada por el Dr. Endri Dibra y el Dr. Beren Kaul.<\/p>\n<\/div>\n\n\n\n\n\t\t\t<\/div> \n\t\t<\/div>\n\t<\/div> \n<\/div><\/div>\n\t\t<div id=\"fws_69d2d9bfa4f3a\"  data-column-margin=\"default\" data-midnight=\"dark\"  class=\"wpb_row vc_row-fluid vc_row\"  style=\"padding-top: 0px; padding-bottom: 0px; \"><div class=\"row-bg-wrap\" data-bg-animation=\"none\" data-bg-animation-delay=\"\" data-bg-overlay=\"false\"><div class=\"inner-wrap row-bg-layer\" ><div class=\"row-bg viewport-desktop\"  style=\"\"><\/div><\/div><\/div><div class=\"row_col_wrap_12 col span_12 dark left\">\n\t<div  class=\"vc_col-sm-12 wpb_column column_container vc_column_container col no-extra-padding inherit_tablet inherit_phone\"  data-padding-pos=\"all\" data-has-bg-color=\"false\" data-bg-color=\"\" data-bg-opacity=\"1\" data-animation=\"\" data-delay=\"0\" >\n\t\t<div class=\"vc_column-inner\" >\n\t\t\t<div class=\"wpb_wrapper\">\n\t\t\t\t\n\t<div class=\"wpb_raw_code wpb_raw_html wpb_content_element\" >\n\t\t<div class=\"wpb_wrapper\">\n\t\t\t<div data-tf-live=\"01HHMF95H0H69J77FJZEC6SK4V\"><\/div><script src=\"\/\/embed.typeform.com\/next\/embed.js\"><\/script>\n\t\t<\/div>\n\t<\/div>\n\n\t\t\t<\/div> \n\t\t<\/div>\n\t<\/div> \n<\/div><\/div>","protected":false},"excerpt":{"rendered":"Augmented Reality for Human BodyDeep Learning \/ Computer Vision \/ 3D Graphics Intern Introducci\u00f3n Arbrea Labs es una spin-off de ETH del Computer Graphics Lab, ETH...","protected":false},"author":3,"featured_media":0,"parent":0,"menu_order":0,"comment_status":"closed","ping_status":"closed","template":"","meta":{"footnotes":""},"class_list":["post-18191","page","type-page","status-publish"],"yoast_head":"<!-- This site is optimized with the Yoast SEO Premium plugin v27.3 (Yoast SEO v27.3) - https:\/\/yoast.com\/product\/yoast-seo-premium-wordpress\/ -->\n<title>Deep Learning: Transforming Medical Aesthetic with AI<\/title>\n<meta name=\"description\" content=\"Depending on your background, we will tailor your thesis to match your interest. Special attention will be put on Deep Learning methods.\" \/>\n<meta name=\"robots\" content=\"index, follow, max-snippet:-1, max-image-preview:large, max-video-preview:-1\" \/>\n<link rel=\"canonical\" href=\"https:\/\/arbrea-labs.com\/es\/semestre-de-licenciatura-tesis-de-master\/\" \/>\n<meta property=\"og:locale\" content=\"es_ES\" \/>\n<meta property=\"og:type\" content=\"article\" \/>\n<meta property=\"og:title\" content=\"Deep Learning \/ Computer Vision \/ 3D Graphics Intern\" \/>\n<meta property=\"og:description\" content=\"Depending on your background, we will tailor your thesis to match your interest. Special attention will be put on Deep Learning methods.\" \/>\n<meta property=\"og:url\" content=\"https:\/\/arbrea-labs.com\/es\/semestre-de-licenciatura-tesis-de-master\/\" \/>\n<meta property=\"og:site_name\" content=\"Arbrea Labs\" \/>\n<meta property=\"article:publisher\" content=\"https:\/\/www.facebook.com\/arbrealabs\" \/>\n<meta property=\"article:modified_time\" content=\"2025-03-18T10:03:09+00:00\" \/>\n<meta name=\"twitter:card\" content=\"summary_large_image\" \/>\n<meta name=\"twitter:label1\" content=\"Tiempo de lectura\" \/>\n\t<meta name=\"twitter:data1\" content=\"2 minutos\" \/>\n<script type=\"application\/ld+json\" class=\"yoast-schema-graph\">{\"@context\":\"https:\\\/\\\/schema.org\",\"@graph\":[{\"@type\":\"WebPage\",\"@id\":\"https:\\\/\\\/arbrea-labs.com\\\/bachelor-semester-master-thesis\\\/\",\"url\":\"https:\\\/\\\/arbrea-labs.com\\\/bachelor-semester-master-thesis\\\/\",\"name\":\"Deep Learning: Transforming Medical Aesthetic with AI\",\"isPartOf\":{\"@id\":\"https:\\\/\\\/arbrea-labs.com\\\/#website\"},\"datePublished\":\"2022-09-07T09:01:45+00:00\",\"dateModified\":\"2025-03-18T10:03:09+00:00\",\"description\":\"Depending on your background, we will tailor your thesis to match your interest. Special attention will be put on Deep Learning methods.\",\"breadcrumb\":{\"@id\":\"https:\\\/\\\/arbrea-labs.com\\\/bachelor-semester-master-thesis\\\/#breadcrumb\"},\"inLanguage\":\"es\",\"potentialAction\":[{\"@type\":\"ReadAction\",\"target\":[\"https:\\\/\\\/arbrea-labs.com\\\/bachelor-semester-master-thesis\\\/\"]}]},{\"@type\":\"BreadcrumbList\",\"@id\":\"https:\\\/\\\/arbrea-labs.com\\\/bachelor-semester-master-thesis\\\/#breadcrumb\",\"itemListElement\":[{\"@type\":\"ListItem\",\"position\":1,\"name\":\"Home\",\"item\":\"https:\\\/\\\/arbrea-labs.com\\\/\"},{\"@type\":\"ListItem\",\"position\":2,\"name\":\"Deep Learning \\\/ Computer Vision \\\/ 3D Graphics Intern\"}]},{\"@type\":\"WebSite\",\"@id\":\"https:\\\/\\\/arbrea-labs.com\\\/#website\",\"url\":\"https:\\\/\\\/arbrea-labs.com\\\/\",\"name\":\"Arbrea Labs\",\"description\":\"Augmented Reality &amp; 3D Solutions for Aesthetics\",\"publisher\":{\"@id\":\"https:\\\/\\\/arbrea-labs.com\\\/#organization\"},\"alternateName\":\"Arbrea\",\"potentialAction\":[{\"@type\":\"SearchAction\",\"target\":{\"@type\":\"EntryPoint\",\"urlTemplate\":\"https:\\\/\\\/arbrea-labs.com\\\/?s={search_term_string}\"},\"query-input\":{\"@type\":\"PropertyValueSpecification\",\"valueRequired\":true,\"valueName\":\"search_term_string\"}}],\"inLanguage\":\"es\"},{\"@type\":\"Organization\",\"@id\":\"https:\\\/\\\/arbrea-labs.com\\\/#organization\",\"name\":\"Arbrea Labs\",\"alternateName\":\"Arbrea\",\"url\":\"https:\\\/\\\/arbrea-labs.com\\\/\",\"logo\":{\"@type\":\"ImageObject\",\"inLanguage\":\"es\",\"@id\":\"https:\\\/\\\/arbrea-labs.com\\\/#\\\/schema\\\/logo\\\/image\\\/\",\"url\":\"https:\\\/\\\/arbrea-labs.com\\\/wp-content\\\/uploads\\\/2022\\\/01\\\/logo_arbrea_LABS-01-1-e1641392734450.png\",\"contentUrl\":\"https:\\\/\\\/arbrea-labs.com\\\/wp-content\\\/uploads\\\/2022\\\/01\\\/logo_arbrea_LABS-01-1-e1641392734450.png\",\"width\":2000,\"height\":750,\"caption\":\"Arbrea Labs\"},\"image\":{\"@id\":\"https:\\\/\\\/arbrea-labs.com\\\/#\\\/schema\\\/logo\\\/image\\\/\"},\"sameAs\":[\"https:\\\/\\\/www.facebook.com\\\/arbrealabs\",\"https:\\\/\\\/www.instagram.com\\\/arbrealabs\\\/\",\"https:\\\/\\\/www.linkedin.com\\\/company\\\/arbrea-labs-ag\\\/\",\"https:\\\/\\\/www.youtube.com\\\/channel\\\/UCbHN9gofXJv8rMAHcAguTcg\"],\"description\":\"Arbrea Labs leads the way in blending advanced AI technology with personalized healthcare. Our fast, simple and safe Augmented Reality & 3D simulators optimize consultations, saving time and enhancing patient education. Meanwhile, our AR-driven marketing booster enhances patient journeys, maximizing marketing ROI and fostering efficient lead generation. Join us as we shape the future of aesthetic healthcare.\",\"email\":\"info@arbrea-labs.com\",\"legalName\":\"Arbrea Labs AG\",\"foundingDate\":\"2018-03-04\",\"vatID\":\"CHE-292.633.177\",\"numberOfEmployees\":{\"@type\":\"QuantitativeValue\",\"minValue\":\"11\",\"maxValue\":\"50\"}}]}<\/script>\n<!-- \/ Yoast SEO Premium plugin. -->","yoast_head_json":{"title":"Aprendizaje profundo: Transformando la est\u00e9tica m\u00e9dica con IA","description":"Dependiendo de su formaci\u00f3n, adaptaremos su tesis para que se ajuste a sus intereses. Se prestar\u00e1 especial atenci\u00f3n a los m\u00e9todos de aprendizaje profundo.","robots":{"index":"index","follow":"follow","max-snippet":"max-snippet:-1","max-image-preview":"max-image-preview:large","max-video-preview":"max-video-preview:-1"},"canonical":"https:\/\/arbrea-labs.com\/es\/semestre-de-licenciatura-tesis-de-master\/","og_locale":"es_ES","og_type":"article","og_title":"Deep Learning \/ Computer Vision \/ 3D Graphics Intern","og_description":"Depending on your background, we will tailor your thesis to match your interest. Special attention will be put on Deep Learning methods.","og_url":"https:\/\/arbrea-labs.com\/es\/semestre-de-licenciatura-tesis-de-master\/","og_site_name":"Arbrea Labs","article_publisher":"https:\/\/www.facebook.com\/arbrealabs","article_modified_time":"2025-03-18T10:03:09+00:00","twitter_card":"summary_large_image","twitter_misc":{"Tiempo de lectura":"2 minutos"},"schema":{"@context":"https:\/\/schema.org","@graph":[{"@type":"WebPage","@id":"https:\/\/arbrea-labs.com\/bachelor-semester-master-thesis\/","url":"https:\/\/arbrea-labs.com\/bachelor-semester-master-thesis\/","name":"Aprendizaje profundo: Transformando la est\u00e9tica m\u00e9dica con IA","isPartOf":{"@id":"https:\/\/arbrea-labs.com\/#website"},"datePublished":"2022-09-07T09:01:45+00:00","dateModified":"2025-03-18T10:03:09+00:00","description":"Dependiendo de su formaci\u00f3n, adaptaremos su tesis para que se ajuste a sus intereses. Se prestar\u00e1 especial atenci\u00f3n a los m\u00e9todos de aprendizaje profundo.","breadcrumb":{"@id":"https:\/\/arbrea-labs.com\/bachelor-semester-master-thesis\/#breadcrumb"},"inLanguage":"es","potentialAction":[{"@type":"ReadAction","target":["https:\/\/arbrea-labs.com\/bachelor-semester-master-thesis\/"]}]},{"@type":"BreadcrumbList","@id":"https:\/\/arbrea-labs.com\/bachelor-semester-master-thesis\/#breadcrumb","itemListElement":[{"@type":"ListItem","position":1,"name":"Home","item":"https:\/\/arbrea-labs.com\/"},{"@type":"ListItem","position":2,"name":"Deep Learning \/ Computer Vision \/ 3D Graphics Intern"}]},{"@type":"WebSite","@id":"https:\/\/arbrea-labs.com\/#website","url":"https:\/\/arbrea-labs.com\/","name":"Laboratorios Arbrea","description":"Realidad aumentada y soluciones 3D para est\u00e9tica","publisher":{"@id":"https:\/\/arbrea-labs.com\/#organization"},"alternateName":"Arbrea","potentialAction":[{"@type":"SearchAction","target":{"@type":"EntryPoint","urlTemplate":"https:\/\/arbrea-labs.com\/?s={search_term_string}"},"query-input":{"@type":"PropertyValueSpecification","valueRequired":true,"valueName":"search_term_string"}}],"inLanguage":"es"},{"@type":"Organization","@id":"https:\/\/arbrea-labs.com\/#organization","name":"Laboratorios Arbrea","alternateName":"Arbrea","url":"https:\/\/arbrea-labs.com\/","logo":{"@type":"ImageObject","inLanguage":"es","@id":"https:\/\/arbrea-labs.com\/#\/schema\/logo\/image\/","url":"https:\/\/arbrea-labs.com\/wp-content\/uploads\/2022\/01\/logo_arbrea_LABS-01-1-e1641392734450.png","contentUrl":"https:\/\/arbrea-labs.com\/wp-content\/uploads\/2022\/01\/logo_arbrea_LABS-01-1-e1641392734450.png","width":2000,"height":750,"caption":"Arbrea Labs"},"image":{"@id":"https:\/\/arbrea-labs.com\/#\/schema\/logo\/image\/"},"sameAs":["https:\/\/www.facebook.com\/arbrealabs","https:\/\/www.instagram.com\/arbrealabs\/","https:\/\/www.linkedin.com\/company\/arbrea-labs-ag\/","https:\/\/www.youtube.com\/channel\/UCbHN9gofXJv8rMAHcAguTcg"],"description":"Arbrea Labs lidera la combinaci\u00f3n de tecnolog\u00eda avanzada de IA con atenci\u00f3n sanitaria personalizada. Nuestros simuladores 3D y de realidad aumentada, r\u00e1pidos, sencillos y seguros, optimizan las consultas, ahorran tiempo y mejoran la educaci\u00f3n del paciente. Al mismo tiempo, nuestro potenciador de marketing basado en realidad aumentada mejora la experiencia del paciente, maximizando el retorno de la inversi\u00f3n en marketing y fomentando la generaci\u00f3n eficiente de clientes potenciales. \u00danase a nosotros para dar forma al futuro de la atenci\u00f3n sanitaria est\u00e9tica.","email":"info@arbrea-labs.com","legalName":"Arbrea Labs AG","foundingDate":"2018-03-04","vatID":"CHE-292.633.177","numberOfEmployees":{"@type":"QuantitativeValue","minValue":"11","maxValue":"50"}}]}},"_links":{"self":[{"href":"https:\/\/arbrea-labs.com\/es\/wp-json\/wp\/v2\/pages\/18191","targetHints":{"allow":["GET"]}}],"collection":[{"href":"https:\/\/arbrea-labs.com\/es\/wp-json\/wp\/v2\/pages"}],"about":[{"href":"https:\/\/arbrea-labs.com\/es\/wp-json\/wp\/v2\/types\/page"}],"author":[{"embeddable":true,"href":"https:\/\/arbrea-labs.com\/es\/wp-json\/wp\/v2\/users\/3"}],"replies":[{"embeddable":true,"href":"https:\/\/arbrea-labs.com\/es\/wp-json\/wp\/v2\/comments?post=18191"}],"version-history":[{"count":0,"href":"https:\/\/arbrea-labs.com\/es\/wp-json\/wp\/v2\/pages\/18191\/revisions"}],"wp:attachment":[{"href":"https:\/\/arbrea-labs.com\/es\/wp-json\/wp\/v2\/media?parent=18191"}],"curies":[{"name":"wp","href":"https:\/\/api.w.org\/{rel}","templated":true}]}}