{"id":17891,"date":"2022-05-25T13:53:49","date_gmt":"2022-05-25T13:53:49","guid":{"rendered":"https:\/\/arbrea-labs.com\/?page_id=17891"},"modified":"2026-04-03T07:10:55","modified_gmt":"2026-04-03T05:10:55","slug":"ingeniero-de-aprendizaje-profundo","status":"publish","type":"page","link":"https:\/\/arbrea-labs.com\/es\/deep-learning-engineer\/","title":{"rendered":"Ingeniero de aprendizaje profundo"},"content":{"rendered":"<div id=\"fws_69d2c4a13b498\"  data-column-margin=\"default\" data-midnight=\"light\" data-top-percent=\"2%\" data-bottom-percent=\"2%\"  class=\"wpb_row vc_row-fluid vc_row full-width-section has-row-bg-color\"  style=\"padding-top: calc(100vw * 0.02); padding-bottom: calc(100vw * 0.02); --row-bg-color: #3452ff;\"><div class=\"row-bg-wrap\" data-bg-animation=\"none\" data-bg-animation-delay=\"\" data-bg-overlay=\"true\"><div class=\"inner-wrap row-bg-layer using-image\" ><div class=\"row-bg viewport-desktop using-image using-bg-color lazyload\" style=\"background-image: url(https:\/\/arbrea-labs.com\/wp-includes\/images\/blank.gif);background-position: center center;background-repeat: no-repeat;background-color: #3452ff;\" data-background-image=\"https:\/\/arbrea-labs.com\/wp-content\/uploads\/2024\/07\/138960.jpg\"><\/div><\/div><div class=\"row-bg-overlay row-bg-layer\" style=\"background-color:#0c0c0c;  opacity: 0.5; \"><\/div><\/div><div class=\"row_col_wrap_12 col span_12 light left\">\n\t<div  class=\"vc_col-sm-2 wpb_column column_container vc_column_container col no-extra-padding inherit_tablet inherit_phone flex_gap_desktop_10px\"  data-padding-pos=\"all\" data-has-bg-color=\"false\" data-bg-color=\"\" data-bg-opacity=\"1\" data-animation=\"\" data-delay=\"0\" >\n\t\t<div class=\"vc_column-inner\" >\n\t\t\t<div class=\"wpb_wrapper\">\n\t\t\t\t\n\t\t\t<\/div> \n\t\t<\/div>\n\t<\/div> \n\n\t<div  class=\"vc_col-sm-8 wpb_column column_container vc_column_container col centered-text has-animation no-extra-padding inherit_tablet inherit_phone flex_gap_desktop_10px\"  data-padding-pos=\"all\" data-has-bg-color=\"false\" data-bg-color=\"\" data-bg-opacity=\"1\" data-animation=\"zoom-out\" data-delay=\"0\" >\n\t\t<div class=\"vc_column-inner\" >\n\t\t\t<div class=\"wpb_wrapper\">\n\t\t\t\t<h4 style=\"font-size: 20px;color: rgba(255,255,255,0.7);line-height: 36px;text-align: center;font-family:Roboto;font-weight:500;font-style:normal\" class=\"vc_custom_heading vc_do_custom_heading vc_custom_1653550682768\" >Realidad aumentada para el cuerpo humano<\/h4><h1 style=\"font-size: 83px;line-height: 98px;text-align: center;font-family:Roboto;font-weight:400;font-style:normal\" class=\"vc_custom_heading vc_do_custom_heading vc_custom_1653560092440\" >Ingeniero de aprendizaje profundo<\/h1>\n\t\t\t<\/div> \n\t\t<\/div>\n\t<\/div> \n\n\t<div  class=\"vc_col-sm-2 wpb_column column_container vc_column_container col no-extra-padding inherit_tablet inherit_phone flex_gap_desktop_10px\"  data-padding-pos=\"all\" data-has-bg-color=\"false\" data-bg-color=\"\" data-bg-opacity=\"1\" data-animation=\"\" data-delay=\"0\" >\n\t\t<div class=\"vc_column-inner\" >\n\t\t\t<div class=\"wpb_wrapper\">\n\t\t\t\t\n\t\t\t<\/div> \n\t\t<\/div>\n\t<\/div> \n<\/div><\/div>\n\t\t<div id=\"fws_69d2c4a13bbd6\"  data-column-margin=\"default\" data-midnight=\"dark\" data-top-percent=\"3%\"  class=\"wpb_row vc_row-fluid vc_row\"  style=\"padding-top: calc(100vw * 0.03); padding-bottom: 0px; \"><div class=\"row-bg-wrap\" data-bg-animation=\"none\" data-bg-animation-delay=\"\" data-bg-overlay=\"false\"><div class=\"inner-wrap row-bg-layer\" ><div class=\"row-bg viewport-desktop\"  style=\"\"><\/div><\/div><\/div><div class=\"row_col_wrap_12 col span_12 dark left\">\n\t<div  class=\"vc_col-sm-12 wpb_column column_container vc_column_container col no-extra-padding inherit_tablet inherit_phone flex_gap_desktop_10px\"  data-padding-pos=\"all\" data-has-bg-color=\"false\" data-bg-color=\"\" data-bg-opacity=\"1\" data-animation=\"\" data-delay=\"0\" >\n\t\t<div class=\"vc_column-inner\" >\n\t\t\t<div class=\"wpb_wrapper\">\n\t\t\t\t\n<div class=\"wpb_text_column wpb_content_element\" >\n\t<h2><!-- \/wp:post-content --><\/h2>\n<h3><!-- wp:paragraph --><strong>Descripci\u00f3n del puesto<\/strong><\/h3>\n<p><span style=\"font-weight: 400;\">Como ingeniero de aprendizaje profundo en<\/span><b> Laboratorios Arbrea<\/b><span style=\"font-weight: 400;\">Trabajar\u00e1 en la interfaz entre la investigaci\u00f3n y el c\u00f3digo de producci\u00f3n, donde surgir\u00e1 una amplia gama de tareas diferentes en este contexto \u00fanico. Como uno de los empleados clave, tendr\u00e1 una gran influencia en la forma que adoptar\u00e1 nuestro producto, lo que le brindar\u00e1, junto con el equipo, la oportunidad de convertirse en l\u00edderes mundiales en... <\/span><b>M\u00e9dico<\/b> <b>Tecnolog\u00eda AR\/VR<\/b><span style=\"font-weight: 400;\">. You will work with friendly, passionate, and easy-going team members, who are very willing to offer guidance, have a beer (or two) after work at regular team events. The working environment is quite flexible, with offices in a technology hub, attractive salaries, and employee participation plans.<\/span><\/p>\n<h3><strong>Cualificaciones requeridas<\/strong><\/h3>\n<ul>\n<li style=\"font-weight: 400;\" aria-level=\"1\"><span style=\"font-weight: 400;\">S\u00f3lida licenciatura\/m\u00e1ster o doctorado en ingenier\u00eda o campo cient\u00edfico, o experiencia pr\u00e1ctica equivalente (se valorar\u00e1 positivamente la experiencia laboral como ingeniero de software) - S\u00f3lida capacidad de resoluci\u00f3n de problemas y curiosidad por la novedad<\/span><\/li>\n<li style=\"font-weight: 400;\" aria-level=\"1\"><span style=\"font-weight: 400;\">Dispuesto a formar parte de una empresa en r\u00e1pido crecimiento<\/span><\/li>\n<\/ul>\n<p><!-- \/wp:paragraph --><br \/><!-- wp:heading --><\/p>\n<h3><strong>Habilidades deseadas Superset<\/strong><\/h3>\n<ul>\n<li style=\"font-weight: 400;\" aria-level=\"1\"><span style=\"font-weight: 400;\">S\u00f3lida experiencia en aprendizaje autom\u00e1tico 2D\/3D \/ aprendizaje profundo.<\/span><\/li>\n<li style=\"font-weight: 400;\" aria-level=\"1\"><span style=\"font-weight: 400;\">Experiencia con redes neuronales generativas adversariales (GAN).<\/span><\/li>\n<li style=\"font-weight: 400;\" aria-level=\"1\"><span style=\"font-weight: 400;\">Experiencia con entornos DL (Tensorflow, PyTorch, etc.) y Python&nbsp;<\/span><\/li>\n<li style=\"font-weight: 400;\" aria-level=\"1\"><span style=\"font-weight: 400;\">Se valorar\u00e1 la experiencia en C++, preferiblemente C++11 o posterior.<\/span><\/li>\n<li style=\"font-weight: 400;\" aria-level=\"1\"><span style=\"font-weight: 400;\">Experiencia en visi\u00f3n por ordenador (reconstrucci\u00f3n 3D, seguimiento, modelado inverso, etc.)&nbsp;<\/span><\/li>\n<li style=\"font-weight: 400;\" aria-level=\"1\">Ability to prioritise tasks and meet deadlines<\/li>\n<li style=\"font-weight: 400;\" aria-level=\"1\"><span style=\"font-weight: 400;\">Dominio del ingl\u00e9s<\/span><\/li>\n<\/ul>\n<h3 id=\"h-company-description\"><strong>Descripci\u00f3n de la empresa<\/strong><\/h3>\n<p>Arbrea Labs es una empresa derivada del Laboratorio de Inform\u00e1tica Gr\u00e1fica de la ETH, <a href=\"https:\/\/inf.ethz.ch\/department\/spin-offs\/spin-offs-list.html\">ETH Z\u00farich<\/a>. We are a team of specialists in computer graphics, vision and artificial intelligence developing state-of-the-art solutions for cosmetic surgery. Our daily tasks range from 3D reconstruction and Tracking to&nbsp; AR\/VR, focusing on the latest works in Deep Learning, Geometry Processing and Rendering applied to human bodies as we strive to develop cutting edge technology that improves our users&#8217; experience and satisfaction. We are looking to expand our team with key people who have experience in deep learning and have a strong will to learn and get involved in a start-up environment. We are interested in full-time candidates but also consider candidates for internship positions with the possibility to transition fully into our team.<\/p>\n<p><!-- \/wp:heading --><\/p>\n<p><!-- wp:paragraph --><strong>Ubicaci\u00f3n<\/strong>:&nbsp;<a href=\"https:\/\/www.google.com\/maps\/place\/Arbrea+Labs+AG\/@47.3902335,8.5164318,15z\/data=!4m2!3m1!1s0x0:0x5542b026d2f0869a?sa=X&amp;ved=2ahUKEwjlh_f4uPr3AhVDuKQKHVghChEQ_BJ6BAhHEBI\" target=\"_blank\" rel=\"noreferrer noopener\">Technoparkstrasse 1, 8005 Z\u00farich<\/a><br \/><strong>P\u00f3ngase en contacto con<\/strong>:&nbsp;jobs@arbrea-labs.com<\/p>\n<p><!-- \/wp:paragraph --><!-- \/wp:paragraph --><!-- \/wp:paragraph --><\/p>\n<p>&nbsp;<\/p>\n<\/div>\n\n\n\n\n\t\t\t<\/div> \n\t\t<\/div>\n\t<\/div> \n<\/div><\/div>\n\t\t<div id=\"fws_69d2c4a13c20a\"  data-column-margin=\"default\" data-midnight=\"dark\"  class=\"wpb_row vc_row-fluid vc_row\"  style=\"padding-top: 0px; padding-bottom: 0px; \"><div class=\"row-bg-wrap\" data-bg-animation=\"none\" data-bg-animation-delay=\"\" data-bg-overlay=\"false\"><div class=\"inner-wrap row-bg-layer\" ><div class=\"row-bg viewport-desktop\"  style=\"\"><\/div><\/div><\/div><div class=\"row_col_wrap_12 col span_12 dark left\">\n\t<div  class=\"vc_col-sm-12 wpb_column column_container vc_column_container col no-extra-padding inherit_tablet inherit_phone flex_gap_desktop_10px\"  data-padding-pos=\"all\" data-has-bg-color=\"false\" data-bg-color=\"\" data-bg-opacity=\"1\" data-animation=\"\" data-delay=\"0\" >\n\t\t<div class=\"vc_column-inner\" >\n\t\t\t<div class=\"wpb_wrapper\">\n\t\t\t\t\n\t<div class=\"wpb_raw_code wpb_raw_html wpb_content_element\" >\n\t\t<div class=\"wpb_wrapper\">\n\t\t\t<div data-tf-live=\"01HHMF95H0H69J77FJZEC6SK4V\"><\/div><script src=\"\/\/embed.typeform.com\/next\/embed.js\"><\/script>\n\t\t<\/div>\n\t<\/div>\n\n\t\t\t<\/div> \n\t\t<\/div>\n\t<\/div> \n<\/div><\/div>","protected":false},"excerpt":{"rendered":"Realidad aumentada para el cuerpo humanoIngeniero de aprendizaje profundo Descripci\u00f3n del puesto Como ingeniero de aprendizaje profundo en Arbrea Labs, trabajar\u00e1s en la interfaz entre...","protected":false},"author":1,"featured_media":26923,"parent":0,"menu_order":0,"comment_status":"closed","ping_status":"closed","template":"","meta":{"footnotes":""},"class_list":["post-17891","page","type-page","status-publish","has-post-thumbnail"],"yoast_head":"<!-- This site is optimized with the Yoast SEO Premium plugin v27.3 (Yoast SEO v27.3) - https:\/\/yoast.com\/product\/yoast-seo-premium-wordpress\/ -->\n<title>Career Opportunities in Deep Learning Engineering | Arbrea Labs<\/title>\n<meta name=\"description\" content=\"Embark on a career in deep learning engineering at Arbrea Labs. Explore cutting-edge applications of artificial intelligence and machine learning. Join our innovative team and shape the future of AI. Apply now!\" \/>\n<meta name=\"robots\" content=\"index, follow, max-snippet:-1, max-image-preview:large, max-video-preview:-1\" \/>\n<link rel=\"canonical\" href=\"https:\/\/arbrea-labs.com\/es\/ingeniero-de-aprendizaje-profundo\/\" \/>\n<meta property=\"og:locale\" content=\"es_ES\" \/>\n<meta property=\"og:type\" content=\"article\" \/>\n<meta property=\"og:title\" content=\"Deep Learning Engineer\" \/>\n<meta property=\"og:description\" content=\"Embark on a career in deep learning engineering at Arbrea Labs. Explore cutting-edge applications of artificial intelligence and machine learning. Join our innovative team and shape the future of AI. Apply now!\" \/>\n<meta property=\"og:url\" content=\"https:\/\/arbrea-labs.com\/es\/ingeniero-de-aprendizaje-profundo\/\" \/>\n<meta property=\"og:site_name\" content=\"Arbrea Labs\" \/>\n<meta property=\"article:publisher\" content=\"https:\/\/www.facebook.com\/arbrealabs\" \/>\n<meta property=\"article:modified_time\" content=\"2026-04-03T05:10:55+00:00\" \/>\n<meta property=\"og:image\" content=\"https:\/\/arbrea-labs.com\/wp-content\/uploads\/2024\/07\/138960.jpg\" \/>\n\t<meta property=\"og:image:width\" content=\"1500\" \/>\n\t<meta property=\"og:image:height\" content=\"1000\" \/>\n\t<meta property=\"og:image:type\" content=\"image\/jpeg\" \/>\n<meta name=\"twitter:card\" content=\"summary_large_image\" \/>\n<meta name=\"twitter:label1\" content=\"Tiempo de lectura\" \/>\n\t<meta name=\"twitter:data1\" content=\"3 minutos\" \/>\n<script type=\"application\/ld+json\" class=\"yoast-schema-graph\">{\"@context\":\"https:\\\/\\\/schema.org\",\"@graph\":[{\"@type\":\"WebPage\",\"@id\":\"https:\\\/\\\/arbrea-labs.com\\\/deep-learning-engineer\\\/\",\"url\":\"https:\\\/\\\/arbrea-labs.com\\\/deep-learning-engineer\\\/\",\"name\":\"Career Opportunities in Deep Learning Engineering | Arbrea Labs\",\"isPartOf\":{\"@id\":\"https:\\\/\\\/arbrea-labs.com\\\/#website\"},\"primaryImageOfPage\":{\"@id\":\"https:\\\/\\\/arbrea-labs.com\\\/deep-learning-engineer\\\/#primaryimage\"},\"image\":{\"@id\":\"https:\\\/\\\/arbrea-labs.com\\\/deep-learning-engineer\\\/#primaryimage\"},\"thumbnailUrl\":\"https:\\\/\\\/arbrea-labs.com\\\/wp-content\\\/uploads\\\/2024\\\/07\\\/138960.jpg\",\"datePublished\":\"2022-05-25T13:53:49+00:00\",\"dateModified\":\"2026-04-03T05:10:55+00:00\",\"description\":\"Embark on a career in deep learning engineering at Arbrea Labs. Explore cutting-edge applications of artificial intelligence and machine learning. Join our innovative team and shape the future of AI. Apply now!\",\"breadcrumb\":{\"@id\":\"https:\\\/\\\/arbrea-labs.com\\\/deep-learning-engineer\\\/#breadcrumb\"},\"inLanguage\":\"es\",\"potentialAction\":[{\"@type\":\"ReadAction\",\"target\":[\"https:\\\/\\\/arbrea-labs.com\\\/deep-learning-engineer\\\/\"]}]},{\"@type\":\"ImageObject\",\"inLanguage\":\"es\",\"@id\":\"https:\\\/\\\/arbrea-labs.com\\\/deep-learning-engineer\\\/#primaryimage\",\"url\":\"https:\\\/\\\/arbrea-labs.com\\\/wp-content\\\/uploads\\\/2024\\\/07\\\/138960.jpg\",\"contentUrl\":\"https:\\\/\\\/arbrea-labs.com\\\/wp-content\\\/uploads\\\/2024\\\/07\\\/138960.jpg\",\"width\":1500,\"height\":1000,\"caption\":\"Deep Learning Engineer\"},{\"@type\":\"BreadcrumbList\",\"@id\":\"https:\\\/\\\/arbrea-labs.com\\\/deep-learning-engineer\\\/#breadcrumb\",\"itemListElement\":[{\"@type\":\"ListItem\",\"position\":1,\"name\":\"Home\",\"item\":\"https:\\\/\\\/arbrea-labs.com\\\/\"},{\"@type\":\"ListItem\",\"position\":2,\"name\":\"Deep Learning Engineer\"}]},{\"@type\":\"WebSite\",\"@id\":\"https:\\\/\\\/arbrea-labs.com\\\/#website\",\"url\":\"https:\\\/\\\/arbrea-labs.com\\\/\",\"name\":\"Arbrea Labs\",\"description\":\"Augmented Reality &amp; 3D Solutions for Aesthetics\",\"publisher\":{\"@id\":\"https:\\\/\\\/arbrea-labs.com\\\/#organization\"},\"alternateName\":\"Arbrea\",\"potentialAction\":[{\"@type\":\"SearchAction\",\"target\":{\"@type\":\"EntryPoint\",\"urlTemplate\":\"https:\\\/\\\/arbrea-labs.com\\\/?s={search_term_string}\"},\"query-input\":{\"@type\":\"PropertyValueSpecification\",\"valueRequired\":true,\"valueName\":\"search_term_string\"}}],\"inLanguage\":\"es\"},{\"@type\":\"Organization\",\"@id\":\"https:\\\/\\\/arbrea-labs.com\\\/#organization\",\"name\":\"Arbrea Labs\",\"alternateName\":\"Arbrea\",\"url\":\"https:\\\/\\\/arbrea-labs.com\\\/\",\"logo\":{\"@type\":\"ImageObject\",\"inLanguage\":\"es\",\"@id\":\"https:\\\/\\\/arbrea-labs.com\\\/#\\\/schema\\\/logo\\\/image\\\/\",\"url\":\"https:\\\/\\\/arbrea-labs.com\\\/wp-content\\\/uploads\\\/2022\\\/01\\\/logo_arbrea_LABS-01-1-e1641392734450.png\",\"contentUrl\":\"https:\\\/\\\/arbrea-labs.com\\\/wp-content\\\/uploads\\\/2022\\\/01\\\/logo_arbrea_LABS-01-1-e1641392734450.png\",\"width\":2000,\"height\":750,\"caption\":\"Arbrea Labs\"},\"image\":{\"@id\":\"https:\\\/\\\/arbrea-labs.com\\\/#\\\/schema\\\/logo\\\/image\\\/\"},\"sameAs\":[\"https:\\\/\\\/www.facebook.com\\\/arbrealabs\",\"https:\\\/\\\/www.instagram.com\\\/arbrealabs\\\/\",\"https:\\\/\\\/www.linkedin.com\\\/company\\\/arbrea-labs-ag\\\/\",\"https:\\\/\\\/www.youtube.com\\\/channel\\\/UCbHN9gofXJv8rMAHcAguTcg\"],\"description\":\"Arbrea Labs leads the way in blending advanced AI technology with personalized healthcare. Our fast, simple and safe Augmented Reality & 3D simulators optimize consultations, saving time and enhancing patient education. Meanwhile, our AR-driven marketing booster enhances patient journeys, maximizing marketing ROI and fostering efficient lead generation. Join us as we shape the future of aesthetic healthcare.\",\"email\":\"info@arbrea-labs.com\",\"legalName\":\"Arbrea Labs AG\",\"foundingDate\":\"2018-03-04\",\"vatID\":\"CHE-292.633.177\",\"numberOfEmployees\":{\"@type\":\"QuantitativeValue\",\"minValue\":\"11\",\"maxValue\":\"50\"}}]}<\/script>\n<!-- \/ Yoast SEO Premium plugin. -->","yoast_head_json":{"title":"Oportunidades profesionales en ingenier\u00eda de aprendizaje profundo | Arbrea Labs","description":"Emprende una carrera en ingenier\u00eda de aprendizaje profundo en Arbrea Labs. Explora las aplicaciones de vanguardia de la inteligencia artificial y el aprendizaje autom\u00e1tico. \u00danete a nuestro equipo innovador y da forma al futuro de la IA. \u00a1Inscr\u00edbete ya!","robots":{"index":"index","follow":"follow","max-snippet":"max-snippet:-1","max-image-preview":"max-image-preview:large","max-video-preview":"max-video-preview:-1"},"canonical":"https:\/\/arbrea-labs.com\/es\/ingeniero-de-aprendizaje-profundo\/","og_locale":"es_ES","og_type":"article","og_title":"Deep Learning Engineer","og_description":"Embark on a career in deep learning engineering at Arbrea Labs. Explore cutting-edge applications of artificial intelligence and machine learning. Join our innovative team and shape the future of AI. Apply now!","og_url":"https:\/\/arbrea-labs.com\/es\/ingeniero-de-aprendizaje-profundo\/","og_site_name":"Arbrea Labs","article_publisher":"https:\/\/www.facebook.com\/arbrealabs","article_modified_time":"2026-04-03T05:10:55+00:00","og_image":[{"width":1500,"height":1000,"url":"https:\/\/arbrea-labs.com\/wp-content\/uploads\/2024\/07\/138960.jpg","type":"image\/jpeg"}],"twitter_card":"summary_large_image","twitter_misc":{"Tiempo de lectura":"3 minutos"},"schema":{"@context":"https:\/\/schema.org","@graph":[{"@type":"WebPage","@id":"https:\/\/arbrea-labs.com\/deep-learning-engineer\/","url":"https:\/\/arbrea-labs.com\/deep-learning-engineer\/","name":"Oportunidades profesionales en ingenier\u00eda de aprendizaje profundo | Arbrea Labs","isPartOf":{"@id":"https:\/\/arbrea-labs.com\/#website"},"primaryImageOfPage":{"@id":"https:\/\/arbrea-labs.com\/deep-learning-engineer\/#primaryimage"},"image":{"@id":"https:\/\/arbrea-labs.com\/deep-learning-engineer\/#primaryimage"},"thumbnailUrl":"https:\/\/arbrea-labs.com\/wp-content\/uploads\/2024\/07\/138960.jpg","datePublished":"2022-05-25T13:53:49+00:00","dateModified":"2026-04-03T05:10:55+00:00","description":"Emprende una carrera en ingenier\u00eda de aprendizaje profundo en Arbrea Labs. Explora las aplicaciones de vanguardia de la inteligencia artificial y el aprendizaje autom\u00e1tico. \u00danete a nuestro equipo innovador y da forma al futuro de la IA. \u00a1Inscr\u00edbete ya!","breadcrumb":{"@id":"https:\/\/arbrea-labs.com\/deep-learning-engineer\/#breadcrumb"},"inLanguage":"es","potentialAction":[{"@type":"ReadAction","target":["https:\/\/arbrea-labs.com\/deep-learning-engineer\/"]}]},{"@type":"ImageObject","inLanguage":"es","@id":"https:\/\/arbrea-labs.com\/deep-learning-engineer\/#primaryimage","url":"https:\/\/arbrea-labs.com\/wp-content\/uploads\/2024\/07\/138960.jpg","contentUrl":"https:\/\/arbrea-labs.com\/wp-content\/uploads\/2024\/07\/138960.jpg","width":1500,"height":1000,"caption":"Deep Learning Engineer"},{"@type":"BreadcrumbList","@id":"https:\/\/arbrea-labs.com\/deep-learning-engineer\/#breadcrumb","itemListElement":[{"@type":"ListItem","position":1,"name":"Home","item":"https:\/\/arbrea-labs.com\/"},{"@type":"ListItem","position":2,"name":"Deep Learning Engineer"}]},{"@type":"WebSite","@id":"https:\/\/arbrea-labs.com\/#website","url":"https:\/\/arbrea-labs.com\/","name":"Laboratorios Arbrea","description":"Realidad aumentada y soluciones 3D para est\u00e9tica","publisher":{"@id":"https:\/\/arbrea-labs.com\/#organization"},"alternateName":"Arbrea","potentialAction":[{"@type":"SearchAction","target":{"@type":"EntryPoint","urlTemplate":"https:\/\/arbrea-labs.com\/?s={search_term_string}"},"query-input":{"@type":"PropertyValueSpecification","valueRequired":true,"valueName":"search_term_string"}}],"inLanguage":"es"},{"@type":"Organization","@id":"https:\/\/arbrea-labs.com\/#organization","name":"Laboratorios Arbrea","alternateName":"Arbrea","url":"https:\/\/arbrea-labs.com\/","logo":{"@type":"ImageObject","inLanguage":"es","@id":"https:\/\/arbrea-labs.com\/#\/schema\/logo\/image\/","url":"https:\/\/arbrea-labs.com\/wp-content\/uploads\/2022\/01\/logo_arbrea_LABS-01-1-e1641392734450.png","contentUrl":"https:\/\/arbrea-labs.com\/wp-content\/uploads\/2022\/01\/logo_arbrea_LABS-01-1-e1641392734450.png","width":2000,"height":750,"caption":"Arbrea Labs"},"image":{"@id":"https:\/\/arbrea-labs.com\/#\/schema\/logo\/image\/"},"sameAs":["https:\/\/www.facebook.com\/arbrealabs","https:\/\/www.instagram.com\/arbrealabs\/","https:\/\/www.linkedin.com\/company\/arbrea-labs-ag\/","https:\/\/www.youtube.com\/channel\/UCbHN9gofXJv8rMAHcAguTcg"],"description":"Arbrea Labs lidera la combinaci\u00f3n de tecnolog\u00eda avanzada de IA con atenci\u00f3n sanitaria personalizada. Nuestros simuladores 3D y de realidad aumentada, r\u00e1pidos, sencillos y seguros, optimizan las consultas, ahorran tiempo y mejoran la educaci\u00f3n del paciente. Al mismo tiempo, nuestro potenciador de marketing basado en realidad aumentada mejora la experiencia del paciente, maximizando el retorno de la inversi\u00f3n en marketing y fomentando la generaci\u00f3n eficiente de clientes potenciales. \u00danase a nosotros para dar forma al futuro de la atenci\u00f3n sanitaria est\u00e9tica.","email":"info@arbrea-labs.com","legalName":"Arbrea Labs AG","foundingDate":"2018-03-04","vatID":"CHE-292.633.177","numberOfEmployees":{"@type":"QuantitativeValue","minValue":"11","maxValue":"50"}}]}},"_links":{"self":[{"href":"https:\/\/arbrea-labs.com\/es\/wp-json\/wp\/v2\/pages\/17891","targetHints":{"allow":["GET"]}}],"collection":[{"href":"https:\/\/arbrea-labs.com\/es\/wp-json\/wp\/v2\/pages"}],"about":[{"href":"https:\/\/arbrea-labs.com\/es\/wp-json\/wp\/v2\/types\/page"}],"author":[{"embeddable":true,"href":"https:\/\/arbrea-labs.com\/es\/wp-json\/wp\/v2\/users\/1"}],"replies":[{"embeddable":true,"href":"https:\/\/arbrea-labs.com\/es\/wp-json\/wp\/v2\/comments?post=17891"}],"version-history":[{"count":1,"href":"https:\/\/arbrea-labs.com\/es\/wp-json\/wp\/v2\/pages\/17891\/revisions"}],"predecessor-version":[{"id":55668,"href":"https:\/\/arbrea-labs.com\/es\/wp-json\/wp\/v2\/pages\/17891\/revisions\/55668"}],"wp:featuredmedia":[{"embeddable":true,"href":"https:\/\/arbrea-labs.com\/es\/wp-json\/wp\/v2\/media\/26923"}],"wp:attachment":[{"href":"https:\/\/arbrea-labs.com\/es\/wp-json\/wp\/v2\/media?parent=17891"}],"curies":[{"name":"wp","href":"https:\/\/api.w.org\/{rel}","templated":true}]}}