{"id":17812,"date":"2022-05-19T15:55:06","date_gmt":"2022-05-19T15:55:06","guid":{"rendered":"https:\/\/arbrea-labs.com\/?post_type=product&#038;p=17812"},"modified":"2025-09-19T12:53:24","modified_gmt":"2025-09-19T10:53:24","slug":"arbrea-gesicht-pro","status":"publish","type":"product","link":"https:\/\/arbrea-labs.com\/de\/product\/arbrea-face-pro\/","title":{"rendered":"Arbrea Gesicht PRO"},"content":{"rendered":"<p data-start=\"175\" data-end=\"662\">Arbrea Face Pro ist die fortschrittlichste L\u00f6sung f\u00fcr Gesichtsberatungen, die 3D-Technologie, KI-gesteuerte Simulationen und erstklassigen Support kombiniert, um hervorragende Ergebnisse zu erzielen. Sie wurde f\u00fcr iPhone und iPad entwickelt und l\u00e4sst sich nahtlos mit <strong data-start=\"395\" data-end=\"406\">Lindapp<\/strong> um qualifizierte Leads zu gewinnen und die Patientenbindung zu verbessern. Mit exklusiven Dienstleistungen wie einem ma\u00dfgeschneiderten Medienpaket und pers\u00f6nlichem Support erm\u00f6glicht Arbrea Face Pro Kliniken, sich von der Masse abzuheben und gleichzeitig pr\u00e4zise, interaktive und konversionsf\u00f6rdernde Beratungen anzubieten.<\/p>\n<h2 data-start=\"664\" data-end=\"681\">Wesentliche Merkmale<\/h2>\n<ul data-start=\"683\" data-end=\"1808\">\n<li data-start=\"683\" data-end=\"786\">\n<p data-start=\"685\" data-end=\"786\"><strong data-start=\"685\" data-end=\"701\">Messungen<\/strong><br data-start=\"701\" data-end=\"704\" \/>Automatische, pr\u00e4zise Gesichtsvermessung zur Unterst\u00fctzung einer genauen Behandlungsplanung.<\/p>\n<\/li>\n<li data-start=\"788\" data-end=\"896\">\n<p data-start=\"790\" data-end=\"896\"><strong data-start=\"790\" data-end=\"801\">Gesicht AI<\/strong><br data-start=\"801\" data-end=\"804\" \/>Intelligente KI-Algorithmen zur Analyse, Verbesserung und Optimierung der Ergebnisse von Gesichtsbehandlungen.<\/p>\n<\/li>\n<li data-start=\"898\" data-end=\"1016\">\n<p data-start=\"900\" data-end=\"1016\"><strong data-start=\"900\" data-end=\"916\">iPhone-Nutzung<\/strong><br data-start=\"916\" data-end=\"919\" \/>Die M\u00f6glichkeit, alle Funktionen direkt von Ihrem iPhone aus zu nutzen, garantiert Komfort und Mobilit\u00e4t.<\/p>\n<\/li>\n<li data-start=\"1018\" data-end=\"1153\">\n<p data-start=\"1020\" data-end=\"1153\"><strong data-start=\"1020\" data-end=\"1042\">Ma\u00dfgeschneidertes Media Kit<\/strong><br data-start=\"1042\" data-end=\"1045\" \/>Professionell gestaltete, ma\u00dfgeschneiderte Medienmaterialien zur Aufwertung des Markenauftritts und der Kommunikation Ihrer Klinik.<\/p>\n<\/li>\n<li data-start=\"1155\" data-end=\"1275\">\n<p data-start=\"1157\" data-end=\"1275\"><strong data-start=\"1157\" data-end=\"1176\">Premium-Unterst\u00fctzung<\/strong><br data-start=\"1176\" data-end=\"1179\" \/>Vorrangiges Onboarding und kontinuierliche Unterst\u00fctzung durch Experten, um die bestm\u00f6gliche Erfahrung zu gew\u00e4hrleisten.<\/p>\n<\/li>\n<li data-start=\"1277\" data-end=\"1428\">\n<p data-start=\"1279\" data-end=\"1428\"><strong data-start=\"1279\" data-end=\"1302\">Lindapp-Integration<\/strong><br data-start=\"1302\" data-end=\"1305\" \/>Stellen Sie eine direkte Verbindung mit der Patienten-App von Arbrea her, um qualifizierte Leads zu erfassen, das Interesse der Patienten zu wecken und die Konversionsrate zu erh\u00f6hen.<\/p>\n<\/li>\n<li data-start=\"1430\" data-end=\"1558\">\n<p data-start=\"1432\" data-end=\"1558\"><strong data-start=\"1432\" data-end=\"1443\">3D-Modus<\/strong><br data-start=\"1443\" data-end=\"1446\" \/>Liefern Sie realistische 3D-Visualisierungen von Gesichtsver\u00e4nderungen und geben Sie den Patienten eine klare und zuverl\u00e4ssige Vorschau.<\/p>\n<\/li>\n<li data-start=\"1560\" data-end=\"1677\">\n<p data-start=\"1562\" data-end=\"1677\"><strong data-start=\"1562\" data-end=\"1580\">Live Mirror AR<\/strong><br data-start=\"1580\" data-end=\"1583\" \/>Augmented-Reality-Spiegel in Echtzeit, mit dem sich die Patienten m\u00f6gliche Ergebnisse sofort ansehen k\u00f6nnen.<\/p>\n<\/li>\n<li data-start=\"1679\" data-end=\"1808\">\n<p data-start=\"1681\" data-end=\"1808\"><strong data-start=\"1681\" data-end=\"1698\">AR-Bild-Modus<\/strong><br data-start=\"1698\" data-end=\"1701\" \/>Wenden Sie Augmented-Reality-Vorschaubilder auf statische Bilder an, um \u00fcberzeugende Vorher-Nachher-Visualisierungen zu erstellen.<\/p>\n<\/li>\n<\/ul>\n<h2 data-start=\"1810\" data-end=\"1842\">Warum Arbrea Face Pro w\u00e4hlen?<\/h2>\n<p data-start=\"1843\" data-end=\"2261\">Arbrea Face Pro wurde f\u00fcr Kliniken entwickelt, die <strong data-start=\"1893\" data-end=\"1971\">das Beste an Technologie, Patientenbindung und Instrumenten f\u00fcr das Gesch\u00e4ftswachstum<\/strong>. Mit Face AI, 3D-Simulationen, AR-Funktionen und Lindapp-Integration geht es \u00fcber die Beratung hinaus und wird zu einem Wachstumsmotor f\u00fcr Ihre Praxis. F\u00fcgen Sie Premium-Support und ein individuelles Medienpaket hinzu, und Arbrea Face Pro wird nicht nur zu einem klinischen Werkzeug, sondern auch zu einem strategischen Aktivposten f\u00fcr Ihren Erfolg.<\/p>","protected":false},"excerpt":{"rendered":"<p><strong>Die professionelle Wahl f\u00fcr Kliniken, die modernste Technologie mit Patientenbindung und Wachstum kombinieren m\u00f6chten.<\/strong><\/p>\n<ul>\n<li>Automatische Messungen<\/li>\n<li>Face AI Werkzeug<\/li>\n<li>iPhone-Nutzung<\/li>\n<li>Ma\u00dfgeschneidertes Media Kit<\/li>\n<li>Premium-Unterst\u00fctzung<\/li>\n<li>Lindapp for Face - Patienten-App f\u00fcr Lead-Generierung &amp; Konversion<\/li>\n<li>3D-Modus<\/li>\n<li>Live Mirror AR<\/li>\n<li>AR-Bild-Modus<\/li>\n<\/ul>","protected":false},"featured_media":53810,"template":"","meta":[],"product_brand":[],"product_cat":[255],"product_tag":[],"class_list":{"0":"post-17812","1":"product","2":"type-product","3":"status-publish","4":"has-post-thumbnail","5":"product_cat-arbrea-face-tool","7":"first","8":"instock","9":"taxable","10":"shipping-taxable","11":"purchasable","12":"product-type-variable-subscription"},"yoast_head":"<!-- This site is optimized with the Yoast SEO Premium plugin v27.3 (Yoast SEO v27.4) - https:\/\/yoast.com\/product\/yoast-seo-premium-wordpress\/ -->\n<title>Arbrea Face PRO - Arbrea Labs<\/title>\n<meta name=\"description\" content=\"Arbrea Face PRO is an all-in-one AR &amp; 3D solution when when we talk about planning surgical or nonsurgical face procedures.\" \/>\n<meta name=\"robots\" content=\"index, follow, max-snippet:-1, max-image-preview:large, max-video-preview:-1\" \/>\n<link rel=\"canonical\" href=\"https:\/\/arbrea-labs.com\/de\/produkt\/arbrea-gesicht-pro\/\" \/>\n<meta property=\"og:locale\" content=\"de_DE\" \/>\n<meta property=\"og:type\" content=\"article\" \/>\n<meta property=\"og:title\" content=\"Arbrea Face PRO\" \/>\n<meta property=\"og:description\" content=\"Arbrea Face PRO is an all-in-one AR &amp; 3D solution when when we talk about planning surgical or nonsurgical face procedures.\" \/>\n<meta property=\"og:url\" content=\"https:\/\/arbrea-labs.com\/de\/produkt\/arbrea-gesicht-pro\/\" \/>\n<meta property=\"og:site_name\" content=\"Arbrea Labs\" \/>\n<meta property=\"article:publisher\" content=\"https:\/\/www.facebook.com\/arbrealabs\" \/>\n<meta property=\"article:modified_time\" content=\"2025-09-19T10:53:24+00:00\" \/>\n<meta property=\"og:image\" content=\"https:\/\/arbrea-labs.com\/wp-content\/uploads\/2022\/05\/11.png\" \/>\n\t<meta property=\"og:image:width\" content=\"1080\" \/>\n\t<meta property=\"og:image:height\" content=\"1080\" \/>\n\t<meta property=\"og:image:type\" content=\"image\/png\" \/>\n<meta name=\"twitter:card\" content=\"summary_large_image\" \/>\n<meta name=\"twitter:label1\" content=\"Gesch\u00e4tzte Lesezeit\" \/>\n\t<meta name=\"twitter:data1\" content=\"2\u00a0Minuten\" \/>\n<script type=\"application\/ld+json\" class=\"yoast-schema-graph\">{\"@context\":\"https:\\\/\\\/schema.org\",\"@graph\":[{\"@type\":\"WebPage\",\"@id\":\"https:\\\/\\\/arbrea-labs.com\\\/product\\\/arbrea-face-pro\\\/\",\"url\":\"https:\\\/\\\/arbrea-labs.com\\\/product\\\/arbrea-face-pro\\\/\",\"name\":\"Arbrea Face PRO - Arbrea Labs\",\"isPartOf\":{\"@id\":\"https:\\\/\\\/arbrea-labs.com\\\/#website\"},\"primaryImageOfPage\":{\"@id\":\"https:\\\/\\\/arbrea-labs.com\\\/product\\\/arbrea-face-pro\\\/#primaryimage\"},\"image\":{\"@id\":\"https:\\\/\\\/arbrea-labs.com\\\/product\\\/arbrea-face-pro\\\/#primaryimage\"},\"thumbnailUrl\":\"https:\\\/\\\/arbrea-labs.com\\\/wp-content\\\/uploads\\\/2022\\\/05\\\/11.png\",\"datePublished\":\"2022-05-19T15:55:06+00:00\",\"dateModified\":\"2025-09-19T10:53:24+00:00\",\"description\":\"Arbrea Face PRO is an all-in-one AR & 3D solution when when we talk about planning surgical or nonsurgical face procedures.\",\"breadcrumb\":{\"@id\":\"https:\\\/\\\/arbrea-labs.com\\\/product\\\/arbrea-face-pro\\\/#breadcrumb\"},\"inLanguage\":\"de\",\"potentialAction\":[{\"@type\":\"ReadAction\",\"target\":[\"https:\\\/\\\/arbrea-labs.com\\\/product\\\/arbrea-face-pro\\\/\"]}]},{\"@type\":\"ImageObject\",\"inLanguage\":\"de\",\"@id\":\"https:\\\/\\\/arbrea-labs.com\\\/product\\\/arbrea-face-pro\\\/#primaryimage\",\"url\":\"https:\\\/\\\/arbrea-labs.com\\\/wp-content\\\/uploads\\\/2022\\\/05\\\/11.png\",\"contentUrl\":\"https:\\\/\\\/arbrea-labs.com\\\/wp-content\\\/uploads\\\/2022\\\/05\\\/11.png\",\"width\":1080,\"height\":1080,\"caption\":\"Arbrea Face PRO\"},{\"@type\":\"BreadcrumbList\",\"@id\":\"https:\\\/\\\/arbrea-labs.com\\\/product\\\/arbrea-face-pro\\\/#breadcrumb\",\"itemListElement\":[{\"@type\":\"ListItem\",\"position\":1,\"name\":\"Home\",\"item\":\"https:\\\/\\\/arbrea-labs.com\\\/\"},{\"@type\":\"ListItem\",\"position\":2,\"name\":\"Shop\",\"item\":\"https:\\\/\\\/arbrea-labs.com\\\/shop\\\/\"},{\"@type\":\"ListItem\",\"position\":3,\"name\":\"Arbrea Face PRO\"}]},{\"@type\":\"WebSite\",\"@id\":\"https:\\\/\\\/arbrea-labs.com\\\/#website\",\"url\":\"https:\\\/\\\/arbrea-labs.com\\\/\",\"name\":\"Arbrea Labs\",\"description\":\"Augmented Reality &amp; 3D Solutions for Aesthetics\",\"publisher\":{\"@id\":\"https:\\\/\\\/arbrea-labs.com\\\/#organization\"},\"alternateName\":\"Arbrea\",\"potentialAction\":[{\"@type\":\"SearchAction\",\"target\":{\"@type\":\"EntryPoint\",\"urlTemplate\":\"https:\\\/\\\/arbrea-labs.com\\\/?s={search_term_string}\"},\"query-input\":{\"@type\":\"PropertyValueSpecification\",\"valueRequired\":true,\"valueName\":\"search_term_string\"}}],\"inLanguage\":\"de\"},{\"@type\":\"Organization\",\"@id\":\"https:\\\/\\\/arbrea-labs.com\\\/#organization\",\"name\":\"Arbrea Labs\",\"alternateName\":\"Arbrea\",\"url\":\"https:\\\/\\\/arbrea-labs.com\\\/\",\"logo\":{\"@type\":\"ImageObject\",\"inLanguage\":\"de\",\"@id\":\"https:\\\/\\\/arbrea-labs.com\\\/#\\\/schema\\\/logo\\\/image\\\/\",\"url\":\"https:\\\/\\\/arbrea-labs.com\\\/wp-content\\\/uploads\\\/2022\\\/01\\\/logo_arbrea_LABS-01-1-e1641392734450.png\",\"contentUrl\":\"https:\\\/\\\/arbrea-labs.com\\\/wp-content\\\/uploads\\\/2022\\\/01\\\/logo_arbrea_LABS-01-1-e1641392734450.png\",\"width\":2000,\"height\":750,\"caption\":\"Arbrea Labs\"},\"image\":{\"@id\":\"https:\\\/\\\/arbrea-labs.com\\\/#\\\/schema\\\/logo\\\/image\\\/\"},\"sameAs\":[\"https:\\\/\\\/www.facebook.com\\\/arbrealabs\",\"https:\\\/\\\/www.instagram.com\\\/arbrealabs\\\/\",\"https:\\\/\\\/www.linkedin.com\\\/company\\\/arbrea-labs-ag\\\/\",\"https:\\\/\\\/www.youtube.com\\\/channel\\\/UCbHN9gofXJv8rMAHcAguTcg\"],\"description\":\"Arbrea Labs leads the way in blending advanced AI technology with personalized healthcare. Our fast, simple and safe Augmented Reality & 3D simulators optimize consultations, saving time and enhancing patient education. Meanwhile, our AR-driven marketing booster enhances patient journeys, maximizing marketing ROI and fostering efficient lead generation. Join us as we shape the future of aesthetic healthcare.\",\"email\":\"info@arbrea-labs.com\",\"legalName\":\"Arbrea Labs AG\",\"foundingDate\":\"2018-03-04\",\"vatID\":\"CHE-292.633.177\",\"numberOfEmployees\":{\"@type\":\"QuantitativeValue\",\"minValue\":\"11\",\"maxValue\":\"50\"}}]}<\/script>\n<!-- \/ Yoast SEO Premium plugin. -->","yoast_head_json":{"title":"Arbrea Gesicht PRO - Arbrea Labs","description":"Arbrea Face PRO ist eine umfassende AR- und 3D-L\u00f6sung f\u00fcr die Planung von chirurgischen und nicht-chirurgischen Gesichtsbehandlungen.","robots":{"index":"index","follow":"follow","max-snippet":"max-snippet:-1","max-image-preview":"max-image-preview:large","max-video-preview":"max-video-preview:-1"},"canonical":"https:\/\/arbrea-labs.com\/de\/produkt\/arbrea-gesicht-pro\/","og_locale":"de_DE","og_type":"article","og_title":"Arbrea Face PRO","og_description":"Arbrea Face PRO is an all-in-one AR & 3D solution when when we talk about planning surgical or nonsurgical face procedures.","og_url":"https:\/\/arbrea-labs.com\/de\/produkt\/arbrea-gesicht-pro\/","og_site_name":"Arbrea Labs","article_publisher":"https:\/\/www.facebook.com\/arbrealabs","article_modified_time":"2025-09-19T10:53:24+00:00","og_image":[{"width":1080,"height":1080,"url":"https:\/\/arbrea-labs.com\/wp-content\/uploads\/2022\/05\/11.png","type":"image\/png"}],"twitter_card":"summary_large_image","twitter_misc":{"Gesch\u00e4tzte Lesezeit":"2\u00a0Minuten"},"schema":{"@context":"https:\/\/schema.org","@graph":[{"@type":"WebPage","@id":"https:\/\/arbrea-labs.com\/product\/arbrea-face-pro\/","url":"https:\/\/arbrea-labs.com\/product\/arbrea-face-pro\/","name":"Arbrea Gesicht PRO - Arbrea Labs","isPartOf":{"@id":"https:\/\/arbrea-labs.com\/#website"},"primaryImageOfPage":{"@id":"https:\/\/arbrea-labs.com\/product\/arbrea-face-pro\/#primaryimage"},"image":{"@id":"https:\/\/arbrea-labs.com\/product\/arbrea-face-pro\/#primaryimage"},"thumbnailUrl":"https:\/\/arbrea-labs.com\/wp-content\/uploads\/2022\/05\/11.png","datePublished":"2022-05-19T15:55:06+00:00","dateModified":"2025-09-19T10:53:24+00:00","description":"Arbrea Face PRO ist eine umfassende AR- und 3D-L\u00f6sung f\u00fcr die Planung von chirurgischen und nicht-chirurgischen Gesichtsbehandlungen.","breadcrumb":{"@id":"https:\/\/arbrea-labs.com\/product\/arbrea-face-pro\/#breadcrumb"},"inLanguage":"de","potentialAction":[{"@type":"ReadAction","target":["https:\/\/arbrea-labs.com\/product\/arbrea-face-pro\/"]}]},{"@type":"ImageObject","inLanguage":"de","@id":"https:\/\/arbrea-labs.com\/product\/arbrea-face-pro\/#primaryimage","url":"https:\/\/arbrea-labs.com\/wp-content\/uploads\/2022\/05\/11.png","contentUrl":"https:\/\/arbrea-labs.com\/wp-content\/uploads\/2022\/05\/11.png","width":1080,"height":1080,"caption":"Arbrea Face PRO"},{"@type":"BreadcrumbList","@id":"https:\/\/arbrea-labs.com\/product\/arbrea-face-pro\/#breadcrumb","itemListElement":[{"@type":"ListItem","position":1,"name":"Home","item":"https:\/\/arbrea-labs.com\/"},{"@type":"ListItem","position":2,"name":"Shop","item":"https:\/\/arbrea-labs.com\/shop\/"},{"@type":"ListItem","position":3,"name":"Arbrea Face PRO"}]},{"@type":"WebSite","@id":"https:\/\/arbrea-labs.com\/#website","url":"https:\/\/arbrea-labs.com\/","name":"Arbrea-Labore","description":"Augmented Reality &amp; 3D-L\u00f6sungen f\u00fcr die \u00c4sthetik","publisher":{"@id":"https:\/\/arbrea-labs.com\/#organization"},"alternateName":"Arbrea","potentialAction":[{"@type":"SearchAction","target":{"@type":"EntryPoint","urlTemplate":"https:\/\/arbrea-labs.com\/?s={search_term_string}"},"query-input":{"@type":"PropertyValueSpecification","valueRequired":true,"valueName":"search_term_string"}}],"inLanguage":"de"},{"@type":"Organization","@id":"https:\/\/arbrea-labs.com\/#organization","name":"Arbrea-Labore","alternateName":"Arbrea","url":"https:\/\/arbrea-labs.com\/","logo":{"@type":"ImageObject","inLanguage":"de","@id":"https:\/\/arbrea-labs.com\/#\/schema\/logo\/image\/","url":"https:\/\/arbrea-labs.com\/wp-content\/uploads\/2022\/01\/logo_arbrea_LABS-01-1-e1641392734450.png","contentUrl":"https:\/\/arbrea-labs.com\/wp-content\/uploads\/2022\/01\/logo_arbrea_LABS-01-1-e1641392734450.png","width":2000,"height":750,"caption":"Arbrea Labs"},"image":{"@id":"https:\/\/arbrea-labs.com\/#\/schema\/logo\/image\/"},"sameAs":["https:\/\/www.facebook.com\/arbrealabs","https:\/\/www.instagram.com\/arbrealabs\/","https:\/\/www.linkedin.com\/company\/arbrea-labs-ag\/","https:\/\/www.youtube.com\/channel\/UCbHN9gofXJv8rMAHcAguTcg"],"description":"Arbrea Labs ist f\u00fchrend in der Verbindung von fortschrittlicher KI-Technologie mit personalisierter Medizin. Unsere schnellen, einfachen und sicheren Augmented Reality- und 3D-Simulatoren optimieren Beratungsgespr\u00e4che, sparen Zeit und verbessern die Patientenaufkl\u00e4rung. Gleichzeitig verbessert unser AR-gesteuerter Marketing-Booster die Patientenreise, maximiert den Marketing-ROI und f\u00f6rdert die effiziente Lead-Generierung. Gestalten Sie mit uns die Zukunft der \u00e4sthetischen Medizin.","email":"info@arbrea-labs.com","legalName":"Arbrea Labs AG","foundingDate":"2018-03-04","vatID":"CHE-292.633.177","numberOfEmployees":{"@type":"QuantitativeValue","minValue":"11","maxValue":"50"}}]}},"_links":{"self":[{"href":"https:\/\/arbrea-labs.com\/de\/wp-json\/wp\/v2\/product\/17812","targetHints":{"allow":["GET"]}}],"collection":[{"href":"https:\/\/arbrea-labs.com\/de\/wp-json\/wp\/v2\/product"}],"about":[{"href":"https:\/\/arbrea-labs.com\/de\/wp-json\/wp\/v2\/types\/product"}],"wp:featuredmedia":[{"embeddable":true,"href":"https:\/\/arbrea-labs.com\/de\/wp-json\/wp\/v2\/media\/53810"}],"wp:attachment":[{"href":"https:\/\/arbrea-labs.com\/de\/wp-json\/wp\/v2\/media?parent=17812"}],"wp:term":[{"taxonomy":"product_brand","embeddable":true,"href":"https:\/\/arbrea-labs.com\/de\/wp-json\/wp\/v2\/product_brand?post=17812"},{"taxonomy":"product_cat","embeddable":true,"href":"https:\/\/arbrea-labs.com\/de\/wp-json\/wp\/v2\/product_cat?post=17812"},{"taxonomy":"product_tag","embeddable":true,"href":"https:\/\/arbrea-labs.com\/de\/wp-json\/wp\/v2\/product_tag?post=17812"}],"curies":[{"name":"wp","href":"https:\/\/api.w.org\/{rel}","templated":true}]}}