{"id":17807,"date":"2022-05-19T15:47:19","date_gmt":"2022-05-19T15:47:19","guid":{"rendered":"https:\/\/arbrea-labs.com\/?post_type=product&#038;p=17807"},"modified":"2025-09-19T12:10:58","modified_gmt":"2025-09-19T10:10:58","slug":"arbrea-face-lite","status":"publish","type":"product","link":"https:\/\/arbrea-labs.com\/de\/product\/arbrea-face-lite\/","title":{"rendered":"Arbrea Gesicht LITE"},"content":{"rendered":"<p data-start=\"221\" data-end=\"621\">Arbrea Face Lite bringt die Zukunft der \u00e4sthetischen Gesichtsberatung direkt auf Ihr iPhone oder iPad. Dieses leichte und dennoch leistungsstarke Tool nutzt modernste Augmented Reality, um Chirurgen und Patienten zu helfen, Behandlungsm\u00f6glichkeiten auf interaktive, zug\u00e4ngliche und ansprechende Weise zu erkunden. Arbrea Face ben\u00f6tigt keine zus\u00e4tzliche Hardware und macht es einfach, jederzeit und \u00fcberall professionelle Ergebnisse zu liefern.<\/p>\n<h2 data-start=\"623\" data-end=\"640\">Wesentliche Merkmale<\/h2>\n<ul data-start=\"642\" data-end=\"1205\">\n<li data-start=\"642\" data-end=\"827\">\n<p data-start=\"644\" data-end=\"827\"><strong data-start=\"644\" data-end=\"675\">iPhone- und iPad-Kompatibilit\u00e4t<\/strong><br data-start=\"675\" data-end=\"678\" \/>Die Software ist so konzipiert, dass sie nahtlos auf mobilen Ger\u00e4ten funktioniert und Ihnen die Freiheit gibt, Beratungsgespr\u00e4che in der Klinik, bei Veranstaltungen oder sogar unterwegs zu f\u00fchren.<\/p>\n<\/li>\n<li data-start=\"829\" data-end=\"1023\">\n<p data-start=\"831\" data-end=\"1023\"><strong data-start=\"831\" data-end=\"849\">Live Mirror AR<\/strong><br data-start=\"849\" data-end=\"852\" \/>Schaffen Sie einen \u201cmagischen Spiegeleffekt\u201d in Echtzeit, bei dem die Patienten die potenziellen Ergebnisse direkt auf ihrem eigenen Gesicht reflektiert sehen, was die Erfahrung immersiv und eindrucksvoll macht.<\/p>\n<\/li>\n<li data-start=\"1025\" data-end=\"1205\">\n<p data-start=\"1027\" data-end=\"1205\"><strong data-start=\"1027\" data-end=\"1044\">AR-Bild-Modus<\/strong><br data-start=\"1044\" data-end=\"1047\" \/>Erfassen Sie realistische Augmented-Reality-Vorschaubilder auf statischen Bildern und erm\u00f6glichen Sie so klare Seite-an-Seite-Vergleiche und eine einfache Nachkommunikation mit Patienten.<\/p>\n<\/li>\n<\/ul>\n<h2 data-start=\"853\" data-end=\"886\">Warum Arbrea Face Lite w\u00e4hlen?<\/h2>\n<p data-start=\"1241\" data-end=\"1713\">Arbrea <a href=\"https:\/\/arbrea-labs.com\/de\/gesicht\/\">Gesicht<\/a> Lite ist die perfekte Einstiegsl\u00f6sung f\u00fcr Kliniken, die folgende Produkte integrieren m\u00f6chten <strong data-start=\"1329\" data-end=\"1376\">Augmented Reality in der Gesichtsberatung<\/strong>. Dank der mobilfreundlichen Einrichtung ist die Software \u00e4u\u00dferst anpassungsf\u00e4hig, und die intuitive Benutzeroberfl\u00e4che sorgt daf\u00fcr, dass sich sowohl Chirurgen als auch Patienten auf das Wesentliche konzentrieren k\u00f6nnen: die Visualisierung der Ergebnisse mit Klarheit und Vertrauen. Arbrea Face Lite hilft Patienten, ihre Optionen besser zu verstehen, und unterst\u00fctzt damit <strong data-start=\"1656\" data-end=\"1710\">Vertrauen, Transparenz und verbesserte Konversionsraten<\/strong>.<\/p>","protected":false},"excerpt":{"rendered":"<p data-start=\"1234\" data-end=\"1314\"><strong data-start=\"1234\" data-end=\"1312\">Das unverzichtbare AR-Tool f\u00fcr einfache, ansprechende und mobile Gesichtsberatungen.<br \/>\n<\/strong><\/p>\n<ul>\n<li>iPhone- und iPad-Nutzung<\/li>\n<li>Live Mirror AR<\/li>\n<li>AR-Bild-Modus<strong data-start=\"1234\" data-end=\"1312\"><br \/>\n<\/strong><\/li>\n<\/ul>","protected":false},"featured_media":53808,"template":"","meta":[],"product_brand":[],"product_cat":[255],"product_tag":[260,258,259],"class_list":{"0":"post-17807","1":"product","2":"type-product","3":"status-publish","4":"has-post-thumbnail","5":"product_cat-arbrea-face-tool","6":"product_tag-arbrea-face-advanced","7":"product_tag-arbrea-face-tool","8":"product_tag-face-simulator","10":"first","11":"instock","12":"taxable","13":"shipping-taxable","14":"purchasable","15":"product-type-variable-subscription"},"yoast_head":"<!-- This site is optimized with the Yoast SEO Premium plugin v27.3 (Yoast SEO v27.4) - https:\/\/yoast.com\/product\/yoast-seo-premium-wordpress\/ -->\n<title>Arbrea Face LITE - Arbrea Labs<\/title>\n<meta name=\"description\" content=\"Arbrea Face LITE: mobile AR tool for iPhone &amp; iPad with Live Mirror and AR Image Mode to enhance patient consultations and boost conversions\" \/>\n<meta name=\"robots\" content=\"index, follow, max-snippet:-1, max-image-preview:large, max-video-preview:-1\" \/>\n<link rel=\"canonical\" href=\"https:\/\/arbrea-labs.com\/de\/produkt\/arbrea-face-lite\/\" \/>\n<meta property=\"og:locale\" content=\"de_DE\" \/>\n<meta property=\"og:type\" content=\"article\" \/>\n<meta property=\"og:title\" content=\"Arbrea Face LITE\" \/>\n<meta property=\"og:description\" content=\"Arbrea Face LITE: mobile AR tool for iPhone &amp; iPad with Live Mirror and AR Image Mode to enhance patient consultations and boost conversions\" \/>\n<meta property=\"og:url\" content=\"https:\/\/arbrea-labs.com\/de\/produkt\/arbrea-face-lite\/\" \/>\n<meta property=\"og:site_name\" content=\"Arbrea Labs\" \/>\n<meta property=\"article:publisher\" content=\"https:\/\/www.facebook.com\/arbrealabs\" \/>\n<meta property=\"article:modified_time\" content=\"2025-09-19T10:10:58+00:00\" \/>\n<meta property=\"og:image\" content=\"https:\/\/arbrea-labs.com\/wp-content\/uploads\/2022\/05\/9.png\" \/>\n\t<meta property=\"og:image:width\" content=\"1080\" \/>\n\t<meta property=\"og:image:height\" content=\"1080\" \/>\n\t<meta property=\"og:image:type\" content=\"image\/png\" \/>\n<meta name=\"twitter:card\" content=\"summary_large_image\" \/>\n<meta name=\"twitter:label1\" content=\"Gesch\u00e4tzte Lesezeit\" \/>\n\t<meta name=\"twitter:data1\" content=\"2\u00a0Minuten\" \/>\n<script type=\"application\/ld+json\" class=\"yoast-schema-graph\">{\"@context\":\"https:\\\/\\\/schema.org\",\"@graph\":[{\"@type\":\"WebPage\",\"@id\":\"https:\\\/\\\/arbrea-labs.com\\\/product\\\/arbrea-face-lite\\\/\",\"url\":\"https:\\\/\\\/arbrea-labs.com\\\/product\\\/arbrea-face-lite\\\/\",\"name\":\"Arbrea Face LITE - Arbrea Labs\",\"isPartOf\":{\"@id\":\"https:\\\/\\\/arbrea-labs.com\\\/#website\"},\"primaryImageOfPage\":{\"@id\":\"https:\\\/\\\/arbrea-labs.com\\\/product\\\/arbrea-face-lite\\\/#primaryimage\"},\"image\":{\"@id\":\"https:\\\/\\\/arbrea-labs.com\\\/product\\\/arbrea-face-lite\\\/#primaryimage\"},\"thumbnailUrl\":\"https:\\\/\\\/arbrea-labs.com\\\/wp-content\\\/uploads\\\/2022\\\/05\\\/9.png\",\"datePublished\":\"2022-05-19T15:47:19+00:00\",\"dateModified\":\"2025-09-19T10:10:58+00:00\",\"description\":\"Arbrea Face LITE: mobile AR tool for iPhone & iPad with Live Mirror and AR Image Mode to enhance patient consultations and boost conversions\",\"breadcrumb\":{\"@id\":\"https:\\\/\\\/arbrea-labs.com\\\/product\\\/arbrea-face-lite\\\/#breadcrumb\"},\"inLanguage\":\"de\",\"potentialAction\":[{\"@type\":\"ReadAction\",\"target\":[\"https:\\\/\\\/arbrea-labs.com\\\/product\\\/arbrea-face-lite\\\/\"]}]},{\"@type\":\"ImageObject\",\"inLanguage\":\"de\",\"@id\":\"https:\\\/\\\/arbrea-labs.com\\\/product\\\/arbrea-face-lite\\\/#primaryimage\",\"url\":\"https:\\\/\\\/arbrea-labs.com\\\/wp-content\\\/uploads\\\/2022\\\/05\\\/9.png\",\"contentUrl\":\"https:\\\/\\\/arbrea-labs.com\\\/wp-content\\\/uploads\\\/2022\\\/05\\\/9.png\",\"width\":1080,\"height\":1080,\"caption\":\"Arbrea Face LITE\"},{\"@type\":\"BreadcrumbList\",\"@id\":\"https:\\\/\\\/arbrea-labs.com\\\/product\\\/arbrea-face-lite\\\/#breadcrumb\",\"itemListElement\":[{\"@type\":\"ListItem\",\"position\":1,\"name\":\"Home\",\"item\":\"https:\\\/\\\/arbrea-labs.com\\\/\"},{\"@type\":\"ListItem\",\"position\":2,\"name\":\"Shop\",\"item\":\"https:\\\/\\\/arbrea-labs.com\\\/shop\\\/\"},{\"@type\":\"ListItem\",\"position\":3,\"name\":\"Arbrea Face LITE\"}]},{\"@type\":\"WebSite\",\"@id\":\"https:\\\/\\\/arbrea-labs.com\\\/#website\",\"url\":\"https:\\\/\\\/arbrea-labs.com\\\/\",\"name\":\"Arbrea Labs\",\"description\":\"Augmented Reality &amp; 3D Solutions for Aesthetics\",\"publisher\":{\"@id\":\"https:\\\/\\\/arbrea-labs.com\\\/#organization\"},\"alternateName\":\"Arbrea\",\"potentialAction\":[{\"@type\":\"SearchAction\",\"target\":{\"@type\":\"EntryPoint\",\"urlTemplate\":\"https:\\\/\\\/arbrea-labs.com\\\/?s={search_term_string}\"},\"query-input\":{\"@type\":\"PropertyValueSpecification\",\"valueRequired\":true,\"valueName\":\"search_term_string\"}}],\"inLanguage\":\"de\"},{\"@type\":\"Organization\",\"@id\":\"https:\\\/\\\/arbrea-labs.com\\\/#organization\",\"name\":\"Arbrea Labs\",\"alternateName\":\"Arbrea\",\"url\":\"https:\\\/\\\/arbrea-labs.com\\\/\",\"logo\":{\"@type\":\"ImageObject\",\"inLanguage\":\"de\",\"@id\":\"https:\\\/\\\/arbrea-labs.com\\\/#\\\/schema\\\/logo\\\/image\\\/\",\"url\":\"https:\\\/\\\/arbrea-labs.com\\\/wp-content\\\/uploads\\\/2022\\\/01\\\/logo_arbrea_LABS-01-1-e1641392734450.png\",\"contentUrl\":\"https:\\\/\\\/arbrea-labs.com\\\/wp-content\\\/uploads\\\/2022\\\/01\\\/logo_arbrea_LABS-01-1-e1641392734450.png\",\"width\":2000,\"height\":750,\"caption\":\"Arbrea Labs\"},\"image\":{\"@id\":\"https:\\\/\\\/arbrea-labs.com\\\/#\\\/schema\\\/logo\\\/image\\\/\"},\"sameAs\":[\"https:\\\/\\\/www.facebook.com\\\/arbrealabs\",\"https:\\\/\\\/www.instagram.com\\\/arbrealabs\\\/\",\"https:\\\/\\\/www.linkedin.com\\\/company\\\/arbrea-labs-ag\\\/\",\"https:\\\/\\\/www.youtube.com\\\/channel\\\/UCbHN9gofXJv8rMAHcAguTcg\"],\"description\":\"Arbrea Labs leads the way in blending advanced AI technology with personalized healthcare. Our fast, simple and safe Augmented Reality & 3D simulators optimize consultations, saving time and enhancing patient education. Meanwhile, our AR-driven marketing booster enhances patient journeys, maximizing marketing ROI and fostering efficient lead generation. Join us as we shape the future of aesthetic healthcare.\",\"email\":\"info@arbrea-labs.com\",\"legalName\":\"Arbrea Labs AG\",\"foundingDate\":\"2018-03-04\",\"vatID\":\"CHE-292.633.177\",\"numberOfEmployees\":{\"@type\":\"QuantitativeValue\",\"minValue\":\"11\",\"maxValue\":\"50\"}}]}<\/script>\n<!-- \/ Yoast SEO Premium plugin. -->","yoast_head_json":{"title":"Arbrea Gesicht LITE - Arbrea Labs","description":"Arbrea Face LITE: mobiles AR-Tool f\u00fcr iPhone &amp; iPad mit Live Mirror und AR Image Mode zur Verbesserung von Patientengespr\u00e4chen und Steigerung der Konversionsrate","robots":{"index":"index","follow":"follow","max-snippet":"max-snippet:-1","max-image-preview":"max-image-preview:large","max-video-preview":"max-video-preview:-1"},"canonical":"https:\/\/arbrea-labs.com\/de\/produkt\/arbrea-face-lite\/","og_locale":"de_DE","og_type":"article","og_title":"Arbrea Face LITE","og_description":"Arbrea Face LITE: mobile AR tool for iPhone & iPad with Live Mirror and AR Image Mode to enhance patient consultations and boost conversions","og_url":"https:\/\/arbrea-labs.com\/de\/produkt\/arbrea-face-lite\/","og_site_name":"Arbrea Labs","article_publisher":"https:\/\/www.facebook.com\/arbrealabs","article_modified_time":"2025-09-19T10:10:58+00:00","og_image":[{"width":1080,"height":1080,"url":"https:\/\/arbrea-labs.com\/wp-content\/uploads\/2022\/05\/9.png","type":"image\/png"}],"twitter_card":"summary_large_image","twitter_misc":{"Gesch\u00e4tzte Lesezeit":"2\u00a0Minuten"},"schema":{"@context":"https:\/\/schema.org","@graph":[{"@type":"WebPage","@id":"https:\/\/arbrea-labs.com\/product\/arbrea-face-lite\/","url":"https:\/\/arbrea-labs.com\/product\/arbrea-face-lite\/","name":"Arbrea Gesicht LITE - Arbrea Labs","isPartOf":{"@id":"https:\/\/arbrea-labs.com\/#website"},"primaryImageOfPage":{"@id":"https:\/\/arbrea-labs.com\/product\/arbrea-face-lite\/#primaryimage"},"image":{"@id":"https:\/\/arbrea-labs.com\/product\/arbrea-face-lite\/#primaryimage"},"thumbnailUrl":"https:\/\/arbrea-labs.com\/wp-content\/uploads\/2022\/05\/9.png","datePublished":"2022-05-19T15:47:19+00:00","dateModified":"2025-09-19T10:10:58+00:00","description":"Arbrea Face LITE: mobiles AR-Tool f\u00fcr iPhone &amp; iPad mit Live Mirror und AR Image Mode zur Verbesserung von Patientengespr\u00e4chen und Steigerung der Konversionsrate","breadcrumb":{"@id":"https:\/\/arbrea-labs.com\/product\/arbrea-face-lite\/#breadcrumb"},"inLanguage":"de","potentialAction":[{"@type":"ReadAction","target":["https:\/\/arbrea-labs.com\/product\/arbrea-face-lite\/"]}]},{"@type":"ImageObject","inLanguage":"de","@id":"https:\/\/arbrea-labs.com\/product\/arbrea-face-lite\/#primaryimage","url":"https:\/\/arbrea-labs.com\/wp-content\/uploads\/2022\/05\/9.png","contentUrl":"https:\/\/arbrea-labs.com\/wp-content\/uploads\/2022\/05\/9.png","width":1080,"height":1080,"caption":"Arbrea Face LITE"},{"@type":"BreadcrumbList","@id":"https:\/\/arbrea-labs.com\/product\/arbrea-face-lite\/#breadcrumb","itemListElement":[{"@type":"ListItem","position":1,"name":"Home","item":"https:\/\/arbrea-labs.com\/"},{"@type":"ListItem","position":2,"name":"Shop","item":"https:\/\/arbrea-labs.com\/shop\/"},{"@type":"ListItem","position":3,"name":"Arbrea Face LITE"}]},{"@type":"WebSite","@id":"https:\/\/arbrea-labs.com\/#website","url":"https:\/\/arbrea-labs.com\/","name":"Arbrea-Labore","description":"Augmented Reality &amp; 3D-L\u00f6sungen f\u00fcr die \u00c4sthetik","publisher":{"@id":"https:\/\/arbrea-labs.com\/#organization"},"alternateName":"Arbrea","potentialAction":[{"@type":"SearchAction","target":{"@type":"EntryPoint","urlTemplate":"https:\/\/arbrea-labs.com\/?s={search_term_string}"},"query-input":{"@type":"PropertyValueSpecification","valueRequired":true,"valueName":"search_term_string"}}],"inLanguage":"de"},{"@type":"Organization","@id":"https:\/\/arbrea-labs.com\/#organization","name":"Arbrea-Labore","alternateName":"Arbrea","url":"https:\/\/arbrea-labs.com\/","logo":{"@type":"ImageObject","inLanguage":"de","@id":"https:\/\/arbrea-labs.com\/#\/schema\/logo\/image\/","url":"https:\/\/arbrea-labs.com\/wp-content\/uploads\/2022\/01\/logo_arbrea_LABS-01-1-e1641392734450.png","contentUrl":"https:\/\/arbrea-labs.com\/wp-content\/uploads\/2022\/01\/logo_arbrea_LABS-01-1-e1641392734450.png","width":2000,"height":750,"caption":"Arbrea Labs"},"image":{"@id":"https:\/\/arbrea-labs.com\/#\/schema\/logo\/image\/"},"sameAs":["https:\/\/www.facebook.com\/arbrealabs","https:\/\/www.instagram.com\/arbrealabs\/","https:\/\/www.linkedin.com\/company\/arbrea-labs-ag\/","https:\/\/www.youtube.com\/channel\/UCbHN9gofXJv8rMAHcAguTcg"],"description":"Arbrea Labs ist f\u00fchrend in der Verbindung von fortschrittlicher KI-Technologie mit personalisierter Medizin. Unsere schnellen, einfachen und sicheren Augmented Reality- und 3D-Simulatoren optimieren Beratungsgespr\u00e4che, sparen Zeit und verbessern die Patientenaufkl\u00e4rung. Gleichzeitig verbessert unser AR-gesteuerter Marketing-Booster die Patientenreise, maximiert den Marketing-ROI und f\u00f6rdert die effiziente Lead-Generierung. Gestalten Sie mit uns die Zukunft der \u00e4sthetischen Medizin.","email":"info@arbrea-labs.com","legalName":"Arbrea Labs AG","foundingDate":"2018-03-04","vatID":"CHE-292.633.177","numberOfEmployees":{"@type":"QuantitativeValue","minValue":"11","maxValue":"50"}}]}},"_links":{"self":[{"href":"https:\/\/arbrea-labs.com\/de\/wp-json\/wp\/v2\/product\/17807","targetHints":{"allow":["GET"]}}],"collection":[{"href":"https:\/\/arbrea-labs.com\/de\/wp-json\/wp\/v2\/product"}],"about":[{"href":"https:\/\/arbrea-labs.com\/de\/wp-json\/wp\/v2\/types\/product"}],"wp:featuredmedia":[{"embeddable":true,"href":"https:\/\/arbrea-labs.com\/de\/wp-json\/wp\/v2\/media\/53808"}],"wp:attachment":[{"href":"https:\/\/arbrea-labs.com\/de\/wp-json\/wp\/v2\/media?parent=17807"}],"wp:term":[{"taxonomy":"product_brand","embeddable":true,"href":"https:\/\/arbrea-labs.com\/de\/wp-json\/wp\/v2\/product_brand?post=17807"},{"taxonomy":"product_cat","embeddable":true,"href":"https:\/\/arbrea-labs.com\/de\/wp-json\/wp\/v2\/product_cat?post=17807"},{"taxonomy":"product_tag","embeddable":true,"href":"https:\/\/arbrea-labs.com\/de\/wp-json\/wp\/v2\/product_tag?post=17807"}],"curies":[{"name":"wp","href":"https:\/\/api.w.org\/{rel}","templated":true}]}}