{"id":17795,"date":"2022-05-18T11:31:37","date_gmt":"2022-05-18T11:31:37","guid":{"rendered":"https:\/\/arbrea-labs.com\/?post_type=product&#038;p=17795"},"modified":"2025-09-19T10:59:13","modified_gmt":"2025-09-19T08:59:13","slug":"arbrea-breast-pro","status":"publish","type":"product","link":"https:\/\/arbrea-labs.com\/de\/product\/arbrea-breast-pro\/","title":{"rendered":"Arbrea Brust PRO"},"content":{"rendered":"<p data-start=\"133\" data-end=\"181\"><strong data-start=\"133\" data-end=\"179\">Professionell. Vollst\u00e4ndig. Umstellungsorientiert.<\/strong><\/p>\n<p data-start=\"183\" data-end=\"569\">Arbrea Breast Pro ist die ultimative L\u00f6sung f\u00fcr Chirurgen, die fortschrittliche 3D- und AR-Technologie mit Tools zur Patientenbindung kombinieren m\u00f6chten, die das Wachstum der Klinik f\u00f6rdern. Neben personalisiertem Service, pr\u00e4zisen Simulationen und vollst\u00e4ndigem Zugriff auf den Implantatkatalog integriert Arbrea Pro <strong data-start=\"455\" data-end=\"477\"><a href=\"https:\/\/arbrea-labs.com\/de\/lindapp\/\">Lindapp<\/a> f\u00fcr Brust<\/strong>, die patientenorientierte App, die dabei hilft, qualifizierte Leads zu gewinnen und die Konversionsrate zu erh\u00f6hen.<\/p>\n<h2 data-start=\"571\" data-end=\"588\">Wesentliche Merkmale<\/h2>\n<ul data-start=\"590\" data-end=\"1420\">\n<li data-start=\"590\" data-end=\"696\">\n<p data-start=\"592\" data-end=\"696\"><strong data-start=\"592\" data-end=\"616\">Personalisierter Service<\/strong><br data-start=\"616\" data-end=\"619\" \/>Engagierte Einarbeitung und Unterst\u00fctzung, um den maximalen Nutzen f\u00fcr Ihre Klinik zu gew\u00e4hrleisten.<\/p>\n<\/li>\n<li data-start=\"698\" data-end=\"810\">\n<p data-start=\"700\" data-end=\"810\"><strong data-start=\"700\" data-end=\"737\">3D-Brustvergr\u00f6\u00dferungs-Simulation<\/strong><br data-start=\"737\" data-end=\"740\" \/>Bieten Sie den Patienten eine realistische Vorschau auf die Ergebnisse der Augmentation.<\/p>\n<\/li>\n<li data-start=\"812\" data-end=\"928\">\n<p data-start=\"814\" data-end=\"928\"><strong data-start=\"814\" data-end=\"848\">3D-Brustverkleinerungs-Simulation<\/strong><br data-start=\"848\" data-end=\"851\" \/>Zeigen Sie genaue Reduktionsergebnisse an, damit die Patienten fundierte Entscheidungen treffen k\u00f6nnen.<\/p>\n<\/li>\n<li data-start=\"930\" data-end=\"1031\">\n<p data-start=\"932\" data-end=\"1031\"><strong data-start=\"932\" data-end=\"958\">Vollst\u00e4ndiger Implantat-Katalog<\/strong><br data-start=\"958\" data-end=\"961\" \/>Zugang zu allen auf dem Markt befindlichen Implantatmarken f\u00fcr ma\u00dfgeschneiderte Behandlungspl\u00e4ne.<\/p>\n<\/li>\n<li data-start=\"1033\" data-end=\"1139\">\n<p data-start=\"1035\" data-end=\"1139\"><strong data-start=\"1035\" data-end=\"1056\">Erweiterte Realit\u00e4t<\/strong><br data-start=\"1056\" data-end=\"1059\" \/>Binden Sie Patienten mit Echtzeit-AR-Visualisierung f\u00fcr immersive Konsultationen ein.<\/p>\n<\/li>\n<li data-start=\"1141\" data-end=\"1258\">\n<p data-start=\"1143\" data-end=\"1258\"><strong data-start=\"1143\" data-end=\"1191\">Automatische Messungen und Volumenberechnungen<\/strong><br data-start=\"1191\" data-end=\"1194\" \/>Sparen Sie Zeit und verbessern Sie die Genauigkeit mit sofortigen anatomischen Daten.<\/p>\n<\/li>\n<li data-start=\"1260\" data-end=\"1420\">\n<p data-start=\"1262\" data-end=\"1420\"><strong data-start=\"1262\" data-end=\"1300\">Lindapp for Breast (App f\u00fcr Patientinnen)<\/strong><br data-start=\"1300\" data-end=\"1303\" \/>Erfassen Sie mehr qualifizierte Leads, f\u00f6rdern Sie das Interesse der Patienten und steigern Sie die Konversionsrate mit der speziellen mobilen App von Arbrea.<\/p>\n<\/li>\n<\/ul>\n<h2 data-start=\"1422\" data-end=\"1456\">Warum Arbrea Breast Pro w\u00e4hlen?<\/h2>\n<p data-start=\"1457\" data-end=\"1755\">Arbrea Breast Pro ist f\u00fcr Kliniken konzipiert, die <strong data-start=\"1509\" data-end=\"1567\">sowohl Spitzentechnologie als auch Instrumente f\u00fcr das Unternehmenswachstum<\/strong>. Durch die Kombination von fortschrittlichen Simulationen mit den Lindapp-Funktionen zur Patienteneinbindung hilft dieser Plan den Chirurgen, st\u00e4rkere Beziehungen aufzubauen, Beratungen zu rationalisieren und Konversionen zu erh\u00f6hen.<\/p>","protected":false},"excerpt":{"rendered":"<p><strong>Die professionelle Wahl f\u00fcr Chirurgen, die ihre Praxis durch Innovation und Patientenbindung ausbauen wollen.<\/strong><\/p>\n<ul>\n<li>Personalisierter Service<\/li>\n<li>3D-Brustvergr\u00f6\u00dferungs-Simulation<\/li>\n<li>3D-Brustverkleinerungs-Simulation<\/li>\n<li>Vollst\u00e4ndiger Implantatkatalog (alle Marken)<\/li>\n<li>Erweiterte Realit\u00e4t<\/li>\n<li>Automatische anatomische Messungen<\/li>\n<li>Volumenberechnungen<\/li>\n<li>Lindapp for Breast - Patienten-App f\u00fcr Lead-Generierung &amp; Konversion<\/li>\n<\/ul>","protected":false},"featured_media":53806,"template":"","meta":[],"product_brand":[],"product_cat":[247],"product_tag":[250,251],"class_list":{"0":"post-17795","1":"product","2":"type-product","3":"status-publish","4":"has-post-thumbnail","5":"product_cat-arbrea-breast-tool","6":"product_tag-arbrea-breast-tool","7":"product_tag-breast-simulator","9":"first","10":"instock","11":"taxable","12":"shipping-taxable","13":"purchasable","14":"product-type-variable-subscription"},"yoast_head":"<!-- This site is optimized with the Yoast SEO Premium plugin v27.3 (Yoast SEO v27.4) - https:\/\/yoast.com\/product\/yoast-seo-premium-wordpress\/ -->\n<title>Arbrea Breast PRO - Arbrea Labs<\/title>\n<meta name=\"description\" content=\"Arbrea Breast Pro: the complete 3D &amp; AR solution with full implant catalogue, personalized service, and Lindapp to capture more leads and boost conversions\" \/>\n<meta name=\"robots\" content=\"index, follow, max-snippet:-1, max-image-preview:large, max-video-preview:-1\" \/>\n<link rel=\"canonical\" href=\"https:\/\/arbrea-labs.com\/de\/produkt\/arbrea-breast-pro\/\" \/>\n<meta property=\"og:locale\" content=\"de_DE\" \/>\n<meta property=\"og:type\" content=\"article\" \/>\n<meta property=\"og:title\" content=\"Arbrea Breast PRO\" \/>\n<meta property=\"og:description\" content=\"Arbrea Breast Pro: the complete 3D &amp; AR solution with full implant catalogue, personalized service, and Lindapp to capture more leads and boost conversions\" \/>\n<meta property=\"og:url\" content=\"https:\/\/arbrea-labs.com\/de\/produkt\/arbrea-breast-pro\/\" \/>\n<meta property=\"og:site_name\" content=\"Arbrea Labs\" \/>\n<meta property=\"article:publisher\" content=\"https:\/\/www.facebook.com\/arbrealabs\" \/>\n<meta property=\"article:modified_time\" content=\"2025-09-19T08:59:13+00:00\" \/>\n<meta property=\"og:image\" content=\"https:\/\/arbrea-labs.com\/wp-content\/uploads\/2022\/05\/7-1.png\" \/>\n\t<meta property=\"og:image:width\" content=\"1080\" \/>\n\t<meta property=\"og:image:height\" content=\"1080\" \/>\n\t<meta property=\"og:image:type\" content=\"image\/png\" \/>\n<meta name=\"twitter:card\" content=\"summary_large_image\" \/>\n<meta name=\"twitter:label1\" content=\"Gesch\u00e4tzte Lesezeit\" \/>\n\t<meta name=\"twitter:data1\" content=\"2\u00a0Minuten\" \/>\n<script type=\"application\/ld+json\" class=\"yoast-schema-graph\">{\"@context\":\"https:\\\/\\\/schema.org\",\"@graph\":[{\"@type\":\"WebPage\",\"@id\":\"https:\\\/\\\/arbrea-labs.com\\\/product\\\/arbrea-breast-pro\\\/\",\"url\":\"https:\\\/\\\/arbrea-labs.com\\\/product\\\/arbrea-breast-pro\\\/\",\"name\":\"Arbrea Breast PRO - Arbrea Labs\",\"isPartOf\":{\"@id\":\"https:\\\/\\\/arbrea-labs.com\\\/#website\"},\"primaryImageOfPage\":{\"@id\":\"https:\\\/\\\/arbrea-labs.com\\\/product\\\/arbrea-breast-pro\\\/#primaryimage\"},\"image\":{\"@id\":\"https:\\\/\\\/arbrea-labs.com\\\/product\\\/arbrea-breast-pro\\\/#primaryimage\"},\"thumbnailUrl\":\"https:\\\/\\\/arbrea-labs.com\\\/wp-content\\\/uploads\\\/2022\\\/05\\\/7-1.png\",\"datePublished\":\"2022-05-18T11:31:37+00:00\",\"dateModified\":\"2025-09-19T08:59:13+00:00\",\"description\":\"Arbrea Breast Pro: the complete 3D & AR solution with full implant catalogue, personalized service, and Lindapp to capture more leads and boost conversions\",\"breadcrumb\":{\"@id\":\"https:\\\/\\\/arbrea-labs.com\\\/product\\\/arbrea-breast-pro\\\/#breadcrumb\"},\"inLanguage\":\"de\",\"potentialAction\":[{\"@type\":\"ReadAction\",\"target\":[\"https:\\\/\\\/arbrea-labs.com\\\/product\\\/arbrea-breast-pro\\\/\"]}]},{\"@type\":\"ImageObject\",\"inLanguage\":\"de\",\"@id\":\"https:\\\/\\\/arbrea-labs.com\\\/product\\\/arbrea-breast-pro\\\/#primaryimage\",\"url\":\"https:\\\/\\\/arbrea-labs.com\\\/wp-content\\\/uploads\\\/2022\\\/05\\\/7-1.png\",\"contentUrl\":\"https:\\\/\\\/arbrea-labs.com\\\/wp-content\\\/uploads\\\/2022\\\/05\\\/7-1.png\",\"width\":1080,\"height\":1080,\"caption\":\"Arbrea Breast Pro\"},{\"@type\":\"BreadcrumbList\",\"@id\":\"https:\\\/\\\/arbrea-labs.com\\\/product\\\/arbrea-breast-pro\\\/#breadcrumb\",\"itemListElement\":[{\"@type\":\"ListItem\",\"position\":1,\"name\":\"Home\",\"item\":\"https:\\\/\\\/arbrea-labs.com\\\/\"},{\"@type\":\"ListItem\",\"position\":2,\"name\":\"Shop\",\"item\":\"https:\\\/\\\/arbrea-labs.com\\\/shop\\\/\"},{\"@type\":\"ListItem\",\"position\":3,\"name\":\"Arbrea Breast PRO\"}]},{\"@type\":\"WebSite\",\"@id\":\"https:\\\/\\\/arbrea-labs.com\\\/#website\",\"url\":\"https:\\\/\\\/arbrea-labs.com\\\/\",\"name\":\"Arbrea Labs\",\"description\":\"Augmented Reality &amp; 3D Solutions for Aesthetics\",\"publisher\":{\"@id\":\"https:\\\/\\\/arbrea-labs.com\\\/#organization\"},\"alternateName\":\"Arbrea\",\"potentialAction\":[{\"@type\":\"SearchAction\",\"target\":{\"@type\":\"EntryPoint\",\"urlTemplate\":\"https:\\\/\\\/arbrea-labs.com\\\/?s={search_term_string}\"},\"query-input\":{\"@type\":\"PropertyValueSpecification\",\"valueRequired\":true,\"valueName\":\"search_term_string\"}}],\"inLanguage\":\"de\"},{\"@type\":\"Organization\",\"@id\":\"https:\\\/\\\/arbrea-labs.com\\\/#organization\",\"name\":\"Arbrea Labs\",\"alternateName\":\"Arbrea\",\"url\":\"https:\\\/\\\/arbrea-labs.com\\\/\",\"logo\":{\"@type\":\"ImageObject\",\"inLanguage\":\"de\",\"@id\":\"https:\\\/\\\/arbrea-labs.com\\\/#\\\/schema\\\/logo\\\/image\\\/\",\"url\":\"https:\\\/\\\/arbrea-labs.com\\\/wp-content\\\/uploads\\\/2022\\\/01\\\/logo_arbrea_LABS-01-1-e1641392734450.png\",\"contentUrl\":\"https:\\\/\\\/arbrea-labs.com\\\/wp-content\\\/uploads\\\/2022\\\/01\\\/logo_arbrea_LABS-01-1-e1641392734450.png\",\"width\":2000,\"height\":750,\"caption\":\"Arbrea Labs\"},\"image\":{\"@id\":\"https:\\\/\\\/arbrea-labs.com\\\/#\\\/schema\\\/logo\\\/image\\\/\"},\"sameAs\":[\"https:\\\/\\\/www.facebook.com\\\/arbrealabs\",\"https:\\\/\\\/www.instagram.com\\\/arbrealabs\\\/\",\"https:\\\/\\\/www.linkedin.com\\\/company\\\/arbrea-labs-ag\\\/\",\"https:\\\/\\\/www.youtube.com\\\/channel\\\/UCbHN9gofXJv8rMAHcAguTcg\"],\"description\":\"Arbrea Labs leads the way in blending advanced AI technology with personalized healthcare. Our fast, simple and safe Augmented Reality & 3D simulators optimize consultations, saving time and enhancing patient education. Meanwhile, our AR-driven marketing booster enhances patient journeys, maximizing marketing ROI and fostering efficient lead generation. Join us as we shape the future of aesthetic healthcare.\",\"email\":\"info@arbrea-labs.com\",\"legalName\":\"Arbrea Labs AG\",\"foundingDate\":\"2018-03-04\",\"vatID\":\"CHE-292.633.177\",\"numberOfEmployees\":{\"@type\":\"QuantitativeValue\",\"minValue\":\"11\",\"maxValue\":\"50\"}}]}<\/script>\n<!-- \/ Yoast SEO Premium plugin. -->","yoast_head_json":{"title":"Arbrea Breast PRO - Arbrea Labs","description":"Arbrea Breast Pro: die komplette 3D- und AR-L\u00f6sung mit vollst\u00e4ndigem Implantatkatalog, personalisiertem Service und Lindapp, um mehr Leads zu erfassen und die Konversionsrate zu erh\u00f6hen","robots":{"index":"index","follow":"follow","max-snippet":"max-snippet:-1","max-image-preview":"max-image-preview:large","max-video-preview":"max-video-preview:-1"},"canonical":"https:\/\/arbrea-labs.com\/de\/produkt\/arbrea-breast-pro\/","og_locale":"de_DE","og_type":"article","og_title":"Arbrea Breast PRO","og_description":"Arbrea Breast Pro: the complete 3D & AR solution with full implant catalogue, personalized service, and Lindapp to capture more leads and boost conversions","og_url":"https:\/\/arbrea-labs.com\/de\/produkt\/arbrea-breast-pro\/","og_site_name":"Arbrea Labs","article_publisher":"https:\/\/www.facebook.com\/arbrealabs","article_modified_time":"2025-09-19T08:59:13+00:00","og_image":[{"width":1080,"height":1080,"url":"https:\/\/arbrea-labs.com\/wp-content\/uploads\/2022\/05\/7-1.png","type":"image\/png"}],"twitter_card":"summary_large_image","twitter_misc":{"Gesch\u00e4tzte Lesezeit":"2\u00a0Minuten"},"schema":{"@context":"https:\/\/schema.org","@graph":[{"@type":"WebPage","@id":"https:\/\/arbrea-labs.com\/product\/arbrea-breast-pro\/","url":"https:\/\/arbrea-labs.com\/product\/arbrea-breast-pro\/","name":"Arbrea Breast PRO - Arbrea Labs","isPartOf":{"@id":"https:\/\/arbrea-labs.com\/#website"},"primaryImageOfPage":{"@id":"https:\/\/arbrea-labs.com\/product\/arbrea-breast-pro\/#primaryimage"},"image":{"@id":"https:\/\/arbrea-labs.com\/product\/arbrea-breast-pro\/#primaryimage"},"thumbnailUrl":"https:\/\/arbrea-labs.com\/wp-content\/uploads\/2022\/05\/7-1.png","datePublished":"2022-05-18T11:31:37+00:00","dateModified":"2025-09-19T08:59:13+00:00","description":"Arbrea Breast Pro: die komplette 3D- und AR-L\u00f6sung mit vollst\u00e4ndigem Implantatkatalog, personalisiertem Service und Lindapp, um mehr Leads zu erfassen und die Konversionsrate zu erh\u00f6hen","breadcrumb":{"@id":"https:\/\/arbrea-labs.com\/product\/arbrea-breast-pro\/#breadcrumb"},"inLanguage":"de","potentialAction":[{"@type":"ReadAction","target":["https:\/\/arbrea-labs.com\/product\/arbrea-breast-pro\/"]}]},{"@type":"ImageObject","inLanguage":"de","@id":"https:\/\/arbrea-labs.com\/product\/arbrea-breast-pro\/#primaryimage","url":"https:\/\/arbrea-labs.com\/wp-content\/uploads\/2022\/05\/7-1.png","contentUrl":"https:\/\/arbrea-labs.com\/wp-content\/uploads\/2022\/05\/7-1.png","width":1080,"height":1080,"caption":"Arbrea Breast Pro"},{"@type":"BreadcrumbList","@id":"https:\/\/arbrea-labs.com\/product\/arbrea-breast-pro\/#breadcrumb","itemListElement":[{"@type":"ListItem","position":1,"name":"Home","item":"https:\/\/arbrea-labs.com\/"},{"@type":"ListItem","position":2,"name":"Shop","item":"https:\/\/arbrea-labs.com\/shop\/"},{"@type":"ListItem","position":3,"name":"Arbrea Breast PRO"}]},{"@type":"WebSite","@id":"https:\/\/arbrea-labs.com\/#website","url":"https:\/\/arbrea-labs.com\/","name":"Arbrea-Labore","description":"Augmented Reality &amp; 3D-L\u00f6sungen f\u00fcr die \u00c4sthetik","publisher":{"@id":"https:\/\/arbrea-labs.com\/#organization"},"alternateName":"Arbrea","potentialAction":[{"@type":"SearchAction","target":{"@type":"EntryPoint","urlTemplate":"https:\/\/arbrea-labs.com\/?s={search_term_string}"},"query-input":{"@type":"PropertyValueSpecification","valueRequired":true,"valueName":"search_term_string"}}],"inLanguage":"de"},{"@type":"Organization","@id":"https:\/\/arbrea-labs.com\/#organization","name":"Arbrea-Labore","alternateName":"Arbrea","url":"https:\/\/arbrea-labs.com\/","logo":{"@type":"ImageObject","inLanguage":"de","@id":"https:\/\/arbrea-labs.com\/#\/schema\/logo\/image\/","url":"https:\/\/arbrea-labs.com\/wp-content\/uploads\/2022\/01\/logo_arbrea_LABS-01-1-e1641392734450.png","contentUrl":"https:\/\/arbrea-labs.com\/wp-content\/uploads\/2022\/01\/logo_arbrea_LABS-01-1-e1641392734450.png","width":2000,"height":750,"caption":"Arbrea Labs"},"image":{"@id":"https:\/\/arbrea-labs.com\/#\/schema\/logo\/image\/"},"sameAs":["https:\/\/www.facebook.com\/arbrealabs","https:\/\/www.instagram.com\/arbrealabs\/","https:\/\/www.linkedin.com\/company\/arbrea-labs-ag\/","https:\/\/www.youtube.com\/channel\/UCbHN9gofXJv8rMAHcAguTcg"],"description":"Arbrea Labs ist f\u00fchrend in der Verbindung von fortschrittlicher KI-Technologie mit personalisierter Medizin. Unsere schnellen, einfachen und sicheren Augmented Reality- und 3D-Simulatoren optimieren Beratungsgespr\u00e4che, sparen Zeit und verbessern die Patientenaufkl\u00e4rung. Gleichzeitig verbessert unser AR-gesteuerter Marketing-Booster die Patientenreise, maximiert den Marketing-ROI und f\u00f6rdert die effiziente Lead-Generierung. Gestalten Sie mit uns die Zukunft der \u00e4sthetischen Medizin.","email":"info@arbrea-labs.com","legalName":"Arbrea Labs AG","foundingDate":"2018-03-04","vatID":"CHE-292.633.177","numberOfEmployees":{"@type":"QuantitativeValue","minValue":"11","maxValue":"50"}}]}},"_links":{"self":[{"href":"https:\/\/arbrea-labs.com\/de\/wp-json\/wp\/v2\/product\/17795","targetHints":{"allow":["GET"]}}],"collection":[{"href":"https:\/\/arbrea-labs.com\/de\/wp-json\/wp\/v2\/product"}],"about":[{"href":"https:\/\/arbrea-labs.com\/de\/wp-json\/wp\/v2\/types\/product"}],"wp:featuredmedia":[{"embeddable":true,"href":"https:\/\/arbrea-labs.com\/de\/wp-json\/wp\/v2\/media\/53806"}],"wp:attachment":[{"href":"https:\/\/arbrea-labs.com\/de\/wp-json\/wp\/v2\/media?parent=17795"}],"wp:term":[{"taxonomy":"product_brand","embeddable":true,"href":"https:\/\/arbrea-labs.com\/de\/wp-json\/wp\/v2\/product_brand?post=17795"},{"taxonomy":"product_cat","embeddable":true,"href":"https:\/\/arbrea-labs.com\/de\/wp-json\/wp\/v2\/product_cat?post=17795"},{"taxonomy":"product_tag","embeddable":true,"href":"https:\/\/arbrea-labs.com\/de\/wp-json\/wp\/v2\/product_tag?post=17795"}],"curies":[{"name":"wp","href":"https:\/\/api.w.org\/{rel}","templated":true}]}}