{"id":17790,"date":"2022-05-18T11:29:15","date_gmt":"2022-05-18T11:29:15","guid":{"rendered":"https:\/\/arbrea-labs.com\/?post_type=product&#038;p=17790"},"modified":"2025-09-19T10:06:11","modified_gmt":"2025-09-19T08:06:11","slug":"arbrea-breast-lite","status":"publish","type":"product","link":"https:\/\/arbrea-labs.com\/de\/product\/arbrea-breast-lite\/","title":{"rendered":"Arbrea-Brust LITE"},"content":{"rendered":"<p data-start=\"135\" data-end=\"492\">Arbrea Breast Lite ist die perfekte Einstiegsl\u00f6sung f\u00fcr Chirurgen, die schnell und einfach modernste 3D-Simulationen in ihre Konsultationen integrieren m\u00f6chten. Dieser Plan wurde so konzipiert, dass er wesentliche Tools bereitstellt und gleichzeitig die Qualit\u00e4t und Zuverl\u00e4ssigkeit der Arbrea-Technologie beibeh\u00e4lt. Er tr\u00e4gt dazu bei, das Erlebnis f\u00fcr die Patientin zu verbessern und eine fundierte Entscheidungsfindung zu unterst\u00fctzen.<\/p>\n<h2 data-start=\"494\" data-end=\"511\">Wesentliche Merkmale<\/h2>\n<ul data-start=\"513\" data-end=\"1176\">\n<li data-start=\"513\" data-end=\"698\">\n<p data-start=\"515\" data-end=\"698\"><strong data-start=\"515\" data-end=\"552\">3D-Brustvergr\u00f6\u00dferungs-Simulation<\/strong><br data-start=\"552\" data-end=\"555\" \/>Erstellen Sie im Handumdrehen realistische 3D-Visualisierungen m\u00f6glicher Ergebnisse, die den Patienten helfen, ihre Ver\u00e4nderungsm\u00f6glichkeiten zu erkennen und zu verstehen.<\/p>\n<\/li>\n<li data-start=\"700\" data-end=\"871\">\n<p data-start=\"702\" data-end=\"871\"><strong data-start=\"702\" data-end=\"738\">Implantatkatalog (Einzelmarke)<\/strong><br data-start=\"738\" data-end=\"741\" \/>Zugriff auf einen kuratierten Implantatkatalog, der auf eine Marke der Wahl des Chirurgen beschr\u00e4nkt ist und einen konzentrierten und rationalisierten Arbeitsablauf gew\u00e4hrleistet.<\/p>\n<\/li>\n<li data-start=\"873\" data-end=\"1011\">\n<p data-start=\"875\" data-end=\"1011\"><strong data-start=\"875\" data-end=\"901\">Automatische Messungen<\/strong><br data-start=\"901\" data-end=\"904\" \/>Sparen Sie Zeit mit pr\u00e4zisen, automatisierten anatomischen Messungen, die die manuelle Arbeit reduzieren und die Genauigkeit verbessern.<\/p>\n<\/li>\n<li data-start=\"1013\" data-end=\"1176\">\n<p data-start=\"1015\" data-end=\"1176\"><strong data-start=\"1015\" data-end=\"1038\">Volumenberechnungen<\/strong><br data-start=\"1038\" data-end=\"1041\" \/>Bereitstellung klarer und zuverl\u00e4ssiger Messungen des Brustvolumens f\u00fcr Patienten, um einen transparenten und vertrauensw\u00fcrdigen Beratungsprozess zu unterst\u00fctzen.<\/p>\n<\/li>\n<\/ul>\n<h2 data-start=\"1178\" data-end=\"1213\">Warum Arbrea Breast Lite w\u00e4hlen?<\/h2>\n<p data-start=\"1214\" data-end=\"1504\">Arbrea Breast Lite ist ideal f\u00fcr Chirurgen, die eine <strong data-start=\"1265\" data-end=\"1304\">kosteng\u00fcnstige, vereinfachte L\u00f6sung<\/strong> ohne Kompromisse bei der technologischen Pr\u00e4zision. Durch die Bereitstellung wichtiger Tools auf einer intuitiven Plattform erm\u00f6glicht Arbrea Ihnen, die Beratung zu verbessern, das Vertrauen der Patienten zu st\u00e4rken und die Konversionsraten zu erh\u00f6hen.<\/p>","protected":false},"excerpt":{"rendered":"<p data-start=\"282\" data-end=\"376\">Alles, was Sie brauchen, um Ihre Konsultationen mit Einfachheit und Pr\u00e4zision zu verbessern.<\/p>\n<ul>\n<li data-start=\"134\" data-end=\"171\">\n<p data-start=\"136\" data-end=\"171\">3D-Brustvergr\u00f6\u00dferungs-Simulation<\/p>\n<\/li>\n<li data-start=\"134\" data-end=\"171\">\n<p data-start=\"136\" data-end=\"171\">Implantatkatalog (Einzelmarke der Wahl)<\/p>\n<\/li>\n<li data-start=\"219\" data-end=\"256\">\n<p data-start=\"221\" data-end=\"256\">Automatische anatomische Messungen und Volumenmessungen<\/p>\n<\/li>\n<\/ul>","protected":false},"featured_media":53800,"template":"","meta":[],"product_brand":[],"product_cat":[247],"product_tag":[248,251],"class_list":{"0":"post-17790","1":"product","2":"type-product","3":"status-publish","4":"has-post-thumbnail","5":"product_cat-arbrea-breast-tool","6":"product_tag-arbrea-breast","7":"product_tag-breast-simulator","9":"first","10":"instock","11":"taxable","12":"shipping-taxable","13":"purchasable","14":"product-type-variable-subscription"},"yoast_head":"<!-- This site is optimized with the Yoast SEO Premium plugin v27.3 (Yoast SEO v27.4) - https:\/\/yoast.com\/product\/yoast-seo-premium-wordpress\/ -->\n<title>Arbrea Breast LITE - Arbrea Labs<\/title>\n<meta name=\"description\" content=\"Arbrea Breast LITE is the starter plan to have a first approach to the Arbrea ecosystem. You can simulate breast augmentation in 3D mode.\" \/>\n<meta name=\"robots\" content=\"index, follow, max-snippet:-1, max-image-preview:large, max-video-preview:-1\" \/>\n<link rel=\"canonical\" href=\"https:\/\/arbrea-labs.com\/de\/produkt\/arbrea-breast-lite\/\" \/>\n<meta property=\"og:locale\" content=\"de_DE\" \/>\n<meta property=\"og:type\" content=\"article\" \/>\n<meta property=\"og:title\" content=\"Arbrea Breast LITE\" \/>\n<meta property=\"og:description\" content=\"Arbrea Breast LITE is the starter plan to have a first approach to the Arbrea ecosystem. You can simulate breast augmentation in 3D mode.\" \/>\n<meta property=\"og:url\" content=\"https:\/\/arbrea-labs.com\/de\/produkt\/arbrea-breast-lite\/\" \/>\n<meta property=\"og:site_name\" content=\"Arbrea Labs\" \/>\n<meta property=\"article:publisher\" content=\"https:\/\/www.facebook.com\/arbrealabs\" \/>\n<meta property=\"article:modified_time\" content=\"2025-09-19T08:06:11+00:00\" \/>\n<meta property=\"og:image\" content=\"https:\/\/arbrea-labs.com\/wp-content\/uploads\/2022\/05\/1.png\" \/>\n\t<meta property=\"og:image:width\" content=\"1080\" \/>\n\t<meta property=\"og:image:height\" content=\"1080\" \/>\n\t<meta property=\"og:image:type\" content=\"image\/png\" \/>\n<meta name=\"twitter:card\" content=\"summary_large_image\" \/>\n<meta name=\"twitter:label1\" content=\"Gesch\u00e4tzte Lesezeit\" \/>\n\t<meta name=\"twitter:data1\" content=\"1\u00a0Minute\" \/>\n<script type=\"application\/ld+json\" class=\"yoast-schema-graph\">{\"@context\":\"https:\\\/\\\/schema.org\",\"@graph\":[{\"@type\":\"WebPage\",\"@id\":\"https:\\\/\\\/arbrea-labs.com\\\/product\\\/arbrea-breast-lite\\\/\",\"url\":\"https:\\\/\\\/arbrea-labs.com\\\/product\\\/arbrea-breast-lite\\\/\",\"name\":\"Arbrea Breast LITE - Arbrea Labs\",\"isPartOf\":{\"@id\":\"https:\\\/\\\/arbrea-labs.com\\\/#website\"},\"primaryImageOfPage\":{\"@id\":\"https:\\\/\\\/arbrea-labs.com\\\/product\\\/arbrea-breast-lite\\\/#primaryimage\"},\"image\":{\"@id\":\"https:\\\/\\\/arbrea-labs.com\\\/product\\\/arbrea-breast-lite\\\/#primaryimage\"},\"thumbnailUrl\":\"https:\\\/\\\/arbrea-labs.com\\\/wp-content\\\/uploads\\\/2022\\\/05\\\/1.png\",\"datePublished\":\"2022-05-18T11:29:15+00:00\",\"dateModified\":\"2025-09-19T08:06:11+00:00\",\"description\":\"Arbrea Breast LITE is the starter plan to have a first approach to the Arbrea ecosystem. You can simulate breast augmentation in 3D mode.\",\"breadcrumb\":{\"@id\":\"https:\\\/\\\/arbrea-labs.com\\\/product\\\/arbrea-breast-lite\\\/#breadcrumb\"},\"inLanguage\":\"de\",\"potentialAction\":[{\"@type\":\"ReadAction\",\"target\":[\"https:\\\/\\\/arbrea-labs.com\\\/product\\\/arbrea-breast-lite\\\/\"]}]},{\"@type\":\"ImageObject\",\"inLanguage\":\"de\",\"@id\":\"https:\\\/\\\/arbrea-labs.com\\\/product\\\/arbrea-breast-lite\\\/#primaryimage\",\"url\":\"https:\\\/\\\/arbrea-labs.com\\\/wp-content\\\/uploads\\\/2022\\\/05\\\/1.png\",\"contentUrl\":\"https:\\\/\\\/arbrea-labs.com\\\/wp-content\\\/uploads\\\/2022\\\/05\\\/1.png\",\"width\":1080,\"height\":1080,\"caption\":\"Arbrea Breast Lite\"},{\"@type\":\"BreadcrumbList\",\"@id\":\"https:\\\/\\\/arbrea-labs.com\\\/product\\\/arbrea-breast-lite\\\/#breadcrumb\",\"itemListElement\":[{\"@type\":\"ListItem\",\"position\":1,\"name\":\"Home\",\"item\":\"https:\\\/\\\/arbrea-labs.com\\\/\"},{\"@type\":\"ListItem\",\"position\":2,\"name\":\"Shop\",\"item\":\"https:\\\/\\\/arbrea-labs.com\\\/shop\\\/\"},{\"@type\":\"ListItem\",\"position\":3,\"name\":\"Arbrea Breast LITE\"}]},{\"@type\":\"WebSite\",\"@id\":\"https:\\\/\\\/arbrea-labs.com\\\/#website\",\"url\":\"https:\\\/\\\/arbrea-labs.com\\\/\",\"name\":\"Arbrea Labs\",\"description\":\"Augmented Reality &amp; 3D Solutions for Aesthetics\",\"publisher\":{\"@id\":\"https:\\\/\\\/arbrea-labs.com\\\/#organization\"},\"alternateName\":\"Arbrea\",\"potentialAction\":[{\"@type\":\"SearchAction\",\"target\":{\"@type\":\"EntryPoint\",\"urlTemplate\":\"https:\\\/\\\/arbrea-labs.com\\\/?s={search_term_string}\"},\"query-input\":{\"@type\":\"PropertyValueSpecification\",\"valueRequired\":true,\"valueName\":\"search_term_string\"}}],\"inLanguage\":\"de\"},{\"@type\":\"Organization\",\"@id\":\"https:\\\/\\\/arbrea-labs.com\\\/#organization\",\"name\":\"Arbrea Labs\",\"alternateName\":\"Arbrea\",\"url\":\"https:\\\/\\\/arbrea-labs.com\\\/\",\"logo\":{\"@type\":\"ImageObject\",\"inLanguage\":\"de\",\"@id\":\"https:\\\/\\\/arbrea-labs.com\\\/#\\\/schema\\\/logo\\\/image\\\/\",\"url\":\"https:\\\/\\\/arbrea-labs.com\\\/wp-content\\\/uploads\\\/2022\\\/01\\\/logo_arbrea_LABS-01-1-e1641392734450.png\",\"contentUrl\":\"https:\\\/\\\/arbrea-labs.com\\\/wp-content\\\/uploads\\\/2022\\\/01\\\/logo_arbrea_LABS-01-1-e1641392734450.png\",\"width\":2000,\"height\":750,\"caption\":\"Arbrea Labs\"},\"image\":{\"@id\":\"https:\\\/\\\/arbrea-labs.com\\\/#\\\/schema\\\/logo\\\/image\\\/\"},\"sameAs\":[\"https:\\\/\\\/www.facebook.com\\\/arbrealabs\",\"https:\\\/\\\/www.instagram.com\\\/arbrealabs\\\/\",\"https:\\\/\\\/www.linkedin.com\\\/company\\\/arbrea-labs-ag\\\/\",\"https:\\\/\\\/www.youtube.com\\\/channel\\\/UCbHN9gofXJv8rMAHcAguTcg\"],\"description\":\"Arbrea Labs leads the way in blending advanced AI technology with personalized healthcare. Our fast, simple and safe Augmented Reality & 3D simulators optimize consultations, saving time and enhancing patient education. Meanwhile, our AR-driven marketing booster enhances patient journeys, maximizing marketing ROI and fostering efficient lead generation. Join us as we shape the future of aesthetic healthcare.\",\"email\":\"info@arbrea-labs.com\",\"legalName\":\"Arbrea Labs AG\",\"foundingDate\":\"2018-03-04\",\"vatID\":\"CHE-292.633.177\",\"numberOfEmployees\":{\"@type\":\"QuantitativeValue\",\"minValue\":\"11\",\"maxValue\":\"50\"}}]}<\/script>\n<!-- \/ Yoast SEO Premium plugin. -->","yoast_head_json":{"title":"Arbrea Brust LITE - Arbrea Labs","description":"Arbrea Breast LITE ist der Einstiegsplan, um einen ersten Zugang zum Arbrea-\u00d6kosystem zu erhalten. Sie k\u00f6nnen eine Brustvergr\u00f6\u00dferung im 3D-Modus simulieren.","robots":{"index":"index","follow":"follow","max-snippet":"max-snippet:-1","max-image-preview":"max-image-preview:large","max-video-preview":"max-video-preview:-1"},"canonical":"https:\/\/arbrea-labs.com\/de\/produkt\/arbrea-breast-lite\/","og_locale":"de_DE","og_type":"article","og_title":"Arbrea Breast LITE","og_description":"Arbrea Breast LITE is the starter plan to have a first approach to the Arbrea ecosystem. You can simulate breast augmentation in 3D mode.","og_url":"https:\/\/arbrea-labs.com\/de\/produkt\/arbrea-breast-lite\/","og_site_name":"Arbrea Labs","article_publisher":"https:\/\/www.facebook.com\/arbrealabs","article_modified_time":"2025-09-19T08:06:11+00:00","og_image":[{"width":1080,"height":1080,"url":"https:\/\/arbrea-labs.com\/wp-content\/uploads\/2022\/05\/1.png","type":"image\/png"}],"twitter_card":"summary_large_image","twitter_misc":{"Gesch\u00e4tzte Lesezeit":"1\u00a0Minute"},"schema":{"@context":"https:\/\/schema.org","@graph":[{"@type":"WebPage","@id":"https:\/\/arbrea-labs.com\/product\/arbrea-breast-lite\/","url":"https:\/\/arbrea-labs.com\/product\/arbrea-breast-lite\/","name":"Arbrea Brust LITE - Arbrea Labs","isPartOf":{"@id":"https:\/\/arbrea-labs.com\/#website"},"primaryImageOfPage":{"@id":"https:\/\/arbrea-labs.com\/product\/arbrea-breast-lite\/#primaryimage"},"image":{"@id":"https:\/\/arbrea-labs.com\/product\/arbrea-breast-lite\/#primaryimage"},"thumbnailUrl":"https:\/\/arbrea-labs.com\/wp-content\/uploads\/2022\/05\/1.png","datePublished":"2022-05-18T11:29:15+00:00","dateModified":"2025-09-19T08:06:11+00:00","description":"Arbrea Breast LITE ist der Einstiegsplan, um einen ersten Zugang zum Arbrea-\u00d6kosystem zu erhalten. Sie k\u00f6nnen eine Brustvergr\u00f6\u00dferung im 3D-Modus simulieren.","breadcrumb":{"@id":"https:\/\/arbrea-labs.com\/product\/arbrea-breast-lite\/#breadcrumb"},"inLanguage":"de","potentialAction":[{"@type":"ReadAction","target":["https:\/\/arbrea-labs.com\/product\/arbrea-breast-lite\/"]}]},{"@type":"ImageObject","inLanguage":"de","@id":"https:\/\/arbrea-labs.com\/product\/arbrea-breast-lite\/#primaryimage","url":"https:\/\/arbrea-labs.com\/wp-content\/uploads\/2022\/05\/1.png","contentUrl":"https:\/\/arbrea-labs.com\/wp-content\/uploads\/2022\/05\/1.png","width":1080,"height":1080,"caption":"Arbrea Breast Lite"},{"@type":"BreadcrumbList","@id":"https:\/\/arbrea-labs.com\/product\/arbrea-breast-lite\/#breadcrumb","itemListElement":[{"@type":"ListItem","position":1,"name":"Home","item":"https:\/\/arbrea-labs.com\/"},{"@type":"ListItem","position":2,"name":"Shop","item":"https:\/\/arbrea-labs.com\/shop\/"},{"@type":"ListItem","position":3,"name":"Arbrea Breast LITE"}]},{"@type":"WebSite","@id":"https:\/\/arbrea-labs.com\/#website","url":"https:\/\/arbrea-labs.com\/","name":"Arbrea-Labore","description":"Augmented Reality &amp; 3D-L\u00f6sungen f\u00fcr die \u00c4sthetik","publisher":{"@id":"https:\/\/arbrea-labs.com\/#organization"},"alternateName":"Arbrea","potentialAction":[{"@type":"SearchAction","target":{"@type":"EntryPoint","urlTemplate":"https:\/\/arbrea-labs.com\/?s={search_term_string}"},"query-input":{"@type":"PropertyValueSpecification","valueRequired":true,"valueName":"search_term_string"}}],"inLanguage":"de"},{"@type":"Organization","@id":"https:\/\/arbrea-labs.com\/#organization","name":"Arbrea-Labore","alternateName":"Arbrea","url":"https:\/\/arbrea-labs.com\/","logo":{"@type":"ImageObject","inLanguage":"de","@id":"https:\/\/arbrea-labs.com\/#\/schema\/logo\/image\/","url":"https:\/\/arbrea-labs.com\/wp-content\/uploads\/2022\/01\/logo_arbrea_LABS-01-1-e1641392734450.png","contentUrl":"https:\/\/arbrea-labs.com\/wp-content\/uploads\/2022\/01\/logo_arbrea_LABS-01-1-e1641392734450.png","width":2000,"height":750,"caption":"Arbrea Labs"},"image":{"@id":"https:\/\/arbrea-labs.com\/#\/schema\/logo\/image\/"},"sameAs":["https:\/\/www.facebook.com\/arbrealabs","https:\/\/www.instagram.com\/arbrealabs\/","https:\/\/www.linkedin.com\/company\/arbrea-labs-ag\/","https:\/\/www.youtube.com\/channel\/UCbHN9gofXJv8rMAHcAguTcg"],"description":"Arbrea Labs ist f\u00fchrend in der Verbindung von fortschrittlicher KI-Technologie mit personalisierter Medizin. Unsere schnellen, einfachen und sicheren Augmented Reality- und 3D-Simulatoren optimieren Beratungsgespr\u00e4che, sparen Zeit und verbessern die Patientenaufkl\u00e4rung. Gleichzeitig verbessert unser AR-gesteuerter Marketing-Booster die Patientenreise, maximiert den Marketing-ROI und f\u00f6rdert die effiziente Lead-Generierung. Gestalten Sie mit uns die Zukunft der \u00e4sthetischen Medizin.","email":"info@arbrea-labs.com","legalName":"Arbrea Labs AG","foundingDate":"2018-03-04","vatID":"CHE-292.633.177","numberOfEmployees":{"@type":"QuantitativeValue","minValue":"11","maxValue":"50"}}]}},"_links":{"self":[{"href":"https:\/\/arbrea-labs.com\/de\/wp-json\/wp\/v2\/product\/17790","targetHints":{"allow":["GET"]}}],"collection":[{"href":"https:\/\/arbrea-labs.com\/de\/wp-json\/wp\/v2\/product"}],"about":[{"href":"https:\/\/arbrea-labs.com\/de\/wp-json\/wp\/v2\/types\/product"}],"wp:featuredmedia":[{"embeddable":true,"href":"https:\/\/arbrea-labs.com\/de\/wp-json\/wp\/v2\/media\/53800"}],"wp:attachment":[{"href":"https:\/\/arbrea-labs.com\/de\/wp-json\/wp\/v2\/media?parent=17790"}],"wp:term":[{"taxonomy":"product_brand","embeddable":true,"href":"https:\/\/arbrea-labs.com\/de\/wp-json\/wp\/v2\/product_brand?post=17790"},{"taxonomy":"product_cat","embeddable":true,"href":"https:\/\/arbrea-labs.com\/de\/wp-json\/wp\/v2\/product_cat?post=17790"},{"taxonomy":"product_tag","embeddable":true,"href":"https:\/\/arbrea-labs.com\/de\/wp-json\/wp\/v2\/product_tag?post=17790"}],"curies":[{"name":"wp","href":"https:\/\/api.w.org\/{rel}","templated":true}]}}