{"id":17785,"date":"2022-05-18T11:26:42","date_gmt":"2022-05-18T11:26:42","guid":{"rendered":"https:\/\/arbrea-labs.com\/?post_type=product&#038;p=17785"},"modified":"2025-09-19T10:50:11","modified_gmt":"2025-09-19T08:50:11","slug":"arbrea-breast-basic","status":"publish","type":"product","link":"https:\/\/arbrea-labs.com\/de\/product\/arbrea-breast-basic\/","title":{"rendered":"Arbrea-Brust BASIC"},"content":{"rendered":"<p data-start=\"250\" data-end=\"609\">Arbrea Breast Basic wurde f\u00fcr Chirurgen entwickelt, die ein leistungsf\u00e4higes und vielseitiges Tool zur Verbesserung ihrer Beratungsgespr\u00e4che w\u00fcnschen. Durch die Kombination von 3D-Brustvergr\u00f6\u00dferungs- und 3D-Brustverkleinerungssimulationen mit dem Zugriff auf den gesamten Implantatkatalog auf dem Markt bietet dieser Plan Pr\u00e4zision, Auswahl und Effizienz, um den Weg der Patientin zu verbessern und eine sichere Entscheidungsfindung zu unterst\u00fctzen.<\/p>\n<h2 data-start=\"611\" data-end=\"628\">Wesentliche Merkmale<\/h2>\n<ul data-start=\"630\" data-end=\"1194\">\n<li data-start=\"630\" data-end=\"758\">\n<p data-start=\"632\" data-end=\"758\"><strong data-start=\"632\" data-end=\"669\">3D-Brustvergr\u00f6\u00dferungs-Simulation<\/strong><br data-start=\"669\" data-end=\"672\" \/>Erstellen Sie realistische Visualisierungen von Augmentationsergebnissen, die auf jeden Patienten zugeschnitten sind.<\/p>\n<\/li>\n<li data-start=\"760\" data-end=\"874\">\n<p data-start=\"762\" data-end=\"874\"><strong data-start=\"762\" data-end=\"796\">3D-Brustverkleinerungs-Simulation<\/strong><br data-start=\"796\" data-end=\"799\" \/>Demonstration von Verkleinerungsm\u00f6glichkeiten mit genauen und klaren 3D-Ergebnissen.<\/p>\n<\/li>\n<li data-start=\"876\" data-end=\"1040\">\n<p data-start=\"878\" data-end=\"1040\"><strong data-start=\"878\" data-end=\"931\">Vollst\u00e4ndiger Implantatkatalog (alle auf dem Markt befindlichen Marken)<\/strong><br data-start=\"931\" data-end=\"934\" \/>Bieten Sie Ihren Patienten das gesamte Spektrum an Implantatoptionen f\u00fcr vollst\u00e4ndig personalisierte Behandlungspl\u00e4ne.<\/p>\n<\/li>\n<li data-start=\"1042\" data-end=\"1194\">\n<p data-start=\"1044\" data-end=\"1194\"><strong data-start=\"1044\" data-end=\"1092\">Automatische Messungen und Volumenberechnungen<\/strong><br data-start=\"1092\" data-end=\"1095\" \/>Optimieren Sie Ihren Arbeitsablauf mit pr\u00e4zisen anatomischen Messungen und zuverl\u00e4ssigen Daten zum Brustvolumen.<\/p>\n<\/li>\n<\/ul>\n<h2 data-start=\"1196\" data-end=\"1232\">Warum Arbrea Breast Basic w\u00e4hlen?<\/h2>\n<p data-start=\"1233\" data-end=\"1571\">Arbrea Breast Basic bietet eine <strong data-start=\"1262\" data-end=\"1317\">ausgewogene Kombination aus Vielseitigkeit und Zuverl\u00e4ssigkeit<\/strong>, Damit haben Chirurgen die M\u00f6glichkeit, eine Vielzahl von Verfahren zu simulieren und ihren Patientinnen die umfassendste Auswahl zu bieten. Mit seinem intuitiven Design und seiner fortschrittlichen Technologie tr\u00e4gt Arbrea Breast Basic dazu bei, das Vertrauen der Patienten und den Erfolg der Beratung zu erh\u00f6hen.<\/p>","protected":false},"excerpt":{"rendered":"<p><strong data-start=\"1775\" data-end=\"1867\">Eine Komplettl\u00f6sung, die Vertrauen, Klarheit und Flexibilit\u00e4t in jede Beratung bringt.<\/strong><\/p>\n<ul>\n<li>3D-Brustvergr\u00f6\u00dferungs-Simulation<\/li>\n<li>3D-Brustverkleinerungs-Simulation<\/li>\n<li>Vollst\u00e4ndiger Implantatkatalog (alle Marken)<\/li>\n<li>Automatische anatomische Messungen<\/li>\n<li>Volumenberechnungen<\/li>\n<\/ul>","protected":false},"featured_media":53802,"template":"","meta":[],"product_brand":[],"product_cat":[247],"product_tag":[250],"class_list":{"0":"post-17785","1":"product","2":"type-product","3":"status-publish","4":"has-post-thumbnail","5":"product_cat-arbrea-breast-tool","6":"product_tag-arbrea-breast-tool","8":"first","9":"instock","10":"taxable","11":"shipping-taxable","12":"purchasable","13":"product-type-variable-subscription"},"yoast_head":"<!-- This site is optimized with the Yoast SEO Premium plugin v27.3 (Yoast SEO v27.4) - https:\/\/yoast.com\/product\/yoast-seo-premium-wordpress\/ -->\n<title>Arbrea Breast BASIC - Arbrea Labs<\/title>\n<meta name=\"description\" content=\"Arbrea Breast Basic: complete 3D simulation for augmentation and reduction, with full implant catalogue, automatic measurements, and volume calculations.\" \/>\n<meta name=\"robots\" content=\"index, follow, max-snippet:-1, max-image-preview:large, max-video-preview:-1\" \/>\n<link rel=\"canonical\" href=\"https:\/\/arbrea-labs.com\/de\/produkt\/arbrea-breast-basic\/\" \/>\n<meta property=\"og:locale\" content=\"de_DE\" \/>\n<meta property=\"og:type\" content=\"article\" \/>\n<meta property=\"og:title\" content=\"Arbrea Breast BASIC\" \/>\n<meta property=\"og:description\" content=\"Arbrea Breast Basic: complete 3D simulation for augmentation and reduction, with full implant catalogue, automatic measurements, and volume calculations.\" \/>\n<meta property=\"og:url\" content=\"https:\/\/arbrea-labs.com\/de\/produkt\/arbrea-breast-basic\/\" \/>\n<meta property=\"og:site_name\" content=\"Arbrea Labs\" \/>\n<meta property=\"article:publisher\" content=\"https:\/\/www.facebook.com\/arbrealabs\" \/>\n<meta property=\"article:modified_time\" content=\"2025-09-19T08:50:11+00:00\" \/>\n<meta property=\"og:image\" content=\"https:\/\/arbrea-labs.com\/wp-content\/uploads\/2022\/05\/3-1.png\" \/>\n\t<meta property=\"og:image:width\" content=\"1080\" \/>\n\t<meta property=\"og:image:height\" content=\"1080\" \/>\n\t<meta property=\"og:image:type\" content=\"image\/png\" \/>\n<meta name=\"twitter:card\" content=\"summary_large_image\" \/>\n<meta name=\"twitter:label1\" content=\"Gesch\u00e4tzte Lesezeit\" \/>\n\t<meta name=\"twitter:data1\" content=\"1\u00a0Minute\" \/>\n<script type=\"application\/ld+json\" class=\"yoast-schema-graph\">{\"@context\":\"https:\\\/\\\/schema.org\",\"@graph\":[{\"@type\":\"WebPage\",\"@id\":\"https:\\\/\\\/arbrea-labs.com\\\/product\\\/arbrea-breast-basic\\\/\",\"url\":\"https:\\\/\\\/arbrea-labs.com\\\/product\\\/arbrea-breast-basic\\\/\",\"name\":\"Arbrea Breast BASIC - Arbrea Labs\",\"isPartOf\":{\"@id\":\"https:\\\/\\\/arbrea-labs.com\\\/#website\"},\"primaryImageOfPage\":{\"@id\":\"https:\\\/\\\/arbrea-labs.com\\\/product\\\/arbrea-breast-basic\\\/#primaryimage\"},\"image\":{\"@id\":\"https:\\\/\\\/arbrea-labs.com\\\/product\\\/arbrea-breast-basic\\\/#primaryimage\"},\"thumbnailUrl\":\"https:\\\/\\\/arbrea-labs.com\\\/wp-content\\\/uploads\\\/2022\\\/05\\\/3-1.png\",\"datePublished\":\"2022-05-18T11:26:42+00:00\",\"dateModified\":\"2025-09-19T08:50:11+00:00\",\"description\":\"Arbrea Breast Basic: complete 3D simulation for augmentation and reduction, with full implant catalogue, automatic measurements, and volume calculations.\",\"breadcrumb\":{\"@id\":\"https:\\\/\\\/arbrea-labs.com\\\/product\\\/arbrea-breast-basic\\\/#breadcrumb\"},\"inLanguage\":\"de\",\"potentialAction\":[{\"@type\":\"ReadAction\",\"target\":[\"https:\\\/\\\/arbrea-labs.com\\\/product\\\/arbrea-breast-basic\\\/\"]}]},{\"@type\":\"ImageObject\",\"inLanguage\":\"de\",\"@id\":\"https:\\\/\\\/arbrea-labs.com\\\/product\\\/arbrea-breast-basic\\\/#primaryimage\",\"url\":\"https:\\\/\\\/arbrea-labs.com\\\/wp-content\\\/uploads\\\/2022\\\/05\\\/3-1.png\",\"contentUrl\":\"https:\\\/\\\/arbrea-labs.com\\\/wp-content\\\/uploads\\\/2022\\\/05\\\/3-1.png\",\"width\":1080,\"height\":1080,\"caption\":\"Arbrea Breast Basic\"},{\"@type\":\"BreadcrumbList\",\"@id\":\"https:\\\/\\\/arbrea-labs.com\\\/product\\\/arbrea-breast-basic\\\/#breadcrumb\",\"itemListElement\":[{\"@type\":\"ListItem\",\"position\":1,\"name\":\"Home\",\"item\":\"https:\\\/\\\/arbrea-labs.com\\\/\"},{\"@type\":\"ListItem\",\"position\":2,\"name\":\"Shop\",\"item\":\"https:\\\/\\\/arbrea-labs.com\\\/shop\\\/\"},{\"@type\":\"ListItem\",\"position\":3,\"name\":\"Arbrea Breast BASIC\"}]},{\"@type\":\"WebSite\",\"@id\":\"https:\\\/\\\/arbrea-labs.com\\\/#website\",\"url\":\"https:\\\/\\\/arbrea-labs.com\\\/\",\"name\":\"Arbrea Labs\",\"description\":\"Augmented Reality &amp; 3D Solutions for Aesthetics\",\"publisher\":{\"@id\":\"https:\\\/\\\/arbrea-labs.com\\\/#organization\"},\"alternateName\":\"Arbrea\",\"potentialAction\":[{\"@type\":\"SearchAction\",\"target\":{\"@type\":\"EntryPoint\",\"urlTemplate\":\"https:\\\/\\\/arbrea-labs.com\\\/?s={search_term_string}\"},\"query-input\":{\"@type\":\"PropertyValueSpecification\",\"valueRequired\":true,\"valueName\":\"search_term_string\"}}],\"inLanguage\":\"de\"},{\"@type\":\"Organization\",\"@id\":\"https:\\\/\\\/arbrea-labs.com\\\/#organization\",\"name\":\"Arbrea Labs\",\"alternateName\":\"Arbrea\",\"url\":\"https:\\\/\\\/arbrea-labs.com\\\/\",\"logo\":{\"@type\":\"ImageObject\",\"inLanguage\":\"de\",\"@id\":\"https:\\\/\\\/arbrea-labs.com\\\/#\\\/schema\\\/logo\\\/image\\\/\",\"url\":\"https:\\\/\\\/arbrea-labs.com\\\/wp-content\\\/uploads\\\/2022\\\/01\\\/logo_arbrea_LABS-01-1-e1641392734450.png\",\"contentUrl\":\"https:\\\/\\\/arbrea-labs.com\\\/wp-content\\\/uploads\\\/2022\\\/01\\\/logo_arbrea_LABS-01-1-e1641392734450.png\",\"width\":2000,\"height\":750,\"caption\":\"Arbrea Labs\"},\"image\":{\"@id\":\"https:\\\/\\\/arbrea-labs.com\\\/#\\\/schema\\\/logo\\\/image\\\/\"},\"sameAs\":[\"https:\\\/\\\/www.facebook.com\\\/arbrealabs\",\"https:\\\/\\\/www.instagram.com\\\/arbrealabs\\\/\",\"https:\\\/\\\/www.linkedin.com\\\/company\\\/arbrea-labs-ag\\\/\",\"https:\\\/\\\/www.youtube.com\\\/channel\\\/UCbHN9gofXJv8rMAHcAguTcg\"],\"description\":\"Arbrea Labs leads the way in blending advanced AI technology with personalized healthcare. Our fast, simple and safe Augmented Reality & 3D simulators optimize consultations, saving time and enhancing patient education. Meanwhile, our AR-driven marketing booster enhances patient journeys, maximizing marketing ROI and fostering efficient lead generation. Join us as we shape the future of aesthetic healthcare.\",\"email\":\"info@arbrea-labs.com\",\"legalName\":\"Arbrea Labs AG\",\"foundingDate\":\"2018-03-04\",\"vatID\":\"CHE-292.633.177\",\"numberOfEmployees\":{\"@type\":\"QuantitativeValue\",\"minValue\":\"11\",\"maxValue\":\"50\"}}]}<\/script>\n<!-- \/ Yoast SEO Premium plugin. -->","yoast_head_json":{"title":"Arbrea Brust BASIC - Arbrea Labs","description":"Arbrea Breast Basic: komplette 3D-Simulation f\u00fcr Augmentation und Reduktion, mit vollst\u00e4ndigem Implantatkatalog, automatischen Messungen und Volumenberechnungen.","robots":{"index":"index","follow":"follow","max-snippet":"max-snippet:-1","max-image-preview":"max-image-preview:large","max-video-preview":"max-video-preview:-1"},"canonical":"https:\/\/arbrea-labs.com\/de\/produkt\/arbrea-breast-basic\/","og_locale":"de_DE","og_type":"article","og_title":"Arbrea Breast BASIC","og_description":"Arbrea Breast Basic: complete 3D simulation for augmentation and reduction, with full implant catalogue, automatic measurements, and volume calculations.","og_url":"https:\/\/arbrea-labs.com\/de\/produkt\/arbrea-breast-basic\/","og_site_name":"Arbrea Labs","article_publisher":"https:\/\/www.facebook.com\/arbrealabs","article_modified_time":"2025-09-19T08:50:11+00:00","og_image":[{"width":1080,"height":1080,"url":"https:\/\/arbrea-labs.com\/wp-content\/uploads\/2022\/05\/3-1.png","type":"image\/png"}],"twitter_card":"summary_large_image","twitter_misc":{"Gesch\u00e4tzte Lesezeit":"1\u00a0Minute"},"schema":{"@context":"https:\/\/schema.org","@graph":[{"@type":"WebPage","@id":"https:\/\/arbrea-labs.com\/product\/arbrea-breast-basic\/","url":"https:\/\/arbrea-labs.com\/product\/arbrea-breast-basic\/","name":"Arbrea Brust BASIC - Arbrea Labs","isPartOf":{"@id":"https:\/\/arbrea-labs.com\/#website"},"primaryImageOfPage":{"@id":"https:\/\/arbrea-labs.com\/product\/arbrea-breast-basic\/#primaryimage"},"image":{"@id":"https:\/\/arbrea-labs.com\/product\/arbrea-breast-basic\/#primaryimage"},"thumbnailUrl":"https:\/\/arbrea-labs.com\/wp-content\/uploads\/2022\/05\/3-1.png","datePublished":"2022-05-18T11:26:42+00:00","dateModified":"2025-09-19T08:50:11+00:00","description":"Arbrea Breast Basic: komplette 3D-Simulation f\u00fcr Augmentation und Reduktion, mit vollst\u00e4ndigem Implantatkatalog, automatischen Messungen und Volumenberechnungen.","breadcrumb":{"@id":"https:\/\/arbrea-labs.com\/product\/arbrea-breast-basic\/#breadcrumb"},"inLanguage":"de","potentialAction":[{"@type":"ReadAction","target":["https:\/\/arbrea-labs.com\/product\/arbrea-breast-basic\/"]}]},{"@type":"ImageObject","inLanguage":"de","@id":"https:\/\/arbrea-labs.com\/product\/arbrea-breast-basic\/#primaryimage","url":"https:\/\/arbrea-labs.com\/wp-content\/uploads\/2022\/05\/3-1.png","contentUrl":"https:\/\/arbrea-labs.com\/wp-content\/uploads\/2022\/05\/3-1.png","width":1080,"height":1080,"caption":"Arbrea Breast Basic"},{"@type":"BreadcrumbList","@id":"https:\/\/arbrea-labs.com\/product\/arbrea-breast-basic\/#breadcrumb","itemListElement":[{"@type":"ListItem","position":1,"name":"Home","item":"https:\/\/arbrea-labs.com\/"},{"@type":"ListItem","position":2,"name":"Shop","item":"https:\/\/arbrea-labs.com\/shop\/"},{"@type":"ListItem","position":3,"name":"Arbrea Breast BASIC"}]},{"@type":"WebSite","@id":"https:\/\/arbrea-labs.com\/#website","url":"https:\/\/arbrea-labs.com\/","name":"Arbrea-Labore","description":"Augmented Reality &amp; 3D-L\u00f6sungen f\u00fcr die \u00c4sthetik","publisher":{"@id":"https:\/\/arbrea-labs.com\/#organization"},"alternateName":"Arbrea","potentialAction":[{"@type":"SearchAction","target":{"@type":"EntryPoint","urlTemplate":"https:\/\/arbrea-labs.com\/?s={search_term_string}"},"query-input":{"@type":"PropertyValueSpecification","valueRequired":true,"valueName":"search_term_string"}}],"inLanguage":"de"},{"@type":"Organization","@id":"https:\/\/arbrea-labs.com\/#organization","name":"Arbrea-Labore","alternateName":"Arbrea","url":"https:\/\/arbrea-labs.com\/","logo":{"@type":"ImageObject","inLanguage":"de","@id":"https:\/\/arbrea-labs.com\/#\/schema\/logo\/image\/","url":"https:\/\/arbrea-labs.com\/wp-content\/uploads\/2022\/01\/logo_arbrea_LABS-01-1-e1641392734450.png","contentUrl":"https:\/\/arbrea-labs.com\/wp-content\/uploads\/2022\/01\/logo_arbrea_LABS-01-1-e1641392734450.png","width":2000,"height":750,"caption":"Arbrea Labs"},"image":{"@id":"https:\/\/arbrea-labs.com\/#\/schema\/logo\/image\/"},"sameAs":["https:\/\/www.facebook.com\/arbrealabs","https:\/\/www.instagram.com\/arbrealabs\/","https:\/\/www.linkedin.com\/company\/arbrea-labs-ag\/","https:\/\/www.youtube.com\/channel\/UCbHN9gofXJv8rMAHcAguTcg"],"description":"Arbrea Labs ist f\u00fchrend in der Verbindung von fortschrittlicher KI-Technologie mit personalisierter Medizin. Unsere schnellen, einfachen und sicheren Augmented Reality- und 3D-Simulatoren optimieren Beratungsgespr\u00e4che, sparen Zeit und verbessern die Patientenaufkl\u00e4rung. Gleichzeitig verbessert unser AR-gesteuerter Marketing-Booster die Patientenreise, maximiert den Marketing-ROI und f\u00f6rdert die effiziente Lead-Generierung. Gestalten Sie mit uns die Zukunft der \u00e4sthetischen Medizin.","email":"info@arbrea-labs.com","legalName":"Arbrea Labs AG","foundingDate":"2018-03-04","vatID":"CHE-292.633.177","numberOfEmployees":{"@type":"QuantitativeValue","minValue":"11","maxValue":"50"}}]}},"_links":{"self":[{"href":"https:\/\/arbrea-labs.com\/de\/wp-json\/wp\/v2\/product\/17785","targetHints":{"allow":["GET"]}}],"collection":[{"href":"https:\/\/arbrea-labs.com\/de\/wp-json\/wp\/v2\/product"}],"about":[{"href":"https:\/\/arbrea-labs.com\/de\/wp-json\/wp\/v2\/types\/product"}],"wp:featuredmedia":[{"embeddable":true,"href":"https:\/\/arbrea-labs.com\/de\/wp-json\/wp\/v2\/media\/53802"}],"wp:attachment":[{"href":"https:\/\/arbrea-labs.com\/de\/wp-json\/wp\/v2\/media?parent=17785"}],"wp:term":[{"taxonomy":"product_brand","embeddable":true,"href":"https:\/\/arbrea-labs.com\/de\/wp-json\/wp\/v2\/product_brand?post=17785"},{"taxonomy":"product_cat","embeddable":true,"href":"https:\/\/arbrea-labs.com\/de\/wp-json\/wp\/v2\/product_cat?post=17785"},{"taxonomy":"product_tag","embeddable":true,"href":"https:\/\/arbrea-labs.com\/de\/wp-json\/wp\/v2\/product_tag?post=17785"}],"curies":[{"name":"wp","href":"https:\/\/api.w.org\/{rel}","templated":true}]}}