{"id":17766,"date":"2022-05-11T14:34:52","date_gmt":"2022-05-11T14:34:52","guid":{"rendered":"https:\/\/arbrea-labs.com\/?post_type=product&#038;p=17766"},"modified":"2025-09-19T10:49:39","modified_gmt":"2025-09-19T08:49:39","slug":"arbrea-breast-advanced","status":"publish","type":"product","link":"https:\/\/arbrea-labs.com\/de\/product\/arbrea-breast-advanced\/","title":{"rendered":"Arbrea-Brust ADVANCED"},"content":{"rendered":"<p data-start=\"181\" data-end=\"529\">Arbrea Breast Advanced hebt die chirurgische Beratung mit immersiver Augmented Reality und vollst\u00e4ndig personalisiertem Service auf die n\u00e4chste Stufe. Durch die Kombination von 3D-Simulationen f\u00fcr Vergr\u00f6\u00dferungen und Verkleinerungen mit dem kompletten Implantatkatalog bietet es Chirurgen eine komplette, innovative L\u00f6sung, die das Vertrauen der Patientinnen st\u00e4rkt und die Entscheidungsfindung verbessert.<\/p>\n<h2 data-start=\"531\" data-end=\"548\">Wesentliche Merkmale<\/h2>\n<ul data-start=\"550\" data-end=\"1264\">\n<li data-start=\"550\" data-end=\"653\">\n<p data-start=\"552\" data-end=\"653\"><strong data-start=\"552\" data-end=\"576\">Personalisierter Service<\/strong><br data-start=\"576\" data-end=\"579\" \/>Ma\u00dfgeschneidertes Onboarding und engagierter Support, um Ihre Erfahrungen zu optimieren.<\/p>\n<\/li>\n<li data-start=\"655\" data-end=\"771\">\n<p data-start=\"657\" data-end=\"771\"><strong data-start=\"657\" data-end=\"694\">3D-Brustvergr\u00f6\u00dferungs-Simulation<\/strong><br data-start=\"694\" data-end=\"697\" \/>Liefern Sie realistische Visualisierungen f\u00fcr Augmentationsergebnisse in Sekundenschnelle.<\/p>\n<\/li>\n<li data-start=\"773\" data-end=\"878\">\n<p data-start=\"775\" data-end=\"878\"><strong data-start=\"775\" data-end=\"809\">3D-Brustverkleinerungs-Simulation<\/strong><br data-start=\"809\" data-end=\"812\" \/>Zeigen Sie den Patienten pr\u00e4zise und zuverl\u00e4ssige Reduktionsm\u00f6glichkeiten auf.<\/p>\n<\/li>\n<li data-start=\"880\" data-end=\"1008\">\n<p data-start=\"882\" data-end=\"1008\"><strong data-start=\"882\" data-end=\"935\">Vollst\u00e4ndiger Implantatkatalog (alle auf dem Markt befindlichen Marken)<\/strong><br data-start=\"935\" data-end=\"938\" \/>Greifen Sie auf die gesamte Palette der Implantate zu, um sie unbegrenzt zu personalisieren.<\/p>\n<\/li>\n<li data-start=\"1010\" data-end=\"1125\">\n<p data-start=\"1012\" data-end=\"1125\"><strong data-start=\"1012\" data-end=\"1033\">Erweiterte Realit\u00e4t<\/strong><br data-start=\"1033\" data-end=\"1036\" \/>Binden Sie Patienten mit Echtzeit-AR-Visualisierung f\u00fcr ein einzigartiges, interaktives Erlebnis ein.<\/p>\n<\/li>\n<li data-start=\"1127\" data-end=\"1264\">\n<p data-start=\"1129\" data-end=\"1264\"><strong data-start=\"1129\" data-end=\"1177\">Automatische Messungen und Volumenberechnungen<\/strong><br data-start=\"1177\" data-end=\"1180\" \/>Zeitersparnis durch sofortige anatomische Messungen und genaue Daten zum Brustvolumen<\/p>\n<\/li>\n<\/ul>\n<h2 data-start=\"1266\" data-end=\"1305\">Warum Arbrea Breast Advanced w\u00e4hlen?<\/h2>\n<p data-start=\"1306\" data-end=\"1656\">Arbrea Breast Advanced ist die <strong data-start=\"1336\" data-end=\"1384\">die erste Wahl f\u00fcr zukunftsorientierte Chirurgen<\/strong>. Mit Augmented Reality, vollst\u00e4ndigem Zugang zu Implantaten und personalisiertem Service bietet es Innovation und Patientenbindung auf h\u00f6chstem Niveau. Dieser Plan erm\u00f6glicht es Kliniken, ihre Beratungen zu differenzieren, eine st\u00e4rkere Patientenbindung zu schaffen und die Konversionsraten zu erh\u00f6hen.<\/p>","protected":false},"excerpt":{"rendered":"<p><strong>Die fortschrittlichste L\u00f6sung f\u00fcr immersive, patientenzentrierte Beratungsgespr\u00e4che.<\/strong><\/p>\n<ul>\n<li>Personalisierter Service<\/li>\n<li>3D-Brustvergr\u00f6\u00dferungs-Simulation<\/li>\n<li>3D-Brustverkleinerungs-Simulation<\/li>\n<li>Vollst\u00e4ndiger Implantatkatalog (alle Marken)<\/li>\n<li>Erweiterte Realit\u00e4t<\/li>\n<li>Automatische anatomische Messungen<\/li>\n<li>Volumenberechnungen<\/li>\n<\/ul>","protected":false},"featured_media":53804,"template":"","meta":[],"product_brand":[],"product_cat":[247],"product_tag":[],"class_list":{"0":"post-17766","1":"product","2":"type-product","3":"status-publish","4":"has-post-thumbnail","5":"product_cat-arbrea-breast-tool","7":"first","8":"instock","9":"taxable","10":"shipping-taxable","11":"purchasable","12":"product-type-variable-subscription"},"yoast_head":"<!-- This site is optimized with the Yoast SEO Premium plugin v27.3 (Yoast SEO v27.4) - https:\/\/yoast.com\/product\/yoast-seo-premium-wordpress\/ -->\n<title>Arbrea Breast ADVANCED - Arbrea Labs<\/title>\n<meta name=\"description\" content=\"Arbrea Breast Advanced: premium 3D and AR solution for augmentation and reduction, with full implant catalogue, personalized service, and precise measurements\" \/>\n<meta name=\"robots\" content=\"index, follow, max-snippet:-1, max-image-preview:large, max-video-preview:-1\" \/>\n<link rel=\"canonical\" href=\"https:\/\/arbrea-labs.com\/de\/produkt\/arbrea-breast-advanced\/\" \/>\n<meta property=\"og:locale\" content=\"de_DE\" \/>\n<meta property=\"og:type\" content=\"article\" \/>\n<meta property=\"og:title\" content=\"Arbrea Breast ADVANCED\" \/>\n<meta property=\"og:description\" content=\"Arbrea Breast Advanced: premium 3D and AR solution for augmentation and reduction, with full implant catalogue, personalized service, and precise measurements\" \/>\n<meta property=\"og:url\" content=\"https:\/\/arbrea-labs.com\/de\/produkt\/arbrea-breast-advanced\/\" \/>\n<meta property=\"og:site_name\" content=\"Arbrea Labs\" \/>\n<meta property=\"article:publisher\" content=\"https:\/\/www.facebook.com\/arbrealabs\" \/>\n<meta property=\"article:modified_time\" content=\"2025-09-19T08:49:39+00:00\" \/>\n<meta property=\"og:image\" content=\"https:\/\/arbrea-labs.com\/wp-content\/uploads\/2022\/05\/5-1.png\" \/>\n\t<meta property=\"og:image:width\" content=\"1080\" \/>\n\t<meta property=\"og:image:height\" content=\"1080\" \/>\n\t<meta property=\"og:image:type\" content=\"image\/png\" \/>\n<meta name=\"twitter:card\" content=\"summary_large_image\" \/>\n<meta name=\"twitter:label1\" content=\"Gesch\u00e4tzte Lesezeit\" \/>\n\t<meta name=\"twitter:data1\" content=\"1\u00a0Minute\" \/>\n<script type=\"application\/ld+json\" class=\"yoast-schema-graph\">{\"@context\":\"https:\\\/\\\/schema.org\",\"@graph\":[{\"@type\":\"WebPage\",\"@id\":\"https:\\\/\\\/arbrea-labs.com\\\/product\\\/arbrea-breast-advanced\\\/\",\"url\":\"https:\\\/\\\/arbrea-labs.com\\\/product\\\/arbrea-breast-advanced\\\/\",\"name\":\"Arbrea Breast ADVANCED - Arbrea Labs\",\"isPartOf\":{\"@id\":\"https:\\\/\\\/arbrea-labs.com\\\/#website\"},\"primaryImageOfPage\":{\"@id\":\"https:\\\/\\\/arbrea-labs.com\\\/product\\\/arbrea-breast-advanced\\\/#primaryimage\"},\"image\":{\"@id\":\"https:\\\/\\\/arbrea-labs.com\\\/product\\\/arbrea-breast-advanced\\\/#primaryimage\"},\"thumbnailUrl\":\"https:\\\/\\\/arbrea-labs.com\\\/wp-content\\\/uploads\\\/2022\\\/05\\\/5-1.png\",\"datePublished\":\"2022-05-11T14:34:52+00:00\",\"dateModified\":\"2025-09-19T08:49:39+00:00\",\"description\":\"Arbrea Breast Advanced: premium 3D and AR solution for augmentation and reduction, with full implant catalogue, personalized service, and precise measurements\",\"breadcrumb\":{\"@id\":\"https:\\\/\\\/arbrea-labs.com\\\/product\\\/arbrea-breast-advanced\\\/#breadcrumb\"},\"inLanguage\":\"de\",\"potentialAction\":[{\"@type\":\"ReadAction\",\"target\":[\"https:\\\/\\\/arbrea-labs.com\\\/product\\\/arbrea-breast-advanced\\\/\"]}]},{\"@type\":\"ImageObject\",\"inLanguage\":\"de\",\"@id\":\"https:\\\/\\\/arbrea-labs.com\\\/product\\\/arbrea-breast-advanced\\\/#primaryimage\",\"url\":\"https:\\\/\\\/arbrea-labs.com\\\/wp-content\\\/uploads\\\/2022\\\/05\\\/5-1.png\",\"contentUrl\":\"https:\\\/\\\/arbrea-labs.com\\\/wp-content\\\/uploads\\\/2022\\\/05\\\/5-1.png\",\"width\":1080,\"height\":1080,\"caption\":\"Arbrea Breast Advanced\"},{\"@type\":\"BreadcrumbList\",\"@id\":\"https:\\\/\\\/arbrea-labs.com\\\/product\\\/arbrea-breast-advanced\\\/#breadcrumb\",\"itemListElement\":[{\"@type\":\"ListItem\",\"position\":1,\"name\":\"Home\",\"item\":\"https:\\\/\\\/arbrea-labs.com\\\/\"},{\"@type\":\"ListItem\",\"position\":2,\"name\":\"Shop\",\"item\":\"https:\\\/\\\/arbrea-labs.com\\\/shop\\\/\"},{\"@type\":\"ListItem\",\"position\":3,\"name\":\"Arbrea Breast ADVANCED\"}]},{\"@type\":\"WebSite\",\"@id\":\"https:\\\/\\\/arbrea-labs.com\\\/#website\",\"url\":\"https:\\\/\\\/arbrea-labs.com\\\/\",\"name\":\"Arbrea Labs\",\"description\":\"Augmented Reality &amp; 3D Solutions for Aesthetics\",\"publisher\":{\"@id\":\"https:\\\/\\\/arbrea-labs.com\\\/#organization\"},\"alternateName\":\"Arbrea\",\"potentialAction\":[{\"@type\":\"SearchAction\",\"target\":{\"@type\":\"EntryPoint\",\"urlTemplate\":\"https:\\\/\\\/arbrea-labs.com\\\/?s={search_term_string}\"},\"query-input\":{\"@type\":\"PropertyValueSpecification\",\"valueRequired\":true,\"valueName\":\"search_term_string\"}}],\"inLanguage\":\"de\"},{\"@type\":\"Organization\",\"@id\":\"https:\\\/\\\/arbrea-labs.com\\\/#organization\",\"name\":\"Arbrea Labs\",\"alternateName\":\"Arbrea\",\"url\":\"https:\\\/\\\/arbrea-labs.com\\\/\",\"logo\":{\"@type\":\"ImageObject\",\"inLanguage\":\"de\",\"@id\":\"https:\\\/\\\/arbrea-labs.com\\\/#\\\/schema\\\/logo\\\/image\\\/\",\"url\":\"https:\\\/\\\/arbrea-labs.com\\\/wp-content\\\/uploads\\\/2022\\\/01\\\/logo_arbrea_LABS-01-1-e1641392734450.png\",\"contentUrl\":\"https:\\\/\\\/arbrea-labs.com\\\/wp-content\\\/uploads\\\/2022\\\/01\\\/logo_arbrea_LABS-01-1-e1641392734450.png\",\"width\":2000,\"height\":750,\"caption\":\"Arbrea Labs\"},\"image\":{\"@id\":\"https:\\\/\\\/arbrea-labs.com\\\/#\\\/schema\\\/logo\\\/image\\\/\"},\"sameAs\":[\"https:\\\/\\\/www.facebook.com\\\/arbrealabs\",\"https:\\\/\\\/www.instagram.com\\\/arbrealabs\\\/\",\"https:\\\/\\\/www.linkedin.com\\\/company\\\/arbrea-labs-ag\\\/\",\"https:\\\/\\\/www.youtube.com\\\/channel\\\/UCbHN9gofXJv8rMAHcAguTcg\"],\"description\":\"Arbrea Labs leads the way in blending advanced AI technology with personalized healthcare. Our fast, simple and safe Augmented Reality & 3D simulators optimize consultations, saving time and enhancing patient education. Meanwhile, our AR-driven marketing booster enhances patient journeys, maximizing marketing ROI and fostering efficient lead generation. Join us as we shape the future of aesthetic healthcare.\",\"email\":\"info@arbrea-labs.com\",\"legalName\":\"Arbrea Labs AG\",\"foundingDate\":\"2018-03-04\",\"vatID\":\"CHE-292.633.177\",\"numberOfEmployees\":{\"@type\":\"QuantitativeValue\",\"minValue\":\"11\",\"maxValue\":\"50\"}}]}<\/script>\n<!-- \/ Yoast SEO Premium plugin. -->","yoast_head_json":{"title":"Arbrea Brust ADVANCED - Arbrea Labs","description":"Arbrea Breast Advanced: hochwertige 3D- und AR-L\u00f6sung f\u00fcr die Vergr\u00f6\u00dferung und Verkleinerung, mit vollst\u00e4ndigem Implantatkatalog, pers\u00f6nlichem Service und pr\u00e4zisen Messungen","robots":{"index":"index","follow":"follow","max-snippet":"max-snippet:-1","max-image-preview":"max-image-preview:large","max-video-preview":"max-video-preview:-1"},"canonical":"https:\/\/arbrea-labs.com\/de\/produkt\/arbrea-breast-advanced\/","og_locale":"de_DE","og_type":"article","og_title":"Arbrea Breast ADVANCED","og_description":"Arbrea Breast Advanced: premium 3D and AR solution for augmentation and reduction, with full implant catalogue, personalized service, and precise measurements","og_url":"https:\/\/arbrea-labs.com\/de\/produkt\/arbrea-breast-advanced\/","og_site_name":"Arbrea Labs","article_publisher":"https:\/\/www.facebook.com\/arbrealabs","article_modified_time":"2025-09-19T08:49:39+00:00","og_image":[{"width":1080,"height":1080,"url":"https:\/\/arbrea-labs.com\/wp-content\/uploads\/2022\/05\/5-1.png","type":"image\/png"}],"twitter_card":"summary_large_image","twitter_misc":{"Gesch\u00e4tzte Lesezeit":"1\u00a0Minute"},"schema":{"@context":"https:\/\/schema.org","@graph":[{"@type":"WebPage","@id":"https:\/\/arbrea-labs.com\/product\/arbrea-breast-advanced\/","url":"https:\/\/arbrea-labs.com\/product\/arbrea-breast-advanced\/","name":"Arbrea Brust ADVANCED - Arbrea Labs","isPartOf":{"@id":"https:\/\/arbrea-labs.com\/#website"},"primaryImageOfPage":{"@id":"https:\/\/arbrea-labs.com\/product\/arbrea-breast-advanced\/#primaryimage"},"image":{"@id":"https:\/\/arbrea-labs.com\/product\/arbrea-breast-advanced\/#primaryimage"},"thumbnailUrl":"https:\/\/arbrea-labs.com\/wp-content\/uploads\/2022\/05\/5-1.png","datePublished":"2022-05-11T14:34:52+00:00","dateModified":"2025-09-19T08:49:39+00:00","description":"Arbrea Breast Advanced: hochwertige 3D- und AR-L\u00f6sung f\u00fcr die Vergr\u00f6\u00dferung und Verkleinerung, mit vollst\u00e4ndigem Implantatkatalog, pers\u00f6nlichem Service und pr\u00e4zisen Messungen","breadcrumb":{"@id":"https:\/\/arbrea-labs.com\/product\/arbrea-breast-advanced\/#breadcrumb"},"inLanguage":"de","potentialAction":[{"@type":"ReadAction","target":["https:\/\/arbrea-labs.com\/product\/arbrea-breast-advanced\/"]}]},{"@type":"ImageObject","inLanguage":"de","@id":"https:\/\/arbrea-labs.com\/product\/arbrea-breast-advanced\/#primaryimage","url":"https:\/\/arbrea-labs.com\/wp-content\/uploads\/2022\/05\/5-1.png","contentUrl":"https:\/\/arbrea-labs.com\/wp-content\/uploads\/2022\/05\/5-1.png","width":1080,"height":1080,"caption":"Arbrea Breast Advanced"},{"@type":"BreadcrumbList","@id":"https:\/\/arbrea-labs.com\/product\/arbrea-breast-advanced\/#breadcrumb","itemListElement":[{"@type":"ListItem","position":1,"name":"Home","item":"https:\/\/arbrea-labs.com\/"},{"@type":"ListItem","position":2,"name":"Shop","item":"https:\/\/arbrea-labs.com\/shop\/"},{"@type":"ListItem","position":3,"name":"Arbrea Breast ADVANCED"}]},{"@type":"WebSite","@id":"https:\/\/arbrea-labs.com\/#website","url":"https:\/\/arbrea-labs.com\/","name":"Arbrea-Labore","description":"Augmented Reality &amp; 3D-L\u00f6sungen f\u00fcr die \u00c4sthetik","publisher":{"@id":"https:\/\/arbrea-labs.com\/#organization"},"alternateName":"Arbrea","potentialAction":[{"@type":"SearchAction","target":{"@type":"EntryPoint","urlTemplate":"https:\/\/arbrea-labs.com\/?s={search_term_string}"},"query-input":{"@type":"PropertyValueSpecification","valueRequired":true,"valueName":"search_term_string"}}],"inLanguage":"de"},{"@type":"Organization","@id":"https:\/\/arbrea-labs.com\/#organization","name":"Arbrea-Labore","alternateName":"Arbrea","url":"https:\/\/arbrea-labs.com\/","logo":{"@type":"ImageObject","inLanguage":"de","@id":"https:\/\/arbrea-labs.com\/#\/schema\/logo\/image\/","url":"https:\/\/arbrea-labs.com\/wp-content\/uploads\/2022\/01\/logo_arbrea_LABS-01-1-e1641392734450.png","contentUrl":"https:\/\/arbrea-labs.com\/wp-content\/uploads\/2022\/01\/logo_arbrea_LABS-01-1-e1641392734450.png","width":2000,"height":750,"caption":"Arbrea Labs"},"image":{"@id":"https:\/\/arbrea-labs.com\/#\/schema\/logo\/image\/"},"sameAs":["https:\/\/www.facebook.com\/arbrealabs","https:\/\/www.instagram.com\/arbrealabs\/","https:\/\/www.linkedin.com\/company\/arbrea-labs-ag\/","https:\/\/www.youtube.com\/channel\/UCbHN9gofXJv8rMAHcAguTcg"],"description":"Arbrea Labs ist f\u00fchrend in der Verbindung von fortschrittlicher KI-Technologie mit personalisierter Medizin. Unsere schnellen, einfachen und sicheren Augmented Reality- und 3D-Simulatoren optimieren Beratungsgespr\u00e4che, sparen Zeit und verbessern die Patientenaufkl\u00e4rung. Gleichzeitig verbessert unser AR-gesteuerter Marketing-Booster die Patientenreise, maximiert den Marketing-ROI und f\u00f6rdert die effiziente Lead-Generierung. Gestalten Sie mit uns die Zukunft der \u00e4sthetischen Medizin.","email":"info@arbrea-labs.com","legalName":"Arbrea Labs AG","foundingDate":"2018-03-04","vatID":"CHE-292.633.177","numberOfEmployees":{"@type":"QuantitativeValue","minValue":"11","maxValue":"50"}}]}},"_links":{"self":[{"href":"https:\/\/arbrea-labs.com\/de\/wp-json\/wp\/v2\/product\/17766","targetHints":{"allow":["GET"]}}],"collection":[{"href":"https:\/\/arbrea-labs.com\/de\/wp-json\/wp\/v2\/product"}],"about":[{"href":"https:\/\/arbrea-labs.com\/de\/wp-json\/wp\/v2\/types\/product"}],"wp:featuredmedia":[{"embeddable":true,"href":"https:\/\/arbrea-labs.com\/de\/wp-json\/wp\/v2\/media\/53804"}],"wp:attachment":[{"href":"https:\/\/arbrea-labs.com\/de\/wp-json\/wp\/v2\/media?parent=17766"}],"wp:term":[{"taxonomy":"product_brand","embeddable":true,"href":"https:\/\/arbrea-labs.com\/de\/wp-json\/wp\/v2\/product_brand?post=17766"},{"taxonomy":"product_cat","embeddable":true,"href":"https:\/\/arbrea-labs.com\/de\/wp-json\/wp\/v2\/product_cat?post=17766"},{"taxonomy":"product_tag","embeddable":true,"href":"https:\/\/arbrea-labs.com\/de\/wp-json\/wp\/v2\/product_tag?post=17766"}],"curies":[{"name":"wp","href":"https:\/\/api.w.org\/{rel}","templated":true}]}}