{"id":54319,"date":"2025-11-14T13:30:48","date_gmt":"2025-11-14T12:30:48","guid":{"rendered":"https:\/\/arbrea-labs.com\/?page_id=54319"},"modified":"2025-11-14T13:32:53","modified_gmt":"2025-11-14T12:32:53","slug":"marketingspezialist","status":"publish","type":"page","link":"https:\/\/arbrea-labs.com\/de\/marketing-specialist\/","title":{"rendered":"Marketing-Spezialist"},"content":{"rendered":"<div id=\"fws_69d2b3bb2d785\"  data-column-margin=\"default\" data-midnight=\"light\" data-top-percent=\"2%\" data-bottom-percent=\"2%\"  class=\"wpb_row vc_row-fluid vc_row full-width-section has-row-bg-color\"  style=\"padding-top: calc(100vw * 0.02); padding-bottom: calc(100vw * 0.02); --row-bg-color: #00020C;\"><div class=\"row-bg-wrap\" data-bg-animation=\"none\" data-bg-animation-delay=\"\" data-bg-overlay=\"true\"><div class=\"inner-wrap row-bg-layer using-image\" ><div class=\"row-bg viewport-desktop using-image using-bg-color lazyload\" style=\"background-image: url(https:\/\/arbrea-labs.com\/wp-includes\/images\/blank.gif);background-position: center center;background-repeat: no-repeat;background-color: #00020C;\" data-background-image=\"https:\/\/arbrea-labs.com\/wp-content\/uploads\/2022\/05\/Untitled-design-16.png\"><\/div><\/div><div class=\"row-bg-overlay row-bg-layer\" style=\"background-color:#0c0c0c;  opacity: 0.3; \"><\/div><\/div><div class=\"row_col_wrap_12 col span_12 light left\">\n\t<div  class=\"vc_col-sm-2 wpb_column column_container vc_column_container col no-extra-padding inherit_tablet inherit_phone\"  data-padding-pos=\"all\" data-has-bg-color=\"false\" data-bg-color=\"\" data-bg-opacity=\"1\" data-animation=\"\" data-delay=\"0\" >\n\t\t<div class=\"vc_column-inner\" >\n\t\t\t<div class=\"wpb_wrapper\">\n\t\t\t\t\n\t\t\t<\/div> \n\t\t<\/div>\n\t<\/div> \n\n\t<div  class=\"vc_col-sm-8 wpb_column column_container vc_column_container col centered-text has-animation no-extra-padding inherit_tablet inherit_phone\"  data-padding-pos=\"all\" data-has-bg-color=\"false\" data-bg-color=\"\" data-bg-opacity=\"1\" data-animation=\"zoom-out\" data-delay=\"0\" >\n\t\t<div class=\"vc_column-inner\" >\n\t\t\t<div class=\"wpb_wrapper\">\n\t\t\t\t<h4 style=\"font-size: 20px;color: rgba(255,255,255,0.7);line-height: 36px;text-align: center;font-family:Roboto;font-weight:500;font-style:normal\" class=\"vc_custom_heading vc_do_custom_heading vc_custom_1682714540573\" >Werden Sie Teil unseres kreativen Teams<\/h4><h1 style=\"font-size: 83px;line-height: 98px;text-align: center;font-family:Roboto;font-weight:400;font-style:normal\" class=\"vc_custom_heading vc_do_custom_heading vc_custom_1763123252097\" >Marketing-Spezialist<\/h1>\n\t\t\t<\/div> \n\t\t<\/div>\n\t<\/div> \n\n\t<div  class=\"vc_col-sm-2 wpb_column column_container vc_column_container col no-extra-padding inherit_tablet inherit_phone\"  data-padding-pos=\"all\" data-has-bg-color=\"false\" data-bg-color=\"\" data-bg-opacity=\"1\" data-animation=\"\" data-delay=\"0\" >\n\t\t<div class=\"vc_column-inner\" >\n\t\t\t<div class=\"wpb_wrapper\">\n\t\t\t\t\n\t\t\t<\/div> \n\t\t<\/div>\n\t<\/div> \n<\/div><\/div>\n\t\t<div id=\"fws_69d2b3bb2dc90\"  data-column-margin=\"default\" data-midnight=\"dark\" data-top-percent=\"3%\"  class=\"wpb_row vc_row-fluid vc_row\"  style=\"padding-top: calc(100vw * 0.03); padding-bottom: 0px; \"><div class=\"row-bg-wrap\" data-bg-animation=\"none\" data-bg-animation-delay=\"\" data-bg-overlay=\"false\"><div class=\"inner-wrap row-bg-layer\" ><div class=\"row-bg viewport-desktop\"  style=\"\"><\/div><\/div><\/div><div class=\"row_col_wrap_12 col span_12 dark left\">\n\t<div  class=\"vc_col-sm-12 wpb_column column_container vc_column_container col no-extra-padding inherit_tablet inherit_phone\"  data-padding-pos=\"all\" data-has-bg-color=\"false\" data-bg-color=\"\" data-bg-opacity=\"1\" data-animation=\"\" data-delay=\"0\" >\n\t\t<div class=\"vc_column-inner\" >\n\t\t\t<div class=\"wpb_wrapper\">\n\t\t\t\t\n<div class=\"wpb_text_column wpb_content_element\" >\n\t<h2><\/h2>\n<div>\n<div class=\"p-rich_text_section\">\n<p><strong>Standort:<\/strong> Albanien - Entfernt (idealerweise Tiran\u00eb oder Durres)<br aria-hidden=\"true\" \/><strong>Typ<\/strong>: Vollzeit<\/p>\n<p><strong>Stellenbeschreibung:<\/strong><br aria-hidden=\"true\" \/>Als unser neuer Marketingspezialist spielen Sie eine Schl\u00fcsselrolle bei der Gestaltung der globalen Pr\u00e4senz von Arbrea - von der Erstellung von Inhalten und digitalen Kampagnen bis hin zu Website-Management und Markendesign.<br aria-hidden=\"true\" \/>Sie arbeiten eng mit den Vertriebs- und Produktteams zusammen, um sicherzustellen, dass unsere Botschaft konsistent und wirkungsvoll ist und mit unserer Mission \u00fcbereinstimmt, fortschrittliche Technologie einfach und sch\u00f6n zu machen.<\/p>\n<p><strong>Hauptverantwortlichkeiten<\/strong><\/p>\n<\/div>\n<ul class=\"p-rich_text_list p-rich_text_list__bullet p-rich_text_list--nested\" data-stringify-type=\"unordered-list\" data-list-tree=\"true\" data-indent=\"0\" data-border=\"0\">\n<li data-stringify-indent=\"0\" data-stringify-border=\"0\">Verwalten und aktualisieren Sie unsere WordPress-Website mit frischem, ansprechendem Inhalt und Bildmaterial.<\/li>\n<li data-stringify-indent=\"0\" data-stringify-border=\"0\">F\u00fchren Sie Google Ads-Kampagnen durch und optimieren Sie sie, verfolgen Sie die Ergebnisse mit Google Tag Manager und Google Analytics und unterst\u00fctzen Sie unsere Online-Wachstumsstrategie.<\/li>\n<li data-stringify-indent=\"0\" data-stringify-border=\"0\">Wenden Sie bew\u00e4hrte SEO-Verfahren an, um die Sichtbarkeit und Lead-Generierung zu verbessern.<\/li>\n<li data-stringify-indent=\"0\" data-stringify-border=\"0\">Erstellen Sie hochwertige visuelle Inhalte (Beitr\u00e4ge f\u00fcr soziale Medien, Pr\u00e4sentationen, Anzeigen) mit Canva - und idealerweise Figma f\u00fcr UI-bezogene Materialien.<\/li>\n<li data-stringify-indent=\"0\" data-stringify-border=\"0\">Produzieren und bearbeiten Sie kurze Videos f\u00fcr Produktdemos, Veranstaltungen und digitale Kampagnen.<\/li>\n<li data-stringify-indent=\"0\" data-stringify-border=\"0\">Arbeiten Sie mit unserem internationalen Team zusammen, um kreative Ideen zu entwickeln, die \u00c4rzte, Patienten und Partner in verschiedenen M\u00e4rkten ansprechen.<\/li>\n<li data-stringify-indent=\"0\" data-stringify-border=\"0\">Beitrag zum Brand Storytelling und zur Innovation bei der Kommunikation der Werte von Arbrea.<\/li>\n<\/ul>\n<div class=\"p-rich_text_section\"><strong>Ihr Profil<br \/>\n<\/strong><br \/>\nUnverzichtbare F\u00e4higkeiten:<\/div>\n<ul class=\"p-rich_text_list p-rich_text_list__bullet p-rich_text_list--nested\" data-stringify-type=\"unordered-list\" data-list-tree=\"true\" data-indent=\"0\" data-border=\"0\">\n<li data-stringify-indent=\"0\" data-stringify-border=\"0\">Native Level \/ Professionelles Englisch (in Wort und Schrift). M\u00dcSSIG, sonst nicht bewerben<\/li>\n<li data-stringify-indent=\"0\" data-stringify-border=\"0\">Erfahrung mit WordPress (Content Management, Updates, Plugins).<\/li>\n<li data-stringify-indent=\"0\" data-stringify-border=\"0\">Vertrautheit mit den Google Marketing Tools - Ads, Tag Manager, Analytics.<\/li>\n<li data-stringify-indent=\"0\" data-stringify-border=\"0\">Beherrschung von Grafikdesign (Canva).<\/li>\n<li data-stringify-indent=\"0\" data-stringify-border=\"0\">Kenntnisse in der Videobearbeitung (z. B. CapCut, Premiere o. \u00e4.).<\/li>\n<li data-stringify-indent=\"0\" data-stringify-border=\"0\">Grundlegendes bis mittleres SEO-Verst\u00e4ndnis.<\/li>\n<li data-stringify-indent=\"0\" data-stringify-border=\"0\">Eine Startup-Mentalit\u00e4t - proaktiv, schnell lernend, praktisch veranlagt, anpassungsf\u00e4hig und wachstumsorientiert.<\/li>\n<\/ul>\n<div class=\"p-rich_text_section\">Gut zu haben (ein gro\u00dfes Plus):<\/div>\n<ul class=\"p-rich_text_list p-rich_text_list__bullet p-rich_text_list--nested\" data-stringify-type=\"unordered-list\" data-list-tree=\"true\" data-indent=\"0\" data-border=\"0\">\n<li data-stringify-indent=\"0\" data-stringify-border=\"0\">Kenntnisse der spanischen und\/oder portugiesischen Sprache.<\/li>\n<li data-stringify-indent=\"0\" data-stringify-border=\"0\">Fr\u00fchere Erfahrungen mit FIGMA und UI\/UX<\/li>\n<li data-stringify-indent=\"0\" data-stringify-border=\"0\">Grundlegendes Verst\u00e4ndnis f\u00fcr UI\/UX.<\/li>\n<li data-stringify-indent=\"0\" data-stringify-border=\"0\">Fr\u00fchere Erfahrungen in den Bereichen Gesundheitstechnologie, Medizintechnik oder SaaS.<\/li>\n<\/ul>\n<div class=\"p-rich_text_section\"><strong>\u00a0Was wir anbieten<\/strong><\/div>\n<ul class=\"p-rich_text_list p-rich_text_list__bullet p-rich_text_list--nested\" data-stringify-type=\"unordered-list\" data-list-tree=\"true\" data-indent=\"0\" data-border=\"0\">\n<li data-stringify-indent=\"0\" data-stringify-border=\"0\">Die M\u00f6glichkeit, die Marketingstrategie eines schnell wachsenden Schweizer Startups zu gestalten.<\/li>\n<li data-stringify-indent=\"0\" data-stringify-border=\"0\">Ein kreatives und internationales Umfeld, in dem Ihre Ideen wirklich z\u00e4hlen.<\/li>\n<li data-stringify-indent=\"0\" data-stringify-border=\"0\">Flexibilit\u00e4t - M\u00f6glichkeiten der Telearbeit und eine ergebnisorientierte Kultur.<\/li>\n<li data-stringify-indent=\"0\" data-stringify-border=\"0\">Kontakt mit der Spitzentechnologie im Bereich der medizinischen \u00c4sthetik.<\/li>\n<li data-stringify-indent=\"0\" data-stringify-border=\"0\">Echte Karrierechancen in einem expandierenden globalen Unternehmen.<\/li>\n<\/ul>\n<\/div>\n<\/div>\n\n\n\n\n\t\t\t<\/div> \n\t\t<\/div>\n\t<\/div> \n<\/div><\/div>\n\t\t<div id=\"fws_69d2b3bb2e15d\"  data-column-margin=\"default\" data-midnight=\"dark\"  class=\"wpb_row vc_row-fluid vc_row\"  style=\"padding-top: 0px; padding-bottom: 0px; \"><div class=\"row-bg-wrap\" data-bg-animation=\"none\" data-bg-animation-delay=\"\" data-bg-overlay=\"false\"><div class=\"inner-wrap row-bg-layer\" ><div class=\"row-bg viewport-desktop\"  style=\"\"><\/div><\/div><\/div><div class=\"row_col_wrap_12 col span_12 dark left\">\n\t<div  class=\"vc_col-sm-12 wpb_column column_container vc_column_container col no-extra-padding inherit_tablet inherit_phone\"  data-padding-pos=\"all\" data-has-bg-color=\"false\" data-bg-color=\"\" data-bg-opacity=\"1\" data-animation=\"\" data-delay=\"0\" >\n\t\t<div class=\"vc_column-inner\" >\n\t\t\t<div class=\"wpb_wrapper\">\n\t\t\t\t\n<div class=\"wpb_text_column wpb_content_element\" >\n\t<\/div>\n\n\n\n\n\t\t\t<\/div> \n\t\t<\/div>\n\t<\/div> \n<\/div><\/div>\n\t\t<div id=\"fws_69d2b3bb2e2a1\"  data-column-margin=\"default\" data-midnight=\"dark\"  class=\"wpb_row vc_row-fluid vc_row\"  style=\"padding-top: 0px; padding-bottom: 0px; \"><div class=\"row-bg-wrap\" data-bg-animation=\"none\" data-bg-animation-delay=\"\" data-bg-overlay=\"false\"><div class=\"inner-wrap row-bg-layer\" ><div class=\"row-bg viewport-desktop\"  style=\"\"><\/div><\/div><\/div><div class=\"row_col_wrap_12 col span_12 dark left\">\n\t<div  class=\"vc_col-sm-12 wpb_column column_container vc_column_container col no-extra-padding inherit_tablet inherit_phone\"  data-padding-pos=\"all\" data-has-bg-color=\"false\" data-bg-color=\"\" data-bg-opacity=\"1\" data-animation=\"\" data-delay=\"0\" >\n\t\t<div class=\"vc_column-inner\" >\n\t\t\t<div class=\"wpb_wrapper\">\n\t\t\t\t\n\t<div class=\"wpb_raw_code wpb_raw_html wpb_content_element\" >\n\t\t<div class=\"wpb_wrapper\">\n\t\t\t<div data-tf-live=\"01JD527Y3CFHBDBHN40JFPVY2E\"><\/div><script src=\"\/\/embed.typeform.com\/next\/embed.js\"><\/script>\n\t\t<\/div>\n\t<\/div>\n\n\t\t\t<\/div> \n\t\t<\/div>\n\t<\/div> \n<\/div><\/div><!-- \/wp:post-content -->","protected":false},"excerpt":{"rendered":"Werden Sie Teil unseres kreativen TeamsMarketing Specialist Standort: Albanien - Remote (idealerweise Tiran\u00eb oder Durres)Art: Vollzeit Stellenbeschreibung:Als unser neuer Marketingspezialist spielen Sie eine Schl\u00fcsselrolle...","protected":false},"author":3,"featured_media":52833,"parent":0,"menu_order":0,"comment_status":"closed","ping_status":"closed","template":"","meta":{"footnotes":""},"class_list":["post-54319","page","type-page","status-publish","has-post-thumbnail"],"yoast_head":"<!-- This site is optimized with the Yoast SEO Premium plugin v27.3 (Yoast SEO v27.3) - https:\/\/yoast.com\/product\/yoast-seo-premium-wordpress\/ -->\n<title>Marketing Specialist - Arbrea Labs<\/title>\n<meta name=\"description\" content=\"Join our team as a marketing specialist and help shape our global presence through impactful content and digital campaigns.\" \/>\n<meta name=\"robots\" content=\"index, follow, max-snippet:-1, max-image-preview:large, max-video-preview:-1\" \/>\n<link rel=\"canonical\" href=\"https:\/\/arbrea-labs.com\/de\/marketingspezialist\/\" \/>\n<meta property=\"og:locale\" content=\"de_DE\" \/>\n<meta property=\"og:type\" content=\"article\" \/>\n<meta property=\"og:title\" content=\"Marketing Specialist\" \/>\n<meta property=\"og:description\" content=\"Join our team as a marketing specialist and help shape our global presence through impactful content and digital campaigns.\" \/>\n<meta property=\"og:url\" content=\"https:\/\/arbrea-labs.com\/de\/marketingspezialist\/\" \/>\n<meta property=\"og:site_name\" content=\"Arbrea Labs\" \/>\n<meta property=\"article:publisher\" content=\"https:\/\/www.facebook.com\/arbrealabs\" \/>\n<meta property=\"article:modified_time\" content=\"2025-11-14T12:32:53+00:00\" \/>\n<meta property=\"og:image\" content=\"https:\/\/arbrea-labs.com\/wp-content\/uploads\/2025\/04\/jason-goodman-vbxyFxlgpjM-unsplash-scaled.jpg\" \/>\n\t<meta property=\"og:image:width\" content=\"2560\" \/>\n\t<meta property=\"og:image:height\" content=\"1707\" \/>\n\t<meta property=\"og:image:type\" content=\"image\/jpeg\" \/>\n<meta name=\"twitter:card\" content=\"summary_large_image\" \/>\n<meta name=\"twitter:label1\" content=\"Gesch\u00e4tzte Lesezeit\" \/>\n\t<meta name=\"twitter:data1\" content=\"2\u00a0Minuten\" \/>\n<script type=\"application\/ld+json\" class=\"yoast-schema-graph\">{\"@context\":\"https:\\\/\\\/schema.org\",\"@graph\":[{\"@type\":\"WebPage\",\"@id\":\"https:\\\/\\\/arbrea-labs.com\\\/marketing-specialist\\\/\",\"url\":\"https:\\\/\\\/arbrea-labs.com\\\/marketing-specialist\\\/\",\"name\":\"Marketing Specialist - Arbrea Labs\",\"isPartOf\":{\"@id\":\"https:\\\/\\\/arbrea-labs.com\\\/#website\"},\"primaryImageOfPage\":{\"@id\":\"https:\\\/\\\/arbrea-labs.com\\\/marketing-specialist\\\/#primaryimage\"},\"image\":{\"@id\":\"https:\\\/\\\/arbrea-labs.com\\\/marketing-specialist\\\/#primaryimage\"},\"thumbnailUrl\":\"https:\\\/\\\/arbrea-labs.com\\\/wp-content\\\/uploads\\\/2025\\\/04\\\/jason-goodman-vbxyFxlgpjM-unsplash-scaled.jpg\",\"datePublished\":\"2025-11-14T12:30:48+00:00\",\"dateModified\":\"2025-11-14T12:32:53+00:00\",\"description\":\"Join our team as a marketing specialist and help shape our global presence through impactful content and digital campaigns.\",\"breadcrumb\":{\"@id\":\"https:\\\/\\\/arbrea-labs.com\\\/marketing-specialist\\\/#breadcrumb\"},\"inLanguage\":\"de\",\"potentialAction\":[{\"@type\":\"ReadAction\",\"target\":[\"https:\\\/\\\/arbrea-labs.com\\\/marketing-specialist\\\/\"]}]},{\"@type\":\"ImageObject\",\"inLanguage\":\"de\",\"@id\":\"https:\\\/\\\/arbrea-labs.com\\\/marketing-specialist\\\/#primaryimage\",\"url\":\"https:\\\/\\\/arbrea-labs.com\\\/wp-content\\\/uploads\\\/2025\\\/04\\\/jason-goodman-vbxyFxlgpjM-unsplash-scaled.jpg\",\"contentUrl\":\"https:\\\/\\\/arbrea-labs.com\\\/wp-content\\\/uploads\\\/2025\\\/04\\\/jason-goodman-vbxyFxlgpjM-unsplash-scaled.jpg\",\"width\":2560,\"height\":1707,\"caption\":\"marketing agency\"},{\"@type\":\"BreadcrumbList\",\"@id\":\"https:\\\/\\\/arbrea-labs.com\\\/marketing-specialist\\\/#breadcrumb\",\"itemListElement\":[{\"@type\":\"ListItem\",\"position\":1,\"name\":\"Home\",\"item\":\"https:\\\/\\\/arbrea-labs.com\\\/\"},{\"@type\":\"ListItem\",\"position\":2,\"name\":\"Marketing Specialist\"}]},{\"@type\":\"WebSite\",\"@id\":\"https:\\\/\\\/arbrea-labs.com\\\/#website\",\"url\":\"https:\\\/\\\/arbrea-labs.com\\\/\",\"name\":\"Arbrea Labs\",\"description\":\"Augmented Reality &amp; 3D Solutions for Aesthetics\",\"publisher\":{\"@id\":\"https:\\\/\\\/arbrea-labs.com\\\/#organization\"},\"alternateName\":\"Arbrea\",\"potentialAction\":[{\"@type\":\"SearchAction\",\"target\":{\"@type\":\"EntryPoint\",\"urlTemplate\":\"https:\\\/\\\/arbrea-labs.com\\\/?s={search_term_string}\"},\"query-input\":{\"@type\":\"PropertyValueSpecification\",\"valueRequired\":true,\"valueName\":\"search_term_string\"}}],\"inLanguage\":\"de\"},{\"@type\":\"Organization\",\"@id\":\"https:\\\/\\\/arbrea-labs.com\\\/#organization\",\"name\":\"Arbrea Labs\",\"alternateName\":\"Arbrea\",\"url\":\"https:\\\/\\\/arbrea-labs.com\\\/\",\"logo\":{\"@type\":\"ImageObject\",\"inLanguage\":\"de\",\"@id\":\"https:\\\/\\\/arbrea-labs.com\\\/#\\\/schema\\\/logo\\\/image\\\/\",\"url\":\"https:\\\/\\\/arbrea-labs.com\\\/wp-content\\\/uploads\\\/2022\\\/01\\\/logo_arbrea_LABS-01-1-e1641392734450.png\",\"contentUrl\":\"https:\\\/\\\/arbrea-labs.com\\\/wp-content\\\/uploads\\\/2022\\\/01\\\/logo_arbrea_LABS-01-1-e1641392734450.png\",\"width\":2000,\"height\":750,\"caption\":\"Arbrea Labs\"},\"image\":{\"@id\":\"https:\\\/\\\/arbrea-labs.com\\\/#\\\/schema\\\/logo\\\/image\\\/\"},\"sameAs\":[\"https:\\\/\\\/www.facebook.com\\\/arbrealabs\",\"https:\\\/\\\/www.instagram.com\\\/arbrealabs\\\/\",\"https:\\\/\\\/www.linkedin.com\\\/company\\\/arbrea-labs-ag\\\/\",\"https:\\\/\\\/www.youtube.com\\\/channel\\\/UCbHN9gofXJv8rMAHcAguTcg\"],\"description\":\"Arbrea Labs leads the way in blending advanced AI technology with personalized healthcare. Our fast, simple and safe Augmented Reality & 3D simulators optimize consultations, saving time and enhancing patient education. Meanwhile, our AR-driven marketing booster enhances patient journeys, maximizing marketing ROI and fostering efficient lead generation. Join us as we shape the future of aesthetic healthcare.\",\"email\":\"info@arbrea-labs.com\",\"legalName\":\"Arbrea Labs AG\",\"foundingDate\":\"2018-03-04\",\"vatID\":\"CHE-292.633.177\",\"numberOfEmployees\":{\"@type\":\"QuantitativeValue\",\"minValue\":\"11\",\"maxValue\":\"50\"}}]}<\/script>\n<!-- \/ Yoast SEO Premium plugin. -->","yoast_head_json":{"title":"Marketing-Spezialist - Arbrea Labs","description":"Werden Sie Teil unseres Teams als Marketingspezialist und helfen Sie mit, unsere globale Pr\u00e4senz durch wirkungsvolle Inhalte und digitale Kampagnen zu gestalten.","robots":{"index":"index","follow":"follow","max-snippet":"max-snippet:-1","max-image-preview":"max-image-preview:large","max-video-preview":"max-video-preview:-1"},"canonical":"https:\/\/arbrea-labs.com\/de\/marketingspezialist\/","og_locale":"de_DE","og_type":"article","og_title":"Marketing Specialist","og_description":"Join our team as a marketing specialist and help shape our global presence through impactful content and digital campaigns.","og_url":"https:\/\/arbrea-labs.com\/de\/marketingspezialist\/","og_site_name":"Arbrea Labs","article_publisher":"https:\/\/www.facebook.com\/arbrealabs","article_modified_time":"2025-11-14T12:32:53+00:00","og_image":[{"width":2560,"height":1707,"url":"https:\/\/arbrea-labs.com\/wp-content\/uploads\/2025\/04\/jason-goodman-vbxyFxlgpjM-unsplash-scaled.jpg","type":"image\/jpeg"}],"twitter_card":"summary_large_image","twitter_misc":{"Gesch\u00e4tzte Lesezeit":"2\u00a0Minuten"},"schema":{"@context":"https:\/\/schema.org","@graph":[{"@type":"WebPage","@id":"https:\/\/arbrea-labs.com\/marketing-specialist\/","url":"https:\/\/arbrea-labs.com\/marketing-specialist\/","name":"Marketing-Spezialist - Arbrea Labs","isPartOf":{"@id":"https:\/\/arbrea-labs.com\/#website"},"primaryImageOfPage":{"@id":"https:\/\/arbrea-labs.com\/marketing-specialist\/#primaryimage"},"image":{"@id":"https:\/\/arbrea-labs.com\/marketing-specialist\/#primaryimage"},"thumbnailUrl":"https:\/\/arbrea-labs.com\/wp-content\/uploads\/2025\/04\/jason-goodman-vbxyFxlgpjM-unsplash-scaled.jpg","datePublished":"2025-11-14T12:30:48+00:00","dateModified":"2025-11-14T12:32:53+00:00","description":"Werden Sie Teil unseres Teams als Marketingspezialist und helfen Sie mit, unsere globale Pr\u00e4senz durch wirkungsvolle Inhalte und digitale Kampagnen zu gestalten.","breadcrumb":{"@id":"https:\/\/arbrea-labs.com\/marketing-specialist\/#breadcrumb"},"inLanguage":"de","potentialAction":[{"@type":"ReadAction","target":["https:\/\/arbrea-labs.com\/marketing-specialist\/"]}]},{"@type":"ImageObject","inLanguage":"de","@id":"https:\/\/arbrea-labs.com\/marketing-specialist\/#primaryimage","url":"https:\/\/arbrea-labs.com\/wp-content\/uploads\/2025\/04\/jason-goodman-vbxyFxlgpjM-unsplash-scaled.jpg","contentUrl":"https:\/\/arbrea-labs.com\/wp-content\/uploads\/2025\/04\/jason-goodman-vbxyFxlgpjM-unsplash-scaled.jpg","width":2560,"height":1707,"caption":"marketing agency"},{"@type":"BreadcrumbList","@id":"https:\/\/arbrea-labs.com\/marketing-specialist\/#breadcrumb","itemListElement":[{"@type":"ListItem","position":1,"name":"Home","item":"https:\/\/arbrea-labs.com\/"},{"@type":"ListItem","position":2,"name":"Marketing Specialist"}]},{"@type":"WebSite","@id":"https:\/\/arbrea-labs.com\/#website","url":"https:\/\/arbrea-labs.com\/","name":"Arbrea-Labore","description":"Augmented Reality &amp; 3D-L\u00f6sungen f\u00fcr die \u00c4sthetik","publisher":{"@id":"https:\/\/arbrea-labs.com\/#organization"},"alternateName":"Arbrea","potentialAction":[{"@type":"SearchAction","target":{"@type":"EntryPoint","urlTemplate":"https:\/\/arbrea-labs.com\/?s={search_term_string}"},"query-input":{"@type":"PropertyValueSpecification","valueRequired":true,"valueName":"search_term_string"}}],"inLanguage":"de"},{"@type":"Organization","@id":"https:\/\/arbrea-labs.com\/#organization","name":"Arbrea-Labore","alternateName":"Arbrea","url":"https:\/\/arbrea-labs.com\/","logo":{"@type":"ImageObject","inLanguage":"de","@id":"https:\/\/arbrea-labs.com\/#\/schema\/logo\/image\/","url":"https:\/\/arbrea-labs.com\/wp-content\/uploads\/2022\/01\/logo_arbrea_LABS-01-1-e1641392734450.png","contentUrl":"https:\/\/arbrea-labs.com\/wp-content\/uploads\/2022\/01\/logo_arbrea_LABS-01-1-e1641392734450.png","width":2000,"height":750,"caption":"Arbrea Labs"},"image":{"@id":"https:\/\/arbrea-labs.com\/#\/schema\/logo\/image\/"},"sameAs":["https:\/\/www.facebook.com\/arbrealabs","https:\/\/www.instagram.com\/arbrealabs\/","https:\/\/www.linkedin.com\/company\/arbrea-labs-ag\/","https:\/\/www.youtube.com\/channel\/UCbHN9gofXJv8rMAHcAguTcg"],"description":"Arbrea Labs ist f\u00fchrend in der Verbindung von fortschrittlicher KI-Technologie mit personalisierter Medizin. Unsere schnellen, einfachen und sicheren Augmented Reality- und 3D-Simulatoren optimieren Beratungsgespr\u00e4che, sparen Zeit und verbessern die Patientenaufkl\u00e4rung. Gleichzeitig verbessert unser AR-gesteuerter Marketing-Booster die Patientenreise, maximiert den Marketing-ROI und f\u00f6rdert die effiziente Lead-Generierung. Gestalten Sie mit uns die Zukunft der \u00e4sthetischen Medizin.","email":"info@arbrea-labs.com","legalName":"Arbrea Labs AG","foundingDate":"2018-03-04","vatID":"CHE-292.633.177","numberOfEmployees":{"@type":"QuantitativeValue","minValue":"11","maxValue":"50"}}]}},"_links":{"self":[{"href":"https:\/\/arbrea-labs.com\/de\/wp-json\/wp\/v2\/pages\/54319","targetHints":{"allow":["GET"]}}],"collection":[{"href":"https:\/\/arbrea-labs.com\/de\/wp-json\/wp\/v2\/pages"}],"about":[{"href":"https:\/\/arbrea-labs.com\/de\/wp-json\/wp\/v2\/types\/page"}],"author":[{"embeddable":true,"href":"https:\/\/arbrea-labs.com\/de\/wp-json\/wp\/v2\/users\/3"}],"replies":[{"embeddable":true,"href":"https:\/\/arbrea-labs.com\/de\/wp-json\/wp\/v2\/comments?post=54319"}],"version-history":[{"count":0,"href":"https:\/\/arbrea-labs.com\/de\/wp-json\/wp\/v2\/pages\/54319\/revisions"}],"wp:featuredmedia":[{"embeddable":true,"href":"https:\/\/arbrea-labs.com\/de\/wp-json\/wp\/v2\/media\/52833"}],"wp:attachment":[{"href":"https:\/\/arbrea-labs.com\/de\/wp-json\/wp\/v2\/media?parent=54319"}],"curies":[{"name":"wp","href":"https:\/\/api.w.org\/{rel}","templated":true}]}}