{"id":34047,"date":"2022-05-26T10:35:43","date_gmt":"2022-05-26T08:35:43","guid":{"rendered":"https:\/\/arbrea-labs.com\/desenvolvedor-web-full-stack\/"},"modified":"2025-12-03T17:30:37","modified_gmt":"2025-12-03T16:30:37","slug":"full-stack-webentwickler","status":"publish","type":"page","link":"https:\/\/arbrea-labs.com\/de\/full-stack-web-developer\/","title":{"rendered":"Full Stack Entwickler"},"content":{"rendered":"<div id=\"fws_69d2b77728c14\"  data-column-margin=\"default\" data-midnight=\"light\" data-top-percent=\"2%\" data-bottom-percent=\"2%\"  class=\"wpb_row vc_row-fluid vc_row full-width-section has-row-bg-color\"  style=\"padding-top: calc(100vw * 0.02); padding-bottom: calc(100vw * 0.02); --row-bg-color: #3452ff;\"><div class=\"row-bg-wrap\" data-bg-animation=\"none\" data-bg-animation-delay=\"\" data-bg-overlay=\"true\"><div class=\"inner-wrap row-bg-layer using-image\" ><div class=\"row-bg viewport-desktop using-image using-bg-color lazyload\" style=\"background-image: url(https:\/\/arbrea-labs.com\/wp-includes\/images\/blank.gif);background-position: center center;background-repeat: no-repeat;background-color: #3452ff;\" data-background-image=\"https:\/\/arbrea-labs.com\/wp-content\/uploads\/2024\/07\/2150062008.jpg\"><\/div><\/div><div class=\"row-bg-overlay row-bg-layer\" style=\"background-color:#0c0c0c;  opacity: 0.3; \"><\/div><\/div><div class=\"row_col_wrap_12 col span_12 light left\">\n\t<div  class=\"vc_col-sm-2 wpb_column column_container vc_column_container col no-extra-padding inherit_tablet inherit_phone\"  data-padding-pos=\"all\" data-has-bg-color=\"false\" data-bg-color=\"\" data-bg-opacity=\"1\" data-animation=\"\" data-delay=\"0\" >\n\t\t<div class=\"vc_column-inner\" >\n\t\t\t<div class=\"wpb_wrapper\">\n\t\t\t\t\n\t\t\t<\/div> \n\t\t<\/div>\n\t<\/div> \n\n\t<div  class=\"vc_col-sm-8 wpb_column column_container vc_column_container col centered-text has-animation no-extra-padding inherit_tablet inherit_phone\"  data-padding-pos=\"all\" data-has-bg-color=\"false\" data-bg-color=\"\" data-bg-opacity=\"1\" data-animation=\"zoom-out\" data-delay=\"0\" >\n\t\t<div class=\"vc_column-inner\" >\n\t\t\t<div class=\"wpb_wrapper\">\n\t\t\t\t<h4 style=\"font-size: 20px;color: rgba(255,255,255,0.7);line-height: 36px;text-align: center;font-family:Roboto;font-weight:500;font-style:normal\" class=\"vc_custom_heading vc_do_custom_heading vc_custom_1764670810358\" >Arbrea Technik-Team<\/h4><h1 style=\"font-size: 83px;line-height: 98px;text-align: center;font-family:Roboto;font-weight:400;font-style:normal\" class=\"vc_custom_heading vc_do_custom_heading vc_custom_1764670714755\" >Full Stack Entwickler<\/h1>\n\t\t\t<\/div> \n\t\t<\/div>\n\t<\/div> \n\n\t<div  class=\"vc_col-sm-2 wpb_column column_container vc_column_container col no-extra-padding inherit_tablet inherit_phone\"  data-padding-pos=\"all\" data-has-bg-color=\"false\" data-bg-color=\"\" data-bg-opacity=\"1\" data-animation=\"\" data-delay=\"0\" >\n\t\t<div class=\"vc_column-inner\" >\n\t\t\t<div class=\"wpb_wrapper\">\n\t\t\t\t\n\t\t\t<\/div> \n\t\t<\/div>\n\t<\/div> \n<\/div><\/div>\n\t\t<div id=\"fws_69d2b7772916b\"  data-column-margin=\"default\" data-midnight=\"dark\" data-top-percent=\"3%\"  class=\"wpb_row vc_row-fluid vc_row\"  style=\"padding-top: calc(100vw * 0.03); padding-bottom: 0px; \"><div class=\"row-bg-wrap\" data-bg-animation=\"none\" data-bg-animation-delay=\"\" data-bg-overlay=\"false\"><div class=\"inner-wrap row-bg-layer\" ><div class=\"row-bg viewport-desktop\"  style=\"\"><\/div><\/div><\/div><div class=\"row_col_wrap_12 col span_12 dark left\">\n\t<div  class=\"vc_col-sm-12 wpb_column column_container vc_column_container col no-extra-padding inherit_tablet inherit_phone\"  data-padding-pos=\"all\" data-has-bg-color=\"false\" data-bg-color=\"\" data-bg-opacity=\"1\" data-animation=\"\" data-delay=\"0\" >\n\t\t<div class=\"vc_column-inner\" >\n\t\t\t<div class=\"wpb_wrapper\">\n\t\t\t\t\n<div class=\"wpb_text_column wpb_content_element\" >\n\t<h3 data-start=\"0\" data-end=\"23\"><strong data-start=\"0\" data-end=\"23\">Beschreibung des Unternehmens<\/strong><\/h3>\n<p data-start=\"25\" data-end=\"556\">Arbrea Labs ist ein Spin-off-Unternehmen der ETH Z\u00fcrich, das aus dem Labor f\u00fcr Computergrafik der ETH Z\u00fcrich hervorgegangen ist. Wir sind ein Team von Experten f\u00fcr Computergrafik, Vision und k\u00fcnstliche Intelligenz und entwickeln innovative L\u00f6sungen f\u00fcr die \u00e4sthetische Chirurgie. Unsere t\u00e4glichen Aufgaben reichen von der 3D-Rekonstruktion und -Verfolgung bis hin zu AR\/VR, wobei wir uns auf die neuesten Fortschritte in den Bereichen Deep Learning, Geometrieverarbeitung und Rendering f\u00fcr den menschlichen K\u00f6rper konzentrieren. Wir streben danach, modernste Technologien zu entwickeln, die das Nutzererlebnis und die Zufriedenheit verbessern.<\/p>\n<p data-start=\"558\" data-end=\"845\">Wir m\u00f6chten unser Team mit Schl\u00fcsselpersonen erweitern, die den Wunsch haben, zu lernen und sich in einem dynamischen Start-up-Umfeld zu engagieren. Wir sind in erster Linie an Vollzeitkandidaten interessiert, sind aber auch offen f\u00fcr Praktikumsstellen mit der M\u00f6glichkeit des \u00dcbergangs in eine feste Stelle.<\/p>\n<hr data-start=\"847\" data-end=\"850\" \/>\n<h3 data-start=\"852\" data-end=\"871\"><strong data-start=\"852\" data-end=\"871\">Arbeitsbeschreibung<\/strong><\/h3>\n<p data-start=\"873\" data-end=\"1120\">Als <strong data-start=\"878\" data-end=\"906\">Full-Stack-Webentwickler<\/strong> Bei Arbrea Labs werden Sie die L\u00fccke zwischen unseren mobilen Anwendungen und den Kundendaten schlie\u00dfen und eine Schl\u00fcsselrolle dabei spielen, unseren Kunden und internen Teams den nahtlosen Zugriff auf und die Interaktion mit wichtigen Informationen zu erm\u00f6glichen.<\/p>\n<p data-start=\"1122\" data-end=\"1299\">Sie werden einen bedeutenden Einfluss auf die Gestaltung der Beziehung zwischen Patient und Chirurg haben, was Ihnen und dem Team die M\u00f6glichkeit gibt, ein weltweit f\u00fchrender Anbieter von AR\/VR-Medizintechnik zu werden.<\/p>\n<p data-start=\"1301\" data-end=\"1601\">Sie arbeiten mit freundlichen, engagierten und unkomplizierten Teammitgliedern zusammen, die Ihnen gerne mit Rat und Tat zur Seite stehen und mit denen Sie nach der Arbeit oder bei regelm\u00e4\u00dfigen Teamevents ein Bier (oder zwei) trinken k\u00f6nnen. Wir bieten ein \u00e4u\u00dferst flexibles Arbeitsumfeld, B\u00fcros in einem Technologiezentrum, wettbewerbsf\u00e4hige Geh\u00e4lter und Mitarbeiterbeteiligungsprogramme.<\/p>\n<p data-start=\"1603\" data-end=\"1657\"><strong data-start=\"1603\" data-end=\"1616\">Standort:<\/strong> Tirana, Albanien<br data-start=\"1632\" data-end=\"1635\" \/><strong data-start=\"1635\" data-end=\"1657\">Fernbedienung \/ Vollzeit<\/strong><\/p>\n<hr data-start=\"1659\" data-end=\"1662\" \/>\n<h3 data-start=\"1664\" data-end=\"1692\"><strong data-start=\"1668\" data-end=\"1692\">Zust\u00e4ndigkeiten<\/strong><\/h3>\n<ul data-start=\"1694\" data-end=\"2257\">\n<li data-start=\"1694\" data-end=\"1834\"><strong data-start=\"1696\" data-end=\"1723\">Entwurf und Entwicklung von APIs<\/strong> zur Unterst\u00fctzung der mobilen Anwendungen und Webschnittstellen von Arbrea, um eine nahtlose Integration und Funktionalit\u00e4t zu gew\u00e4hrleisten.<\/li>\n<li data-start=\"1835\" data-end=\"2033\"><strong data-start=\"1837\" data-end=\"1860\">Andere Teams bef\u00e4higen<\/strong> durch die Pflege und Verbesserung interner Tools, die Automatisierung von Prozessen und die Optimierung von Pipelines, um die Verwaltung von Kundendaten zu optimieren und die Kundenakquise zu unterst\u00fctzen.<\/li>\n<li data-start=\"2034\" data-end=\"2136\"><strong data-start=\"2036\" data-end=\"2081\">\u00dcberwachen und Optimieren der Cloud-Infrastruktur<\/strong> um Zuverl\u00e4ssigkeit, Skalierbarkeit und Leistung zu gew\u00e4hrleisten.<\/li>\n<li data-start=\"2137\" data-end=\"2257\"><strong data-start=\"2139\" data-end=\"2177\">Implementierung robuster Sicherheitsma\u00dfnahmen<\/strong> den Schutz von Kundendaten unter Wahrung hoher Datenschutz- und Sicherheitsstandards.<\/li>\n<\/ul>\n<hr data-start=\"2259\" data-end=\"2262\" \/>\n<h3 data-start=\"2264\" data-end=\"2289\"><strong data-start=\"2268\" data-end=\"2289\">Kerntechnologien<\/strong><\/h3>\n<ul data-start=\"2291\" data-end=\"2777\">\n<li data-start=\"2291\" data-end=\"2386\">Unsere Hauptinfrastruktur ist aufgebaut mit <strong data-start=\"2331\" data-end=\"2342\">Node.js<\/strong>, <strong data-start=\"2344\" data-end=\"2358\">TypScript<\/strong>und <strong data-start=\"2364\" data-end=\"2373\">NoSQL<\/strong> Datenbanken.<\/li>\n<li data-start=\"2387\" data-end=\"2490\">Einige Aufgaben umfassen <strong data-start=\"2413\" data-end=\"2420\">PHP<\/strong>, <strong data-start=\"2422\" data-end=\"2431\">MySQL<\/strong>und die Entwicklung funktionaler, auf Benutzerfreundlichkeit ausgerichteter Web-UIs.<\/li>\n<li data-start=\"2491\" data-end=\"2608\">Sie werden arbeiten mit <strong data-start=\"2512\" data-end=\"2519\">Git<\/strong> und <strong data-start=\"2524\" data-end=\"2534\">Docker<\/strong> und sollten ein gutes Verst\u00e4ndnis der Grundlagen des Cloud Computing haben.<\/li>\n<li data-start=\"2609\" data-end=\"2777\">Au\u00dferdem haben Sie m\u00f6glicherweise die M\u00f6glichkeit, mit folgenden Personen zu arbeiten <strong data-start=\"2665\" data-end=\"2675\">Python<\/strong>, <strong data-start=\"2677\" data-end=\"2690\">GoogleSQL<\/strong>und moderne JavaScript-Frameworks (z. B., <strong data-start=\"2732\" data-end=\"2741\">Reagieren Sie<\/strong>), die jedoch nicht zwingend erforderlich sind.<\/li>\n<\/ul>\n<p data-start=\"2779\" data-end=\"2984\">W\u00e4hrend unser prim\u00e4rer Stack einen Gro\u00dfteil der Umgebung definiert, geben wir Ihnen die M\u00f6glichkeit, die richtigen Tools f\u00fcr jede Aufgabe auszuw\u00e4hlen, und bieten Ihnen die Flexibilit\u00e4t, andere Sprachen oder Frameworks zu erforschen und zu verwenden, wenn es angebracht ist.<\/p>\n<hr data-start=\"2986\" data-end=\"2989\" \/>\n<h3 data-start=\"2991\" data-end=\"3021\"><strong data-start=\"2995\" data-end=\"3021\">Was wir suchen<\/strong><\/h3>\n<p data-start=\"3023\" data-end=\"3207\">In der sich st\u00e4ndig weiterentwickelnden Welt der Softwaretechnik wissen wir, dass niemand alle Frameworks oder Sprachen beherrschen kann. Wir erwarten jedoch von Ihnen, dass Sie schnell lernen und eine kritische und offene Einstellung haben.<\/p>\n<p data-start=\"3209\" data-end=\"3478\">Wir sch\u00e4tzen Entwickler, die schnell arbeiten k\u00f6nnen, aber auch wissen, wie wichtig es ist, zielgerichtet zu arbeiten. Wir f\u00f6rdern einen Ansatz, bei dem Geschwindigkeit mit durchdachter Probleml\u00f6sung einhergeht - Sie werden schnell iterieren, aber immer unter sorgf\u00e4ltiger Ber\u00fccksichtigung der zugrunde liegenden Herausforderungen.<\/p>\n<p data-start=\"3480\" data-end=\"3699\">Unsere Arbeitssprache ist <strong data-start=\"3504\" data-end=\"3515\">Englisch<\/strong>und wir erwarten, dass alle Bewerber diese Sprache flie\u00dfend beherrschen. Wir suchen Ingenieure, die gerne Probleme l\u00f6sen, kontinuierlich lernen und einen Beitrag zu einem schnelllebigen, kollaborativen Umfeld leisten.<\/p>\n<p data-start=\"3701\" data-end=\"3767\" data-is-last-node=\"\" data-is-only-node=\"\"><strong data-start=\"3701\" data-end=\"3767\" data-is-last-node=\"\">Wenn das nach Ihnen klingt, lassen Sie uns gemeinsam etwas Gro\u00dfartiges aufbauen!<\/strong><\/p>\n<div data-tf-live=\"01HHMF95H0H69J77FJZEC6SK4V\"><\/div>\n<p><script src=\"\/\/embed.typeform.com\/next\/embed.js\"><\/script><\/p>\n<\/div>\n\n\n\n\n\t\t\t<\/div> \n\t\t<\/div>\n\t<\/div> \n<\/div><\/div>","protected":false},"excerpt":{"rendered":"Arbrea Tech TeamFull Stack Developer Unternehmensbeschreibung Arbrea Labs ist ein Spin-Off-Unternehmen der ETH, das aus dem Computer Graphics Laboratory der ETH Z\u00fcrich hervorgegangen ist. Wir...","protected":false},"author":3,"featured_media":33712,"parent":0,"menu_order":0,"comment_status":"closed","ping_status":"closed","template":"","meta":{"footnotes":""},"class_list":["post-34047","page","type-page","status-publish","has-post-thumbnail"],"yoast_head":"<!-- This site is optimized with the Yoast SEO Premium plugin v27.3 (Yoast SEO v27.3) - https:\/\/yoast.com\/product\/yoast-seo-premium-wordpress\/ -->\n<title>Full Stack Developer Opportunities at Arbrea Tech<\/title>\n<meta name=\"description\" content=\"Become a Full Stack Developer at Arbrea Tech and engage in exciting projects involving AR\/AI.\" \/>\n<meta name=\"robots\" content=\"index, follow, max-snippet:-1, max-image-preview:large, max-video-preview:-1\" \/>\n<link rel=\"canonical\" href=\"https:\/\/arbrea-labs.com\/de\/full-stack-webentwickler\/\" \/>\n<meta property=\"og:locale\" content=\"de_DE\" \/>\n<meta property=\"og:type\" content=\"article\" \/>\n<meta property=\"og:title\" content=\"Full Stack Developer\" \/>\n<meta property=\"og:description\" content=\"Become a Full Stack Developer at Arbrea Tech and engage in exciting projects involving AR\/AI.\" \/>\n<meta property=\"og:url\" content=\"https:\/\/arbrea-labs.com\/de\/full-stack-webentwickler\/\" \/>\n<meta property=\"og:site_name\" content=\"Arbrea Labs\" \/>\n<meta property=\"article:publisher\" content=\"https:\/\/www.facebook.com\/arbrealabs\" \/>\n<meta property=\"article:modified_time\" content=\"2025-12-03T16:30:37+00:00\" \/>\n<meta property=\"og:image\" content=\"https:\/\/arbrea-labs.com\/wp-content\/uploads\/2024\/07\/2150062008.jpg\" \/>\n\t<meta property=\"og:image:width\" content=\"1500\" \/>\n\t<meta property=\"og:image:height\" content=\"1000\" \/>\n\t<meta property=\"og:image:type\" content=\"image\/jpeg\" \/>\n<meta name=\"twitter:card\" content=\"summary_large_image\" \/>\n<meta name=\"twitter:label1\" content=\"Gesch\u00e4tzte Lesezeit\" \/>\n\t<meta name=\"twitter:data1\" content=\"3\u00a0Minuten\" \/>\n<script type=\"application\/ld+json\" class=\"yoast-schema-graph\">{\"@context\":\"https:\\\/\\\/schema.org\",\"@graph\":[{\"@type\":\"WebPage\",\"@id\":\"https:\\\/\\\/arbrea-labs.com\\\/full-stack-web-developer\\\/\",\"url\":\"https:\\\/\\\/arbrea-labs.com\\\/full-stack-web-developer\\\/\",\"name\":\"Full Stack Developer Opportunities at Arbrea Tech\",\"isPartOf\":{\"@id\":\"https:\\\/\\\/arbrea-labs.com\\\/#website\"},\"primaryImageOfPage\":{\"@id\":\"https:\\\/\\\/arbrea-labs.com\\\/full-stack-web-developer\\\/#primaryimage\"},\"image\":{\"@id\":\"https:\\\/\\\/arbrea-labs.com\\\/full-stack-web-developer\\\/#primaryimage\"},\"thumbnailUrl\":\"https:\\\/\\\/arbrea-labs.com\\\/wp-content\\\/uploads\\\/2024\\\/07\\\/2150062008.jpg\",\"datePublished\":\"2022-05-26T08:35:43+00:00\",\"dateModified\":\"2025-12-03T16:30:37+00:00\",\"description\":\"Become a Full Stack Developer at Arbrea Tech and engage in exciting projects involving AR\\\/AI.\",\"breadcrumb\":{\"@id\":\"https:\\\/\\\/arbrea-labs.com\\\/full-stack-web-developer\\\/#breadcrumb\"},\"inLanguage\":\"de\",\"potentialAction\":[{\"@type\":\"ReadAction\",\"target\":[\"https:\\\/\\\/arbrea-labs.com\\\/full-stack-web-developer\\\/\"]}]},{\"@type\":\"ImageObject\",\"inLanguage\":\"de\",\"@id\":\"https:\\\/\\\/arbrea-labs.com\\\/full-stack-web-developer\\\/#primaryimage\",\"url\":\"https:\\\/\\\/arbrea-labs.com\\\/wp-content\\\/uploads\\\/2024\\\/07\\\/2150062008.jpg\",\"contentUrl\":\"https:\\\/\\\/arbrea-labs.com\\\/wp-content\\\/uploads\\\/2024\\\/07\\\/2150062008.jpg\",\"width\":1500,\"height\":1000},{\"@type\":\"BreadcrumbList\",\"@id\":\"https:\\\/\\\/arbrea-labs.com\\\/full-stack-web-developer\\\/#breadcrumb\",\"itemListElement\":[{\"@type\":\"ListItem\",\"position\":1,\"name\":\"Home\",\"item\":\"https:\\\/\\\/arbrea-labs.com\\\/\"},{\"@type\":\"ListItem\",\"position\":2,\"name\":\"Full Stack Developer\"}]},{\"@type\":\"WebSite\",\"@id\":\"https:\\\/\\\/arbrea-labs.com\\\/#website\",\"url\":\"https:\\\/\\\/arbrea-labs.com\\\/\",\"name\":\"Arbrea Labs\",\"description\":\"Augmented Reality &amp; 3D Solutions for Aesthetics\",\"publisher\":{\"@id\":\"https:\\\/\\\/arbrea-labs.com\\\/#organization\"},\"alternateName\":\"Arbrea\",\"potentialAction\":[{\"@type\":\"SearchAction\",\"target\":{\"@type\":\"EntryPoint\",\"urlTemplate\":\"https:\\\/\\\/arbrea-labs.com\\\/?s={search_term_string}\"},\"query-input\":{\"@type\":\"PropertyValueSpecification\",\"valueRequired\":true,\"valueName\":\"search_term_string\"}}],\"inLanguage\":\"de\"},{\"@type\":\"Organization\",\"@id\":\"https:\\\/\\\/arbrea-labs.com\\\/#organization\",\"name\":\"Arbrea Labs\",\"alternateName\":\"Arbrea\",\"url\":\"https:\\\/\\\/arbrea-labs.com\\\/\",\"logo\":{\"@type\":\"ImageObject\",\"inLanguage\":\"de\",\"@id\":\"https:\\\/\\\/arbrea-labs.com\\\/#\\\/schema\\\/logo\\\/image\\\/\",\"url\":\"https:\\\/\\\/arbrea-labs.com\\\/wp-content\\\/uploads\\\/2022\\\/01\\\/logo_arbrea_LABS-01-1-e1641392734450.png\",\"contentUrl\":\"https:\\\/\\\/arbrea-labs.com\\\/wp-content\\\/uploads\\\/2022\\\/01\\\/logo_arbrea_LABS-01-1-e1641392734450.png\",\"width\":2000,\"height\":750,\"caption\":\"Arbrea Labs\"},\"image\":{\"@id\":\"https:\\\/\\\/arbrea-labs.com\\\/#\\\/schema\\\/logo\\\/image\\\/\"},\"sameAs\":[\"https:\\\/\\\/www.facebook.com\\\/arbrealabs\",\"https:\\\/\\\/www.instagram.com\\\/arbrealabs\\\/\",\"https:\\\/\\\/www.linkedin.com\\\/company\\\/arbrea-labs-ag\\\/\",\"https:\\\/\\\/www.youtube.com\\\/channel\\\/UCbHN9gofXJv8rMAHcAguTcg\"],\"description\":\"Arbrea Labs leads the way in blending advanced AI technology with personalized healthcare. Our fast, simple and safe Augmented Reality & 3D simulators optimize consultations, saving time and enhancing patient education. Meanwhile, our AR-driven marketing booster enhances patient journeys, maximizing marketing ROI and fostering efficient lead generation. Join us as we shape the future of aesthetic healthcare.\",\"email\":\"info@arbrea-labs.com\",\"legalName\":\"Arbrea Labs AG\",\"foundingDate\":\"2018-03-04\",\"vatID\":\"CHE-292.633.177\",\"numberOfEmployees\":{\"@type\":\"QuantitativeValue\",\"minValue\":\"11\",\"maxValue\":\"50\"}}]}<\/script>\n<!-- \/ Yoast SEO Premium plugin. -->","yoast_head_json":{"title":"M\u00f6glichkeiten f\u00fcr Full-Stack-Entwickler bei Arbrea Tech","description":"Werden Sie Full Stack Developer bei Arbrea Tech und arbeiten Sie an spannenden Projekten im Bereich AR\/AI.","robots":{"index":"index","follow":"follow","max-snippet":"max-snippet:-1","max-image-preview":"max-image-preview:large","max-video-preview":"max-video-preview:-1"},"canonical":"https:\/\/arbrea-labs.com\/de\/full-stack-webentwickler\/","og_locale":"de_DE","og_type":"article","og_title":"Full Stack Developer","og_description":"Become a Full Stack Developer at Arbrea Tech and engage in exciting projects involving AR\/AI.","og_url":"https:\/\/arbrea-labs.com\/de\/full-stack-webentwickler\/","og_site_name":"Arbrea Labs","article_publisher":"https:\/\/www.facebook.com\/arbrealabs","article_modified_time":"2025-12-03T16:30:37+00:00","og_image":[{"width":1500,"height":1000,"url":"https:\/\/arbrea-labs.com\/wp-content\/uploads\/2024\/07\/2150062008.jpg","type":"image\/jpeg"}],"twitter_card":"summary_large_image","twitter_misc":{"Gesch\u00e4tzte Lesezeit":"3\u00a0Minuten"},"schema":{"@context":"https:\/\/schema.org","@graph":[{"@type":"WebPage","@id":"https:\/\/arbrea-labs.com\/full-stack-web-developer\/","url":"https:\/\/arbrea-labs.com\/full-stack-web-developer\/","name":"M\u00f6glichkeiten f\u00fcr Full-Stack-Entwickler bei Arbrea Tech","isPartOf":{"@id":"https:\/\/arbrea-labs.com\/#website"},"primaryImageOfPage":{"@id":"https:\/\/arbrea-labs.com\/full-stack-web-developer\/#primaryimage"},"image":{"@id":"https:\/\/arbrea-labs.com\/full-stack-web-developer\/#primaryimage"},"thumbnailUrl":"https:\/\/arbrea-labs.com\/wp-content\/uploads\/2024\/07\/2150062008.jpg","datePublished":"2022-05-26T08:35:43+00:00","dateModified":"2025-12-03T16:30:37+00:00","description":"Werden Sie Full Stack Developer bei Arbrea Tech und arbeiten Sie an spannenden Projekten im Bereich AR\/AI.","breadcrumb":{"@id":"https:\/\/arbrea-labs.com\/full-stack-web-developer\/#breadcrumb"},"inLanguage":"de","potentialAction":[{"@type":"ReadAction","target":["https:\/\/arbrea-labs.com\/full-stack-web-developer\/"]}]},{"@type":"ImageObject","inLanguage":"de","@id":"https:\/\/arbrea-labs.com\/full-stack-web-developer\/#primaryimage","url":"https:\/\/arbrea-labs.com\/wp-content\/uploads\/2024\/07\/2150062008.jpg","contentUrl":"https:\/\/arbrea-labs.com\/wp-content\/uploads\/2024\/07\/2150062008.jpg","width":1500,"height":1000},{"@type":"BreadcrumbList","@id":"https:\/\/arbrea-labs.com\/full-stack-web-developer\/#breadcrumb","itemListElement":[{"@type":"ListItem","position":1,"name":"Home","item":"https:\/\/arbrea-labs.com\/"},{"@type":"ListItem","position":2,"name":"Full Stack Developer"}]},{"@type":"WebSite","@id":"https:\/\/arbrea-labs.com\/#website","url":"https:\/\/arbrea-labs.com\/","name":"Arbrea-Labore","description":"Augmented Reality &amp; 3D-L\u00f6sungen f\u00fcr die \u00c4sthetik","publisher":{"@id":"https:\/\/arbrea-labs.com\/#organization"},"alternateName":"Arbrea","potentialAction":[{"@type":"SearchAction","target":{"@type":"EntryPoint","urlTemplate":"https:\/\/arbrea-labs.com\/?s={search_term_string}"},"query-input":{"@type":"PropertyValueSpecification","valueRequired":true,"valueName":"search_term_string"}}],"inLanguage":"de"},{"@type":"Organization","@id":"https:\/\/arbrea-labs.com\/#organization","name":"Arbrea-Labore","alternateName":"Arbrea","url":"https:\/\/arbrea-labs.com\/","logo":{"@type":"ImageObject","inLanguage":"de","@id":"https:\/\/arbrea-labs.com\/#\/schema\/logo\/image\/","url":"https:\/\/arbrea-labs.com\/wp-content\/uploads\/2022\/01\/logo_arbrea_LABS-01-1-e1641392734450.png","contentUrl":"https:\/\/arbrea-labs.com\/wp-content\/uploads\/2022\/01\/logo_arbrea_LABS-01-1-e1641392734450.png","width":2000,"height":750,"caption":"Arbrea Labs"},"image":{"@id":"https:\/\/arbrea-labs.com\/#\/schema\/logo\/image\/"},"sameAs":["https:\/\/www.facebook.com\/arbrealabs","https:\/\/www.instagram.com\/arbrealabs\/","https:\/\/www.linkedin.com\/company\/arbrea-labs-ag\/","https:\/\/www.youtube.com\/channel\/UCbHN9gofXJv8rMAHcAguTcg"],"description":"Arbrea Labs ist f\u00fchrend in der Verbindung von fortschrittlicher KI-Technologie mit personalisierter Medizin. Unsere schnellen, einfachen und sicheren Augmented Reality- und 3D-Simulatoren optimieren Beratungsgespr\u00e4che, sparen Zeit und verbessern die Patientenaufkl\u00e4rung. Gleichzeitig verbessert unser AR-gesteuerter Marketing-Booster die Patientenreise, maximiert den Marketing-ROI und f\u00f6rdert die effiziente Lead-Generierung. Gestalten Sie mit uns die Zukunft der \u00e4sthetischen Medizin.","email":"info@arbrea-labs.com","legalName":"Arbrea Labs AG","foundingDate":"2018-03-04","vatID":"CHE-292.633.177","numberOfEmployees":{"@type":"QuantitativeValue","minValue":"11","maxValue":"50"}}]}},"_links":{"self":[{"href":"https:\/\/arbrea-labs.com\/de\/wp-json\/wp\/v2\/pages\/34047","targetHints":{"allow":["GET"]}}],"collection":[{"href":"https:\/\/arbrea-labs.com\/de\/wp-json\/wp\/v2\/pages"}],"about":[{"href":"https:\/\/arbrea-labs.com\/de\/wp-json\/wp\/v2\/types\/page"}],"author":[{"embeddable":true,"href":"https:\/\/arbrea-labs.com\/de\/wp-json\/wp\/v2\/users\/3"}],"replies":[{"embeddable":true,"href":"https:\/\/arbrea-labs.com\/de\/wp-json\/wp\/v2\/comments?post=34047"}],"version-history":[{"count":0,"href":"https:\/\/arbrea-labs.com\/de\/wp-json\/wp\/v2\/pages\/34047\/revisions"}],"wp:featuredmedia":[{"embeddable":true,"href":"https:\/\/arbrea-labs.com\/de\/wp-json\/wp\/v2\/media\/33712"}],"wp:attachment":[{"href":"https:\/\/arbrea-labs.com\/de\/wp-json\/wp\/v2\/media?parent=34047"}],"curies":[{"name":"wp","href":"https:\/\/api.w.org\/{rel}","templated":true}]}}