{"id":19509,"date":"2023-04-28T22:39:41","date_gmt":"2023-04-28T20:39:41","guid":{"rendered":"https:\/\/arbrea-labs.com\/?page_id=19509"},"modified":"2024-11-20T16:15:08","modified_gmt":"2024-11-20T15:15:08","slug":"junior-social-media-manager","status":"publish","type":"page","link":"https:\/\/arbrea-labs.com\/de\/junior-social-media-manager\/","title":{"rendered":"Junior Manager f\u00fcr soziale Medien"},"content":{"rendered":"<div id=\"fws_69d0c739b6afd\"  data-column-margin=\"default\" data-midnight=\"light\" data-top-percent=\"2%\" data-bottom-percent=\"2%\"  class=\"wpb_row vc_row-fluid vc_row full-width-section has-row-bg-color\"  style=\"padding-top: calc(100vw * 0.02); padding-bottom: calc(100vw * 0.02); --row-bg-color: #3452ff;\"><div class=\"row-bg-wrap\" data-bg-animation=\"none\" data-bg-animation-delay=\"\" data-bg-overlay=\"true\"><div class=\"inner-wrap row-bg-layer using-image\" ><div class=\"row-bg viewport-desktop using-image using-bg-color lazyload\" style=\"background-image: url(https:\/\/arbrea-labs.com\/wp-includes\/images\/blank.gif);background-position: center center;background-repeat: no-repeat;background-color: #3452ff;\" data-background-image=\"https:\/\/arbrea-labs.com\/wp-content\/uploads\/2022\/05\/Untitled-design-16.png\"><\/div><\/div><div class=\"row-bg-overlay row-bg-layer\" style=\"background-color:#0c0c0c;  opacity: 0.3; \"><\/div><\/div><div class=\"row_col_wrap_12 col span_12 light left\">\n\t<div  class=\"vc_col-sm-2 wpb_column column_container vc_column_container col no-extra-padding inherit_tablet inherit_phone\"  data-padding-pos=\"all\" data-has-bg-color=\"false\" data-bg-color=\"\" data-bg-opacity=\"1\" data-animation=\"\" data-delay=\"0\" >\n\t\t<div class=\"vc_column-inner\" >\n\t\t\t<div class=\"wpb_wrapper\">\n\t\t\t\t\n\t\t\t<\/div> \n\t\t<\/div>\n\t<\/div> \n\n\t<div  class=\"vc_col-sm-8 wpb_column column_container vc_column_container col centered-text has-animation no-extra-padding inherit_tablet inherit_phone\"  data-padding-pos=\"all\" data-has-bg-color=\"false\" data-bg-color=\"\" data-bg-opacity=\"1\" data-animation=\"zoom-out\" data-delay=\"0\" >\n\t\t<div class=\"vc_column-inner\" >\n\t\t\t<div class=\"wpb_wrapper\">\n\t\t\t\t<h4 style=\"font-size: 20px;color: rgba(255,255,255,0.7);line-height: 36px;text-align: center;font-family:Roboto;font-weight:500;font-style:normal\" class=\"vc_custom_heading vc_do_custom_heading vc_custom_1682714540573\" >Werden Sie Teil unseres kreativen Teams<\/h4><h1 style=\"font-size: 83px;line-height: 98px;text-align: center;font-family:Roboto;font-weight:400;font-style:normal\" class=\"vc_custom_heading vc_do_custom_heading vc_custom_1682714504138\" >Junior Manager f\u00fcr soziale Medien<\/h1>\n\t\t\t<\/div> \n\t\t<\/div>\n\t<\/div> \n\n\t<div  class=\"vc_col-sm-2 wpb_column column_container vc_column_container col no-extra-padding inherit_tablet inherit_phone\"  data-padding-pos=\"all\" data-has-bg-color=\"false\" data-bg-color=\"\" data-bg-opacity=\"1\" data-animation=\"\" data-delay=\"0\" >\n\t\t<div class=\"vc_column-inner\" >\n\t\t\t<div class=\"wpb_wrapper\">\n\t\t\t\t\n\t\t\t<\/div> \n\t\t<\/div>\n\t<\/div> \n<\/div><\/div>\n\t\t<div id=\"fws_69d0c739b70d6\"  data-column-margin=\"default\" data-midnight=\"dark\" data-top-percent=\"3%\"  class=\"wpb_row vc_row-fluid vc_row\"  style=\"padding-top: calc(100vw * 0.03); padding-bottom: 0px; \"><div class=\"row-bg-wrap\" data-bg-animation=\"none\" data-bg-animation-delay=\"\" data-bg-overlay=\"false\"><div class=\"inner-wrap row-bg-layer\" ><div class=\"row-bg viewport-desktop\"  style=\"\"><\/div><\/div><\/div><div class=\"row_col_wrap_12 col span_12 dark left\">\n\t<div  class=\"vc_col-sm-12 wpb_column column_container vc_column_container col no-extra-padding inherit_tablet inherit_phone\"  data-padding-pos=\"all\" data-has-bg-color=\"false\" data-bg-color=\"\" data-bg-opacity=\"1\" data-animation=\"\" data-delay=\"0\" >\n\t\t<div class=\"vc_column-inner\" >\n\t\t\t<div class=\"wpb_wrapper\">\n\t\t\t\t\n<div class=\"wpb_text_column wpb_content_element\" >\n\t<h2><\/h2>\n<div>\n<p><strong>Wer sind wir?<\/strong><\/p>\n<p>Arbrea Labs ist ein Schweizer Startup und ein Spin-off der ETH Z\u00fcrich (Eidgen\u00f6ssische Technische Hochschule). Wir entwickeln hochmoderne KI- und AR-Technologie f\u00fcr die Erstellung digitaler menschlicher Avatare auf mobilen Ger\u00e4ten. Unser Schwerpunkt liegt auf der Pr\u00e4visualisierung von rekonstruktiven und \u00e4sthetischen Brustoperationen. Wir sind stolz darauf, Echtzeit-Augmented-Reality-Tools zur Vorab-Visualisierung von \u00e4sthetischen, plastischen und rekonstruktiven Operationen und nicht-invasiven Verfahren f\u00fcr Chirurgen und Patienten entwickelt zu haben. Arbrea Labs besteht aus einem dynamischen, schnell wachsenden Team von starken F&amp;E-Ingenieuren, Vertriebspartnern und digitalen Vermarktern.<\/p><\/div>\n<div class=\"p-rich_text_section\"><strong>Stellenbeschreibung:<\/strong><br \/>\nWir suchen einen strategischen und kreativen Social Media Manager zur Verst\u00e4rkung unseres Marketingteams. Als Social Media Manager entwickeln Sie Social-Media-Strategien f\u00fcr verschiedene Plattformen und setzen diese um.<\/div>\n<div class=\"p-rich_text_section\">\n<p><strong>Zust\u00e4ndigkeiten:<\/strong><\/div>\n<ul class=\"p-rich_text_list p-rich_text_list__bullet\" data-stringify-type=\"unordered-list\" data-indent=\"0\" data-border=\"0\">\n<li data-stringify-indent=\"0\" data-stringify-border=\"0\">Entwicklung und Umsetzung von Social-Media-Strategien zur Steigerung der Markenbekanntheit und des Engagements sowie zur F\u00f6rderung des Website-Traffics.<\/li>\n<li data-stringify-indent=\"0\" data-stringify-border=\"0\">Erstellung und Verwaltung von Inhalten f\u00fcr verschiedene Social-Media-Plattformen, darunter Facebook, Twitter, Instagram, LinkedIn und TikTok.<\/li>\n<li data-stringify-indent=\"0\" data-stringify-border=\"0\">\u00dcberwachen und analysieren Sie die Leistung der sozialen Medien und stellen Sie regelm\u00e4\u00dfig Berichte und Erkenntnisse zur Verbesserung der Kampagnen in den sozialen Medien bereit.<\/li>\n<li data-stringify-indent=\"0\" data-stringify-border=\"0\">Zusammenarbeit mit anderen Teams, um die Konsistenz von Botschaften und Markenbildung \u00fcber alle Kan\u00e4le hinweg zu gew\u00e4hrleisten<\/li>\n<li data-stringify-indent=\"0\" data-stringify-border=\"0\">Interaktion mit der Online-Community, rechtzeitige und professionelle Beantwortung von Kommentaren und Nachrichten<\/li>\n<li data-stringify-indent=\"0\" data-stringify-border=\"0\">Bleiben Sie auf dem Laufenden \u00fcber Trends und bew\u00e4hrte Verfahren im Bereich der sozialen Medien, und empfehlen Sie neue Ideen zur Verbesserung der Leistung der sozialen Medien<\/li>\n<\/ul>\n<div class=\"p-rich_text_section\"><strong>Anforderungen:<\/strong><\/div>\n<ul class=\"p-rich_text_list p-rich_text_list__bullet\" data-stringify-type=\"unordered-list\" data-indent=\"0\" data-border=\"0\">\n<li data-stringify-indent=\"0\" data-stringify-border=\"0\">Nachgewiesene Erfahrung als Social Media Manager oder in einer \u00e4hnlichen Funktion<\/li>\n<li aria-level=\"1\">Ausgezeichnete schriftliche und m\u00fcndliche Kommunikation in englischer Sprache, ausgepr\u00e4gtes visuelles Gesp\u00fcr und Liebe zum Detail.<\/li>\n<li data-stringify-indent=\"0\" data-stringify-border=\"0\">Ausgepr\u00e4gtes Verst\u00e4ndnis von Social-Media-Plattformen, einschlie\u00dflich Facebook, Twitter, Instagram, LinkedIn und Tik Tok.<\/li>\n<li data-stringify-indent=\"0\" data-stringify-border=\"0\">Erfahrung in der Erstellung und Verwaltung von Kampagnen in sozialen Medien<\/li>\n<li data-stringify-indent=\"0\" data-stringify-border=\"0\">F\u00e4higkeit, Daten zu analysieren und Erkenntnisse \u00fcber die Leistung der sozialen Medien zu gewinnen<\/li>\n<li data-stringify-indent=\"0\" data-stringify-border=\"0\">Liebe zum Detail und F\u00e4higkeit zum Multitasking<\/li>\n<li data-stringify-indent=\"0\" data-stringify-border=\"0\">Kenntnisse in Canva, CapCut, Adobe Creative Suite oder einer anderen Design-Software sind von Vorteil.<\/li>\n<\/ul>\n<div class=\"p-rich_text_section\">Wenn Sie an dieser Stelle interessiert sind, senden Sie uns bitte Ihren Lebenslauf und Ihr Bewerbungsschreiben. Wir freuen uns darauf, von Ihnen zu h\u00f6ren!<\/div>\n<p><strong>Arbrea Life Leistungen<\/strong><\/p>\n<p>Die Welt zu verbessern, ist harte Arbeit. Deshalb unterst\u00fctzen wir unser Dream Team mit den folgenden Ma\u00dfnahmen:<\/p>\n<ul>\n<li>Unbegrenzte berufliche Entwicklung in einem der am schnellsten wachsenden Unternehmen seiner Kategorie<\/li>\n<li>Eine Kultur der Freiheit, der Verantwortung und der radikalen Ehrlichkeit<\/li>\n<li>Ein unternehmerisches Umfeld, das die Innovation f\u00f6rdert<\/li>\n<li>Ein globales Umfeld mit Kollegen auf der ganzen Welt<\/li>\n<li>Ein flexibles Arbeitsumfeld<\/li>\n<li>Zus\u00e4tzliche Preise bei Erreichen der Ziele<\/li>\n<li>Vollst\u00e4ndig entfernte Position<\/li>\n<li>Kostenerstattung f\u00fcr Reisen oder Kundenbesuche<\/li>\n<li>\u00c4u\u00dferst wettbewerbsf\u00e4hige wirtschaftliche Bedingungen<\/li>\n<li>Die neuesten IT-Ger\u00e4te funktionieren<\/li>\n<\/ul>\n<p><strong>Vielfalt und Integration<\/strong><\/p>\n<p>Vielfalt und Integration sind uns wichtig; wir arbeiten st\u00e4ndig daran, diese Aspekte zu verbessern. Bei Arbrea akzeptieren wir unsere Unterschiede nicht nur, wir unterst\u00fctzen und feiern sie. Wir setzen uns f\u00fcr Chancengleichheit bei der Besch\u00e4ftigung ein, unabh\u00e4ngig von Ethnie, Hautfarbe, Abstammung, Religion, Geschlecht, nationaler Herkunft, sexueller Orientierung, Alter, Staatsb\u00fcrgerschaft, Familienstand, Behinderung, Geschlecht, Geschlechtsidentit\u00e4t oder -ausdruck.<\/p>\n<p><strong>Unser Manifest:<\/strong><\/p>\n<p>Wir glauben, dass die Technologie eine gro\u00dfe Bereicherung f\u00fcr die Welt ist, aber sie muss schnell, einfach und sicher in der Anwendung sein. Wir bringen dieses Konzept auf den \u00c4sthetikmarkt, indem wir Tools anbieten, von denen Patienten und Fachleute ohne Hektik voll profitieren k\u00f6nnen. Wir glauben auch, dass nichts ohne menschliche Leidenschaft, Ehrlichkeit, Transparenz und die richtige Einstellung getan werden kann, und wir suchen nach Kandidaten, die unsere Grundwerte teilen.<\/p>\n<\/div>\n\n\n\n\n\t\t\t<\/div> \n\t\t<\/div>\n\t<\/div> \n<\/div><\/div>\n\t\t<div id=\"fws_69d0c739b7771\"  data-column-margin=\"default\" data-midnight=\"dark\"  class=\"wpb_row vc_row-fluid vc_row\"  style=\"padding-top: 0px; padding-bottom: 0px; \"><div class=\"row-bg-wrap\" data-bg-animation=\"none\" data-bg-animation-delay=\"\" data-bg-overlay=\"false\"><div class=\"inner-wrap row-bg-layer\" ><div class=\"row-bg viewport-desktop\"  style=\"\"><\/div><\/div><\/div><div class=\"row_col_wrap_12 col span_12 dark left\">\n\t<div  class=\"vc_col-sm-12 wpb_column column_container vc_column_container col no-extra-padding inherit_tablet inherit_phone\"  data-padding-pos=\"all\" data-has-bg-color=\"false\" data-bg-color=\"\" data-bg-opacity=\"1\" data-animation=\"\" data-delay=\"0\" >\n\t\t<div class=\"vc_column-inner\" >\n\t\t\t<div class=\"wpb_wrapper\">\n\t\t\t\t\n<div class=\"wpb_text_column wpb_content_element\" >\n\t<\/div>\n\n\n\n\n\t\t\t<\/div> \n\t\t<\/div>\n\t<\/div> \n<\/div><\/div>\n\t\t<div id=\"fws_69d0c739b7959\"  data-column-margin=\"default\" data-midnight=\"dark\"  class=\"wpb_row vc_row-fluid vc_row\"  style=\"padding-top: 0px; padding-bottom: 0px; \"><div class=\"row-bg-wrap\" data-bg-animation=\"none\" data-bg-animation-delay=\"\" data-bg-overlay=\"false\"><div class=\"inner-wrap row-bg-layer\" ><div class=\"row-bg viewport-desktop\"  style=\"\"><\/div><\/div><\/div><div class=\"row_col_wrap_12 col span_12 dark left\">\n\t<div  class=\"vc_col-sm-12 wpb_column column_container vc_column_container col no-extra-padding inherit_tablet inherit_phone\"  data-padding-pos=\"all\" data-has-bg-color=\"false\" data-bg-color=\"\" data-bg-opacity=\"1\" data-animation=\"\" data-delay=\"0\" >\n\t\t<div class=\"vc_column-inner\" >\n\t\t\t<div class=\"wpb_wrapper\">\n\t\t\t\t\n\t<div class=\"wpb_raw_code wpb_raw_html wpb_content_element\" >\n\t\t<div class=\"wpb_wrapper\">\n\t\t\t<div data-tf-live=\"01JD527Y3CFHBDBHN40JFPVY2E\"><\/div><script src=\"\/\/embed.typeform.com\/next\/embed.js\"><\/script>\n\t\t<\/div>\n\t<\/div>\n\n\t\t\t<\/div> \n\t\t<\/div>\n\t<\/div> \n<\/div><\/div>\n<!-- \/wp:post-content -->","protected":false},"excerpt":{"rendered":"Join our creative teamJunior Social Media Manager Wer sind wir? Arbrea Labs ist ein Schweizer Startup und ein Spin-off der ETH Z\u00fcrich (Eidgen\u00f6ssische...","protected":false},"author":3,"featured_media":0,"parent":0,"menu_order":0,"comment_status":"closed","ping_status":"closed","template":"","meta":{"footnotes":""},"class_list":["post-19509","page","type-page","status-publish"],"yoast_head":"<!-- This site is optimized with the Yoast SEO Premium plugin v27.3 (Yoast SEO v27.3) - https:\/\/yoast.com\/product\/yoast-seo-premium-wordpress\/ -->\n<title>Junior Social Media Manager - Arbrea Labs<\/title>\n<meta name=\"robots\" content=\"index, follow, max-snippet:-1, max-image-preview:large, max-video-preview:-1\" \/>\n<link rel=\"canonical\" href=\"https:\/\/arbrea-labs.com\/de\/junior-social-media-manager\/\" \/>\n<meta property=\"og:locale\" content=\"de_DE\" \/>\n<meta property=\"og:type\" content=\"article\" \/>\n<meta property=\"og:title\" content=\"Junior Social Media Manager\" \/>\n<meta property=\"og:url\" content=\"https:\/\/arbrea-labs.com\/de\/junior-social-media-manager\/\" \/>\n<meta property=\"og:site_name\" content=\"Arbrea Labs\" \/>\n<meta property=\"article:publisher\" content=\"https:\/\/www.facebook.com\/arbrealabs\" \/>\n<meta property=\"article:modified_time\" content=\"2024-11-20T15:15:08+00:00\" \/>\n<meta name=\"twitter:card\" content=\"summary_large_image\" \/>\n<meta name=\"twitter:label1\" content=\"Gesch\u00e4tzte Lesezeit\" \/>\n\t<meta name=\"twitter:data1\" content=\"4\u00a0Minuten\" \/>\n<script type=\"application\/ld+json\" class=\"yoast-schema-graph\">{\"@context\":\"https:\\\/\\\/schema.org\",\"@graph\":[{\"@type\":\"WebPage\",\"@id\":\"https:\\\/\\\/arbrea-labs.com\\\/junior-social-media-manager\\\/\",\"url\":\"https:\\\/\\\/arbrea-labs.com\\\/junior-social-media-manager\\\/\",\"name\":\"Junior Social Media Manager - Arbrea Labs\",\"isPartOf\":{\"@id\":\"https:\\\/\\\/arbrea-labs.com\\\/#website\"},\"datePublished\":\"2023-04-28T20:39:41+00:00\",\"dateModified\":\"2024-11-20T15:15:08+00:00\",\"breadcrumb\":{\"@id\":\"https:\\\/\\\/arbrea-labs.com\\\/junior-social-media-manager\\\/#breadcrumb\"},\"inLanguage\":\"de\",\"potentialAction\":[{\"@type\":\"ReadAction\",\"target\":[\"https:\\\/\\\/arbrea-labs.com\\\/junior-social-media-manager\\\/\"]}]},{\"@type\":\"BreadcrumbList\",\"@id\":\"https:\\\/\\\/arbrea-labs.com\\\/junior-social-media-manager\\\/#breadcrumb\",\"itemListElement\":[{\"@type\":\"ListItem\",\"position\":1,\"name\":\"Home\",\"item\":\"https:\\\/\\\/arbrea-labs.com\\\/\"},{\"@type\":\"ListItem\",\"position\":2,\"name\":\"Junior Social Media Manager\"}]},{\"@type\":\"WebSite\",\"@id\":\"https:\\\/\\\/arbrea-labs.com\\\/#website\",\"url\":\"https:\\\/\\\/arbrea-labs.com\\\/\",\"name\":\"Arbrea Labs\",\"description\":\"Augmented Reality &amp; 3D Solutions for Aesthetics\",\"publisher\":{\"@id\":\"https:\\\/\\\/arbrea-labs.com\\\/#organization\"},\"alternateName\":\"Arbrea\",\"potentialAction\":[{\"@type\":\"SearchAction\",\"target\":{\"@type\":\"EntryPoint\",\"urlTemplate\":\"https:\\\/\\\/arbrea-labs.com\\\/?s={search_term_string}\"},\"query-input\":{\"@type\":\"PropertyValueSpecification\",\"valueRequired\":true,\"valueName\":\"search_term_string\"}}],\"inLanguage\":\"de\"},{\"@type\":\"Organization\",\"@id\":\"https:\\\/\\\/arbrea-labs.com\\\/#organization\",\"name\":\"Arbrea Labs\",\"alternateName\":\"Arbrea\",\"url\":\"https:\\\/\\\/arbrea-labs.com\\\/\",\"logo\":{\"@type\":\"ImageObject\",\"inLanguage\":\"de\",\"@id\":\"https:\\\/\\\/arbrea-labs.com\\\/#\\\/schema\\\/logo\\\/image\\\/\",\"url\":\"https:\\\/\\\/arbrea-labs.com\\\/wp-content\\\/uploads\\\/2022\\\/01\\\/logo_arbrea_LABS-01-1-e1641392734450.png\",\"contentUrl\":\"https:\\\/\\\/arbrea-labs.com\\\/wp-content\\\/uploads\\\/2022\\\/01\\\/logo_arbrea_LABS-01-1-e1641392734450.png\",\"width\":2000,\"height\":750,\"caption\":\"Arbrea Labs\"},\"image\":{\"@id\":\"https:\\\/\\\/arbrea-labs.com\\\/#\\\/schema\\\/logo\\\/image\\\/\"},\"sameAs\":[\"https:\\\/\\\/www.facebook.com\\\/arbrealabs\",\"https:\\\/\\\/www.instagram.com\\\/arbrealabs\\\/\",\"https:\\\/\\\/www.linkedin.com\\\/company\\\/arbrea-labs-ag\\\/\",\"https:\\\/\\\/www.youtube.com\\\/channel\\\/UCbHN9gofXJv8rMAHcAguTcg\"],\"description\":\"Arbrea Labs leads the way in blending advanced AI technology with personalized healthcare. Our fast, simple and safe Augmented Reality & 3D simulators optimize consultations, saving time and enhancing patient education. Meanwhile, our AR-driven marketing booster enhances patient journeys, maximizing marketing ROI and fostering efficient lead generation. Join us as we shape the future of aesthetic healthcare.\",\"email\":\"info@arbrea-labs.com\",\"legalName\":\"Arbrea Labs AG\",\"foundingDate\":\"2018-03-04\",\"vatID\":\"CHE-292.633.177\",\"numberOfEmployees\":{\"@type\":\"QuantitativeValue\",\"minValue\":\"11\",\"maxValue\":\"50\"}}]}<\/script>\n<!-- \/ Yoast SEO Premium plugin. -->","yoast_head_json":{"title":"Junior Manager f\u00fcr soziale Medien - Arbrea Labs","robots":{"index":"index","follow":"follow","max-snippet":"max-snippet:-1","max-image-preview":"max-image-preview:large","max-video-preview":"max-video-preview:-1"},"canonical":"https:\/\/arbrea-labs.com\/de\/junior-social-media-manager\/","og_locale":"de_DE","og_type":"article","og_title":"Junior Social Media Manager","og_url":"https:\/\/arbrea-labs.com\/de\/junior-social-media-manager\/","og_site_name":"Arbrea Labs","article_publisher":"https:\/\/www.facebook.com\/arbrealabs","article_modified_time":"2024-11-20T15:15:08+00:00","twitter_card":"summary_large_image","twitter_misc":{"Gesch\u00e4tzte Lesezeit":"4\u00a0Minuten"},"schema":{"@context":"https:\/\/schema.org","@graph":[{"@type":"WebPage","@id":"https:\/\/arbrea-labs.com\/junior-social-media-manager\/","url":"https:\/\/arbrea-labs.com\/junior-social-media-manager\/","name":"Junior Manager f\u00fcr soziale Medien - Arbrea Labs","isPartOf":{"@id":"https:\/\/arbrea-labs.com\/#website"},"datePublished":"2023-04-28T20:39:41+00:00","dateModified":"2024-11-20T15:15:08+00:00","breadcrumb":{"@id":"https:\/\/arbrea-labs.com\/junior-social-media-manager\/#breadcrumb"},"inLanguage":"de","potentialAction":[{"@type":"ReadAction","target":["https:\/\/arbrea-labs.com\/junior-social-media-manager\/"]}]},{"@type":"BreadcrumbList","@id":"https:\/\/arbrea-labs.com\/junior-social-media-manager\/#breadcrumb","itemListElement":[{"@type":"ListItem","position":1,"name":"Home","item":"https:\/\/arbrea-labs.com\/"},{"@type":"ListItem","position":2,"name":"Junior Social Media Manager"}]},{"@type":"WebSite","@id":"https:\/\/arbrea-labs.com\/#website","url":"https:\/\/arbrea-labs.com\/","name":"Arbrea-Labore","description":"Augmented Reality &amp; 3D-L\u00f6sungen f\u00fcr die \u00c4sthetik","publisher":{"@id":"https:\/\/arbrea-labs.com\/#organization"},"alternateName":"Arbrea","potentialAction":[{"@type":"SearchAction","target":{"@type":"EntryPoint","urlTemplate":"https:\/\/arbrea-labs.com\/?s={search_term_string}"},"query-input":{"@type":"PropertyValueSpecification","valueRequired":true,"valueName":"search_term_string"}}],"inLanguage":"de"},{"@type":"Organization","@id":"https:\/\/arbrea-labs.com\/#organization","name":"Arbrea-Labore","alternateName":"Arbrea","url":"https:\/\/arbrea-labs.com\/","logo":{"@type":"ImageObject","inLanguage":"de","@id":"https:\/\/arbrea-labs.com\/#\/schema\/logo\/image\/","url":"https:\/\/arbrea-labs.com\/wp-content\/uploads\/2022\/01\/logo_arbrea_LABS-01-1-e1641392734450.png","contentUrl":"https:\/\/arbrea-labs.com\/wp-content\/uploads\/2022\/01\/logo_arbrea_LABS-01-1-e1641392734450.png","width":2000,"height":750,"caption":"Arbrea Labs"},"image":{"@id":"https:\/\/arbrea-labs.com\/#\/schema\/logo\/image\/"},"sameAs":["https:\/\/www.facebook.com\/arbrealabs","https:\/\/www.instagram.com\/arbrealabs\/","https:\/\/www.linkedin.com\/company\/arbrea-labs-ag\/","https:\/\/www.youtube.com\/channel\/UCbHN9gofXJv8rMAHcAguTcg"],"description":"Arbrea Labs ist f\u00fchrend in der Verbindung von fortschrittlicher KI-Technologie mit personalisierter Medizin. Unsere schnellen, einfachen und sicheren Augmented Reality- und 3D-Simulatoren optimieren Beratungsgespr\u00e4che, sparen Zeit und verbessern die Patientenaufkl\u00e4rung. Gleichzeitig verbessert unser AR-gesteuerter Marketing-Booster die Patientenreise, maximiert den Marketing-ROI und f\u00f6rdert die effiziente Lead-Generierung. Gestalten Sie mit uns die Zukunft der \u00e4sthetischen Medizin.","email":"info@arbrea-labs.com","legalName":"Arbrea Labs AG","foundingDate":"2018-03-04","vatID":"CHE-292.633.177","numberOfEmployees":{"@type":"QuantitativeValue","minValue":"11","maxValue":"50"}}]}},"_links":{"self":[{"href":"https:\/\/arbrea-labs.com\/de\/wp-json\/wp\/v2\/pages\/19509","targetHints":{"allow":["GET"]}}],"collection":[{"href":"https:\/\/arbrea-labs.com\/de\/wp-json\/wp\/v2\/pages"}],"about":[{"href":"https:\/\/arbrea-labs.com\/de\/wp-json\/wp\/v2\/types\/page"}],"author":[{"embeddable":true,"href":"https:\/\/arbrea-labs.com\/de\/wp-json\/wp\/v2\/users\/3"}],"replies":[{"embeddable":true,"href":"https:\/\/arbrea-labs.com\/de\/wp-json\/wp\/v2\/comments?post=19509"}],"version-history":[{"count":0,"href":"https:\/\/arbrea-labs.com\/de\/wp-json\/wp\/v2\/pages\/19509\/revisions"}],"wp:attachment":[{"href":"https:\/\/arbrea-labs.com\/de\/wp-json\/wp\/v2\/media?parent=19509"}],"curies":[{"name":"wp","href":"https:\/\/api.w.org\/{rel}","templated":true}]}}