{"id":18655,"date":"2022-11-09T08:28:12","date_gmt":"2022-11-09T08:28:12","guid":{"rendered":"https:\/\/arbrea-labs.com\/?page_id=18655"},"modified":"2024-07-17T19:32:38","modified_gmt":"2024-07-17T17:32:38","slug":"impressum","status":"publish","type":"page","link":"https:\/\/arbrea-labs.com\/de\/imprint\/","title":{"rendered":"Impressum"},"content":{"rendered":"<h3 class=\"wp-block-heading\" id=\"h-responsible-for-the-content\">VERANTWORTLICH F\u00dcR DEN INHALT<\/h3>\r\n\r\n\r\n\r\n<p>ARBREA LABS AG<br \/>Technoparkstra\u00dfe 1<br \/>8005 Z\u00fcrich<\/p>\r\n\r\n\r\n\r\n<p>Telefon: +41 78 203 33 38 <br \/>E-Mail:\u00a0support@arbrea-labs.com<\/p>\r\n\r\n\r\n\r\n<p><strong>1. Inhalt<\/strong><br \/>Der Autor hat alle zumutbaren Schritte unternommen, um sicherzustellen, dass die auf diesen Webseiten enthaltenen Informationen zum Zeitpunkt der Erstellung korrekt und genau sind. Obwohl bei der Zusammenstellung dieser Informationen gr\u00f6\u00dfte Sorgfalt angewandt wurde, kann der Autor nicht f\u00fcr Verluste, Sch\u00e4den oder Unannehmlichkeiten verantwortlich gemacht werden, die durch Ungenauigkeiten oder Fehler auf diesen Seiten oder in den Systemen entstehen. Die Dokumente k\u00f6nnen Druckfehler, Auslassungsfehler, technische oder redaktionelle Ungenauigkeiten enthalten. Alle Angebote auf dieser Website sind \"wie sie sind\", ohne ausdr\u00fcckliche oder stillschweigende Garantie f\u00fcr die Richtigkeit oder Zug\u00e4nglichkeit. Der Autor beh\u00e4lt sich das Recht vor, den Inhalt der gesamten Website jederzeit und ohne Vorank\u00fcndigung zu \u00e4ndern, zu entfernen, zu bearbeiten, zu erg\u00e4nzen und in jeder Weise zu kontrollieren.<br \/><br \/><strong>2. Links<\/strong><br \/>Diese Website enth\u00e4lt Links zu anderen \u00f6ffentlichen und privaten Websites. Diese verlinkten Seiten stehen nicht unter der Kontrolle des Autors und der Autor ist nicht verantwortlich f\u00fcr den Inhalt einer verlinkten Seite oder eines Links, der in einer verlinkten Seite enthalten ist. Der Autor stellt diese Links als Annehmlichkeit zur Verf\u00fcgung, und die Aufnahme eines Links bedeutet nicht, dass der Autor den Inhalt dieser Seiten guthei\u00dft. Der Autor \u00fcbernimmt keine Gew\u00e4hr f\u00fcr die Richtigkeit oder Verl\u00e4sslichkeit von Inhalten, die in einem interaktiven Bereich ver\u00f6ffentlicht werden, einschlie\u00dflich, aber nicht beschr\u00e4nkt auf G\u00e4steb\u00fccher, Foren und Mailinglisten, und der Verlass auf solche Inhalte erfolgt auf eigenes Risiko des Benutzers. Alle Inhalte, die von Nutzern in einem interaktiven Bereich ver\u00f6ffentlicht werden, sind die Ansichten des Nutzers, der die Erkl\u00e4rung abgibt, und stellen nicht die Ansichten des Autors dar.<br \/><br \/><strong>3. Urheberrecht<\/strong><br \/>Diese Website enth\u00e4lt Informationen, Fotos, Audio- und Videoclips, Grafiken, Links und anderes Material, das durch Urheberrechte, Markenrechte oder andere Eigentumsrechte des Autors oder Dritter gesch\u00fctzt ist. Niemand ist berechtigt, die Website oder Teile davon, einschlie\u00dflich der zugeh\u00f6rigen Grafiken, Audio- und Videoclips und Texte, ohne schriftliche Genehmigung des Autors zu verwenden, zu kopieren, zu \u00fcbertragen, zu reproduzieren oder zu vertreiben.<br \/><br \/><strong>4. Salvatorische Klausel<\/strong><br \/>F\u00fcr den Fall, dass eine Bestimmung dieses Haftungsausschlusses oder dessen Anwendung f\u00fcr rechtswidrig, ung\u00fcltig oder nicht durchsetzbar erkl\u00e4rt wird, bleiben die \u00fcbrigen Bestimmungen dieses Haftungsausschlusses in vollem Umfang in Kraft.<\/p>\r\n\r\n\r\n\r\n<p><strong>Google Analytics<\/strong><\/p>\r\n\r\n\r\n\r\n<p>Diese Website benutzt Google Analytics, einen Webanalysedienst der Google Inc. (\"Google\"). Google Analytics verwendet sog. \"Cookies\", Textdateien, die auf Ihrem Computer gespeichert werden und die eine Analyse der Benutzung der Website durch Sie erm\u00f6glichen. Die durch den Cookie erzeugten Informationen \u00fcber Ihre Benutzung dieser Website (einschlie\u00dflich Ihrer IP-Adresse) werden an einen Server von Google in den USA und anderen L\u00e4ndern \u00fcbertragen und dort gespeichert. Google wird diese Informationen benutzen, um Ihre Nutzung der Website auszuwerten, um Reports \u00fcber die Websiteaktivit\u00e4ten f\u00fcr die Websitebetreiber zusammenzustellen und um weitere mit der Websitenutzung und der Internetnutzung verbundene Dienstleistungen zu erbringen. Auch wird Google diese Informationen gegebenenfalls an Dritte \u00fcbertragen, sofern dies gesetzlich vorgeschrieben oder soweit Dritte diese Daten im Auftrag von Google verarbeiten. Google wird Ihre IP-Adresse nicht mit anderen von Google gespeicherten Daten in Verbindung bringen. Sie k\u00f6nnen die Installation der Cookies durch eine entsprechende Einstellung Ihrer Browser Software verhindern; wir weisen Sie jedoch darauf hin, dass Sie in diesem Fall gegebenenfalls nicht s\u00e4mtliche Funktionen dieser Website voll umf\u00e4nglich nutzen k\u00f6nnen. Durch die Nutzung dieser Website erkl\u00e4ren Sie sich mit der Bearbeitung der \u00fcber Sie erhobenen Daten durch Google in der zuvor beschriebenen Art und Weise und zu dem zuvor benannten Zweck einverstanden.<\/p>\r\n\r\n\r\n\r\n<p>&nbsp;<\/p>","protected":false},"excerpt":{"rendered":"<p>VERANTWORTLICH F\u00dcR DEN INHALT ARBREA LABS AGTechnoparkstrasse 18005 Z\u00fcrich Telefon: +41 78 203 33 38 E-Mail: support@arbrea-labs.com 1. InhaltDer Autor hat alle angemessenen Schritte unternommen, um sicherzustellen, dass...<\/p>","protected":false},"author":1,"featured_media":26528,"parent":0,"menu_order":0,"comment_status":"closed","ping_status":"closed","template":"","meta":{"footnotes":""},"class_list":["post-18655","page","type-page","status-publish","has-post-thumbnail"],"yoast_head":"<!-- This site is optimized with the Yoast SEO Premium plugin v27.3 (Yoast SEO v27.3) - https:\/\/yoast.com\/product\/yoast-seo-premium-wordpress\/ -->\n<title>Imprint - Arbrea Labs<\/title>\n<meta name=\"description\" content=\"Find essential information about Arbrea Labs, including company details, contact information, and legal disclosures. Visit our Imprint page for full transparency and compliance information.\" \/>\n<meta name=\"robots\" content=\"index, follow, max-snippet:-1, max-image-preview:large, max-video-preview:-1\" \/>\n<link rel=\"canonical\" href=\"https:\/\/arbrea-labs.com\/de\/impressum\/\" \/>\n<meta property=\"og:locale\" content=\"de_DE\" \/>\n<meta property=\"og:type\" content=\"article\" \/>\n<meta property=\"og:title\" content=\"Imprint\" \/>\n<meta property=\"og:description\" content=\"Find essential information about Arbrea Labs, including company details, contact information, and legal disclosures. Visit our Imprint page for full transparency and compliance information.\" \/>\n<meta property=\"og:url\" content=\"https:\/\/arbrea-labs.com\/de\/impressum\/\" \/>\n<meta property=\"og:site_name\" content=\"Arbrea Labs\" \/>\n<meta property=\"article:publisher\" content=\"https:\/\/www.facebook.com\/arbrealabs\" \/>\n<meta property=\"article:modified_time\" content=\"2024-07-17T17:32:38+00:00\" \/>\n<meta property=\"og:image\" content=\"https:\/\/arbrea-labs.com\/wp-content\/uploads\/2024\/05\/122-1-e1717143587141-878x1024.png\" \/>\n\t<meta property=\"og:image:width\" content=\"878\" \/>\n\t<meta property=\"og:image:height\" content=\"1024\" \/>\n\t<meta property=\"og:image:type\" content=\"image\/png\" \/>\n<meta name=\"twitter:card\" content=\"summary_large_image\" \/>\n<meta name=\"twitter:label1\" content=\"Gesch\u00e4tzte Lesezeit\" \/>\n\t<meta name=\"twitter:data1\" content=\"3\u00a0Minuten\" \/>\n<script type=\"application\/ld+json\" class=\"yoast-schema-graph\">{\"@context\":\"https:\\\/\\\/schema.org\",\"@graph\":[{\"@type\":\"WebPage\",\"@id\":\"https:\\\/\\\/arbrea-labs.com\\\/imprint\\\/\",\"url\":\"https:\\\/\\\/arbrea-labs.com\\\/imprint\\\/\",\"name\":\"Imprint - Arbrea Labs\",\"isPartOf\":{\"@id\":\"https:\\\/\\\/arbrea-labs.com\\\/#website\"},\"primaryImageOfPage\":{\"@id\":\"https:\\\/\\\/arbrea-labs.com\\\/imprint\\\/#primaryimage\"},\"image\":{\"@id\":\"https:\\\/\\\/arbrea-labs.com\\\/imprint\\\/#primaryimage\"},\"thumbnailUrl\":\"https:\\\/\\\/arbrea-labs.com\\\/wp-content\\\/uploads\\\/2024\\\/05\\\/122-1-e1717143587141.png\",\"datePublished\":\"2022-11-09T08:28:12+00:00\",\"dateModified\":\"2024-07-17T17:32:38+00:00\",\"description\":\"Find essential information about Arbrea Labs, including company details, contact information, and legal disclosures. Visit our Imprint page for full transparency and compliance information.\",\"breadcrumb\":{\"@id\":\"https:\\\/\\\/arbrea-labs.com\\\/imprint\\\/#breadcrumb\"},\"inLanguage\":\"de\",\"potentialAction\":[{\"@type\":\"ReadAction\",\"target\":[\"https:\\\/\\\/arbrea-labs.com\\\/imprint\\\/\"]}]},{\"@type\":\"ImageObject\",\"inLanguage\":\"de\",\"@id\":\"https:\\\/\\\/arbrea-labs.com\\\/imprint\\\/#primaryimage\",\"url\":\"https:\\\/\\\/arbrea-labs.com\\\/wp-content\\\/uploads\\\/2024\\\/05\\\/122-1-e1717143587141.png\",\"contentUrl\":\"https:\\\/\\\/arbrea-labs.com\\\/wp-content\\\/uploads\\\/2024\\\/05\\\/122-1-e1717143587141.png\",\"width\":1207,\"height\":1408,\"caption\":\"Lindapp lead generator\"},{\"@type\":\"BreadcrumbList\",\"@id\":\"https:\\\/\\\/arbrea-labs.com\\\/imprint\\\/#breadcrumb\",\"itemListElement\":[{\"@type\":\"ListItem\",\"position\":1,\"name\":\"Home\",\"item\":\"https:\\\/\\\/arbrea-labs.com\\\/\"},{\"@type\":\"ListItem\",\"position\":2,\"name\":\"Imprint\"}]},{\"@type\":\"WebSite\",\"@id\":\"https:\\\/\\\/arbrea-labs.com\\\/#website\",\"url\":\"https:\\\/\\\/arbrea-labs.com\\\/\",\"name\":\"Arbrea Labs\",\"description\":\"Augmented Reality &amp; 3D Solutions for Aesthetics\",\"publisher\":{\"@id\":\"https:\\\/\\\/arbrea-labs.com\\\/#organization\"},\"alternateName\":\"Arbrea\",\"potentialAction\":[{\"@type\":\"SearchAction\",\"target\":{\"@type\":\"EntryPoint\",\"urlTemplate\":\"https:\\\/\\\/arbrea-labs.com\\\/?s={search_term_string}\"},\"query-input\":{\"@type\":\"PropertyValueSpecification\",\"valueRequired\":true,\"valueName\":\"search_term_string\"}}],\"inLanguage\":\"de\"},{\"@type\":\"Organization\",\"@id\":\"https:\\\/\\\/arbrea-labs.com\\\/#organization\",\"name\":\"Arbrea Labs\",\"alternateName\":\"Arbrea\",\"url\":\"https:\\\/\\\/arbrea-labs.com\\\/\",\"logo\":{\"@type\":\"ImageObject\",\"inLanguage\":\"de\",\"@id\":\"https:\\\/\\\/arbrea-labs.com\\\/#\\\/schema\\\/logo\\\/image\\\/\",\"url\":\"https:\\\/\\\/arbrea-labs.com\\\/wp-content\\\/uploads\\\/2022\\\/01\\\/logo_arbrea_LABS-01-1-e1641392734450.png\",\"contentUrl\":\"https:\\\/\\\/arbrea-labs.com\\\/wp-content\\\/uploads\\\/2022\\\/01\\\/logo_arbrea_LABS-01-1-e1641392734450.png\",\"width\":2000,\"height\":750,\"caption\":\"Arbrea Labs\"},\"image\":{\"@id\":\"https:\\\/\\\/arbrea-labs.com\\\/#\\\/schema\\\/logo\\\/image\\\/\"},\"sameAs\":[\"https:\\\/\\\/www.facebook.com\\\/arbrealabs\",\"https:\\\/\\\/www.instagram.com\\\/arbrealabs\\\/\",\"https:\\\/\\\/www.linkedin.com\\\/company\\\/arbrea-labs-ag\\\/\",\"https:\\\/\\\/www.youtube.com\\\/channel\\\/UCbHN9gofXJv8rMAHcAguTcg\"],\"description\":\"Arbrea Labs leads the way in blending advanced AI technology with personalized healthcare. Our fast, simple and safe Augmented Reality & 3D simulators optimize consultations, saving time and enhancing patient education. Meanwhile, our AR-driven marketing booster enhances patient journeys, maximizing marketing ROI and fostering efficient lead generation. Join us as we shape the future of aesthetic healthcare.\",\"email\":\"info@arbrea-labs.com\",\"legalName\":\"Arbrea Labs AG\",\"foundingDate\":\"2018-03-04\",\"vatID\":\"CHE-292.633.177\",\"numberOfEmployees\":{\"@type\":\"QuantitativeValue\",\"minValue\":\"11\",\"maxValue\":\"50\"}}]}<\/script>\n<!-- \/ Yoast SEO Premium plugin. -->","yoast_head_json":{"title":"Impressum - Arbrea Labs","description":"Hier finden Sie wichtige Informationen \u00fcber Arbrea Labs, einschlie\u00dflich Unternehmensdaten, Kontaktinformationen und rechtliche Hinweise. Besuchen Sie unsere Impressumsseite f\u00fcr vollst\u00e4ndige Informationen zu Transparenz und Compliance.","robots":{"index":"index","follow":"follow","max-snippet":"max-snippet:-1","max-image-preview":"max-image-preview:large","max-video-preview":"max-video-preview:-1"},"canonical":"https:\/\/arbrea-labs.com\/de\/impressum\/","og_locale":"de_DE","og_type":"article","og_title":"Imprint","og_description":"Find essential information about Arbrea Labs, including company details, contact information, and legal disclosures. Visit our Imprint page for full transparency and compliance information.","og_url":"https:\/\/arbrea-labs.com\/de\/impressum\/","og_site_name":"Arbrea Labs","article_publisher":"https:\/\/www.facebook.com\/arbrealabs","article_modified_time":"2024-07-17T17:32:38+00:00","og_image":[{"width":878,"height":1024,"url":"https:\/\/arbrea-labs.com\/wp-content\/uploads\/2024\/05\/122-1-e1717143587141-878x1024.png","type":"image\/png"}],"twitter_card":"summary_large_image","twitter_misc":{"Gesch\u00e4tzte Lesezeit":"3\u00a0Minuten"},"schema":{"@context":"https:\/\/schema.org","@graph":[{"@type":"WebPage","@id":"https:\/\/arbrea-labs.com\/imprint\/","url":"https:\/\/arbrea-labs.com\/imprint\/","name":"Impressum - Arbrea Labs","isPartOf":{"@id":"https:\/\/arbrea-labs.com\/#website"},"primaryImageOfPage":{"@id":"https:\/\/arbrea-labs.com\/imprint\/#primaryimage"},"image":{"@id":"https:\/\/arbrea-labs.com\/imprint\/#primaryimage"},"thumbnailUrl":"https:\/\/arbrea-labs.com\/wp-content\/uploads\/2024\/05\/122-1-e1717143587141.png","datePublished":"2022-11-09T08:28:12+00:00","dateModified":"2024-07-17T17:32:38+00:00","description":"Hier finden Sie wichtige Informationen \u00fcber Arbrea Labs, einschlie\u00dflich Unternehmensdaten, Kontaktinformationen und rechtliche Hinweise. Besuchen Sie unsere Impressumsseite f\u00fcr vollst\u00e4ndige Informationen zu Transparenz und Compliance.","breadcrumb":{"@id":"https:\/\/arbrea-labs.com\/imprint\/#breadcrumb"},"inLanguage":"de","potentialAction":[{"@type":"ReadAction","target":["https:\/\/arbrea-labs.com\/imprint\/"]}]},{"@type":"ImageObject","inLanguage":"de","@id":"https:\/\/arbrea-labs.com\/imprint\/#primaryimage","url":"https:\/\/arbrea-labs.com\/wp-content\/uploads\/2024\/05\/122-1-e1717143587141.png","contentUrl":"https:\/\/arbrea-labs.com\/wp-content\/uploads\/2024\/05\/122-1-e1717143587141.png","width":1207,"height":1408,"caption":"Lindapp lead generator"},{"@type":"BreadcrumbList","@id":"https:\/\/arbrea-labs.com\/imprint\/#breadcrumb","itemListElement":[{"@type":"ListItem","position":1,"name":"Home","item":"https:\/\/arbrea-labs.com\/"},{"@type":"ListItem","position":2,"name":"Imprint"}]},{"@type":"WebSite","@id":"https:\/\/arbrea-labs.com\/#website","url":"https:\/\/arbrea-labs.com\/","name":"Arbrea-Labore","description":"Augmented Reality &amp; 3D-L\u00f6sungen f\u00fcr die \u00c4sthetik","publisher":{"@id":"https:\/\/arbrea-labs.com\/#organization"},"alternateName":"Arbrea","potentialAction":[{"@type":"SearchAction","target":{"@type":"EntryPoint","urlTemplate":"https:\/\/arbrea-labs.com\/?s={search_term_string}"},"query-input":{"@type":"PropertyValueSpecification","valueRequired":true,"valueName":"search_term_string"}}],"inLanguage":"de"},{"@type":"Organization","@id":"https:\/\/arbrea-labs.com\/#organization","name":"Arbrea-Labore","alternateName":"Arbrea","url":"https:\/\/arbrea-labs.com\/","logo":{"@type":"ImageObject","inLanguage":"de","@id":"https:\/\/arbrea-labs.com\/#\/schema\/logo\/image\/","url":"https:\/\/arbrea-labs.com\/wp-content\/uploads\/2022\/01\/logo_arbrea_LABS-01-1-e1641392734450.png","contentUrl":"https:\/\/arbrea-labs.com\/wp-content\/uploads\/2022\/01\/logo_arbrea_LABS-01-1-e1641392734450.png","width":2000,"height":750,"caption":"Arbrea Labs"},"image":{"@id":"https:\/\/arbrea-labs.com\/#\/schema\/logo\/image\/"},"sameAs":["https:\/\/www.facebook.com\/arbrealabs","https:\/\/www.instagram.com\/arbrealabs\/","https:\/\/www.linkedin.com\/company\/arbrea-labs-ag\/","https:\/\/www.youtube.com\/channel\/UCbHN9gofXJv8rMAHcAguTcg"],"description":"Arbrea Labs ist f\u00fchrend in der Verbindung von fortschrittlicher KI-Technologie mit personalisierter Medizin. Unsere schnellen, einfachen und sicheren Augmented Reality- und 3D-Simulatoren optimieren Beratungsgespr\u00e4che, sparen Zeit und verbessern die Patientenaufkl\u00e4rung. Gleichzeitig verbessert unser AR-gesteuerter Marketing-Booster die Patientenreise, maximiert den Marketing-ROI und f\u00f6rdert die effiziente Lead-Generierung. Gestalten Sie mit uns die Zukunft der \u00e4sthetischen Medizin.","email":"info@arbrea-labs.com","legalName":"Arbrea Labs AG","foundingDate":"2018-03-04","vatID":"CHE-292.633.177","numberOfEmployees":{"@type":"QuantitativeValue","minValue":"11","maxValue":"50"}}]}},"_links":{"self":[{"href":"https:\/\/arbrea-labs.com\/de\/wp-json\/wp\/v2\/pages\/18655","targetHints":{"allow":["GET"]}}],"collection":[{"href":"https:\/\/arbrea-labs.com\/de\/wp-json\/wp\/v2\/pages"}],"about":[{"href":"https:\/\/arbrea-labs.com\/de\/wp-json\/wp\/v2\/types\/page"}],"author":[{"embeddable":true,"href":"https:\/\/arbrea-labs.com\/de\/wp-json\/wp\/v2\/users\/1"}],"replies":[{"embeddable":true,"href":"https:\/\/arbrea-labs.com\/de\/wp-json\/wp\/v2\/comments?post=18655"}],"version-history":[{"count":0,"href":"https:\/\/arbrea-labs.com\/de\/wp-json\/wp\/v2\/pages\/18655\/revisions"}],"wp:featuredmedia":[{"embeddable":true,"href":"https:\/\/arbrea-labs.com\/de\/wp-json\/wp\/v2\/media\/26528"}],"wp:attachment":[{"href":"https:\/\/arbrea-labs.com\/de\/wp-json\/wp\/v2\/media?parent=18655"}],"curies":[{"name":"wp","href":"https:\/\/api.w.org\/{rel}","templated":true}]}}