{"id":18354,"date":"2022-09-15T07:29:52","date_gmt":"2022-09-15T07:29:52","guid":{"rendered":"https:\/\/arbrea-labs.com\/?page_id=18354"},"modified":"2026-04-03T06:57:39","modified_gmt":"2026-04-03T04:57:39","slug":"verkaufsleiter","status":"publish","type":"page","link":"https:\/\/arbrea-labs.com\/de\/sales-executive\/","title":{"rendered":"Verkaufsleiter"},"content":{"rendered":"<div id=\"fws_69d52084d9ab4\"  data-column-margin=\"default\" data-midnight=\"light\" data-top-percent=\"2%\" data-bottom-percent=\"2%\"  class=\"wpb_row vc_row-fluid vc_row full-width-section\"  style=\"padding-top: calc(100vw * 0.02); padding-bottom: calc(100vw * 0.02); \"><div class=\"row-bg-wrap\" data-bg-animation=\"none\" data-bg-animation-delay=\"\" data-bg-overlay=\"true\"><div class=\"inner-wrap row-bg-layer using-image\" ><div class=\"row-bg viewport-desktop using-image lazyload\" style=\"background-image: url(https:\/\/arbrea-labs.com\/wp-includes\/images\/blank.gif);background-position: center center;background-repeat: no-repeat;\" data-background-image=\"https:\/\/arbrea-labs.com\/wp-content\/uploads\/2025\/02\/pexels-mikhail-nilov-6592684-scaled.jpg\"><\/div><\/div><div class=\"row-bg-overlay row-bg-layer\" style=\"background-color:#0c0c0c;  opacity: 0.3; \"><\/div><\/div><div class=\"row_col_wrap_12 col span_12 light left\">\n\t<div  class=\"vc_col-sm-2 wpb_column column_container vc_column_container col no-extra-padding inherit_tablet inherit_phone flex_gap_desktop_10px\"  data-padding-pos=\"all\" data-has-bg-color=\"false\" data-bg-color=\"\" data-bg-opacity=\"1\" data-animation=\"\" data-delay=\"0\" >\n\t\t<div class=\"vc_column-inner\" >\n\t\t\t<div class=\"wpb_wrapper\">\n\t\t\t\t\n\t\t\t<\/div> \n\t\t<\/div>\n\t<\/div> \n\n\t<div  class=\"vc_col-sm-8 wpb_column column_container vc_column_container col centered-text has-animation no-extra-padding inherit_tablet inherit_phone flex_gap_desktop_10px\"  data-padding-pos=\"all\" data-has-bg-color=\"false\" data-bg-color=\"\" data-bg-opacity=\"1\" data-animation=\"zoom-out\" data-delay=\"0\" >\n\t\t<div class=\"vc_column-inner\" >\n\t\t\t<div class=\"wpb_wrapper\">\n\t\t\t\t<h4 style=\"font-size: 20px;color: rgba(255,255,255,0.7);line-height: 36px;text-align: center;font-family:Roboto;font-weight:500;font-style:normal\" class=\"vc_custom_heading vc_do_custom_heading vc_custom_1739894927271\" >Treten Sie unserem Verkaufsteam bei<\/h4><h1 style=\"font-size: 83px;line-height: 98px;text-align: center;font-family:Roboto;font-weight:;font-style:\" class=\"vc_custom_heading vc_do_custom_heading vc_custom_1764670644637\" >Junior Sales Development Representative<\/h1>\n\t\t\t<\/div> \n\t\t<\/div>\n\t<\/div> \n\n\t<div  class=\"vc_col-sm-2 wpb_column column_container vc_column_container col no-extra-padding inherit_tablet inherit_phone flex_gap_desktop_10px\"  data-padding-pos=\"all\" data-has-bg-color=\"false\" data-bg-color=\"\" data-bg-opacity=\"1\" data-animation=\"\" data-delay=\"0\" >\n\t\t<div class=\"vc_column-inner\" >\n\t\t\t<div class=\"wpb_wrapper\">\n\t\t\t\t\n\t\t\t<\/div> \n\t\t<\/div>\n\t<\/div> \n<\/div><\/div>\n\t\t<div id=\"fws_69d52084da048\"  data-column-margin=\"default\" data-midnight=\"dark\" data-top-percent=\"3%\"  class=\"wpb_row vc_row-fluid vc_row\"  style=\"padding-top: calc(100vw * 0.03); padding-bottom: 0px; \"><div class=\"row-bg-wrap\" data-bg-animation=\"none\" data-bg-animation-delay=\"\" data-bg-overlay=\"false\"><div class=\"inner-wrap row-bg-layer\" ><div class=\"row-bg viewport-desktop\"  style=\"\"><\/div><\/div><\/div><div class=\"row_col_wrap_12 col span_12 dark left\">\n\t<div  class=\"vc_col-sm-12 wpb_column column_container vc_column_container col no-extra-padding inherit_tablet inherit_phone flex_gap_desktop_10px\"  data-padding-pos=\"all\" data-has-bg-color=\"false\" data-bg-color=\"\" data-bg-opacity=\"1\" data-animation=\"\" data-delay=\"0\" >\n\t\t<div class=\"vc_column-inner\" >\n\t\t\t<div class=\"wpb_wrapper\">\n\t\t\t\t\n<div class=\"wpb_text_column wpb_content_element\" >\n\t<h2><\/h2>\n<p><strong>Wir suchen neue Mitarbeiter!<\/strong><\/p>\n<p><strong>Bitte lesen Sie sorgf\u00e4ltig und befolgen Sie den Bewerbungsprozess genau. Bewerber, die sich nicht genau an das beschriebene Verfahren halten, werden von uns nicht bewertet.<\/strong><\/p>\n<p><strong>Your profile does not match our requirements perfectly? If you feel your mindset does, please prove us wrong by astonishing us in the process!<\/strong><\/p>\n<p><strong>Wer sind wir?<\/strong><\/p>\n<p>Arbrea Labs ist ein Schweizer Startup und ein Spin-off der ETH Z\u00fcrich (Eidgen\u00f6ssische Technische Hochschule). Wir entwickeln modernste KI- und AR-Technologie f\u00fcr digitale menschliche Avatare, die von mobilen Ger\u00e4ten aus erstellt werden. Unser Fokus liegt auf der Pr\u00e4visualisierung von rekonstruktiven und \u00e4sthetischen Brustoperationen. Wir sind stolz darauf, Echtzeit-Augmented-Reality-Tools zur Pr\u00e4visualisierung von \u00e4sthetischen, plastischen und rekonstruktiven Operationen und nicht-invasiven Verfahren f\u00fcr Chirurgen und Patienten zu entwickeln.<\/p>\n<p>Arbrea Labs besteht aus einem dynamischen, schnell wachsenden Team von starken Forschungs- und Entwicklungsingenieuren, Vertriebspartnern und digitalen Vermarktern.<\/p>\n<p><strong>Unser Manifest:<\/strong><\/p>\n<p>We believe technology is a huge asset for the world but it must be fast, simple and safe to use. We are bringing this concept to the Aesthetic Market by offering tools both patients and professionals can fully benefit from with no hassle.<\/p>\n<p>We also believe nothing can be done without human passion, honest transparency, the right mindset and attitude and we are looking for candidates that share our core values.<\/p>\n<p><strong>Unser Projekt:<\/strong><\/p>\n<p>Wir sind derzeit voll auf Expansionskurs und suchen daher die besten Vertriebsprofis, die sich in unser Team integrieren und zu Schl\u00fcsselfiguren der Arbrea-Expansion werden.<\/p>\n<p>Sie werden ein entscheidender Teamplayer im Au\u00dfendienst sein und an dieser Revolution teilnehmen, indem Sie einen neuen Markt schaffen und Ihr Portfolio pflegen, f\u00fcr die Kundenbetreuung verantwortlich sind und Ihre Bem\u00fchungen so ausrichten, dass Sie den gr\u00f6\u00dften Gesamteinfluss auf die Unternehmensergebnisse haben.<\/p>\n<p><strong>Ihre Herausforderung:&nbsp;<\/strong><\/p>\n<ul class=\"e1c45ffe _21bfc4c1\">\n<li>Stimulierung des Umsatzwachstums und Maximierung von Volumen und Gewinn.<\/li>\n<li>Identify new company ambassadors and KOLs in the community<\/li>\n<li>Verfolgung der Verkaufsziele im Zusammenhang mit den festgelegten KPIs<\/li>\n<li>Follow up on the company&#8217;s strategy in terms of direct sales, events and new partnerships<\/li>\n<li>\u00dcberpr\u00fcfen Sie den Umfang der Ziele des zugewiesenen Bereichs, analysieren Sie die Gesch\u00e4ftsergebnisse und f\u00fchren Sie agile Ma\u00dfnahmen durch.<\/li>\n<li>Pursue business opportunities and growth by organising yourself and your time under the company guidelines<\/li>\n<li>Kontinuierliche \u00dcberwachung, Analyse und Nachverfolgung des Umsatzes im Vergleich zum Budget.<\/li>\n<li>\u00dcberwachen und bewerten Sie die Nutzung durch den Kunden, indem Sie ihm regelm\u00e4\u00dfig Feedback und Unterst\u00fctzung geben.<\/li>\n<li>Austausch erfolgreicher Beispiele, Gesch\u00e4ftsf\u00e4lle und neuer erfolgreicher Aktivit\u00e4ten<\/li>\n<li>Ergreifen Sie die Initiative zur Verbesserung der Produktkenntnisse, indem Sie ehrlich mit Ihren Kunden interagieren und den bestm\u00f6glichen Support bieten.<\/li>\n<li>Schaffen Sie Vertrauen und halten Sie Ihre Versprechen stets ein<\/li>\n<li>Sicherstellen, dass die Verfahren, Richtlinien, rechtlichen Anforderungen und ethischen Standards angewandt werden, um den Schutz der Verm\u00f6genswerte des Unternehmens zu gew\u00e4hrleisten.<\/li>\n<li>Unterst\u00fctzung, Einarbeitung und Marketingschulungen f\u00fcr Kunden<\/li>\n<li>Erreichen Sie die Zielvorgaben in Ihrem Bereich, bieten Sie den besten Wert und halten Sie das Serviceniveau aufrecht.<\/li>\n<\/ul>\n<p><strong>Sie sind f\u00fcr diese Stelle bestens geeignet, wenn Sie:<\/strong><\/p>\n<ul class=\"e1c45ffe _21bfc4c1\">\n<li>Sie k\u00fcmmern sich um unseren Auftrag und betrachten ihn als \"pers\u00f6nliches\" Problem, das professionell gel\u00f6st werden muss.<\/li>\n<li>Grundausbildung obligatorisch. Bachelor-Abschluss - erw\u00fcnscht, nicht zwingend erforderlich<\/li>\n<li>+2 years of experience in a Sales position (ideally in the Medical Industry). Strong analytical skills<\/li>\n<li>Previous experience in Sales and or Marketing will be a plus desired.<\/li>\n<li>Ausgezeichnetes Verhandlungsgeschick und F\u00e4higkeit zum Aufbau von Beziehungen.<\/li>\n<li>Eine ergebnis- und leistungsorientierte Person mit stark verbraucherorientiertem Denken.<\/li>\n<li>Flexibilit\u00e4t und Anpassungsf\u00e4higkeit, um in Grauzonen zu arbeiten, die noch keiner bestimmten Abteilung zugeordnet sind.<\/li>\n<li><strong>Fluent in Portuguese and advanced English, or fully fluent in both<\/strong><\/li>\n<li>Fortgeschrittene technische Kenntnisse im Umgang mit grundlegenden Werkzeugen - ein Plus.<\/li>\n<li>Fr\u00fchere Erfahrungen im Bereich der plastischen Chirurgie - ein gro\u00dfes Plus<\/li>\n<li><strong>Die richtige Einstellung und eine gute Stimmung - obligatorisch.<\/strong><\/li>\n<\/ul>\n<p><strong>Arbrea Life Leistungen<\/strong><\/p>\n<p>Die Welt zu verbessern ist harte Arbeit, deshalb unterst\u00fctzen wir unser Dream Team mit:<\/p>\n<ul class=\"e1c45ffe _21bfc4c1\">\n<li>Limitless professional development in one of the fastest-growing companies in this category.<\/li>\n<li>Eine Kultur der Freiheit, der Verantwortung und der radikalen Ehrlichkeit<\/li>\n<li>Ein unternehmerisches Umfeld, das die Innovation f\u00f6rdert<\/li>\n<li>A global environment with colleagues across the entire globe<\/li>\n<li>Ein flexibles Arbeitsumfeld<\/li>\n<li>Zus\u00e4tzliche Preise bei Erreichen der Ziele<\/li>\n<li>Vollst\u00e4ndig entfernte Position<\/li>\n<li>Kostenerstattung f\u00fcr Reisen oder Kundenbesuche<\/li>\n<li>\u00c4u\u00dferst wettbewerbsf\u00e4hige wirtschaftliche Bedingungen<\/li>\n<li>Die neuesten IT-Ger\u00e4te f\u00fcr die Arbeit<\/li>\n<\/ul>\n<p><strong>Gehaltsbedingungen<\/strong><\/p>\n<ul class=\"e1c45ffe _21bfc4c1\">\n<li>Eine anf\u00e4ngliche Probezeit von sechs Monaten mit einem sehr interessanten Provisions- und Bonuspaket.<\/li>\n<li>After six months Fix salary plus bonus, all discussed and agreed upon before the start.<\/li>\n<li>Zus\u00e4tzliche monatliche Ziele und Vorteile.<\/li>\n<li>M\u00f6glichkeit von Bildungsinvestitionen und ESOP (bis zur Diskussion).<\/li>\n<\/ul>\n<p><strong>Arbrea Life Leistungen<\/strong><\/p>\n<p>Wie man sich bewirbt:<\/p>\n<ol class=\"e1c45ffe _653173c6\">\n<li>Lesen Sie diesen Beitrag mit Ruhe und \u00fcberst\u00fcrzen Sie nichts.<\/li>\n<li>Klicken Sie auf den Link und bewerben Sie sich auf unserer Website<\/li>\n<\/ol>\n<p><strong>Erkl\u00e4rung zu Vielfalt und Integration<\/strong><\/p>\n<p>Vielfalt und Integration sind uns wichtig, und wir arbeiten st\u00e4ndig daran, diese Aspekte zu verbessern. Bei Arbrea akzeptieren wir unsere Unterschiede nicht nur, wir unterst\u00fctzen und feiern sie.<\/p>\n<p>Wir verpflichten uns zur Chancengleichheit bei der Einstellung, unabh\u00e4ngig von Ethnie, Hautfarbe, Abstammung, Religion, Geschlecht, nationaler Herkunft, sexueller Orientierung, Alter, Staatsb\u00fcrgerschaft, Familienstand, Behinderung, Geschlecht, Geschlechtsidentit\u00e4t oder -ausdruck.<\/p>\n<\/div>\n\n\n\n\n\t\t\t<\/div> \n\t\t<\/div>\n\t<\/div> \n<\/div><\/div>\n\t\t<div id=\"fws_69d52084da7ac\"  data-column-margin=\"default\" data-midnight=\"dark\"  class=\"wpb_row vc_row-fluid vc_row\"  style=\"padding-top: 0px; padding-bottom: 0px; \"><div class=\"row-bg-wrap\" data-bg-animation=\"none\" data-bg-animation-delay=\"\" data-bg-overlay=\"false\"><div class=\"inner-wrap row-bg-layer\" ><div class=\"row-bg viewport-desktop\"  style=\"\"><\/div><\/div><\/div><div class=\"row_col_wrap_12 col span_12 dark left\">\n\t<div  class=\"vc_col-sm-12 wpb_column column_container vc_column_container col no-extra-padding inherit_tablet inherit_phone flex_gap_desktop_10px\"  data-padding-pos=\"all\" data-has-bg-color=\"false\" data-bg-color=\"\" data-bg-opacity=\"1\" data-animation=\"\" data-delay=\"0\" >\n\t\t<div class=\"vc_column-inner\" >\n\t\t\t<div class=\"wpb_wrapper\">\n\t\t\t\t\n\t<div class=\"wpb_raw_code wpb_raw_html wpb_content_element\" >\n\t\t<div class=\"wpb_wrapper\">\n\t\t\t<div data-tf-live=\"01HHMF95H0H69J77FJZEC6SK4V\"><\/div><script src=\"\/\/embed.typeform.com\/next\/embed.js\"><\/script>\n\t\t<\/div>\n\t<\/div>\n\n\t\t\t<\/div> \n\t\t<\/div>\n\t<\/div> \n<\/div><\/div><!-- \/wp:post-content -->","protected":false},"excerpt":{"rendered":"Verst\u00e4rken Sie unser VertriebsteamJunior Sales Development Representative Wir stellen ein! Bitte lesen Sie sorgf\u00e4ltig und befolgen Sie den Bewerbungsprozess genau. Wir werden keine Kandidaten bewerten, die...","protected":false},"author":1,"featured_media":0,"parent":0,"menu_order":0,"comment_status":"closed","ping_status":"closed","template":"","meta":{"footnotes":""},"class_list":["post-18354","page","type-page","status-publish"],"yoast_head":"<!-- This site is optimized with the Yoast SEO Premium plugin v27.3 (Yoast SEO v27.3) - https:\/\/yoast.com\/product\/yoast-seo-premium-wordpress\/ -->\n<title>Sales Executive: Join Our Exciting Team Today<\/title>\n<meta name=\"description\" content=\"Start your journey with Arbrea Labs as a Sales Executive. Help revolutionize the future of surgery with innovative technology.\" \/>\n<meta name=\"robots\" content=\"index, follow, max-snippet:-1, max-image-preview:large, max-video-preview:-1\" \/>\n<link rel=\"canonical\" href=\"https:\/\/arbrea-labs.com\/de\/verkaufsleiter\/\" \/>\n<meta property=\"og:locale\" content=\"de_DE\" \/>\n<meta property=\"og:type\" content=\"article\" \/>\n<meta property=\"og:title\" content=\"Sales Executive\" \/>\n<meta property=\"og:description\" content=\"Start your journey with Arbrea Labs as a Sales Executive. Help revolutionize the future of surgery with innovative technology.\" \/>\n<meta property=\"og:url\" content=\"https:\/\/arbrea-labs.com\/de\/verkaufsleiter\/\" \/>\n<meta property=\"og:site_name\" content=\"Arbrea Labs\" \/>\n<meta property=\"article:publisher\" content=\"https:\/\/www.facebook.com\/arbrealabs\" \/>\n<meta property=\"article:modified_time\" content=\"2026-04-03T04:57:39+00:00\" \/>\n<meta name=\"twitter:card\" content=\"summary_large_image\" \/>\n<meta name=\"twitter:label1\" content=\"Gesch\u00e4tzte Lesezeit\" \/>\n\t<meta name=\"twitter:data1\" content=\"4\u00a0Minuten\" \/>\n<script type=\"application\/ld+json\" class=\"yoast-schema-graph\">{\"@context\":\"https:\\\/\\\/schema.org\",\"@graph\":[{\"@type\":\"WebPage\",\"@id\":\"https:\\\/\\\/arbrea-labs.com\\\/sales-executive\\\/\",\"url\":\"https:\\\/\\\/arbrea-labs.com\\\/sales-executive\\\/\",\"name\":\"Sales Executive: Join Our Exciting Team Today\",\"isPartOf\":{\"@id\":\"https:\\\/\\\/arbrea-labs.com\\\/#website\"},\"datePublished\":\"2022-09-15T07:29:52+00:00\",\"dateModified\":\"2026-04-03T04:57:39+00:00\",\"description\":\"Start your journey with Arbrea Labs as a Sales Executive. Help revolutionize the future of surgery with innovative technology.\",\"breadcrumb\":{\"@id\":\"https:\\\/\\\/arbrea-labs.com\\\/sales-executive\\\/#breadcrumb\"},\"inLanguage\":\"de\",\"potentialAction\":[{\"@type\":\"ReadAction\",\"target\":[\"https:\\\/\\\/arbrea-labs.com\\\/sales-executive\\\/\"]}]},{\"@type\":\"BreadcrumbList\",\"@id\":\"https:\\\/\\\/arbrea-labs.com\\\/sales-executive\\\/#breadcrumb\",\"itemListElement\":[{\"@type\":\"ListItem\",\"position\":1,\"name\":\"Home\",\"item\":\"https:\\\/\\\/arbrea-labs.com\\\/\"},{\"@type\":\"ListItem\",\"position\":2,\"name\":\"Sales Executive\"}]},{\"@type\":\"WebSite\",\"@id\":\"https:\\\/\\\/arbrea-labs.com\\\/#website\",\"url\":\"https:\\\/\\\/arbrea-labs.com\\\/\",\"name\":\"Arbrea Labs\",\"description\":\"Augmented Reality &amp; 3D Solutions for Aesthetics\",\"publisher\":{\"@id\":\"https:\\\/\\\/arbrea-labs.com\\\/#organization\"},\"alternateName\":\"Arbrea\",\"potentialAction\":[{\"@type\":\"SearchAction\",\"target\":{\"@type\":\"EntryPoint\",\"urlTemplate\":\"https:\\\/\\\/arbrea-labs.com\\\/?s={search_term_string}\"},\"query-input\":{\"@type\":\"PropertyValueSpecification\",\"valueRequired\":true,\"valueName\":\"search_term_string\"}}],\"inLanguage\":\"de\"},{\"@type\":\"Organization\",\"@id\":\"https:\\\/\\\/arbrea-labs.com\\\/#organization\",\"name\":\"Arbrea Labs\",\"alternateName\":\"Arbrea\",\"url\":\"https:\\\/\\\/arbrea-labs.com\\\/\",\"logo\":{\"@type\":\"ImageObject\",\"inLanguage\":\"de\",\"@id\":\"https:\\\/\\\/arbrea-labs.com\\\/#\\\/schema\\\/logo\\\/image\\\/\",\"url\":\"https:\\\/\\\/arbrea-labs.com\\\/wp-content\\\/uploads\\\/2022\\\/01\\\/logo_arbrea_LABS-01-1-e1641392734450.png\",\"contentUrl\":\"https:\\\/\\\/arbrea-labs.com\\\/wp-content\\\/uploads\\\/2022\\\/01\\\/logo_arbrea_LABS-01-1-e1641392734450.png\",\"width\":2000,\"height\":750,\"caption\":\"Arbrea Labs\"},\"image\":{\"@id\":\"https:\\\/\\\/arbrea-labs.com\\\/#\\\/schema\\\/logo\\\/image\\\/\"},\"sameAs\":[\"https:\\\/\\\/www.facebook.com\\\/arbrealabs\",\"https:\\\/\\\/www.instagram.com\\\/arbrealabs\\\/\",\"https:\\\/\\\/www.linkedin.com\\\/company\\\/arbrea-labs-ag\\\/\",\"https:\\\/\\\/www.youtube.com\\\/channel\\\/UCbHN9gofXJv8rMAHcAguTcg\"],\"description\":\"Arbrea Labs leads the way in blending advanced AI technology with personalized healthcare. Our fast, simple and safe Augmented Reality & 3D simulators optimize consultations, saving time and enhancing patient education. Meanwhile, our AR-driven marketing booster enhances patient journeys, maximizing marketing ROI and fostering efficient lead generation. Join us as we shape the future of aesthetic healthcare.\",\"email\":\"info@arbrea-labs.com\",\"legalName\":\"Arbrea Labs AG\",\"foundingDate\":\"2018-03-04\",\"vatID\":\"CHE-292.633.177\",\"numberOfEmployees\":{\"@type\":\"QuantitativeValue\",\"minValue\":\"11\",\"maxValue\":\"50\"}}]}<\/script>\n<!-- \/ Yoast SEO Premium plugin. -->","yoast_head_json":{"title":"Sales Executive: Join Our Exciting Team Today","description":"Start your journey with Arbrea Labs as a Sales Executive. Help revolutionize the future of surgery with innovative technology.","robots":{"index":"index","follow":"follow","max-snippet":"max-snippet:-1","max-image-preview":"max-image-preview:large","max-video-preview":"max-video-preview:-1"},"canonical":"https:\/\/arbrea-labs.com\/de\/verkaufsleiter\/","og_locale":"de_DE","og_type":"article","og_title":"Sales Executive","og_description":"Start your journey with Arbrea Labs as a Sales Executive. Help revolutionize the future of surgery with innovative technology.","og_url":"https:\/\/arbrea-labs.com\/de\/verkaufsleiter\/","og_site_name":"Arbrea Labs","article_publisher":"https:\/\/www.facebook.com\/arbrealabs","article_modified_time":"2026-04-03T04:57:39+00:00","twitter_card":"summary_large_image","twitter_misc":{"Gesch\u00e4tzte Lesezeit":"4\u00a0Minuten"},"schema":{"@context":"https:\/\/schema.org","@graph":[{"@type":"WebPage","@id":"https:\/\/arbrea-labs.com\/sales-executive\/","url":"https:\/\/arbrea-labs.com\/sales-executive\/","name":"Sales Executive: Join Our Exciting Team Today","isPartOf":{"@id":"https:\/\/arbrea-labs.com\/#website"},"datePublished":"2022-09-15T07:29:52+00:00","dateModified":"2026-04-03T04:57:39+00:00","description":"Start your journey with Arbrea Labs as a Sales Executive. Help revolutionize the future of surgery with innovative technology.","breadcrumb":{"@id":"https:\/\/arbrea-labs.com\/sales-executive\/#breadcrumb"},"inLanguage":"de","potentialAction":[{"@type":"ReadAction","target":["https:\/\/arbrea-labs.com\/sales-executive\/"]}]},{"@type":"BreadcrumbList","@id":"https:\/\/arbrea-labs.com\/sales-executive\/#breadcrumb","itemListElement":[{"@type":"ListItem","position":1,"name":"Home","item":"https:\/\/arbrea-labs.com\/"},{"@type":"ListItem","position":2,"name":"Sales Executive"}]},{"@type":"WebSite","@id":"https:\/\/arbrea-labs.com\/#website","url":"https:\/\/arbrea-labs.com\/","name":"Arbrea-Labore","description":"Augmented Reality &amp; 3D-L\u00f6sungen f\u00fcr die \u00c4sthetik","publisher":{"@id":"https:\/\/arbrea-labs.com\/#organization"},"alternateName":"Arbrea","potentialAction":[{"@type":"SearchAction","target":{"@type":"EntryPoint","urlTemplate":"https:\/\/arbrea-labs.com\/?s={search_term_string}"},"query-input":{"@type":"PropertyValueSpecification","valueRequired":true,"valueName":"search_term_string"}}],"inLanguage":"de"},{"@type":"Organization","@id":"https:\/\/arbrea-labs.com\/#organization","name":"Arbrea-Labore","alternateName":"Arbrea","url":"https:\/\/arbrea-labs.com\/","logo":{"@type":"ImageObject","inLanguage":"de","@id":"https:\/\/arbrea-labs.com\/#\/schema\/logo\/image\/","url":"https:\/\/arbrea-labs.com\/wp-content\/uploads\/2022\/01\/logo_arbrea_LABS-01-1-e1641392734450.png","contentUrl":"https:\/\/arbrea-labs.com\/wp-content\/uploads\/2022\/01\/logo_arbrea_LABS-01-1-e1641392734450.png","width":2000,"height":750,"caption":"Arbrea Labs"},"image":{"@id":"https:\/\/arbrea-labs.com\/#\/schema\/logo\/image\/"},"sameAs":["https:\/\/www.facebook.com\/arbrealabs","https:\/\/www.instagram.com\/arbrealabs\/","https:\/\/www.linkedin.com\/company\/arbrea-labs-ag\/","https:\/\/www.youtube.com\/channel\/UCbHN9gofXJv8rMAHcAguTcg"],"description":"Arbrea Labs ist f\u00fchrend in der Verbindung von fortschrittlicher KI-Technologie mit personalisierter Medizin. Unsere schnellen, einfachen und sicheren Augmented Reality- und 3D-Simulatoren optimieren Beratungsgespr\u00e4che, sparen Zeit und verbessern die Patientenaufkl\u00e4rung. Gleichzeitig verbessert unser AR-gesteuerter Marketing-Booster die Patientenreise, maximiert den Marketing-ROI und f\u00f6rdert die effiziente Lead-Generierung. Gestalten Sie mit uns die Zukunft der \u00e4sthetischen Medizin.","email":"info@arbrea-labs.com","legalName":"Arbrea Labs AG","foundingDate":"2018-03-04","vatID":"CHE-292.633.177","numberOfEmployees":{"@type":"QuantitativeValue","minValue":"11","maxValue":"50"}}]}},"_links":{"self":[{"href":"https:\/\/arbrea-labs.com\/de\/wp-json\/wp\/v2\/pages\/18354","targetHints":{"allow":["GET"]}}],"collection":[{"href":"https:\/\/arbrea-labs.com\/de\/wp-json\/wp\/v2\/pages"}],"about":[{"href":"https:\/\/arbrea-labs.com\/de\/wp-json\/wp\/v2\/types\/page"}],"author":[{"embeddable":true,"href":"https:\/\/arbrea-labs.com\/de\/wp-json\/wp\/v2\/users\/1"}],"replies":[{"embeddable":true,"href":"https:\/\/arbrea-labs.com\/de\/wp-json\/wp\/v2\/comments?post=18354"}],"version-history":[{"count":2,"href":"https:\/\/arbrea-labs.com\/de\/wp-json\/wp\/v2\/pages\/18354\/revisions"}],"predecessor-version":[{"id":55667,"href":"https:\/\/arbrea-labs.com\/de\/wp-json\/wp\/v2\/pages\/18354\/revisions\/55667"}],"wp:attachment":[{"href":"https:\/\/arbrea-labs.com\/de\/wp-json\/wp\/v2\/media?parent=18354"}],"curies":[{"name":"wp","href":"https:\/\/api.w.org\/{rel}","templated":true}]}}