{"id":18191,"date":"2022-09-07T09:01:45","date_gmt":"2022-09-07T09:01:45","guid":{"rendered":"https:\/\/arbrea-labs.com\/?page_id=18191"},"modified":"2025-03-18T11:03:09","modified_gmt":"2025-03-18T10:03:09","slug":"bachelorsemester-masterarbeit","status":"publish","type":"page","link":"https:\/\/arbrea-labs.com\/de\/bachelor-semester-master-thesis\/","title":{"rendered":"Deep Learning \/ Computer Vision \/ 3D Grafik Praktikant"},"content":{"rendered":"<div id=\"fws_69d2ca231dbaa\"  data-column-margin=\"default\" data-midnight=\"light\" data-top-percent=\"2%\" data-bottom-percent=\"2%\"  class=\"wpb_row vc_row-fluid vc_row full-width-section\"  style=\"padding-top: calc(100vw * 0.02); padding-bottom: calc(100vw * 0.02); \"><div class=\"row-bg-wrap\" data-bg-animation=\"none\" data-bg-animation-delay=\"\" data-bg-overlay=\"true\"><div class=\"inner-wrap row-bg-layer using-image\" ><div class=\"row-bg viewport-desktop using-image lazyload\" style=\"background-image: url(https:\/\/arbrea-labs.com\/wp-includes\/images\/blank.gif);background-position: center center;background-repeat: no-repeat;\" data-background-image=\"https:\/\/arbrea-labs.com\/wp-content\/uploads\/2025\/02\/pexels-olia-danilevich-4974915-scaled.jpg\"><\/div><\/div><div class=\"row-bg-overlay row-bg-layer\" style=\"background-color:#0c0c0c;  opacity: 0.3; \"><\/div><\/div><div class=\"row_col_wrap_12 col span_12 light left\">\n\t<div  class=\"vc_col-sm-2 wpb_column column_container vc_column_container col no-extra-padding inherit_tablet inherit_phone\"  data-padding-pos=\"all\" data-has-bg-color=\"false\" data-bg-color=\"\" data-bg-opacity=\"1\" data-animation=\"\" data-delay=\"0\" >\n\t\t<div class=\"vc_column-inner\" >\n\t\t\t<div class=\"wpb_wrapper\">\n\t\t\t\t\n\t\t\t<\/div> \n\t\t<\/div>\n\t<\/div> \n\n\t<div  class=\"vc_col-sm-8 wpb_column column_container vc_column_container col centered-text has-animation no-extra-padding inherit_tablet inherit_phone\"  data-padding-pos=\"all\" data-has-bg-color=\"false\" data-bg-color=\"\" data-bg-opacity=\"1\" data-animation=\"zoom-out\" data-delay=\"0\" >\n\t\t<div class=\"vc_column-inner\" >\n\t\t\t<div class=\"wpb_wrapper\">\n\t\t\t\t<h4 style=\"font-size: 20px;color: rgba(255,255,255,0.7);line-height: 36px;text-align: center;font-family:Roboto;font-weight:500;font-style:normal\" class=\"vc_custom_heading vc_do_custom_heading vc_custom_1653550682768\" >Augmented Reality f\u00fcr den menschlichen K\u00f6rper<\/h4><h1 style=\"font-size: 83px;line-height: 98px;text-align: center;font-family:Roboto;font-weight:400;font-style:normal\" class=\"vc_custom_heading vc_do_custom_heading vc_custom_1663143512480\" >Deep Learning \/ Computer Vision \/ 3D Grafik Praktikant<\/h1>\n\t\t\t<\/div> \n\t\t<\/div>\n\t<\/div> \n\n\t<div  class=\"vc_col-sm-2 wpb_column column_container vc_column_container col no-extra-padding inherit_tablet inherit_phone\"  data-padding-pos=\"all\" data-has-bg-color=\"false\" data-bg-color=\"\" data-bg-opacity=\"1\" data-animation=\"\" data-delay=\"0\" >\n\t\t<div class=\"vc_column-inner\" >\n\t\t\t<div class=\"wpb_wrapper\">\n\t\t\t\t\n\t\t\t<\/div> \n\t\t<\/div>\n\t<\/div> \n<\/div><\/div>\n\t\t<div id=\"fws_69d2ca231e00e\"  data-column-margin=\"default\" data-midnight=\"dark\" data-top-percent=\"3%\"  class=\"wpb_row vc_row-fluid vc_row\"  style=\"padding-top: calc(100vw * 0.03); padding-bottom: 0px; \"><div class=\"row-bg-wrap\" data-bg-animation=\"none\" data-bg-animation-delay=\"\" data-bg-overlay=\"false\"><div class=\"inner-wrap row-bg-layer\" ><div class=\"row-bg viewport-desktop\"  style=\"\"><\/div><\/div><\/div><div class=\"row_col_wrap_12 col span_12 dark left\">\n\t<div  class=\"vc_col-sm-12 wpb_column column_container vc_column_container col no-extra-padding inherit_tablet inherit_phone\"  data-padding-pos=\"all\" data-has-bg-color=\"false\" data-bg-color=\"\" data-bg-opacity=\"1\" data-animation=\"\" data-delay=\"0\" >\n\t\t<div class=\"vc_column-inner\" >\n\t\t\t<div class=\"wpb_wrapper\">\n\t\t\t\t\n<div class=\"wpb_text_column wpb_content_element\" >\n\t<h2 class=\"wp-block-heading\"><\/h2>\n<h3><strong>Einf\u00fchrung<\/strong><\/h3>\n<p>Arbrea Labs ist ein ETH-Spin-off des Computer Graphics Lab,\u00a0<a href=\"https:\/\/inf.ethz.ch\/department\/spin-offs\/spin-offs-list.html\">ETH Z\u00fcrich<\/a> und r\u00fchmt sich der Zusammenarbeit mit f\u00fchrenden MedTech-Unternehmen. In enger Zusammenarbeit mit unserem <strong>F&amp;E <\/strong>k\u00f6nnen Sie Teil einer dynamischen, zukunftsorientierten Gruppe sein, die das anspruchsvolle Ziel verfolgt, die erste\u00a0<strong>Medizinisches Metaversum<\/strong>. Unser <strong>AR&amp;3D<\/strong> Chirurgie-Simulatoren haben die Art und Weise, wie Patienten und \u00c4rzte w\u00e4hrend der medizinischen Konsultation interagieren, v\u00f6llig ver\u00e4ndert, die Patientenzufriedenheit erh\u00f6ht und die \u00e4sthetische Medizin und plastische Chirurgie grundlegend ver\u00e4ndert.<\/p>\n<h3 class=\"wp-block-heading\">Aufgabe Beschreibung<br \/><\/h3>\n<p>Im Rahmen Ihrer Abschlussarbeit k\u00f6nnen Sie sich mit verschiedenen Aufgabenstellungen befassen oder sich ausschlie\u00dflich auf eine bestimmte Aufgabe konzentrieren - von 3D-Rekonstruktion und Tracking \u00fcber AR\/VR bis hin zu den neuesten Arbeiten in den Bereichen Deep Learning, Neural Fitting &amp; Rendering und Physiksimulationen, die auf den menschlichen K\u00f6rper angewendet werden. Sie werden den neuesten Stand der Technik entwickeln <strong>Erweiterte Realit\u00e4t<\/strong> L\u00f6sungen und<strong> Digitaler Avatar <\/strong>Algorithmen f\u00fcr die Nische der kosmetischen, rekonstruktiven und \u00e4sthetischen Chirurgie.<\/p>\n<p>Je nach Ihrem Hintergrund werden wir <strong>Ihre Arbeit auf Ihre Interessen und Ihr Fachwissen abstimmen.<\/strong> Besondere Aufmerksamkeit wird folgenden Punkten gewidmet <strong>Tiefes Lernen <\/strong>Methoden, so dass sie f\u00fcr kleinere tragbare Ger\u00e4te, z. B. Smartphones oder iPads, geeignet sind.<\/p>\n<h3>Erforderliche Fertigkeiten<\/h3>\n<ul>\n<li>Visual Computing Kenntnisse<\/li>\n<li>Erfahrung mit Deep Learning ist erw\u00fcnscht<\/li>\n<li>Erfahrung in der App-Entwicklung\/Integration ist ein Plus<\/li>\n<\/ul>\n<h3>Bemerkungen<\/h3>\n<p>Ein schriftlicher Bericht und eine m\u00fcndliche Pr\u00e4sentation schlie\u00dfen die Arbeit ab. Die Arbeit wird von Prof. Markus Gross betreut und von Dr. Endri Dibra und Dr. Beren Kaul beaufsichtigt.<\/p>\n<\/div>\n\n\n\n\n\t\t\t<\/div> \n\t\t<\/div>\n\t<\/div> \n<\/div><\/div>\n\t\t<div id=\"fws_69d2ca231e33d\"  data-column-margin=\"default\" data-midnight=\"dark\"  class=\"wpb_row vc_row-fluid vc_row\"  style=\"padding-top: 0px; padding-bottom: 0px; \"><div class=\"row-bg-wrap\" data-bg-animation=\"none\" data-bg-animation-delay=\"\" data-bg-overlay=\"false\"><div class=\"inner-wrap row-bg-layer\" ><div class=\"row-bg viewport-desktop\"  style=\"\"><\/div><\/div><\/div><div class=\"row_col_wrap_12 col span_12 dark left\">\n\t<div  class=\"vc_col-sm-12 wpb_column column_container vc_column_container col no-extra-padding inherit_tablet inherit_phone\"  data-padding-pos=\"all\" data-has-bg-color=\"false\" data-bg-color=\"\" data-bg-opacity=\"1\" data-animation=\"\" data-delay=\"0\" >\n\t\t<div class=\"vc_column-inner\" >\n\t\t\t<div class=\"wpb_wrapper\">\n\t\t\t\t\n\t<div class=\"wpb_raw_code wpb_raw_html wpb_content_element\" >\n\t\t<div class=\"wpb_wrapper\">\n\t\t\t<div data-tf-live=\"01HHMF95H0H69J77FJZEC6SK4V\"><\/div><script src=\"\/\/embed.typeform.com\/next\/embed.js\"><\/script>\n\t\t<\/div>\n\t<\/div>\n\n\t\t\t<\/div> \n\t\t<\/div>\n\t<\/div> \n<\/div><\/div>","protected":false},"excerpt":{"rendered":"Augmented Reality for Human BodyDeep Learning \/ Computer Vision \/ 3D Graphics Intern Introduction Arbrea Labs ist ein ETH Spin-off des Computer Graphics Lab, ETH...","protected":false},"author":3,"featured_media":0,"parent":0,"menu_order":0,"comment_status":"closed","ping_status":"closed","template":"","meta":{"footnotes":""},"class_list":["post-18191","page","type-page","status-publish"],"yoast_head":"<!-- This site is optimized with the Yoast SEO Premium plugin v27.3 (Yoast SEO v27.3) - https:\/\/yoast.com\/product\/yoast-seo-premium-wordpress\/ -->\n<title>Deep Learning: Transforming Medical Aesthetic with AI<\/title>\n<meta name=\"description\" content=\"Depending on your background, we will tailor your thesis to match your interest. Special attention will be put on Deep Learning methods.\" \/>\n<meta name=\"robots\" content=\"index, follow, max-snippet:-1, max-image-preview:large, max-video-preview:-1\" \/>\n<link rel=\"canonical\" href=\"https:\/\/arbrea-labs.com\/de\/bachelorsemester-masterarbeit\/\" \/>\n<meta property=\"og:locale\" content=\"de_DE\" \/>\n<meta property=\"og:type\" content=\"article\" \/>\n<meta property=\"og:title\" content=\"Deep Learning \/ Computer Vision \/ 3D Graphics Intern\" \/>\n<meta property=\"og:description\" content=\"Depending on your background, we will tailor your thesis to match your interest. Special attention will be put on Deep Learning methods.\" \/>\n<meta property=\"og:url\" content=\"https:\/\/arbrea-labs.com\/de\/bachelorsemester-masterarbeit\/\" \/>\n<meta property=\"og:site_name\" content=\"Arbrea Labs\" \/>\n<meta property=\"article:publisher\" content=\"https:\/\/www.facebook.com\/arbrealabs\" \/>\n<meta property=\"article:modified_time\" content=\"2025-03-18T10:03:09+00:00\" \/>\n<meta name=\"twitter:card\" content=\"summary_large_image\" \/>\n<meta name=\"twitter:label1\" content=\"Gesch\u00e4tzte Lesezeit\" \/>\n\t<meta name=\"twitter:data1\" content=\"2\u00a0Minuten\" \/>\n<script type=\"application\/ld+json\" class=\"yoast-schema-graph\">{\"@context\":\"https:\\\/\\\/schema.org\",\"@graph\":[{\"@type\":\"WebPage\",\"@id\":\"https:\\\/\\\/arbrea-labs.com\\\/bachelor-semester-master-thesis\\\/\",\"url\":\"https:\\\/\\\/arbrea-labs.com\\\/bachelor-semester-master-thesis\\\/\",\"name\":\"Deep Learning: Transforming Medical Aesthetic with AI\",\"isPartOf\":{\"@id\":\"https:\\\/\\\/arbrea-labs.com\\\/#website\"},\"datePublished\":\"2022-09-07T09:01:45+00:00\",\"dateModified\":\"2025-03-18T10:03:09+00:00\",\"description\":\"Depending on your background, we will tailor your thesis to match your interest. Special attention will be put on Deep Learning methods.\",\"breadcrumb\":{\"@id\":\"https:\\\/\\\/arbrea-labs.com\\\/bachelor-semester-master-thesis\\\/#breadcrumb\"},\"inLanguage\":\"de\",\"potentialAction\":[{\"@type\":\"ReadAction\",\"target\":[\"https:\\\/\\\/arbrea-labs.com\\\/bachelor-semester-master-thesis\\\/\"]}]},{\"@type\":\"BreadcrumbList\",\"@id\":\"https:\\\/\\\/arbrea-labs.com\\\/bachelor-semester-master-thesis\\\/#breadcrumb\",\"itemListElement\":[{\"@type\":\"ListItem\",\"position\":1,\"name\":\"Home\",\"item\":\"https:\\\/\\\/arbrea-labs.com\\\/\"},{\"@type\":\"ListItem\",\"position\":2,\"name\":\"Deep Learning \\\/ Computer Vision \\\/ 3D Graphics Intern\"}]},{\"@type\":\"WebSite\",\"@id\":\"https:\\\/\\\/arbrea-labs.com\\\/#website\",\"url\":\"https:\\\/\\\/arbrea-labs.com\\\/\",\"name\":\"Arbrea Labs\",\"description\":\"Augmented Reality &amp; 3D Solutions for Aesthetics\",\"publisher\":{\"@id\":\"https:\\\/\\\/arbrea-labs.com\\\/#organization\"},\"alternateName\":\"Arbrea\",\"potentialAction\":[{\"@type\":\"SearchAction\",\"target\":{\"@type\":\"EntryPoint\",\"urlTemplate\":\"https:\\\/\\\/arbrea-labs.com\\\/?s={search_term_string}\"},\"query-input\":{\"@type\":\"PropertyValueSpecification\",\"valueRequired\":true,\"valueName\":\"search_term_string\"}}],\"inLanguage\":\"de\"},{\"@type\":\"Organization\",\"@id\":\"https:\\\/\\\/arbrea-labs.com\\\/#organization\",\"name\":\"Arbrea Labs\",\"alternateName\":\"Arbrea\",\"url\":\"https:\\\/\\\/arbrea-labs.com\\\/\",\"logo\":{\"@type\":\"ImageObject\",\"inLanguage\":\"de\",\"@id\":\"https:\\\/\\\/arbrea-labs.com\\\/#\\\/schema\\\/logo\\\/image\\\/\",\"url\":\"https:\\\/\\\/arbrea-labs.com\\\/wp-content\\\/uploads\\\/2022\\\/01\\\/logo_arbrea_LABS-01-1-e1641392734450.png\",\"contentUrl\":\"https:\\\/\\\/arbrea-labs.com\\\/wp-content\\\/uploads\\\/2022\\\/01\\\/logo_arbrea_LABS-01-1-e1641392734450.png\",\"width\":2000,\"height\":750,\"caption\":\"Arbrea Labs\"},\"image\":{\"@id\":\"https:\\\/\\\/arbrea-labs.com\\\/#\\\/schema\\\/logo\\\/image\\\/\"},\"sameAs\":[\"https:\\\/\\\/www.facebook.com\\\/arbrealabs\",\"https:\\\/\\\/www.instagram.com\\\/arbrealabs\\\/\",\"https:\\\/\\\/www.linkedin.com\\\/company\\\/arbrea-labs-ag\\\/\",\"https:\\\/\\\/www.youtube.com\\\/channel\\\/UCbHN9gofXJv8rMAHcAguTcg\"],\"description\":\"Arbrea Labs leads the way in blending advanced AI technology with personalized healthcare. Our fast, simple and safe Augmented Reality & 3D simulators optimize consultations, saving time and enhancing patient education. Meanwhile, our AR-driven marketing booster enhances patient journeys, maximizing marketing ROI and fostering efficient lead generation. Join us as we shape the future of aesthetic healthcare.\",\"email\":\"info@arbrea-labs.com\",\"legalName\":\"Arbrea Labs AG\",\"foundingDate\":\"2018-03-04\",\"vatID\":\"CHE-292.633.177\",\"numberOfEmployees\":{\"@type\":\"QuantitativeValue\",\"minValue\":\"11\",\"maxValue\":\"50\"}}]}<\/script>\n<!-- \/ Yoast SEO Premium plugin. -->","yoast_head_json":{"title":"Deep Learning: Mit KI die medizinische \u00c4sthetik ver\u00e4ndern","description":"Je nach Ihrem Hintergrund werden wir Ihre Arbeit auf Ihre Interessen abstimmen. Besonderes Augenmerk wird auf Methoden des Deep Learning gelegt.","robots":{"index":"index","follow":"follow","max-snippet":"max-snippet:-1","max-image-preview":"max-image-preview:large","max-video-preview":"max-video-preview:-1"},"canonical":"https:\/\/arbrea-labs.com\/de\/bachelorsemester-masterarbeit\/","og_locale":"de_DE","og_type":"article","og_title":"Deep Learning \/ Computer Vision \/ 3D Graphics Intern","og_description":"Depending on your background, we will tailor your thesis to match your interest. Special attention will be put on Deep Learning methods.","og_url":"https:\/\/arbrea-labs.com\/de\/bachelorsemester-masterarbeit\/","og_site_name":"Arbrea Labs","article_publisher":"https:\/\/www.facebook.com\/arbrealabs","article_modified_time":"2025-03-18T10:03:09+00:00","twitter_card":"summary_large_image","twitter_misc":{"Gesch\u00e4tzte Lesezeit":"2\u00a0Minuten"},"schema":{"@context":"https:\/\/schema.org","@graph":[{"@type":"WebPage","@id":"https:\/\/arbrea-labs.com\/bachelor-semester-master-thesis\/","url":"https:\/\/arbrea-labs.com\/bachelor-semester-master-thesis\/","name":"Deep Learning: Mit KI die medizinische \u00c4sthetik ver\u00e4ndern","isPartOf":{"@id":"https:\/\/arbrea-labs.com\/#website"},"datePublished":"2022-09-07T09:01:45+00:00","dateModified":"2025-03-18T10:03:09+00:00","description":"Je nach Ihrem Hintergrund werden wir Ihre Arbeit auf Ihre Interessen abstimmen. Besonderes Augenmerk wird auf Methoden des Deep Learning gelegt.","breadcrumb":{"@id":"https:\/\/arbrea-labs.com\/bachelor-semester-master-thesis\/#breadcrumb"},"inLanguage":"de","potentialAction":[{"@type":"ReadAction","target":["https:\/\/arbrea-labs.com\/bachelor-semester-master-thesis\/"]}]},{"@type":"BreadcrumbList","@id":"https:\/\/arbrea-labs.com\/bachelor-semester-master-thesis\/#breadcrumb","itemListElement":[{"@type":"ListItem","position":1,"name":"Home","item":"https:\/\/arbrea-labs.com\/"},{"@type":"ListItem","position":2,"name":"Deep Learning \/ Computer Vision \/ 3D Graphics Intern"}]},{"@type":"WebSite","@id":"https:\/\/arbrea-labs.com\/#website","url":"https:\/\/arbrea-labs.com\/","name":"Arbrea-Labore","description":"Augmented Reality &amp; 3D-L\u00f6sungen f\u00fcr die \u00c4sthetik","publisher":{"@id":"https:\/\/arbrea-labs.com\/#organization"},"alternateName":"Arbrea","potentialAction":[{"@type":"SearchAction","target":{"@type":"EntryPoint","urlTemplate":"https:\/\/arbrea-labs.com\/?s={search_term_string}"},"query-input":{"@type":"PropertyValueSpecification","valueRequired":true,"valueName":"search_term_string"}}],"inLanguage":"de"},{"@type":"Organization","@id":"https:\/\/arbrea-labs.com\/#organization","name":"Arbrea-Labore","alternateName":"Arbrea","url":"https:\/\/arbrea-labs.com\/","logo":{"@type":"ImageObject","inLanguage":"de","@id":"https:\/\/arbrea-labs.com\/#\/schema\/logo\/image\/","url":"https:\/\/arbrea-labs.com\/wp-content\/uploads\/2022\/01\/logo_arbrea_LABS-01-1-e1641392734450.png","contentUrl":"https:\/\/arbrea-labs.com\/wp-content\/uploads\/2022\/01\/logo_arbrea_LABS-01-1-e1641392734450.png","width":2000,"height":750,"caption":"Arbrea Labs"},"image":{"@id":"https:\/\/arbrea-labs.com\/#\/schema\/logo\/image\/"},"sameAs":["https:\/\/www.facebook.com\/arbrealabs","https:\/\/www.instagram.com\/arbrealabs\/","https:\/\/www.linkedin.com\/company\/arbrea-labs-ag\/","https:\/\/www.youtube.com\/channel\/UCbHN9gofXJv8rMAHcAguTcg"],"description":"Arbrea Labs ist f\u00fchrend in der Verbindung von fortschrittlicher KI-Technologie mit personalisierter Medizin. Unsere schnellen, einfachen und sicheren Augmented Reality- und 3D-Simulatoren optimieren Beratungsgespr\u00e4che, sparen Zeit und verbessern die Patientenaufkl\u00e4rung. Gleichzeitig verbessert unser AR-gesteuerter Marketing-Booster die Patientenreise, maximiert den Marketing-ROI und f\u00f6rdert die effiziente Lead-Generierung. Gestalten Sie mit uns die Zukunft der \u00e4sthetischen Medizin.","email":"info@arbrea-labs.com","legalName":"Arbrea Labs AG","foundingDate":"2018-03-04","vatID":"CHE-292.633.177","numberOfEmployees":{"@type":"QuantitativeValue","minValue":"11","maxValue":"50"}}]}},"_links":{"self":[{"href":"https:\/\/arbrea-labs.com\/de\/wp-json\/wp\/v2\/pages\/18191","targetHints":{"allow":["GET"]}}],"collection":[{"href":"https:\/\/arbrea-labs.com\/de\/wp-json\/wp\/v2\/pages"}],"about":[{"href":"https:\/\/arbrea-labs.com\/de\/wp-json\/wp\/v2\/types\/page"}],"author":[{"embeddable":true,"href":"https:\/\/arbrea-labs.com\/de\/wp-json\/wp\/v2\/users\/3"}],"replies":[{"embeddable":true,"href":"https:\/\/arbrea-labs.com\/de\/wp-json\/wp\/v2\/comments?post=18191"}],"version-history":[{"count":0,"href":"https:\/\/arbrea-labs.com\/de\/wp-json\/wp\/v2\/pages\/18191\/revisions"}],"wp:attachment":[{"href":"https:\/\/arbrea-labs.com\/de\/wp-json\/wp\/v2\/media?parent=18191"}],"curies":[{"name":"wp","href":"https:\/\/api.w.org\/{rel}","templated":true}]}}